{"id":3413,"date":"2024-10-31T17:37:39","date_gmt":"2024-10-31T17:37:39","guid":{"rendered":"https:\/\/cmylead.com\/zasady-zabezpeceni-webovych-aplikaci\/"},"modified":"2024-11-10T18:42:04","modified_gmt":"2024-11-10T18:42:04","slug":"zasady-zabezpeceni-webovych-aplikaci","status":"publish","type":"page","link":"https:\/\/cmylead.com\/cs\/zasady-zabezpeceni-webovych-aplikaci\/","title":{"rendered":"Z\u00e1sady zabezpe\u010den\u00ed webov\u00fdch aplikac\u00ed"},"content":{"rendered":"<style>.elementor-3413 .elementor-element.elementor-element-3438da73 > .elementor-background-overlay{background-color:var( --e-global-color-secondary );opacity:0.9;transition:background 0.3s, border-radius 0.3s, opacity 0.3s;}.elementor-3413 .elementor-element.elementor-element-3438da73 > .elementor-container{max-width:1200px;}.elementor-3413 .elementor-element.elementor-element-3438da73:not(.elementor-motion-effects-element-type-background), .elementor-3413 .elementor-element.elementor-element-3438da73 > .elementor-motion-effects-container > .elementor-motion-effects-layer{background-position:0% 10%;background-repeat:no-repeat;background-size:cover;}.elementor-3413 .elementor-element.elementor-element-3438da73{transition:background 0.3s, border 0.3s, border-radius 0.3s, box-shadow 0.3s;margin-top:-100px;margin-bottom:100px;padding:200px 0px 100px 0px;}.elementor-3413 .elementor-element.elementor-element-6d3af210{text-align:center;}.elementor-3413 .elementor-element.elementor-element-6d3af210 .elementor-heading-title{font-family:var( --e-global-typography-secondary-font-family ), Sans-serif;font-size:var( --e-global-typography-secondary-font-size );font-weight:var( --e-global-typography-secondary-font-weight );text-transform:var( --e-global-typography-secondary-text-transform );text-decoration:var( --e-global-typography-secondary-text-decoration );line-height:var( --e-global-typography-secondary-line-height );color:var( --e-global-color-827cd3a );}:root{--page-title-display:none;}@media(max-width:1024px){.elementor-3413 .elementor-element.elementor-element-3438da73:not(.elementor-motion-effects-element-type-background), .elementor-3413 .elementor-element.elementor-element-3438da73 > .elementor-motion-effects-container > .elementor-motion-effects-layer{background-position:0px 0px;}.elementor-3413 .elementor-element.elementor-element-3438da73{margin-top:-150px;margin-bottom:100px;padding:220px 0px 100px 0px;}.elementor-3413 .elementor-element.elementor-element-32bdeddb > .elementor-element-populated{margin:0px 0px 0px 0px;--e-column-margin-right:0px;--e-column-margin-left:0px;padding:0px 30px 0px 30px;}.elementor-3413 .elementor-element.elementor-element-6d3af210 .elementor-heading-title{font-size:var( --e-global-typography-secondary-font-size );line-height:var( --e-global-typography-secondary-line-height );}}@media(max-width:767px){.elementor-3413 .elementor-element.elementor-element-3438da73:not(.elementor-motion-effects-element-type-background), .elementor-3413 .elementor-element.elementor-element-3438da73 > .elementor-motion-effects-container > .elementor-motion-effects-layer{background-position:0px 0px;}.elementor-3413 .elementor-element.elementor-element-3438da73{margin-top:-150px;margin-bottom:100px;padding:220px 0px 100px 0px;}.elementor-3413 .elementor-element.elementor-element-32bdeddb > .elementor-element-populated{margin:0px 0px 0px 0px;--e-column-margin-right:0px;--e-column-margin-left:0px;padding:0px 20px 0px 20px;}.elementor-3413 .elementor-element.elementor-element-6d3af210 .elementor-heading-title{font-size:var( --e-global-typography-secondary-font-size );line-height:var( --e-global-typography-secondary-line-height );}}<\/style>\t\t<div data-elementor-type=\"wp-page\" data-elementor-id=\"3413\" class=\"elementor elementor-3413 elementor-1350\" data-elementor-post-type=\"page\">\n\t\t\t\t\t\t<section class=\"elementor-section elementor-top-section elementor-element elementor-element-3438da73 elementor-section-boxed elementor-section-height-default elementor-section-height-default\" data-id=\"3438da73\" data-element_type=\"section\" data-settings=\"{&quot;background_background&quot;:&quot;classic&quot;}\">\n\t\t\t\t\t\t\t<div class=\"elementor-background-overlay\"><\/div>\n\t\t\t\t\t\t\t<div class=\"elementor-container elementor-column-gap-default\">\n\t\t\t\t\t<div class=\"elementor-column elementor-col-100 elementor-top-column elementor-element elementor-element-32bdeddb\" data-id=\"32bdeddb\" data-element_type=\"column\">\n\t\t\t<div class=\"elementor-widget-wrap elementor-element-populated\">\n\t\t\t\t\t\t<div class=\"elementor-element elementor-element-6d3af210 elementor-widget elementor-widget-heading\" data-id=\"6d3af210\" data-element_type=\"widget\" data-widget_type=\"heading.default\">\n\t\t\t\t<div class=\"elementor-widget-container\">\n\t\t\t\t\t<h2 class=\"elementor-heading-title elementor-size-default\">Z\u00e1sady zabezpe\u010den\u00ed webov\u00fdch aplikac\u00ed<\/h2>\t\t\t\t<\/div>\n\t\t\t\t<\/div>\n\t\t\t\t\t<\/div>\n\t\t<\/div>\n\t\t\t\t\t<\/div>\n\t\t<\/section>\n\t\t\t\t<section class=\"elementor-section elementor-top-section elementor-element elementor-element-fb8c355 elementor-section-boxed elementor-section-height-default elementor-section-height-default\" data-id=\"fb8c355\" data-element_type=\"section\">\n\t\t\t\t\t\t<div class=\"elementor-container elementor-column-gap-default\">\n\t\t\t\t\t<div class=\"elementor-column elementor-col-100 elementor-top-column elementor-element elementor-element-63313d6\" data-id=\"63313d6\" data-element_type=\"column\">\n\t\t\t<div class=\"elementor-widget-wrap elementor-element-populated\">\n\t\t\t\t\t\t<div class=\"elementor-element elementor-element-98a631c elementor-widget elementor-widget-text-editor\" data-id=\"98a631c\" data-element_type=\"widget\" data-widget_type=\"text-editor.default\">\n\t\t\t\t<div class=\"elementor-widget-container\">\n\t\t\t\t\t\t\t\t\t<p data-fontsize=\"16\">V\u00edtejte v na\u0161\u00ed webov\u00e9 aplikaci! Zav\u00e1zali jsme se zajistit bezpe\u010dnost a soukrom\u00ed na\u0161ich u\u017eivatel\u016f. N\u00ed\u017ee jsou uvedena kl\u00ed\u010dov\u00e1 bezpe\u010dnostn\u00ed opat\u0159en\u00ed, kter\u00e1 jsme zavedli na ochranu va\u0161ich \u00fadaj\u016f.  <\/p>\n<p data-fontsize=\"16\"><strong>Ov\u011b\u0159ov\u00e1n\u00ed vstup\u016f<\/strong><\/p>\n<ul class=\"wp-block-list\">\n<li><strong>Sanitizace a ov\u011b\u0159ov\u00e1n\u00ed vstup\u016f:<\/strong> Zaji\u0161\u0165ujeme, aby v\u0161echny u\u017eivatelsk\u00e9 vstupy byly \u0159\u00e1dn\u011b sanitizov\u00e1ny a validov\u00e1ny, a t\u00edm se zabr\u00e1nilo bezpe\u010dnostn\u00edm hrozb\u00e1m, jako je SQL injection a cross-site scripting (XSS).<\/li>\n<li><strong>P\u0159ipraven\u00e1 prohl\u00e1\u0161en\u00ed:<\/strong> Pro zv\u00fd\u0161en\u00ed bezpe\u010dnosti pou\u017e\u00edv\u00e1me p\u0159ipraven\u00e9 p\u0159\u00edkazy pro interakce s datab\u00e1z\u00ed.<\/li>\n<\/ul>\n<p data-fontsize=\"16\"><strong>Ov\u011b\u0159ov\u00e1n\u00ed a autorizace<\/strong><\/p>\n<ul class=\"wp-block-list\">\n<li><strong>Siln\u00e1 hesla:<\/strong> Pro ochranu va\u0161eho \u00fa\u010dtu uplat\u0148ujeme z\u00e1sady siln\u00fdch hesel.<\/li>\n<li><strong>Dvoufaktorov\u00e9 ov\u011b\u0159ov\u00e1n\u00ed (2FA):<\/strong> Nab\u00edz\u00edme 2FA pro dal\u0161\u00ed zabezpe\u010den\u00ed.<\/li>\n<li><strong>\u0158\u00edzen\u00ed p\u0159\u00edstupu na z\u00e1klad\u011b rol\u00ed (RBAC):<\/strong> P\u0159\u00edstup ke zdroj\u016fm je omezen na z\u00e1klad\u011b u\u017eivatelsk\u00fdch rol\u00ed.<\/li>\n<\/ul>\n<p data-fontsize=\"16\"><strong>Spr\u00e1va relac\u00ed<\/strong><\/p>\n<ul class=\"wp-block-list\">\n<li><strong>Zabezpe\u010den\u00e9 identifik\u00e1tory relac\u00ed:<\/strong> Pou\u017e\u00edv\u00e1me bezpe\u010dn\u00e9, n\u00e1hodn\u011b generovan\u00e9 ID relace ulo\u017een\u00e9 v zabezpe\u010den\u00fdch souborech cookie.<\/li>\n<li><strong>\u010casov\u00fd limit relace:<\/strong> Po ur\u010dit\u00e9 dob\u011b ne\u010dinnosti jsou u\u017eivatel\u00e9 automaticky odhl\u00e1\u0161eni.<\/li>\n<li><strong>Prevence \u00fanos\u016f relac\u00ed:<\/strong> Pravideln\u011b regenerujeme ID relace, zejm\u00e9na po p\u0159ihl\u00e1\u0161en\u00ed.<\/li>\n<\/ul>\n<p data-fontsize=\"16\"><strong>Ochrana \u00fadaj\u016f<\/strong><\/p>\n<ul class=\"wp-block-list\">\n<li><strong>\u0160ifrov\u00e1n\u00ed:<\/strong> \u0160ifrujeme citliv\u00e1 data p\u0159i p\u0159enosu i v klidov\u00e9m stavu.<\/li>\n<li><strong>Hashov\u00e1n\u00ed hesel<\/strong>: Hesla jsou ulo\u017eena pomoc\u00ed siln\u00fdch jednosm\u011brn\u00fdch hashovac\u00edch algoritm\u016f.<\/li>\n<\/ul>\n<p data-fontsize=\"16\"><strong>Zpracov\u00e1n\u00ed chyb a protokolov\u00e1n\u00ed<\/strong><\/p>\n<ul class=\"wp-block-list\">\n<li><strong>Obecn\u00e9 chybov\u00e9 zpr\u00e1vy:<\/strong> V z\u00e1jmu ochrany p\u0159ed \u00fanikem informac\u00ed zobrazujeme obecn\u00e9 chybov\u00e9 zpr\u00e1vy.<\/li>\n<li><strong>Podrobn\u00e9 protokolov\u00e1n\u00ed:<\/strong> Chyby jsou zaznamen\u00e1v\u00e1ny s podrobn\u00fdmi informacemi na bezpe\u010dn\u00e9m m\u00edst\u011b.<\/li>\n<li><strong>Sledov\u00e1n\u00ed protokolu:<\/strong> Pravideln\u011b sledujeme protokoly a hled\u00e1me podez\u0159el\u00e9 aktivity.<\/li>\n<\/ul>\n<p data-fontsize=\"16\"><strong>Postupy bezpe\u010dn\u00e9ho k\u00f3dov\u00e1n\u00ed<\/strong><\/p>\n<ul class=\"wp-block-list\">\n<li><strong>P\u0159ezkoum\u00e1n\u00ed k\u00f3du:<\/strong> Pravideln\u00e9 revize k\u00f3du jsou prov\u00e1d\u011bny za \u00fa\u010delem identifikace a opravy zranitelnost\u00ed.<\/li>\n<li><strong>Bezpe\u010dnostn\u00ed \u0161kolen\u00ed:<\/strong> Na\u0161i v\u00fdvoj\u00e1\u0159i jsou pr\u016fb\u011b\u017en\u011b \u0161koleni v oblasti bezpe\u010dnosti.<\/li>\n<li><strong>Bezpe\u010dnostn\u00ed knihovny:<\/strong> Pou\u017e\u00edv\u00e1me dob\u0159e udr\u017eovan\u00e9 bezpe\u010dnostn\u00ed knihovny a r\u00e1mce.<\/li>\n<\/ul>\n<p data-fontsize=\"16\"><strong>Spr\u00e1va konfigurace<\/strong><\/p>\n<ul class=\"wp-block-list\">\n<li><strong>Minim\u00e1ln\u00ed opr\u00e1vn\u011bn\u00ed:<\/strong> Aplikace jsou spou\u0161t\u011bny s nejmen\u0161\u00edmi pot\u0159ebn\u00fdmi pr\u00e1vy.<\/li>\n<li><strong>Zabezpe\u010den\u00e1 konfigurace:<\/strong> Na\u0161e servery jsou bezpe\u010dn\u011b konfigurov\u00e1ny a pravideln\u011b aktualizov\u00e1ny.<\/li>\n<li><strong>Zak\u00e1zat nepot\u0159ebn\u00e9 funkce:<\/strong> Nepou\u017e\u00edvan\u00e9 slu\u017eby a komponenty jsou zak\u00e1z\u00e1ny, aby se sn\u00ed\u017eilo riziko.<\/li>\n<\/ul>\n<p data-fontsize=\"16\"><strong>Pravideln\u00e9 testov\u00e1n\u00ed zabezpe\u010den\u00ed<\/strong><\/p>\n<ul class=\"wp-block-list\">\n<li><strong>Prov\u011b\u0159ov\u00e1n\u00ed zranitelnost\u00ed:<\/strong> Pravideln\u00e9 skenov\u00e1n\u00ed se prov\u00e1d\u00ed za \u00fa\u010delem identifikace slab\u00fdch m\u00edst zabezpe\u010den\u00ed.<\/li>\n<li><strong>Penetra\u010dn\u00ed testov\u00e1n\u00ed:<\/strong> Pravideln\u00e9 penetra\u010dn\u00ed testy jsou prov\u00e1d\u011bny za \u00fa\u010delem vyhodnocen\u00ed na\u0161eho zabezpe\u010den\u00ed.<\/li>\n<li><strong>Spr\u00e1va z\u00e1plat:<\/strong> Bezpe\u010dnostn\u00ed z\u00e1platy a aktualizace jsou aplikov\u00e1ny okam\u017eit\u011b.<\/li>\n<\/ul>\n<p data-fontsize=\"16\"><strong>Reakce na incidenty<\/strong><\/p>\n<ul class=\"wp-block-list\">\n<li><strong>Pl\u00e1n reakce na incidenty:<\/strong> M\u00e1me podrobn\u00fd pl\u00e1n reakce na naru\u0161en\u00ed bezpe\u010dnosti.<\/li>\n<li><strong>Pravideln\u00e1 cvi\u010den\u00ed:<\/strong> Pro zaji\u0161t\u011bn\u00ed p\u0159ipravenosti se prov\u00e1d\u011bj\u00ed cvi\u010den\u00ed reakce na incidenty.<\/li>\n<\/ul>\n<p data-fontsize=\"16\"><strong>Dodr\u017eov\u00e1n\u00ed p\u0159edpis\u016f a pr\u00e1vn\u00ed po\u017eadavky<\/strong><\/p>\n<ul class=\"wp-block-list\">\n<li><strong>Z\u00e1kony o ochran\u011b osobn\u00edch \u00fadaj\u016f:<\/strong> Dodr\u017eujeme p\u0159\u00edslu\u0161n\u00e9 z\u00e1kony a p\u0159edpisy o ochran\u011b osobn\u00edch \u00fadaj\u016f.<\/li>\n<li><strong>Pr\u016fmyslov\u00e9 standardy:<\/strong> Dodr\u017eujeme oborov\u00e9 standardy a osv\u011bd\u010den\u00e9 postupy, jako je nap\u0159\u00edklad OWASP Top Ten.<\/li>\n<\/ul>\n<p data-fontsize=\"16\"><strong>P\u0159ezkum politiky<\/strong><\/p>\n<p data-fontsize=\"16\">Na\u0161e bezpe\u010dnostn\u00ed z\u00e1sady jsou ka\u017edoro\u010dn\u011b nebo po ka\u017ed\u00e9m v\u00fdznamn\u00e9m bezpe\u010dnostn\u00edm incidentu p\u0159ezkoum\u00e1v\u00e1ny, aby byla zaji\u0161t\u011bna jejich \u00fa\u010dinnost.<\/p>\n<p data-fontsize=\"16\">D\u011bkujeme, \u017ee jste n\u00e1m sv\u011b\u0159ili sv\u00e1 data. Zavazujeme se dodr\u017eovat nejvy\u0161\u0161\u00ed bezpe\u010dnostn\u00ed standardy na ochranu va\u0161ich informac\u00ed. <\/p>\n\t\t\t\t\t\t\t\t<\/div>\n\t\t\t\t<\/div>\n\t\t\t\t\t<\/div>\n\t\t<\/div>\n\t\t\t\t\t<\/div>\n\t\t<\/section>\n\t\t\t\t<\/div>\n\t\t","protected":false},"excerpt":{"rendered":"<p>Z\u00e1sady zabezpe\u010den\u00ed webov\u00fdch aplikac\u00ed V\u00edtejte v na\u0161\u00ed webov\u00e9 aplikaci! Zav\u00e1zali jsme se zajistit bezpe\u010dnost a soukrom\u00ed na\u0161ich u\u017eivatel\u016f. N\u00ed\u017ee jsou uvedena kl\u00ed\u010dov\u00e1 bezpe\u010dnostn\u00ed opat\u0159en\u00ed, kter\u00e1 jsme zavedli na ochranu va\u0161ich \u00fadaj\u016f. Ov\u011b\u0159ov\u00e1n\u00ed vstup\u016f Sanitizace a ov\u011b\u0159ov\u00e1n\u00ed vstup\u016f: Zaji\u0161\u0165ujeme, aby v\u0161echny u\u017eivatelsk\u00e9 vstupy byly \u0159\u00e1dn\u011b sanitizov\u00e1ny a validov\u00e1ny, a t\u00edm se zabr\u00e1nilo bezpe\u010dnostn\u00edm hrozb\u00e1m, jako je [&hellip;]<\/p>\n","protected":false},"author":1,"featured_media":0,"parent":0,"menu_order":0,"comment_status":"closed","ping_status":"closed","template":"","meta":{"footnotes":""},"class_list":["post-3413","page","type-page","status-publish","hentry"],"_links":{"self":[{"href":"https:\/\/cmylead.com\/cs\/wp-json\/wp\/v2\/pages\/3413","targetHints":{"allow":["GET"]}}],"collection":[{"href":"https:\/\/cmylead.com\/cs\/wp-json\/wp\/v2\/pages"}],"about":[{"href":"https:\/\/cmylead.com\/cs\/wp-json\/wp\/v2\/types\/page"}],"author":[{"embeddable":true,"href":"https:\/\/cmylead.com\/cs\/wp-json\/wp\/v2\/users\/1"}],"replies":[{"embeddable":true,"href":"https:\/\/cmylead.com\/cs\/wp-json\/wp\/v2\/comments?post=3413"}],"version-history":[{"count":1,"href":"https:\/\/cmylead.com\/cs\/wp-json\/wp\/v2\/pages\/3413\/revisions"}],"predecessor-version":[{"id":3414,"href":"https:\/\/cmylead.com\/cs\/wp-json\/wp\/v2\/pages\/3413\/revisions\/3414"}],"wp:attachment":[{"href":"https:\/\/cmylead.com\/cs\/wp-json\/wp\/v2\/media?parent=3413"}],"curies":[{"name":"wp","href":"https:\/\/api.w.org\/{rel}","templated":true}]}}