{"id":3446,"date":"2024-10-31T17:35:35","date_gmt":"2024-10-31T17:35:35","guid":{"rendered":"https:\/\/cmylead.com\/zasady-ochrany-osobnich-udaju\/"},"modified":"2024-11-11T16:49:46","modified_gmt":"2024-11-11T16:49:46","slug":"zasady-ochrany-osobnich-udaju","status":"publish","type":"page","link":"https:\/\/cmylead.com\/cs\/zasady-ochrany-osobnich-udaju\/","title":{"rendered":"Z\u00e1sady ochrany osobn\u00edch \u00fadaj\u016f"},"content":{"rendered":"<style>.elementor-3446 .elementor-element.elementor-element-3438da73 > .elementor-background-overlay{background-color:var( --e-global-color-secondary );opacity:0.9;transition:background 0.3s, border-radius 0.3s, opacity 0.3s;}.elementor-3446 .elementor-element.elementor-element-3438da73 > .elementor-container{max-width:1200px;}.elementor-3446 .elementor-element.elementor-element-3438da73:not(.elementor-motion-effects-element-type-background), .elementor-3446 .elementor-element.elementor-element-3438da73 > .elementor-motion-effects-container > .elementor-motion-effects-layer{background-position:0% 10%;background-repeat:no-repeat;background-size:cover;}.elementor-3446 .elementor-element.elementor-element-3438da73{transition:background 0.3s, border 0.3s, border-radius 0.3s, box-shadow 0.3s;margin-top:-100px;margin-bottom:100px;padding:200px 0px 100px 0px;}.elementor-3446 .elementor-element.elementor-element-6d3af210{text-align:center;}.elementor-3446 .elementor-element.elementor-element-6d3af210 .elementor-heading-title{font-family:var( --e-global-typography-secondary-font-family ), Sans-serif;font-size:var( --e-global-typography-secondary-font-size );font-weight:var( --e-global-typography-secondary-font-weight );text-transform:var( --e-global-typography-secondary-text-transform );text-decoration:var( --e-global-typography-secondary-text-decoration );line-height:var( --e-global-typography-secondary-line-height );color:var( --e-global-color-827cd3a );}:root{--page-title-display:none;}@media(max-width:1024px){.elementor-3446 .elementor-element.elementor-element-3438da73:not(.elementor-motion-effects-element-type-background), .elementor-3446 .elementor-element.elementor-element-3438da73 > .elementor-motion-effects-container > .elementor-motion-effects-layer{background-position:0px 0px;}.elementor-3446 .elementor-element.elementor-element-3438da73{margin-top:-150px;margin-bottom:100px;padding:220px 0px 100px 0px;}.elementor-3446 .elementor-element.elementor-element-32bdeddb > .elementor-element-populated{margin:0px 0px 0px 0px;--e-column-margin-right:0px;--e-column-margin-left:0px;padding:0px 30px 0px 30px;}.elementor-3446 .elementor-element.elementor-element-6d3af210 .elementor-heading-title{font-size:var( --e-global-typography-secondary-font-size );line-height:var( --e-global-typography-secondary-line-height );}}@media(max-width:767px){.elementor-3446 .elementor-element.elementor-element-3438da73:not(.elementor-motion-effects-element-type-background), .elementor-3446 .elementor-element.elementor-element-3438da73 > .elementor-motion-effects-container > .elementor-motion-effects-layer{background-position:0px 0px;}.elementor-3446 .elementor-element.elementor-element-3438da73{margin-top:-150px;margin-bottom:100px;padding:220px 0px 100px 0px;}.elementor-3446 .elementor-element.elementor-element-32bdeddb > .elementor-element-populated{margin:0px 0px 0px 0px;--e-column-margin-right:0px;--e-column-margin-left:0px;padding:0px 20px 0px 20px;}.elementor-3446 .elementor-element.elementor-element-6d3af210 .elementor-heading-title{font-size:var( --e-global-typography-secondary-font-size );line-height:var( --e-global-typography-secondary-line-height );}}<\/style>\t\t<div data-elementor-type=\"wp-page\" data-elementor-id=\"3446\" class=\"elementor elementor-3446 elementor-1345\" data-elementor-post-type=\"page\">\n\t\t\t\t\t\t<section class=\"elementor-section elementor-top-section elementor-element elementor-element-3438da73 elementor-section-boxed elementor-section-height-default elementor-section-height-default\" data-id=\"3438da73\" data-element_type=\"section\" data-settings=\"{&quot;background_background&quot;:&quot;classic&quot;}\">\n\t\t\t\t\t\t\t<div class=\"elementor-background-overlay\"><\/div>\n\t\t\t\t\t\t\t<div class=\"elementor-container elementor-column-gap-default\">\n\t\t\t\t\t<div class=\"elementor-column elementor-col-100 elementor-top-column elementor-element elementor-element-32bdeddb\" data-id=\"32bdeddb\" data-element_type=\"column\">\n\t\t\t<div class=\"elementor-widget-wrap elementor-element-populated\">\n\t\t\t\t\t\t<div class=\"elementor-element elementor-element-6d3af210 elementor-widget elementor-widget-heading\" data-id=\"6d3af210\" data-element_type=\"widget\" data-widget_type=\"heading.default\">\n\t\t\t\t<div class=\"elementor-widget-container\">\n\t\t\t\t\t<h2 class=\"elementor-heading-title elementor-size-default\">Z\u00e1sady ochrany osobn\u00edch \u00fadaj\u016f<\/h2>\t\t\t\t<\/div>\n\t\t\t\t<\/div>\n\t\t\t\t\t<\/div>\n\t\t<\/div>\n\t\t\t\t\t<\/div>\n\t\t<\/section>\n\t\t\t\t<section class=\"elementor-section elementor-top-section elementor-element elementor-element-fb8c355 elementor-section-boxed elementor-section-height-default elementor-section-height-default\" data-id=\"fb8c355\" data-element_type=\"section\">\n\t\t\t\t\t\t<div class=\"elementor-container elementor-column-gap-default\">\n\t\t\t\t\t<div class=\"elementor-column elementor-col-100 elementor-top-column elementor-element elementor-element-63313d6\" data-id=\"63313d6\" data-element_type=\"column\">\n\t\t\t<div class=\"elementor-widget-wrap elementor-element-populated\">\n\t\t\t\t\t\t<div class=\"elementor-element elementor-element-98a631c elementor-widget elementor-widget-text-editor\" data-id=\"98a631c\" data-element_type=\"widget\" data-widget_type=\"text-editor.default\">\n\t\t\t\t<div class=\"elementor-widget-container\">\n\t\t\t\t\t\t\t\t\t<h4 data-fontsize=\"24\"><span data-preserver-spaces=\"true\">Na adrese CmyLead, kter\u00e1 je p\u0159\u00edstupn\u00e1 z <\/span><a href=\"https:\/\/cmylead.com\/\" target=\"_blank\" rel=\"noopener\" data-fontsize=\"24\">www.cmylead.com<\/a><span data-preserver-spaces=\"true\">, je na\u0161\u00ed nejvy\u0161\u0161\u00ed prioritou soukrom\u00ed a d\u016fv\u011bra na\u0161ich u\u017eivatel\u016f. Tyto z\u00e1sady ochrany osobn\u00edch \u00fadaj\u016f popisuj\u00ed typy informac\u00ed, kter\u00e9 shroma\u017e\u010fujeme a zaznamen\u00e1v\u00e1me, a zp\u016fsob jejich pou\u017eit\u00ed. <\/span><\/h4>\n<div><span data-preserver-spaces=\"true\"> <\/span><\/div>\n<p data-fontsize=\"18\"><span data-preserver-spaces=\"true\">V p\u0159\u00edpad\u011b jak\u00fdchkoli dotaz\u016f nebo dal\u0161\u00edch informac\u00ed o na\u0161ich z\u00e1sad\u00e1ch ochrany osobn\u00edch \u00fadaj\u016f n\u00e1s nev\u00e1hejte kontaktovat.<\/span><\/p>\n<p data-fontsize=\"18\"><span data-preserver-spaces=\"true\">Tyto z\u00e1sady ochrany osobn\u00edch \u00fadaj\u016f se vztahuj\u00ed na na\u0161e online aktivity a plat\u00ed pro u\u017eivatele, pokud jde o informace, kter\u00e9 sd\u00edlej\u00ed a\/nebo shroma\u017e\u010fuj\u00ed v CmyLead. Nevztahuj\u00ed se na informace shrom\u00e1\u017ed\u011bn\u00e9 offline nebo prost\u0159ednictv\u00edm jin\u00fdch kan\u00e1l\u016f krom\u011b t\u011bchto webov\u00fdch str\u00e1nek. Na\u0161e z\u00e1sady ochrany osobn\u00edch \u00fadaj\u016f byly vytvo\u0159eny pomoc\u00ed bezplatn\u00e9ho gener\u00e1toru z\u00e1sad ochrany osobn\u00edch \u00fadaj\u016f.  <\/span><\/p>\n<p data-fontsize=\"18\"><span data-preserver-spaces=\"true\"><b>Souhlas<\/b><\/span><\/p>\n<p data-fontsize=\"18\"><span data-preserver-spaces=\"true\">Pou\u017e\u00edv\u00e1n\u00edm na\u0161ich webov\u00fdch str\u00e1nek vyjad\u0159ujete souhlas s na\u0161imi z\u00e1sadami ochrany osobn\u00edch \u00fadaj\u016f a p\u0159ij\u00edm\u00e1te jejich podm\u00ednky.<\/span><\/p>\n<p data-fontsize=\"18\"><span data-preserver-spaces=\"true\"><b>Informace, kter\u00e9 shroma\u017e\u010fujeme<\/b><\/span><\/p>\n<p data-fontsize=\"18\"><span data-preserver-spaces=\"true\">Kdy\u017e v\u00e1s po\u017e\u00e1d\u00e1me o poskytnut\u00ed osobn\u00edch \u00fadaj\u016f, jasn\u011b v\u00e1m vysv\u011btl\u00edme, pro\u010d je pot\u0159ebujeme.<\/span><\/p>\n<p data-fontsize=\"18\"><span data-preserver-spaces=\"true\">Pokud n\u00e1s kontaktujete p\u0159\u00edmo, m\u016f\u017eeme z\u00edskat dal\u0161\u00ed informace, jako je va\u0161e jm\u00e9no, e-mailov\u00e1 adresa, telefonn\u00ed \u010d\u00edslo, obsah zpr\u00e1vy nebo p\u0159\u00edloh, kter\u00e9 n\u00e1m m\u016f\u017eete zaslat, a dal\u0161\u00ed informace, kter\u00e9 se rozhodnete poskytnout.<\/span><\/p>\n<p data-fontsize=\"18\"><span data-preserver-spaces=\"true\">P\u0159i registraci \u00fa\u010dtu v\u00e1s m\u016f\u017eeme po\u017e\u00e1dat o kontaktn\u00ed \u00fadaje, jako je jm\u00e9no, n\u00e1zev spole\u010dnosti, adresa, e-mailov\u00e1 adresa a telefonn\u00ed \u010d\u00edslo.<\/span><\/p>\n<p data-fontsize=\"18\"><span data-preserver-spaces=\"true\"><b>Jak va\u0161e informace pou\u017e\u00edv\u00e1me?<\/b><\/span><\/p>\n<p data-fontsize=\"18\"><span data-preserver-spaces=\"true\">Shrom\u00e1\u017ed\u011bn\u00e9 informace vyu\u017e\u00edv\u00e1me mnoha zp\u016fsoby, mimo jin\u00e9 k:<\/span><\/p>\n<ul>\n<li><span data-preserver-spaces=\"true\">poskytovat, provozovat a udr\u017eovat na\u0161e webov\u00e9 str\u00e1nky<\/span><\/li>\n<li><span data-preserver-spaces=\"true\">Vylep\u0161ov\u00e1n\u00ed, personalizace a roz\u0161i\u0159ov\u00e1n\u00ed na\u0161ich webov\u00fdch str\u00e1nek.<\/span><\/li>\n<li><span data-preserver-spaces=\"true\">pochopit a analyzovat va\u0161e pou\u017e\u00edv\u00e1n\u00ed na\u0161ich webov\u00fdch str\u00e1nek.<\/span><\/li>\n<li><span data-preserver-spaces=\"true\">V\u00fdvoj nov\u00fdch produkt\u016f, slu\u017eeb, vlastnost\u00ed a funkc\u00ed.<\/span><\/li>\n<li><span data-preserver-spaces=\"true\">komunikovat s v\u00e1mi p\u0159\u00edmo nebo prost\u0159ednictv\u00edm partner\u016f, v\u010detn\u011b z\u00e1kaznick\u00e9ho servisu, aktualizac\u00ed a dal\u0161\u00edch informac\u00ed t\u00fdkaj\u00edc\u00edch se webov\u00fdch str\u00e1nek a marketingov\u00fdch a propaga\u010dn\u00edch \u00fa\u010del\u016f.<\/span><\/li>\n<li><span data-preserver-spaces=\"true\">Odes\u00edl\u00e1n\u00ed e-mail\u016f<\/span><\/li>\n<li><span data-preserver-spaces=\"true\">Odhalov\u00e1n\u00ed a prevence podvod\u016f\n<p><\/span><\/li>\n<\/ul>\n<p data-fontsize=\"18\"><span data-preserver-spaces=\"true\"><b>Soubory protokolu<\/b><\/span><\/p>\n<p data-fontsize=\"18\"><span data-preserver-spaces=\"true\">Spole\u010dnost CmyLead se \u0159\u00edd\u00ed standardn\u00edm postupem pou\u017e\u00edv\u00e1n\u00ed soubor\u016f protokolu, stejn\u011b jako v\u0161echny hostingov\u00e9 spole\u010dnosti. Tyto protokolov\u00e9 soubory sleduj\u00ed n\u00e1v\u0161t\u011bvn\u00edky p\u0159i n\u00e1v\u0161t\u011bv\u011b webov\u00fdch str\u00e1nek. Shrom\u00e1\u017ed\u011bn\u00e9 \u00fadaje mohou zahrnovat IP adresy, typ prohl\u00ed\u017ee\u010de, poskytovatele internetov\u00fdch slu\u017eeb (ISP), datum a \u010das, odkazuj\u00edc\u00ed\/v\u00fdstupn\u00ed str\u00e1nky a p\u0159\u00edpadn\u011b po\u010det kliknut\u00ed. Tyto informace nejsou spojeny s \u017e\u00e1dn\u00fdmi osobn\u00edmi \u00fadaji a slou\u017e\u00ed k anal\u00fdze trend\u016f, spr\u00e1v\u011b webu, sledov\u00e1n\u00ed pohybu u\u017eivatel\u016f a shroma\u017e\u010fov\u00e1n\u00ed demografick\u00fdch \u00fadaj\u016f.   <\/p>\n<p><\/span><\/p>\n<p data-fontsize=\"18\"><span data-preserver-spaces=\"true\"><b>Z\u00e1sady ochrany osobn\u00edch \u00fadaj\u016f t\u0159et\u00edch stran<\/b><\/span><\/p>\n<p data-fontsize=\"18\"><span data-preserver-spaces=\"true\">Z\u00e1sady ochrany osobn\u00edch \u00fadaj\u016f spole\u010dnosti CmyLead se nevztahuj\u00ed na jin\u00e9 inzerenty nebo webov\u00e9 str\u00e1nky. Proto v\u00e1m doporu\u010dujeme, abyste si prostudovali p\u0159\u00edslu\u0161n\u00e9 z\u00e1sady ochrany osobn\u00edch \u00fadaj\u016f reklamn\u00edch server\u016f t\u0159et\u00edch stran, kde najdete podrobn\u011bj\u0161\u00ed informace o jejich postupech a pokyny, jak se z ur\u010dit\u00fdch mo\u017enost\u00ed odhl\u00e1sit. <\/p>\n<p><\/span><\/p>\n<p data-fontsize=\"18\"><span data-preserver-spaces=\"true\"><b>Pr\u00e1va na ochranu \u00fadaj\u016f podle GDPR<\/b><\/span><\/p>\n<p data-fontsize=\"18\"><span data-preserver-spaces=\"true\">Chceme se ujistit, \u017ee jste si pln\u011b v\u011bdomi v\u0161ech sv\u00fdch pr\u00e1v na ochranu osobn\u00edch \u00fadaj\u016f. Ka\u017ed\u00fd u\u017eivatel m\u00e1 n\u00e1sleduj\u00edc\u00ed pr\u00e1va: <\/span><\/p>\n<ul>\n<li><span data-preserver-spaces=\"true\">Pr\u00e1vo na p\u0159\u00edstup &#8211; m\u016f\u017eete si vy\u017e\u00e1dat kopie sv\u00fdch osobn\u00edch \u00fadaj\u016f. Za tuto slu\u017ebu m\u016f\u017eeme \u00fa\u010dtovat mal\u00fd poplatek. <\/span><\/li>\n<li><span data-preserver-spaces=\"true\">Pr\u00e1vo na opravu &#8211; m\u016f\u017eete n\u00e1s po\u017e\u00e1dat o opravu informac\u00ed, kter\u00e9 pova\u017eujete za nep\u0159esn\u00e9. M\u016f\u017eete n\u00e1s tak\u00e9 po\u017e\u00e1dat o dopln\u011bn\u00ed informac\u00ed, o kter\u00fdch se domn\u00edv\u00e1te, \u017ee jsou ne\u00fapln\u00e9. <\/span><\/li>\n<li><span data-preserver-spaces=\"true\">Pr\u00e1vo na v\u00fdmaz &#8211; za ur\u010dit\u00fdch podm\u00ednek n\u00e1s m\u016f\u017eete po\u017e\u00e1dat o v\u00fdmaz sv\u00fdch osobn\u00edch \u00fadaj\u016f.<\/span><\/li>\n<li><span data-preserver-spaces=\"true\">Pr\u00e1vo na omezen\u00ed zpracov\u00e1n\u00ed &#8211; za ur\u010dit\u00fdch podm\u00ednek n\u00e1s m\u016f\u017eete po\u017e\u00e1dat o omezen\u00ed zpracov\u00e1n\u00ed va\u0161ich osobn\u00edch \u00fadaj\u016f.<\/span><\/li>\n<li><span data-preserver-spaces=\"true\">Pr\u00e1vo vzn\u00e9st n\u00e1mitku proti zpracov\u00e1n\u00ed &#8211; za ur\u010dit\u00fdch podm\u00ednek m\u016f\u017eete vzn\u00e9st n\u00e1mitku proti zpracov\u00e1n\u00ed va\u0161ich osobn\u00edch \u00fadaj\u016f.<\/span><\/li>\n<li><span data-preserver-spaces=\"true\">Pr\u00e1vo na p\u0159enositelnost \u00fadaj\u016f &#8211; za ur\u010dit\u00fdch podm\u00ednek m\u016f\u017eete po\u017e\u00e1dat, abychom va\u0161e \u00fadaje p\u0159edali jin\u00e9 organizaci nebo p\u0159\u00edmo v\u00e1m.<br \/><b><br \/><\/b><\/span><\/li>\n<\/ul>\n<p data-fontsize=\"18\"><span data-preserver-spaces=\"true\"><b>Informace pro d\u011bti<\/b><\/span><\/p>\n<p data-fontsize=\"18\"><span data-preserver-spaces=\"true\">Ochrana d\u011bt\u00ed p\u0159i pou\u017e\u00edv\u00e1n\u00ed internetu je pro n\u00e1s obzvl\u00e1\u0161t\u011b d\u016fle\u017eit\u00e1. Doporu\u010dujeme rodi\u010d\u016fm a opatrovn\u00edk\u016fm, aby sledovali aktivity sv\u00fdch d\u011bt\u00ed na internetu. <\/span><\/p>\n<p data-fontsize=\"18\"><span data-preserver-spaces=\"true\">Spole\u010dnost Cmycard v\u011bdom\u011b neshroma\u017e\u010fuje \u017e\u00e1dn\u00e9 osobn\u00ed identifika\u010dn\u00ed \u00fadaje od d\u011bt\u00ed mlad\u0161\u00edch 13 let. Pokud se domn\u00edv\u00e1te, \u017ee va\u0161e d\u00edt\u011b poskytlo na na\u0161ich webov\u00fdch str\u00e1nk\u00e1ch takov\u00e9 informace, d\u016frazn\u011b v\u00e1m doporu\u010dujeme, abyste n\u00e1s neprodlen\u011b kontaktovali, a my se vynasna\u017e\u00edme takov\u00e9 informace z na\u0161ich z\u00e1znam\u016f neprodlen\u011b odstranit. <\/span><\/p>\n\t\t\t\t\t\t\t\t<\/div>\n\t\t\t\t<\/div>\n\t\t\t\t\t<\/div>\n\t\t<\/div>\n\t\t\t\t\t<\/div>\n\t\t<\/section>\n\t\t\t\t<\/div>\n\t\t","protected":false},"excerpt":{"rendered":"<p>Z\u00e1sady ochrany osobn\u00edch \u00fadaj\u016f Na adrese CmyLead, kter\u00e1 je p\u0159\u00edstupn\u00e1 z www.cmylead.com, je na\u0161\u00ed nejvy\u0161\u0161\u00ed prioritou soukrom\u00ed a d\u016fv\u011bra na\u0161ich u\u017eivatel\u016f. Tyto z\u00e1sady ochrany osobn\u00edch \u00fadaj\u016f popisuj\u00ed typy informac\u00ed, kter\u00e9 shroma\u017e\u010fujeme a zaznamen\u00e1v\u00e1me, a zp\u016fsob jejich pou\u017eit\u00ed. V p\u0159\u00edpad\u011b jak\u00fdchkoli dotaz\u016f nebo dal\u0161\u00edch informac\u00ed o na\u0161ich z\u00e1sad\u00e1ch ochrany osobn\u00edch \u00fadaj\u016f n\u00e1s nev\u00e1hejte kontaktovat. Tyto z\u00e1sady [&hellip;]<\/p>\n","protected":false},"author":1,"featured_media":0,"parent":0,"menu_order":0,"comment_status":"closed","ping_status":"closed","template":"","meta":{"footnotes":""},"class_list":["post-3446","page","type-page","status-publish","hentry"],"_links":{"self":[{"href":"https:\/\/cmylead.com\/cs\/wp-json\/wp\/v2\/pages\/3446","targetHints":{"allow":["GET"]}}],"collection":[{"href":"https:\/\/cmylead.com\/cs\/wp-json\/wp\/v2\/pages"}],"about":[{"href":"https:\/\/cmylead.com\/cs\/wp-json\/wp\/v2\/types\/page"}],"author":[{"embeddable":true,"href":"https:\/\/cmylead.com\/cs\/wp-json\/wp\/v2\/users\/1"}],"replies":[{"embeddable":true,"href":"https:\/\/cmylead.com\/cs\/wp-json\/wp\/v2\/comments?post=3446"}],"version-history":[{"count":1,"href":"https:\/\/cmylead.com\/cs\/wp-json\/wp\/v2\/pages\/3446\/revisions"}],"predecessor-version":[{"id":3447,"href":"https:\/\/cmylead.com\/cs\/wp-json\/wp\/v2\/pages\/3446\/revisions\/3447"}],"wp:attachment":[{"href":"https:\/\/cmylead.com\/cs\/wp-json\/wp\/v2\/media?parent=3446"}],"curies":[{"name":"wp","href":"https:\/\/api.w.org\/{rel}","templated":true}]}}