{"id":3409,"date":"2024-10-31T17:37:39","date_gmt":"2024-10-31T17:37:39","guid":{"rendered":"https:\/\/cmylead.com\/sikkerhedspolitik-for-webapplikationer\/"},"modified":"2024-11-10T18:42:04","modified_gmt":"2024-11-10T18:42:04","slug":"sikkerhedspolitik-for-webapplikationer","status":"publish","type":"page","link":"https:\/\/cmylead.com\/da\/sikkerhedspolitik-for-webapplikationer\/","title":{"rendered":"Sikkerhedspolitik for webapplikationer"},"content":{"rendered":"<style>.elementor-3409 .elementor-element.elementor-element-3438da73 > .elementor-background-overlay{background-color:var( --e-global-color-secondary );opacity:0.9;transition:background 0.3s, border-radius 0.3s, opacity 0.3s;}.elementor-3409 .elementor-element.elementor-element-3438da73 > .elementor-container{max-width:1200px;}.elementor-3409 .elementor-element.elementor-element-3438da73:not(.elementor-motion-effects-element-type-background), .elementor-3409 .elementor-element.elementor-element-3438da73 > .elementor-motion-effects-container > .elementor-motion-effects-layer{background-position:0% 10%;background-repeat:no-repeat;background-size:cover;}.elementor-3409 .elementor-element.elementor-element-3438da73{transition:background 0.3s, border 0.3s, border-radius 0.3s, box-shadow 0.3s;margin-top:-100px;margin-bottom:100px;padding:200px 0px 100px 0px;}.elementor-3409 .elementor-element.elementor-element-6d3af210{text-align:center;}.elementor-3409 .elementor-element.elementor-element-6d3af210 .elementor-heading-title{font-family:var( --e-global-typography-secondary-font-family ), Sans-serif;font-size:var( --e-global-typography-secondary-font-size );font-weight:var( --e-global-typography-secondary-font-weight );text-transform:var( --e-global-typography-secondary-text-transform );text-decoration:var( --e-global-typography-secondary-text-decoration );line-height:var( --e-global-typography-secondary-line-height );color:var( --e-global-color-827cd3a );}:root{--page-title-display:none;}@media(max-width:1024px){.elementor-3409 .elementor-element.elementor-element-3438da73:not(.elementor-motion-effects-element-type-background), .elementor-3409 .elementor-element.elementor-element-3438da73 > .elementor-motion-effects-container > .elementor-motion-effects-layer{background-position:0px 0px;}.elementor-3409 .elementor-element.elementor-element-3438da73{margin-top:-150px;margin-bottom:100px;padding:220px 0px 100px 0px;}.elementor-3409 .elementor-element.elementor-element-32bdeddb > .elementor-element-populated{margin:0px 0px 0px 0px;--e-column-margin-right:0px;--e-column-margin-left:0px;padding:0px 30px 0px 30px;}.elementor-3409 .elementor-element.elementor-element-6d3af210 .elementor-heading-title{font-size:var( --e-global-typography-secondary-font-size );line-height:var( --e-global-typography-secondary-line-height );}}@media(max-width:767px){.elementor-3409 .elementor-element.elementor-element-3438da73:not(.elementor-motion-effects-element-type-background), .elementor-3409 .elementor-element.elementor-element-3438da73 > .elementor-motion-effects-container > .elementor-motion-effects-layer{background-position:0px 0px;}.elementor-3409 .elementor-element.elementor-element-3438da73{margin-top:-150px;margin-bottom:100px;padding:220px 0px 100px 0px;}.elementor-3409 .elementor-element.elementor-element-32bdeddb > .elementor-element-populated{margin:0px 0px 0px 0px;--e-column-margin-right:0px;--e-column-margin-left:0px;padding:0px 20px 0px 20px;}.elementor-3409 .elementor-element.elementor-element-6d3af210 .elementor-heading-title{font-size:var( --e-global-typography-secondary-font-size );line-height:var( --e-global-typography-secondary-line-height );}}<\/style>\t\t<div data-elementor-type=\"wp-page\" data-elementor-id=\"3409\" class=\"elementor elementor-3409 elementor-1350\" data-elementor-post-type=\"page\">\n\t\t\t\t\t\t<section class=\"elementor-section elementor-top-section elementor-element elementor-element-3438da73 elementor-section-boxed elementor-section-height-default elementor-section-height-default\" data-id=\"3438da73\" data-element_type=\"section\" data-settings=\"{&quot;background_background&quot;:&quot;classic&quot;}\">\n\t\t\t\t\t\t\t<div class=\"elementor-background-overlay\"><\/div>\n\t\t\t\t\t\t\t<div class=\"elementor-container elementor-column-gap-default\">\n\t\t\t\t\t<div class=\"elementor-column elementor-col-100 elementor-top-column elementor-element elementor-element-32bdeddb\" data-id=\"32bdeddb\" data-element_type=\"column\">\n\t\t\t<div class=\"elementor-widget-wrap elementor-element-populated\">\n\t\t\t\t\t\t<div class=\"elementor-element elementor-element-6d3af210 elementor-widget elementor-widget-heading\" data-id=\"6d3af210\" data-element_type=\"widget\" data-widget_type=\"heading.default\">\n\t\t\t\t<div class=\"elementor-widget-container\">\n\t\t\t\t\t<h2 class=\"elementor-heading-title elementor-size-default\">Sikkerhedspolitik for webapplikationer<\/h2>\t\t\t\t<\/div>\n\t\t\t\t<\/div>\n\t\t\t\t\t<\/div>\n\t\t<\/div>\n\t\t\t\t\t<\/div>\n\t\t<\/section>\n\t\t\t\t<section class=\"elementor-section elementor-top-section elementor-element elementor-element-fb8c355 elementor-section-boxed elementor-section-height-default elementor-section-height-default\" data-id=\"fb8c355\" data-element_type=\"section\">\n\t\t\t\t\t\t<div class=\"elementor-container elementor-column-gap-default\">\n\t\t\t\t\t<div class=\"elementor-column elementor-col-100 elementor-top-column elementor-element elementor-element-63313d6\" data-id=\"63313d6\" data-element_type=\"column\">\n\t\t\t<div class=\"elementor-widget-wrap elementor-element-populated\">\n\t\t\t\t\t\t<div class=\"elementor-element elementor-element-98a631c elementor-widget elementor-widget-text-editor\" data-id=\"98a631c\" data-element_type=\"widget\" data-widget_type=\"text-editor.default\">\n\t\t\t\t<div class=\"elementor-widget-container\">\n\t\t\t\t\t\t\t\t\t<p data-fontsize=\"16\">Velkommen til vores webapplikation! Vi er forpligtet til at sikre vores brugeres sikkerhed og privatliv. Nedenfor er de vigtigste sikkerhedsforanstaltninger, vi har implementeret for at beskytte dine data.  <\/p>\n<p data-fontsize=\"16\"><strong>Validering af input<\/strong><\/p>\n<ul class=\"wp-block-list\">\n<li><strong>Rens og valider input:<\/strong> Vi sikrer, at alle brugerinput er ordentligt renset og valideret for at forhindre sikkerhedstrusler som SQL-injektion og cross-site scripting (XSS).<\/li>\n<li><strong>Forberedte erkl\u00e6ringer:<\/strong> Vi bruger forberedte erkl\u00e6ringer til databaseinteraktioner for at \u00f8ge sikkerheden.<\/li>\n<\/ul>\n<p data-fontsize=\"16\"><strong>Autentificering og autorisation<\/strong><\/p>\n<ul class=\"wp-block-list\">\n<li><strong>St\u00e6rke adgangskoder:<\/strong> Vi h\u00e5ndh\u00e6ver en st\u00e6rk adgangskodepolitik for at beskytte din konto.<\/li>\n<li><strong>To-faktor-autentificering (2FA):<\/strong> Vi tilbyder 2FA for ekstra sikkerhed.<\/li>\n<li><strong>Rollebaseret adgangskontrol (RBAC):<\/strong> Adgang til ressourcer er begr\u00e6nset baseret p\u00e5 brugerroller.<\/li>\n<\/ul>\n<p data-fontsize=\"16\"><strong>Styring af sessioner<\/strong><\/p>\n<ul class=\"wp-block-list\">\n<li><strong>Sikre sessions-id&#8217;er:<\/strong> Vi bruger sikre, tilf\u00e6ldigt genererede sessions-id&#8217;er, der er gemt i sikre cookies.<\/li>\n<li><strong>Timeout for session:<\/strong> Brugere logges automatisk ud efter en periode med inaktivitet.<\/li>\n<li><strong>Forebyggelse af sessionskapring:<\/strong> Vi regenererer regelm\u00e6ssigt sessions-id&#8217;er, is\u00e6r efter login.<\/li>\n<\/ul>\n<p data-fontsize=\"16\"><strong>Databeskyttelse<\/strong><\/p>\n<ul class=\"wp-block-list\">\n<li><strong>Kryptering:<\/strong> Vi krypterer f\u00f8lsomme data b\u00e5de under transport og i hvile.<\/li>\n<li><strong>Hashing<\/strong> af adgangskoder: Adgangskoder gemmes ved hj\u00e6lp af st\u00e6rke envejshashingalgoritmer.<\/li>\n<\/ul>\n<p data-fontsize=\"16\"><strong>Fejlh\u00e5ndtering og logning<\/strong><\/p>\n<ul class=\"wp-block-list\">\n<li><strong>Generiske fejlmeddelelser:<\/strong> Vi viser generiske fejlmeddelelser for at beskytte mod informationsl\u00e6kage.<\/li>\n<li><strong>Detaljeret logning:<\/strong> Fejl logges med detaljerede oplysninger p\u00e5 et sikkert sted.<\/li>\n<li><strong>Overv\u00e5gning af logfiler:<\/strong> Vi overv\u00e5ger regelm\u00e6ssigt logfiler for mist\u00e6nkelige aktiviteter.<\/li>\n<\/ul>\n<p data-fontsize=\"16\"><strong>Sikker kodningspraksis<\/strong><\/p>\n<ul class=\"wp-block-list\">\n<li><strong>Kodegennemgang:<\/strong> Regelm\u00e6ssige kodegennemgange udf\u00f8res for at identificere og rette s\u00e5rbarheder.<\/li>\n<li><strong>Sikkerhedstr\u00e6ning:<\/strong> Vores udviklere f\u00e5r l\u00f8bende sikkerhedstr\u00e6ning.<\/li>\n<li><strong>Sikkerhedsbiblioteker:<\/strong> Vi bruger velholdte sikkerhedsbiblioteker og frameworks.<\/li>\n<\/ul>\n<p data-fontsize=\"16\"><strong>Konfigurationsstyring<\/strong><\/p>\n<ul class=\"wp-block-list\">\n<li><strong>Minimale rettigheder:<\/strong> Programmer k\u00f8rer med de mindst n\u00f8dvendige rettigheder.<\/li>\n<li><strong>Sikker konfiguration:<\/strong> Vores servere er sikkert konfigureret og opdateres regelm\u00e6ssigt.<\/li>\n<li><strong>Deaktiver un\u00f8dvendige funktioner:<\/strong> Ubrugte tjenester og komponenter deaktiveres for at reducere risikoen.<\/li>\n<\/ul>\n<p data-fontsize=\"16\"><strong>Regelm\u00e6ssige sikkerhedstests<\/strong><\/p>\n<ul class=\"wp-block-list\">\n<li><strong>S\u00e5rbarhedsscanning:<\/strong> Der udf\u00f8res regelm\u00e6ssige scanninger for at identificere sikkerhedssvagheder.<\/li>\n<li><strong>Penetrationstest:<\/strong> Periodiske penetrationstests udf\u00f8res for at evaluere vores sikkerhed.<\/li>\n<li><strong>H\u00e5ndtering af programrettelser:<\/strong> Sikkerhedsrettelser og -opdateringer anvendes straks.<\/li>\n<\/ul>\n<p data-fontsize=\"16\"><strong>Reaktion p\u00e5 h\u00e6ndelser<\/strong><\/p>\n<ul class=\"wp-block-list\">\n<li><strong>Plan for reaktion p\u00e5 h\u00e6ndelser:<\/strong> Vi har en detaljeret plan for, hvordan vi reagerer p\u00e5 sikkerhedsbrud.<\/li>\n<li><strong>Regelm\u00e6ssige \u00f8velser:<\/strong> H\u00e6ndelses\u00f8velser gennemf\u00f8res for at sikre beredskab.<\/li>\n<\/ul>\n<p data-fontsize=\"16\"><strong>Overholdelse og juridiske krav<\/strong><\/p>\n<ul class=\"wp-block-list\">\n<li><strong>Lovgivning om databeskyttelse:<\/strong> Vi overholder relevante databeskyttelseslove og -bestemmelser.<\/li>\n<li><strong>Industriens standarder:<\/strong> Vi overholder branchestandarder og bedste praksis, s\u00e5som OWASP Top Ten.<\/li>\n<\/ul>\n<p data-fontsize=\"16\"><strong>Gennemgang af politik<\/strong><\/p>\n<p data-fontsize=\"16\">Vores sikkerhedspolitik gennemg\u00e5s \u00e5rligt eller efter enhver v\u00e6sentlig sikkerhedsh\u00e6ndelse for at sikre, at den er effektiv.<\/p>\n<p data-fontsize=\"16\">Tak, fordi du betror os dine data. Vi er forpligtet til at opretholde de h\u00f8jeste sikkerhedsstandarder for at beskytte dine oplysninger. <\/p>\n\t\t\t\t\t\t\t\t<\/div>\n\t\t\t\t<\/div>\n\t\t\t\t\t<\/div>\n\t\t<\/div>\n\t\t\t\t\t<\/div>\n\t\t<\/section>\n\t\t\t\t<\/div>\n\t\t","protected":false},"excerpt":{"rendered":"<p>Sikkerhedspolitik for webapplikationer Velkommen til vores webapplikation! Vi er forpligtet til at sikre vores brugeres sikkerhed og privatliv. Nedenfor er de vigtigste sikkerhedsforanstaltninger, vi har implementeret for at beskytte dine data. Validering af input Rens og valider input: Vi sikrer, at alle brugerinput er ordentligt renset og valideret for at forhindre sikkerhedstrusler som SQL-injektion og [&hellip;]<\/p>\n","protected":false},"author":1,"featured_media":0,"parent":0,"menu_order":0,"comment_status":"closed","ping_status":"closed","template":"","meta":{"footnotes":""},"class_list":["post-3409","page","type-page","status-publish","hentry"],"_links":{"self":[{"href":"https:\/\/cmylead.com\/da\/wp-json\/wp\/v2\/pages\/3409","targetHints":{"allow":["GET"]}}],"collection":[{"href":"https:\/\/cmylead.com\/da\/wp-json\/wp\/v2\/pages"}],"about":[{"href":"https:\/\/cmylead.com\/da\/wp-json\/wp\/v2\/types\/page"}],"author":[{"embeddable":true,"href":"https:\/\/cmylead.com\/da\/wp-json\/wp\/v2\/users\/1"}],"replies":[{"embeddable":true,"href":"https:\/\/cmylead.com\/da\/wp-json\/wp\/v2\/comments?post=3409"}],"version-history":[{"count":1,"href":"https:\/\/cmylead.com\/da\/wp-json\/wp\/v2\/pages\/3409\/revisions"}],"predecessor-version":[{"id":3411,"href":"https:\/\/cmylead.com\/da\/wp-json\/wp\/v2\/pages\/3409\/revisions\/3411"}],"wp:attachment":[{"href":"https:\/\/cmylead.com\/da\/wp-json\/wp\/v2\/media?parent=3409"}],"curies":[{"name":"wp","href":"https:\/\/api.w.org\/{rel}","templated":true}]}}