{"id":3448,"date":"2024-10-31T17:35:35","date_gmt":"2024-10-31T17:35:35","guid":{"rendered":"https:\/\/cmylead.com\/fortrolighedspolitik\/"},"modified":"2024-11-11T16:50:47","modified_gmt":"2024-11-11T16:50:47","slug":"fortrolighedspolitik","status":"publish","type":"page","link":"https:\/\/cmylead.com\/da\/fortrolighedspolitik\/","title":{"rendered":"Fortrolighedspolitik"},"content":{"rendered":"<style>.elementor-3448 .elementor-element.elementor-element-3438da73 > .elementor-background-overlay{background-color:var( --e-global-color-secondary );opacity:0.9;transition:background 0.3s, border-radius 0.3s, opacity 0.3s;}.elementor-3448 .elementor-element.elementor-element-3438da73 > .elementor-container{max-width:1200px;}.elementor-3448 .elementor-element.elementor-element-3438da73:not(.elementor-motion-effects-element-type-background), .elementor-3448 .elementor-element.elementor-element-3438da73 > .elementor-motion-effects-container > .elementor-motion-effects-layer{background-position:0% 10%;background-repeat:no-repeat;background-size:cover;}.elementor-3448 .elementor-element.elementor-element-3438da73{transition:background 0.3s, border 0.3s, border-radius 0.3s, box-shadow 0.3s;margin-top:-100px;margin-bottom:100px;padding:200px 0px 100px 0px;}.elementor-3448 .elementor-element.elementor-element-6d3af210{text-align:center;}.elementor-3448 .elementor-element.elementor-element-6d3af210 .elementor-heading-title{font-family:var( --e-global-typography-secondary-font-family ), Sans-serif;font-size:var( --e-global-typography-secondary-font-size );font-weight:var( --e-global-typography-secondary-font-weight );text-transform:var( --e-global-typography-secondary-text-transform );text-decoration:var( --e-global-typography-secondary-text-decoration );line-height:var( --e-global-typography-secondary-line-height );color:var( --e-global-color-827cd3a );}:root{--page-title-display:none;}@media(max-width:1024px){.elementor-3448 .elementor-element.elementor-element-3438da73:not(.elementor-motion-effects-element-type-background), .elementor-3448 .elementor-element.elementor-element-3438da73 > .elementor-motion-effects-container > .elementor-motion-effects-layer{background-position:0px 0px;}.elementor-3448 .elementor-element.elementor-element-3438da73{margin-top:-150px;margin-bottom:100px;padding:220px 0px 100px 0px;}.elementor-3448 .elementor-element.elementor-element-32bdeddb > .elementor-element-populated{margin:0px 0px 0px 0px;--e-column-margin-right:0px;--e-column-margin-left:0px;padding:0px 30px 0px 30px;}.elementor-3448 .elementor-element.elementor-element-6d3af210 .elementor-heading-title{font-size:var( --e-global-typography-secondary-font-size );line-height:var( --e-global-typography-secondary-line-height );}}@media(max-width:767px){.elementor-3448 .elementor-element.elementor-element-3438da73:not(.elementor-motion-effects-element-type-background), .elementor-3448 .elementor-element.elementor-element-3438da73 > .elementor-motion-effects-container > .elementor-motion-effects-layer{background-position:0px 0px;}.elementor-3448 .elementor-element.elementor-element-3438da73{margin-top:-150px;margin-bottom:100px;padding:220px 0px 100px 0px;}.elementor-3448 .elementor-element.elementor-element-32bdeddb > .elementor-element-populated{margin:0px 0px 0px 0px;--e-column-margin-right:0px;--e-column-margin-left:0px;padding:0px 20px 0px 20px;}.elementor-3448 .elementor-element.elementor-element-6d3af210 .elementor-heading-title{font-size:var( --e-global-typography-secondary-font-size );line-height:var( --e-global-typography-secondary-line-height );}}<\/style>\t\t<div data-elementor-type=\"wp-page\" data-elementor-id=\"3448\" class=\"elementor elementor-3448 elementor-1345\" data-elementor-post-type=\"page\">\n\t\t\t\t\t\t<section class=\"elementor-section elementor-top-section elementor-element elementor-element-3438da73 elementor-section-boxed elementor-section-height-default elementor-section-height-default\" data-id=\"3438da73\" data-element_type=\"section\" data-settings=\"{&quot;background_background&quot;:&quot;classic&quot;}\">\n\t\t\t\t\t\t\t<div class=\"elementor-background-overlay\"><\/div>\n\t\t\t\t\t\t\t<div class=\"elementor-container elementor-column-gap-default\">\n\t\t\t\t\t<div class=\"elementor-column elementor-col-100 elementor-top-column elementor-element elementor-element-32bdeddb\" data-id=\"32bdeddb\" data-element_type=\"column\">\n\t\t\t<div class=\"elementor-widget-wrap elementor-element-populated\">\n\t\t\t\t\t\t<div class=\"elementor-element elementor-element-6d3af210 elementor-widget elementor-widget-heading\" data-id=\"6d3af210\" data-element_type=\"widget\" data-widget_type=\"heading.default\">\n\t\t\t\t<div class=\"elementor-widget-container\">\n\t\t\t\t\t<h2 class=\"elementor-heading-title elementor-size-default\">Fortrolighedspolitik<\/h2>\t\t\t\t<\/div>\n\t\t\t\t<\/div>\n\t\t\t\t\t<\/div>\n\t\t<\/div>\n\t\t\t\t\t<\/div>\n\t\t<\/section>\n\t\t\t\t<section class=\"elementor-section elementor-top-section elementor-element elementor-element-fb8c355 elementor-section-boxed elementor-section-height-default elementor-section-height-default\" data-id=\"fb8c355\" data-element_type=\"section\">\n\t\t\t\t\t\t<div class=\"elementor-container elementor-column-gap-default\">\n\t\t\t\t\t<div class=\"elementor-column elementor-col-100 elementor-top-column elementor-element elementor-element-63313d6\" data-id=\"63313d6\" data-element_type=\"column\">\n\t\t\t<div class=\"elementor-widget-wrap elementor-element-populated\">\n\t\t\t\t\t\t<div class=\"elementor-element elementor-element-98a631c elementor-widget elementor-widget-text-editor\" data-id=\"98a631c\" data-element_type=\"widget\" data-widget_type=\"text-editor.default\">\n\t\t\t\t<div class=\"elementor-widget-container\">\n\t\t\t\t\t\t\t\t\t<h4 data-fontsize=\"24\"><span data-preserver-spaces=\"true\">P\u00e5 CmyLead, tilg\u00e6ngelig fra <\/span><a href=\"https:\/\/cmylead.com\/\" target=\"_blank\" rel=\"noopener\" data-fontsize=\"24\">www.cmylead.com<\/a><span data-preserver-spaces=\"true\">Vores h\u00f8jeste prioritet er vores brugeres privatliv og tillid. Denne privatlivspolitik beskriver, hvilke typer oplysninger vi indsamler og registrerer, og hvordan de bruges. <\/span><\/h4>\n<div><span data-preserver-spaces=\"true\"> <\/span><\/div>\n<p data-fontsize=\"18\"><span data-preserver-spaces=\"true\">Hvis du har sp\u00f8rgsm\u00e5l eller brug for yderligere oplysninger om vores privatlivspolitik, er du velkommen til at kontakte os.<\/span><\/p>\n<p data-fontsize=\"18\"><span data-preserver-spaces=\"true\">Denne privatlivspolitik g\u00e6lder for vores onlineaktiviteter og er gyldig for brugere med hensyn til de oplysninger, de deler og\/eller indsamler i CmyLead. Den omfatter ikke oplysninger, der indsamles offline eller via andre kanaler end dette websted. Vores privatlivspolitik blev udarbejdet ved hj\u00e6lp af den gratis privatlivspolitik-generator.  <\/span><\/p>\n<p data-fontsize=\"18\"><span data-preserver-spaces=\"true\"><b>Samtykke<\/b><\/span><\/p>\n<p data-fontsize=\"18\"><span data-preserver-spaces=\"true\">Ved at bruge vores hjemmeside giver du hermed dit samtykke til vores privatlivspolitik og accepterer dens vilk\u00e5r.<\/span><\/p>\n<p data-fontsize=\"18\"><span data-preserver-spaces=\"true\"><b>Oplysninger, vi indsamler<\/b><\/span><\/p>\n<p data-fontsize=\"18\"><span data-preserver-spaces=\"true\">Vi vil tydeligt forklare, hvorfor vi har brug for de personlige oplysninger, vi beder dig om at give, n\u00e5r vi beder om dem.<\/span><\/p>\n<p data-fontsize=\"18\"><span data-preserver-spaces=\"true\">Hvis du kontakter os direkte, kan vi modtage yderligere oplysninger s\u00e5som dit navn, din e-mailadresse, dit telefonnummer, indholdet af den besked eller de vedh\u00e6ftede filer, du sender til os, og alle andre oplysninger, du v\u00e6lger at give os.<\/span><\/p>\n<p data-fontsize=\"18\"><span data-preserver-spaces=\"true\">N\u00e5r du opretter en konto, kan vi bede om dine kontaktoplysninger, herunder navn, firmanavn, adresse, e-mailadresse og telefonnummer.<\/span><\/p>\n<p data-fontsize=\"18\"><span data-preserver-spaces=\"true\"><b>Hvordan bruger vi dine oplysninger?<\/b><\/span><\/p>\n<p data-fontsize=\"18\"><span data-preserver-spaces=\"true\">Vi udnytter de oplysninger, vi indsamler, p\u00e5 mange m\u00e5der, herunder til:<\/span><\/p>\n<ul>\n<li><span data-preserver-spaces=\"true\">Tilvejebringe, drive og vedligeholde vores hjemmeside<\/span><\/li>\n<li><span data-preserver-spaces=\"true\">Forbedre, personligg\u00f8re og udvide vores hjemmeside<\/span><\/li>\n<li><span data-preserver-spaces=\"true\">Forst\u00e5 og analysere din brug af vores hjemmeside<\/span><\/li>\n<li><span data-preserver-spaces=\"true\">Udvikle nye produkter, tjenester, features og funktionalitet<\/span><\/li>\n<li><span data-preserver-spaces=\"true\">Kommunikere med dig, direkte eller gennem partnere, herunder med henblik p\u00e5 kundeservice, opdateringer og andre oplysninger relateret til webstedet samt markedsf\u00f8ring og salgsfremmende form\u00e5l.<\/span><\/li>\n<li><span data-preserver-spaces=\"true\">Send dig e-mails<\/span><\/li>\n<li><span data-preserver-spaces=\"true\">Opdag og forebyg svindel\n<p><\/span><\/li>\n<\/ul>\n<p data-fontsize=\"18\"><span data-preserver-spaces=\"true\"><b>Logfiler<\/b><\/span><\/p>\n<p data-fontsize=\"18\"><span data-preserver-spaces=\"true\">CmyLead f\u00f8lger en standardprocedure med brug af logfiler, som alle hostingfirmaer. Disse logfiler sporer bes\u00f8gende, n\u00e5r de bes\u00f8ger hjemmesider. De indsamlede data kan omfatte IP-adresser, browsertype, internetudbyder (ISP), dato- og tidsstempler, henvisnings-\/udgangssider og potentielt antallet af klik. Disse oplysninger er ikke knyttet til nogen personligt identificerbare data og bruges til at analysere tendenser, administrere webstedet, spore brugernes bev\u00e6gelser og indsamle demografiske data.   <\/p>\n<p><\/span><\/p>\n<p data-fontsize=\"18\"><span data-preserver-spaces=\"true\"><b>Tredjeparts privatlivspolitikker<\/b><\/span><\/p>\n<p data-fontsize=\"18\"><span data-preserver-spaces=\"true\">CmyLeads privatlivspolitik g\u00e6lder ikke for andre annonc\u00f8rer eller websteder. Derfor r\u00e5der vi dig til at gennemg\u00e5 de respektive privatlivspolitikker for tredjeparts annonceservere for at f\u00e5 mere detaljerede oplysninger om deres praksis og instruktioner om, hvordan du frav\u00e6lger visse muligheder. <\/p>\n<p><\/span><\/p>\n<p data-fontsize=\"18\"><span data-preserver-spaces=\"true\"><b>Rettigheder til databeskyttelse i GDPR<\/b><\/span><\/p>\n<p data-fontsize=\"18\"><span data-preserver-spaces=\"true\">Vi vil gerne sikre os, at du er fuldt ud klar over alle dine databeskyttelsesrettigheder. Hver bruger har ret til f\u00f8lgende: <\/span><\/p>\n<ul>\n<li><span data-preserver-spaces=\"true\">Ret til adgang &#8211; Du kan anmode om kopier af dine personlige data. Vi kan opkr\u00e6ve et mindre gebyr for denne service. <\/span><\/li>\n<li><span data-preserver-spaces=\"true\">Ret til berigtigelse &#8211; Du kan bede os om at rette oplysninger, som du mener er un\u00f8jagtige. Du kan ogs\u00e5 anmode om, at vi supplerer de oplysninger, du mener er ufuldst\u00e6ndige. <\/span><\/li>\n<li><span data-preserver-spaces=\"true\">Ret til sletning &#8211; Du kan bede os om at slette dine persondata under bestemte betingelser.<\/span><\/li>\n<li><span data-preserver-spaces=\"true\">Ret til at begr\u00e6nse behandlingen &#8211; Du kan bede os om at begr\u00e6nse behandlingen af dine personoplysninger under bestemte betingelser.<\/span><\/li>\n<li><span data-preserver-spaces=\"true\">Ret til at g\u00f8re indsigelse mod behandling &#8211; Du kan g\u00f8re indsigelse mod vores behandling af dine personoplysninger under s\u00e6rlige betingelser.<\/span><\/li>\n<li><span data-preserver-spaces=\"true\">Ret til dataportabilitet &#8211; Du kan anmode om, at vi overf\u00f8rer dine data til en anden organisation eller direkte til dig under visse betingelser.<br \/><b><br \/><\/b><\/span><\/li>\n<\/ul>\n<p data-fontsize=\"18\"><span data-preserver-spaces=\"true\"><b>Information til b\u00f8rn<\/b><\/span><\/p>\n<p data-fontsize=\"18\"><span data-preserver-spaces=\"true\">Det er s\u00e6rligt vigtigt for os at beskytte b\u00f8rn, n\u00e5r de bruger internettet. Vi opfordrer for\u00e6ldre og v\u00e6rger til at overv\u00e5ge deres b\u00f8rns onlineaktiviteter. <\/span><\/p>\n<p data-fontsize=\"18\"><span data-preserver-spaces=\"true\">Cmycard indsamler ikke bevidst personligt identificerbare oplysninger fra b\u00f8rn under 13 \u00e5r. Hvis du tror, at dit barn har givet denne type oplysninger p\u00e5 vores websted, opfordrer vi dig kraftigt til at kontakte os med det samme, og vi vil g\u00f8re vores bedste for straks at fjerne s\u00e5danne oplysninger fra vores optegnelser. <\/span><\/p>\n\t\t\t\t\t\t\t\t<\/div>\n\t\t\t\t<\/div>\n\t\t\t\t\t<\/div>\n\t\t<\/div>\n\t\t\t\t\t<\/div>\n\t\t<\/section>\n\t\t\t\t<\/div>\n\t\t","protected":false},"excerpt":{"rendered":"<p>Fortrolighedspolitik P\u00e5 CmyLead, tilg\u00e6ngelig fra www.cmylead.comVores h\u00f8jeste prioritet er vores brugeres privatliv og tillid. Denne privatlivspolitik beskriver, hvilke typer oplysninger vi indsamler og registrerer, og hvordan de bruges. Hvis du har sp\u00f8rgsm\u00e5l eller brug for yderligere oplysninger om vores privatlivspolitik, er du velkommen til at kontakte os. Denne privatlivspolitik g\u00e6lder for vores onlineaktiviteter og er [&hellip;]<\/p>\n","protected":false},"author":1,"featured_media":0,"parent":0,"menu_order":0,"comment_status":"closed","ping_status":"closed","template":"","meta":{"footnotes":""},"class_list":["post-3448","page","type-page","status-publish","hentry"],"_links":{"self":[{"href":"https:\/\/cmylead.com\/da\/wp-json\/wp\/v2\/pages\/3448","targetHints":{"allow":["GET"]}}],"collection":[{"href":"https:\/\/cmylead.com\/da\/wp-json\/wp\/v2\/pages"}],"about":[{"href":"https:\/\/cmylead.com\/da\/wp-json\/wp\/v2\/types\/page"}],"author":[{"embeddable":true,"href":"https:\/\/cmylead.com\/da\/wp-json\/wp\/v2\/users\/1"}],"replies":[{"embeddable":true,"href":"https:\/\/cmylead.com\/da\/wp-json\/wp\/v2\/comments?post=3448"}],"version-history":[{"count":1,"href":"https:\/\/cmylead.com\/da\/wp-json\/wp\/v2\/pages\/3448\/revisions"}],"predecessor-version":[{"id":3449,"href":"https:\/\/cmylead.com\/da\/wp-json\/wp\/v2\/pages\/3448\/revisions\/3449"}],"wp:attachment":[{"href":"https:\/\/cmylead.com\/da\/wp-json\/wp\/v2\/media?parent=3448"}],"curies":[{"name":"wp","href":"https:\/\/api.w.org\/{rel}","templated":true}]}}