{"id":3552,"date":"2024-10-31T17:30:15","date_gmt":"2024-10-31T17:30:15","guid":{"rendered":"https:\/\/cmylead.com\/vilkaar-for-brug\/"},"modified":"2024-11-11T17:45:45","modified_gmt":"2024-11-11T17:45:45","slug":"vilkaar-for-brug","status":"publish","type":"page","link":"https:\/\/cmylead.com\/da\/vilkaar-for-brug\/","title":{"rendered":"Vilk\u00e5r for brug"},"content":{"rendered":"<style>.elementor-3552 .elementor-element.elementor-element-3438da73 > .elementor-background-overlay{background-color:var( --e-global-color-secondary );opacity:0.9;transition:background 0.3s, border-radius 0.3s, opacity 0.3s;}.elementor-3552 .elementor-element.elementor-element-3438da73 > .elementor-container{max-width:1200px;}.elementor-3552 .elementor-element.elementor-element-3438da73:not(.elementor-motion-effects-element-type-background), .elementor-3552 .elementor-element.elementor-element-3438da73 > .elementor-motion-effects-container > .elementor-motion-effects-layer{background-position:0% 10%;background-repeat:no-repeat;background-size:cover;}.elementor-3552 .elementor-element.elementor-element-3438da73{transition:background 0.3s, border 0.3s, border-radius 0.3s, box-shadow 0.3s;margin-top:-100px;margin-bottom:100px;padding:200px 0px 100px 0px;}.elementor-3552 .elementor-element.elementor-element-6d3af210{text-align:center;}.elementor-3552 .elementor-element.elementor-element-6d3af210 .elementor-heading-title{font-family:var( --e-global-typography-secondary-font-family ), Sans-serif;font-size:var( --e-global-typography-secondary-font-size );font-weight:var( --e-global-typography-secondary-font-weight );text-transform:var( --e-global-typography-secondary-text-transform );text-decoration:var( --e-global-typography-secondary-text-decoration );line-height:var( --e-global-typography-secondary-line-height );color:var( --e-global-color-827cd3a );}.elementor-3552 .elementor-element.elementor-element-26be6c1{--spacer-size:50px;}:root{--page-title-display:none;}@media(max-width:1024px){.elementor-3552 .elementor-element.elementor-element-3438da73:not(.elementor-motion-effects-element-type-background), .elementor-3552 .elementor-element.elementor-element-3438da73 > .elementor-motion-effects-container > .elementor-motion-effects-layer{background-position:0px 0px;}.elementor-3552 .elementor-element.elementor-element-3438da73{margin-top:-150px;margin-bottom:100px;padding:220px 0px 100px 0px;}.elementor-3552 .elementor-element.elementor-element-32bdeddb > .elementor-element-populated{margin:0px 0px 0px 0px;--e-column-margin-right:0px;--e-column-margin-left:0px;padding:0px 30px 0px 30px;}.elementor-3552 .elementor-element.elementor-element-6d3af210 .elementor-heading-title{font-size:var( --e-global-typography-secondary-font-size );line-height:var( --e-global-typography-secondary-line-height );}}@media(max-width:767px){.elementor-3552 .elementor-element.elementor-element-3438da73:not(.elementor-motion-effects-element-type-background), .elementor-3552 .elementor-element.elementor-element-3438da73 > .elementor-motion-effects-container > .elementor-motion-effects-layer{background-position:0px 0px;}.elementor-3552 .elementor-element.elementor-element-3438da73{margin-top:-150px;margin-bottom:100px;padding:220px 0px 100px 0px;}.elementor-3552 .elementor-element.elementor-element-32bdeddb > .elementor-element-populated{margin:0px 0px 0px 0px;--e-column-margin-right:0px;--e-column-margin-left:0px;padding:0px 20px 0px 20px;}.elementor-3552 .elementor-element.elementor-element-6d3af210 .elementor-heading-title{font-size:var( --e-global-typography-secondary-font-size );line-height:var( --e-global-typography-secondary-line-height );}}<\/style>\t\t<div data-elementor-type=\"wp-page\" data-elementor-id=\"3552\" class=\"elementor elementor-3552 elementor-1336\" data-elementor-post-type=\"page\">\n\t\t\t\t\t\t<section class=\"elementor-section elementor-top-section elementor-element elementor-element-3438da73 elementor-section-boxed elementor-section-height-default elementor-section-height-default\" data-id=\"3438da73\" data-element_type=\"section\" data-settings=\"{&quot;background_background&quot;:&quot;classic&quot;}\">\n\t\t\t\t\t\t\t<div class=\"elementor-background-overlay\"><\/div>\n\t\t\t\t\t\t\t<div class=\"elementor-container elementor-column-gap-default\">\n\t\t\t\t\t<div class=\"elementor-column elementor-col-100 elementor-top-column elementor-element elementor-element-32bdeddb\" data-id=\"32bdeddb\" data-element_type=\"column\">\n\t\t\t<div class=\"elementor-widget-wrap elementor-element-populated\">\n\t\t\t\t\t\t<div class=\"elementor-element elementor-element-6d3af210 elementor-widget elementor-widget-heading\" data-id=\"6d3af210\" data-element_type=\"widget\" data-widget_type=\"heading.default\">\n\t\t\t\t<div class=\"elementor-widget-container\">\n\t\t\t\t\t<h2 class=\"elementor-heading-title elementor-size-default\">Vilk\u00e5r for brug<\/h2>\t\t\t\t<\/div>\n\t\t\t\t<\/div>\n\t\t\t\t\t<\/div>\n\t\t<\/div>\n\t\t\t\t\t<\/div>\n\t\t<\/section>\n\t\t\t\t<section class=\"elementor-section elementor-top-section elementor-element elementor-element-fb8c355 elementor-section-boxed elementor-section-height-default elementor-section-height-default\" data-id=\"fb8c355\" data-element_type=\"section\">\n\t\t\t\t\t\t<div class=\"elementor-container elementor-column-gap-default\">\n\t\t\t\t\t<div class=\"elementor-column elementor-col-100 elementor-top-column elementor-element elementor-element-63313d6\" data-id=\"63313d6\" data-element_type=\"column\">\n\t\t\t<div class=\"elementor-widget-wrap elementor-element-populated\">\n\t\t\t\t\t\t<div class=\"elementor-element elementor-element-98a631c elementor-widget elementor-widget-text-editor\" data-id=\"98a631c\" data-element_type=\"widget\" data-widget_type=\"text-editor.default\">\n\t\t\t\t<div class=\"elementor-widget-container\">\n\t\t\t\t\t\t\t\t\t<p data-fontsize=\"18\"><span data-preserver-spaces=\"true\"><b>AFSNIT 1 &#8211; OVERSIGT<\/b><\/span><\/p>\n<p data-fontsize=\"18\"><span data-preserver-spaces=\"true\">Denne hjemmeside drives af CMYLEAD. P\u00e5 hele webstedet henviser udtrykkene &#8220;vi&#8221;, &#8220;os&#8221; og &#8220;vores&#8221; til CMYLEAD. CMYLEAD tilbyder dette websted, herunder alle oplysninger, v\u00e6rkt\u00f8jer og tjenester, der er tilg\u00e6ngelige fra dette websted til dig, brugeren, betinget af din accept af alle vilk\u00e5r, betingelser, politikker og meddelelser, der er angivet her.  <\/span><\/p>\n<p data-fontsize=\"18\"><span data-preserver-spaces=\"true\">N\u00e5r du bes\u00f8ger vores websted og\/eller k\u00f8ber noget fra os, deltager du i vores &#8220;service&#8221; og accepterer at v\u00e6re bundet af f\u00f8lgende vilk\u00e5r og betingelser (&#8220;servicevilk\u00e5r&#8221;, &#8220;vilk\u00e5r&#8221;), herunder de yderligere vilk\u00e5r og betingelser og politikker, der henvises til heri og\/eller er tilg\u00e6ngelige via hyperlink. Disse servicevilk\u00e5r g\u00e6lder for alle brugere af webstedet, herunder uden begr\u00e6nsning brugere, der er browsere, leverand\u00f8rer, kunder, forhandlere og\/eller bidragydere til indhold. <\/span><\/p>\n<p data-fontsize=\"18\"><span data-preserver-spaces=\"true\">L\u00e6s venligst disse servicevilk\u00e5r omhyggeligt, f\u00f8r du g\u00e5r ind p\u00e5 eller bruger vores hjemmeside. Ved at f\u00e5 adgang til eller bruge nogen del af webstedet accepterer du at v\u00e6re bundet af disse servicevilk\u00e5r. Hvis du ikke accepterer alle vilk\u00e5r og betingelser i denne aftale, m\u00e5 du ikke f\u00e5 adgang til webstedet eller bruge nogen tjenester. Hvis disse servicevilk\u00e5r betragtes som et tilbud, er accepten udtrykkeligt begr\u00e6nset til disse servicevilk\u00e5r.   <\/span><\/p>\n<p data-fontsize=\"18\"><span data-preserver-spaces=\"true\">Alle nye funktioner eller v\u00e6rkt\u00f8jer, der f\u00f8jes til den nuv\u00e6rende butik, er ogs\u00e5 underlagt servicevilk\u00e5rene. Du kan til enhver tid se den nyeste version af servicevilk\u00e5rene p\u00e5 denne side. Vi forbeholder os ret til at opdatere, \u00e6ndre eller erstatte enhver del af disse servicevilk\u00e5r ved at offentligg\u00f8re opdateringer og\/eller \u00e6ndringer p\u00e5 vores hjemmeside. Det er dit ansvar at tjekke denne side med j\u00e6vne mellemrum for \u00e6ndringer. Din fortsatte brug af eller adgang til webstedet efter udstationering af \u00e6ndringer udg\u00f8r accept af disse \u00e6ndringer.    <\/span><\/p>\n<p data-fontsize=\"18\"><span data-preserver-spaces=\"true\"> <\/span><\/p>\n<p data-fontsize=\"18\"><span data-preserver-spaces=\"true\"><b>AFSNIT 2 &#8211; VILK\u00c5R FOR ONLINEBUTIK  <\/b><\/span><\/p>\n<p data-fontsize=\"18\"><span data-preserver-spaces=\"true\">Ved at acceptere disse servicevilk\u00e5r erkl\u00e6rer du, at du mindst er myndig i den stat eller provins, hvor du bor, eller at du er myndig i den stat eller provins, hvor du bor, og at du har givet os dit samtykke til at lade dine mindre\u00e5rige p\u00e5r\u00f8rende bruge dette websted. Du m\u00e5 ikke bruge vores produkter til ulovlige eller uautoriserede form\u00e5l, og du m\u00e5 heller ikke ved brug af tjenesten overtr\u00e6de nogen love i din jurisdiktion (herunder, men ikke begr\u00e6nset til, love om ophavsret). <\/span><\/p>\n<p data-fontsize=\"18\"><span data-preserver-spaces=\"true\">Du m\u00e5 ikke overf\u00f8re orme eller vira eller nogen kode af destruktiv karakter. Et brud p\u00e5 eller en overtr\u00e6delse af nogen af vilk\u00e5rene vil resultere i en \u00f8jeblikkelig opsigelse af dine tjenester. <\/span><\/p>\n<p data-fontsize=\"18\"><span data-preserver-spaces=\"true\"> <\/span><\/p>\n<p data-fontsize=\"18\"><span data-preserver-spaces=\"true\"><b>AFSNIT 3 &#8211; GENERELLE BETINGELSER<\/b><\/span><\/p>\n<p data-fontsize=\"18\"><span data-preserver-spaces=\"true\">Vi forbeholder os ret til at n\u00e6gte service til enhver af enhver grund til enhver tid. Du forst\u00e5r, at dit indhold (ikke inklusive kreditkortoplysninger) kan overf\u00f8res ukrypteret og involvere (a) transmissioner over forskellige netv\u00e6rk; og (b) \u00e6ndringer for at overholde og tilpasse sig de tekniske krav til tilsluttende netv\u00e6rk eller enheder. Kreditkortoplysninger er altid krypterede under overf\u00f8rsel over netv\u00e6rk.    <\/span><\/p>\n<p data-fontsize=\"18\"><span data-preserver-spaces=\"true\">AFSNIT 4 &#8211; OPLYSNINGERNES N\u00d8JAGTIGHED, FULDST\u00c6NDIGHED OG AKTUALITET<\/span><\/p>\n<p data-fontsize=\"18\"><span data-preserver-spaces=\"true\">Vi er ikke ansvarlige, hvis oplysninger, der stilles til r\u00e5dighed p\u00e5 dette websted, ikke er n\u00f8jagtige, fuldst\u00e6ndige eller aktuelle. Materialet p\u00e5 dette websted er kun til generel information og b\u00f8r ikke bruges som det eneste grundlag for at tr\u00e6ffe beslutninger uden at konsultere prim\u00e6re, mere n\u00f8jagtige, mere komplette eller mere aktuelle informationskilder. Enhver tillid til materialet p\u00e5 dette websted er p\u00e5 egen risiko. Dette websted kan indeholde visse historiske oplysninger. Historiske oplysninger er n\u00f8dvendigvis ikke aktuelle og leveres kun til din reference. Vi forbeholder os ret til at \u00e6ndre indholdet p\u00e5 dette websted til enhver tid, men vi har ingen forpligtelse til at opdatere nogen oplysninger p\u00e5 vores websted. Du accepterer, at det er dit ansvar at overv\u00e5ge \u00e6ndringer p\u00e5 vores websted.      <\/span><\/p>\n<p data-fontsize=\"18\"><span data-preserver-spaces=\"true\">Selvf\u00f8lgelig forts\u00e6tter jeg, hvor jeg slap, men v\u00e6r opm\u00e6rksom p\u00e5, at der b\u00f8r udarbejdes fuldst\u00e6ndige servicevilk\u00e5r med hj\u00e6lp fra en jurist for at sikre, at alle n\u00f8dvendige detaljer er d\u00e6kket og specifikke for virksomheden eller tjenesten. Her er en generel forts\u00e6ttelse: <\/span><\/p>\n<p data-fontsize=\"18\"><span data-preserver-spaces=\"true\"> <\/span><\/p>\n<p data-fontsize=\"18\"><span data-preserver-spaces=\"true\"><b>AFSNIT 5 &#8211; PRODUKTER ELLER TJENESTER<\/b><\/span><\/p>\n<p data-fontsize=\"18\"><span data-preserver-spaces=\"true\">Visse produkter eller tjenester kan udelukkende v\u00e6re tilg\u00e6ngelige online via webstedet. Disse produkter eller tjenester kan have begr\u00e6nsede m\u00e6ngder og er kun genstand for returnering eller ombytning i henhold til vores returpolitik. Vi har gjort alt for at vise farverne og billederne af vores produkter, der vises i butikken, s\u00e5 n\u00f8jagtigt som muligt. Vi kan ikke garantere, at din computersk\u00e6rms visning af en hvilken som helst farve er n\u00f8jagtig.   <\/span><\/p>\n<p data-fontsize=\"18\"><span data-preserver-spaces=\"true\"> <\/span><\/p>\n<p data-fontsize=\"18\"><span data-preserver-spaces=\"true\"><b>AFSNIT 6 &#8211; N\u00d8JAGTIGHED AF FAKTURERINGS- OG KONTOOPLYSNINGER<\/b><\/span><\/p>\n<p data-fontsize=\"18\"><span data-preserver-spaces=\"true\">Du accepterer at give aktuelle, fuldst\u00e6ndige og n\u00f8jagtige k\u00f8bs- og kontooplysninger for alle k\u00f8b, der foretages i vores butik. Du accepterer straks at opdatere din konto og andre oplysninger, herunder din e-mailadresse og kreditkortnumre og udl\u00f8bsdatoer, s\u00e5 vi kan gennemf\u00f8re dine transaktioner og kontakte dig efter behov. <\/span><\/p>\n<p data-fontsize=\"18\"><span data-preserver-spaces=\"true\"> <\/span><\/p>\n<p data-fontsize=\"18\"><span data-preserver-spaces=\"true\"><b>AFSNIT 7 &#8211; VALGFRIT V\u00c6RKT\u00d8J<\/b><\/span><\/p>\n<p data-fontsize=\"18\"><span data-preserver-spaces=\"true\">Vi kan give dig adgang til tredjepartsv\u00e6rkt\u00f8jer, som vi hverken overv\u00e5ger eller har nogen kontrol over eller input til. Du anerkender og accepterer, at vi giver adgang til s\u00e5danne v\u00e6rkt\u00f8jer &#8220;som de er&#8221; og &#8220;som tilg\u00e6ngelige&#8221; uden nogen garantier, erkl\u00e6ringer eller betingelser af nogen art og uden nogen godkendelse. <\/span><\/p>\n<p data-fontsize=\"18\"><span data-preserver-spaces=\"true\"> <\/span><\/p>\n<p data-fontsize=\"18\"><span data-preserver-spaces=\"true\"><b>AFSNIT 8 &#8211; TREDJEPARTSLINKS<\/b><\/span><\/p>\n<p data-fontsize=\"18\"><span data-preserver-spaces=\"true\">Visse former for indhold, produkter og tjenester, der er tilg\u00e6ngelige via vores tjeneste, kan omfatte materiale fra tredjeparter. Tredjepartslinks p\u00e5 dette websted kan lede dig til tredjepartswebsteder, der ikke er tilknyttet os. Vi er ikke ansvarlige for at unders\u00f8ge eller evaluere indholdet eller n\u00f8jagtigheden, og vi garanterer ikke og vil ikke have noget ansvar for tredjeparts materialer eller hjemmesider eller for andre materialer, produkter eller tjenester fra tredjeparter.  <\/span><\/p>\n<p data-fontsize=\"18\"><span data-preserver-spaces=\"true\"> <\/span><\/p>\n<p data-fontsize=\"18\"><span data-preserver-spaces=\"true\"><b>AFSNIT 9 &#8211; BRUGERKOMMENTARER, FEEDBACK OG ANDRE INDSENDELSER<\/b><\/span><\/p>\n<p data-fontsize=\"18\"><span data-preserver-spaces=\"true\">Hvis du sender visse specifikke indl\u00e6g eller kreative ideer, forslag, forslag, planer eller andet materiale, uanset om det er online, via e-mail, med post eller p\u00e5 anden m\u00e5de, accepterer du, at vi til enhver tid uden begr\u00e6nsning kan redigere, kopiere, offentligg\u00f8re, distribuere, overs\u00e6tte og p\u00e5 anden m\u00e5de bruge alle kommentarer, som du sender til os, i ethvert medie. Vi er ikke forpligtet til at holde nogen kommentarer fortrolige, til at betale kompensation for nogen kommentarer eller til at svare p\u00e5 nogen kommentarer. <\/span><\/p>\n<p data-fontsize=\"18\"><span data-preserver-spaces=\"true\"> <\/span><\/p>\n<p data-fontsize=\"18\"><span data-preserver-spaces=\"true\"><b>AFSNIT 10 &#8211; PERSONLIGE OPLYSNINGER<\/b><\/span><\/p>\n<p data-fontsize=\"18\"><span data-preserver-spaces=\"true\">Din indsendelse af personlige oplysninger gennem butikken er underlagt vores privatlivspolitik.<\/span><\/p>\n<p data-fontsize=\"18\"><span data-preserver-spaces=\"true\"> <\/span><\/p>\n<p data-fontsize=\"18\"><span data-preserver-spaces=\"true\"><b>AFSNIT 11 &#8211; FEJL, UN\u00d8JAGTIGHEDER OG UDELADELSER<\/b><\/span><\/p>\n<p data-fontsize=\"18\"><span data-preserver-spaces=\"true\">Lejlighedsvis kan der v\u00e6re oplysninger p\u00e5 vores websted eller i tjenesten, der indeholder typografiske fejl, un\u00f8jagtigheder eller udeladelser, der kan vedr\u00f8re produktbeskrivelser, priser, kampagner, tilbud, produktforsendelsesomkostninger, transittider og tilg\u00e6ngelighed. Vi forbeholder os ret til at rette eventuelle fejl, un\u00f8jagtigheder eller udeladelser og til at \u00e6ndre eller opdatere oplysninger eller annullere ordrer, hvis oplysninger i tjenesten eller p\u00e5 et relateret websted er un\u00f8jagtige til enhver tid uden forudg\u00e5ende varsel. <\/span><\/p>\n<p data-fontsize=\"18\"><span data-preserver-spaces=\"true\"> <\/span><\/p>\n<p data-fontsize=\"18\"><span data-preserver-spaces=\"true\"><b>AFSNIT 12 &#8211; FORBUDTE ANVENDELSER<\/b><\/span><\/p>\n<p data-fontsize=\"18\"><span data-preserver-spaces=\"true\">Ud over andre forbud, der er angivet i servicevilk\u00e5rene, er det forbudt at bruge webstedet eller dets indhold til ulovlige form\u00e5l; at opfordre andre til at udf\u00f8re eller deltage i ulovlige handlinger; at overtr\u00e6de internationale, f\u00f8derale, provinsielle eller statslige bestemmelser, regler, love eller lokale forordninger.<\/span><\/p>\n<p data-fontsize=\"18\"><span data-preserver-spaces=\"true\"> <\/span><\/p>\n<p data-fontsize=\"18\"><span data-preserver-spaces=\"true\"><b>AFSNIT 13 &#8211; FRASKRIVELSE AF GARANTIER; BEGR\u00c6NSNING AF ANSVAR<\/b><\/span><\/p>\n<p data-fontsize=\"18\"><span data-preserver-spaces=\"true\">Vi garanterer ikke, repr\u00e6senterer eller garanterer, at din brug af vores service vil v\u00e6re uafbrudt, rettidig, sikker eller fejlfri. Vi garanterer ikke, at de resultater, der kan opn\u00e5s ved brug af tjenesten, vil v\u00e6re n\u00f8jagtige eller p\u00e5lidelige. <\/span><\/p>\n<p data-fontsize=\"18\"><span data-preserver-spaces=\"true\"> <\/span><\/p>\n<p data-fontsize=\"18\"><span data-preserver-spaces=\"true\"><b>AFSNIT 14 &#8211; SKADESL\u00d8SHOLDELSE<\/b><\/span><\/p>\n<p data-fontsize=\"18\"><span data-preserver-spaces=\"true\">Du accepterer at skadesl\u00f8sholde, forsvare og holde CMYLEAD og vores moderselskab, datterselskaber, partnere, officerer, direkt\u00f8rer, agenter, entrepren\u00f8rer, licensgivere, tjenesteudbydere, underleverand\u00f8rer, leverand\u00f8rer, praktikanter og medarbejdere skadesl\u00f8se fra ethvert krav eller krav, herunder rimelige advokatsal\u00e6rer, fremsat af enhver tredjepart p\u00e5 grund af eller som f\u00f8lge af din overtr\u00e6delse af disse servicevilk\u00e5r eller de dokumenter, de inkorporerer ved henvisning, eller din overtr\u00e6delse af enhver lov eller en tredjeparts rettigheder.<\/span><\/p>\n<p data-fontsize=\"18\"><span data-preserver-spaces=\"true\"> <\/span><\/p>\n<p data-fontsize=\"18\"><span data-preserver-spaces=\"true\"><b>AFSNIT 15 &#8211; ADSKILLELSE<\/b><\/span><\/p>\n<p data-fontsize=\"18\"><span data-preserver-spaces=\"true\">I tilf\u00e6lde af at en bestemmelse i disse servicevilk\u00e5r anses for at v\u00e6re ulovlig, ugyldig eller umulig at h\u00e5ndh\u00e6ve, skal en s\u00e5dan bestemmelse ikke desto mindre kunne h\u00e5ndh\u00e6ves i videst muligt omfang i henhold til g\u00e6ldende lov, og den del, der ikke kan h\u00e5ndh\u00e6ves, skal anses for at v\u00e6re udskilt fra disse servicevilk\u00e5r.<\/span><\/p>\n<p data-fontsize=\"18\"><span data-preserver-spaces=\"true\"> <\/span><\/p>\n<p data-fontsize=\"18\"><span data-preserver-spaces=\"true\"><b>AFSNIT 16 &#8211; OPSIGELSE<\/b><\/span><\/p>\n<p data-fontsize=\"18\"><span data-preserver-spaces=\"true\">Disse servicevilk\u00e5r er g\u00e6ldende, medmindre og indtil de opsiges af enten dig eller os. Du kan til enhver tid opsige disse servicevilk\u00e5r ved at underrette os om, at du ikke l\u00e6ngere \u00f8nsker at bruge vores tjenester, eller n\u00e5r du oph\u00f8rer med at bruge vores websted. <\/span><\/p>\n<p data-fontsize=\"18\"><span data-preserver-spaces=\"true\"> <\/span><\/p>\n<p data-fontsize=\"18\"><span data-preserver-spaces=\"true\"><b>AFSNIT 17 &#8211; HELE AFTALEN<\/b><\/span><\/p>\n<p data-fontsize=\"18\"><span data-preserver-spaces=\"true\">Disse servicevilk\u00e5r og eventuelle politikker eller driftsregler, der er offentliggjort af os p\u00e5 dette websted eller med hensyn til tjenesten, udg\u00f8r hele aftalen og forst\u00e5elsen mellem dig og os og styrer din brug af tjenesten og erstatter alle tidligere eller samtidige aftaler, kommunikationer og forslag, hvad enten de er mundtlige eller skriftlige, mellem dig og os.<\/span><\/p>\n<p data-fontsize=\"18\"><span data-preserver-spaces=\"true\"> <\/span><\/p>\n<p data-fontsize=\"18\"><span data-preserver-spaces=\"true\"><b>AFSNIT 18 &#8211; G\u00c6LDENDE LOV<\/b><\/span><\/p>\n<p data-fontsize=\"18\"><span data-preserver-spaces=\"true\">Disse servicevilk\u00e5r og eventuelle separate aftaler, hvorved vi leverer tjenester til dig, skal styres af og fortolkes i overensstemmelse med lovgivningen i den jurisdiktion, hvor vores virksomhed er registreret.<\/span><\/p>\n<p data-fontsize=\"18\"><span data-preserver-spaces=\"true\"> <\/span><\/p>\n<p data-fontsize=\"18\"><span data-preserver-spaces=\"true\"><b>AFSNIT 19 &#8211; \u00c6NDRINGER AF SERVICEVILK\u00c5R<\/b><\/span><\/p>\n<p data-fontsize=\"18\"><span data-preserver-spaces=\"true\">Du kan til enhver tid se den nyeste version af servicevilk\u00e5rene p\u00e5 denne side. Vi forbeholder os ret til efter eget sk\u00f8n at opdatere, \u00e6ndre eller erstatte enhver del af disse servicevilk\u00e5r ved at offentligg\u00f8re opdateringer og \u00e6ndringer p\u00e5 vores hjemmeside. <\/span><\/p>\n<p data-fontsize=\"18\"><span data-preserver-spaces=\"true\"> <\/span><\/p>\n<p data-fontsize=\"18\"><span data-preserver-spaces=\"true\"><b>AFSNIT 20 &#8211; KONTAKTOPLYSNINGER<\/b><\/span><\/p>\n<p data-fontsize=\"18\"><span data-preserver-spaces=\"true\">Sp\u00f8rgsm\u00e5l om servicevilk\u00e5rene skal sendes til os p\u00e5 info@cmylead.com.<\/span><\/p>\n\t\t\t\t\t\t\t\t<\/div>\n\t\t\t\t<\/div>\n\t\t\t\t<div class=\"elementor-element elementor-element-26be6c1 elementor-widget elementor-widget-spacer\" data-id=\"26be6c1\" data-element_type=\"widget\" data-widget_type=\"spacer.default\">\n\t\t\t\t<div class=\"elementor-widget-container\">\n\t\t\t\t\t\t\t<div class=\"elementor-spacer\">\n\t\t\t<div class=\"elementor-spacer-inner\"><\/div>\n\t\t<\/div>\n\t\t\t\t\t\t<\/div>\n\t\t\t\t<\/div>\n\t\t\t\t\t<\/div>\n\t\t<\/div>\n\t\t\t\t\t<\/div>\n\t\t<\/section>\n\t\t\t\t<\/div>\n\t\t","protected":false},"excerpt":{"rendered":"<p>Vilk\u00e5r for brug AFSNIT 1 &#8211; OVERSIGT Denne hjemmeside drives af CMYLEAD. P\u00e5 hele webstedet henviser udtrykkene &#8220;vi&#8221;, &#8220;os&#8221; og &#8220;vores&#8221; til CMYLEAD. CMYLEAD tilbyder dette websted, herunder alle oplysninger, v\u00e6rkt\u00f8jer og tjenester, der er tilg\u00e6ngelige fra dette websted til dig, brugeren, betinget af din accept af alle vilk\u00e5r, betingelser, politikker og meddelelser, der er [&hellip;]<\/p>\n","protected":false},"author":1,"featured_media":0,"parent":0,"menu_order":0,"comment_status":"closed","ping_status":"closed","template":"","meta":{"footnotes":""},"class_list":["post-3552","page","type-page","status-publish","hentry"],"_links":{"self":[{"href":"https:\/\/cmylead.com\/da\/wp-json\/wp\/v2\/pages\/3552","targetHints":{"allow":["GET"]}}],"collection":[{"href":"https:\/\/cmylead.com\/da\/wp-json\/wp\/v2\/pages"}],"about":[{"href":"https:\/\/cmylead.com\/da\/wp-json\/wp\/v2\/types\/page"}],"author":[{"embeddable":true,"href":"https:\/\/cmylead.com\/da\/wp-json\/wp\/v2\/users\/1"}],"replies":[{"embeddable":true,"href":"https:\/\/cmylead.com\/da\/wp-json\/wp\/v2\/comments?post=3552"}],"version-history":[{"count":1,"href":"https:\/\/cmylead.com\/da\/wp-json\/wp\/v2\/pages\/3552\/revisions"}],"predecessor-version":[{"id":3553,"href":"https:\/\/cmylead.com\/da\/wp-json\/wp\/v2\/pages\/3552\/revisions\/3553"}],"wp:attachment":[{"href":"https:\/\/cmylead.com\/da\/wp-json\/wp\/v2\/media?parent=3552"}],"curies":[{"name":"wp","href":"https:\/\/api.w.org\/{rel}","templated":true}]}}