{"id":3412,"date":"2024-10-31T17:37:39","date_gmt":"2024-10-31T17:37:39","guid":{"rendered":"https:\/\/cmylead.com\/sicherheitsrichtlinie-fuer-webanwendungen\/"},"modified":"2024-11-10T18:42:04","modified_gmt":"2024-11-10T18:42:04","slug":"sicherheitsrichtlinie-fuer-webanwendungen","status":"publish","type":"page","link":"https:\/\/cmylead.com\/de\/sicherheitsrichtlinie-fuer-webanwendungen\/","title":{"rendered":"Sicherheitsrichtlinie f\u00fcr Webanwendungen"},"content":{"rendered":"<style>.elementor-3412 .elementor-element.elementor-element-3438da73 > .elementor-background-overlay{background-color:var( --e-global-color-secondary );opacity:0.9;transition:background 0.3s, border-radius 0.3s, opacity 0.3s;}.elementor-3412 .elementor-element.elementor-element-3438da73 > .elementor-container{max-width:1200px;}.elementor-3412 .elementor-element.elementor-element-3438da73:not(.elementor-motion-effects-element-type-background), .elementor-3412 .elementor-element.elementor-element-3438da73 > .elementor-motion-effects-container > .elementor-motion-effects-layer{background-position:0% 10%;background-repeat:no-repeat;background-size:cover;}.elementor-3412 .elementor-element.elementor-element-3438da73{transition:background 0.3s, border 0.3s, border-radius 0.3s, box-shadow 0.3s;margin-top:-100px;margin-bottom:100px;padding:200px 0px 100px 0px;}.elementor-3412 .elementor-element.elementor-element-6d3af210{text-align:center;}.elementor-3412 .elementor-element.elementor-element-6d3af210 .elementor-heading-title{font-family:var( --e-global-typography-secondary-font-family ), Sans-serif;font-size:var( --e-global-typography-secondary-font-size );font-weight:var( --e-global-typography-secondary-font-weight );text-transform:var( --e-global-typography-secondary-text-transform );text-decoration:var( --e-global-typography-secondary-text-decoration );line-height:var( --e-global-typography-secondary-line-height );color:var( --e-global-color-827cd3a );}:root{--page-title-display:none;}@media(max-width:1024px){.elementor-3412 .elementor-element.elementor-element-3438da73:not(.elementor-motion-effects-element-type-background), .elementor-3412 .elementor-element.elementor-element-3438da73 > .elementor-motion-effects-container > .elementor-motion-effects-layer{background-position:0px 0px;}.elementor-3412 .elementor-element.elementor-element-3438da73{margin-top:-150px;margin-bottom:100px;padding:220px 0px 100px 0px;}.elementor-3412 .elementor-element.elementor-element-32bdeddb > .elementor-element-populated{margin:0px 0px 0px 0px;--e-column-margin-right:0px;--e-column-margin-left:0px;padding:0px 30px 0px 30px;}.elementor-3412 .elementor-element.elementor-element-6d3af210 .elementor-heading-title{font-size:var( --e-global-typography-secondary-font-size );line-height:var( --e-global-typography-secondary-line-height );}}@media(max-width:767px){.elementor-3412 .elementor-element.elementor-element-3438da73:not(.elementor-motion-effects-element-type-background), .elementor-3412 .elementor-element.elementor-element-3438da73 > .elementor-motion-effects-container > .elementor-motion-effects-layer{background-position:0px 0px;}.elementor-3412 .elementor-element.elementor-element-3438da73{margin-top:-150px;margin-bottom:100px;padding:220px 0px 100px 0px;}.elementor-3412 .elementor-element.elementor-element-32bdeddb > .elementor-element-populated{margin:0px 0px 0px 0px;--e-column-margin-right:0px;--e-column-margin-left:0px;padding:0px 20px 0px 20px;}.elementor-3412 .elementor-element.elementor-element-6d3af210 .elementor-heading-title{font-size:var( --e-global-typography-secondary-font-size );line-height:var( --e-global-typography-secondary-line-height );}}<\/style>\t\t<div data-elementor-type=\"wp-page\" data-elementor-id=\"3412\" class=\"elementor elementor-3412 elementor-1350\" data-elementor-post-type=\"page\">\n\t\t\t\t\t\t<section class=\"elementor-section elementor-top-section elementor-element elementor-element-3438da73 elementor-section-boxed elementor-section-height-default elementor-section-height-default\" data-id=\"3438da73\" data-element_type=\"section\" data-settings=\"{&quot;background_background&quot;:&quot;classic&quot;}\">\n\t\t\t\t\t\t\t<div class=\"elementor-background-overlay\"><\/div>\n\t\t\t\t\t\t\t<div class=\"elementor-container elementor-column-gap-default\">\n\t\t\t\t\t<div class=\"elementor-column elementor-col-100 elementor-top-column elementor-element elementor-element-32bdeddb\" data-id=\"32bdeddb\" data-element_type=\"column\">\n\t\t\t<div class=\"elementor-widget-wrap elementor-element-populated\">\n\t\t\t\t\t\t<div class=\"elementor-element elementor-element-6d3af210 elementor-widget elementor-widget-heading\" data-id=\"6d3af210\" data-element_type=\"widget\" data-widget_type=\"heading.default\">\n\t\t\t\t<div class=\"elementor-widget-container\">\n\t\t\t\t\t<h2 class=\"elementor-heading-title elementor-size-default\">Sicherheitsrichtlinie f\u00fcr Webanwendungen<\/h2>\t\t\t\t<\/div>\n\t\t\t\t<\/div>\n\t\t\t\t\t<\/div>\n\t\t<\/div>\n\t\t\t\t\t<\/div>\n\t\t<\/section>\n\t\t\t\t<section class=\"elementor-section elementor-top-section elementor-element elementor-element-fb8c355 elementor-section-boxed elementor-section-height-default elementor-section-height-default\" data-id=\"fb8c355\" data-element_type=\"section\">\n\t\t\t\t\t\t<div class=\"elementor-container elementor-column-gap-default\">\n\t\t\t\t\t<div class=\"elementor-column elementor-col-100 elementor-top-column elementor-element elementor-element-63313d6\" data-id=\"63313d6\" data-element_type=\"column\">\n\t\t\t<div class=\"elementor-widget-wrap elementor-element-populated\">\n\t\t\t\t\t\t<div class=\"elementor-element elementor-element-98a631c elementor-widget elementor-widget-text-editor\" data-id=\"98a631c\" data-element_type=\"widget\" data-widget_type=\"text-editor.default\">\n\t\t\t\t<div class=\"elementor-widget-container\">\n\t\t\t\t\t\t\t\t\t<p data-fontsize=\"16\">Willkommen bei unserer Webanwendung! Wir sind bestrebt, die Sicherheit und den Datenschutz unserer Nutzer zu gew\u00e4hrleisten. Im Folgenden finden Sie die wichtigsten Sicherheitsma\u00dfnahmen, die wir zum Schutz Ihrer Daten getroffen haben.  <\/p>\n<p data-fontsize=\"16\"><strong>\u00dcberpr\u00fcfung der Eingaben<\/strong><\/p>\n<ul class=\"wp-block-list\">\n<li><strong>Eingaben bereinigen und validieren:<\/strong> Wir stellen sicher, dass alle Benutzereingaben ordnungsgem\u00e4\u00df bereinigt und validiert werden, um Sicherheitsbedrohungen wie SQL-Injection und Cross-Site Scripting (XSS) zu verhindern.<\/li>\n<li><strong>Vorbereitete Anweisungen:<\/strong> Wir verwenden Prepared Statements f\u00fcr Datenbankinteraktionen, um die Sicherheit zu erh\u00f6hen.<\/li>\n<\/ul>\n<p data-fontsize=\"16\"><strong>Authentifizierung und Autorisierung<\/strong><\/p>\n<ul class=\"wp-block-list\">\n<li><strong>Starke Passw\u00f6rter:<\/strong> Wir setzen strenge Passwortrichtlinien durch, um Ihr Konto zu sch\u00fctzen.<\/li>\n<li><strong>Zwei-Faktoren-Authentifizierung (2FA):<\/strong> Wir bieten 2FA f\u00fcr zus\u00e4tzliche Sicherheit.<\/li>\n<li><strong>Rollenbasierte Zugriffskontrolle (RBAC):<\/strong> Der Zugriff auf Ressourcen wird anhand von Benutzerrollen eingeschr\u00e4nkt.<\/li>\n<\/ul>\n<p data-fontsize=\"16\"><strong>Session Management<\/strong><\/p>\n<ul class=\"wp-block-list\">\n<li><strong>Sichere Sitzungs-IDs:<\/strong> Wir verwenden sichere, zuf\u00e4llig generierte Sitzungs-IDs, die in sicheren Cookies gespeichert sind.<\/li>\n<li><strong>Zeit\u00fcberschreitung der Sitzung:<\/strong> Benutzer werden nach einer gewissen Zeit der Inaktivit\u00e4t automatisch abgemeldet.<\/li>\n<li><strong>Verhinderung von Session Hijacking:<\/strong> Wir erneuern regelm\u00e4\u00dfig die Sitzungs-IDs, insbesondere nach der Anmeldung.<\/li>\n<\/ul>\n<p data-fontsize=\"16\"><strong>Schutz der Daten<\/strong><\/p>\n<ul class=\"wp-block-list\">\n<li><strong>Verschl\u00fcsselung:<\/strong> Wir verschl\u00fcsseln sensible Daten sowohl bei der \u00dcbertragung als auch im Ruhezustand.<\/li>\n<li><strong>Passwort-Hashing:<\/strong> Passw\u00f6rter werden mit starken Einweg-Hashing-Algorithmen gespeichert.<\/li>\n<\/ul>\n<p data-fontsize=\"16\"><strong>Fehlerbehandlung und Protokollierung<\/strong><\/p>\n<ul class=\"wp-block-list\">\n<li><strong>Allgemeine Fehlermeldungen:<\/strong> Wir zeigen generische Fehlermeldungen an, um den Verlust von Informationen zu verhindern.<\/li>\n<li><strong>Detaillierte Protokollierung:<\/strong> Fehler werden mit detaillierten Informationen an einem sicheren Ort protokolliert.<\/li>\n<li><strong>Log-\u00dcberwachung:<\/strong> Wir \u00fcberwachen die Protokolle regelm\u00e4\u00dfig auf verd\u00e4chtige Aktivit\u00e4ten.<\/li>\n<\/ul>\n<p data-fontsize=\"16\"><strong>Sichere Kodierungspraktiken<\/strong><\/p>\n<ul class=\"wp-block-list\">\n<li><strong>Code-\u00dcberpr\u00fcfung:<\/strong> Regelm\u00e4\u00dfige Code-Reviews werden durchgef\u00fchrt, um Schwachstellen zu identifizieren und zu beheben.<\/li>\n<li><strong>Sicherheitsschulung:<\/strong> Unsere Entwickler erhalten kontinuierliche Sicherheitsschulungen.<\/li>\n<li><strong>Sicherheits-Bibliotheken:<\/strong> Wir verwenden gut gewartete Sicherheitsbibliotheken und Frameworks.<\/li>\n<\/ul>\n<p data-fontsize=\"16\"><strong>Konfigurationsmanagement<\/strong><\/p>\n<ul class=\"wp-block-list\">\n<li><strong>Minimale Privilegien:<\/strong> Anwendungen werden mit den geringsten erforderlichen Rechten ausgef\u00fchrt.<\/li>\n<li><strong>Sichere Konfiguration:<\/strong> Unsere Server sind sicher konfiguriert und werden regelm\u00e4\u00dfig aktualisiert.<\/li>\n<li><strong>Unn\u00f6tige Funktionen deaktivieren:<\/strong> Ungenutzte Dienste und Komponenten werden deaktiviert, um das Risiko zu verringern.<\/li>\n<\/ul>\n<p data-fontsize=\"16\"><strong>Regelm\u00e4\u00dfige Sicherheitstests<\/strong><\/p>\n<ul class=\"wp-block-list\">\n<li><strong>Scannen auf Schwachstellen:<\/strong> Regelm\u00e4\u00dfige Scans werden durchgef\u00fchrt, um Sicherheitsschwachstellen zu identifizieren.<\/li>\n<li><strong>Penetrationstests:<\/strong> Regelm\u00e4\u00dfige Penetrationstests werden durchgef\u00fchrt, um unsere Sicherheit zu bewerten.<\/li>\n<li><strong>Patch-Verwaltung:<\/strong> Sicherheits-Patches und -Updates werden zeitnah eingespielt.<\/li>\n<\/ul>\n<p data-fontsize=\"16\"><strong>Reaktion auf Vorf\u00e4lle<\/strong><\/p>\n<ul class=\"wp-block-list\">\n<li><strong>Plan zur Reaktion auf Vorf\u00e4lle:<\/strong> Wir haben einen detaillierten Plan f\u00fcr die Reaktion auf Sicherheitsverletzungen.<\/li>\n<li><strong>Regelm\u00e4\u00dfige \u00dcbungen:<\/strong> Es werden \u00dcbungen zur Reaktion auf Vorf\u00e4lle durchgef\u00fchrt, um die Bereitschaft zu gew\u00e4hrleisten.<\/li>\n<\/ul>\n<p data-fontsize=\"16\"><strong>Compliance und rechtliche Anforderungen<\/strong><\/p>\n<ul class=\"wp-block-list\">\n<li><strong>Datenschutzgesetze:<\/strong> Wir halten die einschl\u00e4gigen Datenschutzgesetze und -vorschriften ein.<\/li>\n<li><strong>Branchenstandards:<\/strong> Wir halten uns an Industriestandards und Best Practices, wie die OWASP Top Ten.<\/li>\n<\/ul>\n<p data-fontsize=\"16\"><strong>\u00dcberpr\u00fcfung der Politik<\/strong><\/p>\n<p data-fontsize=\"16\">Unsere Sicherheitsrichtlinien werden j\u00e4hrlich oder nach jedem gr\u00f6\u00dferen Sicherheitsvorfall \u00fcberpr\u00fcft, um ihre Wirksamkeit zu gew\u00e4hrleisten.<\/p>\n<p data-fontsize=\"16\">Vielen Dank, dass Sie uns Ihre Daten anvertraut haben. Wir verpflichten uns, die h\u00f6chsten Sicherheitsstandards einzuhalten, um Ihre Daten zu sch\u00fctzen. <\/p>\n\t\t\t\t\t\t\t\t<\/div>\n\t\t\t\t<\/div>\n\t\t\t\t\t<\/div>\n\t\t<\/div>\n\t\t\t\t\t<\/div>\n\t\t<\/section>\n\t\t\t\t<\/div>\n\t\t","protected":false},"excerpt":{"rendered":"<p>Sicherheitsrichtlinie f\u00fcr Webanwendungen Willkommen bei unserer Webanwendung! Wir sind bestrebt, die Sicherheit und den Datenschutz unserer Nutzer zu gew\u00e4hrleisten. Im Folgenden finden Sie die wichtigsten Sicherheitsma\u00dfnahmen, die wir zum Schutz Ihrer Daten getroffen haben. \u00dcberpr\u00fcfung der Eingaben Eingaben bereinigen und validieren: Wir stellen sicher, dass alle Benutzereingaben ordnungsgem\u00e4\u00df bereinigt und validiert werden, um Sicherheitsbedrohungen wie [&hellip;]<\/p>\n","protected":false},"author":1,"featured_media":0,"parent":0,"menu_order":0,"comment_status":"closed","ping_status":"closed","template":"","meta":{"footnotes":""},"class_list":["post-3412","page","type-page","status-publish","hentry"],"_links":{"self":[{"href":"https:\/\/cmylead.com\/de\/wp-json\/wp\/v2\/pages\/3412","targetHints":{"allow":["GET"]}}],"collection":[{"href":"https:\/\/cmylead.com\/de\/wp-json\/wp\/v2\/pages"}],"about":[{"href":"https:\/\/cmylead.com\/de\/wp-json\/wp\/v2\/types\/page"}],"author":[{"embeddable":true,"href":"https:\/\/cmylead.com\/de\/wp-json\/wp\/v2\/users\/1"}],"replies":[{"embeddable":true,"href":"https:\/\/cmylead.com\/de\/wp-json\/wp\/v2\/comments?post=3412"}],"version-history":[{"count":1,"href":"https:\/\/cmylead.com\/de\/wp-json\/wp\/v2\/pages\/3412\/revisions"}],"predecessor-version":[{"id":3415,"href":"https:\/\/cmylead.com\/de\/wp-json\/wp\/v2\/pages\/3412\/revisions\/3415"}],"wp:attachment":[{"href":"https:\/\/cmylead.com\/de\/wp-json\/wp\/v2\/media?parent=3412"}],"curies":[{"name":"wp","href":"https:\/\/api.w.org\/{rel}","templated":true}]}}