{"id":3456,"date":"2024-10-31T17:35:35","date_gmt":"2024-10-31T17:35:35","guid":{"rendered":"https:\/\/cmylead.com\/datenschutzbestimmungen\/"},"modified":"2024-11-11T16:52:00","modified_gmt":"2024-11-11T16:52:00","slug":"datenschutzbestimmungen","status":"publish","type":"page","link":"https:\/\/cmylead.com\/de\/datenschutzbestimmungen\/","title":{"rendered":"Datenschutzbestimmungen"},"content":{"rendered":"<style>.elementor-3456 .elementor-element.elementor-element-3438da73 > .elementor-background-overlay{background-color:var( --e-global-color-secondary );opacity:0.9;transition:background 0.3s, border-radius 0.3s, opacity 0.3s;}.elementor-3456 .elementor-element.elementor-element-3438da73 > .elementor-container{max-width:1200px;}.elementor-3456 .elementor-element.elementor-element-3438da73:not(.elementor-motion-effects-element-type-background), .elementor-3456 .elementor-element.elementor-element-3438da73 > .elementor-motion-effects-container > .elementor-motion-effects-layer{background-position:0% 10%;background-repeat:no-repeat;background-size:cover;}.elementor-3456 .elementor-element.elementor-element-3438da73{transition:background 0.3s, border 0.3s, border-radius 0.3s, box-shadow 0.3s;margin-top:-100px;margin-bottom:100px;padding:200px 0px 100px 0px;}.elementor-3456 .elementor-element.elementor-element-6d3af210{text-align:center;}.elementor-3456 .elementor-element.elementor-element-6d3af210 .elementor-heading-title{font-family:var( --e-global-typography-secondary-font-family ), Sans-serif;font-size:var( --e-global-typography-secondary-font-size );font-weight:var( --e-global-typography-secondary-font-weight );text-transform:var( --e-global-typography-secondary-text-transform );text-decoration:var( --e-global-typography-secondary-text-decoration );line-height:var( --e-global-typography-secondary-line-height );color:var( --e-global-color-827cd3a );}:root{--page-title-display:none;}@media(max-width:1024px){.elementor-3456 .elementor-element.elementor-element-3438da73:not(.elementor-motion-effects-element-type-background), .elementor-3456 .elementor-element.elementor-element-3438da73 > .elementor-motion-effects-container > .elementor-motion-effects-layer{background-position:0px 0px;}.elementor-3456 .elementor-element.elementor-element-3438da73{margin-top:-150px;margin-bottom:100px;padding:220px 0px 100px 0px;}.elementor-3456 .elementor-element.elementor-element-32bdeddb > .elementor-element-populated{margin:0px 0px 0px 0px;--e-column-margin-right:0px;--e-column-margin-left:0px;padding:0px 30px 0px 30px;}.elementor-3456 .elementor-element.elementor-element-6d3af210 .elementor-heading-title{font-size:var( --e-global-typography-secondary-font-size );line-height:var( --e-global-typography-secondary-line-height );}}@media(max-width:767px){.elementor-3456 .elementor-element.elementor-element-3438da73:not(.elementor-motion-effects-element-type-background), .elementor-3456 .elementor-element.elementor-element-3438da73 > .elementor-motion-effects-container > .elementor-motion-effects-layer{background-position:0px 0px;}.elementor-3456 .elementor-element.elementor-element-3438da73{margin-top:-150px;margin-bottom:100px;padding:220px 0px 100px 0px;}.elementor-3456 .elementor-element.elementor-element-32bdeddb > .elementor-element-populated{margin:0px 0px 0px 0px;--e-column-margin-right:0px;--e-column-margin-left:0px;padding:0px 20px 0px 20px;}.elementor-3456 .elementor-element.elementor-element-6d3af210 .elementor-heading-title{font-size:var( --e-global-typography-secondary-font-size );line-height:var( --e-global-typography-secondary-line-height );}}<\/style>\t\t<div data-elementor-type=\"wp-page\" data-elementor-id=\"3456\" class=\"elementor elementor-3456 elementor-1345\" data-elementor-post-type=\"page\">\n\t\t\t\t\t\t<section class=\"elementor-section elementor-top-section elementor-element elementor-element-3438da73 elementor-section-boxed elementor-section-height-default elementor-section-height-default\" data-id=\"3438da73\" data-element_type=\"section\" data-settings=\"{&quot;background_background&quot;:&quot;classic&quot;}\">\n\t\t\t\t\t\t\t<div class=\"elementor-background-overlay\"><\/div>\n\t\t\t\t\t\t\t<div class=\"elementor-container elementor-column-gap-default\">\n\t\t\t\t\t<div class=\"elementor-column elementor-col-100 elementor-top-column elementor-element elementor-element-32bdeddb\" data-id=\"32bdeddb\" data-element_type=\"column\">\n\t\t\t<div class=\"elementor-widget-wrap elementor-element-populated\">\n\t\t\t\t\t\t<div class=\"elementor-element elementor-element-6d3af210 elementor-widget elementor-widget-heading\" data-id=\"6d3af210\" data-element_type=\"widget\" data-widget_type=\"heading.default\">\n\t\t\t\t<div class=\"elementor-widget-container\">\n\t\t\t\t\t<h2 class=\"elementor-heading-title elementor-size-default\">Datenschutzbestimmungen<\/h2>\t\t\t\t<\/div>\n\t\t\t\t<\/div>\n\t\t\t\t\t<\/div>\n\t\t<\/div>\n\t\t\t\t\t<\/div>\n\t\t<\/section>\n\t\t\t\t<section class=\"elementor-section elementor-top-section elementor-element elementor-element-fb8c355 elementor-section-boxed elementor-section-height-default elementor-section-height-default\" data-id=\"fb8c355\" data-element_type=\"section\">\n\t\t\t\t\t\t<div class=\"elementor-container elementor-column-gap-default\">\n\t\t\t\t\t<div class=\"elementor-column elementor-col-100 elementor-top-column elementor-element elementor-element-63313d6\" data-id=\"63313d6\" data-element_type=\"column\">\n\t\t\t<div class=\"elementor-widget-wrap elementor-element-populated\">\n\t\t\t\t\t\t<div class=\"elementor-element elementor-element-98a631c elementor-widget elementor-widget-text-editor\" data-id=\"98a631c\" data-element_type=\"widget\" data-widget_type=\"text-editor.default\">\n\t\t\t\t<div class=\"elementor-widget-container\">\n\t\t\t\t\t\t\t\t\t<h4 data-fontsize=\"24\"><span data-preserver-spaces=\"true\">Bei CmyLead, erreichbar \u00fcber <\/span><a href=\"https:\/\/cmylead.com\/\" target=\"_blank\" rel=\"noopener\" data-fontsize=\"24\">www.cmylead.com<\/a><span data-preserver-spaces=\"true\">Unsere h\u00f6chste Priorit\u00e4t sind die Privatsph\u00e4re und das Vertrauen unserer Nutzer. Diese Datenschutzrichtlinie beschreibt die Arten von Informationen, die wir sammeln und aufzeichnen und wie sie verwendet werden. <\/span><\/h4>\n<div><span data-preserver-spaces=\"true\"> <\/span><\/div>\n<p data-fontsize=\"18\"><span data-preserver-spaces=\"true\">Wenn Sie Fragen haben oder weitere Informationen zu unserer Datenschutzrichtlinie w\u00fcnschen, k\u00f6nnen Sie uns gerne kontaktieren.<\/span><\/p>\n<p data-fontsize=\"18\"><span data-preserver-spaces=\"true\">Diese Datenschutzrichtlinie gilt f\u00fcr unsere Online-Aktivit\u00e4ten und f\u00fcr die Informationen, die Sie auf CmyLead teilen und\/oder sammeln. Sie erstreckt sich nicht auf Informationen, die offline oder \u00fcber andere Kan\u00e4le als diese Website gesammelt werden. Unsere Datenschutzrichtlinie wurde mit Hilfe des Free Privacy Policy Generator erstellt.  <\/span><\/p>\n<p data-fontsize=\"18\"><span data-preserver-spaces=\"true\"><b>Einverst\u00e4ndnis<\/b><\/span><\/p>\n<p data-fontsize=\"18\"><span data-preserver-spaces=\"true\">Durch die Nutzung unserer Website erkl\u00e4ren Sie sich mit unserer Datenschutzrichtlinie einverstanden und akzeptieren deren Bedingungen.<\/span><\/p>\n<p data-fontsize=\"18\"><span data-preserver-spaces=\"true\"><b>Informationen, die wir sammeln<\/b><\/span><\/p>\n<p data-fontsize=\"18\"><span data-preserver-spaces=\"true\">Wir werden Ihnen klar und deutlich erkl\u00e4ren, warum wir die pers\u00f6nlichen Daten, um die wir Sie bitten, ben\u00f6tigen, wenn wir Sie darum bitten.<\/span><\/p>\n<p data-fontsize=\"18\"><span data-preserver-spaces=\"true\">Wenn Sie sich direkt mit uns in Verbindung setzen, k\u00f6nnen wir zus\u00e4tzliche Informationen erhalten, wie z.B. Ihren Namen, Ihre E-Mail-Adresse, Ihre Telefonnummer, den Inhalt der Nachricht oder Anh\u00e4nge, die Sie uns senden, und alle anderen Informationen, die Sie uns zur Verf\u00fcgung stellen m\u00f6chten.<\/span><\/p>\n<p data-fontsize=\"18\"><span data-preserver-spaces=\"true\">Wenn Sie sich f\u00fcr ein Konto registrieren, fragen wir Sie m\u00f6glicherweise nach Ihren Kontaktinformationen, einschlie\u00dflich Angaben wie Name, Firmenname, Adresse, E-Mail-Adresse und Telefonnummer.<\/span><\/p>\n<p data-fontsize=\"18\"><span data-preserver-spaces=\"true\"><b>Wie verwenden wir Ihre Informationen?<\/b><\/span><\/p>\n<p data-fontsize=\"18\"><span data-preserver-spaces=\"true\">Wir nutzen die von uns gesammelten Informationen auf vielf\u00e4ltige Weise, unter anderem um:<\/span><\/p>\n<ul>\n<li><span data-preserver-spaces=\"true\">Unsere Website bereitstellen, betreiben und pflegen<\/span><\/li>\n<li><span data-preserver-spaces=\"true\">Verbessern, personalisieren und erweitern Sie unsere Website<\/span><\/li>\n<li><span data-preserver-spaces=\"true\">Verstehen und Analysieren Ihrer Nutzung unserer Website<\/span><\/li>\n<li><span data-preserver-spaces=\"true\">Entwickeln Sie neue Produkte, Dienstleistungen, Merkmale und Funktionen<\/span><\/li>\n<li><span data-preserver-spaces=\"true\">Kommunikation mit Ihnen, direkt oder \u00fcber Partner, einschlie\u00dflich Kundendienst, Updates und andere Informationen im Zusammenhang mit der Website sowie Marketing- und Werbezwecke<\/span><\/li>\n<li><span data-preserver-spaces=\"true\">Senden Sie E-Mails<\/span><\/li>\n<li><span data-preserver-spaces=\"true\">Betrug erkennen und verhindern\n<p><\/span><\/li>\n<\/ul>\n<p data-fontsize=\"18\"><span data-preserver-spaces=\"true\"><b>Log-Dateien<\/b><\/span><\/p>\n<p data-fontsize=\"18\"><span data-preserver-spaces=\"true\">CmyLead verwendet, wie alle Hosting-Unternehmen, standardm\u00e4\u00dfig Protokolldateien. Diese Protokolldateien verfolgen die Besucher, wenn sie Websites besuchen. Die gesammelten Daten k\u00f6nnen IP-Adressen, Browsertyp, Internet Service Provider (ISP), Datums- und Zeitstempel, verweisende\/verlassende Seiten und m\u00f6glicherweise die Anzahl der Klicks umfassen. Diese Informationen sind nicht mit pers\u00f6nlich identifizierbaren Daten verkn\u00fcpft und werden f\u00fcr die Analyse von Trends, die Verwaltung der Website, die Verfolgung von Benutzerbewegungen und die Erfassung demografischer Daten verwendet.   <\/p>\n<p><\/span><\/p>\n<p data-fontsize=\"18\"><span data-preserver-spaces=\"true\"><b>Datenschutzrichtlinien von Drittanbietern<\/b><\/span><\/p>\n<p data-fontsize=\"18\"><span data-preserver-spaces=\"true\">Die Datenschutzrichtlinie von CmyLead gilt nicht f\u00fcr andere Werbetreibende oder Websites. Wir raten Ihnen daher, die jeweiligen Datenschutzrichtlinien der Werbeserver von Drittanbietern zu \u00fcberpr\u00fcfen, um genauere Informationen \u00fcber deren Praktiken und Anweisungen zur Deaktivierung bestimmter Optionen zu erhalten. <\/p>\n<p><\/span><\/p>\n<p data-fontsize=\"18\"><span data-preserver-spaces=\"true\"><b>GDPR-Datenschutzrechte<\/b><\/span><\/p>\n<p data-fontsize=\"18\"><span data-preserver-spaces=\"true\">Wir m\u00f6chten sicherstellen, dass Sie \u00fcber alle Ihre Datenschutzrechte informiert sind. Jeder Nutzer hat das Recht auf Folgendes: <\/span><\/p>\n<ul>\n<li><span data-preserver-spaces=\"true\">Recht auf Zugang &#8211; Sie k\u00f6nnen Kopien Ihrer pers\u00f6nlichen Daten anfordern. F\u00fcr diesen Service k\u00f6nnen wir eine geringe Geb\u00fchr erheben. <\/span><\/li>\n<li><span data-preserver-spaces=\"true\">Recht auf Berichtigung &#8211; Sie k\u00f6nnen uns auffordern, Informationen zu korrigieren, die Ihrer Meinung nach falsch sind. Sie k\u00f6nnen auch verlangen, dass wir die Informationen vervollst\u00e4ndigen, die Sie f\u00fcr unvollst\u00e4ndig halten. <\/span><\/li>\n<li><span data-preserver-spaces=\"true\">Recht auf L\u00f6schung &#8211; Sie k\u00f6nnen uns unter bestimmten Bedingungen bitten, Ihre pers\u00f6nlichen Daten zu l\u00f6schen.<\/span><\/li>\n<li><span data-preserver-spaces=\"true\">Recht auf Einschr\u00e4nkung der Verarbeitung &#8211; Sie k\u00f6nnen uns auffordern, die Verarbeitung Ihrer personenbezogenen Daten unter bestimmten Bedingungen einzuschr\u00e4nken.<\/span><\/li>\n<li><span data-preserver-spaces=\"true\">Recht auf Widerspruch gegen die Verarbeitung &#8211; Sie k\u00f6nnen der Verarbeitung Ihrer personenbezogenen Daten durch uns unter bestimmten Bedingungen widersprechen.<\/span><\/li>\n<li><span data-preserver-spaces=\"true\">Recht auf Daten\u00fcbertragbarkeit &#8211; Sie k\u00f6nnen verlangen, dass wir Ihre Daten unter bestimmten Bedingungen an eine andere Organisation oder direkt an Sie weitergeben.<br \/><b><br \/><\/b><\/span><\/li>\n<\/ul>\n<p data-fontsize=\"18\"><span data-preserver-spaces=\"true\"><b>Informationen f\u00fcr Kinder<\/b><\/span><\/p>\n<p data-fontsize=\"18\"><span data-preserver-spaces=\"true\">Der Schutz von Kindern bei der Nutzung des Internets ist f\u00fcr uns besonders wichtig. Wir ermutigen Eltern und Erziehungsberechtigte, die Online-Aktivit\u00e4ten ihrer Kinder zu \u00fcberwachen. <\/span><\/p>\n<p data-fontsize=\"18\"><span data-preserver-spaces=\"true\">Cmycard sammelt nicht wissentlich personenbezogene Daten von Kindern unter 13 Jahren. Wenn Sie glauben, dass Ihr Kind diese Art von Informationen auf unserer Website zur Verf\u00fcgung gestellt hat, empfehlen wir Ihnen dringend, uns sofort zu kontaktieren, und wir werden unser Bestes tun, um solche Informationen umgehend aus unseren Unterlagen zu entfernen. <\/span><\/p>\n\t\t\t\t\t\t\t\t<\/div>\n\t\t\t\t<\/div>\n\t\t\t\t\t<\/div>\n\t\t<\/div>\n\t\t\t\t\t<\/div>\n\t\t<\/section>\n\t\t\t\t<\/div>\n\t\t","protected":false},"excerpt":{"rendered":"<p>Datenschutzbestimmungen Bei CmyLead, erreichbar \u00fcber www.cmylead.comUnsere h\u00f6chste Priorit\u00e4t sind die Privatsph\u00e4re und das Vertrauen unserer Nutzer. Diese Datenschutzrichtlinie beschreibt die Arten von Informationen, die wir sammeln und aufzeichnen und wie sie verwendet werden. Wenn Sie Fragen haben oder weitere Informationen zu unserer Datenschutzrichtlinie w\u00fcnschen, k\u00f6nnen Sie uns gerne kontaktieren. Diese Datenschutzrichtlinie gilt f\u00fcr unsere Online-Aktivit\u00e4ten [&hellip;]<\/p>\n","protected":false},"author":1,"featured_media":0,"parent":0,"menu_order":0,"comment_status":"closed","ping_status":"closed","template":"","meta":{"footnotes":""},"class_list":["post-3456","page","type-page","status-publish","hentry"],"_links":{"self":[{"href":"https:\/\/cmylead.com\/de\/wp-json\/wp\/v2\/pages\/3456","targetHints":{"allow":["GET"]}}],"collection":[{"href":"https:\/\/cmylead.com\/de\/wp-json\/wp\/v2\/pages"}],"about":[{"href":"https:\/\/cmylead.com\/de\/wp-json\/wp\/v2\/types\/page"}],"author":[{"embeddable":true,"href":"https:\/\/cmylead.com\/de\/wp-json\/wp\/v2\/users\/1"}],"replies":[{"embeddable":true,"href":"https:\/\/cmylead.com\/de\/wp-json\/wp\/v2\/comments?post=3456"}],"version-history":[{"count":1,"href":"https:\/\/cmylead.com\/de\/wp-json\/wp\/v2\/pages\/3456\/revisions"}],"predecessor-version":[{"id":3457,"href":"https:\/\/cmylead.com\/de\/wp-json\/wp\/v2\/pages\/3456\/revisions\/3457"}],"wp:attachment":[{"href":"https:\/\/cmylead.com\/de\/wp-json\/wp\/v2\/media?parent=3456"}],"curies":[{"name":"wp","href":"https:\/\/api.w.org\/{rel}","templated":true}]}}