{"id":3570,"date":"2024-10-31T17:30:15","date_gmt":"2024-10-31T17:30:15","guid":{"rendered":"https:\/\/cmylead.com\/bedingungen-fuer-die-nutzung\/"},"modified":"2024-11-11T18:29:10","modified_gmt":"2024-11-11T18:29:10","slug":"bedingungen-fuer-die-nutzung","status":"publish","type":"page","link":"https:\/\/cmylead.com\/de\/bedingungen-fuer-die-nutzung\/","title":{"rendered":"Bedingungen f\u00fcr die Nutzung"},"content":{"rendered":"<style>.elementor-3570 .elementor-element.elementor-element-3438da73 > .elementor-background-overlay{background-color:var( --e-global-color-secondary );opacity:0.9;transition:background 0.3s, border-radius 0.3s, opacity 0.3s;}.elementor-3570 .elementor-element.elementor-element-3438da73 > .elementor-container{max-width:1200px;}.elementor-3570 .elementor-element.elementor-element-3438da73:not(.elementor-motion-effects-element-type-background), .elementor-3570 .elementor-element.elementor-element-3438da73 > .elementor-motion-effects-container > .elementor-motion-effects-layer{background-position:0% 10%;background-repeat:no-repeat;background-size:cover;}.elementor-3570 .elementor-element.elementor-element-3438da73{transition:background 0.3s, border 0.3s, border-radius 0.3s, box-shadow 0.3s;margin-top:-100px;margin-bottom:100px;padding:200px 0px 100px 0px;}.elementor-3570 .elementor-element.elementor-element-6d3af210{text-align:center;}.elementor-3570 .elementor-element.elementor-element-6d3af210 .elementor-heading-title{font-family:var( --e-global-typography-secondary-font-family ), Sans-serif;font-size:var( --e-global-typography-secondary-font-size );font-weight:var( --e-global-typography-secondary-font-weight );text-transform:var( --e-global-typography-secondary-text-transform );text-decoration:var( --e-global-typography-secondary-text-decoration );line-height:var( --e-global-typography-secondary-line-height );color:var( --e-global-color-827cd3a );}.elementor-3570 .elementor-element.elementor-element-26be6c1{--spacer-size:50px;}:root{--page-title-display:none;}@media(max-width:1024px){.elementor-3570 .elementor-element.elementor-element-3438da73:not(.elementor-motion-effects-element-type-background), .elementor-3570 .elementor-element.elementor-element-3438da73 > .elementor-motion-effects-container > .elementor-motion-effects-layer{background-position:0px 0px;}.elementor-3570 .elementor-element.elementor-element-3438da73{margin-top:-150px;margin-bottom:100px;padding:220px 0px 100px 0px;}.elementor-3570 .elementor-element.elementor-element-32bdeddb > .elementor-element-populated{margin:0px 0px 0px 0px;--e-column-margin-right:0px;--e-column-margin-left:0px;padding:0px 30px 0px 30px;}.elementor-3570 .elementor-element.elementor-element-6d3af210 .elementor-heading-title{font-size:var( --e-global-typography-secondary-font-size );line-height:var( --e-global-typography-secondary-line-height );}}@media(max-width:767px){.elementor-3570 .elementor-element.elementor-element-3438da73:not(.elementor-motion-effects-element-type-background), .elementor-3570 .elementor-element.elementor-element-3438da73 > .elementor-motion-effects-container > .elementor-motion-effects-layer{background-position:0px 0px;}.elementor-3570 .elementor-element.elementor-element-3438da73{margin-top:-150px;margin-bottom:100px;padding:220px 0px 100px 0px;}.elementor-3570 .elementor-element.elementor-element-32bdeddb > .elementor-element-populated{margin:0px 0px 0px 0px;--e-column-margin-right:0px;--e-column-margin-left:0px;padding:0px 20px 0px 20px;}.elementor-3570 .elementor-element.elementor-element-6d3af210 .elementor-heading-title{font-size:var( --e-global-typography-secondary-font-size );line-height:var( --e-global-typography-secondary-line-height );}}<\/style>\t\t<div data-elementor-type=\"wp-page\" data-elementor-id=\"3570\" class=\"elementor elementor-3570 elementor-1336\" data-elementor-post-type=\"page\">\n\t\t\t\t\t\t<section class=\"elementor-section elementor-top-section elementor-element elementor-element-3438da73 elementor-section-boxed elementor-section-height-default elementor-section-height-default\" data-id=\"3438da73\" data-element_type=\"section\" data-settings=\"{&quot;background_background&quot;:&quot;classic&quot;}\">\n\t\t\t\t\t\t\t<div class=\"elementor-background-overlay\"><\/div>\n\t\t\t\t\t\t\t<div class=\"elementor-container elementor-column-gap-default\">\n\t\t\t\t\t<div class=\"elementor-column elementor-col-100 elementor-top-column elementor-element elementor-element-32bdeddb\" data-id=\"32bdeddb\" data-element_type=\"column\">\n\t\t\t<div class=\"elementor-widget-wrap elementor-element-populated\">\n\t\t\t\t\t\t<div class=\"elementor-element elementor-element-6d3af210 elementor-widget elementor-widget-heading\" data-id=\"6d3af210\" data-element_type=\"widget\" data-widget_type=\"heading.default\">\n\t\t\t\t<div class=\"elementor-widget-container\">\n\t\t\t\t\t<h2 class=\"elementor-heading-title elementor-size-default\">Bedingungen f\u00fcr die Nutzung<\/h2>\t\t\t\t<\/div>\n\t\t\t\t<\/div>\n\t\t\t\t\t<\/div>\n\t\t<\/div>\n\t\t\t\t\t<\/div>\n\t\t<\/section>\n\t\t\t\t<section class=\"elementor-section elementor-top-section elementor-element elementor-element-fb8c355 elementor-section-boxed elementor-section-height-default elementor-section-height-default\" data-id=\"fb8c355\" data-element_type=\"section\">\n\t\t\t\t\t\t<div class=\"elementor-container elementor-column-gap-default\">\n\t\t\t\t\t<div class=\"elementor-column elementor-col-100 elementor-top-column elementor-element elementor-element-63313d6\" data-id=\"63313d6\" data-element_type=\"column\">\n\t\t\t<div class=\"elementor-widget-wrap elementor-element-populated\">\n\t\t\t\t\t\t<div class=\"elementor-element elementor-element-98a631c elementor-widget elementor-widget-text-editor\" data-id=\"98a631c\" data-element_type=\"widget\" data-widget_type=\"text-editor.default\">\n\t\t\t\t<div class=\"elementor-widget-container\">\n\t\t\t\t\t\t\t\t\t<p data-fontsize=\"18\"><span data-preserver-spaces=\"true\"><b>ABSCHNITT 1 &#8211; \u00dcBERBLICK<\/b><\/span><\/p>\n<p data-fontsize=\"18\"><span data-preserver-spaces=\"true\">Diese Website wird von CMYLEAD betrieben. Auf der gesamten Website beziehen sich die Begriffe &#8222;wir&#8220;, &#8222;uns&#8220; und &#8222;unser&#8220; auf CMYLEAD. CMYLEAD bietet Ihnen, dem Benutzer, diese Website, einschlie\u00dflich aller Informationen, Tools und Dienstleistungen, die auf dieser Website verf\u00fcgbar sind, unter der Bedingung, dass Sie alle hier angegebenen Bedingungen, Konditionen, Richtlinien und Hinweise akzeptieren.  <\/span><\/p>\n<p data-fontsize=\"18\"><span data-preserver-spaces=\"true\">Indem Sie unsere Website besuchen und\/oder etwas bei uns kaufen, nehmen Sie unseren &#8222;Service&#8220; in Anspruch und erkl\u00e4ren sich mit den folgenden Bedingungen (&#8222;Servicebedingungen&#8220;, &#8222;Bedingungen&#8220;) einverstanden, einschlie\u00dflich der zus\u00e4tzlichen Bedingungen und Richtlinien, auf die hier verwiesen wird und\/oder die \u00fcber einen Hyperlink verf\u00fcgbar sind. Diese Nutzungsbedingungen gelten f\u00fcr alle Benutzer der Website, einschlie\u00dflich, aber nicht beschr\u00e4nkt auf Benutzer, die Browser, Verk\u00e4ufer, Kunden, H\u00e4ndler und\/oder Autoren von Inhalten sind. <\/span><\/p>\n<p data-fontsize=\"18\"><span data-preserver-spaces=\"true\">Bitte lesen Sie diese Nutzungsbedingungen sorgf\u00e4ltig durch, bevor Sie auf unsere Website zugreifen oder sie nutzen. Indem Sie auf die Website zugreifen oder einen Teil davon nutzen, erkl\u00e4ren Sie sich mit diesen Nutzungsbedingungen einverstanden. Wenn Sie nicht mit allen Bedingungen dieser Vereinbarung einverstanden sind, d\u00fcrfen Sie nicht auf die Website zugreifen und keine Dienste nutzen. Wenn diese Servicebedingungen als Angebot betrachtet werden, ist die Annahme ausdr\u00fccklich auf diese Servicebedingungen beschr\u00e4nkt.   <\/span><\/p>\n<p data-fontsize=\"18\"><span data-preserver-spaces=\"true\">Alle neuen Funktionen oder Tools, die dem aktuellen Shop hinzugef\u00fcgt werden, unterliegen ebenfalls den Allgemeinen Gesch\u00e4ftsbedingungen. Sie k\u00f6nnen die aktuellste Version der Allgemeinen Gesch\u00e4ftsbedingungen jederzeit auf dieser Seite einsehen. Wir behalten uns das Recht vor, jeden Teil dieser Nutzungsbedingungen zu aktualisieren, zu \u00e4ndern oder zu ersetzen, indem wir Updates und\/oder \u00c4nderungen auf unserer Website ver\u00f6ffentlichen. Es liegt in Ihrer Verantwortung, diese Seite regelm\u00e4\u00dfig auf \u00c4nderungen zu \u00fcberpr\u00fcfen. Wenn Sie die Website nach der Ver\u00f6ffentlichung von \u00c4nderungen weiterhin nutzen oder darauf zugreifen, erkl\u00e4ren Sie sich mit diesen \u00c4nderungen einverstanden.    <\/span><\/p>\n<p data-fontsize=\"18\"><span data-preserver-spaces=\"true\"> <\/span><\/p>\n<p data-fontsize=\"18\"><span data-preserver-spaces=\"true\"><b>ABSCHNITT 2 &#8211; BEDINGUNGEN DES ONLINE-SHOPS  <\/b><\/span><\/p>\n<p data-fontsize=\"18\"><span data-preserver-spaces=\"true\">Indem Sie diesen Nutzungsbedingungen zustimmen, versichern Sie, dass Sie in dem Staat oder der Provinz, in dem\/der Sie Ihren Wohnsitz haben, mindestens vollj\u00e4hrig sind oder dass Sie in dem Staat oder der Provinz, in dem\/der Sie Ihren Wohnsitz haben, vollj\u00e4hrig sind und uns Ihr Einverst\u00e4ndnis gegeben haben, dass Ihre minderj\u00e4hrigen Angeh\u00f6rigen diese Website nutzen d\u00fcrfen. Sie d\u00fcrfen unsere Produkte nicht f\u00fcr illegale oder unbefugte Zwecke verwenden und Sie d\u00fcrfen bei der Nutzung des Dienstes nicht gegen Gesetze in Ihrem Land versto\u00dfen (einschlie\u00dflich, aber nicht beschr\u00e4nkt auf Urheberrechtsgesetze). <\/span><\/p>\n<p data-fontsize=\"18\"><span data-preserver-spaces=\"true\">Sie d\u00fcrfen keine W\u00fcrmer oder Viren oder andere Codes zerst\u00f6rerischer Natur \u00fcbertragen. Ein Versto\u00df gegen eine der Bedingungen f\u00fchrt zur sofortigen Beendigung Ihrer Dienste. <\/span><\/p>\n<p data-fontsize=\"18\"><span data-preserver-spaces=\"true\"> <\/span><\/p>\n<p data-fontsize=\"18\"><span data-preserver-spaces=\"true\"><b>ABSCHNITT 3 &#8211; ALLGEMEINE BEDINGUNGEN<\/b><\/span><\/p>\n<p data-fontsize=\"18\"><span data-preserver-spaces=\"true\">Wir behalten uns das Recht vor, den Service jederzeit und aus jedem Grund zu verweigern. Sie sind sich dar\u00fcber im Klaren, dass Ihre Inhalte (mit Ausnahme von Kreditkarteninformationen) unverschl\u00fcsselt \u00fcbertragen werden k\u00f6nnen und (a) \u00dcbertragungen \u00fcber verschiedene Netzwerke und (b) \u00c4nderungen zur Anpassung an die technischen Anforderungen der verbindenden Netzwerke oder Ger\u00e4te beinhalten. Kreditkarteninformationen werden bei der \u00dcbertragung \u00fcber Netzwerke immer verschl\u00fcsselt.    <\/span><\/p>\n<p data-fontsize=\"18\"><span data-preserver-spaces=\"true\">ABSCHNITT 4 &#8211; RICHTIGKEIT, VOLLST\u00c4NDIGKEIT UND RECHTZEITIGKEIT DER INFORMATIONEN<\/span><\/p>\n<p data-fontsize=\"18\"><span data-preserver-spaces=\"true\">Wir sind nicht daf\u00fcr verantwortlich, wenn die auf dieser Website zur Verf\u00fcgung gestellten Informationen nicht korrekt, vollst\u00e4ndig oder aktuell sind. Das Material auf dieser Website dient nur der allgemeinen Information und sollte nicht als alleinige Grundlage f\u00fcr Entscheidungen herangezogen werden, ohne prim\u00e4re, genauere, vollst\u00e4ndigere oder aktuellere Informationsquellen zu konsultieren. Jegliches Vertrauen in das Material auf dieser Website geschieht auf Ihr eigenes Risiko. Diese Website kann bestimmte historische Informationen enthalten. Historische Informationen sind notwendigerweise nicht aktuell und werden nur zu Ihrer Information bereitgestellt. Wir behalten uns das Recht vor, den Inhalt dieser Website jederzeit zu \u00e4ndern, sind jedoch nicht verpflichtet, die Informationen auf unserer Website zu aktualisieren. Sie erkl\u00e4ren sich damit einverstanden, dass es in Ihrer Verantwortung liegt, \u00c4nderungen auf unserer Website zu verfolgen.      <\/span><\/p>\n<p data-fontsize=\"18\"><span data-preserver-spaces=\"true\">Nat\u00fcrlich werde ich dort weitermachen, wo ich aufgeh\u00f6rt habe, aber beachten Sie bitte, dass Sie die vollst\u00e4ndigen Allgemeinen Gesch\u00e4ftsbedingungen mit Hilfe eines Juristen erstellen sollten, um sicherzustellen, dass alle notwendigen Details abgedeckt und auf das Gesch\u00e4ft oder die Dienstleistung zugeschnitten sind. Hier ist eine allgemeine Fortsetzung: <\/span><\/p>\n<p data-fontsize=\"18\"><span data-preserver-spaces=\"true\"> <\/span><\/p>\n<p data-fontsize=\"18\"><span data-preserver-spaces=\"true\"><b>ABSCHNITT 5 &#8211; PRODUKTE ODER DIENSTLEISTUNGEN<\/b><\/span><\/p>\n<p data-fontsize=\"18\"><span data-preserver-spaces=\"true\">Bestimmte Produkte oder Dienstleistungen k\u00f6nnen ausschlie\u00dflich online \u00fcber die Website erh\u00e4ltlich sein. Diese Produkte oder Dienstleistungen sind m\u00f6glicherweise nur in begrenzten Mengen verf\u00fcgbar und k\u00f6nnen nur gem\u00e4\u00df unseren R\u00fcckgabebedingungen zur\u00fcckgegeben oder umgetauscht werden. Wir haben uns bem\u00fcht, die Farben und Bilder unserer Produkte, die im Gesch\u00e4ft erscheinen, so genau wie m\u00f6glich darzustellen. Wir k\u00f6nnen jedoch nicht garantieren, dass die Farben auf Ihrem Computerbildschirm korrekt dargestellt werden.   <\/span><\/p>\n<p data-fontsize=\"18\"><span data-preserver-spaces=\"true\"> <\/span><\/p>\n<p data-fontsize=\"18\"><span data-preserver-spaces=\"true\"><b>ABSCHNITT 6 &#8211; GENAUIGKEIT DER ABRECHNUNGS- UND KONTOINFORMATIONEN<\/b><\/span><\/p>\n<p data-fontsize=\"18\"><span data-preserver-spaces=\"true\">Sie erkl\u00e4ren sich damit einverstanden, aktuelle, vollst\u00e4ndige und genaue Kauf- und Kontoinformationen f\u00fcr alle in unserem Shop get\u00e4tigten K\u00e4ufe anzugeben. Sie verpflichten sich, Ihre Konto- und sonstigen Daten, einschlie\u00dflich Ihrer E-Mail-Adresse, Ihrer Kreditkartennummer und des Ablaufdatums, umgehend zu aktualisieren, damit wir Ihre Transaktionen abschlie\u00dfen und Sie bei Bedarf kontaktieren k\u00f6nnen. <\/span><\/p>\n<p data-fontsize=\"18\"><span data-preserver-spaces=\"true\"> <\/span><\/p>\n<p data-fontsize=\"18\"><span data-preserver-spaces=\"true\"><b>ABSCHNITT 7 &#8211; OPTIONALE WERKZEUGE<\/b><\/span><\/p>\n<p data-fontsize=\"18\"><span data-preserver-spaces=\"true\">Wir k\u00f6nnen Ihnen den Zugang zu Tools von Drittanbietern erm\u00f6glichen, die wir weder \u00fcberwachen noch kontrollieren oder auf die wir Einfluss haben. Sie erkennen an und erkl\u00e4ren sich damit einverstanden, dass wir den Zugang zu solchen Tools &#8222;wie besehen&#8220; und &#8222;wie verf\u00fcgbar&#8220; ohne jegliche Garantien, Zusicherungen oder Bedingungen und ohne jegliche Billigung zur Verf\u00fcgung stellen. <\/span><\/p>\n<p data-fontsize=\"18\"><span data-preserver-spaces=\"true\"> <\/span><\/p>\n<p data-fontsize=\"18\"><span data-preserver-spaces=\"true\"><b>ABSCHNITT 8 &#8211; LINKS ZU DRITTEN<\/b><\/span><\/p>\n<p data-fontsize=\"18\"><span data-preserver-spaces=\"true\">Bestimmte Inhalte, Produkte und Dienstleistungen, die \u00fcber unseren Service verf\u00fcgbar sind, k\u00f6nnen Materialien von Dritten enthalten. Links von Dritten auf dieser Website k\u00f6nnen Sie zu Websites von Dritten f\u00fchren, die nicht mit uns verbunden sind. Wir sind nicht daf\u00fcr verantwortlich, den Inhalt oder die Genauigkeit zu pr\u00fcfen oder zu bewerten, und wir \u00fcbernehmen keine Garantie und keine Haftung oder Verantwortung f\u00fcr Materialien oder Websites Dritter oder f\u00fcr andere Materialien, Produkte oder Dienstleistungen Dritter.  <\/span><\/p>\n<p data-fontsize=\"18\"><span data-preserver-spaces=\"true\"> <\/span><\/p>\n<p data-fontsize=\"18\"><span data-preserver-spaces=\"true\"><b>ABSCHNITT 9 &#8211; BENUTZERKOMMENTARE, R\u00dcCKMELDUNGEN UND ANDERE EINGABEN<\/b><\/span><\/p>\n<p data-fontsize=\"18\"><span data-preserver-spaces=\"true\">Wenn Sie uns bestimmte Einsendungen oder kreative Ideen, Anregungen, Vorschl\u00e4ge, Pl\u00e4ne oder andere Materialien online, per E-Mail, per Post oder auf andere Weise zukommen lassen, erkl\u00e4ren Sie sich damit einverstanden, dass wir Kommentare, die Sie uns \u00fcbermitteln, jederzeit und ohne Einschr\u00e4nkung bearbeiten, kopieren, ver\u00f6ffentlichen, verbreiten, \u00fcbersetzen und auf andere Weise in einem beliebigen Medium verwenden d\u00fcrfen. Wir sind nicht verpflichtet, Kommentare vertraulich zu behandeln, eine Verg\u00fctung f\u00fcr Kommentare zu zahlen oder auf Kommentare zu antworten. <\/span><\/p>\n<p data-fontsize=\"18\"><span data-preserver-spaces=\"true\"> <\/span><\/p>\n<p data-fontsize=\"18\"><span data-preserver-spaces=\"true\"><b>ABSCHNITT 10 &#8211; PERS\u00d6NLICHE INFORMATIONEN<\/b><\/span><\/p>\n<p data-fontsize=\"18\"><span data-preserver-spaces=\"true\">Die \u00dcbermittlung Ihrer pers\u00f6nlichen Daten \u00fcber den Shop unterliegt unserer Datenschutzrichtlinie.<\/span><\/p>\n<p data-fontsize=\"18\"><span data-preserver-spaces=\"true\"> <\/span><\/p>\n<p data-fontsize=\"18\"><span data-preserver-spaces=\"true\"><b>ABSCHNITT 11 &#8211; FEHLER, UNGENAUIGKEITEN UND AUSLASSUNGEN<\/b><\/span><\/p>\n<p data-fontsize=\"18\"><span data-preserver-spaces=\"true\">Gelegentlich kann es vorkommen, dass Informationen auf unserer Website oder im Service Tippfehler, Ungenauigkeiten oder Auslassungen enthalten, die sich auf Produktbeschreibungen, Preise, Werbeaktionen, Angebote, Versandgeb\u00fchren, Laufzeiten und Verf\u00fcgbarkeit beziehen k\u00f6nnen. Wir behalten uns das Recht vor, Fehler, Ungenauigkeiten oder Auslassungen zu korrigieren und Informationen zu \u00e4ndern oder zu aktualisieren oder Bestellungen zu stornieren, wenn Informationen im Service oder auf einer zugeh\u00f6rigen Website ungenau sind, und zwar jederzeit und ohne vorherige Ank\u00fcndigung. <\/span><\/p>\n<p data-fontsize=\"18\"><span data-preserver-spaces=\"true\"> <\/span><\/p>\n<p data-fontsize=\"18\"><span data-preserver-spaces=\"true\"><b>ABSCHNITT 12 &#8211; VERBOTENE VERWENDUNGEN<\/b><\/span><\/p>\n<p data-fontsize=\"18\"><span data-preserver-spaces=\"true\">Zus\u00e4tzlich zu anderen Verboten, die in den Nutzungsbedingungen festgelegt sind, ist es Ihnen untersagt, die Website oder ihre Inhalte f\u00fcr ungesetzliche Zwecke zu nutzen, andere zu ungesetzlichen Handlungen aufzufordern oder sich an solchen zu beteiligen oder gegen internationale, bundesstaatliche, provinzielle oder staatliche Vorschriften, Regeln, Gesetze oder lokale Verordnungen zu versto\u00dfen.<\/span><\/p>\n<p data-fontsize=\"18\"><span data-preserver-spaces=\"true\"> <\/span><\/p>\n<p data-fontsize=\"18\"><span data-preserver-spaces=\"true\"><b>ABSCHNITT 13 &#8211; GARANTIEAUSSCHLUSS; HAFTUNGSBESCHR\u00c4NKUNG<\/b><\/span><\/p>\n<p data-fontsize=\"18\"><span data-preserver-spaces=\"true\">Wir \u00fcbernehmen keine Garantie, Zusicherung oder Gew\u00e4hrleistung daf\u00fcr, dass die Nutzung unseres Dienstes ohne Unterbrechung, zeitgerecht, sicher oder fehlerfrei erfolgt. Wir garantieren nicht, dass die Ergebnisse, die durch die Nutzung des Dienstes erzielt werden k\u00f6nnen, genau oder zuverl\u00e4ssig sind. <\/span><\/p>\n<p data-fontsize=\"18\"><span data-preserver-spaces=\"true\"> <\/span><\/p>\n<p data-fontsize=\"18\"><span data-preserver-spaces=\"true\"><b>ABSCHNITT 14 &#8211; ENTSCH\u00c4DIGUNG<\/b><\/span><\/p>\n<p data-fontsize=\"18\"><span data-preserver-spaces=\"true\">Sie erkl\u00e4ren sich damit einverstanden, CMYLEAD und unsere Muttergesellschaft, Tochtergesellschaften, verbundenen Unternehmen, Partner, leitenden Angestellten, Direktoren, Agenten, Auftragnehmer, Lizenzgeber, Dienstleister, Subunternehmer, Lieferanten, Praktikanten und Angestellten zu entsch\u00e4digen, zu verteidigen und schadlos zu halten von jeglichen Anspr\u00fcchen oder Forderungen, einschlie\u00dflich angemessener Anwaltskosten, die von Dritten erhoben werden, die sich aus der Verletzung dieser Nutzungsbedingungen oder der Dokumente, auf die sie verweisen, oder aus der Verletzung eines Gesetzes oder der Rechte Dritter durch Sie ergeben.<\/span><\/p>\n<p data-fontsize=\"18\"><span data-preserver-spaces=\"true\"> <\/span><\/p>\n<p data-fontsize=\"18\"><span data-preserver-spaces=\"true\"><b>ABSCHNITT 15 &#8211; TRENNBARKEIT<\/b><\/span><\/p>\n<p data-fontsize=\"18\"><span data-preserver-spaces=\"true\">F\u00fcr den Fall, dass eine Bestimmung dieser Nutzungsbedingungen als rechtswidrig, nichtig oder nicht durchsetzbar eingestuft wird, bleibt diese Bestimmung dennoch im gr\u00f6\u00dftm\u00f6glichen Umfang durchsetzbar, den das geltende Recht zul\u00e4sst, und der nicht durchsetzbare Teil gilt als von diesen Nutzungsbedingungen abgetrennt.<\/span><\/p>\n<p data-fontsize=\"18\"><span data-preserver-spaces=\"true\"> <\/span><\/p>\n<p data-fontsize=\"18\"><span data-preserver-spaces=\"true\"><b>ABSCHNITT 16 &#8211; K\u00dcNDIGUNG<\/b><\/span><\/p>\n<p data-fontsize=\"18\"><span data-preserver-spaces=\"true\">Diese Nutzungsbedingungen gelten, bis sie entweder von Ihnen oder von uns gek\u00fcndigt werden. Sie k\u00f6nnen diese Nutzungsbedingungen jederzeit k\u00fcndigen, indem Sie uns mitteilen, dass Sie unsere Dienste nicht mehr nutzen m\u00f6chten, oder wenn Sie die Nutzung unserer Website einstellen. <\/span><\/p>\n<p data-fontsize=\"18\"><span data-preserver-spaces=\"true\"> <\/span><\/p>\n<p data-fontsize=\"18\"><span data-preserver-spaces=\"true\"><b>ABSCHNITT 17 &#8211; GESAMTER VERTRAG<\/b><\/span><\/p>\n<p data-fontsize=\"18\"><span data-preserver-spaces=\"true\">Diese Nutzungsbedingungen und alle Richtlinien oder Betriebsregeln, die von uns auf dieser Website oder in Bezug auf den Service ver\u00f6ffentlicht werden, stellen die gesamte Vereinbarung und \u00dcbereinkunft zwischen Ihnen und uns dar und regeln Ihre Nutzung des Service und ersetzen alle fr\u00fcheren oder gleichzeitigen Vereinbarungen, Mitteilungen und Vorschl\u00e4ge, ob m\u00fcndlich oder schriftlich, zwischen Ihnen und uns.<\/span><\/p>\n<p data-fontsize=\"18\"><span data-preserver-spaces=\"true\"> <\/span><\/p>\n<p data-fontsize=\"18\"><span data-preserver-spaces=\"true\"><b>ABSCHNITT 18 &#8211; GELTENDES RECHT<\/b><\/span><\/p>\n<p data-fontsize=\"18\"><span data-preserver-spaces=\"true\">Diese Nutzungsbedingungen und alle separaten Vereinbarungen, mit denen wir Ihnen Dienste zur Verf\u00fcgung stellen, unterliegen den Gesetzen der Gerichtsbarkeit, in der unser Unternehmen registriert ist, und werden entsprechend ausgelegt.<\/span><\/p>\n<p data-fontsize=\"18\"><span data-preserver-spaces=\"true\"> <\/span><\/p>\n<p data-fontsize=\"18\"><span data-preserver-spaces=\"true\"><b>ABSCHNITT 19 &#8211; \u00c4NDERUNGEN DER DIENSTBEDINGUNGEN<\/b><\/span><\/p>\n<p data-fontsize=\"18\"><span data-preserver-spaces=\"true\">Sie k\u00f6nnen die aktuellste Version der Servicebedingungen jederzeit auf dieser Seite einsehen. Wir behalten uns das Recht vor, nach eigenem Ermessen jeden Teil dieser Nutzungsbedingungen zu aktualisieren, zu \u00e4ndern oder zu ersetzen, indem wir Aktualisierungen und \u00c4nderungen auf unserer Website ver\u00f6ffentlichen. <\/span><\/p>\n<p data-fontsize=\"18\"><span data-preserver-spaces=\"true\"> <\/span><\/p>\n<p data-fontsize=\"18\"><span data-preserver-spaces=\"true\"><b>ABSCHNITT 20 &#8211; KONTAKTINFORMATIONEN<\/b><\/span><\/p>\n<p data-fontsize=\"18\"><span data-preserver-spaces=\"true\">Fragen zu den Nutzungsbedingungen richten Sie bitte an info@cmylead.com.<\/span><\/p>\n\t\t\t\t\t\t\t\t<\/div>\n\t\t\t\t<\/div>\n\t\t\t\t<div class=\"elementor-element elementor-element-26be6c1 elementor-widget elementor-widget-spacer\" data-id=\"26be6c1\" data-element_type=\"widget\" data-widget_type=\"spacer.default\">\n\t\t\t\t<div class=\"elementor-widget-container\">\n\t\t\t\t\t\t\t<div class=\"elementor-spacer\">\n\t\t\t<div class=\"elementor-spacer-inner\"><\/div>\n\t\t<\/div>\n\t\t\t\t\t\t<\/div>\n\t\t\t\t<\/div>\n\t\t\t\t\t<\/div>\n\t\t<\/div>\n\t\t\t\t\t<\/div>\n\t\t<\/section>\n\t\t\t\t<\/div>\n\t\t","protected":false},"excerpt":{"rendered":"<p>Bedingungen f\u00fcr die Nutzung ABSCHNITT 1 &#8211; \u00dcBERBLICK Diese Website wird von CMYLEAD betrieben. Auf der gesamten Website beziehen sich die Begriffe &#8222;wir&#8220;, &#8222;uns&#8220; und &#8222;unser&#8220; auf CMYLEAD. CMYLEAD bietet Ihnen, dem Benutzer, diese Website, einschlie\u00dflich aller Informationen, Tools und Dienstleistungen, die auf dieser Website verf\u00fcgbar sind, unter der Bedingung, dass Sie alle hier angegebenen [&hellip;]<\/p>\n","protected":false},"author":1,"featured_media":0,"parent":0,"menu_order":0,"comment_status":"closed","ping_status":"closed","template":"","meta":{"footnotes":""},"class_list":["post-3570","page","type-page","status-publish","hentry"],"_links":{"self":[{"href":"https:\/\/cmylead.com\/de\/wp-json\/wp\/v2\/pages\/3570","targetHints":{"allow":["GET"]}}],"collection":[{"href":"https:\/\/cmylead.com\/de\/wp-json\/wp\/v2\/pages"}],"about":[{"href":"https:\/\/cmylead.com\/de\/wp-json\/wp\/v2\/types\/page"}],"author":[{"embeddable":true,"href":"https:\/\/cmylead.com\/de\/wp-json\/wp\/v2\/users\/1"}],"replies":[{"embeddable":true,"href":"https:\/\/cmylead.com\/de\/wp-json\/wp\/v2\/comments?post=3570"}],"version-history":[{"count":1,"href":"https:\/\/cmylead.com\/de\/wp-json\/wp\/v2\/pages\/3570\/revisions"}],"predecessor-version":[{"id":3572,"href":"https:\/\/cmylead.com\/de\/wp-json\/wp\/v2\/pages\/3570\/revisions\/3572"}],"wp:attachment":[{"href":"https:\/\/cmylead.com\/de\/wp-json\/wp\/v2\/media?parent=3570"}],"curies":[{"name":"wp","href":"https:\/\/api.w.org\/{rel}","templated":true}]}}