{"id":3492,"date":"2024-10-31T17:35:35","date_gmt":"2024-10-31T17:35:35","guid":{"rendered":"https:\/\/cmylead.com\/politica-de-privacidad\/"},"modified":"2024-11-11T16:56:23","modified_gmt":"2024-11-11T16:56:23","slug":"politica-de-privacidad","status":"publish","type":"page","link":"https:\/\/cmylead.com\/es\/politica-de-privacidad\/","title":{"rendered":"Pol\u00edtica de privacidad"},"content":{"rendered":"<style>.elementor-3492 .elementor-element.elementor-element-3438da73 > .elementor-background-overlay{background-color:var( --e-global-color-secondary );opacity:0.9;transition:background 0.3s, border-radius 0.3s, opacity 0.3s;}.elementor-3492 .elementor-element.elementor-element-3438da73 > .elementor-container{max-width:1200px;}.elementor-3492 .elementor-element.elementor-element-3438da73:not(.elementor-motion-effects-element-type-background), .elementor-3492 .elementor-element.elementor-element-3438da73 > .elementor-motion-effects-container > .elementor-motion-effects-layer{background-position:0% 10%;background-repeat:no-repeat;background-size:cover;}.elementor-3492 .elementor-element.elementor-element-3438da73{transition:background 0.3s, border 0.3s, border-radius 0.3s, box-shadow 0.3s;margin-top:-100px;margin-bottom:100px;padding:200px 0px 100px 0px;}.elementor-3492 .elementor-element.elementor-element-6d3af210{text-align:center;}.elementor-3492 .elementor-element.elementor-element-6d3af210 .elementor-heading-title{font-family:var( --e-global-typography-secondary-font-family ), Sans-serif;font-size:var( --e-global-typography-secondary-font-size );font-weight:var( --e-global-typography-secondary-font-weight );text-transform:var( --e-global-typography-secondary-text-transform );text-decoration:var( --e-global-typography-secondary-text-decoration );line-height:var( --e-global-typography-secondary-line-height );color:var( --e-global-color-827cd3a );}:root{--page-title-display:none;}@media(max-width:1024px){.elementor-3492 .elementor-element.elementor-element-3438da73:not(.elementor-motion-effects-element-type-background), .elementor-3492 .elementor-element.elementor-element-3438da73 > .elementor-motion-effects-container > .elementor-motion-effects-layer{background-position:0px 0px;}.elementor-3492 .elementor-element.elementor-element-3438da73{margin-top:-150px;margin-bottom:100px;padding:220px 0px 100px 0px;}.elementor-3492 .elementor-element.elementor-element-32bdeddb > .elementor-element-populated{margin:0px 0px 0px 0px;--e-column-margin-right:0px;--e-column-margin-left:0px;padding:0px 30px 0px 30px;}.elementor-3492 .elementor-element.elementor-element-6d3af210 .elementor-heading-title{font-size:var( --e-global-typography-secondary-font-size );line-height:var( --e-global-typography-secondary-line-height );}}@media(max-width:767px){.elementor-3492 .elementor-element.elementor-element-3438da73:not(.elementor-motion-effects-element-type-background), .elementor-3492 .elementor-element.elementor-element-3438da73 > .elementor-motion-effects-container > .elementor-motion-effects-layer{background-position:0px 0px;}.elementor-3492 .elementor-element.elementor-element-3438da73{margin-top:-150px;margin-bottom:100px;padding:220px 0px 100px 0px;}.elementor-3492 .elementor-element.elementor-element-32bdeddb > .elementor-element-populated{margin:0px 0px 0px 0px;--e-column-margin-right:0px;--e-column-margin-left:0px;padding:0px 20px 0px 20px;}.elementor-3492 .elementor-element.elementor-element-6d3af210 .elementor-heading-title{font-size:var( --e-global-typography-secondary-font-size );line-height:var( --e-global-typography-secondary-line-height );}}<\/style>\t\t<div data-elementor-type=\"wp-page\" data-elementor-id=\"3492\" class=\"elementor elementor-3492 elementor-1345\" data-elementor-post-type=\"page\">\n\t\t\t\t\t\t<section class=\"elementor-section elementor-top-section elementor-element elementor-element-3438da73 elementor-section-boxed elementor-section-height-default elementor-section-height-default\" data-id=\"3438da73\" data-element_type=\"section\" data-settings=\"{&quot;background_background&quot;:&quot;classic&quot;}\">\n\t\t\t\t\t\t\t<div class=\"elementor-background-overlay\"><\/div>\n\t\t\t\t\t\t\t<div class=\"elementor-container elementor-column-gap-default\">\n\t\t\t\t\t<div class=\"elementor-column elementor-col-100 elementor-top-column elementor-element elementor-element-32bdeddb\" data-id=\"32bdeddb\" data-element_type=\"column\">\n\t\t\t<div class=\"elementor-widget-wrap elementor-element-populated\">\n\t\t\t\t\t\t<div class=\"elementor-element elementor-element-6d3af210 elementor-widget elementor-widget-heading\" data-id=\"6d3af210\" data-element_type=\"widget\" data-widget_type=\"heading.default\">\n\t\t\t\t<div class=\"elementor-widget-container\">\n\t\t\t\t\t<h2 class=\"elementor-heading-title elementor-size-default\">Pol\u00edtica de privacidad<\/h2>\t\t\t\t<\/div>\n\t\t\t\t<\/div>\n\t\t\t\t\t<\/div>\n\t\t<\/div>\n\t\t\t\t\t<\/div>\n\t\t<\/section>\n\t\t\t\t<section class=\"elementor-section elementor-top-section elementor-element elementor-element-fb8c355 elementor-section-boxed elementor-section-height-default elementor-section-height-default\" data-id=\"fb8c355\" data-element_type=\"section\">\n\t\t\t\t\t\t<div class=\"elementor-container elementor-column-gap-default\">\n\t\t\t\t\t<div class=\"elementor-column elementor-col-100 elementor-top-column elementor-element elementor-element-63313d6\" data-id=\"63313d6\" data-element_type=\"column\">\n\t\t\t<div class=\"elementor-widget-wrap elementor-element-populated\">\n\t\t\t\t\t\t<div class=\"elementor-element elementor-element-98a631c elementor-widget elementor-widget-text-editor\" data-id=\"98a631c\" data-element_type=\"widget\" data-widget_type=\"text-editor.default\">\n\t\t\t\t<div class=\"elementor-widget-container\">\n\t\t\t\t\t\t\t\t\t<h4 data-fontsize=\"24\"><span data-preserver-spaces=\"true\">En CmyLead, accesible desde <\/span><a href=\"https:\/\/cmylead.com\/\" target=\"_blank\" rel=\"noopener\" data-fontsize=\"24\">www.cmylead.com<\/a><span data-preserver-spaces=\"true\">nuestra m\u00e1xima prioridad es la privacidad y la confianza de nuestros usuarios. Esta Pol\u00edtica de Privacidad describe los tipos de informaci\u00f3n que recogemos y registramos y c\u00f3mo se utiliza. <\/span><\/h4>\n<div><span data-preserver-spaces=\"true\"> <\/span><\/div>\n<p data-fontsize=\"18\"><span data-preserver-spaces=\"true\">Para cualquier consulta o informaci\u00f3n adicional sobre nuestra Pol\u00edtica de Privacidad, no dudes en ponerte en contacto con nosotros.<\/span><\/p>\n<p data-fontsize=\"18\"><span data-preserver-spaces=\"true\">Esta Pol\u00edtica de privacidad se aplica a nuestras actividades en l\u00ednea y es v\u00e1lida para los usuarios en relaci\u00f3n con la informaci\u00f3n que comparten y\/o recopilan en CmyLead. No se extiende a la informaci\u00f3n recogida fuera de l\u00ednea o a trav\u00e9s de otros canales aparte de este sitio web. Nuestra Pol\u00edtica de privacidad se estableci\u00f3 con la ayuda del Generador gratuito de pol\u00edticas de privacidad.  <\/span><\/p>\n<p data-fontsize=\"18\"><span data-preserver-spaces=\"true\"><b>Consentimiento<\/b><\/span><\/p>\n<p data-fontsize=\"18\"><span data-preserver-spaces=\"true\">Al utilizar nuestro sitio web, das tu consentimiento a nuestra Pol\u00edtica de Privacidad y aceptas sus t\u00e9rminos.<\/span><\/p>\n<p data-fontsize=\"18\"><span data-preserver-spaces=\"true\"><b>Informaci\u00f3n que recogemos<\/b><\/span><\/p>\n<p data-fontsize=\"18\"><span data-preserver-spaces=\"true\">Te explicaremos claramente por qu\u00e9 necesitamos los datos personales que te pedimos cuando te los solicitemos.<\/span><\/p>\n<p data-fontsize=\"18\"><span data-preserver-spaces=\"true\">Si te pones en contacto con nosotros directamente, podemos recibir informaci\u00f3n adicional como tu nombre, direcci\u00f3n de correo electr\u00f3nico, n\u00famero de tel\u00e9fono, el contenido del mensaje o los archivos adjuntos que nos env\u00edes y cualquier otra informaci\u00f3n que decidas proporcionarnos.<\/span><\/p>\n<p data-fontsize=\"18\"><span data-preserver-spaces=\"true\">Cuando te registras en una Cuenta, es posible que te pidamos tus datos de contacto, incluyendo elementos como el nombre, el nombre de la empresa, la direcci\u00f3n, la direcci\u00f3n de correo electr\u00f3nico y el n\u00famero de tel\u00e9fono.<\/span><\/p>\n<p data-fontsize=\"18\"><span data-preserver-spaces=\"true\"><b>\u00bfC\u00f3mo utilizamos tu informaci\u00f3n?<\/b><\/span><\/p>\n<p data-fontsize=\"18\"><span data-preserver-spaces=\"true\">Aprovechamos la informaci\u00f3n que recopilamos de numerosas formas, entre ellas para:<\/span><\/p>\n<ul>\n<li><span data-preserver-spaces=\"true\">Proporcionar, operar y mantener nuestro sitio web<\/span><\/li>\n<li><span data-preserver-spaces=\"true\">Mejorar, personalizar y ampliar nuestro sitio web<\/span><\/li>\n<li><span data-preserver-spaces=\"true\">Comprender y analizar el uso que haces de nuestro sitio web<\/span><\/li>\n<li><span data-preserver-spaces=\"true\">Desarrollar nuevos productos, servicios, caracter\u00edsticas y funcionalidades<\/span><\/li>\n<li><span data-preserver-spaces=\"true\">Comunicarnos contigo, directamente o a trav\u00e9s de socios, incluso para el servicio de atenci\u00f3n al cliente, actualizaciones y otra informaci\u00f3n relacionada con el sitio web, y con fines de marketing y promoci\u00f3n<\/span><\/li>\n<li><span data-preserver-spaces=\"true\">Enviarte correos electr\u00f3nicos<\/span><\/li>\n<li><span data-preserver-spaces=\"true\">Detectar y prevenir el fraude\n<p><\/span><\/li>\n<\/ul>\n<p data-fontsize=\"18\"><span data-preserver-spaces=\"true\"><b>Archivos de registro<\/b><\/span><\/p>\n<p data-fontsize=\"18\"><span data-preserver-spaces=\"true\">CmyLead sigue un procedimiento est\u00e1ndar de uso de archivos de registro, como todas las empresas de alojamiento. Estos archivos de registro rastrean a los visitantes cuando visitan los sitios web. Los datos recogidos pueden incluir direcciones IP, tipo de navegador, proveedor de servicios de Internet (ISP), marcas de fecha y hora, p\u00e1ginas de referencia\/salida y, potencialmente, el n\u00famero de clics. Esta informaci\u00f3n no est\u00e1 vinculada a ning\u00fan dato personal identificable y se utiliza para analizar tendencias, gestionar el sitio, seguir los movimientos de los usuarios y recopilar datos demogr\u00e1ficos.   <\/p>\n<p><\/span><\/p>\n<p data-fontsize=\"18\"><span data-preserver-spaces=\"true\"><b>Pol\u00edticas de privacidad de terceros<\/b><\/span><\/p>\n<p data-fontsize=\"18\"><span data-preserver-spaces=\"true\">La Pol\u00edtica de Privacidad de CmyLead no se aplica a otros anunciantes o sitios web. Por lo tanto, te aconsejamos que revises las respectivas Pol\u00edticas de Privacidad de los servidores de anuncios de terceros para obtener informaci\u00f3n m\u00e1s detallada sobre sus pr\u00e1cticas e instrucciones sobre c\u00f3mo optar por no participar en determinadas opciones. <\/p>\n<p><\/span><\/p>\n<p data-fontsize=\"18\"><span data-preserver-spaces=\"true\"><b>Derechos de protecci\u00f3n de datos GDPR<\/b><\/span><\/p>\n<p data-fontsize=\"18\"><span data-preserver-spaces=\"true\">Queremos asegurarnos de que conoces todos tus derechos en materia de protecci\u00f3n de datos. Todo usuario tiene derecho a lo siguiente: <\/span><\/p>\n<ul>\n<li><span data-preserver-spaces=\"true\">Derecho de acceso &#8211; Puedes solicitar copias de tus datos personales. Podemos cobrar una peque\u00f1a tarifa por este servicio. <\/span><\/li>\n<li><span data-preserver-spaces=\"true\">Derecho de rectificaci\u00f3n &#8211; Puedes solicitar que corrijamos cualquier informaci\u00f3n que consideres inexacta. Tambi\u00e9n puedes solicitar que completemos la informaci\u00f3n que consideres incompleta. <\/span><\/li>\n<li><span data-preserver-spaces=\"true\">Derecho de supresi\u00f3n &#8211; Puedes pedirnos que borremos tus datos personales, bajo condiciones espec\u00edficas.<\/span><\/li>\n<li><span data-preserver-spaces=\"true\">Derecho a restringir el tratamiento &#8211; Puedes pedirnos que restrinjamos el tratamiento de tus datos personales, bajo condiciones espec\u00edficas.<\/span><\/li>\n<li><span data-preserver-spaces=\"true\">Derecho a oponerte al tratamiento &#8211; Puedes oponerte a que tratemos tus datos personales, en determinadas condiciones.<\/span><\/li>\n<li><span data-preserver-spaces=\"true\">Derecho a la portabilidad de datos &#8211; Puedes solicitar que transfiramos tus datos a otra organizaci\u00f3n o directamente a ti, en determinadas condiciones.<br \/><b><br \/><\/b><\/span><\/li>\n<\/ul>\n<p data-fontsize=\"18\"><span data-preserver-spaces=\"true\"><b>Informaci\u00f3n para ni\u00f1os<\/b><\/span><\/p>\n<p data-fontsize=\"18\"><span data-preserver-spaces=\"true\">Proteger a los ni\u00f1os mientras utilizan Internet es especialmente importante para nosotros. Animamos a los padres y tutores a que supervisen la actividad de sus hijos en Internet. <\/span><\/p>\n<p data-fontsize=\"18\"><span data-preserver-spaces=\"true\">Cmycard no recopila a sabiendas ning\u00fan tipo de Informaci\u00f3n Personal Identificable de ni\u00f1os menores de 13 a\u00f1os. Si crees que tu hijo ha proporcionado este tipo de informaci\u00f3n en nuestro sitio web, te recomendamos encarecidamente que te pongas en contacto con nosotros inmediatamente y haremos todo lo posible para eliminar r\u00e1pidamente dicha informaci\u00f3n de nuestros registros. <\/span><\/p>\n\t\t\t\t\t\t\t\t<\/div>\n\t\t\t\t<\/div>\n\t\t\t\t\t<\/div>\n\t\t<\/div>\n\t\t\t\t\t<\/div>\n\t\t<\/section>\n\t\t\t\t<\/div>\n\t\t","protected":false},"excerpt":{"rendered":"<p>Pol\u00edtica de privacidad En CmyLead, accesible desde www.cmylead.comnuestra m\u00e1xima prioridad es la privacidad y la confianza de nuestros usuarios. Esta Pol\u00edtica de Privacidad describe los tipos de informaci\u00f3n que recogemos y registramos y c\u00f3mo se utiliza. Para cualquier consulta o informaci\u00f3n adicional sobre nuestra Pol\u00edtica de Privacidad, no dudes en ponerte en contacto con nosotros. [&hellip;]<\/p>\n","protected":false},"author":1,"featured_media":0,"parent":0,"menu_order":0,"comment_status":"closed","ping_status":"closed","template":"","meta":{"footnotes":""},"class_list":["post-3492","page","type-page","status-publish","hentry"],"_links":{"self":[{"href":"https:\/\/cmylead.com\/es\/wp-json\/wp\/v2\/pages\/3492","targetHints":{"allow":["GET"]}}],"collection":[{"href":"https:\/\/cmylead.com\/es\/wp-json\/wp\/v2\/pages"}],"about":[{"href":"https:\/\/cmylead.com\/es\/wp-json\/wp\/v2\/types\/page"}],"author":[{"embeddable":true,"href":"https:\/\/cmylead.com\/es\/wp-json\/wp\/v2\/users\/1"}],"replies":[{"embeddable":true,"href":"https:\/\/cmylead.com\/es\/wp-json\/wp\/v2\/comments?post=3492"}],"version-history":[{"count":1,"href":"https:\/\/cmylead.com\/es\/wp-json\/wp\/v2\/pages\/3492\/revisions"}],"predecessor-version":[{"id":3493,"href":"https:\/\/cmylead.com\/es\/wp-json\/wp\/v2\/pages\/3492\/revisions\/3493"}],"wp:attachment":[{"href":"https:\/\/cmylead.com\/es\/wp-json\/wp\/v2\/media?parent=3492"}],"curies":[{"name":"wp","href":"https:\/\/api.w.org\/{rel}","templated":true}]}}