{"id":3538,"date":"2024-10-31T17:37:39","date_gmt":"2024-10-31T17:37:39","guid":{"rendered":"https:\/\/cmylead.com\/politica-de-seguridad-de-las-aplicaciones-web\/"},"modified":"2024-11-11T17:04:12","modified_gmt":"2024-11-11T17:04:12","slug":"politica-de-seguridad-de-las-aplicaciones-web","status":"publish","type":"page","link":"https:\/\/cmylead.com\/es\/politica-de-seguridad-de-las-aplicaciones-web\/","title":{"rendered":"Pol\u00edtica de seguridad de las aplicaciones web"},"content":{"rendered":"<style>.elementor-3538 .elementor-element.elementor-element-3438da73 > .elementor-background-overlay{background-color:var( --e-global-color-secondary );opacity:0.9;transition:background 0.3s, border-radius 0.3s, opacity 0.3s;}.elementor-3538 .elementor-element.elementor-element-3438da73 > .elementor-container{max-width:1200px;}.elementor-3538 .elementor-element.elementor-element-3438da73:not(.elementor-motion-effects-element-type-background), .elementor-3538 .elementor-element.elementor-element-3438da73 > .elementor-motion-effects-container > .elementor-motion-effects-layer{background-position:0% 10%;background-repeat:no-repeat;background-size:cover;}.elementor-3538 .elementor-element.elementor-element-3438da73{transition:background 0.3s, border 0.3s, border-radius 0.3s, box-shadow 0.3s;margin-top:-100px;margin-bottom:100px;padding:200px 0px 100px 0px;}.elementor-3538 .elementor-element.elementor-element-6d3af210{text-align:center;}.elementor-3538 .elementor-element.elementor-element-6d3af210 .elementor-heading-title{font-family:var( --e-global-typography-secondary-font-family ), Sans-serif;font-size:var( --e-global-typography-secondary-font-size );font-weight:var( --e-global-typography-secondary-font-weight );text-transform:var( --e-global-typography-secondary-text-transform );text-decoration:var( --e-global-typography-secondary-text-decoration );line-height:var( --e-global-typography-secondary-line-height );color:var( --e-global-color-827cd3a );}:root{--page-title-display:none;}@media(max-width:1024px){.elementor-3538 .elementor-element.elementor-element-3438da73:not(.elementor-motion-effects-element-type-background), .elementor-3538 .elementor-element.elementor-element-3438da73 > .elementor-motion-effects-container > .elementor-motion-effects-layer{background-position:0px 0px;}.elementor-3538 .elementor-element.elementor-element-3438da73{margin-top:-150px;margin-bottom:100px;padding:220px 0px 100px 0px;}.elementor-3538 .elementor-element.elementor-element-32bdeddb > .elementor-element-populated{margin:0px 0px 0px 0px;--e-column-margin-right:0px;--e-column-margin-left:0px;padding:0px 30px 0px 30px;}.elementor-3538 .elementor-element.elementor-element-6d3af210 .elementor-heading-title{font-size:var( --e-global-typography-secondary-font-size );line-height:var( --e-global-typography-secondary-line-height );}}@media(max-width:767px){.elementor-3538 .elementor-element.elementor-element-3438da73:not(.elementor-motion-effects-element-type-background), .elementor-3538 .elementor-element.elementor-element-3438da73 > .elementor-motion-effects-container > .elementor-motion-effects-layer{background-position:0px 0px;}.elementor-3538 .elementor-element.elementor-element-3438da73{margin-top:-150px;margin-bottom:100px;padding:220px 0px 100px 0px;}.elementor-3538 .elementor-element.elementor-element-32bdeddb > .elementor-element-populated{margin:0px 0px 0px 0px;--e-column-margin-right:0px;--e-column-margin-left:0px;padding:0px 20px 0px 20px;}.elementor-3538 .elementor-element.elementor-element-6d3af210 .elementor-heading-title{font-size:var( --e-global-typography-secondary-font-size );line-height:var( --e-global-typography-secondary-line-height );}}<\/style>\t\t<div data-elementor-type=\"wp-page\" data-elementor-id=\"3538\" class=\"elementor elementor-3538 elementor-1350\" data-elementor-post-type=\"page\">\n\t\t\t\t\t\t<section class=\"elementor-section elementor-top-section elementor-element elementor-element-3438da73 elementor-section-boxed elementor-section-height-default elementor-section-height-default\" data-id=\"3438da73\" data-element_type=\"section\" data-settings=\"{&quot;background_background&quot;:&quot;classic&quot;}\">\n\t\t\t\t\t\t\t<div class=\"elementor-background-overlay\"><\/div>\n\t\t\t\t\t\t\t<div class=\"elementor-container elementor-column-gap-default\">\n\t\t\t\t\t<div class=\"elementor-column elementor-col-100 elementor-top-column elementor-element elementor-element-32bdeddb\" data-id=\"32bdeddb\" data-element_type=\"column\">\n\t\t\t<div class=\"elementor-widget-wrap elementor-element-populated\">\n\t\t\t\t\t\t<div class=\"elementor-element elementor-element-6d3af210 elementor-widget elementor-widget-heading\" data-id=\"6d3af210\" data-element_type=\"widget\" data-widget_type=\"heading.default\">\n\t\t\t\t<div class=\"elementor-widget-container\">\n\t\t\t\t\t<h2 class=\"elementor-heading-title elementor-size-default\">Pol\u00edtica de seguridad de las aplicaciones web<\/h2>\t\t\t\t<\/div>\n\t\t\t\t<\/div>\n\t\t\t\t\t<\/div>\n\t\t<\/div>\n\t\t\t\t\t<\/div>\n\t\t<\/section>\n\t\t\t\t<section class=\"elementor-section elementor-top-section elementor-element elementor-element-fb8c355 elementor-section-boxed elementor-section-height-default elementor-section-height-default\" data-id=\"fb8c355\" data-element_type=\"section\">\n\t\t\t\t\t\t<div class=\"elementor-container elementor-column-gap-default\">\n\t\t\t\t\t<div class=\"elementor-column elementor-col-100 elementor-top-column elementor-element elementor-element-63313d6\" data-id=\"63313d6\" data-element_type=\"column\">\n\t\t\t<div class=\"elementor-widget-wrap elementor-element-populated\">\n\t\t\t\t\t\t<div class=\"elementor-element elementor-element-98a631c elementor-widget elementor-widget-text-editor\" data-id=\"98a631c\" data-element_type=\"widget\" data-widget_type=\"text-editor.default\">\n\t\t\t\t<div class=\"elementor-widget-container\">\n\t\t\t\t\t\t\t\t\t<p data-fontsize=\"16\">\u00a1Bienvenido a nuestra aplicaci\u00f3n web! Nos comprometemos a garantizar la seguridad y la privacidad de nuestros usuarios. A continuaci\u00f3n encontrar\u00e1s las principales medidas de seguridad que hemos implementado para proteger tus datos.  <\/p>\n<p data-fontsize=\"16\"><strong>Validaci\u00f3n de entradas<\/strong><\/p>\n<ul class=\"wp-block-list\">\n<li><strong>Desinfecci\u00f3n y validaci\u00f3n de entradas:<\/strong> Nos aseguramos de que todas las entradas del usuario est\u00e9n correctamente desinfectadas y validadas para evitar amenazas de seguridad como la inyecci\u00f3n de SQL y la secuencia de comandos en sitios cruzados (XSS).<\/li>\n<li><strong>Sentencias preparadas:<\/strong> Utilizamos sentencias preparadas en las interacciones con la base de datos para mejorar la seguridad.<\/li>\n<\/ul>\n<p data-fontsize=\"16\"><strong>Autenticaci\u00f3n y autorizaci\u00f3n<\/strong><\/p>\n<ul class=\"wp-block-list\">\n<li><strong>Contrase\u00f1as seguras:<\/strong> Aplicamos pol\u00edticas de contrase\u00f1as seguras para proteger tu cuenta.<\/li>\n<li><strong>Autenticaci\u00f3n de dos factores (2FA):<\/strong> Ofrecemos 2FA para mayor seguridad.<\/li>\n<li><strong>Control de Acceso Basado en Funciones (RBAC):<\/strong> El acceso a los recursos se limita en funci\u00f3n de los roles de los usuarios.<\/li>\n<\/ul>\n<p data-fontsize=\"16\"><strong>Gesti\u00f3n de sesiones<\/strong><\/p>\n<ul class=\"wp-block-list\">\n<li><strong>Identificadores de sesi\u00f3n seguros:<\/strong> Utilizamos identificadores de sesi\u00f3n seguros, generados aleatoriamente y almacenados en cookies seguras.<\/li>\n<li><strong>Tiempo de espera de la sesi\u00f3n:<\/strong> Los usuarios se desconectan autom\u00e1ticamente tras un periodo de inactividad.<\/li>\n<li><strong>Prevenci\u00f3n del secuestro de sesi\u00f3n:<\/strong> Regeneramos regularmente los identificadores de sesi\u00f3n, especialmente despu\u00e9s del inicio de sesi\u00f3n.<\/li>\n<\/ul>\n<p data-fontsize=\"16\"><strong>Protecci\u00f3n de datos<\/strong><\/p>\n<ul class=\"wp-block-list\">\n<li><strong>Cifrado:<\/strong> Ciframos los datos sensibles tanto en tr\u00e1nsito como en reposo.<\/li>\n<li><strong>Hashing de contrase\u00f1as:<\/strong> Las contrase\u00f1as se almacenan utilizando algoritmos de hashing fuertes y unidireccionales.<\/li>\n<\/ul>\n<p data-fontsize=\"16\"><strong>Tratamiento de errores y registro<\/strong><\/p>\n<ul class=\"wp-block-list\">\n<li><strong>Mensajes de error gen\u00e9ricos:<\/strong> Mostramos mensajes de error gen\u00e9ricos para proteger contra la fuga de informaci\u00f3n.<\/li>\n<li><strong>Registro detallado:<\/strong> Los errores se registran con informaci\u00f3n detallada en una ubicaci\u00f3n segura.<\/li>\n<li><strong>Supervisi\u00f3n de registros:<\/strong> Supervisamos regularmente los registros en busca de actividades sospechosas.<\/li>\n<\/ul>\n<p data-fontsize=\"16\"><strong>Pr\u00e1cticas de codificaci\u00f3n seguras<\/strong><\/p>\n<ul class=\"wp-block-list\">\n<li><strong>Revisi\u00f3n del c\u00f3digo:<\/strong> Se realizan revisiones peri\u00f3dicas del c\u00f3digo para identificar y corregir vulnerabilidades.<\/li>\n<li><strong>Formaci\u00f3n en seguridad:<\/strong> Nuestros desarrolladores reciben formaci\u00f3n continua sobre seguridad.<\/li>\n<li><strong>Bibliotecas de seguridad:<\/strong> Utilizamos bibliotecas y marcos de seguridad bien mantenidos.<\/li>\n<\/ul>\n<p data-fontsize=\"16\"><strong>Gesti\u00f3n de la configuraci\u00f3n<\/strong><\/p>\n<ul class=\"wp-block-list\">\n<li><strong>Privilegios m\u00ednimos:<\/strong> Las aplicaciones se ejecutan con los m\u00ednimos privilegios necesarios.<\/li>\n<li><strong>Configuraci\u00f3n segura:<\/strong> Nuestros servidores est\u00e1n configurados de forma segura y se actualizan peri\u00f3dicamente.<\/li>\n<li><strong>Desactiva las Funciones Innecesarias:<\/strong> Los servicios y componentes no utilizados se desactivan para reducir el riesgo.<\/li>\n<\/ul>\n<p data-fontsize=\"16\"><strong>Pruebas de seguridad peri\u00f3dicas<\/strong><\/p>\n<ul class=\"wp-block-list\">\n<li><strong>Exploraci\u00f3n de vulnerabilidades:<\/strong> Se realizan escaneos peri\u00f3dicos para identificar puntos d\u00e9biles de seguridad.<\/li>\n<li><strong>Pruebas de penetraci\u00f3n:<\/strong> Se realizan pruebas de penetraci\u00f3n peri\u00f3dicas para evaluar nuestra seguridad.<\/li>\n<li><strong>Gesti\u00f3n de parches:<\/strong> Los parches y actualizaciones de seguridad se aplican con prontitud.<\/li>\n<\/ul>\n<p data-fontsize=\"16\"><strong>Respuesta a incidentes<\/strong><\/p>\n<ul class=\"wp-block-list\">\n<li><strong>Plan de Respuesta a Incidentes:<\/strong> Tenemos un plan detallado para responder a las violaciones de seguridad.<\/li>\n<li><strong>Simulacros peri\u00f3dicos:<\/strong> Se realizan simulacros de respuesta a incidentes para garantizar la preparaci\u00f3n.<\/li>\n<\/ul>\n<p data-fontsize=\"16\"><strong>Cumplimiento y requisitos legales<\/strong><\/p>\n<ul class=\"wp-block-list\">\n<li><strong>Leyes de protecci\u00f3n de datos:<\/strong> Cumplimos las leyes y normativas pertinentes sobre protecci\u00f3n de datos.<\/li>\n<li><strong>Normas del sector:<\/strong> Nos adherimos a las normas y mejores pr\u00e1cticas del sector, como las Diez Principales de OWASP.<\/li>\n<\/ul>\n<p data-fontsize=\"16\"><strong>Revisi\u00f3n de la Pol\u00edtica<\/strong><\/p>\n<p data-fontsize=\"16\">Nuestra pol\u00edtica de seguridad se revisa anualmente o despu\u00e9s de cualquier incidente de seguridad significativo para garantizar su eficacia.<\/p>\n<p data-fontsize=\"16\">Gracias por confiarnos tus datos. Nos comprometemos a mantener los m\u00e1s altos est\u00e1ndares de seguridad para proteger tu informaci\u00f3n. <\/p>\n\t\t\t\t\t\t\t\t<\/div>\n\t\t\t\t<\/div>\n\t\t\t\t\t<\/div>\n\t\t<\/div>\n\t\t\t\t\t<\/div>\n\t\t<\/section>\n\t\t\t\t<\/div>\n\t\t","protected":false},"excerpt":{"rendered":"<p>Pol\u00edtica de seguridad de las aplicaciones web \u00a1Bienvenido a nuestra aplicaci\u00f3n web! Nos comprometemos a garantizar la seguridad y la privacidad de nuestros usuarios. A continuaci\u00f3n encontrar\u00e1s las principales medidas de seguridad que hemos implementado para proteger tus datos. Validaci\u00f3n de entradas Desinfecci\u00f3n y validaci\u00f3n de entradas: Nos aseguramos de que todas las entradas del [&hellip;]<\/p>\n","protected":false},"author":1,"featured_media":0,"parent":0,"menu_order":0,"comment_status":"closed","ping_status":"closed","template":"","meta":{"footnotes":""},"class_list":["post-3538","page","type-page","status-publish","hentry"],"_links":{"self":[{"href":"https:\/\/cmylead.com\/es\/wp-json\/wp\/v2\/pages\/3538","targetHints":{"allow":["GET"]}}],"collection":[{"href":"https:\/\/cmylead.com\/es\/wp-json\/wp\/v2\/pages"}],"about":[{"href":"https:\/\/cmylead.com\/es\/wp-json\/wp\/v2\/types\/page"}],"author":[{"embeddable":true,"href":"https:\/\/cmylead.com\/es\/wp-json\/wp\/v2\/users\/1"}],"replies":[{"embeddable":true,"href":"https:\/\/cmylead.com\/es\/wp-json\/wp\/v2\/comments?post=3538"}],"version-history":[{"count":1,"href":"https:\/\/cmylead.com\/es\/wp-json\/wp\/v2\/pages\/3538\/revisions"}],"predecessor-version":[{"id":3539,"href":"https:\/\/cmylead.com\/es\/wp-json\/wp\/v2\/pages\/3538\/revisions\/3539"}],"wp:attachment":[{"href":"https:\/\/cmylead.com\/es\/wp-json\/wp\/v2\/media?parent=3538"}],"curies":[{"name":"wp","href":"https:\/\/api.w.org\/{rel}","templated":true}]}}