{"id":3600,"date":"2024-10-31T17:30:15","date_gmt":"2024-10-31T17:30:15","guid":{"rendered":"https:\/\/cmylead.com\/condiciones-de-uso\/"},"modified":"2024-11-11T18:29:48","modified_gmt":"2024-11-11T18:29:48","slug":"condiciones-de-uso","status":"publish","type":"page","link":"https:\/\/cmylead.com\/es\/condiciones-de-uso\/","title":{"rendered":"Condiciones de uso"},"content":{"rendered":"<style>.elementor-3600 .elementor-element.elementor-element-3438da73 > .elementor-background-overlay{background-color:var( --e-global-color-secondary );opacity:0.9;transition:background 0.3s, border-radius 0.3s, opacity 0.3s;}.elementor-3600 .elementor-element.elementor-element-3438da73 > .elementor-container{max-width:1200px;}.elementor-3600 .elementor-element.elementor-element-3438da73:not(.elementor-motion-effects-element-type-background), .elementor-3600 .elementor-element.elementor-element-3438da73 > .elementor-motion-effects-container > .elementor-motion-effects-layer{background-position:0% 10%;background-repeat:no-repeat;background-size:cover;}.elementor-3600 .elementor-element.elementor-element-3438da73{transition:background 0.3s, border 0.3s, border-radius 0.3s, box-shadow 0.3s;margin-top:-100px;margin-bottom:100px;padding:200px 0px 100px 0px;}.elementor-3600 .elementor-element.elementor-element-6d3af210{text-align:center;}.elementor-3600 .elementor-element.elementor-element-6d3af210 .elementor-heading-title{font-family:var( --e-global-typography-secondary-font-family ), Sans-serif;font-size:var( --e-global-typography-secondary-font-size );font-weight:var( --e-global-typography-secondary-font-weight );text-transform:var( --e-global-typography-secondary-text-transform );text-decoration:var( --e-global-typography-secondary-text-decoration );line-height:var( --e-global-typography-secondary-line-height );color:var( --e-global-color-827cd3a );}.elementor-3600 .elementor-element.elementor-element-26be6c1{--spacer-size:50px;}:root{--page-title-display:none;}@media(max-width:1024px){.elementor-3600 .elementor-element.elementor-element-3438da73:not(.elementor-motion-effects-element-type-background), .elementor-3600 .elementor-element.elementor-element-3438da73 > .elementor-motion-effects-container > .elementor-motion-effects-layer{background-position:0px 0px;}.elementor-3600 .elementor-element.elementor-element-3438da73{margin-top:-150px;margin-bottom:100px;padding:220px 0px 100px 0px;}.elementor-3600 .elementor-element.elementor-element-32bdeddb > .elementor-element-populated{margin:0px 0px 0px 0px;--e-column-margin-right:0px;--e-column-margin-left:0px;padding:0px 30px 0px 30px;}.elementor-3600 .elementor-element.elementor-element-6d3af210 .elementor-heading-title{font-size:var( --e-global-typography-secondary-font-size );line-height:var( --e-global-typography-secondary-line-height );}}@media(max-width:767px){.elementor-3600 .elementor-element.elementor-element-3438da73:not(.elementor-motion-effects-element-type-background), .elementor-3600 .elementor-element.elementor-element-3438da73 > .elementor-motion-effects-container > .elementor-motion-effects-layer{background-position:0px 0px;}.elementor-3600 .elementor-element.elementor-element-3438da73{margin-top:-150px;margin-bottom:100px;padding:220px 0px 100px 0px;}.elementor-3600 .elementor-element.elementor-element-32bdeddb > .elementor-element-populated{margin:0px 0px 0px 0px;--e-column-margin-right:0px;--e-column-margin-left:0px;padding:0px 20px 0px 20px;}.elementor-3600 .elementor-element.elementor-element-6d3af210 .elementor-heading-title{font-size:var( --e-global-typography-secondary-font-size );line-height:var( --e-global-typography-secondary-line-height );}}<\/style>\t\t<div data-elementor-type=\"wp-page\" data-elementor-id=\"3600\" class=\"elementor elementor-3600 elementor-1336\" data-elementor-post-type=\"page\">\n\t\t\t\t\t\t<section class=\"elementor-section elementor-top-section elementor-element elementor-element-3438da73 elementor-section-boxed elementor-section-height-default elementor-section-height-default\" data-id=\"3438da73\" data-element_type=\"section\" data-settings=\"{&quot;background_background&quot;:&quot;classic&quot;}\">\n\t\t\t\t\t\t\t<div class=\"elementor-background-overlay\"><\/div>\n\t\t\t\t\t\t\t<div class=\"elementor-container elementor-column-gap-default\">\n\t\t\t\t\t<div class=\"elementor-column elementor-col-100 elementor-top-column elementor-element elementor-element-32bdeddb\" data-id=\"32bdeddb\" data-element_type=\"column\">\n\t\t\t<div class=\"elementor-widget-wrap elementor-element-populated\">\n\t\t\t\t\t\t<div class=\"elementor-element elementor-element-6d3af210 elementor-widget elementor-widget-heading\" data-id=\"6d3af210\" data-element_type=\"widget\" data-widget_type=\"heading.default\">\n\t\t\t\t<div class=\"elementor-widget-container\">\n\t\t\t\t\t<h2 class=\"elementor-heading-title elementor-size-default\">Condiciones de uso<\/h2>\t\t\t\t<\/div>\n\t\t\t\t<\/div>\n\t\t\t\t\t<\/div>\n\t\t<\/div>\n\t\t\t\t\t<\/div>\n\t\t<\/section>\n\t\t\t\t<section class=\"elementor-section elementor-top-section elementor-element elementor-element-fb8c355 elementor-section-boxed elementor-section-height-default elementor-section-height-default\" data-id=\"fb8c355\" data-element_type=\"section\">\n\t\t\t\t\t\t<div class=\"elementor-container elementor-column-gap-default\">\n\t\t\t\t\t<div class=\"elementor-column elementor-col-100 elementor-top-column elementor-element elementor-element-63313d6\" data-id=\"63313d6\" data-element_type=\"column\">\n\t\t\t<div class=\"elementor-widget-wrap elementor-element-populated\">\n\t\t\t\t\t\t<div class=\"elementor-element elementor-element-98a631c elementor-widget elementor-widget-text-editor\" data-id=\"98a631c\" data-element_type=\"widget\" data-widget_type=\"text-editor.default\">\n\t\t\t\t<div class=\"elementor-widget-container\">\n\t\t\t\t\t\t\t\t\t<p data-fontsize=\"18\"><span data-preserver-spaces=\"true\"><b>SECCI\u00d3N 1 &#8211; VISI\u00d3N GENERAL<\/b><\/span><\/p>\n<p data-fontsize=\"18\"><span data-preserver-spaces=\"true\">Este sitio web est\u00e1 gestionado por CMYLEAD. En todo el sitio, los t\u00e9rminos \u00abnosotros\u00bb, \u00abnos\u00bb y \u00abnuestro\u00bb se refieren a CMYLEAD. CMYLEAD ofrece este sitio web, incluyendo toda la informaci\u00f3n, herramientas y servicios disponibles en este sitio para ti, el usuario, con la condici\u00f3n de que aceptes todos los t\u00e9rminos, condiciones, pol\u00edticas y avisos aqu\u00ed expuestos.  <\/span><\/p>\n<p data-fontsize=\"18\"><span data-preserver-spaces=\"true\">Al visitar nuestro sitio y\/o comprar algo de nosotros, participas en nuestro \u00abServicio\u00bb y aceptas estar sujeto a los siguientes t\u00e9rminos y condiciones (\u00abCondiciones del servicio\u00bb, \u00abCondiciones\u00bb), incluidos los t\u00e9rminos y condiciones y pol\u00edticas adicionales a los que se hace referencia en el presente documento y\/o que est\u00e1n disponibles mediante hiperv\u00ednculo. Estas Condiciones del Servicio se aplican a todos los usuarios del sitio, incluidos, sin limitaci\u00f3n, los usuarios que son navegadores, vendedores, clientes, comerciantes y\/o colaboradores de contenidos. <\/span><\/p>\n<p data-fontsize=\"18\"><span data-preserver-spaces=\"true\">Lee atentamente estas Condiciones del servicio antes de acceder o utilizar nuestro sitio web. Al acceder o utilizar cualquier parte del sitio, aceptas quedar vinculado por estas Condiciones del servicio. Si no aceptas todos los t\u00e9rminos y condiciones de este acuerdo, no podr\u00e1s acceder al sitio web ni utilizar ning\u00fan servicio. Si estas Condiciones del servicio se consideran una oferta, su aceptaci\u00f3n se limita expresamente a estas Condiciones del servicio.   <\/span><\/p>\n<p data-fontsize=\"18\"><span data-preserver-spaces=\"true\">Cualquier nueva funci\u00f3n o herramienta que se a\u00f1ada a la tienda actual tambi\u00e9n estar\u00e1 sujeta a las Condiciones del servicio. Puedes consultar la versi\u00f3n m\u00e1s actualizada de las Condiciones del servicio en cualquier momento en esta p\u00e1gina. Nos reservamos el derecho a actualizar, cambiar o sustituir cualquier parte de estas Condiciones del servicio publicando actualizaciones y\/o cambios en nuestro sitio web. Es tu responsabilidad revisar esta p\u00e1gina peri\u00f3dicamente para comprobar si se han producido cambios. El uso continuado o el acceso al sitio web tras la publicaci\u00f3n de cualquier cambio constituye la aceptaci\u00f3n de dichos cambios.    <\/span><\/p>\n<p data-fontsize=\"18\"><span data-preserver-spaces=\"true\"> <\/span><\/p>\n<p data-fontsize=\"18\"><span data-preserver-spaces=\"true\"><b>SECCI\u00d3N 2 &#8211; CONDICIONES DE LA TIENDA ONLINE  <\/b><\/span><\/p>\n<p data-fontsize=\"18\"><span data-preserver-spaces=\"true\">Al aceptar estas Condiciones del Servicio, declaras que eres mayor de edad en tu estado o provincia de residencia, o que eres mayor de edad en tu estado o provincia de residencia y nos has dado tu consentimiento para permitir que cualquiera de tus dependientes menores de edad utilice este sitio. No puedes utilizar nuestros productos para ning\u00fan fin ilegal o no autorizado ni puedes, en el uso del Servicio, violar ninguna ley de tu jurisdicci\u00f3n (incluidas, entre otras, las leyes de derechos de autor). <\/span><\/p>\n<p data-fontsize=\"18\"><span data-preserver-spaces=\"true\">No debes transmitir ning\u00fan gusano o virus ni ning\u00fan c\u00f3digo de naturaleza destructiva. El incumplimiento o violaci\u00f3n de cualquiera de las Condiciones dar\u00e1 lugar a la rescisi\u00f3n inmediata de tus Servicios. <\/span><\/p>\n<p data-fontsize=\"18\"><span data-preserver-spaces=\"true\"> <\/span><\/p>\n<p data-fontsize=\"18\"><span data-preserver-spaces=\"true\"><b>SECCI\u00d3N 3 &#8211; CONDICIONES GENERALES<\/b><\/span><\/p>\n<p data-fontsize=\"18\"><span data-preserver-spaces=\"true\">Nos reservamos el derecho a denegar el servicio a cualquier persona por cualquier motivo y en cualquier momento. Entiendes que tu contenido (sin incluir la informaci\u00f3n de la tarjeta de cr\u00e9dito), puede ser transferido sin encriptar e implicar (a) transmisiones a trav\u00e9s de varias redes; y (b) cambios para ajustarse y adaptarse a los requisitos t\u00e9cnicos de las redes o dispositivos de conexi\u00f3n. La informaci\u00f3n de la tarjeta de cr\u00e9dito siempre se encripta durante la transferencia a trav\u00e9s de redes.    <\/span><\/p>\n<p data-fontsize=\"18\"><span data-preserver-spaces=\"true\">SECCI\u00d3N 4 &#8211; EXACTITUD, INTEGRIDAD Y ACTUALIDAD DE LA INFORMACI\u00d3N<\/span><\/p>\n<p data-fontsize=\"18\"><span data-preserver-spaces=\"true\">No nos hacemos responsables si la informaci\u00f3n disponible en este sitio no es exacta, completa o actual. El material de este sitio se proporciona \u00fanicamente como informaci\u00f3n general y no debe utilizarse como \u00fanica base para tomar decisiones sin consultar fuentes de informaci\u00f3n primarias, m\u00e1s precisas, m\u00e1s completas o m\u00e1s oportunas. Cualquier confianza en el material de este sitio corre por tu cuenta y riesgo. Este sitio puede contener cierta informaci\u00f3n hist\u00f3rica. La informaci\u00f3n hist\u00f3rica, necesariamente, no es actual y se proporciona s\u00f3lo para tu referencia. Nos reservamos el derecho a modificar el contenido de este sitio en cualquier momento, pero no tenemos obligaci\u00f3n de actualizar ninguna informaci\u00f3n de nuestro sitio. Aceptas que es tu responsabilidad supervisar los cambios en nuestro sitio.      <\/span><\/p>\n<p data-fontsize=\"18\"><span data-preserver-spaces=\"true\">Por supuesto, continuar\u00e9 donde lo dej\u00e9, pero ten en cuenta que deben crearse unas condiciones de servicio completas con la ayuda de un profesional jur\u00eddico para garantizar que se cubren todos los detalles necesarios y espec\u00edficos del negocio o servicio. He aqu\u00ed una continuaci\u00f3n general: <\/span><\/p>\n<p data-fontsize=\"18\"><span data-preserver-spaces=\"true\"> <\/span><\/p>\n<p data-fontsize=\"18\"><span data-preserver-spaces=\"true\"><b>SECCI\u00d3N 5 &#8211; PRODUCTOS O SERVICIOS<\/b><\/span><\/p>\n<p data-fontsize=\"18\"><span data-preserver-spaces=\"true\">Algunos productos o servicios pueden estar disponibles exclusivamente en l\u00ednea a trav\u00e9s del sitio web. Estos productos o servicios pueden tener cantidades limitadas y est\u00e1n sujetos a devoluci\u00f3n o cambio s\u00f3lo de acuerdo con nuestra Pol\u00edtica de Devoluciones. Hemos hecho todo lo posible para mostrar con la mayor exactitud posible los colores y las im\u00e1genes de nuestros productos que aparecen en la tienda. No podemos garantizar que la visualizaci\u00f3n de cualquier color en el monitor de tu ordenador sea exacta.   <\/span><\/p>\n<p data-fontsize=\"18\"><span data-preserver-spaces=\"true\"> <\/span><\/p>\n<p data-fontsize=\"18\"><span data-preserver-spaces=\"true\"><b>SECCI\u00d3N 6 &#8211; EXACTITUD DE LOS DATOS DE FACTURACI\u00d3N Y DE LA CUENTA<\/b><\/span><\/p>\n<p data-fontsize=\"18\"><span data-preserver-spaces=\"true\">Aceptas proporcionar informaci\u00f3n de compra y de cuenta actual, completa y precisa para todas las compras realizadas en nuestra tienda. Aceptas actualizar puntualmente tu cuenta y otros datos, incluida tu direcci\u00f3n de correo electr\u00f3nico y los n\u00fameros y fechas de caducidad de tu tarjeta de cr\u00e9dito, para que podamos completar tus transacciones y ponernos en contacto contigo cuando sea necesario. <\/span><\/p>\n<p data-fontsize=\"18\"><span data-preserver-spaces=\"true\"> <\/span><\/p>\n<p data-fontsize=\"18\"><span data-preserver-spaces=\"true\"><b>SECCI\u00d3N 7 &#8211; HERRAMIENTAS OPCIONALES<\/b><\/span><\/p>\n<p data-fontsize=\"18\"><span data-preserver-spaces=\"true\">Es posible que te proporcionemos acceso a herramientas de terceros sobre las que no ejercemos ning\u00fan control. Reconoces y aceptas que te proporcionamos acceso a dichas herramientas \u00abtal cual\u00bb y \u00abseg\u00fan disponibilidad\u00bb, sin garant\u00edas, declaraciones ni condiciones de ning\u00fan tipo y sin ning\u00fan tipo de respaldo. <\/span><\/p>\n<p data-fontsize=\"18\"><span data-preserver-spaces=\"true\"> <\/span><\/p>\n<p data-fontsize=\"18\"><span data-preserver-spaces=\"true\"><b>SECCI\u00d3N 8 &#8211; ENLACES DE TERCEROS<\/b><\/span><\/p>\n<p data-fontsize=\"18\"><span data-preserver-spaces=\"true\">Algunos contenidos, productos y servicios disponibles a trav\u00e9s de nuestro Servicio pueden incluir materiales de terceros. Los enlaces de terceros en este sitio pueden dirigirte a sitios web de terceros que no est\u00e1n afiliados a nosotros. No somos responsables de examinar o evaluar el contenido o la exactitud y no garantizamos ni tendremos responsabilidad alguna por ning\u00fan material o sitio web de terceros, ni por ning\u00fan otro material, producto o servicio de terceros.  <\/span><\/p>\n<p data-fontsize=\"18\"><span data-preserver-spaces=\"true\"> <\/span><\/p>\n<p data-fontsize=\"18\"><span data-preserver-spaces=\"true\"><b>SECCI\u00d3N 9 &#8211; COMENTARIOS, OPINIONES Y OTRAS APORTACIONES DE LOS USUARIOS<\/b><\/span><\/p>\n<p data-fontsize=\"18\"><span data-preserver-spaces=\"true\">Si env\u00edas determinados env\u00edos espec\u00edficos o ideas creativas, sugerencias, propuestas, planes u otros materiales, ya sea en l\u00ednea, por correo electr\u00f3nico, por correo postal o de otro modo, aceptas que podamos, en cualquier momento y sin restricciones, editar, copiar, publicar, distribuir, traducir y utilizar de otro modo en cualquier medio cualquier comentario que nos env\u00edes. No estamos obligados a mantener ning\u00fan comentario en secreto, a pagar una compensaci\u00f3n por ning\u00fan comentario ni a responder a ning\u00fan comentario. <\/span><\/p>\n<p data-fontsize=\"18\"><span data-preserver-spaces=\"true\"> <\/span><\/p>\n<p data-fontsize=\"18\"><span data-preserver-spaces=\"true\"><b>SECCI\u00d3N 10 &#8211; INFORMACI\u00d3N PERSONAL<\/b><\/span><\/p>\n<p data-fontsize=\"18\"><span data-preserver-spaces=\"true\">Tu env\u00edo de informaci\u00f3n personal a trav\u00e9s de la tienda se rige por nuestra Pol\u00edtica de Privacidad.<\/span><\/p>\n<p data-fontsize=\"18\"><span data-preserver-spaces=\"true\"> <\/span><\/p>\n<p data-fontsize=\"18\"><span data-preserver-spaces=\"true\"><b>SECCI\u00d3N 11 &#8211; ERRORES, INEXACTITUDES Y OMISIONES<\/b><\/span><\/p>\n<p data-fontsize=\"18\"><span data-preserver-spaces=\"true\">Ocasionalmente puede haber informaci\u00f3n en nuestro sitio o en el Servicio que contenga errores tipogr\u00e1ficos, inexactitudes u omisiones que puedan estar relacionadas con descripciones de productos, precios, promociones, ofertas, gastos de env\u00edo de productos, tiempos de tr\u00e1nsito y disponibilidad. Nos reservamos el derecho a corregir cualquier error, inexactitud u omisi\u00f3n, y a cambiar o actualizar la informaci\u00f3n o cancelar pedidos si cualquier informaci\u00f3n del Servicio o de cualquier sitio web relacionado es inexacta, en cualquier momento y sin previo aviso. <\/span><\/p>\n<p data-fontsize=\"18\"><span data-preserver-spaces=\"true\"> <\/span><\/p>\n<p data-fontsize=\"18\"><span data-preserver-spaces=\"true\"><b>SECCI\u00d3N 12 &#8211; USOS PROHIBIDOS<\/b><\/span><\/p>\n<p data-fontsize=\"18\"><span data-preserver-spaces=\"true\">Adem\u00e1s de otras prohibiciones establecidas en las Condiciones del servicio, se te proh\u00edbe utilizar el sitio o su contenido para cualquier fin il\u00edcito; solicitar a otros que realicen o participen en cualquier acto il\u00edcito; violar cualquier reglamento, norma, ley u ordenanza local internacional, federal, provincial o estatal.<\/span><\/p>\n<p data-fontsize=\"18\"><span data-preserver-spaces=\"true\"> <\/span><\/p>\n<p data-fontsize=\"18\"><span data-preserver-spaces=\"true\"><b>SECCI\u00d3N 13 &#8211; EXCLUSI\u00d3N DE GARANT\u00cdAS; LIMITACI\u00d3N DE RESPONSABILIDAD<\/b><\/span><\/p>\n<p data-fontsize=\"18\"><span data-preserver-spaces=\"true\">No garantizamos que el uso de nuestro servicio sea ininterrumpido, puntual, seguro o libre de errores. No garantizamos que los resultados que puedan obtenerse del uso del servicio sean precisos o fiables. <\/span><\/p>\n<p data-fontsize=\"18\"><span data-preserver-spaces=\"true\"> <\/span><\/p>\n<p data-fontsize=\"18\"><span data-preserver-spaces=\"true\"><b>SECCI\u00d3N 14 &#8211; INDEMNIZACI\u00d3N<\/b><\/span><\/p>\n<p data-fontsize=\"18\"><span data-preserver-spaces=\"true\">Te comprometes a indemnizar, defender y eximir de toda responsabilidad a CMYLEAD y a nuestra empresa matriz, subsidiarias, filiales, socios, directivos, directores, agentes, contratistas, licenciantes, proveedores de servicios, subcontratistas, proveedores, becarios y empleados, frente a cualquier reclamaci\u00f3n o demanda, incluidos los honorarios razonables de abogados, interpuesta por cualquier tercero debido al incumplimiento por tu parte de estas Condiciones de servicio o de los documentos que incorporan por referencia, o a la violaci\u00f3n por tu parte de cualquier ley o derecho de un tercero.<\/span><\/p>\n<p data-fontsize=\"18\"><span data-preserver-spaces=\"true\"> <\/span><\/p>\n<p data-fontsize=\"18\"><span data-preserver-spaces=\"true\"><b>SECCI\u00d3N 15 &#8211; DIVISIBILIDAD<\/b><\/span><\/p>\n<p data-fontsize=\"18\"><span data-preserver-spaces=\"true\">En caso de que se determine que alguna disposici\u00f3n de estas Condiciones del servicio es ilegal, nula o inaplicable, dicha disposici\u00f3n ser\u00e1, no obstante, aplicable en la m\u00e1xima medida permitida por la legislaci\u00f3n aplicable, y la parte inaplicable se considerar\u00e1 separada de estas Condiciones del servicio.<\/span><\/p>\n<p data-fontsize=\"18\"><span data-preserver-spaces=\"true\"> <\/span><\/p>\n<p data-fontsize=\"18\"><span data-preserver-spaces=\"true\"><b>SECCI\u00d3N 16 &#8211; RESCISI\u00d3N<\/b><\/span><\/p>\n<p data-fontsize=\"18\"><span data-preserver-spaces=\"true\">Estas Condiciones de Servicio son efectivas a menos que y hasta que sean rescindidas por ti o por nosotros. Puedes rescindir estas Condiciones del servicio en cualquier momento notific\u00e1ndonos que ya no deseas utilizar nuestros Servicios, o cuando dejes de utilizar nuestro sitio. <\/span><\/p>\n<p data-fontsize=\"18\"><span data-preserver-spaces=\"true\"> <\/span><\/p>\n<p data-fontsize=\"18\"><span data-preserver-spaces=\"true\"><b>SECCI\u00d3N 17 &#8211; ACUERDO COMPLETO<\/b><\/span><\/p>\n<p data-fontsize=\"18\"><span data-preserver-spaces=\"true\">Estas Condiciones del servicio y cualquier pol\u00edtica o norma de funcionamiento publicada por nosotros en este sitio o con respecto al Servicio constituyen el acuerdo y entendimiento completo entre t\u00fa y nosotros y rigen tu uso del Servicio, sustituyendo a cualquier acuerdo, comunicaci\u00f3n y propuesta anterior o contempor\u00e1nea, ya sea oral o escrita, entre t\u00fa y nosotros.<\/span><\/p>\n<p data-fontsize=\"18\"><span data-preserver-spaces=\"true\"> <\/span><\/p>\n<p data-fontsize=\"18\"><span data-preserver-spaces=\"true\"><b>SECCI\u00d3N 18 &#8211; LEY APLICABLE<\/b><\/span><\/p>\n<p data-fontsize=\"18\"><span data-preserver-spaces=\"true\">Estas Condiciones del servicio y cualquier acuerdo independiente por el que te proporcionemos Servicios se regir\u00e1n e interpretar\u00e1n de acuerdo con las leyes de la jurisdicci\u00f3n en la que est\u00e9 registrada nuestra empresa.<\/span><\/p>\n<p data-fontsize=\"18\"><span data-preserver-spaces=\"true\"> <\/span><\/p>\n<p data-fontsize=\"18\"><span data-preserver-spaces=\"true\"><b>SECCI\u00d3N 19 &#8211; CAMBIOS EN LAS CONDICIONES DE SERVICIO<\/b><\/span><\/p>\n<p data-fontsize=\"18\"><span data-preserver-spaces=\"true\">Puedes consultar la versi\u00f3n m\u00e1s actualizada de las Condiciones del servicio en cualquier momento en esta p\u00e1gina. Nos reservamos el derecho, a nuestra entera discreci\u00f3n, de actualizar, cambiar o sustituir cualquier parte de estas Condiciones del servicio mediante la publicaci\u00f3n de actualizaciones y cambios en nuestro sitio web. <\/span><\/p>\n<p data-fontsize=\"18\"><span data-preserver-spaces=\"true\"> <\/span><\/p>\n<p data-fontsize=\"18\"><span data-preserver-spaces=\"true\"><b>SECCI\u00d3N 20 &#8211; INFORMACI\u00d3N DE CONTACTO<\/b><\/span><\/p>\n<p data-fontsize=\"18\"><span data-preserver-spaces=\"true\">Las preguntas sobre las Condiciones del servicio deben enviarse a info@cmylead.com.<\/span><\/p>\n\t\t\t\t\t\t\t\t<\/div>\n\t\t\t\t<\/div>\n\t\t\t\t<div class=\"elementor-element elementor-element-26be6c1 elementor-widget elementor-widget-spacer\" data-id=\"26be6c1\" data-element_type=\"widget\" data-widget_type=\"spacer.default\">\n\t\t\t\t<div class=\"elementor-widget-container\">\n\t\t\t\t\t\t\t<div class=\"elementor-spacer\">\n\t\t\t<div class=\"elementor-spacer-inner\"><\/div>\n\t\t<\/div>\n\t\t\t\t\t\t<\/div>\n\t\t\t\t<\/div>\n\t\t\t\t\t<\/div>\n\t\t<\/div>\n\t\t\t\t\t<\/div>\n\t\t<\/section>\n\t\t\t\t<\/div>\n\t\t","protected":false},"excerpt":{"rendered":"<p>Condiciones de uso SECCI\u00d3N 1 &#8211; VISI\u00d3N GENERAL Este sitio web est\u00e1 gestionado por CMYLEAD. En todo el sitio, los t\u00e9rminos \u00abnosotros\u00bb, \u00abnos\u00bb y \u00abnuestro\u00bb se refieren a CMYLEAD. CMYLEAD ofrece este sitio web, incluyendo toda la informaci\u00f3n, herramientas y servicios disponibles en este sitio para ti, el usuario, con la condici\u00f3n de que aceptes [&hellip;]<\/p>\n","protected":false},"author":1,"featured_media":0,"parent":0,"menu_order":0,"comment_status":"closed","ping_status":"closed","template":"","meta":{"footnotes":""},"class_list":["post-3600","page","type-page","status-publish","hentry"],"_links":{"self":[{"href":"https:\/\/cmylead.com\/es\/wp-json\/wp\/v2\/pages\/3600","targetHints":{"allow":["GET"]}}],"collection":[{"href":"https:\/\/cmylead.com\/es\/wp-json\/wp\/v2\/pages"}],"about":[{"href":"https:\/\/cmylead.com\/es\/wp-json\/wp\/v2\/types\/page"}],"author":[{"embeddable":true,"href":"https:\/\/cmylead.com\/es\/wp-json\/wp\/v2\/users\/1"}],"replies":[{"embeddable":true,"href":"https:\/\/cmylead.com\/es\/wp-json\/wp\/v2\/comments?post=3600"}],"version-history":[{"count":1,"href":"https:\/\/cmylead.com\/es\/wp-json\/wp\/v2\/pages\/3600\/revisions"}],"predecessor-version":[{"id":3601,"href":"https:\/\/cmylead.com\/es\/wp-json\/wp\/v2\/pages\/3600\/revisions\/3601"}],"wp:attachment":[{"href":"https:\/\/cmylead.com\/es\/wp-json\/wp\/v2\/media?parent=3600"}],"curies":[{"name":"wp","href":"https:\/\/api.w.org\/{rel}","templated":true}]}}