{"id":3421,"date":"2024-10-31T17:37:39","date_gmt":"2024-10-31T17:37:39","guid":{"rendered":"https:\/\/cmylead.com\/web-sovelluksen-turvallisuuskaytanto\/"},"modified":"2024-11-10T18:42:04","modified_gmt":"2024-11-10T18:42:04","slug":"web-sovelluksen-turvallisuuskaytanto","status":"publish","type":"page","link":"https:\/\/cmylead.com\/fi\/web-sovelluksen-turvallisuuskaytanto\/","title":{"rendered":"Web-sovelluksen turvallisuusk\u00e4yt\u00e4nt\u00f6"},"content":{"rendered":"\t\t<div data-elementor-type=\"wp-page\" data-elementor-id=\"3421\" class=\"elementor elementor-3421 elementor-1350\" data-elementor-post-type=\"page\">\n\t\t\t\t\t\t<section class=\"elementor-section elementor-top-section elementor-element elementor-element-3438da73 elementor-section-boxed elementor-section-height-default elementor-section-height-default\" data-id=\"3438da73\" data-element_type=\"section\" data-e-type=\"section\" data-settings=\"{&quot;background_background&quot;:&quot;classic&quot;}\">\n\t\t\t\t\t\t\t<div class=\"elementor-background-overlay\"><\/div>\n\t\t\t\t\t\t\t<div class=\"elementor-container elementor-column-gap-default\">\n\t\t\t\t\t<div class=\"elementor-column elementor-col-100 elementor-top-column elementor-element elementor-element-32bdeddb\" data-id=\"32bdeddb\" data-element_type=\"column\" data-e-type=\"column\">\n\t\t\t<div class=\"elementor-widget-wrap elementor-element-populated\">\n\t\t\t\t\t\t<div class=\"elementor-element elementor-element-6d3af210 elementor-widget elementor-widget-heading\" data-id=\"6d3af210\" data-element_type=\"widget\" data-e-type=\"widget\" data-widget_type=\"heading.default\">\n\t\t\t\t<div class=\"elementor-widget-container\">\n\t\t\t\t\t<h2 class=\"elementor-heading-title elementor-size-default\">Web-sovelluksen turvallisuusk\u00e4yt\u00e4nt\u00f6<\/h2>\t\t\t\t<\/div>\n\t\t\t\t<\/div>\n\t\t\t\t\t<\/div>\n\t\t<\/div>\n\t\t\t\t\t<\/div>\n\t\t<\/section>\n\t\t\t\t<section class=\"elementor-section elementor-top-section elementor-element elementor-element-fb8c355 elementor-section-boxed elementor-section-height-default elementor-section-height-default\" data-id=\"fb8c355\" data-element_type=\"section\" data-e-type=\"section\">\n\t\t\t\t\t\t<div class=\"elementor-container elementor-column-gap-default\">\n\t\t\t\t\t<div class=\"elementor-column elementor-col-100 elementor-top-column elementor-element elementor-element-63313d6\" data-id=\"63313d6\" data-element_type=\"column\" data-e-type=\"column\">\n\t\t\t<div class=\"elementor-widget-wrap elementor-element-populated\">\n\t\t\t\t\t\t<div class=\"elementor-element elementor-element-98a631c elementor-widget elementor-widget-text-editor\" data-id=\"98a631c\" data-element_type=\"widget\" data-e-type=\"widget\" data-widget_type=\"text-editor.default\">\n\t\t\t\t<div class=\"elementor-widget-container\">\n\t\t\t\t\t\t\t\t\t<p data-fontsize=\"16\">Tervetuloa verkkosovellukseemme! Olemme sitoutuneet varmistamaan k\u00e4ytt\u00e4jiemme turvallisuuden ja yksityisyyden. Alla on lueteltu t\u00e4rkeimm\u00e4t turvatoimet, jotka olemme toteuttaneet tietojesi suojaamiseksi.  <\/p>\n<p data-fontsize=\"16\"><strong>Sy\u00f6tteen validointi<\/strong><\/p>\n<ul class=\"wp-block-list\">\n<li><strong>Sanitize and Validate Input:<\/strong> Varmistamme, ett\u00e4 kaikki k\u00e4ytt\u00e4j\u00e4n sy\u00f6tteet puhdistetaan ja validoidaan asianmukaisesti SQL-injektioiden ja XSS:n (cross-site scripting) kaltaisten tietoturvauhkien est\u00e4miseksi.<\/li>\n<li><strong>Valmistellut lausumat:<\/strong> K\u00e4yt\u00e4mme valmisteltuja lausekkeita tietokantojen vuorovaikutuksessa turvallisuuden parantamiseksi.<\/li>\n<\/ul>\n<p data-fontsize=\"16\"><strong>Tunnistus ja valtuutus<\/strong><\/p>\n<ul class=\"wp-block-list\">\n<li><strong>Vahvat salasanat:<\/strong> Suojaamme tilisi vahvoilla salasanoilla.<\/li>\n<li><strong>Kaksitekij\u00e4todennus (2FA):<\/strong> 2FA: Tarjoamme 2FA:n lis\u00e4turvaa varten.<\/li>\n<li><strong>Roolipohjainen p\u00e4\u00e4synvalvonta (RBAC):<\/strong> Resurssien k\u00e4ytt\u00f6oikeuksia rajoitetaan k\u00e4ytt\u00e4j\u00e4roolien perusteella.<\/li>\n<\/ul>\n<p data-fontsize=\"16\"><strong>Istunnon hallinta<\/strong><\/p>\n<ul class=\"wp-block-list\">\n<li><strong>Turvalliset istuntotunnukset:<\/strong> K\u00e4yt\u00e4mme turvallisia, satunnaisesti luotuja istuntotunnuksia, jotka on tallennettu suojattuihin ev\u00e4steisiin.<\/li>\n<li><strong>Istunnon aikakatkaisu:<\/strong> K\u00e4ytt\u00e4j\u00e4t kirjautuvat automaattisesti ulos, kun he ovat olleet jonkin aikaa k\u00e4ytt\u00e4m\u00e4tt\u00f6min\u00e4.<\/li>\n<li><strong>Istunnon kaappauksen est\u00e4minen:<\/strong> Erityisesti kirjautumisen j\u00e4lkeen.<\/li>\n<\/ul>\n<p data-fontsize=\"16\"><strong>Tietosuoja<\/strong><\/p>\n<ul class=\"wp-block-list\">\n<li><strong>Salaus:<\/strong> Salaamme arkaluonteiset tiedot sek\u00e4 siirron aikana ett\u00e4 levossa.<\/li>\n<li><strong>Salasanojen h\u00e4ivytys:<\/strong> Salasanat tallennetaan k\u00e4ytt\u00e4m\u00e4ll\u00e4 vahvoja yksisuuntaisia h\u00e4ivytysalgoritmeja.<\/li>\n<\/ul>\n<p data-fontsize=\"16\"><strong>Virheiden k\u00e4sittely ja kirjaaminen<\/strong><\/p>\n<ul class=\"wp-block-list\">\n<li><strong>Yleiset virheilmoitukset:<\/strong> N\u00e4yt\u00e4mme yleisi\u00e4 virheilmoituksia suojautuaksemme tietovuodolta.<\/li>\n<li><strong>Yksityiskohtainen kirjaaminen:<\/strong> Virheet kirjautuvat yksityiskohtaisine tietoineen turvalliseen paikkaan.<\/li>\n<li><strong>Lokien seuranta:<\/strong> Tarkkailemme lokitietoja s\u00e4\u00e4nn\u00f6llisesti ep\u00e4ilytt\u00e4vien toimintojen varalta.<\/li>\n<\/ul>\n<p data-fontsize=\"16\"><strong>Turvalliset koodausk\u00e4yt\u00e4nn\u00f6t<\/strong><\/p>\n<ul class=\"wp-block-list\">\n<li><strong>Koodin tarkistus:<\/strong> S\u00e4\u00e4nn\u00f6lliset koodin tarkistukset haavoittuvuuksien tunnistamiseksi ja korjaamiseksi.<\/li>\n<li><strong>Turvallisuuskoulutus:<\/strong> Kehitt\u00e4j\u00e4mme saavat jatkuvaa turvallisuuskoulutusta.<\/li>\n<li><strong>Turvallisuuskirjastot:<\/strong> K\u00e4yt\u00e4mme hyvin yll\u00e4pidettyj\u00e4 tietoturvakirjastoja ja -kehyksi\u00e4.<\/li>\n<\/ul>\n<p data-fontsize=\"16\"><strong>Konfiguraation hallinta<\/strong><\/p>\n<ul class=\"wp-block-list\">\n<li><strong>V\u00e4himm\u00e4isoikeudet:<\/strong> Sovellukset toimivat v\u00e4himmill\u00e4 tarvittavilla oikeuksilla.<\/li>\n<li><strong>Turvallinen konfigurointi:<\/strong> Palvelimemme on turvallisesti konfiguroitu ja p\u00e4ivitetty s\u00e4\u00e4nn\u00f6llisesti.<\/li>\n<li><strong>Poista tarpeettomat ominaisuudet k\u00e4yt\u00f6st\u00e4:<\/strong> Riskien v\u00e4hent\u00e4miseksi poistetaan k\u00e4yt\u00f6st\u00e4 k\u00e4ytt\u00e4m\u00e4tt\u00f6m\u00e4t palvelut ja komponentit.<\/li>\n<\/ul>\n<p data-fontsize=\"16\"><strong>S\u00e4\u00e4nn\u00f6llinen tietoturvatestaus<\/strong><\/p>\n<ul class=\"wp-block-list\">\n<li><strong>Haavoittuvuuksien skannaus:<\/strong> Haavoittuvuusskannaukset: Haavoittuvuusskannauksia tehd\u00e4\u00e4n s\u00e4\u00e4nn\u00f6llisesti tietoturvaheikkouksien tunnistamiseksi.<\/li>\n<li><strong>Tunkeutumistestaus:<\/strong> Tietoturvan arvioimiseksi suoritetaan s\u00e4\u00e4nn\u00f6llisi\u00e4 tunkeutumistestej\u00e4.<\/li>\n<li><strong>Korjausten hallinta:<\/strong> Tietoturvakorjaukset ja -p\u00e4ivitykset otetaan k\u00e4ytt\u00f6\u00f6n nopeasti.<\/li>\n<\/ul>\n<p data-fontsize=\"16\"><strong>Tapahtumiin vastaaminen<\/strong><\/p>\n<ul class=\"wp-block-list\">\n<li><strong>H\u00e4iri\u00f6tilanteiden torjuntasuunnitelma:<\/strong> Meill\u00e4 on yksityiskohtainen suunnitelma tietoturvaloukkauksiin reagoimiseksi.<\/li>\n<li><strong>S\u00e4\u00e4nn\u00f6lliset harjoitukset:<\/strong> Varautumisen varmistamiseksi j\u00e4rjestet\u00e4\u00e4n h\u00e4iri\u00f6tilanteisiin reagoimisharjoituksia.<\/li>\n<\/ul>\n<p data-fontsize=\"16\"><strong>Vaatimustenmukaisuus ja oikeudelliset vaatimukset<\/strong><\/p>\n<ul class=\"wp-block-list\">\n<li><strong>Tietosuojalains\u00e4\u00e4d\u00e4nt\u00f6:<\/strong> Noudatamme asiaankuuluvia tietosuojalakeja ja -m\u00e4\u00e4r\u00e4yksi\u00e4.<\/li>\n<li><strong>Alan standardit:<\/strong> Noudatamme alan standardeja ja parhaita k\u00e4yt\u00e4nt\u00f6j\u00e4, kuten OWASP Top Ten -standardia.<\/li>\n<\/ul>\n<p data-fontsize=\"16\"><strong>Politiikan uudelleentarkastelu<\/strong><\/p>\n<p data-fontsize=\"16\">Turvallisuuspolitiikkamme tarkistetaan vuosittain tai merkitt\u00e4v\u00e4n tietoturvaloukkauksen j\u00e4lkeen sen tehokkuuden varmistamiseksi.<\/p>\n<p data-fontsize=\"16\">Kiitos, ett\u00e4 luotat meille tietosi. Olemme sitoutuneet yll\u00e4pit\u00e4m\u00e4\u00e4n korkeimpia turvallisuusstandardeja tietojesi suojaamiseksi. <\/p>\n\t\t\t\t\t\t\t\t<\/div>\n\t\t\t\t<\/div>\n\t\t\t\t\t<\/div>\n\t\t<\/div>\n\t\t\t\t\t<\/div>\n\t\t<\/section>\n\t\t\t\t<\/div>\n\t\t","protected":false},"excerpt":{"rendered":"<p>Web-sovelluksen turvallisuusk\u00e4yt\u00e4nt\u00f6 Tervetuloa verkkosovellukseemme! Olemme sitoutuneet varmistamaan k\u00e4ytt\u00e4jiemme turvallisuuden ja yksityisyyden. Alla on lueteltu t\u00e4rkeimm\u00e4t turvatoimet, jotka olemme toteuttaneet tietojesi suojaamiseksi. Sy\u00f6tteen validointi Sanitize and Validate Input: Varmistamme, ett\u00e4 kaikki k\u00e4ytt\u00e4j\u00e4n sy\u00f6tteet puhdistetaan ja validoidaan asianmukaisesti SQL-injektioiden ja XSS:n (cross-site scripting) kaltaisten tietoturvauhkien est\u00e4miseksi. Valmistellut lausumat: K\u00e4yt\u00e4mme valmisteltuja lausekkeita tietokantojen vuorovaikutuksessa turvallisuuden parantamiseksi. Tunnistus ja [&hellip;]<\/p>\n","protected":false},"author":2,"featured_media":0,"parent":0,"menu_order":0,"comment_status":"closed","ping_status":"closed","template":"","meta":{"footnotes":""},"class_list":["post-3421","page","type-page","status-publish","hentry"],"_links":{"self":[{"href":"https:\/\/cmylead.com\/fi\/wp-json\/wp\/v2\/pages\/3421","targetHints":{"allow":["GET"]}}],"collection":[{"href":"https:\/\/cmylead.com\/fi\/wp-json\/wp\/v2\/pages"}],"about":[{"href":"https:\/\/cmylead.com\/fi\/wp-json\/wp\/v2\/types\/page"}],"author":[{"embeddable":true,"href":"https:\/\/cmylead.com\/fi\/wp-json\/wp\/v2\/users\/2"}],"replies":[{"embeddable":true,"href":"https:\/\/cmylead.com\/fi\/wp-json\/wp\/v2\/comments?post=3421"}],"version-history":[{"count":1,"href":"https:\/\/cmylead.com\/fi\/wp-json\/wp\/v2\/pages\/3421\/revisions"}],"predecessor-version":[{"id":3423,"href":"https:\/\/cmylead.com\/fi\/wp-json\/wp\/v2\/pages\/3421\/revisions\/3423"}],"wp:attachment":[{"href":"https:\/\/cmylead.com\/fi\/wp-json\/wp\/v2\/media?parent=3421"}],"curies":[{"name":"wp","href":"https:\/\/api.w.org\/{rel}","templated":true}]}}