{"id":3452,"date":"2024-10-31T17:35:35","date_gmt":"2024-10-31T17:35:35","guid":{"rendered":"https:\/\/cmylead.com\/tietosuojakaytanto\/"},"modified":"2024-11-11T16:51:29","modified_gmt":"2024-11-11T16:51:29","slug":"tietosuojakaytanto","status":"publish","type":"page","link":"https:\/\/cmylead.com\/fi\/tietosuojakaytanto\/","title":{"rendered":"Tietosuojak\u00e4yt\u00e4nt\u00f6"},"content":{"rendered":"<style>.elementor-3452 .elementor-element.elementor-element-3438da73 > .elementor-background-overlay{background-color:var( --e-global-color-secondary );opacity:0.9;transition:background 0.3s, border-radius 0.3s, opacity 0.3s;}.elementor-3452 .elementor-element.elementor-element-3438da73 > .elementor-container{max-width:1200px;}.elementor-3452 .elementor-element.elementor-element-3438da73:not(.elementor-motion-effects-element-type-background), .elementor-3452 .elementor-element.elementor-element-3438da73 > .elementor-motion-effects-container > .elementor-motion-effects-layer{background-position:0% 10%;background-repeat:no-repeat;background-size:cover;}.elementor-3452 .elementor-element.elementor-element-3438da73{transition:background 0.3s, border 0.3s, border-radius 0.3s, box-shadow 0.3s;margin-top:-100px;margin-bottom:100px;padding:200px 0px 100px 0px;}.elementor-3452 .elementor-element.elementor-element-6d3af210{text-align:center;}.elementor-3452 .elementor-element.elementor-element-6d3af210 .elementor-heading-title{font-family:var( --e-global-typography-secondary-font-family ), Sans-serif;font-size:var( --e-global-typography-secondary-font-size );font-weight:var( --e-global-typography-secondary-font-weight );text-transform:var( --e-global-typography-secondary-text-transform );text-decoration:var( --e-global-typography-secondary-text-decoration );line-height:var( --e-global-typography-secondary-line-height );color:var( --e-global-color-827cd3a );}:root{--page-title-display:none;}@media(max-width:1024px){.elementor-3452 .elementor-element.elementor-element-3438da73:not(.elementor-motion-effects-element-type-background), .elementor-3452 .elementor-element.elementor-element-3438da73 > .elementor-motion-effects-container > .elementor-motion-effects-layer{background-position:0px 0px;}.elementor-3452 .elementor-element.elementor-element-3438da73{margin-top:-150px;margin-bottom:100px;padding:220px 0px 100px 0px;}.elementor-3452 .elementor-element.elementor-element-32bdeddb > .elementor-element-populated{margin:0px 0px 0px 0px;--e-column-margin-right:0px;--e-column-margin-left:0px;padding:0px 30px 0px 30px;}.elementor-3452 .elementor-element.elementor-element-6d3af210 .elementor-heading-title{font-size:var( --e-global-typography-secondary-font-size );line-height:var( --e-global-typography-secondary-line-height );}}@media(max-width:767px){.elementor-3452 .elementor-element.elementor-element-3438da73:not(.elementor-motion-effects-element-type-background), .elementor-3452 .elementor-element.elementor-element-3438da73 > .elementor-motion-effects-container > .elementor-motion-effects-layer{background-position:0px 0px;}.elementor-3452 .elementor-element.elementor-element-3438da73{margin-top:-150px;margin-bottom:100px;padding:220px 0px 100px 0px;}.elementor-3452 .elementor-element.elementor-element-32bdeddb > .elementor-element-populated{margin:0px 0px 0px 0px;--e-column-margin-right:0px;--e-column-margin-left:0px;padding:0px 20px 0px 20px;}.elementor-3452 .elementor-element.elementor-element-6d3af210 .elementor-heading-title{font-size:var( --e-global-typography-secondary-font-size );line-height:var( --e-global-typography-secondary-line-height );}}<\/style>\t\t<div data-elementor-type=\"wp-page\" data-elementor-id=\"3452\" class=\"elementor elementor-3452 elementor-1345\" data-elementor-post-type=\"page\">\n\t\t\t\t\t\t<section class=\"elementor-section elementor-top-section elementor-element elementor-element-3438da73 elementor-section-boxed elementor-section-height-default elementor-section-height-default\" data-id=\"3438da73\" data-element_type=\"section\" data-settings=\"{&quot;background_background&quot;:&quot;classic&quot;}\">\n\t\t\t\t\t\t\t<div class=\"elementor-background-overlay\"><\/div>\n\t\t\t\t\t\t\t<div class=\"elementor-container elementor-column-gap-default\">\n\t\t\t\t\t<div class=\"elementor-column elementor-col-100 elementor-top-column elementor-element elementor-element-32bdeddb\" data-id=\"32bdeddb\" data-element_type=\"column\">\n\t\t\t<div class=\"elementor-widget-wrap elementor-element-populated\">\n\t\t\t\t\t\t<div class=\"elementor-element elementor-element-6d3af210 elementor-widget elementor-widget-heading\" data-id=\"6d3af210\" data-element_type=\"widget\" data-widget_type=\"heading.default\">\n\t\t\t\t<div class=\"elementor-widget-container\">\n\t\t\t\t\t<h2 class=\"elementor-heading-title elementor-size-default\">Tietosuojak\u00e4yt\u00e4nt\u00f6<\/h2>\t\t\t\t<\/div>\n\t\t\t\t<\/div>\n\t\t\t\t\t<\/div>\n\t\t<\/div>\n\t\t\t\t\t<\/div>\n\t\t<\/section>\n\t\t\t\t<section class=\"elementor-section elementor-top-section elementor-element elementor-element-fb8c355 elementor-section-boxed elementor-section-height-default elementor-section-height-default\" data-id=\"fb8c355\" data-element_type=\"section\">\n\t\t\t\t\t\t<div class=\"elementor-container elementor-column-gap-default\">\n\t\t\t\t\t<div class=\"elementor-column elementor-col-100 elementor-top-column elementor-element elementor-element-63313d6\" data-id=\"63313d6\" data-element_type=\"column\">\n\t\t\t<div class=\"elementor-widget-wrap elementor-element-populated\">\n\t\t\t\t\t\t<div class=\"elementor-element elementor-element-98a631c elementor-widget elementor-widget-text-editor\" data-id=\"98a631c\" data-element_type=\"widget\" data-widget_type=\"text-editor.default\">\n\t\t\t\t<div class=\"elementor-widget-container\">\n\t\t\t\t\t\t\t\t\t<h4 data-fontsize=\"24\"><span data-preserver-spaces=\"true\">CmyLeadissa, johon p\u00e4\u00e4see osoitteesta <\/span><a href=\"https:\/\/cmylead.com\/\" target=\"_blank\" rel=\"noopener\" data-fontsize=\"24\">www.cmylead.com<\/a><span data-preserver-spaces=\"true\">, k\u00e4ytt\u00e4jien yksityisyys ja luottamus on meille ensisijainen tavoite. T\u00e4ss\u00e4 tietosuojak\u00e4yt\u00e4nn\u00f6ss\u00e4 kerrotaan, millaisia tietoja ker\u00e4\u00e4mme ja tallennamme ja miten niit\u00e4 k\u00e4ytet\u00e4\u00e4n. <\/span><\/h4>\n<div><span data-preserver-spaces=\"true\"> <\/span><\/div>\n<p data-fontsize=\"18\"><span data-preserver-spaces=\"true\">Jos sinulla on kysytt\u00e4v\u00e4\u00e4 tai lis\u00e4tietoja tietosuojak\u00e4yt\u00e4nn\u00f6st\u00e4mme, ota meihin yhteytt\u00e4.<\/span><\/p>\n<p data-fontsize=\"18\"><span data-preserver-spaces=\"true\">T\u00e4m\u00e4 tietosuojak\u00e4yt\u00e4nt\u00f6 koskee verkkotoimintaamme, ja se on voimassa k\u00e4ytt\u00e4jille heid\u00e4n CmyLeadissa jakamiensa ja\/tai ker\u00e4\u00e4miens\u00e4 tietojen osalta. Se ei koske tietoja, jotka on ker\u00e4tty offline-tilassa tai muiden kanavien kautta t\u00e4m\u00e4n verkkosivuston lis\u00e4ksi. Tietosuojak\u00e4yt\u00e4nt\u00f6mme on laadittu Free Privacy Policy Generator -ohjelman avulla.  <\/span><\/p>\n<p data-fontsize=\"18\"><span data-preserver-spaces=\"true\"><b>Suostumus<\/b><\/span><\/p>\n<p data-fontsize=\"18\"><span data-preserver-spaces=\"true\">K\u00e4ytt\u00e4m\u00e4ll\u00e4 verkkosivustoamme hyv\u00e4ksyt t\u00e4ten tietosuojak\u00e4yt\u00e4nt\u00f6mme ja hyv\u00e4ksyt sen ehdot.<\/span><\/p>\n<p data-fontsize=\"18\"><span data-preserver-spaces=\"true\"><b>Ker\u00e4\u00e4m\u00e4mme tiedot<\/b><\/span><\/p>\n<p data-fontsize=\"18\"><span data-preserver-spaces=\"true\">Selit\u00e4mme selke\u00e4sti, miksi tarvitsemme henkil\u00f6tietoja, joita pyyd\u00e4mme sinua antamaan, kun pyyd\u00e4mme niit\u00e4.<\/span><\/p>\n<p data-fontsize=\"18\"><span data-preserver-spaces=\"true\">Jos otat meihin suoraan yhteytt\u00e4, saatamme saada lis\u00e4tietoja, kuten nimesi, s\u00e4hk\u00f6postiosoitteesi, puhelinnumerosi, l\u00e4hett\u00e4m\u00e4si viestin tai liitetiedostojen sis\u00e4ll\u00f6n ja muut haluamasi tiedot.<\/span><\/p>\n<p data-fontsize=\"18\"><span data-preserver-spaces=\"true\">Kun rekister\u00f6idyt tili\u00e4 varten, saatamme pyyt\u00e4\u00e4 yhteystietojasi, kuten nime\u00e4, yrityksen nime\u00e4, osoitetta, s\u00e4hk\u00f6postiosoitetta ja puhelinnumeroa.<\/span><\/p>\n<p data-fontsize=\"18\"><span data-preserver-spaces=\"true\"><b>Miten k\u00e4yt\u00e4mme tietojasi?<\/b><\/span><\/p>\n<p data-fontsize=\"18\"><span data-preserver-spaces=\"true\">Hy\u00f6dynn\u00e4mme ker\u00e4\u00e4mi\u00e4mme tietoja monin eri tavoin, muun muassa seuraaviin tarkoituksiin:<\/span><\/p>\n<ul>\n<li><span data-preserver-spaces=\"true\">tarjota, k\u00e4ytt\u00e4\u00e4 ja yll\u00e4pit\u00e4\u00e4 verkkosivustoamme<\/span><\/li>\n<li><span data-preserver-spaces=\"true\">Parantaa, muokata ja laajentaa verkkosivustoamme.<\/span><\/li>\n<li><span data-preserver-spaces=\"true\">ymm\u00e4rt\u00e4\u00e4 ja analysoida verkkosivuston k\u00e4ytt\u00f6\u00e4si<\/span><\/li>\n<li><span data-preserver-spaces=\"true\">Uusien tuotteiden, palvelujen, ominaisuuksien ja toimintojen kehitt\u00e4minen.<\/span><\/li>\n<li><span data-preserver-spaces=\"true\">yhteydenpito sinuun suoraan tai yhteisty\u00f6kumppaneiden v\u00e4lityksell\u00e4, mukaan lukien asiakaspalvelu, p\u00e4ivitykset ja muut verkkosivustoon liittyv\u00e4t tiedot sek\u00e4 markkinointi- ja myynninedist\u00e4mistarkoitukset.<\/span><\/li>\n<li><span data-preserver-spaces=\"true\">L\u00e4het\u00e4 sinulle s\u00e4hk\u00f6posteja<\/span><\/li>\n<li><span data-preserver-spaces=\"true\">Petosten havaitseminen ja ehk\u00e4iseminen\n<p><\/span><\/li>\n<\/ul>\n<p data-fontsize=\"18\"><span data-preserver-spaces=\"true\"><b>Lokitiedostot<\/b><\/span><\/p>\n<p data-fontsize=\"18\"><span data-preserver-spaces=\"true\">CmyLead k\u00e4ytt\u00e4\u00e4 lokitiedostoja tavanomaisesti, kuten kaikki hosting-yritykset. N\u00e4m\u00e4 lokitiedostot seuraavat k\u00e4vij\u00f6it\u00e4, kun he vierailevat verkkosivustoilla. Ker\u00e4ttyihin tietoihin voi sis\u00e4lty\u00e4 IP-osoitteita, selaimen tyyppi\u00e4, Internet-palveluntarjoajaa (ISP), p\u00e4iv\u00e4m\u00e4\u00e4r\u00e4- ja aikaleimoja, viittaavia\/poistuvia sivuja ja mahdollisesti klikkausten m\u00e4\u00e4r\u00e4\u00e4. N\u00e4it\u00e4 tietoja ei yhdistet\u00e4 mihink\u00e4\u00e4n henkil\u00f6kohtaisesti tunnistettaviin tietoihin, ja niit\u00e4 k\u00e4ytet\u00e4\u00e4n trendien analysointiin, sivuston hallintaan, k\u00e4ytt\u00e4jien liikkumisen seurantaan ja demografisten tietojen ker\u00e4\u00e4miseen.   <\/p>\n<p><\/span><\/p>\n<p data-fontsize=\"18\"><span data-preserver-spaces=\"true\"><b>Kolmansien osapuolten tietosuojak\u00e4yt\u00e4nn\u00f6t<\/b><\/span><\/p>\n<p data-fontsize=\"18\"><span data-preserver-spaces=\"true\">CmyLeadin tietosuojak\u00e4yt\u00e4nt\u00f6 ei koske muita mainostajia tai verkkosivustoja. Siksi kehotamme sinua tutustumaan kolmansien osapuolten mainospalvelimien tietosuojak\u00e4yt\u00e4nt\u00f6ihin saadaksesi yksityiskohtaisempia tietoja niiden k\u00e4yt\u00e4nn\u00f6ist\u00e4 ja ohjeita siit\u00e4, miten poistua tietyist\u00e4 vaihtoehdoista. <\/p>\n<p><\/span><\/p>\n<p data-fontsize=\"18\"><span data-preserver-spaces=\"true\"><b>GDPR Tietosuojaoikeudet<\/b><\/span><\/p>\n<p data-fontsize=\"18\"><span data-preserver-spaces=\"true\">Haluamme varmistaa, ett\u00e4 olet t\u00e4ysin tietoinen kaikista tietosuojaoikeuksistasi. Jokaisella k\u00e4ytt\u00e4j\u00e4ll\u00e4 on oikeus seuraaviin oikeuksiin: <\/span><\/p>\n<ul>\n<li><span data-preserver-spaces=\"true\">Oikeus tutustua tietoihin &#8211; Voit pyyt\u00e4\u00e4 kopioita henkil\u00f6tiedoistasi. Saatamme peri\u00e4 t\u00e4st\u00e4 palvelusta pienen maksun. <\/span><\/li>\n<li><span data-preserver-spaces=\"true\">Oikeus tietojen oikaisemiseen &#8211; Voit pyyt\u00e4\u00e4 meit\u00e4 oikaisemaan virheelliseksi katsomasi tiedot. Voit my\u00f6s pyyt\u00e4\u00e4, ett\u00e4 t\u00e4ydenn\u00e4mme tietoja, jotka mielest\u00e4si ovat puutteellisia. <\/span><\/li>\n<li><span data-preserver-spaces=\"true\">Oikeus tietojen poistamiseen &#8211; Voit pyyt\u00e4\u00e4 meit\u00e4 poistamaan henkil\u00f6tietosi tietyin edellytyksin.<\/span><\/li>\n<li><span data-preserver-spaces=\"true\">Oikeus rajoittaa k\u00e4sittely\u00e4 &#8211; Voit pyyt\u00e4\u00e4 meit\u00e4 rajoittamaan henkil\u00f6tietojesi k\u00e4sittely\u00e4 tietyin edellytyksin.<\/span><\/li>\n<li><span data-preserver-spaces=\"true\">Oikeus vastustaa k\u00e4sittely\u00e4 &#8211; Voit tietyin edellytyksin vastustaa henkil\u00f6tietojesi k\u00e4sittely\u00e4.<\/span><\/li>\n<li><span data-preserver-spaces=\"true\">Oikeus tietojen siirrett\u00e4vyyteen &#8211; Voit tietyin edellytyksin pyyt\u00e4\u00e4, ett\u00e4 siirr\u00e4mme tietosi toiselle organisaatiolle tai suoraan sinulle.<br \/><b><br \/><\/b><\/span><\/li>\n<\/ul>\n<p data-fontsize=\"18\"><span data-preserver-spaces=\"true\"><b>Lasten tiedot<\/b><\/span><\/p>\n<p data-fontsize=\"18\"><span data-preserver-spaces=\"true\">Meille on erityisen t\u00e4rke\u00e4\u00e4 suojella lapsia internetin k\u00e4yt\u00f6n aikana. Kannustamme vanhempia ja huoltajia valvomaan lastensa verkkotoimintaa. <\/span><\/p>\n<p data-fontsize=\"18\"><span data-preserver-spaces=\"true\">Cmycard ei tietoisesti ker\u00e4\u00e4 henkil\u00f6kohtaisia tietoja alle 13-vuotiailta lapsilta. Jos uskot, ett\u00e4 lapsesi on antanut t\u00e4llaisia tietoja verkkosivustollamme, kehotamme sinua ottamaan v\u00e4litt\u00f6m\u00e4sti yhteytt\u00e4 meihin, jotta voimme parhaan kykymme mukaan poistaa t\u00e4llaiset tiedot rekisterist\u00e4mme. <\/span><\/p>\n\t\t\t\t\t\t\t\t<\/div>\n\t\t\t\t<\/div>\n\t\t\t\t\t<\/div>\n\t\t<\/div>\n\t\t\t\t\t<\/div>\n\t\t<\/section>\n\t\t\t\t<\/div>\n\t\t","protected":false},"excerpt":{"rendered":"<p>Tietosuojak\u00e4yt\u00e4nt\u00f6 CmyLeadissa, johon p\u00e4\u00e4see osoitteesta www.cmylead.com, k\u00e4ytt\u00e4jien yksityisyys ja luottamus on meille ensisijainen tavoite. T\u00e4ss\u00e4 tietosuojak\u00e4yt\u00e4nn\u00f6ss\u00e4 kerrotaan, millaisia tietoja ker\u00e4\u00e4mme ja tallennamme ja miten niit\u00e4 k\u00e4ytet\u00e4\u00e4n. Jos sinulla on kysytt\u00e4v\u00e4\u00e4 tai lis\u00e4tietoja tietosuojak\u00e4yt\u00e4nn\u00f6st\u00e4mme, ota meihin yhteytt\u00e4. T\u00e4m\u00e4 tietosuojak\u00e4yt\u00e4nt\u00f6 koskee verkkotoimintaamme, ja se on voimassa k\u00e4ytt\u00e4jille heid\u00e4n CmyLeadissa jakamiensa ja\/tai ker\u00e4\u00e4miens\u00e4 tietojen osalta. Se ei koske [&hellip;]<\/p>\n","protected":false},"author":1,"featured_media":0,"parent":0,"menu_order":0,"comment_status":"closed","ping_status":"closed","template":"","meta":{"footnotes":""},"class_list":["post-3452","page","type-page","status-publish","hentry"],"_links":{"self":[{"href":"https:\/\/cmylead.com\/fi\/wp-json\/wp\/v2\/pages\/3452","targetHints":{"allow":["GET"]}}],"collection":[{"href":"https:\/\/cmylead.com\/fi\/wp-json\/wp\/v2\/pages"}],"about":[{"href":"https:\/\/cmylead.com\/fi\/wp-json\/wp\/v2\/types\/page"}],"author":[{"embeddable":true,"href":"https:\/\/cmylead.com\/fi\/wp-json\/wp\/v2\/users\/1"}],"replies":[{"embeddable":true,"href":"https:\/\/cmylead.com\/fi\/wp-json\/wp\/v2\/comments?post=3452"}],"version-history":[{"count":1,"href":"https:\/\/cmylead.com\/fi\/wp-json\/wp\/v2\/pages\/3452\/revisions"}],"predecessor-version":[{"id":3453,"href":"https:\/\/cmylead.com\/fi\/wp-json\/wp\/v2\/pages\/3452\/revisions\/3453"}],"wp:attachment":[{"href":"https:\/\/cmylead.com\/fi\/wp-json\/wp\/v2\/media?parent=3452"}],"curies":[{"name":"wp","href":"https:\/\/api.w.org\/{rel}","templated":true}]}}