{"id":3556,"date":"2024-10-31T17:30:15","date_gmt":"2024-10-31T17:30:15","guid":{"rendered":"https:\/\/cmylead.com\/kayttoehdot\/"},"modified":"2024-11-11T17:56:34","modified_gmt":"2024-11-11T17:56:34","slug":"kayttoehdot","status":"publish","type":"page","link":"https:\/\/cmylead.com\/fi\/kayttoehdot\/","title":{"rendered":"K\u00e4ytt\u00f6ehdot"},"content":{"rendered":"<style>.elementor-3556 .elementor-element.elementor-element-3438da73 > .elementor-background-overlay{background-color:var( --e-global-color-secondary );opacity:0.9;transition:background 0.3s, border-radius 0.3s, opacity 0.3s;}.elementor-3556 .elementor-element.elementor-element-3438da73 > .elementor-container{max-width:1200px;}.elementor-3556 .elementor-element.elementor-element-3438da73:not(.elementor-motion-effects-element-type-background), .elementor-3556 .elementor-element.elementor-element-3438da73 > .elementor-motion-effects-container > .elementor-motion-effects-layer{background-position:0% 10%;background-repeat:no-repeat;background-size:cover;}.elementor-3556 .elementor-element.elementor-element-3438da73{transition:background 0.3s, border 0.3s, border-radius 0.3s, box-shadow 0.3s;margin-top:-100px;margin-bottom:100px;padding:200px 0px 100px 0px;}.elementor-3556 .elementor-element.elementor-element-6d3af210{text-align:center;}.elementor-3556 .elementor-element.elementor-element-6d3af210 .elementor-heading-title{font-family:var( --e-global-typography-secondary-font-family ), Sans-serif;font-size:var( --e-global-typography-secondary-font-size );font-weight:var( --e-global-typography-secondary-font-weight );text-transform:var( --e-global-typography-secondary-text-transform );text-decoration:var( --e-global-typography-secondary-text-decoration );line-height:var( --e-global-typography-secondary-line-height );color:var( --e-global-color-827cd3a );}.elementor-3556 .elementor-element.elementor-element-26be6c1{--spacer-size:50px;}:root{--page-title-display:none;}@media(max-width:1024px){.elementor-3556 .elementor-element.elementor-element-3438da73:not(.elementor-motion-effects-element-type-background), .elementor-3556 .elementor-element.elementor-element-3438da73 > .elementor-motion-effects-container > .elementor-motion-effects-layer{background-position:0px 0px;}.elementor-3556 .elementor-element.elementor-element-3438da73{margin-top:-150px;margin-bottom:100px;padding:220px 0px 100px 0px;}.elementor-3556 .elementor-element.elementor-element-32bdeddb > .elementor-element-populated{margin:0px 0px 0px 0px;--e-column-margin-right:0px;--e-column-margin-left:0px;padding:0px 30px 0px 30px;}.elementor-3556 .elementor-element.elementor-element-6d3af210 .elementor-heading-title{font-size:var( --e-global-typography-secondary-font-size );line-height:var( --e-global-typography-secondary-line-height );}}@media(max-width:767px){.elementor-3556 .elementor-element.elementor-element-3438da73:not(.elementor-motion-effects-element-type-background), .elementor-3556 .elementor-element.elementor-element-3438da73 > .elementor-motion-effects-container > .elementor-motion-effects-layer{background-position:0px 0px;}.elementor-3556 .elementor-element.elementor-element-3438da73{margin-top:-150px;margin-bottom:100px;padding:220px 0px 100px 0px;}.elementor-3556 .elementor-element.elementor-element-32bdeddb > .elementor-element-populated{margin:0px 0px 0px 0px;--e-column-margin-right:0px;--e-column-margin-left:0px;padding:0px 20px 0px 20px;}.elementor-3556 .elementor-element.elementor-element-6d3af210 .elementor-heading-title{font-size:var( --e-global-typography-secondary-font-size );line-height:var( --e-global-typography-secondary-line-height );}}<\/style>\t\t<div data-elementor-type=\"wp-page\" data-elementor-id=\"3556\" class=\"elementor elementor-3556 elementor-1336\" data-elementor-post-type=\"page\">\n\t\t\t\t\t\t<section class=\"elementor-section elementor-top-section elementor-element elementor-element-3438da73 elementor-section-boxed elementor-section-height-default elementor-section-height-default\" data-id=\"3438da73\" data-element_type=\"section\" data-settings=\"{&quot;background_background&quot;:&quot;classic&quot;}\">\n\t\t\t\t\t\t\t<div class=\"elementor-background-overlay\"><\/div>\n\t\t\t\t\t\t\t<div class=\"elementor-container elementor-column-gap-default\">\n\t\t\t\t\t<div class=\"elementor-column elementor-col-100 elementor-top-column elementor-element elementor-element-32bdeddb\" data-id=\"32bdeddb\" data-element_type=\"column\">\n\t\t\t<div class=\"elementor-widget-wrap elementor-element-populated\">\n\t\t\t\t\t\t<div class=\"elementor-element elementor-element-6d3af210 elementor-widget elementor-widget-heading\" data-id=\"6d3af210\" data-element_type=\"widget\" data-widget_type=\"heading.default\">\n\t\t\t\t<div class=\"elementor-widget-container\">\n\t\t\t\t\t<h2 class=\"elementor-heading-title elementor-size-default\">K\u00e4ytt\u00f6ehdot<\/h2>\t\t\t\t<\/div>\n\t\t\t\t<\/div>\n\t\t\t\t\t<\/div>\n\t\t<\/div>\n\t\t\t\t\t<\/div>\n\t\t<\/section>\n\t\t\t\t<section class=\"elementor-section elementor-top-section elementor-element elementor-element-fb8c355 elementor-section-boxed elementor-section-height-default elementor-section-height-default\" data-id=\"fb8c355\" data-element_type=\"section\">\n\t\t\t\t\t\t<div class=\"elementor-container elementor-column-gap-default\">\n\t\t\t\t\t<div class=\"elementor-column elementor-col-100 elementor-top-column elementor-element elementor-element-63313d6\" data-id=\"63313d6\" data-element_type=\"column\">\n\t\t\t<div class=\"elementor-widget-wrap elementor-element-populated\">\n\t\t\t\t\t\t<div class=\"elementor-element elementor-element-98a631c elementor-widget elementor-widget-text-editor\" data-id=\"98a631c\" data-element_type=\"widget\" data-widget_type=\"text-editor.default\">\n\t\t\t\t<div class=\"elementor-widget-container\">\n\t\t\t\t\t\t\t\t\t<p data-fontsize=\"18\"><span data-preserver-spaces=\"true\"><b>1 JAKSO &#8211; YLEISKATSAUS<\/b><\/span><\/p>\n<p data-fontsize=\"18\"><span data-preserver-spaces=\"true\">T\u00e4t\u00e4 verkkosivustoa yll\u00e4pit\u00e4\u00e4 CMYLEAD. Koko sivustolla termit \u201dme\u201d, \u201dmeit\u00e4\u201d ja \u201dmeid\u00e4n\u201d viittaavat CMYLEADiin. CMYLEAD tarjoaa t\u00e4m\u00e4n verkkosivuston, mukaan lukien kaikki t\u00e4ll\u00e4 sivustolla saatavilla olevat tiedot, ty\u00f6kalut ja palvelut, sinulle, k\u00e4ytt\u00e4j\u00e4lle, edellytt\u00e4en, ett\u00e4 hyv\u00e4ksyt kaikki t\u00e4ss\u00e4 mainitut ehdot, k\u00e4yt\u00e4nn\u00f6t ja ilmoitukset.  <\/span><\/p>\n<p data-fontsize=\"18\"><span data-preserver-spaces=\"true\">Vierailemalla sivustollamme ja\/tai ostamalla meilt\u00e4 jotain, osallistut \u201dPalveluumme\u201d ja sitoudut noudattamaan seuraavia ehtoja (\u201dPalveluehdot\u201d, \u201dEhdot\u201d), mukaan lukien t\u00e4ss\u00e4 mainitut ja\/tai hyperlinkin kautta saatavilla olevat lis\u00e4ehdot ja -k\u00e4yt\u00e4nn\u00f6t. N\u00e4m\u00e4 Palveluehdot koskevat kaikkia sivuston k\u00e4ytt\u00e4ji\u00e4, mukaan lukien rajoituksetta k\u00e4ytt\u00e4j\u00e4t, jotka ovat selaajia, myyji\u00e4, asiakkaita, kauppiaita ja\/tai sis\u00e4ll\u00f6n luovuttajia. <\/span><\/p>\n<p data-fontsize=\"18\"><span data-preserver-spaces=\"true\">Lue n\u00e4m\u00e4 k\u00e4ytt\u00f6ehdot huolellisesti, ennen kuin k\u00e4yt\u00e4t verkkosivustoamme. K\u00e4ym\u00e4ll\u00e4 tai k\u00e4ytt\u00e4m\u00e4ll\u00e4 mit\u00e4 tahansa sivuston osaa hyv\u00e4ksyt, ett\u00e4 n\u00e4m\u00e4 k\u00e4ytt\u00f6ehdot sitovat sinua. Jos et hyv\u00e4ksy kaikkia t\u00e4m\u00e4n sopimuksen ehtoja, et saa k\u00e4ytt\u00e4\u00e4 verkkosivustoa tai k\u00e4ytt\u00e4\u00e4 mit\u00e4\u00e4n palveluita. Jos n\u00e4it\u00e4 k\u00e4ytt\u00f6ehtoja pidet\u00e4\u00e4n tarjouksena, hyv\u00e4ksyminen rajoittuu nimenomaisesti n\u00e4ihin k\u00e4ytt\u00f6ehtoihin.   <\/span><\/p>\n<p data-fontsize=\"18\"><span data-preserver-spaces=\"true\">Kaikkiin uusiin ominaisuuksiin tai ty\u00f6kaluihin, jotka lis\u00e4t\u00e4\u00e4n nykyiseen kauppaan, sovelletaan my\u00f6s k\u00e4ytt\u00f6ehtoja. Voit tarkistaa k\u00e4ytt\u00f6ehtojen uusimman version milloin tahansa t\u00e4ll\u00e4 sivulla. Pid\u00e4t\u00e4mme oikeuden p\u00e4ivitt\u00e4\u00e4, muuttaa tai korvata mink\u00e4 tahansa osan n\u00e4ist\u00e4 k\u00e4ytt\u00f6ehdoista julkaisemalla p\u00e4ivityksi\u00e4 ja\/tai muutoksia verkkosivustollamme. Sinun vastuullasi on tarkistaa t\u00e4m\u00e4 sivu s\u00e4\u00e4nn\u00f6llisesti muutosten varalta. Jos jatkat sivuston k\u00e4ytt\u00f6\u00e4 tai p\u00e4\u00e4sy\u00e4 sen j\u00e4lkeen, kun muutokset on julkaistu, hyv\u00e4ksyt kyseiset muutokset.    <\/span><\/p>\n<p data-fontsize=\"18\"><span data-preserver-spaces=\"true\"> <\/span><\/p>\n<p data-fontsize=\"18\"><span data-preserver-spaces=\"true\"><b>OSIO 2 &#8211; VERKKOKAUPAN EHDOT <\/b><\/span><\/p>\n<p data-fontsize=\"18\"><span data-preserver-spaces=\"true\">Hyv\u00e4ksym\u00e4ll\u00e4 n\u00e4m\u00e4 k\u00e4ytt\u00f6ehdot vakuutat, ett\u00e4 olet v\u00e4hint\u00e4\u00e4n t\u00e4ysi-ik\u00e4inen asuinvaltiossasi tai -provinssissasi tai ett\u00e4 olet t\u00e4ysi-ik\u00e4inen asuinvaltiossasi tai -provinssissasi ja olet antanut meille suostumuksesi siihen, ett\u00e4 alaik\u00e4iset huollettavasi voivat k\u00e4ytt\u00e4\u00e4 t\u00e4t\u00e4 sivustoa. Et saa k\u00e4ytt\u00e4\u00e4 tuotteitamme mihink\u00e4\u00e4n laittomaan tai luvattomaan tarkoitukseen, etk\u00e4 saa Palvelua k\u00e4ytt\u00e4ess\u00e4si rikkoa mit\u00e4\u00e4n laink\u00e4ytt\u00f6alueesi lakeja (mukaan lukien mutta ei rajoittuen tekij\u00e4noikeuslakeihin). <\/span><\/p>\n<p data-fontsize=\"18\"><span data-preserver-spaces=\"true\">Et saa l\u00e4hett\u00e4\u00e4 matoja tai viruksia tai mit\u00e4\u00e4n tuhoavaa koodia. Ehtojen rikkominen johtaa palvelusi v\u00e4litt\u00f6m\u00e4\u00e4n irtisanomiseen. <\/span><\/p>\n<p data-fontsize=\"18\"><span data-preserver-spaces=\"true\"> <\/span><\/p>\n<p data-fontsize=\"18\"><span data-preserver-spaces=\"true\"><b>3 JAKSO &#8211; YLEISET EHDOT<\/b><\/span><\/p>\n<p data-fontsize=\"18\"><span data-preserver-spaces=\"true\">Pid\u00e4t\u00e4mme oikeuden kielt\u00e4yty\u00e4 palvelusta kenelt\u00e4 tahansa mist\u00e4 tahansa syyst\u00e4 milloin tahansa. Ymm\u00e4rr\u00e4t, ett\u00e4 sis\u00e4lt\u00f6si (luottokorttitietoja lukuun ottamatta) saatetaan siirt\u00e4\u00e4 salaamattomana ja ett\u00e4 siihen voi liitty\u00e4 (a) siirtoja eri verkkojen v\u00e4lityksell\u00e4 ja (b) muutoksia, joilla pyrit\u00e4\u00e4n mukauttamaan ja mukauttamaan liit\u00e4nt\u00e4verkkojen tai -laitteiden teknisiin vaatimuksiin. Luottokorttitiedot salataan aina verkkojen v\u00e4lityksell\u00e4 tapahtuvan siirron aikana.    <\/span><\/p>\n<p data-fontsize=\"18\"><span data-preserver-spaces=\"true\">4 JAKSO &#8211; TIETOJEN OIKEELLISUUS, T\u00c4YDELLISYYS JA AJANTASAISUUS<\/span><\/p>\n<p data-fontsize=\"18\"><span data-preserver-spaces=\"true\">Emme ole vastuussa siit\u00e4, jos t\u00e4ll\u00e4 sivustolla saatavilla olevat tiedot eiv\u00e4t ole tarkkoja, t\u00e4ydellisi\u00e4 tai ajantasaisia. T\u00e4ll\u00e4 sivustolla oleva aineisto on tarkoitettu vain yleiseksi tiedoksi, eik\u00e4 siihen pid\u00e4 luottaa eik\u00e4 sit\u00e4 pid\u00e4 k\u00e4ytt\u00e4\u00e4 ainoana perustana p\u00e4\u00e4t\u00f6ksenteossa ilman, ett\u00e4 tutustutaan ensisijaisiin, tarkempiin, t\u00e4ydellisempiin tai ajantasaisempiin tietol\u00e4hteisiin. T\u00e4m\u00e4n sivuston aineistoon luottaminen tapahtuu omalla vastuullasi. T\u00e4m\u00e4 sivusto saattaa sis\u00e4lt\u00e4\u00e4 tiettyj\u00e4 historiallisia tietoja. Historialliset tiedot eiv\u00e4t v\u00e4ltt\u00e4m\u00e4tt\u00e4 ole ajantasaisia, ja ne on tarkoitettu vain tiedoksi. Pid\u00e4t\u00e4mme oikeuden muuttaa t\u00e4m\u00e4n sivuston sis\u00e4lt\u00f6\u00e4 milloin tahansa, mutta meill\u00e4 ei ole velvollisuutta p\u00e4ivitt\u00e4\u00e4 mit\u00e4\u00e4n sivustollamme olevia tietoja. Hyv\u00e4ksyt, ett\u00e4 on sinun vastuullasi seurata sivustomme muutoksia.      <\/span><\/p>\n<p data-fontsize=\"18\"><span data-preserver-spaces=\"true\">Toki jatkan siit\u00e4, mihin j\u00e4in, mutta huomaa, ett\u00e4 t\u00e4ydelliset k\u00e4ytt\u00f6ehdot tulisi laatia juridisen ammattilaisen avustuksella, jotta voidaan varmistaa, ett\u00e4 kaikki tarvittavat yksityiskohdat on katettu ja ett\u00e4 ne ovat yrityskohtaisia tai palvelukohtaisia. T\u00e4ss\u00e4 on yleinen jatko: <\/span><\/p>\n<p data-fontsize=\"18\"><span data-preserver-spaces=\"true\"> <\/span><\/p>\n<p data-fontsize=\"18\"><span data-preserver-spaces=\"true\"><b>5 JAKSO &#8211; TUOTTEET TAI PALVELUT<\/b><\/span><\/p>\n<p data-fontsize=\"18\"><span data-preserver-spaces=\"true\">Tietyt tuotteet tai palvelut voivat olla saatavilla yksinomaan verkossa verkkosivuston kautta. N\u00e4it\u00e4 tuotteita tai palveluita voi olla rajoitettu m\u00e4\u00e4r\u00e4, ja ne voidaan palauttaa tai vaihtaa vain palautusehtojemme mukaisesti. Olemme pyrkineet kaikin tavoin n\u00e4ytt\u00e4m\u00e4\u00e4n mahdollisimman tarkasti myym\u00e4l\u00e4ss\u00e4 n\u00e4kyvien tuotteiden v\u00e4rit ja kuvat. Emme voi taata, ett\u00e4 tietokoneen n\u00e4yt\u00f6n v\u00e4ri on tarkka.   <\/span><\/p>\n<p data-fontsize=\"18\"><span data-preserver-spaces=\"true\"> <\/span><\/p>\n<p data-fontsize=\"18\"><span data-preserver-spaces=\"true\"><b>KOHTA 6 &#8211; LASKUTUS- JA TILITIETOJEN OIKEELLISUUS<\/b><\/span><\/p>\n<p data-fontsize=\"18\"><span data-preserver-spaces=\"true\">Sitoudut antamaan ajantasaiset, t\u00e4ydelliset ja tarkat osto- ja tilitiedot kaikista kaupassamme tehdyist\u00e4 ostoksista. Sitoudut p\u00e4ivitt\u00e4m\u00e4\u00e4n tilitietosi ja muut tietosi, mukaan lukien s\u00e4hk\u00f6postiosoitteesi ja luottokorttisi numerot ja voimassaoloajat, jotta voimme suorittaa maksutapahtumat ja ottaa sinuun tarvittaessa yhteytt\u00e4. <\/span><\/p>\n<p data-fontsize=\"18\"><span data-preserver-spaces=\"true\"> <\/span><\/p>\n<p data-fontsize=\"18\"><span data-preserver-spaces=\"true\"><b>KOHTA 7 &#8211; VALINNAISET TY\u00d6KALUT<\/b><\/span><\/p>\n<p data-fontsize=\"18\"><span data-preserver-spaces=\"true\">Saatamme tarjota sinulle p\u00e4\u00e4syn kolmansien osapuolten ty\u00f6kaluihin, joita me emme valvo emmek\u00e4 voi valvoa tai vaikuttaa niihin. Hyv\u00e4ksyt ja hyv\u00e4ksyt, ett\u00e4 tarjoamme p\u00e4\u00e4syn t\u00e4llaisiin ty\u00f6kaluihin \u201dsellaisenaan\u201d ja \u201dsellaisena kuin se on saatavilla\u201d ilman mink\u00e4\u00e4nlaisia takuita, vakuutuksia tai ehtoja ja ilman mink\u00e4\u00e4nlaista hyv\u00e4ksynt\u00e4\u00e4. <\/span><\/p>\n<p data-fontsize=\"18\"><span data-preserver-spaces=\"true\"> <\/span><\/p>\n<p data-fontsize=\"18\"><span data-preserver-spaces=\"true\"><b>KOHTA 8 &#8211; KOLMANSIEN OSAPUOLTEN LINKIT<\/b><\/span><\/p>\n<p data-fontsize=\"18\"><span data-preserver-spaces=\"true\">Tietyt Palvelumme kautta saatavilla olevat sis\u00e4ll\u00f6t, tuotteet ja palvelut voivat sis\u00e4lt\u00e4\u00e4 kolmansien osapuolten materiaaleja. T\u00e4ll\u00e4 sivustolla olevat kolmansien osapuolten linkit saattavat ohjata sinut kolmansien osapuolten verkkosivustoille, jotka eiv\u00e4t ole sidoksissa meihin. Emme ole vastuussa sis\u00e4ll\u00f6n tai oikeellisuuden tutkimisesta tai arvioimisesta, emmek\u00e4 takaa emmek\u00e4 ole vastuussa mist\u00e4\u00e4n kolmansien osapuolten materiaaleista tai verkkosivustoista tai mist\u00e4\u00e4n muista kolmansien osapuolten materiaaleista, tuotteista tai palveluista.  <\/span><\/p>\n<p data-fontsize=\"18\"><span data-preserver-spaces=\"true\"> <\/span><\/p>\n<p data-fontsize=\"18\"><span data-preserver-spaces=\"true\"><b>KOHTA 9 &#8211; K\u00c4YTT\u00c4JIEN KOMMENTIT, PALAUTE JA MUUT ILMOITUKSET<\/b><\/span><\/p>\n<p data-fontsize=\"18\"><span data-preserver-spaces=\"true\">Jos l\u00e4het\u00e4t tiettyj\u00e4 erityisi\u00e4 ehdotuksia tai luovia ideoita, ehdotuksia, ehdotuksia, suunnitelmia tai muuta materiaalia verkossa, s\u00e4hk\u00f6postitse, postitse tai muulla tavoin, suostut siihen, ett\u00e4 voimme milloin tahansa rajoituksetta muokata, kopioida, julkaista, levitt\u00e4\u00e4, k\u00e4\u00e4nt\u00e4\u00e4 ja k\u00e4ytt\u00e4\u00e4 muutoin miss\u00e4 tahansa v\u00e4lineess\u00e4 mit\u00e4 tahansa meille l\u00e4hett\u00e4mi\u00e4si kommentteja. Meill\u00e4 ei ole velvollisuutta pit\u00e4\u00e4 kommentteja luottamuksellisina, maksaa korvausta kommenteista tai vastata kommentteihin. <\/span><\/p>\n<p data-fontsize=\"18\"><span data-preserver-spaces=\"true\"> <\/span><\/p>\n<p data-fontsize=\"18\"><span data-preserver-spaces=\"true\"><b>10 JAKSO &#8211; HENKIL\u00d6TIEDOT<\/b><\/span><\/p>\n<p data-fontsize=\"18\"><span data-preserver-spaces=\"true\">Henkil\u00f6kohtaisten tietojen antamista myym\u00e4l\u00e4n kautta s\u00e4\u00e4nnell\u00e4\u00e4n tietosuojak\u00e4yt\u00e4nn\u00f6ll\u00e4mme.<\/span><\/p>\n<p data-fontsize=\"18\"><span data-preserver-spaces=\"true\"> <\/span><\/p>\n<p data-fontsize=\"18\"><span data-preserver-spaces=\"true\"><b>11 JAKSO &#8211; VIRHEET, EP\u00c4TARKKUUDET JA LAIMINLY\u00d6NNIT<\/b><\/span><\/p>\n<p data-fontsize=\"18\"><span data-preserver-spaces=\"true\">Sivustollamme tai Palvelussa saattaa toisinaan olla tietoja, jotka sis\u00e4lt\u00e4v\u00e4t painovirheit\u00e4, ep\u00e4tarkkuuksia tai puutteita, jotka voivat liitty\u00e4 tuotekuvauksiin, hinnoitteluun, kampanjoihin, tarjouksiin, tuotteiden toimitusmaksuihin, toimitusaikoihin ja saatavuuteen. Pid\u00e4t\u00e4mme oikeuden korjata virheit\u00e4, ep\u00e4tarkkuuksia tai puutteita ja muuttaa tai p\u00e4ivitt\u00e4\u00e4 tietoja tai peruuttaa tilauksia, jos Palvelun tai siihen liittyv\u00e4n verkkosivuston tiedot ovat ep\u00e4tarkkoja milloin tahansa ilman ennakkoilmoitusta. <\/span><\/p>\n<p data-fontsize=\"18\"><span data-preserver-spaces=\"true\"> <\/span><\/p>\n<p data-fontsize=\"18\"><span data-preserver-spaces=\"true\"><b>12 JAKSO &#8211; KIELLETYT K\u00c4YTT\u00d6TARKOITUKSET<\/b><\/span><\/p>\n<p data-fontsize=\"18\"><span data-preserver-spaces=\"true\">Palveluehdoissa esitettyjen muiden kieltojen lis\u00e4ksi sinua kiellet\u00e4\u00e4n k\u00e4ytt\u00e4m\u00e4st\u00e4 sivustoa tai sen sis\u00e4lt\u00f6\u00e4 mihink\u00e4\u00e4n laittomaan tarkoitukseen, kehottamasta muita suorittamaan laittomia tekoja tai osallistumaan laittomiin tekoihin, rikkomasta kansainv\u00e4lisi\u00e4, liittovaltion, maakuntien tai osavaltioiden s\u00e4\u00e4d\u00f6ksi\u00e4, s\u00e4\u00e4nt\u00f6j\u00e4, lakeja tai paikallisia s\u00e4\u00e4d\u00f6ksi\u00e4.<\/span><\/p>\n<p data-fontsize=\"18\"><span data-preserver-spaces=\"true\"> <\/span><\/p>\n<p data-fontsize=\"18\"><span data-preserver-spaces=\"true\"><b>JAKSO 13 &#8211; TAKUUVAPAUTUSLAUSEKE; VASTUUN RAJOITTAMINEN<\/b><\/span><\/p>\n<p data-fontsize=\"18\"><span data-preserver-spaces=\"true\">Emme takaa, edusta tai takaa, ett\u00e4 palvelumme k\u00e4ytt\u00f6 on keskeytykset\u00f6nt\u00e4, oikea-aikaista, turvallista tai virheet\u00f6nt\u00e4. Emme takaa, ett\u00e4 palvelun k\u00e4yt\u00f6st\u00e4 saatavat tulokset ovat tarkkoja tai luotettavia. <\/span><\/p>\n<p data-fontsize=\"18\"><span data-preserver-spaces=\"true\"> <\/span><\/p>\n<p data-fontsize=\"18\"><span data-preserver-spaces=\"true\"><b>14 JAKSO &#8211; VAHINGONKORVAUS<\/b><\/span><\/p>\n<p data-fontsize=\"18\"><span data-preserver-spaces=\"true\">Sitoudut korvaamaan, puolustamaan ja pit\u00e4m\u00e4\u00e4n CMYLEADin ja emoyhti\u00f6mme, tyt\u00e4ryhti\u00f6mme, osakkuusyhti\u00f6mme, yhteisty\u00f6kumppanimme, toimihenkil\u00f6mme, johtajamme, edustajamme, toimeksisaajamme, lisenssinantajamme, palveluntarjoajamme, alihankkijamme, alihankkijamme, tavarantoimittajamme, harjoittelijamme ja ty\u00f6ntekij\u00e4mme vahingoittumattomina kaikilta vaatimuksilta tai vaatimuksilta, kohtuulliset lakimieskulut mukaan lukien, jotka kolmas osapuoli on esitt\u00e4nyt, jotka johtuvat tai jotka ovat seurausta siit\u00e4, ett\u00e4 sin\u00e4 olet rikkonut n\u00e4it\u00e4 Palveluehtoja tai asiakirjoja, jotka ne sis\u00e4lt\u00e4v\u00e4t viitteit\u00e4, tai ett\u00e4 sin\u00e4 olet loukannut mit\u00e4 tahansa lakia tai jonkun muun tahon oikeuksia.<\/span><\/p>\n<p data-fontsize=\"18\"><span data-preserver-spaces=\"true\"> <\/span><\/p>\n<p data-fontsize=\"18\"><span data-preserver-spaces=\"true\"><b>15 JAKSO &#8211; EROTETTAVUUS<\/b><\/span><\/p>\n<p data-fontsize=\"18\"><span data-preserver-spaces=\"true\">Jos jokin n\u00e4iden k\u00e4ytt\u00f6ehtojen m\u00e4\u00e4r\u00e4ys todetaan laittomaksi, mit\u00e4tt\u00f6m\u00e4ksi tai t\u00e4yt\u00e4nt\u00f6\u00f6npanokelvottomaksi, kyseinen m\u00e4\u00e4r\u00e4ys on kuitenkin t\u00e4yt\u00e4nt\u00f6\u00f6npanokelpoinen sovellettavan lain sallimassa laajuudessa, ja t\u00e4yt\u00e4nt\u00f6\u00f6npanokelvoton osa katsotaan irrotetuksi n\u00e4ist\u00e4 k\u00e4ytt\u00f6ehdoista.<\/span><\/p>\n<p data-fontsize=\"18\"><span data-preserver-spaces=\"true\"> <\/span><\/p>\n<p data-fontsize=\"18\"><span data-preserver-spaces=\"true\"><b>16 JAKSO &#8211; IRTISANOMINEN<\/b><\/span><\/p>\n<p data-fontsize=\"18\"><span data-preserver-spaces=\"true\">N\u00e4m\u00e4 k\u00e4ytt\u00f6ehdot ovat voimassa, kunnes sin\u00e4 tai me irtisanomme ne. Voit irtisanoa n\u00e4m\u00e4 k\u00e4ytt\u00f6ehdot milloin tahansa ilmoittamalla meille, ett\u00e4 et en\u00e4\u00e4 halua k\u00e4ytt\u00e4\u00e4 palveluitamme, tai kun lopetat sivustomme k\u00e4yt\u00f6n. <\/span><\/p>\n<p data-fontsize=\"18\"><span data-preserver-spaces=\"true\"> <\/span><\/p>\n<p data-fontsize=\"18\"><span data-preserver-spaces=\"true\"><b>17 KOHTA &#8211; KOKO SOPIMUS<\/b><\/span><\/p>\n<p data-fontsize=\"18\"><span data-preserver-spaces=\"true\">N\u00e4m\u00e4 Palveluehdot ja kaikki meid\u00e4n t\u00e4ll\u00e4 sivustolla tai Palvelun yhteydess\u00e4 julkaisemamme k\u00e4yt\u00e4nn\u00f6t tai toimintas\u00e4\u00e4nn\u00f6t muodostavat koko sopimuksen ja yhteisymm\u00e4rryksen sinun ja meid\u00e4n v\u00e4lill\u00e4mme, ja ne s\u00e4\u00e4ntelev\u00e4t Palvelun k\u00e4ytt\u00f6\u00e4si ja syrj\u00e4ytt\u00e4v\u00e4t kaikki aiemmat tai samanaikaiset sopimukset, tiedonannot ja ehdotukset, olivatpa ne sitten suullisia tai kirjallisia, sinun ja meid\u00e4n v\u00e4lill\u00e4mme.<\/span><\/p>\n<p data-fontsize=\"18\"><span data-preserver-spaces=\"true\"> <\/span><\/p>\n<p data-fontsize=\"18\"><span data-preserver-spaces=\"true\"><b>KOHTA 18 &#8211; SOVELLETTAVA LAKI<\/b><\/span><\/p>\n<p data-fontsize=\"18\"><span data-preserver-spaces=\"true\">N\u00e4ihin k\u00e4ytt\u00f6ehtoihin ja kaikkiin erillisiin sopimuksiin, joilla tarjoamme sinulle palveluita, sovelletaan ja niit\u00e4 tulkitaan sen laink\u00e4ytt\u00f6alueen lakia, jossa yrityksemme on rekister\u00f6ity.<\/span><\/p>\n<p data-fontsize=\"18\"><span data-preserver-spaces=\"true\"> <\/span><\/p>\n<p data-fontsize=\"18\"><span data-preserver-spaces=\"true\"><b>KOHTA 19 &#8211; PALVELUEHTOJEN MUUTOKSET<\/b><\/span><\/p>\n<p data-fontsize=\"18\"><span data-preserver-spaces=\"true\">Voit milloin tahansa tarkastella k\u00e4ytt\u00f6ehtojen uusinta versiota t\u00e4ll\u00e4 sivulla. Pid\u00e4t\u00e4mme oikeuden oman harkintamme mukaan p\u00e4ivitt\u00e4\u00e4, muuttaa tai korvata mink\u00e4 tahansa osan n\u00e4ist\u00e4 k\u00e4ytt\u00f6ehdoista julkaisemalla p\u00e4ivityksi\u00e4 ja muutoksia verkkosivustollamme. <\/span><\/p>\n<p data-fontsize=\"18\"><span data-preserver-spaces=\"true\"> <\/span><\/p>\n<p data-fontsize=\"18\"><span data-preserver-spaces=\"true\"><b>KOHTA 20 &#8211; YHTEYSTIEDOT<\/b><\/span><\/p>\n<p data-fontsize=\"18\"><span data-preserver-spaces=\"true\">Palveluehtoja koskevat kysymykset tulee l\u00e4hett\u00e4\u00e4 meille osoitteeseen info@cmylead.com.<\/span><\/p>\n\t\t\t\t\t\t\t\t<\/div>\n\t\t\t\t<\/div>\n\t\t\t\t<div class=\"elementor-element elementor-element-26be6c1 elementor-widget elementor-widget-spacer\" data-id=\"26be6c1\" data-element_type=\"widget\" data-widget_type=\"spacer.default\">\n\t\t\t\t<div class=\"elementor-widget-container\">\n\t\t\t\t\t\t\t<div class=\"elementor-spacer\">\n\t\t\t<div class=\"elementor-spacer-inner\"><\/div>\n\t\t<\/div>\n\t\t\t\t\t\t<\/div>\n\t\t\t\t<\/div>\n\t\t\t\t\t<\/div>\n\t\t<\/div>\n\t\t\t\t\t<\/div>\n\t\t<\/section>\n\t\t\t\t<\/div>\n\t\t","protected":false},"excerpt":{"rendered":"<p>K\u00e4ytt\u00f6ehdot 1 JAKSO &#8211; YLEISKATSAUS T\u00e4t\u00e4 verkkosivustoa yll\u00e4pit\u00e4\u00e4 CMYLEAD. Koko sivustolla termit \u201dme\u201d, \u201dmeit\u00e4\u201d ja \u201dmeid\u00e4n\u201d viittaavat CMYLEADiin. CMYLEAD tarjoaa t\u00e4m\u00e4n verkkosivuston, mukaan lukien kaikki t\u00e4ll\u00e4 sivustolla saatavilla olevat tiedot, ty\u00f6kalut ja palvelut, sinulle, k\u00e4ytt\u00e4j\u00e4lle, edellytt\u00e4en, ett\u00e4 hyv\u00e4ksyt kaikki t\u00e4ss\u00e4 mainitut ehdot, k\u00e4yt\u00e4nn\u00f6t ja ilmoitukset. Vierailemalla sivustollamme ja\/tai ostamalla meilt\u00e4 jotain, osallistut \u201dPalveluumme\u201d ja sitoudut [&hellip;]<\/p>\n","protected":false},"author":1,"featured_media":0,"parent":0,"menu_order":0,"comment_status":"closed","ping_status":"closed","template":"","meta":{"footnotes":""},"class_list":["post-3556","page","type-page","status-publish","hentry"],"_links":{"self":[{"href":"https:\/\/cmylead.com\/fi\/wp-json\/wp\/v2\/pages\/3556","targetHints":{"allow":["GET"]}}],"collection":[{"href":"https:\/\/cmylead.com\/fi\/wp-json\/wp\/v2\/pages"}],"about":[{"href":"https:\/\/cmylead.com\/fi\/wp-json\/wp\/v2\/types\/page"}],"author":[{"embeddable":true,"href":"https:\/\/cmylead.com\/fi\/wp-json\/wp\/v2\/users\/1"}],"replies":[{"embeddable":true,"href":"https:\/\/cmylead.com\/fi\/wp-json\/wp\/v2\/comments?post=3556"}],"version-history":[{"count":1,"href":"https:\/\/cmylead.com\/fi\/wp-json\/wp\/v2\/pages\/3556\/revisions"}],"predecessor-version":[{"id":3557,"href":"https:\/\/cmylead.com\/fi\/wp-json\/wp\/v2\/pages\/3556\/revisions\/3557"}],"wp:attachment":[{"href":"https:\/\/cmylead.com\/fi\/wp-json\/wp\/v2\/media?parent=3556"}],"curies":[{"name":"wp","href":"https:\/\/api.w.org\/{rel}","templated":true}]}}