{"id":3417,"date":"2024-10-31T17:37:39","date_gmt":"2024-10-31T17:37:39","guid":{"rendered":"https:\/\/cmylead.com\/politique-de-securite-des-applications-web\/"},"modified":"2024-11-10T18:42:04","modified_gmt":"2024-11-10T18:42:04","slug":"politique-de-securite-des-applications-web","status":"publish","type":"page","link":"https:\/\/cmylead.com\/fr\/politique-de-securite-des-applications-web\/","title":{"rendered":"Politique de s\u00e9curit\u00e9 des applications web"},"content":{"rendered":"<style>.elementor-3417 .elementor-element.elementor-element-3438da73 > .elementor-background-overlay{background-color:var( --e-global-color-secondary );opacity:0.9;transition:background 0.3s, border-radius 0.3s, opacity 0.3s;}.elementor-3417 .elementor-element.elementor-element-3438da73 > .elementor-container{max-width:1200px;}.elementor-3417 .elementor-element.elementor-element-3438da73:not(.elementor-motion-effects-element-type-background), .elementor-3417 .elementor-element.elementor-element-3438da73 > .elementor-motion-effects-container > .elementor-motion-effects-layer{background-position:0% 10%;background-repeat:no-repeat;background-size:cover;}.elementor-3417 .elementor-element.elementor-element-3438da73{transition:background 0.3s, border 0.3s, border-radius 0.3s, box-shadow 0.3s;margin-top:-100px;margin-bottom:100px;padding:200px 0px 100px 0px;}.elementor-3417 .elementor-element.elementor-element-6d3af210{text-align:center;}.elementor-3417 .elementor-element.elementor-element-6d3af210 .elementor-heading-title{font-family:var( --e-global-typography-secondary-font-family ), Sans-serif;font-size:var( --e-global-typography-secondary-font-size );font-weight:var( --e-global-typography-secondary-font-weight );text-transform:var( --e-global-typography-secondary-text-transform );text-decoration:var( --e-global-typography-secondary-text-decoration );line-height:var( --e-global-typography-secondary-line-height );color:var( --e-global-color-827cd3a );}:root{--page-title-display:none;}@media(max-width:1024px){.elementor-3417 .elementor-element.elementor-element-3438da73:not(.elementor-motion-effects-element-type-background), .elementor-3417 .elementor-element.elementor-element-3438da73 > .elementor-motion-effects-container > .elementor-motion-effects-layer{background-position:0px 0px;}.elementor-3417 .elementor-element.elementor-element-3438da73{margin-top:-150px;margin-bottom:100px;padding:220px 0px 100px 0px;}.elementor-3417 .elementor-element.elementor-element-32bdeddb > .elementor-element-populated{margin:0px 0px 0px 0px;--e-column-margin-right:0px;--e-column-margin-left:0px;padding:0px 30px 0px 30px;}.elementor-3417 .elementor-element.elementor-element-6d3af210 .elementor-heading-title{font-size:var( --e-global-typography-secondary-font-size );line-height:var( --e-global-typography-secondary-line-height );}}@media(max-width:767px){.elementor-3417 .elementor-element.elementor-element-3438da73:not(.elementor-motion-effects-element-type-background), .elementor-3417 .elementor-element.elementor-element-3438da73 > .elementor-motion-effects-container > .elementor-motion-effects-layer{background-position:0px 0px;}.elementor-3417 .elementor-element.elementor-element-3438da73{margin-top:-150px;margin-bottom:100px;padding:220px 0px 100px 0px;}.elementor-3417 .elementor-element.elementor-element-32bdeddb > .elementor-element-populated{margin:0px 0px 0px 0px;--e-column-margin-right:0px;--e-column-margin-left:0px;padding:0px 20px 0px 20px;}.elementor-3417 .elementor-element.elementor-element-6d3af210 .elementor-heading-title{font-size:var( --e-global-typography-secondary-font-size );line-height:var( --e-global-typography-secondary-line-height );}}<\/style>\t\t<div data-elementor-type=\"wp-page\" data-elementor-id=\"3417\" class=\"elementor elementor-3417 elementor-1350\" data-elementor-post-type=\"page\">\n\t\t\t\t\t\t<section class=\"elementor-section elementor-top-section elementor-element elementor-element-3438da73 elementor-section-boxed elementor-section-height-default elementor-section-height-default\" data-id=\"3438da73\" data-element_type=\"section\" data-settings=\"{&quot;background_background&quot;:&quot;classic&quot;}\">\n\t\t\t\t\t\t\t<div class=\"elementor-background-overlay\"><\/div>\n\t\t\t\t\t\t\t<div class=\"elementor-container elementor-column-gap-default\">\n\t\t\t\t\t<div class=\"elementor-column elementor-col-100 elementor-top-column elementor-element elementor-element-32bdeddb\" data-id=\"32bdeddb\" data-element_type=\"column\">\n\t\t\t<div class=\"elementor-widget-wrap elementor-element-populated\">\n\t\t\t\t\t\t<div class=\"elementor-element elementor-element-6d3af210 elementor-widget elementor-widget-heading\" data-id=\"6d3af210\" data-element_type=\"widget\" data-widget_type=\"heading.default\">\n\t\t\t\t<div class=\"elementor-widget-container\">\n\t\t\t\t\t<h2 class=\"elementor-heading-title elementor-size-default\">Politique de s\u00e9curit\u00e9 des applications web<\/h2>\t\t\t\t<\/div>\n\t\t\t\t<\/div>\n\t\t\t\t\t<\/div>\n\t\t<\/div>\n\t\t\t\t\t<\/div>\n\t\t<\/section>\n\t\t\t\t<section class=\"elementor-section elementor-top-section elementor-element elementor-element-fb8c355 elementor-section-boxed elementor-section-height-default elementor-section-height-default\" data-id=\"fb8c355\" data-element_type=\"section\">\n\t\t\t\t\t\t<div class=\"elementor-container elementor-column-gap-default\">\n\t\t\t\t\t<div class=\"elementor-column elementor-col-100 elementor-top-column elementor-element elementor-element-63313d6\" data-id=\"63313d6\" data-element_type=\"column\">\n\t\t\t<div class=\"elementor-widget-wrap elementor-element-populated\">\n\t\t\t\t\t\t<div class=\"elementor-element elementor-element-98a631c elementor-widget elementor-widget-text-editor\" data-id=\"98a631c\" data-element_type=\"widget\" data-widget_type=\"text-editor.default\">\n\t\t\t\t<div class=\"elementor-widget-container\">\n\t\t\t\t\t\t\t\t\t<p data-fontsize=\"16\">Bienvenue sur notre application web ! Nous nous engageons \u00e0 garantir la s\u00e9curit\u00e9 et la confidentialit\u00e9 de nos utilisateurs. Vous trouverez ci-dessous les principales mesures de s\u00e9curit\u00e9 que nous avons mises en \u0153uvre pour prot\u00e9ger vos donn\u00e9es.  <\/p>\n<p data-fontsize=\"16\"><strong>Validation des entr\u00e9es<\/strong><\/p>\n<ul class=\"wp-block-list\">\n<li><strong>Assainissement et validation des donn\u00e9es :<\/strong> Nous veillons \u00e0 ce que toutes les entr\u00e9es des utilisateurs soient correctement assainies et valid\u00e9es afin de pr\u00e9venir les menaces de s\u00e9curit\u00e9 telles que les injections SQL et les scripts intersites (XSS).<\/li>\n<li><strong>Les instructions pr\u00e9par\u00e9es :<\/strong> Nous utilisons des instructions pr\u00e9par\u00e9es pour les interactions avec les bases de donn\u00e9es afin de renforcer la s\u00e9curit\u00e9.<\/li>\n<\/ul>\n<p data-fontsize=\"16\"><strong>Authentification et autorisation<\/strong><\/p>\n<ul class=\"wp-block-list\">\n<li><strong>Mots de passe forts :<\/strong> Nous appliquons des politiques de mots de passe forts pour prot\u00e9ger votre compte.<\/li>\n<li><strong>Authentification \u00e0 deux facteurs (2FA) :<\/strong> Nous proposons l&rsquo;authentification \u00e0 deux facteurs pour plus de s\u00e9curit\u00e9.<\/li>\n<li><strong>Contr\u00f4le d&rsquo;acc\u00e8s bas\u00e9 sur les r\u00f4les (RBAC) :<\/strong> L&rsquo;acc\u00e8s aux ressources est limit\u00e9 en fonction du r\u00f4le de l&rsquo;utilisateur.<\/li>\n<\/ul>\n<p data-fontsize=\"16\"><strong>Gestion des sessions<\/strong><\/p>\n<ul class=\"wp-block-list\">\n<li><strong>Identifiants de session s\u00e9curis\u00e9s :<\/strong> Nous utilisons des identifiants de session s\u00e9curis\u00e9s, g\u00e9n\u00e9r\u00e9s de mani\u00e8re al\u00e9atoire et stock\u00e9s dans des cookies s\u00e9curis\u00e9s.<\/li>\n<li><strong>D\u00e9lai d&rsquo;attente de la session :<\/strong> Les utilisateurs sont automatiquement d\u00e9connect\u00e9s apr\u00e8s une p\u00e9riode d&rsquo;inactivit\u00e9.<\/li>\n<li><strong>Pr\u00e9vention du d\u00e9tournement de session :<\/strong> Nous r\u00e9g\u00e9n\u00e9rons r\u00e9guli\u00e8rement les identifiants de session, en particulier apr\u00e8s la connexion.<\/li>\n<\/ul>\n<p data-fontsize=\"16\"><strong>Protection des donn\u00e9es<\/strong><\/p>\n<ul class=\"wp-block-list\">\n<li><strong>Le cryptage :<\/strong> Nous cryptons les donn\u00e9es sensibles \u00e0 la fois en transit et au repos.<\/li>\n<li><strong>Hachage des mots de passe :<\/strong> les mots de passe sont stock\u00e9s \u00e0 l&rsquo;aide d&rsquo;algorithmes de hachage puissants \u00e0 sens unique.<\/li>\n<\/ul>\n<p data-fontsize=\"16\"><strong>Gestion des erreurs et journalisation<\/strong><\/p>\n<ul class=\"wp-block-list\">\n<li><strong>Messages d&rsquo;erreur g\u00e9n\u00e9riques :<\/strong> Nous affichons des messages d&rsquo;erreur g\u00e9n\u00e9riques pour \u00e9viter toute fuite d&rsquo;informations.<\/li>\n<li><strong>Enregistrement d\u00e9taill\u00e9 :<\/strong> Les erreurs sont enregistr\u00e9es avec des informations d\u00e9taill\u00e9es dans un endroit s\u00fbr.<\/li>\n<li><strong>Surveillance des journaux :<\/strong> Nous contr\u00f4lons r\u00e9guli\u00e8rement les journaux pour d\u00e9tecter les activit\u00e9s suspectes.<\/li>\n<\/ul>\n<p data-fontsize=\"16\"><strong>Pratiques de codage s\u00e9curis\u00e9es<\/strong><\/p>\n<ul class=\"wp-block-list\">\n<li><strong>Examen du code :<\/strong> Des examens r\u00e9guliers du code sont effectu\u00e9s afin d&rsquo;identifier et de corriger les vuln\u00e9rabilit\u00e9s.<\/li>\n<li><strong>Formation \u00e0 la s\u00e9curit\u00e9 :<\/strong> Nos d\u00e9veloppeurs re\u00e7oivent une formation continue en mati\u00e8re de s\u00e9curit\u00e9.<\/li>\n<li><strong>Biblioth\u00e8ques de s\u00e9curit\u00e9 :<\/strong> Nous utilisons des biblioth\u00e8ques et des cadres de s\u00e9curit\u00e9 bien entretenus.<\/li>\n<\/ul>\n<p data-fontsize=\"16\"><strong>Gestion de la configuration<\/strong><\/p>\n<ul class=\"wp-block-list\">\n<li><strong>Privil\u00e8ges minimaux :<\/strong> Les applications sont ex\u00e9cut\u00e9es avec le moins de privil\u00e8ges possible.<\/li>\n<li><strong>Configuration s\u00e9curis\u00e9e :<\/strong> Nos serveurs sont configur\u00e9s de mani\u00e8re s\u00e9curis\u00e9e et r\u00e9guli\u00e8rement mis \u00e0 jour.<\/li>\n<li><strong>D\u00e9sactivez les fonctionnalit\u00e9s inutiles :<\/strong> Les services et composants inutilis\u00e9s sont d\u00e9sactiv\u00e9s afin de r\u00e9duire les risques.<\/li>\n<\/ul>\n<p data-fontsize=\"16\"><strong>Tests de s\u00e9curit\u00e9 r\u00e9guliers<\/strong><\/p>\n<ul class=\"wp-block-list\">\n<li><strong>Analyse des vuln\u00e9rabilit\u00e9s :<\/strong> Des analyses r\u00e9guli\u00e8res sont effectu\u00e9es pour identifier les faiblesses en mati\u00e8re de s\u00e9curit\u00e9.<\/li>\n<li><strong>Tests de p\u00e9n\u00e9tration :<\/strong> Des tests de p\u00e9n\u00e9tration sont effectu\u00e9s p\u00e9riodiquement pour \u00e9valuer notre s\u00e9curit\u00e9.<\/li>\n<li><strong>Gestion des correctifs :<\/strong> Les correctifs et les mises \u00e0 jour de s\u00e9curit\u00e9 sont appliqu\u00e9s rapidement.<\/li>\n<\/ul>\n<p data-fontsize=\"16\"><strong>R\u00e9ponse aux incidents<\/strong><\/p>\n<ul class=\"wp-block-list\">\n<li><strong>Plan d&rsquo;intervention en cas d&rsquo;incident :<\/strong> Nous disposons d&rsquo;un plan d\u00e9taill\u00e9 pour r\u00e9pondre aux violations de la s\u00e9curit\u00e9.<\/li>\n<li><strong>Exercices r\u00e9guliers :<\/strong> Des exercices d&rsquo;intervention en cas d&rsquo;incident sont organis\u00e9s pour garantir la pr\u00e9paration.<\/li>\n<\/ul>\n<p data-fontsize=\"16\"><strong>Conformit\u00e9 et exigences l\u00e9gales<\/strong><\/p>\n<ul class=\"wp-block-list\">\n<li><strong>Lois sur la protection des donn\u00e9es :<\/strong> Nous nous conformons aux lois et r\u00e9glementations en vigueur en mati\u00e8re de protection des donn\u00e9es.<\/li>\n<li><strong>Normes industrielles :<\/strong> Nous adh\u00e9rons aux normes et aux meilleures pratiques du secteur, telles que le Top 10 de l&rsquo;OWASP.<\/li>\n<\/ul>\n<p data-fontsize=\"16\"><strong>Examen des politiques<\/strong><\/p>\n<p data-fontsize=\"16\">Notre politique de s\u00e9curit\u00e9 est r\u00e9examin\u00e9e chaque ann\u00e9e ou apr\u00e8s tout incident de s\u00e9curit\u00e9 important afin d&rsquo;en garantir l&rsquo;efficacit\u00e9.<\/p>\n<p data-fontsize=\"16\">Nous vous remercions de nous confier vos donn\u00e9es. Nous nous engageons \u00e0 respecter les normes de s\u00e9curit\u00e9 les plus strictes pour prot\u00e9ger vos informations. <\/p>\n\t\t\t\t\t\t\t\t<\/div>\n\t\t\t\t<\/div>\n\t\t\t\t\t<\/div>\n\t\t<\/div>\n\t\t\t\t\t<\/div>\n\t\t<\/section>\n\t\t\t\t<\/div>\n\t\t","protected":false},"excerpt":{"rendered":"<p>Politique de s\u00e9curit\u00e9 des applications web Bienvenue sur notre application web ! Nous nous engageons \u00e0 garantir la s\u00e9curit\u00e9 et la confidentialit\u00e9 de nos utilisateurs. Vous trouverez ci-dessous les principales mesures de s\u00e9curit\u00e9 que nous avons mises en \u0153uvre pour prot\u00e9ger vos donn\u00e9es. Validation des entr\u00e9es Assainissement et validation des donn\u00e9es : Nous veillons \u00e0 [&hellip;]<\/p>\n","protected":false},"author":1,"featured_media":0,"parent":0,"menu_order":0,"comment_status":"closed","ping_status":"closed","template":"","meta":{"footnotes":""},"class_list":["post-3417","page","type-page","status-publish","hentry"],"_links":{"self":[{"href":"https:\/\/cmylead.com\/fr\/wp-json\/wp\/v2\/pages\/3417","targetHints":{"allow":["GET"]}}],"collection":[{"href":"https:\/\/cmylead.com\/fr\/wp-json\/wp\/v2\/pages"}],"about":[{"href":"https:\/\/cmylead.com\/fr\/wp-json\/wp\/v2\/types\/page"}],"author":[{"embeddable":true,"href":"https:\/\/cmylead.com\/fr\/wp-json\/wp\/v2\/users\/1"}],"replies":[{"embeddable":true,"href":"https:\/\/cmylead.com\/fr\/wp-json\/wp\/v2\/comments?post=3417"}],"version-history":[{"count":1,"href":"https:\/\/cmylead.com\/fr\/wp-json\/wp\/v2\/pages\/3417\/revisions"}],"predecessor-version":[{"id":3419,"href":"https:\/\/cmylead.com\/fr\/wp-json\/wp\/v2\/pages\/3417\/revisions\/3419"}],"wp:attachment":[{"href":"https:\/\/cmylead.com\/fr\/wp-json\/wp\/v2\/media?parent=3417"}],"curies":[{"name":"wp","href":"https:\/\/api.w.org\/{rel}","templated":true}]}}