{"id":3454,"date":"2024-10-31T17:35:35","date_gmt":"2024-10-31T17:35:35","guid":{"rendered":"https:\/\/cmylead.com\/politique-de-confidentialite\/"},"modified":"2024-11-11T16:51:41","modified_gmt":"2024-11-11T16:51:41","slug":"politique-de-confidentialite","status":"publish","type":"page","link":"https:\/\/cmylead.com\/fr\/politique-de-confidentialite\/","title":{"rendered":"Politique de confidentialit\u00e9"},"content":{"rendered":"\t\t<div data-elementor-type=\"wp-page\" data-elementor-id=\"3454\" class=\"elementor elementor-3454 elementor-1345\" data-elementor-post-type=\"page\">\n\t\t\t\t\t\t<section class=\"elementor-section elementor-top-section elementor-element elementor-element-3438da73 elementor-section-boxed elementor-section-height-default elementor-section-height-default\" data-id=\"3438da73\" data-element_type=\"section\" data-e-type=\"section\" data-settings=\"{&quot;background_background&quot;:&quot;classic&quot;}\">\n\t\t\t\t\t\t\t<div class=\"elementor-background-overlay\"><\/div>\n\t\t\t\t\t\t\t<div class=\"elementor-container elementor-column-gap-default\">\n\t\t\t\t\t<div class=\"elementor-column elementor-col-100 elementor-top-column elementor-element elementor-element-32bdeddb\" data-id=\"32bdeddb\" data-element_type=\"column\" data-e-type=\"column\">\n\t\t\t<div class=\"elementor-widget-wrap elementor-element-populated\">\n\t\t\t\t\t\t<div class=\"elementor-element elementor-element-6d3af210 elementor-widget elementor-widget-heading\" data-id=\"6d3af210\" data-element_type=\"widget\" data-e-type=\"widget\" data-widget_type=\"heading.default\">\n\t\t\t\t<div class=\"elementor-widget-container\">\n\t\t\t\t\t<h2 class=\"elementor-heading-title elementor-size-default\">Politique de confidentialit\u00e9<\/h2>\t\t\t\t<\/div>\n\t\t\t\t<\/div>\n\t\t\t\t\t<\/div>\n\t\t<\/div>\n\t\t\t\t\t<\/div>\n\t\t<\/section>\n\t\t\t\t<section class=\"elementor-section elementor-top-section elementor-element elementor-element-fb8c355 elementor-section-boxed elementor-section-height-default elementor-section-height-default\" data-id=\"fb8c355\" data-element_type=\"section\" data-e-type=\"section\">\n\t\t\t\t\t\t<div class=\"elementor-container elementor-column-gap-default\">\n\t\t\t\t\t<div class=\"elementor-column elementor-col-100 elementor-top-column elementor-element elementor-element-63313d6\" data-id=\"63313d6\" data-element_type=\"column\" data-e-type=\"column\">\n\t\t\t<div class=\"elementor-widget-wrap elementor-element-populated\">\n\t\t\t\t\t\t<div class=\"elementor-element elementor-element-98a631c elementor-widget elementor-widget-text-editor\" data-id=\"98a631c\" data-element_type=\"widget\" data-e-type=\"widget\" data-widget_type=\"text-editor.default\">\n\t\t\t\t<div class=\"elementor-widget-container\">\n\t\t\t\t\t\t\t\t\t<h4 data-fontsize=\"24\"><span data-preserver-spaces=\"true\">Sur CmyLead, accessible \u00e0 partir de <\/span><a href=\"https:\/\/cmylead.com\/\" target=\"_blank\" rel=\"noopener\" data-fontsize=\"24\">www.cmylead.com<\/a><span data-preserver-spaces=\"true\">Notre plus grande priorit\u00e9 est la confidentialit\u00e9 et la confiance de nos utilisateurs. La pr\u00e9sente politique de confidentialit\u00e9 d\u00e9crit les types d&rsquo;informations que nous recueillons et enregistrons, ainsi que la mani\u00e8re dont elles sont utilis\u00e9es. <\/span><\/h4>\n<div><span data-preserver-spaces=\"true\"> <\/span><\/div>\n<p data-fontsize=\"18\"><span data-preserver-spaces=\"true\">Pour toute question ou information compl\u00e9mentaire sur notre politique de confidentialit\u00e9, n&rsquo;h\u00e9sitez pas \u00e0 nous contacter.<\/span><\/p>\n<p data-fontsize=\"18\"><span data-preserver-spaces=\"true\">La pr\u00e9sente politique de confidentialit\u00e9 s&rsquo;applique \u00e0 nos activit\u00e9s en ligne et est valable pour les utilisateurs en ce qui concerne les informations qu&rsquo;ils partagent et\/ou collectent sur CmyLead. Elle ne s&rsquo;\u00e9tend pas aux informations collect\u00e9es hors ligne ou par d&rsquo;autres canaux que ce site web. Notre politique de confidentialit\u00e9 a \u00e9t\u00e9 \u00e9tablie \u00e0 l&rsquo;aide du g\u00e9n\u00e9rateur gratuit de politique de confidentialit\u00e9.  <\/span><\/p>\n<p data-fontsize=\"18\"><span data-preserver-spaces=\"true\"><b>Consentement<\/b><\/span><\/p>\n<p data-fontsize=\"18\"><span data-preserver-spaces=\"true\">En utilisant notre site web, vous consentez par la pr\u00e9sente \u00e0 notre politique de confidentialit\u00e9 et en acceptez les termes.<\/span><\/p>\n<p data-fontsize=\"18\"><span data-preserver-spaces=\"true\"><b>Informations que nous recueillons<\/b><\/span><\/p>\n<p data-fontsize=\"18\"><span data-preserver-spaces=\"true\">Nous vous expliquerons clairement pourquoi nous avons besoin des informations personnelles que nous vous demandons de nous fournir lorsque nous vous les demandons.<\/span><\/p>\n<p data-fontsize=\"18\"><span data-preserver-spaces=\"true\">Si vous nous contactez directement, nous pouvons recevoir des informations suppl\u00e9mentaires telles que votre nom, votre adresse \u00e9lectronique, votre num\u00e9ro de t\u00e9l\u00e9phone, le contenu du message ou des pi\u00e8ces jointes que vous pouvez nous envoyer, ainsi que toute autre information que vous choisissez de fournir.<\/span><\/p>\n<p data-fontsize=\"18\"><span data-preserver-spaces=\"true\">Lorsque vous vous inscrivez \u00e0 un compte, nous pouvons vous demander vos coordonn\u00e9es, notamment votre nom, le nom de votre entreprise, votre adresse, votre adresse \u00e9lectronique et votre num\u00e9ro de t\u00e9l\u00e9phone.<\/span><\/p>\n<p data-fontsize=\"18\"><span data-preserver-spaces=\"true\"><b>Comment utilisons-nous vos informations ?<\/b><\/span><\/p>\n<p data-fontsize=\"18\"><span data-preserver-spaces=\"true\">Nous exploitons les informations que nous recueillons de diff\u00e9rentes mani\u00e8res, notamment pour :<\/span><\/p>\n<ul>\n<li><span data-preserver-spaces=\"true\">Fournir, exploiter et maintenir notre site web<\/span><\/li>\n<li><span data-preserver-spaces=\"true\">Am\u00e9liorer, personnaliser et d\u00e9velopper notre site web<\/span><\/li>\n<li><span data-preserver-spaces=\"true\">Comprendre et analyser l&rsquo;utilisation que vous faites de notre site web<\/span><\/li>\n<li><span data-preserver-spaces=\"true\">D\u00e9velopper de nouveaux produits, services, caract\u00e9ristiques et fonctionnalit\u00e9s<\/span><\/li>\n<li><span data-preserver-spaces=\"true\">communiquer avec vous, directement ou par l&rsquo;interm\u00e9diaire de partenaires, notamment pour le service \u00e0 la client\u00e8le, les mises \u00e0 jour et autres informations relatives au site web, ainsi qu&rsquo;\u00e0 des fins de marketing et de promotion<\/span><\/li>\n<li><span data-preserver-spaces=\"true\">Vous envoyer des courriels<\/span><\/li>\n<li><span data-preserver-spaces=\"true\">D\u00e9tecter et pr\u00e9venir la fraude\n<p><\/span><\/li>\n<\/ul>\n<p data-fontsize=\"18\"><span data-preserver-spaces=\"true\"><b>Fichiers journaux<\/b><\/span><\/p>\n<p data-fontsize=\"18\"><span data-preserver-spaces=\"true\">CmyLead suit une proc\u00e9dure standard d&rsquo;utilisation de fichiers journaux, comme toutes les soci\u00e9t\u00e9s d&rsquo;h\u00e9bergement. Ces fichiers journaux permettent de suivre les visiteurs lorsqu&rsquo;ils consultent les sites web. Les donn\u00e9es collect\u00e9es peuvent inclure les adresses IP, le type de navigateur, le fournisseur d&rsquo;acc\u00e8s \u00e0 Internet (FAI), la date et l&rsquo;heure, les pages de renvoi et de sortie, et \u00e9ventuellement le nombre de clics. Ces informations ne sont pas li\u00e9es \u00e0 des donn\u00e9es personnelles identifiables et sont utilis\u00e9es pour analyser les tendances, g\u00e9rer le site, suivre les mouvements des utilisateurs et collecter des donn\u00e9es d\u00e9mographiques.   <\/p>\n<p><\/span><\/p>\n<p data-fontsize=\"18\"><span data-preserver-spaces=\"true\"><b>Politiques de confidentialit\u00e9 des tiers<\/b><\/span><\/p>\n<p data-fontsize=\"18\"><span data-preserver-spaces=\"true\">La politique de confidentialit\u00e9 de CmyLead ne s&rsquo;applique pas aux autres annonceurs ou sites web. Par cons\u00e9quent, nous vous conseillons de consulter les politiques de confidentialit\u00e9 respectives des serveurs publicitaires tiers pour obtenir des informations plus d\u00e9taill\u00e9es sur leurs pratiques et des instructions sur la mani\u00e8re de refuser certaines options. <\/p>\n<p><\/span><\/p>\n<p data-fontsize=\"18\"><span data-preserver-spaces=\"true\"><b>GDPR Droits \u00e0 la protection des donn\u00e9es<\/b><\/span><\/p>\n<p data-fontsize=\"18\"><span data-preserver-spaces=\"true\">Nous voulons nous assurer que vous \u00eates pleinement conscient de vos droits en mati\u00e8re de protection des donn\u00e9es. Chaque utilisateur a droit \u00e0 ce qui suit : <\/span><\/p>\n<ul>\n<li><span data-preserver-spaces=\"true\">Droit d&rsquo;acc\u00e8s &#8211; Vous pouvez demander des copies de vos donn\u00e9es personnelles. Nous pouvons facturer une somme modique pour ce service. <\/span><\/li>\n<li><span data-preserver-spaces=\"true\">Droit de rectification &#8211; Vous pouvez nous demander de corriger toute information que vous estimez inexacte. Vous pouvez \u00e9galement nous demander de compl\u00e9ter les informations que vous estimez incompl\u00e8tes. <\/span><\/li>\n<li><span data-preserver-spaces=\"true\">Droit \u00e0 l&rsquo;effacement &#8211; Vous pouvez nous demander d&rsquo;effacer vos donn\u00e9es personnelles, sous certaines conditions.<\/span><\/li>\n<li><span data-preserver-spaces=\"true\">Droit de restreindre le traitement &#8211; Vous pouvez nous demander de restreindre le traitement de vos donn\u00e9es personnelles, dans des conditions sp\u00e9cifiques.<\/span><\/li>\n<li><span data-preserver-spaces=\"true\">Droit d&rsquo;opposition au traitement &#8211; Vous pouvez vous opposer au traitement de vos donn\u00e9es personnelles par nos soins, sous certaines conditions.<\/span><\/li>\n<li><span data-preserver-spaces=\"true\">Droit \u00e0 la portabilit\u00e9 des donn\u00e9es &#8211; Vous pouvez nous demander de transf\u00e9rer vos donn\u00e9es \u00e0 une autre organisation ou directement \u00e0 vous, sous certaines conditions.<br \/><b><br \/><\/b><\/span><\/li>\n<\/ul>\n<p data-fontsize=\"18\"><span data-preserver-spaces=\"true\"><b>Informations pour les enfants<\/b><\/span><\/p>\n<p data-fontsize=\"18\"><span data-preserver-spaces=\"true\">La protection des enfants lors de l&rsquo;utilisation de l&rsquo;internet est particuli\u00e8rement importante pour nous. Nous encourageons les parents et les tuteurs \u00e0 surveiller l&rsquo;activit\u00e9 en ligne de leurs enfants. <\/span><\/p>\n<p data-fontsize=\"18\"><span data-preserver-spaces=\"true\">Si vous pensez que votre enfant a fourni ce type d&rsquo;informations sur notre site web, nous vous encourageons vivement \u00e0 nous contacter imm\u00e9diatement et nous ferons tout notre possible pour supprimer rapidement ces informations de nos dossiers. <\/span><\/p>\n\t\t\t\t\t\t\t\t<\/div>\n\t\t\t\t<\/div>\n\t\t\t\t\t<\/div>\n\t\t<\/div>\n\t\t\t\t\t<\/div>\n\t\t<\/section>\n\t\t\t\t<\/div>\n\t\t","protected":false},"excerpt":{"rendered":"<p>Politique de confidentialit\u00e9 Sur CmyLead, accessible \u00e0 partir de www.cmylead.comNotre plus grande priorit\u00e9 est la confidentialit\u00e9 et la confiance de nos utilisateurs. La pr\u00e9sente politique de confidentialit\u00e9 d\u00e9crit les types d&rsquo;informations que nous recueillons et enregistrons, ainsi que la mani\u00e8re dont elles sont utilis\u00e9es. Pour toute question ou information compl\u00e9mentaire sur notre politique de confidentialit\u00e9, [&hellip;]<\/p>\n","protected":false},"author":2,"featured_media":0,"parent":0,"menu_order":0,"comment_status":"closed","ping_status":"closed","template":"","meta":{"footnotes":""},"class_list":["post-3454","page","type-page","status-publish","hentry"],"_links":{"self":[{"href":"https:\/\/cmylead.com\/fr\/wp-json\/wp\/v2\/pages\/3454","targetHints":{"allow":["GET"]}}],"collection":[{"href":"https:\/\/cmylead.com\/fr\/wp-json\/wp\/v2\/pages"}],"about":[{"href":"https:\/\/cmylead.com\/fr\/wp-json\/wp\/v2\/types\/page"}],"author":[{"embeddable":true,"href":"https:\/\/cmylead.com\/fr\/wp-json\/wp\/v2\/users\/2"}],"replies":[{"embeddable":true,"href":"https:\/\/cmylead.com\/fr\/wp-json\/wp\/v2\/comments?post=3454"}],"version-history":[{"count":1,"href":"https:\/\/cmylead.com\/fr\/wp-json\/wp\/v2\/pages\/3454\/revisions"}],"predecessor-version":[{"id":3455,"href":"https:\/\/cmylead.com\/fr\/wp-json\/wp\/v2\/pages\/3454\/revisions\/3455"}],"wp:attachment":[{"href":"https:\/\/cmylead.com\/fr\/wp-json\/wp\/v2\/media?parent=3454"}],"curies":[{"name":"wp","href":"https:\/\/api.w.org\/{rel}","templated":true}]}}