{"id":3558,"date":"2024-10-31T17:30:15","date_gmt":"2024-10-31T17:30:15","guid":{"rendered":"https:\/\/cmylead.com\/conditions-dutilisation\/"},"modified":"2024-11-11T18:03:22","modified_gmt":"2024-11-11T18:03:22","slug":"conditions-dutilisation","status":"publish","type":"page","link":"https:\/\/cmylead.com\/fr\/conditions-dutilisation\/","title":{"rendered":"Conditions d&rsquo;utilisation"},"content":{"rendered":"<style>.elementor-3558 .elementor-element.elementor-element-3438da73 > .elementor-background-overlay{background-color:var( --e-global-color-secondary );opacity:0.9;transition:background 0.3s, border-radius 0.3s, opacity 0.3s;}.elementor-3558 .elementor-element.elementor-element-3438da73 > .elementor-container{max-width:1200px;}.elementor-3558 .elementor-element.elementor-element-3438da73:not(.elementor-motion-effects-element-type-background), .elementor-3558 .elementor-element.elementor-element-3438da73 > .elementor-motion-effects-container > .elementor-motion-effects-layer{background-position:0% 10%;background-repeat:no-repeat;background-size:cover;}.elementor-3558 .elementor-element.elementor-element-3438da73{transition:background 0.3s, border 0.3s, border-radius 0.3s, box-shadow 0.3s;margin-top:-100px;margin-bottom:100px;padding:200px 0px 100px 0px;}.elementor-3558 .elementor-element.elementor-element-6d3af210{text-align:center;}.elementor-3558 .elementor-element.elementor-element-6d3af210 .elementor-heading-title{font-family:var( --e-global-typography-secondary-font-family ), Sans-serif;font-size:var( --e-global-typography-secondary-font-size );font-weight:var( --e-global-typography-secondary-font-weight );text-transform:var( --e-global-typography-secondary-text-transform );text-decoration:var( --e-global-typography-secondary-text-decoration );line-height:var( --e-global-typography-secondary-line-height );color:var( --e-global-color-827cd3a );}.elementor-3558 .elementor-element.elementor-element-26be6c1{--spacer-size:50px;}:root{--page-title-display:none;}@media(max-width:1024px){.elementor-3558 .elementor-element.elementor-element-3438da73:not(.elementor-motion-effects-element-type-background), .elementor-3558 .elementor-element.elementor-element-3438da73 > .elementor-motion-effects-container > .elementor-motion-effects-layer{background-position:0px 0px;}.elementor-3558 .elementor-element.elementor-element-3438da73{margin-top:-150px;margin-bottom:100px;padding:220px 0px 100px 0px;}.elementor-3558 .elementor-element.elementor-element-32bdeddb > .elementor-element-populated{margin:0px 0px 0px 0px;--e-column-margin-right:0px;--e-column-margin-left:0px;padding:0px 30px 0px 30px;}.elementor-3558 .elementor-element.elementor-element-6d3af210 .elementor-heading-title{font-size:var( --e-global-typography-secondary-font-size );line-height:var( --e-global-typography-secondary-line-height );}}@media(max-width:767px){.elementor-3558 .elementor-element.elementor-element-3438da73:not(.elementor-motion-effects-element-type-background), .elementor-3558 .elementor-element.elementor-element-3438da73 > .elementor-motion-effects-container > .elementor-motion-effects-layer{background-position:0px 0px;}.elementor-3558 .elementor-element.elementor-element-3438da73{margin-top:-150px;margin-bottom:100px;padding:220px 0px 100px 0px;}.elementor-3558 .elementor-element.elementor-element-32bdeddb > .elementor-element-populated{margin:0px 0px 0px 0px;--e-column-margin-right:0px;--e-column-margin-left:0px;padding:0px 20px 0px 20px;}.elementor-3558 .elementor-element.elementor-element-6d3af210 .elementor-heading-title{font-size:var( --e-global-typography-secondary-font-size );line-height:var( --e-global-typography-secondary-line-height );}}<\/style>\t\t<div data-elementor-type=\"wp-page\" data-elementor-id=\"3558\" class=\"elementor elementor-3558 elementor-1336\" data-elementor-post-type=\"page\">\n\t\t\t\t\t\t<section class=\"elementor-section elementor-top-section elementor-element elementor-element-3438da73 elementor-section-boxed elementor-section-height-default elementor-section-height-default\" data-id=\"3438da73\" data-element_type=\"section\" data-settings=\"{&quot;background_background&quot;:&quot;classic&quot;}\">\n\t\t\t\t\t\t\t<div class=\"elementor-background-overlay\"><\/div>\n\t\t\t\t\t\t\t<div class=\"elementor-container elementor-column-gap-default\">\n\t\t\t\t\t<div class=\"elementor-column elementor-col-100 elementor-top-column elementor-element elementor-element-32bdeddb\" data-id=\"32bdeddb\" data-element_type=\"column\">\n\t\t\t<div class=\"elementor-widget-wrap elementor-element-populated\">\n\t\t\t\t\t\t<div class=\"elementor-element elementor-element-6d3af210 elementor-widget elementor-widget-heading\" data-id=\"6d3af210\" data-element_type=\"widget\" data-widget_type=\"heading.default\">\n\t\t\t\t<div class=\"elementor-widget-container\">\n\t\t\t\t\t<h2 class=\"elementor-heading-title elementor-size-default\">Conditions d'utilisation<\/h2>\t\t\t\t<\/div>\n\t\t\t\t<\/div>\n\t\t\t\t\t<\/div>\n\t\t<\/div>\n\t\t\t\t\t<\/div>\n\t\t<\/section>\n\t\t\t\t<section class=\"elementor-section elementor-top-section elementor-element elementor-element-fb8c355 elementor-section-boxed elementor-section-height-default elementor-section-height-default\" data-id=\"fb8c355\" data-element_type=\"section\">\n\t\t\t\t\t\t<div class=\"elementor-container elementor-column-gap-default\">\n\t\t\t\t\t<div class=\"elementor-column elementor-col-100 elementor-top-column elementor-element elementor-element-63313d6\" data-id=\"63313d6\" data-element_type=\"column\">\n\t\t\t<div class=\"elementor-widget-wrap elementor-element-populated\">\n\t\t\t\t\t\t<div class=\"elementor-element elementor-element-98a631c elementor-widget elementor-widget-text-editor\" data-id=\"98a631c\" data-element_type=\"widget\" data-widget_type=\"text-editor.default\">\n\t\t\t\t<div class=\"elementor-widget-container\">\n\t\t\t\t\t\t\t\t\t<p data-fontsize=\"18\"><span data-preserver-spaces=\"true\"><b>SECTION 1 &#8211; VUE D&rsquo;ENSEMBLE<\/b><\/span><\/p>\n<p data-fontsize=\"18\"><span data-preserver-spaces=\"true\">Ce site web est exploit\u00e9 par CMYLEAD. Dans l&rsquo;ensemble du site, les termes \u00ab nous \u00bb, \u00ab notre \u00bb et \u00ab nos \u00bb font r\u00e9f\u00e9rence \u00e0 CMYLEAD. CMYLEAD propose ce site web, y compris toutes les informations, tous les outils et tous les services disponibles sur ce site pour vous, l&rsquo;utilisateur, \u00e0 condition que vous acceptiez tous les termes, conditions, politiques et avis \u00e9nonc\u00e9s ici.  <\/span><\/p>\n<p data-fontsize=\"18\"><span data-preserver-spaces=\"true\">En visitant notre site et\/ou en achetant quelque chose chez nous, vous vous engagez dans notre \u00ab service \u00bb et acceptez d&rsquo;\u00eatre li\u00e9 par les conditions suivantes (\u00ab conditions de service \u00bb, \u00ab conditions \u00bb), y compris les conditions et politiques suppl\u00e9mentaires mentionn\u00e9es dans le pr\u00e9sent document et\/ou disponibles par hyperlien. Les pr\u00e9sentes conditions de service s&rsquo;appliquent \u00e0 tous les utilisateurs du site, y compris, mais sans s&rsquo;y limiter, les utilisateurs qui sont des navigateurs, des vendeurs, des clients, des commer\u00e7ants et\/ou des contributeurs de contenu. <\/span><\/p>\n<p data-fontsize=\"18\"><span data-preserver-spaces=\"true\">Veuillez lire attentivement les pr\u00e9sentes conditions d&rsquo;utilisation avant d&rsquo;acc\u00e9der \u00e0 notre site web ou de l&rsquo;utiliser. En acc\u00e9dant \u00e0 toute partie du site ou en l&rsquo;utilisant, vous acceptez d&rsquo;\u00eatre li\u00e9 par ces conditions de service. Si vous n&rsquo;acceptez pas tous les termes et conditions de cet accord, vous ne pouvez pas acc\u00e9der au site web ou utiliser les services. Si les pr\u00e9sentes conditions de service sont consid\u00e9r\u00e9es comme une offre, l&rsquo;acceptation est express\u00e9ment limit\u00e9e aux pr\u00e9sentes conditions de service.   <\/span><\/p>\n<p data-fontsize=\"18\"><span data-preserver-spaces=\"true\">Toute nouvelle fonctionnalit\u00e9 ou tout nouvel outil ajout\u00e9 au magasin actuel sera \u00e9galement soumis aux conditions d&rsquo;utilisation. Vous pouvez consulter la version la plus r\u00e9cente des conditions d&rsquo;utilisation \u00e0 tout moment sur cette page. Nous nous r\u00e9servons le droit d&rsquo;actualiser, de modifier ou de remplacer toute partie des pr\u00e9sentes conditions de service en publiant des mises \u00e0 jour et\/ou des modifications sur notre site web. Il vous incombe de v\u00e9rifier r\u00e9guli\u00e8rement si des modifications ont \u00e9t\u00e9 apport\u00e9es \u00e0 cette page. Le fait de continuer \u00e0 utiliser le site web ou d&rsquo;y acc\u00e9der apr\u00e8s la publication de modifications constitue une acceptation de ces modifications.    <\/span><\/p>\n<p data-fontsize=\"18\"><span data-preserver-spaces=\"true\"> <\/span><\/p>\n<p data-fontsize=\"18\"><span data-preserver-spaces=\"true\"><b>SECTION 2 &#8211; CONDITIONS D&rsquo;UTILISATION DU MAGASIN EN LIGNE <\/b><\/span><\/p>\n<p data-fontsize=\"18\"><span data-preserver-spaces=\"true\">En acceptant les pr\u00e9sentes conditions d&rsquo;utilisation, vous d\u00e9clarez que vous avez au moins l&rsquo;\u00e2ge de la majorit\u00e9 dans votre \u00c9tat ou province de r\u00e9sidence, ou que vous avez l&rsquo;\u00e2ge de la majorit\u00e9 dans votre \u00c9tat ou province de r\u00e9sidence et que vous nous avez donn\u00e9 votre accord pour permettre \u00e0 toute personne mineure \u00e0 votre charge d&rsquo;utiliser ce site. Vous ne pouvez pas utiliser nos produits \u00e0 des fins ill\u00e9gales ou non autoris\u00e9es et vous ne pouvez pas, dans le cadre de l&rsquo;utilisation du service, violer les lois en vigueur dans votre juridiction (y compris, mais sans s&rsquo;y limiter, les lois sur les droits d&rsquo;auteur). <\/span><\/p>\n<p data-fontsize=\"18\"><span data-preserver-spaces=\"true\">Vous ne devez pas transmettre de vers, de virus ou de code de nature destructive. Toute infraction ou violation de l&rsquo;une des conditions entra\u00eenera la r\u00e9siliation imm\u00e9diate de vos services. <\/span><\/p>\n<p data-fontsize=\"18\"><span data-preserver-spaces=\"true\"> <\/span><\/p>\n<p data-fontsize=\"18\"><span data-preserver-spaces=\"true\"><b>SECTION 3 &#8211; CONDITIONS G\u00c9N\u00c9RALES<\/b><\/span><\/p>\n<p data-fontsize=\"18\"><span data-preserver-spaces=\"true\">Nous nous r\u00e9servons le droit de refuser le service \u00e0 quiconque, pour quelque raison que ce soit et \u00e0 tout moment. Vous comprenez que votre contenu (\u00e0 l&rsquo;exclusion des informations relatives aux cartes de cr\u00e9dit) peut \u00eatre transf\u00e9r\u00e9 en clair et impliquer (a) des transmissions sur diff\u00e9rents r\u00e9seaux ; et (b) des modifications pour se conformer et s&rsquo;adapter aux exigences techniques des r\u00e9seaux ou des dispositifs de connexion. Les informations relatives aux cartes de cr\u00e9dit sont toujours crypt\u00e9es lors de leur transfert sur les r\u00e9seaux.    <\/span><\/p>\n<p data-fontsize=\"18\"><span data-preserver-spaces=\"true\">SECTION 4 &#8211; EXACTITUDE, EXHAUSTIVIT\u00c9 ET ACTUALIT\u00c9 DES INFORMATIONS<\/span><\/p>\n<p data-fontsize=\"18\"><span data-preserver-spaces=\"true\">Nous ne sommes pas responsables si les informations mises \u00e0 disposition sur ce site ne sont pas exactes, compl\u00e8tes ou actuelles. Le contenu de ce site est fourni \u00e0 titre d&rsquo;information g\u00e9n\u00e9rale uniquement et ne doit pas \u00eatre utilis\u00e9 comme base unique pour prendre des d\u00e9cisions sans consulter des sources d&rsquo;information primaires, plus pr\u00e9cises, plus compl\u00e8tes ou plus opportunes. Toute utilisation du mat\u00e9riel de ce site se fait \u00e0 vos risques et p\u00e9rils. Ce site peut contenir certaines informations historiques. Ces informations historiques ne sont pas n\u00e9cessairement actuelles et sont fournies \u00e0 titre de r\u00e9f\u00e9rence uniquement. Nous nous r\u00e9servons le droit de modifier le contenu de ce site \u00e0 tout moment, mais nous n&rsquo;avons aucune obligation de mettre \u00e0 jour les informations figurant sur notre site. Vous acceptez qu&rsquo;il est de votre responsabilit\u00e9 de surveiller les modifications apport\u00e9es \u00e0 notre site.      <\/span><\/p>\n<p data-fontsize=\"18\"><span data-preserver-spaces=\"true\">Bien s\u00fbr, je reprendrai l\u00e0 o\u00f9 je me suis arr\u00eat\u00e9, mais sachez qu&rsquo;il convient de r\u00e9diger des conditions de service compl\u00e8tes avec l&rsquo;aide d&rsquo;un professionnel du droit afin de s&rsquo;assurer que tous les d\u00e9tails n\u00e9cessaires sont couverts et qu&rsquo;ils sont sp\u00e9cifiques \u00e0 l&rsquo;entreprise ou au service en question. Voici une suite g\u00e9n\u00e9rale : <\/span><\/p>\n<p data-fontsize=\"18\"><span data-preserver-spaces=\"true\"> <\/span><\/p>\n<p data-fontsize=\"18\"><span data-preserver-spaces=\"true\"><b>SECTION 5 &#8211; PRODUITS OU SERVICES<\/b><\/span><\/p>\n<p data-fontsize=\"18\"><span data-preserver-spaces=\"true\">Certains produits ou services peuvent \u00eatre disponibles exclusivement en ligne sur le site web. Ces produits ou services peuvent avoir des quantit\u00e9s limit\u00e9es et ne peuvent \u00eatre retourn\u00e9s ou \u00e9chang\u00e9s que conform\u00e9ment \u00e0 notre politique de retour. Nous nous sommes efforc\u00e9s d&rsquo;afficher le plus fid\u00e8lement possible les couleurs et les images de nos produits qui apparaissent en magasin. Nous ne pouvons pas garantir que la couleur affich\u00e9e par votre \u00e9cran d&rsquo;ordinateur sera exacte.   <\/span><\/p>\n<p data-fontsize=\"18\"><span data-preserver-spaces=\"true\"> <\/span><\/p>\n<p data-fontsize=\"18\"><span data-preserver-spaces=\"true\"><b>ARTICLE 6 &#8211; EXACTITUDE DES INFORMATIONS RELATIVES \u00c0 LA FACTURATION ET AU COMPTE<\/b><\/span><\/p>\n<p data-fontsize=\"18\"><span data-preserver-spaces=\"true\">Vous acceptez de fournir des informations d&rsquo;achat et de compte actuelles, compl\u00e8tes et exactes pour tous les achats effectu\u00e9s dans notre magasin. Vous acceptez de mettre \u00e0 jour rapidement votre compte et d&rsquo;autres informations, y compris votre adresse \u00e9lectronique et les num\u00e9ros et dates d&rsquo;expiration de votre carte de cr\u00e9dit, afin que nous puissions effectuer vos transactions et vous contacter si n\u00e9cessaire. <\/span><\/p>\n<p data-fontsize=\"18\"><span data-preserver-spaces=\"true\"> <\/span><\/p>\n<p data-fontsize=\"18\"><span data-preserver-spaces=\"true\"><b>SECTION 7 &#8211; OUTILS OPTIONNELS<\/b><\/span><\/p>\n<p data-fontsize=\"18\"><span data-preserver-spaces=\"true\">Nous pouvons vous donner acc\u00e8s \u00e0 des outils de tiers que nous ne surveillons pas et sur lesquels nous n&rsquo;avons aucun contr\u00f4le ni aucune influence. Vous reconnaissez et acceptez que nous fournissons l&rsquo;acc\u00e8s \u00e0 ces outils \u00ab en l&rsquo;\u00e9tat \u00bb et \u00ab tels que disponibles \u00bb sans aucune garantie, d\u00e9claration ou condition de quelque nature que ce soit et sans aucune approbation. <\/span><\/p>\n<p data-fontsize=\"18\"><span data-preserver-spaces=\"true\"> <\/span><\/p>\n<p data-fontsize=\"18\"><span data-preserver-spaces=\"true\"><b>SECTION 8 &#8211; LIENS AVEC DES TIERS<\/b><\/span><\/p>\n<p data-fontsize=\"18\"><span data-preserver-spaces=\"true\">Certains contenus, produits et services disponibles via notre service peuvent inclure des \u00e9l\u00e9ments provenant de tiers. Les liens de tiers sur ce site peuvent vous diriger vers des sites web de tiers qui ne sont pas affili\u00e9s avec nous. Nous ne sommes pas responsables de l&rsquo;examen ou de l&rsquo;\u00e9valuation du contenu ou de l&rsquo;exactitude et nous ne garantissons pas et n&rsquo;aurons aucune responsabilit\u00e9 pour tout mat\u00e9riel ou site web de tiers, ou pour tout autre mat\u00e9riel, produit ou service de tiers.  <\/span><\/p>\n<p data-fontsize=\"18\"><span data-preserver-spaces=\"true\"> <\/span><\/p>\n<p data-fontsize=\"18\"><span data-preserver-spaces=\"true\"><b>SECTION 9 &#8211; COMMENTAIRES DES UTILISATEURS, RETOUR D&rsquo;INFORMATION ET AUTRES SOUMISSIONS<\/b><\/span><\/p>\n<p data-fontsize=\"18\"><span data-preserver-spaces=\"true\">Si vous envoyez certaines soumissions sp\u00e9cifiques ou des id\u00e9es cr\u00e9atives, des suggestions, des propositions, des plans ou d&rsquo;autres documents, que ce soit en ligne, par courrier \u00e9lectronique, par courrier postal ou autrement, vous acceptez que nous puissions, \u00e0 tout moment et sans restriction, \u00e9diter, copier, publier, distribuer, traduire et utiliser de toute autre mani\u00e8re dans n&rsquo;importe quel m\u00e9dia les commentaires que vous nous transmettez. Nous n&rsquo;avons aucune obligation de garder les commentaires confidentiels, de verser une compensation pour les commentaires ou de r\u00e9pondre aux commentaires. <\/span><\/p>\n<p data-fontsize=\"18\"><span data-preserver-spaces=\"true\"> <\/span><\/p>\n<p data-fontsize=\"18\"><span data-preserver-spaces=\"true\"><b>SECTION 10 &#8211; INFORMATIONS PERSONNELLES<\/b><\/span><\/p>\n<p data-fontsize=\"18\"><span data-preserver-spaces=\"true\">L&rsquo;envoi d&rsquo;informations personnelles par l&rsquo;interm\u00e9diaire du magasin est r\u00e9gi par notre politique de confidentialit\u00e9.<\/span><\/p>\n<p data-fontsize=\"18\"><span data-preserver-spaces=\"true\"> <\/span><\/p>\n<p data-fontsize=\"18\"><span data-preserver-spaces=\"true\"><b>SECTION 11 &#8211; ERREURS, INEXACTITUDES ET OMISSIONS<\/b><\/span><\/p>\n<p data-fontsize=\"18\"><span data-preserver-spaces=\"true\">Il peut arriver que des informations figurant sur notre site ou dans le service contiennent des erreurs typographiques, des inexactitudes ou des omissions relatives \u00e0 la description des produits, aux prix, aux promotions, aux offres, aux frais d&rsquo;exp\u00e9dition des produits, aux d\u00e9lais de livraison et \u00e0 la disponibilit\u00e9. Nous nous r\u00e9servons le droit de corriger toute erreur, inexactitude ou omission, et de modifier ou de mettre \u00e0 jour les informations ou d&rsquo;annuler les commandes si une information du service ou d&rsquo;un site web connexe est inexacte, et ce \u00e0 tout moment et sans pr\u00e9avis. <\/span><\/p>\n<p data-fontsize=\"18\"><span data-preserver-spaces=\"true\"> <\/span><\/p>\n<p data-fontsize=\"18\"><span data-preserver-spaces=\"true\"><b>SECTION 12 &#8211; USAGES INTERDITS<\/b><\/span><\/p>\n<p data-fontsize=\"18\"><span data-preserver-spaces=\"true\">Outre les autres interdictions \u00e9nonc\u00e9es dans les conditions d&rsquo;utilisation, il vous est interdit d&rsquo;utiliser le site ou son contenu \u00e0 des fins illicites, de solliciter d&rsquo;autres personnes pour qu&rsquo;elles accomplissent des actes illicites ou y participent, de violer des r\u00e9glementations, r\u00e8gles, lois ou ordonnances locales internationales, f\u00e9d\u00e9rales, provinciales ou d&rsquo;\u00c9tat.<\/span><\/p>\n<p data-fontsize=\"18\"><span data-preserver-spaces=\"true\"> <\/span><\/p>\n<p data-fontsize=\"18\"><span data-preserver-spaces=\"true\"><b>ARTICLE 13 &#8211; EXCLUSION DE GARANTIE ; LIMITATION DE RESPONSABILIT\u00c9<\/b><\/span><\/p>\n<p data-fontsize=\"18\"><span data-preserver-spaces=\"true\">Nous ne garantissons pas que l&rsquo;utilisation de notre service sera ininterrompue, opportune, s\u00fbre ou exempte d&rsquo;erreurs. Nous ne garantissons pas que les r\u00e9sultats qui peuvent \u00eatre obtenus par l&rsquo;utilisation du service seront exacts ou fiables. <\/span><\/p>\n<p data-fontsize=\"18\"><span data-preserver-spaces=\"true\"> <\/span><\/p>\n<p data-fontsize=\"18\"><span data-preserver-spaces=\"true\"><b>ARTICLE 14 &#8211; INDEMNISATION<\/b><\/span><\/p>\n<p data-fontsize=\"18\"><span data-preserver-spaces=\"true\">Vous acceptez d&rsquo;indemniser, de d\u00e9fendre et de d\u00e9gager de toute responsabilit\u00e9 CMYLEAD et notre soci\u00e9t\u00e9 m\u00e8re, nos filiales, nos soci\u00e9t\u00e9s affili\u00e9es, nos partenaires, nos responsables, nos directeurs, nos agents, nos contractants, nos conc\u00e9dants, nos prestataires de services, nos sous-traitants, nos fournisseurs, nos stagiaires et nos employ\u00e9s, en cas de r\u00e9clamation ou de demande, y compris les honoraires raisonnables d&rsquo;avocat, d\u00e9pos\u00e9e par un tiers en raison de votre violation des pr\u00e9sentes Conditions d&rsquo;utilisation ou des documents qu&rsquo;elles incorporent par r\u00e9f\u00e9rence, ou de votre violation d&rsquo;une loi ou des droits d&rsquo;un tiers.<\/span><\/p>\n<p data-fontsize=\"18\"><span data-preserver-spaces=\"true\"> <\/span><\/p>\n<p data-fontsize=\"18\"><span data-preserver-spaces=\"true\"><b>ARTICLE 15 &#8211; DIVISIBILIT\u00c9<\/b><\/span><\/p>\n<p data-fontsize=\"18\"><span data-preserver-spaces=\"true\">Si une disposition des pr\u00e9sentes conditions de service est jug\u00e9e ill\u00e9gale, nulle ou inapplicable, cette disposition sera n\u00e9anmoins applicable dans toute la mesure permise par le droit applicable, et la partie inapplicable sera consid\u00e9r\u00e9e comme supprim\u00e9e des pr\u00e9sentes conditions de service.<\/span><\/p>\n<p data-fontsize=\"18\"><span data-preserver-spaces=\"true\"> <\/span><\/p>\n<p data-fontsize=\"18\"><span data-preserver-spaces=\"true\"><b>ARTICLE 16 &#8211; R\u00c9SILIATION<\/b><\/span><\/p>\n<p data-fontsize=\"18\"><span data-preserver-spaces=\"true\">Les pr\u00e9sentes conditions d&rsquo;utilisation sont valables jusqu&rsquo;\u00e0 ce qu&rsquo;elles soient r\u00e9sili\u00e9es par vous ou par nous. Vous pouvez r\u00e9silier les pr\u00e9sentes conditions de service \u00e0 tout moment en nous informant que vous ne souhaitez plus utiliser nos services ou en cessant d&rsquo;utiliser notre site. <\/span><\/p>\n<p data-fontsize=\"18\"><span data-preserver-spaces=\"true\"> <\/span><\/p>\n<p data-fontsize=\"18\"><span data-preserver-spaces=\"true\"><b>ARTICLE 17 &#8211; INT\u00c9GRALIT\u00c9 DE L&rsquo;ACCORD<\/b><\/span><\/p>\n<p data-fontsize=\"18\"><span data-preserver-spaces=\"true\">Les pr\u00e9sentes conditions d&rsquo;utilisation et toute politique ou r\u00e8gle d&rsquo;exploitation publi\u00e9e par nous sur ce site ou concernant le service constituent l&rsquo;int\u00e9gralit\u00e9 de l&rsquo;accord et de la compr\u00e9hension entre vous et nous et r\u00e9gissent votre utilisation du service, rempla\u00e7ant tous les accords, communications et propositions ant\u00e9rieurs ou contemporains, qu&rsquo;ils soient oraux ou \u00e9crits, entre vous et nous.<\/span><\/p>\n<p data-fontsize=\"18\"><span data-preserver-spaces=\"true\"> <\/span><\/p>\n<p data-fontsize=\"18\"><span data-preserver-spaces=\"true\"><b>ARTICLE 18 &#8211; DROIT APPLICABLE<\/b><\/span><\/p>\n<p data-fontsize=\"18\"><span data-preserver-spaces=\"true\">Les pr\u00e9sentes conditions de service et tout accord s\u00e9par\u00e9 par lequel nous vous fournissons des services sont r\u00e9gis et interpr\u00e9t\u00e9s conform\u00e9ment aux lois de la juridiction dans laquelle notre soci\u00e9t\u00e9 est enregistr\u00e9e.<\/span><\/p>\n<p data-fontsize=\"18\"><span data-preserver-spaces=\"true\"> <\/span><\/p>\n<p data-fontsize=\"18\"><span data-preserver-spaces=\"true\"><b>ARTICLE 19 &#8211; MODIFICATIONS DES CONDITIONS DE SERVICE<\/b><\/span><\/p>\n<p data-fontsize=\"18\"><span data-preserver-spaces=\"true\">Vous pouvez consulter la version la plus r\u00e9cente des conditions de service \u00e0 tout moment sur cette page. Nous nous r\u00e9servons le droit, \u00e0 notre seule discr\u00e9tion, d&rsquo;actualiser, de modifier ou de remplacer toute partie des pr\u00e9sentes conditions de service en publiant des mises \u00e0 jour et des modifications sur notre site web. <\/span><\/p>\n<p data-fontsize=\"18\"><span data-preserver-spaces=\"true\"> <\/span><\/p>\n<p data-fontsize=\"18\"><span data-preserver-spaces=\"true\"><b>SECTION 20 &#8211; INFORMATIONS DE CONTACT<\/b><\/span><\/p>\n<p data-fontsize=\"18\"><span data-preserver-spaces=\"true\">Les questions relatives aux conditions d&rsquo;utilisation doivent nous \u00eatre adress\u00e9es \u00e0 l&rsquo;adresse suivante : info@cmylead.com.<\/span><\/p>\n\t\t\t\t\t\t\t\t<\/div>\n\t\t\t\t<\/div>\n\t\t\t\t<div class=\"elementor-element elementor-element-26be6c1 elementor-widget elementor-widget-spacer\" data-id=\"26be6c1\" data-element_type=\"widget\" data-widget_type=\"spacer.default\">\n\t\t\t\t<div class=\"elementor-widget-container\">\n\t\t\t\t\t\t\t<div class=\"elementor-spacer\">\n\t\t\t<div class=\"elementor-spacer-inner\"><\/div>\n\t\t<\/div>\n\t\t\t\t\t\t<\/div>\n\t\t\t\t<\/div>\n\t\t\t\t\t<\/div>\n\t\t<\/div>\n\t\t\t\t\t<\/div>\n\t\t<\/section>\n\t\t\t\t<\/div>\n\t\t","protected":false},"excerpt":{"rendered":"<p>Conditions d&rsquo;utilisation SECTION 1 &#8211; VUE D&rsquo;ENSEMBLE Ce site web est exploit\u00e9 par CMYLEAD. Dans l&rsquo;ensemble du site, les termes \u00ab nous \u00bb, \u00ab notre \u00bb et \u00ab nos \u00bb font r\u00e9f\u00e9rence \u00e0 CMYLEAD. CMYLEAD propose ce site web, y compris toutes les informations, tous les outils et tous les services disponibles sur ce site [&hellip;]<\/p>\n","protected":false},"author":1,"featured_media":0,"parent":0,"menu_order":0,"comment_status":"closed","ping_status":"closed","template":"","meta":{"footnotes":""},"class_list":["post-3558","page","type-page","status-publish","hentry"],"_links":{"self":[{"href":"https:\/\/cmylead.com\/fr\/wp-json\/wp\/v2\/pages\/3558","targetHints":{"allow":["GET"]}}],"collection":[{"href":"https:\/\/cmylead.com\/fr\/wp-json\/wp\/v2\/pages"}],"about":[{"href":"https:\/\/cmylead.com\/fr\/wp-json\/wp\/v2\/types\/page"}],"author":[{"embeddable":true,"href":"https:\/\/cmylead.com\/fr\/wp-json\/wp\/v2\/users\/1"}],"replies":[{"embeddable":true,"href":"https:\/\/cmylead.com\/fr\/wp-json\/wp\/v2\/comments?post=3558"}],"version-history":[{"count":1,"href":"https:\/\/cmylead.com\/fr\/wp-json\/wp\/v2\/pages\/3558\/revisions"}],"predecessor-version":[{"id":3559,"href":"https:\/\/cmylead.com\/fr\/wp-json\/wp\/v2\/pages\/3558\/revisions\/3559"}],"wp:attachment":[{"href":"https:\/\/cmylead.com\/fr\/wp-json\/wp\/v2\/media?parent=3558"}],"curies":[{"name":"wp","href":"https:\/\/api.w.org\/{rel}","templated":true}]}}