{"id":3416,"date":"2024-10-31T17:37:39","date_gmt":"2024-10-31T17:37:39","guid":{"rendered":"https:\/\/cmylead.com\/politika-sigurnosti-web-aplikacije\/"},"modified":"2024-11-10T18:42:04","modified_gmt":"2024-11-10T18:42:04","slug":"politika-sigurnosti-web-aplikacije","status":"publish","type":"page","link":"https:\/\/cmylead.com\/hr\/politika-sigurnosti-web-aplikacije\/","title":{"rendered":"Politika sigurnosti web aplikacije"},"content":{"rendered":"<style>.elementor-3416 .elementor-element.elementor-element-3438da73 > .elementor-background-overlay{background-color:var( --e-global-color-secondary );opacity:0.9;transition:background 0.3s, border-radius 0.3s, opacity 0.3s;}.elementor-3416 .elementor-element.elementor-element-3438da73 > .elementor-container{max-width:1200px;}.elementor-3416 .elementor-element.elementor-element-3438da73:not(.elementor-motion-effects-element-type-background), .elementor-3416 .elementor-element.elementor-element-3438da73 > .elementor-motion-effects-container > .elementor-motion-effects-layer{background-position:0% 10%;background-repeat:no-repeat;background-size:cover;}.elementor-3416 .elementor-element.elementor-element-3438da73{transition:background 0.3s, border 0.3s, border-radius 0.3s, box-shadow 0.3s;margin-top:-100px;margin-bottom:100px;padding:200px 0px 100px 0px;}.elementor-3416 .elementor-element.elementor-element-6d3af210{text-align:center;}.elementor-3416 .elementor-element.elementor-element-6d3af210 .elementor-heading-title{font-family:var( --e-global-typography-secondary-font-family ), Sans-serif;font-size:var( --e-global-typography-secondary-font-size );font-weight:var( --e-global-typography-secondary-font-weight );text-transform:var( --e-global-typography-secondary-text-transform );text-decoration:var( --e-global-typography-secondary-text-decoration );line-height:var( --e-global-typography-secondary-line-height );color:var( --e-global-color-827cd3a );}:root{--page-title-display:none;}@media(max-width:1024px){.elementor-3416 .elementor-element.elementor-element-3438da73:not(.elementor-motion-effects-element-type-background), .elementor-3416 .elementor-element.elementor-element-3438da73 > .elementor-motion-effects-container > .elementor-motion-effects-layer{background-position:0px 0px;}.elementor-3416 .elementor-element.elementor-element-3438da73{margin-top:-150px;margin-bottom:100px;padding:220px 0px 100px 0px;}.elementor-3416 .elementor-element.elementor-element-32bdeddb > .elementor-element-populated{margin:0px 0px 0px 0px;--e-column-margin-right:0px;--e-column-margin-left:0px;padding:0px 30px 0px 30px;}.elementor-3416 .elementor-element.elementor-element-6d3af210 .elementor-heading-title{font-size:var( --e-global-typography-secondary-font-size );line-height:var( --e-global-typography-secondary-line-height );}}@media(max-width:767px){.elementor-3416 .elementor-element.elementor-element-3438da73:not(.elementor-motion-effects-element-type-background), .elementor-3416 .elementor-element.elementor-element-3438da73 > .elementor-motion-effects-container > .elementor-motion-effects-layer{background-position:0px 0px;}.elementor-3416 .elementor-element.elementor-element-3438da73{margin-top:-150px;margin-bottom:100px;padding:220px 0px 100px 0px;}.elementor-3416 .elementor-element.elementor-element-32bdeddb > .elementor-element-populated{margin:0px 0px 0px 0px;--e-column-margin-right:0px;--e-column-margin-left:0px;padding:0px 20px 0px 20px;}.elementor-3416 .elementor-element.elementor-element-6d3af210 .elementor-heading-title{font-size:var( --e-global-typography-secondary-font-size );line-height:var( --e-global-typography-secondary-line-height );}}<\/style>\t\t<div data-elementor-type=\"wp-page\" data-elementor-id=\"3416\" class=\"elementor elementor-3416 elementor-1350\" data-elementor-post-type=\"page\">\n\t\t\t\t\t\t<section class=\"elementor-section elementor-top-section elementor-element elementor-element-3438da73 elementor-section-boxed elementor-section-height-default elementor-section-height-default\" data-id=\"3438da73\" data-element_type=\"section\" data-settings=\"{&quot;background_background&quot;:&quot;classic&quot;}\">\n\t\t\t\t\t\t\t<div class=\"elementor-background-overlay\"><\/div>\n\t\t\t\t\t\t\t<div class=\"elementor-container elementor-column-gap-default\">\n\t\t\t\t\t<div class=\"elementor-column elementor-col-100 elementor-top-column elementor-element elementor-element-32bdeddb\" data-id=\"32bdeddb\" data-element_type=\"column\">\n\t\t\t<div class=\"elementor-widget-wrap elementor-element-populated\">\n\t\t\t\t\t\t<div class=\"elementor-element elementor-element-6d3af210 elementor-widget elementor-widget-heading\" data-id=\"6d3af210\" data-element_type=\"widget\" data-widget_type=\"heading.default\">\n\t\t\t\t<div class=\"elementor-widget-container\">\n\t\t\t\t\t<h2 class=\"elementor-heading-title elementor-size-default\">Politika sigurnosti web aplikacije<\/h2>\t\t\t\t<\/div>\n\t\t\t\t<\/div>\n\t\t\t\t\t<\/div>\n\t\t<\/div>\n\t\t\t\t\t<\/div>\n\t\t<\/section>\n\t\t\t\t<section class=\"elementor-section elementor-top-section elementor-element elementor-element-fb8c355 elementor-section-boxed elementor-section-height-default elementor-section-height-default\" data-id=\"fb8c355\" data-element_type=\"section\">\n\t\t\t\t\t\t<div class=\"elementor-container elementor-column-gap-default\">\n\t\t\t\t\t<div class=\"elementor-column elementor-col-100 elementor-top-column elementor-element elementor-element-63313d6\" data-id=\"63313d6\" data-element_type=\"column\">\n\t\t\t<div class=\"elementor-widget-wrap elementor-element-populated\">\n\t\t\t\t\t\t<div class=\"elementor-element elementor-element-98a631c elementor-widget elementor-widget-text-editor\" data-id=\"98a631c\" data-element_type=\"widget\" data-widget_type=\"text-editor.default\">\n\t\t\t\t<div class=\"elementor-widget-container\">\n\t\t\t\t\t\t\t\t\t<p data-fontsize=\"16\">Dobrodo\u0161li u na\u0161u web aplikaciju! Predani smo osiguravanju sigurnosti i privatnosti na\u0161ih korisnika. Ispod su klju\u010dne sigurnosne mjere koje smo implementirali kako bismo za\u0161titili va\u0161e podatke.  <\/p>\n<p data-fontsize=\"16\"><strong>Validacija unosa<\/strong><\/p>\n<ul class=\"wp-block-list\">\n<li><strong>Dezinficirajte i provjerite unos:<\/strong> osiguravamo da su svi korisni\u010dki unosi ispravno dezinficirani i potvr\u0111eni kako bismo sprije\u010dili sigurnosne prijetnje poput ubacivanja SQL-a i skriptiranja na razli\u010ditim mjestima (XSS).<\/li>\n<li><strong>Pripremljene izjave:<\/strong> Koristimo pripremljene izjave za interakcije s bazom podataka kako bismo pobolj\u0161ali sigurnost.<\/li>\n<\/ul>\n<p data-fontsize=\"16\"><strong>Autentifikacija i autorizacija<\/strong><\/p>\n<ul class=\"wp-block-list\">\n<li><strong>Jake lozinke:<\/strong> Provodimo politike jakih lozinki kako bismo za\u0161titili va\u0161 ra\u010dun.<\/li>\n<li><strong>Dvofaktorska autentifikacija (2FA):<\/strong> Nudimo 2FA za dodatnu sigurnost.<\/li>\n<li><strong>Kontrola pristupa temeljena na ulogama (RBAC):<\/strong> Pristup resursima ograni\u010den je na temelju korisni\u010dkih uloga.<\/li>\n<\/ul>\n<p data-fontsize=\"16\"><strong>Upravljanje sesijom<\/strong><\/p>\n<ul class=\"wp-block-list\">\n<li><strong>ID-ovi sigurnih sesija:<\/strong> Koristimo sigurne, nasumi\u010dno generirane ID-ove sesija pohranjene u sigurnim kola\u010di\u0107ima.<\/li>\n<li><strong>Vremensko ograni\u010denje sesije:<\/strong> Korisnici se automatski odjavljuju nakon razdoblja neaktivnosti.<\/li>\n<li><strong>Prevencija otimanja sesije:<\/strong> Redovito obnavljamo ID-ove sesija, posebno nakon prijave.<\/li>\n<\/ul>\n<p data-fontsize=\"16\"><strong>Za\u0161tita podataka<\/strong><\/p>\n<ul class=\"wp-block-list\">\n<li><strong>Enkripcija:<\/strong> \u0161ifriramo osjetljive podatke i u prijenosu i u mirovanju.<\/li>\n<li><strong>Raspr\u0161ivanje lozinki:<\/strong> Lozinke se pohranjuju pomo\u0107u jakih, jednosmjernih algoritama raspr\u0161ivanja.<\/li>\n<\/ul>\n<p data-fontsize=\"16\"><strong>Rukovanje pogre\u0161kama i bilje\u017eenje<\/strong><\/p>\n<ul class=\"wp-block-list\">\n<li><strong>Generi\u010dke poruke o pogre\u0161ci:<\/strong> Prikazujemo generi\u010dke poruke o pogre\u0161ci radi za\u0161tite od curenja informacija.<\/li>\n<li><strong>Detaljno bilje\u017eenje:<\/strong> Pogre\u0161ke se bilje\u017ee s detaljnim informacijama na sigurnom mjestu.<\/li>\n<li><strong>Pra\u0107enje dnevnika:<\/strong> Redovito pratimo zapise za sumnjive aktivnosti.<\/li>\n<\/ul>\n<p data-fontsize=\"16\"><strong>Sigurne prakse kodiranja<\/strong><\/p>\n<ul class=\"wp-block-list\">\n<li><strong>Pregled koda:<\/strong> Provode se redoviti pregledi koda kako bi se identificirale i popravile ranjivosti.<\/li>\n<li><strong>Sigurnosna obuka:<\/strong> Na\u0161i programeri prolaze stalnu sigurnosnu obuku.<\/li>\n<li><strong>Sigurnosne biblioteke:<\/strong> Koristimo dobro odr\u017eavane sigurnosne biblioteke i okvire.<\/li>\n<\/ul>\n<p data-fontsize=\"16\"><strong>Upravljanje konfiguracijom<\/strong><\/p>\n<ul class=\"wp-block-list\">\n<li><strong>Minimalne privilegije:<\/strong> Aplikacije rade s najmanje potrebnih privilegija.<\/li>\n<li><strong>Sigurna konfiguracija:<\/strong> Na\u0161i poslu\u017eitelji su sigurno konfigurirani i redovito se a\u017euriraju.<\/li>\n<li><strong>Onemogu\u0107i nepotrebne zna\u010dajke:<\/strong> Neiskori\u0161tene usluge i komponente su onemogu\u0107ene kako bi se smanjio rizik.<\/li>\n<\/ul>\n<p data-fontsize=\"16\"><strong>Redovito sigurnosno testiranje<\/strong><\/p>\n<ul class=\"wp-block-list\">\n<li><strong>Skeniranje ranjivosti:<\/strong> Izvode se redovita skeniranja kako bi se identificirale sigurnosne slabosti.<\/li>\n<li><strong>Testiranje prodora:<\/strong> Provodi se periodi\u010dno testiranje prodora kako bi se procijenila na\u0161a sigurnost.<\/li>\n<li><strong>Upravljanje zakrpama:<\/strong> sigurnosne zakrpe i a\u017euriranja primjenjuju se odmah.<\/li>\n<\/ul>\n<p data-fontsize=\"16\"><strong>Odgovor na incident<\/strong><\/p>\n<ul class=\"wp-block-list\">\n<li><strong>Plan odgovora na incidente:<\/strong> Imamo detaljan plan za odgovor na povrede sigurnosti.<\/li>\n<li><strong>Redovite vje\u017ebe:<\/strong> Provode se vje\u017ebe odgovora na incidente kako bi se osigurala pripravnost.<\/li>\n<\/ul>\n<p data-fontsize=\"16\"><strong>Sukladnost i pravni zahtjevi<\/strong><\/p>\n<ul class=\"wp-block-list\">\n<li><strong>Zakoni o za\u0161titi podataka:<\/strong> pridr\u017eavamo se relevantnih zakona i propisa o za\u0161titi podataka.<\/li>\n<li><strong>Industrijski standardi:<\/strong> Pridr\u017eavamo se industrijskih standarda i najboljih praksi, kao \u0161to je OWASP Top Ten.<\/li>\n<\/ul>\n<p data-fontsize=\"16\"><strong>Pregled politike<\/strong><\/p>\n<p data-fontsize=\"16\">Na\u0161a se sigurnosna politika revidira jednom godi\u0161nje ili nakon bilo kakvog zna\u010dajnog sigurnosnog incidenta kako bi se osigurala njezina u\u010dinkovitost.<\/p>\n<p data-fontsize=\"16\">Hvala \u0161to ste nam povjerili svoje podatke. Predani smo odr\u017eavanju najvi\u0161ih sigurnosnih standarda kako bismo za\u0161titili va\u0161e podatke. <\/p>\n\t\t\t\t\t\t\t\t<\/div>\n\t\t\t\t<\/div>\n\t\t\t\t\t<\/div>\n\t\t<\/div>\n\t\t\t\t\t<\/div>\n\t\t<\/section>\n\t\t\t\t<\/div>\n\t\t","protected":false},"excerpt":{"rendered":"<p>Politika sigurnosti web aplikacije Dobrodo\u0161li u na\u0161u web aplikaciju! Predani smo osiguravanju sigurnosti i privatnosti na\u0161ih korisnika. Ispod su klju\u010dne sigurnosne mjere koje smo implementirali kako bismo za\u0161titili va\u0161e podatke. Validacija unosa Dezinficirajte i provjerite unos: osiguravamo da su svi korisni\u010dki unosi ispravno dezinficirani i potvr\u0111eni kako bismo sprije\u010dili sigurnosne prijetnje poput ubacivanja SQL-a i [&hellip;]<\/p>\n","protected":false},"author":1,"featured_media":0,"parent":0,"menu_order":0,"comment_status":"closed","ping_status":"closed","template":"","meta":{"footnotes":""},"class_list":["post-3416","page","type-page","status-publish","hentry"],"_links":{"self":[{"href":"https:\/\/cmylead.com\/hr\/wp-json\/wp\/v2\/pages\/3416","targetHints":{"allow":["GET"]}}],"collection":[{"href":"https:\/\/cmylead.com\/hr\/wp-json\/wp\/v2\/pages"}],"about":[{"href":"https:\/\/cmylead.com\/hr\/wp-json\/wp\/v2\/types\/page"}],"author":[{"embeddable":true,"href":"https:\/\/cmylead.com\/hr\/wp-json\/wp\/v2\/users\/1"}],"replies":[{"embeddable":true,"href":"https:\/\/cmylead.com\/hr\/wp-json\/wp\/v2\/comments?post=3416"}],"version-history":[{"count":1,"href":"https:\/\/cmylead.com\/hr\/wp-json\/wp\/v2\/pages\/3416\/revisions"}],"predecessor-version":[{"id":3418,"href":"https:\/\/cmylead.com\/hr\/wp-json\/wp\/v2\/pages\/3416\/revisions\/3418"}],"wp:attachment":[{"href":"https:\/\/cmylead.com\/hr\/wp-json\/wp\/v2\/media?parent=3416"}],"curies":[{"name":"wp","href":"https:\/\/api.w.org\/{rel}","templated":true}]}}