{"id":3444,"date":"2024-10-31T17:35:35","date_gmt":"2024-10-31T17:35:35","guid":{"rendered":"https:\/\/cmylead.com\/politika-privatnosti\/"},"modified":"2024-11-11T16:49:20","modified_gmt":"2024-11-11T16:49:20","slug":"politika-privatnosti","status":"publish","type":"page","link":"https:\/\/cmylead.com\/hr\/politika-privatnosti\/","title":{"rendered":"Politika privatnosti"},"content":{"rendered":"<style>.elementor-3444 .elementor-element.elementor-element-3438da73 > .elementor-background-overlay{background-color:var( --e-global-color-secondary );opacity:0.9;transition:background 0.3s, border-radius 0.3s, opacity 0.3s;}.elementor-3444 .elementor-element.elementor-element-3438da73 > .elementor-container{max-width:1200px;}.elementor-3444 .elementor-element.elementor-element-3438da73:not(.elementor-motion-effects-element-type-background), .elementor-3444 .elementor-element.elementor-element-3438da73 > .elementor-motion-effects-container > .elementor-motion-effects-layer{background-position:0% 10%;background-repeat:no-repeat;background-size:cover;}.elementor-3444 .elementor-element.elementor-element-3438da73{transition:background 0.3s, border 0.3s, border-radius 0.3s, box-shadow 0.3s;margin-top:-100px;margin-bottom:100px;padding:200px 0px 100px 0px;}.elementor-3444 .elementor-element.elementor-element-6d3af210{text-align:center;}.elementor-3444 .elementor-element.elementor-element-6d3af210 .elementor-heading-title{font-family:var( --e-global-typography-secondary-font-family ), Sans-serif;font-size:var( --e-global-typography-secondary-font-size );font-weight:var( --e-global-typography-secondary-font-weight );text-transform:var( --e-global-typography-secondary-text-transform );text-decoration:var( --e-global-typography-secondary-text-decoration );line-height:var( --e-global-typography-secondary-line-height );color:var( --e-global-color-827cd3a );}:root{--page-title-display:none;}@media(max-width:1024px){.elementor-3444 .elementor-element.elementor-element-3438da73:not(.elementor-motion-effects-element-type-background), .elementor-3444 .elementor-element.elementor-element-3438da73 > .elementor-motion-effects-container > .elementor-motion-effects-layer{background-position:0px 0px;}.elementor-3444 .elementor-element.elementor-element-3438da73{margin-top:-150px;margin-bottom:100px;padding:220px 0px 100px 0px;}.elementor-3444 .elementor-element.elementor-element-32bdeddb > .elementor-element-populated{margin:0px 0px 0px 0px;--e-column-margin-right:0px;--e-column-margin-left:0px;padding:0px 30px 0px 30px;}.elementor-3444 .elementor-element.elementor-element-6d3af210 .elementor-heading-title{font-size:var( --e-global-typography-secondary-font-size );line-height:var( --e-global-typography-secondary-line-height );}}@media(max-width:767px){.elementor-3444 .elementor-element.elementor-element-3438da73:not(.elementor-motion-effects-element-type-background), .elementor-3444 .elementor-element.elementor-element-3438da73 > .elementor-motion-effects-container > .elementor-motion-effects-layer{background-position:0px 0px;}.elementor-3444 .elementor-element.elementor-element-3438da73{margin-top:-150px;margin-bottom:100px;padding:220px 0px 100px 0px;}.elementor-3444 .elementor-element.elementor-element-32bdeddb > .elementor-element-populated{margin:0px 0px 0px 0px;--e-column-margin-right:0px;--e-column-margin-left:0px;padding:0px 20px 0px 20px;}.elementor-3444 .elementor-element.elementor-element-6d3af210 .elementor-heading-title{font-size:var( --e-global-typography-secondary-font-size );line-height:var( --e-global-typography-secondary-line-height );}}<\/style>\t\t<div data-elementor-type=\"wp-page\" data-elementor-id=\"3444\" class=\"elementor elementor-3444 elementor-1345\" data-elementor-post-type=\"page\">\n\t\t\t\t\t\t<section class=\"elementor-section elementor-top-section elementor-element elementor-element-3438da73 elementor-section-boxed elementor-section-height-default elementor-section-height-default\" data-id=\"3438da73\" data-element_type=\"section\" data-settings=\"{&quot;background_background&quot;:&quot;classic&quot;}\">\n\t\t\t\t\t\t\t<div class=\"elementor-background-overlay\"><\/div>\n\t\t\t\t\t\t\t<div class=\"elementor-container elementor-column-gap-default\">\n\t\t\t\t\t<div class=\"elementor-column elementor-col-100 elementor-top-column elementor-element elementor-element-32bdeddb\" data-id=\"32bdeddb\" data-element_type=\"column\">\n\t\t\t<div class=\"elementor-widget-wrap elementor-element-populated\">\n\t\t\t\t\t\t<div class=\"elementor-element elementor-element-6d3af210 elementor-widget elementor-widget-heading\" data-id=\"6d3af210\" data-element_type=\"widget\" data-widget_type=\"heading.default\">\n\t\t\t\t<div class=\"elementor-widget-container\">\n\t\t\t\t\t<h2 class=\"elementor-heading-title elementor-size-default\">Politika privatnosti<\/h2>\t\t\t\t<\/div>\n\t\t\t\t<\/div>\n\t\t\t\t\t<\/div>\n\t\t<\/div>\n\t\t\t\t\t<\/div>\n\t\t<\/section>\n\t\t\t\t<section class=\"elementor-section elementor-top-section elementor-element elementor-element-fb8c355 elementor-section-boxed elementor-section-height-default elementor-section-height-default\" data-id=\"fb8c355\" data-element_type=\"section\">\n\t\t\t\t\t\t<div class=\"elementor-container elementor-column-gap-default\">\n\t\t\t\t\t<div class=\"elementor-column elementor-col-100 elementor-top-column elementor-element elementor-element-63313d6\" data-id=\"63313d6\" data-element_type=\"column\">\n\t\t\t<div class=\"elementor-widget-wrap elementor-element-populated\">\n\t\t\t\t\t\t<div class=\"elementor-element elementor-element-98a631c elementor-widget elementor-widget-text-editor\" data-id=\"98a631c\" data-element_type=\"widget\" data-widget_type=\"text-editor.default\">\n\t\t\t\t<div class=\"elementor-widget-container\">\n\t\t\t\t\t\t\t\t\t<h4 data-fontsize=\"24\"><span data-preserver-spaces=\"true\">Na CmyLeadu, dostupno na<\/span> <a href=\"https:\/\/cmylead.com\/\" target=\"_blank\" rel=\"noopener\" data-fontsize=\"24\">www.cmylead.com<\/a><span data-preserver-spaces=\"true\">, na\u0161 najve\u0107i prioritet je privatnost i povjerenje na\u0161ih korisnika. Ova Pravila o privatnosti opisuju vrste informacija koje prikupljamo i bilje\u017eimo te kako se koriste. <\/span><\/h4>\n<div><span data-preserver-spaces=\"true\"> <\/span><\/div>\n<p data-fontsize=\"18\"><span data-preserver-spaces=\"true\">Za sve upite ili dodatne informacije o na\u0161oj Politici privatnosti, slobodno nas kontaktirajte.<\/span><\/p>\n<p data-fontsize=\"18\"><span data-preserver-spaces=\"true\">Ova Pravila o privatnosti primjenjuju se na na\u0161e online aktivnosti i vrijede za korisnike u vezi s informacijama koje dijele i\/ili prikupljaju u CmyLeadu. Ne odnosi se na podatke prikupljene izvan mre\u017ee ili putem drugih kanala osim ove web stranice. Na\u0161a pravila o privatnosti uspostavljena su uz pomo\u0107 besplatnog generatora pravila o privatnosti.  <\/span><\/p>\n<p data-fontsize=\"18\"><span data-preserver-spaces=\"true\"><b>Pristanak<\/b><\/span><\/p>\n<p data-fontsize=\"18\"><span data-preserver-spaces=\"true\">Kori\u0161tenjem na\u0161e web stranice, ovime pristajete na na\u0161u Politiku privatnosti i prihva\u0107ate njezine uvjete.<\/span><\/p>\n<p data-fontsize=\"18\"><span data-preserver-spaces=\"true\"><b>Informacije koje prikupljamo<\/b><\/span><\/p>\n<p data-fontsize=\"18\"><span data-preserver-spaces=\"true\">Jasno \u0107emo objasniti za\u0161to su nam potrebni osobni podaci koje od vas tra\u017eimo kada ih zatra\u017eimo.<\/span><\/p>\n<p data-fontsize=\"18\"><span data-preserver-spaces=\"true\">Ako nas kontaktirate izravno, mo\u017eemo primiti dodatne informacije kao \u0161to su va\u0161e ime, adresa e-po\u0161te, telefonski broj, sadr\u017eaj poruke ili privitaka koje nam mo\u017eete poslati te bilo koje druge informacije koje odlu\u010dite dati.<\/span><\/p>\n<p data-fontsize=\"18\"><span data-preserver-spaces=\"true\">Kada se registrirate za ra\u010dun, mogli bismo tra\u017eiti va\u0161e podatke za kontakt, uklju\u010duju\u0107i stavke kao \u0161to su ime, naziv tvrtke, adresa, adresa e-po\u0161te i telefonski broj.<\/span><\/p>\n<p data-fontsize=\"18\"><span data-preserver-spaces=\"true\"><b>Kako koristimo va\u0161e podatke?<\/b><\/span><\/p>\n<p data-fontsize=\"18\"><span data-preserver-spaces=\"true\">Podatke koje prikupljamo koristimo na brojne na\u010dine, uklju\u010duju\u0107i za:<\/span><\/p>\n<ul>\n<li><span data-preserver-spaces=\"true\">Osigurati, upravljati i odr\u017eavati na\u0161u web stranicu<\/span><\/li>\n<li><span data-preserver-spaces=\"true\">Pobolj\u0161ajte, personalizirajte i pro\u0161irite na\u0161u web stranicu<\/span><\/li>\n<li><span data-preserver-spaces=\"true\">Razumjeti i analizirati va\u0161e kori\u0161tenje na\u0161e web stranice<\/span><\/li>\n<li><span data-preserver-spaces=\"true\">Razvijte nove proizvode, usluge, zna\u010dajke i funkcionalnosti<\/span><\/li>\n<li><span data-preserver-spaces=\"true\">Komunicirati s vama, izravno ili putem partnera, uklju\u010duju\u0107i korisni\u010dku slu\u017ebu, a\u017euriranja i druge informacije povezane s web-mjestom te marketin\u0161ke i promotivne svrhe<\/span><\/li>\n<li><span data-preserver-spaces=\"true\">\u0160alje vam e-po\u0161tu<\/span><\/li>\n<li><span data-preserver-spaces=\"true\">Otkrijte i sprije\u010dite prijevaru\n<p><\/span><\/li>\n<\/ul>\n<p data-fontsize=\"18\"><span data-preserver-spaces=\"true\"><b>Datoteke dnevnika<\/b><\/span><\/p>\n<p data-fontsize=\"18\"><span data-preserver-spaces=\"true\">CmyLead slijedi standardnu \u200b\u200bproceduru kori\u0161tenja log datoteka, kao i sve hosting tvrtke. Ove datoteke dnevnika prate posjetitelje kada posje\u0107uju web stranice. Prikupljeni podaci mogu uklju\u010divati \u200b\u200bIP adrese, vrstu preglednika, davatelja internetskih usluga (ISP), datumske i vremenske oznake, referentne\/izlazne stranice i potencijalno broj klikova. Ove informacije nisu povezane s bilo kakvim osobnim podacima i koriste se za analizu trendova, upravljanje web mjestom, pra\u0107enje kretanja korisnika i prikupljanje demografskih podataka.   <\/p>\n<p><\/span><\/p>\n<p data-fontsize=\"18\"><span data-preserver-spaces=\"true\"><b>Pravila privatnosti tre\u0107ih strana<\/b><\/span><\/p>\n<p data-fontsize=\"18\"><span data-preserver-spaces=\"true\">Pravila o privatnosti tvrtke CmyLead ne odnose se na druge ogla\u0161iva\u010de ili web stranice. Stoga vam savjetujemo da pregledate odgovaraju\u0107a Pravila o privatnosti poslu\u017eitelja oglasa tre\u0107ih strana za detaljnije informacije o njihovoj praksi i upute o tome kako isklju\u010diti odre\u0111ene opcije. <\/p>\n<p><\/span><\/p>\n<p data-fontsize=\"18\"><span data-preserver-spaces=\"true\"><b>GDPR prava na za\u0161titu podataka<\/b><\/span><\/p>\n<p data-fontsize=\"18\"><span data-preserver-spaces=\"true\">\u017delimo biti sigurni da ste u potpunosti svjesni svih svojih prava na za\u0161titu podataka. Svaki korisnik ima pravo na sljede\u0107e: <\/span><\/p>\n<ul>\n<li><span data-preserver-spaces=\"true\">Pravo na pristup \u2013 mo\u017eete zatra\u017eiti kopije svojih osobnih podataka. Za ovu uslugu mo\u017eemo naplatiti malu naknadu. <\/span><\/li>\n<li><span data-preserver-spaces=\"true\">Pravo na ispravak \u2013 mo\u017eete tra\u017eiti da ispravimo bilo koju informaciju za koju smatrate da je neto\u010dna. Tako\u0111er mo\u017eete zatra\u017eiti da dopunimo podatke za koje smatrate da su nepotpuni. <\/span><\/li>\n<li><span data-preserver-spaces=\"true\">Pravo na brisanje \u2013 mo\u017eete zatra\u017eiti od nas brisanje va\u0161ih osobnih podataka, pod posebnim uvjetima.<\/span><\/li>\n<li><span data-preserver-spaces=\"true\">Pravo na ograni\u010denje obrade \u2013 Mo\u017eete zatra\u017eiti od nas da ograni\u010dimo obradu Va\u0161ih osobnih podataka, pod odre\u0111enim uvjetima.<\/span><\/li>\n<li><span data-preserver-spaces=\"true\">Pravo na prigovor na obradu \u2013 mo\u017eete ulo\u017eiti prigovor na na\u0161u obradu va\u0161ih osobnih podataka, pod odre\u0111enim uvjetima.<\/span><\/li>\n<li><span data-preserver-spaces=\"true\">Pravo na prenosivost podataka \u2013 mo\u017eete zatra\u017eiti da va\u0161e podatke prenesemo drugoj organizaciji ili izravno vama, pod odre\u0111enim uvjetima.<br \/><b><br \/><\/b><\/span><\/li>\n<\/ul>\n<p data-fontsize=\"18\"><span data-preserver-spaces=\"true\"><b>Informacije za djecu<\/b><\/span><\/p>\n<p data-fontsize=\"18\"><span data-preserver-spaces=\"true\">Posebno nam je va\u017ena za\u0161tita djece tijekom kori\u0161tenja interneta. Poti\u010demo roditelje i skrbnike da prate aktivnosti svoje djece na internetu. <\/span><\/p>\n<p data-fontsize=\"18\"><span data-preserver-spaces=\"true\">Cmycard svjesno ne prikuplja nikakve osobne podatke od djece mla\u0111e od 13 godina. Ako mislite da je va\u0161e dijete dalo ovu vrstu informacija na na\u0161oj web stranici, preporu\u010dujemo vam da nas odmah kontaktirate, a mi \u0107emo u\u010diniti sve \u0161to je u na\u0161oj mo\u0107i da ih odmah uklonimo takve informacije iz na\u0161e evidencije. <\/span><\/p>\n\t\t\t\t\t\t\t\t<\/div>\n\t\t\t\t<\/div>\n\t\t\t\t\t<\/div>\n\t\t<\/div>\n\t\t\t\t\t<\/div>\n\t\t<\/section>\n\t\t\t\t<\/div>\n\t\t","protected":false},"excerpt":{"rendered":"<p>Politika privatnosti Na CmyLeadu, dostupno na www.cmylead.com, na\u0161 najve\u0107i prioritet je privatnost i povjerenje na\u0161ih korisnika. Ova Pravila o privatnosti opisuju vrste informacija koje prikupljamo i bilje\u017eimo te kako se koriste. Za sve upite ili dodatne informacije o na\u0161oj Politici privatnosti, slobodno nas kontaktirajte. Ova Pravila o privatnosti primjenjuju se na na\u0161e online aktivnosti i [&hellip;]<\/p>\n","protected":false},"author":1,"featured_media":0,"parent":0,"menu_order":0,"comment_status":"closed","ping_status":"closed","template":"","meta":{"footnotes":""},"class_list":["post-3444","page","type-page","status-publish","hentry"],"_links":{"self":[{"href":"https:\/\/cmylead.com\/hr\/wp-json\/wp\/v2\/pages\/3444","targetHints":{"allow":["GET"]}}],"collection":[{"href":"https:\/\/cmylead.com\/hr\/wp-json\/wp\/v2\/pages"}],"about":[{"href":"https:\/\/cmylead.com\/hr\/wp-json\/wp\/v2\/types\/page"}],"author":[{"embeddable":true,"href":"https:\/\/cmylead.com\/hr\/wp-json\/wp\/v2\/users\/1"}],"replies":[{"embeddable":true,"href":"https:\/\/cmylead.com\/hr\/wp-json\/wp\/v2\/comments?post=3444"}],"version-history":[{"count":1,"href":"https:\/\/cmylead.com\/hr\/wp-json\/wp\/v2\/pages\/3444\/revisions"}],"predecessor-version":[{"id":3445,"href":"https:\/\/cmylead.com\/hr\/wp-json\/wp\/v2\/pages\/3444\/revisions\/3445"}],"wp:attachment":[{"href":"https:\/\/cmylead.com\/hr\/wp-json\/wp\/v2\/media?parent=3444"}],"curies":[{"name":"wp","href":"https:\/\/api.w.org\/{rel}","templated":true}]}}