{"id":3506,"date":"2024-10-31T17:30:15","date_gmt":"2024-10-31T17:30:15","guid":{"rendered":"https:\/\/cmylead.com\/uvjeti-koristenja\/"},"modified":"2024-11-11T16:58:04","modified_gmt":"2024-11-11T16:58:04","slug":"uvjeti-koristenja","status":"publish","type":"page","link":"https:\/\/cmylead.com\/hr\/uvjeti-koristenja\/","title":{"rendered":"Uvjeti kori\u0161tenja"},"content":{"rendered":"\t\t<div data-elementor-type=\"wp-page\" data-elementor-id=\"3506\" class=\"elementor elementor-3506 elementor-1336\" data-elementor-post-type=\"page\">\n\t\t\t\t\t\t<section class=\"elementor-section elementor-top-section elementor-element elementor-element-3438da73 elementor-section-boxed elementor-section-height-default elementor-section-height-default\" data-id=\"3438da73\" data-element_type=\"section\" data-e-type=\"section\" data-settings=\"{&quot;background_background&quot;:&quot;classic&quot;}\">\n\t\t\t\t\t\t\t<div class=\"elementor-background-overlay\"><\/div>\n\t\t\t\t\t\t\t<div class=\"elementor-container elementor-column-gap-default\">\n\t\t\t\t\t<div class=\"elementor-column elementor-col-100 elementor-top-column elementor-element elementor-element-32bdeddb\" data-id=\"32bdeddb\" data-element_type=\"column\" data-e-type=\"column\">\n\t\t\t<div class=\"elementor-widget-wrap elementor-element-populated\">\n\t\t\t\t\t\t<div class=\"elementor-element elementor-element-6d3af210 elementor-widget elementor-widget-heading\" data-id=\"6d3af210\" data-element_type=\"widget\" data-e-type=\"widget\" data-widget_type=\"heading.default\">\n\t\t\t\t<div class=\"elementor-widget-container\">\n\t\t\t\t\t<h2 class=\"elementor-heading-title elementor-size-default\">Uvjeti kori\u0161tenja<\/h2>\t\t\t\t<\/div>\n\t\t\t\t<\/div>\n\t\t\t\t\t<\/div>\n\t\t<\/div>\n\t\t\t\t\t<\/div>\n\t\t<\/section>\n\t\t\t\t<section class=\"elementor-section elementor-top-section elementor-element elementor-element-fb8c355 elementor-section-boxed elementor-section-height-default elementor-section-height-default\" data-id=\"fb8c355\" data-element_type=\"section\" data-e-type=\"section\">\n\t\t\t\t\t\t<div class=\"elementor-container elementor-column-gap-default\">\n\t\t\t\t\t<div class=\"elementor-column elementor-col-100 elementor-top-column elementor-element elementor-element-63313d6\" data-id=\"63313d6\" data-element_type=\"column\" data-e-type=\"column\">\n\t\t\t<div class=\"elementor-widget-wrap elementor-element-populated\">\n\t\t\t\t\t\t<div class=\"elementor-element elementor-element-98a631c elementor-widget elementor-widget-text-editor\" data-id=\"98a631c\" data-element_type=\"widget\" data-e-type=\"widget\" data-widget_type=\"text-editor.default\">\n\t\t\t\t<div class=\"elementor-widget-container\">\n\t\t\t\t\t\t\t\t\t<p data-fontsize=\"18\"><span data-preserver-spaces=\"true\"><b>ODJELJAK 1 \u2013 PREGLED<\/b><\/span><\/p>\n<p data-fontsize=\"18\"><span data-preserver-spaces=\"true\">Ovom web stranicom upravlja CMYLEAD. Na cijelom web mjestu izrazi &#8220;mi&#8221;, &#8220;nas&#8221; i &#8220;na\u0161&#8221; odnose se na CMYLEAD. CMYLEAD nudi ovu web stranicu, uklju\u010duju\u0107i sve informacije, alate i usluge dostupne s ove stranice vama, korisniku, pod uvjetom da prihva\u0107ate sve odredbe, uvjete, politike i obavijesti navedene ovdje.  <\/span><\/p>\n<p data-fontsize=\"18\"><span data-preserver-spaces=\"true\">Posjetom na\u0161em web-mjestu i\/ili kupnjom ne\u010dega od nas, uklju\u010dujete se u na\u0161u &#8220;Uslugu&#8221; i sla\u017eete se da vas obvezuju sljede\u0107i uvjeti i odredbe (&#8220;Uvjeti pru\u017eanja usluge&#8221;, &#8220;Uvjeti&#8221;), uklju\u010duju\u0107i te dodatne odredbe i uvjete i pravila ovdje navedeni i\/ili dostupni putem hiperveze. Ovi Uvjeti pru\u017eanja usluge primjenjuju se na sve korisnike stranice, uklju\u010duju\u0107i bez ograni\u010denja korisnike koji su preglednici, dobavlja\u010di, kupci, trgovci i\/ili suradnici sadr\u017eaja. <\/span><\/p>\n<p data-fontsize=\"18\"><span data-preserver-spaces=\"true\">Pa\u017eljivo pro\u010ditajte ove Uvjete pru\u017eanja usluge prije pristupa ili kori\u0161tenja na\u0161e web stranice. Pristupom ili kori\u0161tenjem bilo kojeg dijela stranice, suglasni ste biti vezani ovim Uvjetima pru\u017eanja usluge. Ako se ne sla\u017eete sa svim odredbama i uvjetima ovog ugovora, ne mo\u017eete pristupiti web stranici niti koristiti bilo koju uslugu. Ako se ovi Uvjeti pru\u017eanja usluge smatraju ponudom, prihva\u0107anje je izri\u010dito ograni\u010deno na ove Uvjete pru\u017eanja usluge.   <\/span><\/p>\n<p data-fontsize=\"18\"><span data-preserver-spaces=\"true\">Sve nove zna\u010dajke ili alati koji se dodaju trenutnoj trgovini tako\u0111er \u0107e podlijegati Uvjetima pru\u017eanja usluge. Na ovoj stranici u bilo kojem trenutku mo\u017eete pregledati najnoviju verziju Uvjeta pru\u017eanja usluge. Zadr\u017eavamo pravo a\u017euriranja, izmjene ili zamjene bilo kojeg dijela ovih Uvjeta pru\u017eanja usluge objavljivanjem a\u017euriranja i\/ili promjena na na\u0161oj web stranici. Va\u0161a je odgovornost povremeno provjeriti ima li promjena na ovoj stranici. Va\u0161e daljnje kori\u0161tenje ili pristup web stranici nakon objave bilo kakvih promjena predstavlja prihva\u0107anje tih promjena.    <\/span><\/p>\n<p data-fontsize=\"18\"><span data-preserver-spaces=\"true\"> <\/span><\/p>\n<p data-fontsize=\"18\"><span data-preserver-spaces=\"true\"><b>ODJELJAK 2 \u2013 UVJETI ONLINE TRGOVINE  <\/b><\/span><\/p>\n<p data-fontsize=\"18\"><span data-preserver-spaces=\"true\">Prihva\u0107anjem ovih Uvjeta pru\u017eanja usluge potvr\u0111ujete da ste punoljetni u svojoj dr\u017eavi ili pokrajini prebivali\u0161ta ili da ste punoljetni u svojoj dr\u017eavi ili pokrajini prebivali\u0161ta i da ste nam dali svoj pristanak da dopustite svim svojim maloljetnim osobama da koriste ovu stranicu. Ne smijete koristiti na\u0161e proizvode u bilo koju nezakonitu ili neovla\u0161tenu svrhu niti smijete, kori\u0161tenjem Usluge, kr\u0161iti bilo koji zakon u va\u0161oj nadle\u017enosti (uklju\u010duju\u0107i, ali ne ograni\u010davaju\u0107i se na zakone o autorskim pravima). <\/span><\/p>\n<p data-fontsize=\"18\"><span data-preserver-spaces=\"true\">Ne smijete prenositi nikakve crve ili viruse ili bilo koji kod destruktivne prirode. Kr\u0161enje ili kr\u0161enje bilo kojeg od uvjeta rezultirat \u0107e trenuta\u010dnim prekidom va\u0161ih usluga. <\/span><\/p>\n<p data-fontsize=\"18\"><span data-preserver-spaces=\"true\"> <\/span><\/p>\n<p data-fontsize=\"18\"><span data-preserver-spaces=\"true\"><b>ODJELJAK 3 \u2013 OP\u0106I UVJETI<\/b><\/span><\/p>\n<p data-fontsize=\"18\"><span data-preserver-spaces=\"true\">Zadr\u017eavamo pravo odbiti uslugu bilo kome iz bilo kojeg razloga u bilo koje vrijeme. Razumijete da se va\u0161 sadr\u017eaj (ne uklju\u010duju\u0107i podatke o kreditnoj kartici) mo\u017ee prenositi nekriptiran i uklju\u010divati \u200b\u200b(a) prijenose preko razli\u010ditih mre\u017ea; i (b) promjene radi uskla\u0111ivanja i prilagodbe tehni\u010dkim zahtjevima povezuju\u0107ih mre\u017ea ili ure\u0111aja. Podaci o kreditnoj kartici uvijek su \u0161ifrirani tijekom prijenosa preko mre\u017ee.    <\/span><\/p>\n<p data-fontsize=\"18\"><span data-preserver-spaces=\"true\">ODJELJAK 4 \u2013 TO\u010cNOST, POTPUNOST I PRAVOVREMENOST INFORMACIJA<\/span><\/p>\n<p data-fontsize=\"18\"><span data-preserver-spaces=\"true\">Nismo odgovorni ako informacije dostupne na ovoj stranici nisu to\u010dne, potpune ili aktualne. Materijal na ovoj stranici slu\u017ei samo za op\u0107e informacije i ne smije se oslanjati na njega niti ga koristiti kao jedinu osnovu za dono\u0161enje odluka bez konzultiranja primarnih, to\u010dnijih, potpunijih ili pravovremenijih izvora informacija. Svako oslanjanje na materijale na ovoj stranici je na vlastitu odgovornost. Ova stranica mo\u017ee sadr\u017eavati odre\u0111ene povijesne informacije. Povijesni podaci, nu\u017eno, nisu aktualni i daju se samo za va\u0161u referencu. Zadr\u017eavamo pravo izmjene sadr\u017eaja ove stranice u bilo kojem trenutku, ali nemamo obvezu a\u017eurirati bilo koju informaciju na na\u0161oj stranici. Suglasni ste da je va\u0161a odgovornost pratiti promjene na na\u0161oj stranici.      <\/span><\/p>\n<p data-fontsize=\"18\"><span data-preserver-spaces=\"true\">Naravno, nastavit \u0107u tamo gdje sam stao, ali imajte na umu da potpune uvjete pru\u017eanja usluge treba izraditi uz pomo\u0107 pravnog stru\u010dnjaka kako bi se osiguralo da su sve potrebne pojedinosti pokrivene i specifi\u010dne za posao ili uslugu. Evo op\u0107enitog nastavka: <\/span><\/p>\n<p data-fontsize=\"18\"><span data-preserver-spaces=\"true\"> <\/span><\/p>\n<p data-fontsize=\"18\"><span data-preserver-spaces=\"true\"><b>ODJELJAK 5 \u2013 PROIZVODI ILI USLUGE<\/b><\/span><\/p>\n<p data-fontsize=\"18\"><span data-preserver-spaces=\"true\">Odre\u0111eni proizvodi ili usluge mogu biti dostupni isklju\u010divo online putem web stranice. Ovi proizvodi ili usluge mogu imati ograni\u010dene koli\u010dine i podlo\u017eni su povratu ili zamjeni samo u skladu s na\u0161im Pravilima povrata. Ulo\u017eili smo sve napore kako bismo \u0161to to\u010dnije prikazali boje i slike na\u0161ih proizvoda koji se pojavljuju u trgovini. Ne mo\u017eemo jam\u010diti da \u0107e prikaz bilo koje boje na monitoru va\u0161eg ra\u010dunala biti to\u010dan.   <\/span><\/p>\n<p data-fontsize=\"18\"><span data-preserver-spaces=\"true\"> <\/span><\/p>\n<p data-fontsize=\"18\"><span data-preserver-spaces=\"true\"><b>ODJELJAK 6 \u2013 TO\u010cNOST PODATAKA O NAPLATI I RA\u010cUNU<\/b><\/span><\/p>\n<p data-fontsize=\"18\"><span data-preserver-spaces=\"true\">Suglasni ste dati aktualne, potpune i to\u010dne informacije o kupnji i ra\u010dunu za sve kupnje u na\u0161oj trgovini. Suglasni ste da \u0107ete odmah a\u017eurirati svoj ra\u010dun i druge podatke, uklju\u010duju\u0107i adresu e-po\u0161te i brojeve kreditnih kartica te datume isteka, kako bismo mogli dovr\u0161iti va\u0161e transakcije i kontaktirati vas po potrebi. <\/span><\/p>\n<p data-fontsize=\"18\"><span data-preserver-spaces=\"true\"> <\/span><\/p>\n<p data-fontsize=\"18\"><span data-preserver-spaces=\"true\"><b>ODJELJAK 7 \u2013 IZBORNI ALATI<\/b><\/span><\/p>\n<p data-fontsize=\"18\"><span data-preserver-spaces=\"true\">Mo\u017eemo vam omogu\u0107iti pristup alatima tre\u0107ih strana koje niti nadziremo niti imamo kontrolu niti unos. Prihva\u0107ate i sla\u017eete se da mi pru\u017eamo pristup takvim alatima \u201ekakvi jesu\u201d i \u201ekako su dostupni\u201d bez ikakvih jamstava, izjava ili uvjeta bilo koje vrste i bez ikakvog odobrenja. <\/span><\/p>\n<p data-fontsize=\"18\"><span data-preserver-spaces=\"true\"> <\/span><\/p>\n<p data-fontsize=\"18\"><span data-preserver-spaces=\"true\"><b>ODJELJAK 8 \u2013 VEZE TRE\u0106IH STRANA<\/b><\/span><\/p>\n<p data-fontsize=\"18\"><span data-preserver-spaces=\"true\">Odre\u0111eni sadr\u017eaj, proizvodi i usluge dostupni putem na\u0161e usluge mogu uklju\u010divati \u200b\u200bmaterijale tre\u0107ih strana. Veze tre\u0107ih strana na ovoj stranici mogu vas usmjeriti na web stranice tre\u0107ih strana koje nisu povezane s nama. Nismo odgovorni za ispitivanje ili procjenu sadr\u017eaja ili to\u010dnosti i ne jam\u010dimo i ne\u0107emo imati nikakvu odgovornost ili odgovornost za materijale ili web stranice tre\u0107ih strana, ili za bilo koje druge materijale, proizvode ili usluge tre\u0107ih strana.  <\/span><\/p>\n<p data-fontsize=\"18\"><span data-preserver-spaces=\"true\"> <\/span><\/p>\n<p data-fontsize=\"18\"><span data-preserver-spaces=\"true\"><b>ODJELJAK 9 \u2013 KOMENTARI KORISNIKA, POVRATNE INFORMACIJE I DRUGI PODNESCI<\/b><\/span><\/p>\n<p data-fontsize=\"18\"><span data-preserver-spaces=\"true\">Ako po\u0161aljete odre\u0111ene podneske ili kreativne ideje, prijedloge, prijedloge, planove ili druge materijale, bilo online, e-po\u0161tom, po\u0161tom ili na drugi na\u010din, suglasni ste da mo\u017eemo, u bilo koje vrijeme, bez ograni\u010denja, ure\u0111ivati, kopirati, objavljivati, distribuirati, prevoditi i na drugi na\u010din koristiti u bilo kojem mediju sve komentare koje nam proslijedite. Nismo obavezni \u010duvati komentare u povjerenju, pla\u0107ati naknadu za bilo kakve komentare ili odgovarati na bilo koje komentare. <\/span><\/p>\n<p data-fontsize=\"18\"><span data-preserver-spaces=\"true\"> <\/span><\/p>\n<p data-fontsize=\"18\"><span data-preserver-spaces=\"true\"><b>ODJELJAK 10 \u2013 OSOBNI PODACI<\/b><\/span><\/p>\n<p data-fontsize=\"18\"><span data-preserver-spaces=\"true\">Va\u0161e slanje osobnih podataka putem trgovine regulirano je na\u0161im Pravilima o privatnosti.<\/span><\/p>\n<p data-fontsize=\"18\"><span data-preserver-spaces=\"true\"> <\/span><\/p>\n<p data-fontsize=\"18\"><span data-preserver-spaces=\"true\"><b>ODJELJAK 11 \u2013 POGRE\u0160KE, NETO\u010cNOSTI I PROPUSTI<\/b><\/span><\/p>\n<p data-fontsize=\"18\"><span data-preserver-spaces=\"true\">Povremeno se na na\u0161em web-mjestu ili u Usluzi mogu pojaviti informacije koje sadr\u017ee tipografske pogre\u0161ke, neto\u010dnosti ili propuste koji se mogu odnositi na opise proizvoda, cijene, promocije, ponude, tro\u0161kove dostave proizvoda, vrijeme prijevoza i dostupnost. Zadr\u017eavamo pravo da ispravimo sve pogre\u0161ke, neto\u010dnosti ili propuste te da promijenimo ili a\u017euriramo informacije ili otka\u017eemo narud\u017ebe ako bilo koja informacija u Usluzi ili na bilo kojoj povezanoj web stranici nije to\u010dna u bilo kojem trenutku bez prethodne obavijesti. <\/span><\/p>\n<p data-fontsize=\"18\"><span data-preserver-spaces=\"true\"> <\/span><\/p>\n<p data-fontsize=\"18\"><span data-preserver-spaces=\"true\"><b>ODJELJAK 12 \u2013 ZABRANJENE UPOTREBE<\/b><\/span><\/p>\n<p data-fontsize=\"18\"><span data-preserver-spaces=\"true\">Uz ostale zabrane navedene u Uvjetima pru\u017eanja usluge, zabranjeno vam je kori\u0161tenje stranice ili njenog sadr\u017eaja u bilo koju nezakonitu svrhu; nagovarati druge da izvr\u0161e ili sudjeluju u bilo kakvim nezakonitim radnjama; za kr\u0161enje bilo kojih me\u0111unarodnih, federalnih, pokrajinskih ili dr\u017eavnih propisa, pravila, zakona ili lokalnih uredbi.<\/span><\/p>\n<p data-fontsize=\"18\"><span data-preserver-spaces=\"true\"> <\/span><\/p>\n<p data-fontsize=\"18\"><span data-preserver-spaces=\"true\"><b>ODJELJAK 13 \u2013 ODRICANJE OD JAMSTVA; OGRANI\u010cENJE ODGOVORNOSTI<\/b><\/span><\/p>\n<p data-fontsize=\"18\"><span data-preserver-spaces=\"true\">Ne jam\u010dimo, ne predstavljamo i ne garantiramo da \u0107e va\u0161a upotreba na\u0161e usluge biti neprekinuta, pravovremena, sigurna ili bez gre\u0161aka. Ne jam\u010dimo da \u0107e rezultati koji se mogu dobiti kori\u0161tenjem usluge biti to\u010dni ili pouzdani. <\/span><\/p>\n<p data-fontsize=\"18\"><span data-preserver-spaces=\"true\"> <\/span><\/p>\n<p data-fontsize=\"18\"><span data-preserver-spaces=\"true\"><b>ODJELJAK 14 \u2013 OD\u0160TETA<\/b><\/span><\/p>\n<p data-fontsize=\"18\"><span data-preserver-spaces=\"true\">Suglasni ste da \u0107ete obe\u0161tetiti, braniti i osloboditi CMYLEAD i na\u0161e mati\u010dne tvrtke, podru\u017enice, podru\u017enice, partnere, slu\u017ebenike, direktore, agente, izvo\u0111a\u010de, davatelje licenci, pru\u017eatelje usluga, podizvo\u0111a\u010de, dobavlja\u010de, sta\u017eiste i zaposlenike, oslobo\u0111ene odgovornosti od bilo kakvog potra\u017eivanja ili zahtjeva, uklju\u010duju\u0107i razumne odvjetni\u010dke naknade, koje je izvr\u0161ila bilo koja tre\u0107a strana zbog ili proizlaze iz va\u0161eg kr\u0161enja ovih Uvjeta pru\u017eanja usluge ili dokumenata koje oni uklju\u010duju referencom, ili va\u0161eg kr\u0161enja bilo kojeg zakona ili prava tre\u0107e strane.<\/span><\/p>\n<p data-fontsize=\"18\"><span data-preserver-spaces=\"true\"> <\/span><\/p>\n<p data-fontsize=\"18\"><span data-preserver-spaces=\"true\"><b>ODJELJAK 15 \u2013 ODJELJIVOST<\/b><\/span><\/p>\n<p data-fontsize=\"18\"><span data-preserver-spaces=\"true\">U slu\u010daju da se bilo koja odredba ovih Uvjeta pru\u017eanja usluge utvrdi kao nezakonita, ni\u0161tavna ili neprovediva, takva \u0107e odredba bez obzira na to biti provediva u najve\u0107oj mjeri dopu\u0161tenoj primjenjivim zakonom, a neprovedivi dio smatrat \u0107e se izdvojenim iz ovih Uvjeta Servis.<\/span><\/p>\n<p data-fontsize=\"18\"><span data-preserver-spaces=\"true\"> <\/span><\/p>\n<p data-fontsize=\"18\"><span data-preserver-spaces=\"true\"><b>ODJELJAK 16 \u2013 RASKID<\/b><\/span><\/p>\n<p data-fontsize=\"18\"><span data-preserver-spaces=\"true\">Ovi Uvjeti usluge su na snazi \u200b\u200bosim ako i dok ih vi ili mi ne prekinete. Mo\u017eete raskinuti ove Uvjete pru\u017eanja usluge u bilo kojem trenutku tako \u0161to \u0107ete nas obavijestiti da vi\u0161e ne \u017eelite koristiti na\u0161e Usluge ili kada prestanete koristiti na\u0161u stranicu. <\/span><\/p>\n<p data-fontsize=\"18\"><span data-preserver-spaces=\"true\"> <\/span><\/p>\n<p data-fontsize=\"18\"><span data-preserver-spaces=\"true\"><b>ODJELJAK 17 \u2013 CJELOKUPNI UGOVOR<\/b><\/span><\/p>\n<p data-fontsize=\"18\"><span data-preserver-spaces=\"true\">Ovi Uvjeti pru\u017eanja usluge i sva pravila ili radna pravila koja smo objavili na ovoj stranici ili u vezi s Uslugom \u010dine cjelokupan ugovor i razumijevanje izme\u0111u vas i nas i upravljaju va\u0161im kori\u0161tenjem usluge, zamjenjuju\u0107i sve prethodne ili istodobne ugovore, komunikacije i prijedloge , bilo usmeno ili pismeno, izme\u0111u vas i nas.<\/span><\/p>\n<p data-fontsize=\"18\"><span data-preserver-spaces=\"true\"> <\/span><\/p>\n<p data-fontsize=\"18\"><span data-preserver-spaces=\"true\"><b>ODJELJAK 18 \u2013 MJERODAVNO PRAVO<\/b><\/span><\/p>\n<p data-fontsize=\"18\"><span data-preserver-spaces=\"true\">Ovi Uvjeti pru\u017eanja usluge i svi posebni ugovori kojima vam pru\u017eamo usluge bit \u0107e ure\u0111eni i tuma\u010deni u skladu sa zakonima jurisdikcije u kojoj je na\u0161a tvrtka registrirana.<\/span><\/p>\n<p data-fontsize=\"18\"><span data-preserver-spaces=\"true\"> <\/span><\/p>\n<p data-fontsize=\"18\"><span data-preserver-spaces=\"true\"><b>ODJELJAK 19 \u2013 PROMJENE UVJETA USLUGE<\/b><\/span><\/p>\n<p data-fontsize=\"18\"><span data-preserver-spaces=\"true\">Najnoviju verziju Uvjeta pru\u017eanja usluge mo\u017eete pregledati u bilo kojem trenutku na ovoj stranici. Zadr\u017eavamo pravo, prema vlastitom naho\u0111enju, a\u017eurirati, promijeniti ili zamijeniti bilo koji dio ovih Uvjeta pru\u017eanja usluge objavljivanjem a\u017euriranja i promjena na na\u0161oj web stranici. <\/span><\/p>\n<p data-fontsize=\"18\"><span data-preserver-spaces=\"true\"> <\/span><\/p>\n<p data-fontsize=\"18\"><span data-preserver-spaces=\"true\"><b>ODJELJAK 20 \u2013 PODACI ZA KONTAKT<\/b><\/span><\/p>\n<p data-fontsize=\"18\"><span data-preserver-spaces=\"true\">Pitanja o Uvjetima usluge \u0161aljite nam na info@cmylead.com.<\/span><\/p>\n\t\t\t\t\t\t\t\t<\/div>\n\t\t\t\t<\/div>\n\t\t\t\t<div class=\"elementor-element elementor-element-26be6c1 elementor-widget elementor-widget-spacer\" data-id=\"26be6c1\" data-element_type=\"widget\" data-e-type=\"widget\" data-widget_type=\"spacer.default\">\n\t\t\t\t<div class=\"elementor-widget-container\">\n\t\t\t\t\t\t\t<div class=\"elementor-spacer\">\n\t\t\t<div class=\"elementor-spacer-inner\"><\/div>\n\t\t<\/div>\n\t\t\t\t\t\t<\/div>\n\t\t\t\t<\/div>\n\t\t\t\t\t<\/div>\n\t\t<\/div>\n\t\t\t\t\t<\/div>\n\t\t<\/section>\n\t\t\t\t<\/div>\n\t\t","protected":false},"excerpt":{"rendered":"<p>Uvjeti kori\u0161tenja ODJELJAK 1 \u2013 PREGLED Ovom web stranicom upravlja CMYLEAD. Na cijelom web mjestu izrazi &#8220;mi&#8221;, &#8220;nas&#8221; i &#8220;na\u0161&#8221; odnose se na CMYLEAD. CMYLEAD nudi ovu web stranicu, uklju\u010duju\u0107i sve informacije, alate i usluge dostupne s ove stranice vama, korisniku, pod uvjetom da prihva\u0107ate sve odredbe, uvjete, politike i obavijesti navedene ovdje. Posjetom na\u0161em [&hellip;]<\/p>\n","protected":false},"author":2,"featured_media":0,"parent":0,"menu_order":0,"comment_status":"closed","ping_status":"closed","template":"","meta":{"footnotes":""},"class_list":["post-3506","page","type-page","status-publish","hentry"],"_links":{"self":[{"href":"https:\/\/cmylead.com\/hr\/wp-json\/wp\/v2\/pages\/3506","targetHints":{"allow":["GET"]}}],"collection":[{"href":"https:\/\/cmylead.com\/hr\/wp-json\/wp\/v2\/pages"}],"about":[{"href":"https:\/\/cmylead.com\/hr\/wp-json\/wp\/v2\/types\/page"}],"author":[{"embeddable":true,"href":"https:\/\/cmylead.com\/hr\/wp-json\/wp\/v2\/users\/2"}],"replies":[{"embeddable":true,"href":"https:\/\/cmylead.com\/hr\/wp-json\/wp\/v2\/comments?post=3506"}],"version-history":[{"count":1,"href":"https:\/\/cmylead.com\/hr\/wp-json\/wp\/v2\/pages\/3506\/revisions"}],"predecessor-version":[{"id":3507,"href":"https:\/\/cmylead.com\/hr\/wp-json\/wp\/v2\/pages\/3506\/revisions\/3507"}],"wp:attachment":[{"href":"https:\/\/cmylead.com\/hr\/wp-json\/wp\/v2\/media?parent=3506"}],"curies":[{"name":"wp","href":"https:\/\/api.w.org\/{rel}","templated":true}]}}