{"id":3464,"date":"2024-10-31T17:35:35","date_gmt":"2024-10-31T17:35:35","guid":{"rendered":"https:\/\/cmylead.com\/adatvedelmi-szabalyzat\/"},"modified":"2024-11-11T16:52:47","modified_gmt":"2024-11-11T16:52:47","slug":"adatvedelmi-szabalyzat","status":"publish","type":"page","link":"https:\/\/cmylead.com\/hu\/adatvedelmi-szabalyzat\/","title":{"rendered":"Adatv\u00e9delmi szab\u00e1lyzat"},"content":{"rendered":"<style>.elementor-3464 .elementor-element.elementor-element-3438da73 > .elementor-background-overlay{background-color:var( --e-global-color-secondary );opacity:0.9;transition:background 0.3s, border-radius 0.3s, opacity 0.3s;}.elementor-3464 .elementor-element.elementor-element-3438da73 > .elementor-container{max-width:1200px;}.elementor-3464 .elementor-element.elementor-element-3438da73:not(.elementor-motion-effects-element-type-background), .elementor-3464 .elementor-element.elementor-element-3438da73 > .elementor-motion-effects-container > .elementor-motion-effects-layer{background-position:0% 10%;background-repeat:no-repeat;background-size:cover;}.elementor-3464 .elementor-element.elementor-element-3438da73{transition:background 0.3s, border 0.3s, border-radius 0.3s, box-shadow 0.3s;margin-top:-100px;margin-bottom:100px;padding:200px 0px 100px 0px;}.elementor-3464 .elementor-element.elementor-element-6d3af210{text-align:center;}.elementor-3464 .elementor-element.elementor-element-6d3af210 .elementor-heading-title{font-family:var( --e-global-typography-secondary-font-family ), Sans-serif;font-size:var( --e-global-typography-secondary-font-size );font-weight:var( --e-global-typography-secondary-font-weight );text-transform:var( --e-global-typography-secondary-text-transform );text-decoration:var( --e-global-typography-secondary-text-decoration );line-height:var( --e-global-typography-secondary-line-height );color:var( --e-global-color-827cd3a );}:root{--page-title-display:none;}@media(max-width:1024px){.elementor-3464 .elementor-element.elementor-element-3438da73:not(.elementor-motion-effects-element-type-background), .elementor-3464 .elementor-element.elementor-element-3438da73 > .elementor-motion-effects-container > .elementor-motion-effects-layer{background-position:0px 0px;}.elementor-3464 .elementor-element.elementor-element-3438da73{margin-top:-150px;margin-bottom:100px;padding:220px 0px 100px 0px;}.elementor-3464 .elementor-element.elementor-element-32bdeddb > .elementor-element-populated{margin:0px 0px 0px 0px;--e-column-margin-right:0px;--e-column-margin-left:0px;padding:0px 30px 0px 30px;}.elementor-3464 .elementor-element.elementor-element-6d3af210 .elementor-heading-title{font-size:var( --e-global-typography-secondary-font-size );line-height:var( --e-global-typography-secondary-line-height );}}@media(max-width:767px){.elementor-3464 .elementor-element.elementor-element-3438da73:not(.elementor-motion-effects-element-type-background), .elementor-3464 .elementor-element.elementor-element-3438da73 > .elementor-motion-effects-container > .elementor-motion-effects-layer{background-position:0px 0px;}.elementor-3464 .elementor-element.elementor-element-3438da73{margin-top:-150px;margin-bottom:100px;padding:220px 0px 100px 0px;}.elementor-3464 .elementor-element.elementor-element-32bdeddb > .elementor-element-populated{margin:0px 0px 0px 0px;--e-column-margin-right:0px;--e-column-margin-left:0px;padding:0px 20px 0px 20px;}.elementor-3464 .elementor-element.elementor-element-6d3af210 .elementor-heading-title{font-size:var( --e-global-typography-secondary-font-size );line-height:var( --e-global-typography-secondary-line-height );}}<\/style>\t\t<div data-elementor-type=\"wp-page\" data-elementor-id=\"3464\" class=\"elementor elementor-3464 elementor-1345\" data-elementor-post-type=\"page\">\n\t\t\t\t\t\t<section class=\"elementor-section elementor-top-section elementor-element elementor-element-3438da73 elementor-section-boxed elementor-section-height-default elementor-section-height-default\" data-id=\"3438da73\" data-element_type=\"section\" data-settings=\"{&quot;background_background&quot;:&quot;classic&quot;}\">\n\t\t\t\t\t\t\t<div class=\"elementor-background-overlay\"><\/div>\n\t\t\t\t\t\t\t<div class=\"elementor-container elementor-column-gap-default\">\n\t\t\t\t\t<div class=\"elementor-column elementor-col-100 elementor-top-column elementor-element elementor-element-32bdeddb\" data-id=\"32bdeddb\" data-element_type=\"column\">\n\t\t\t<div class=\"elementor-widget-wrap elementor-element-populated\">\n\t\t\t\t\t\t<div class=\"elementor-element elementor-element-6d3af210 elementor-widget elementor-widget-heading\" data-id=\"6d3af210\" data-element_type=\"widget\" data-widget_type=\"heading.default\">\n\t\t\t\t<div class=\"elementor-widget-container\">\n\t\t\t\t\t<h2 class=\"elementor-heading-title elementor-size-default\">Adatv\u00e9delmi szab\u00e1lyzat<\/h2>\t\t\t\t<\/div>\n\t\t\t\t<\/div>\n\t\t\t\t\t<\/div>\n\t\t<\/div>\n\t\t\t\t\t<\/div>\n\t\t<\/section>\n\t\t\t\t<section class=\"elementor-section elementor-top-section elementor-element elementor-element-fb8c355 elementor-section-boxed elementor-section-height-default elementor-section-height-default\" data-id=\"fb8c355\" data-element_type=\"section\">\n\t\t\t\t\t\t<div class=\"elementor-container elementor-column-gap-default\">\n\t\t\t\t\t<div class=\"elementor-column elementor-col-100 elementor-top-column elementor-element elementor-element-63313d6\" data-id=\"63313d6\" data-element_type=\"column\">\n\t\t\t<div class=\"elementor-widget-wrap elementor-element-populated\">\n\t\t\t\t\t\t<div class=\"elementor-element elementor-element-98a631c elementor-widget elementor-widget-text-editor\" data-id=\"98a631c\" data-element_type=\"widget\" data-widget_type=\"text-editor.default\">\n\t\t\t\t<div class=\"elementor-widget-container\">\n\t\t\t\t\t\t\t\t\t<h4 data-fontsize=\"24\"><span data-preserver-spaces=\"true\">A CmyLead, el\u00e9rhet\u0151 a <\/span><a href=\"https:\/\/cmylead.com\/\" target=\"_blank\" rel=\"noopener\" data-fontsize=\"24\">www.cmylead.com<\/a><span data-preserver-spaces=\"true\">, a legf\u0151bb priorit\u00e1sunk a felhaszn\u00e1l\u00f3ink mag\u00e1n\u00e9lete \u00e9s bizalma. Ez az adatv\u00e9delmi szab\u00e1lyzat ismerteti, hogy milyen t\u00edpus\u00fa inform\u00e1ci\u00f3kat gy\u0171jt\u00fcnk \u00e9s r\u00f6gz\u00edt\u00fcnk, \u00e9s hogyan haszn\u00e1ljuk fel azokat. <\/span><\/h4>\n<div><span data-preserver-spaces=\"true\"> <\/span><\/div>\n<p data-fontsize=\"18\"><span data-preserver-spaces=\"true\">Ha b\u00e1rmilyen k\u00e9rd\u00e9se van, vagy tov\u00e1bbi inform\u00e1ci\u00f3t szeretne kapni adatv\u00e9delmi szab\u00e1lyzatunkkal kapcsolatban, forduljon hozz\u00e1nk bizalommal.<\/span><\/p>\n<p data-fontsize=\"18\"><span data-preserver-spaces=\"true\">Ez az adatv\u00e9delmi szab\u00e1lyzat online tev\u00e9kenys\u00e9geinkre vonatkozik, \u00e9s a felhaszn\u00e1l\u00f3kra is \u00e9rv\u00e9nyes a CmyLeadben megosztott \u00e9s\/vagy gy\u0171jt\u00f6tt inform\u00e1ci\u00f3k tekintet\u00e9ben. Nem terjed ki az offline vagy a weboldalon k\u00edv\u00fcl m\u00e1s csatorn\u00e1kon kereszt\u00fcl gy\u0171jt\u00f6tt inform\u00e1ci\u00f3kra. Adatv\u00e9delmi szab\u00e1lyzatunk az ingyenes Adatv\u00e9delmi szab\u00e1lyzat-gener\u00e1tor seg\u00edts\u00e9g\u00e9vel k\u00e9sz\u00fclt.  <\/span><\/p>\n<p data-fontsize=\"18\"><span data-preserver-spaces=\"true\"><b>Hozz\u00e1j\u00e1rul\u00e1s<\/b><\/span><\/p>\n<p data-fontsize=\"18\"><span data-preserver-spaces=\"true\">Weboldalunk haszn\u00e1lat\u00e1val \u00d6n hozz\u00e1j\u00e1rul az Adatv\u00e9delmi szab\u00e1lyzatunkhoz \u00e9s elfogadja annak felt\u00e9teleit.<\/span><\/p>\n<p data-fontsize=\"18\"><span data-preserver-spaces=\"true\"><b>Az \u00e1ltalunk gy\u0171jt\u00f6tt inform\u00e1ci\u00f3k<\/b><\/span><\/p>\n<p data-fontsize=\"18\"><span data-preserver-spaces=\"true\">A k\u00e9r\u00e9skor vil\u00e1gosan elmagyar\u00e1zzuk, hogy mi\u00e9rt van sz\u00fcks\u00e9g\u00fcnk az \u00d6nt\u0151l k\u00e9rt szem\u00e9lyes adatokra.<\/span><\/p>\n<p data-fontsize=\"18\"><span data-preserver-spaces=\"true\">Ha k\u00f6zvetlen\u00fcl kapcsolatba l\u00e9p vel\u00fcnk, tov\u00e1bbi inform\u00e1ci\u00f3kat kaphatunk, p\u00e9ld\u00e1ul az \u00d6n nev\u00e9t, e-mail c\u00edm\u00e9t, telefonsz\u00e1m\u00e1t, az \u00d6n \u00e1ltal k\u00fcld\u00f6tt \u00fczenet vagy mell\u00e9kletek tartalm\u00e1t, valamint b\u00e1rmely m\u00e1s, \u00d6n \u00e1ltal megadott inform\u00e1ci\u00f3t.<\/span><\/p>\n<p data-fontsize=\"18\"><span data-preserver-spaces=\"true\">Amikor regisztr\u00e1l egy Fi\u00f3kra, k\u00e9rhetj\u00fck az \u00d6n el\u00e9rhet\u0151s\u00e9gi adatait, bele\u00e9rtve a nevet, a c\u00e9g nev\u00e9t, a c\u00edmet, az e-mail c\u00edmet \u00e9s a telefonsz\u00e1mot.<\/span><\/p>\n<p data-fontsize=\"18\"><span data-preserver-spaces=\"true\"><b>Hogyan haszn\u00e1ljuk fel az \u00d6n adatait?<\/b><\/span><\/p>\n<p data-fontsize=\"18\"><span data-preserver-spaces=\"true\">Az \u00e1ltalunk gy\u0171jt\u00f6tt inform\u00e1ci\u00f3kat sz\u00e1mos m\u00f3don haszn\u00e1ljuk fel, t\u00f6bbek k\u00f6z\u00f6tt:<\/span><\/p>\n<ul>\n<li><span data-preserver-spaces=\"true\">Weboldalunk biztos\u00edt\u00e1sa, m\u0171k\u00f6dtet\u00e9se \u00e9s karbantart\u00e1sa<\/span><\/li>\n<li><span data-preserver-spaces=\"true\">Weboldalunk jav\u00edt\u00e1sa, szem\u00e9lyre szab\u00e1sa \u00e9s b\u0151v\u00edt\u00e9se<\/span><\/li>\n<li><span data-preserver-spaces=\"true\">Meg\u00e9rtj\u00fck \u00e9s elemezz\u00fck a weboldalunk \u00d6n \u00e1ltali haszn\u00e1lat\u00e1t<\/span><\/li>\n<li><span data-preserver-spaces=\"true\">\u00daj term\u00e9kek, szolg\u00e1ltat\u00e1sok, funkci\u00f3k \u00e9s funkci\u00f3k kifejleszt\u00e9se<\/span><\/li>\n<li><span data-preserver-spaces=\"true\">K\u00f6zvetlen\u00fcl vagy partnereken kereszt\u00fcl kommunik\u00e1lni \u00d6nnel, t\u00f6bbek k\u00f6z\u00f6tt \u00fcgyf\u00e9lszolg\u00e1lat, friss\u00edt\u00e9sek \u00e9s egy\u00e9b, a weboldalhoz kapcsol\u00f3d\u00f3 inform\u00e1ci\u00f3k, valamint marketing- \u00e9s prom\u00f3ci\u00f3s c\u00e9lokra.<\/span><\/li>\n<li><span data-preserver-spaces=\"true\">E-maileket k\u00fcldeni<\/span><\/li>\n<li><span data-preserver-spaces=\"true\">A csal\u00e1s felder\u00edt\u00e9se \u00e9s megel\u0151z\u00e9se\n<p><\/span><\/li>\n<\/ul>\n<p data-fontsize=\"18\"><span data-preserver-spaces=\"true\"><b>Napl\u00f3f\u00e1jlok<\/b><\/span><\/p>\n<p data-fontsize=\"18\"><span data-preserver-spaces=\"true\">A CmyLead a napl\u00f3f\u00e1jlok haszn\u00e1lat\u00e1nak szabv\u00e1nyos elj\u00e1r\u00e1s\u00e1t k\u00f6veti, mint minden t\u00e1rhelyszolg\u00e1ltat\u00f3 c\u00e9g. Ezek a napl\u00f3f\u00e1jlok nyomon k\u00f6vetik a l\u00e1togat\u00f3kat, amikor azok weboldalakat l\u00e1togatnak. Az \u00f6sszegy\u0171jt\u00f6tt adatok tartalmazhatj\u00e1k az IP-c\u00edmeket, a b\u00f6ng\u00e9sz\u0151 t\u00edpus\u00e1t, az internetszolg\u00e1ltat\u00f3t (ISP), a d\u00e1tum- \u00e9s id\u0151b\u00e9lyegeket, a hivatkoz\u00f3\/kil\u00e9p\u0151 oldalakat, valamint potenci\u00e1lisan a kattint\u00e1sok sz\u00e1m\u00e1t. Ezek az inform\u00e1ci\u00f3k nem kapcsol\u00f3dnak semmilyen szem\u00e9lyazonos\u00edt\u00e1sra alkalmas adathoz, \u00e9s a trendek elemz\u00e9s\u00e9re, a webhely kezel\u00e9s\u00e9re, a felhaszn\u00e1l\u00f3k mozg\u00e1s\u00e1nak nyomon k\u00f6vet\u00e9s\u00e9re \u00e9s demogr\u00e1fiai adatok gy\u0171jt\u00e9s\u00e9re szolg\u00e1lnak.   <\/p>\n<p><\/span><\/p>\n<p data-fontsize=\"18\"><span data-preserver-spaces=\"true\"><b>Harmadik f\u00e9l adatv\u00e9delmi ir\u00e1nyelvei<\/b><\/span><\/p>\n<p data-fontsize=\"18\"><span data-preserver-spaces=\"true\">A CmyLead adatv\u00e9delmi ir\u00e1nyelvei nem vonatkoznak m\u00e1s hirdet\u0151kre vagy webhelyekre. Ez\u00e9rt javasoljuk, hogy tekintse \u00e1t a harmadik f\u00e9l hirdet\u00e9skiszolg\u00e1l\u00f3k adatv\u00e9delmi szab\u00e1lyzat\u00e1t, ahol r\u00e9szletesebb inform\u00e1ci\u00f3kat kaphat azok gyakorlat\u00e1r\u00f3l, valamint utas\u00edt\u00e1sokat kaphat bizonyos opci\u00f3k letilt\u00e1s\u00e1ra vonatkoz\u00f3an. <\/p>\n<p><\/span><\/p>\n<p data-fontsize=\"18\"><span data-preserver-spaces=\"true\"><b>GDPR Adatv\u00e9delmi jogok<\/b><\/span><\/p>\n<p data-fontsize=\"18\"><span data-preserver-spaces=\"true\">Szeretn\u00e9nk biztos\u00edtani, hogy \u00d6n teljes m\u00e9rt\u00e9kben tiszt\u00e1ban legyen az \u00f6sszes adatv\u00e9delmi jog\u00e1val. Minden felhaszn\u00e1l\u00f3 jogosult a k\u00f6vetkez\u0151kre: <\/span><\/p>\n<ul>\n<li><span data-preserver-spaces=\"true\">Hozz\u00e1f\u00e9r\u00e9si jog &#8211; \u00d6n k\u00e9rheti szem\u00e9lyes adatainak m\u00e1solat\u00e1t. Ez\u00e9rt a szolg\u00e1ltat\u00e1s\u00e9rt csek\u00e9ly d\u00edjat sz\u00e1m\u00edthatunk fel. <\/span><\/li>\n<li><span data-preserver-spaces=\"true\">Helyesb\u00edt\u00e9shez val\u00f3 jog &#8211; \u00d6n k\u00e9rheti, hogy helyesb\u00edts\u00fcnk minden olyan adatot, amely \u00d6n szerint pontatlan. Azt is k\u00e9rheti, hogy eg\u00e9sz\u00edts\u00fck ki az \u00d6n szerint hi\u00e1nyos inform\u00e1ci\u00f3kat. <\/span><\/li>\n<li><span data-preserver-spaces=\"true\">T\u00f6rl\u00e9shez val\u00f3 jog &#8211; \u00d6n bizonyos felt\u00e9telek mellett k\u00e9rheti t\u0151l\u00fcnk szem\u00e9lyes adatainak t\u00f6rl\u00e9s\u00e9t.<\/span><\/li>\n<li><span data-preserver-spaces=\"true\">A feldolgoz\u00e1s korl\u00e1toz\u00e1s\u00e1hoz val\u00f3 jog &#8211; \u00d6n k\u00e9rheti t\u0151l\u00fcnk, hogy bizonyos felt\u00e9telek mellett korl\u00e1tozzuk szem\u00e9lyes adatainak feldolgoz\u00e1s\u00e1t.<\/span><\/li>\n<li><span data-preserver-spaces=\"true\">A feldolgoz\u00e1s elleni tiltakoz\u00e1shoz val\u00f3 jog &#8211; \u00d6n meghat\u00e1rozott felt\u00e9telek mellett tiltakozhat szem\u00e9lyes adatainak feldolgoz\u00e1sa ellen.<\/span><\/li>\n<li><span data-preserver-spaces=\"true\">Az adathordozhat\u00f3s\u00e1ghoz val\u00f3 jog &#8211; \u00d6n k\u00e9rheti, hogy bizonyos felt\u00e9telek mellett tov\u00e1bb\u00edtsuk adatait egy m\u00e1sik szervezetnek vagy k\u00f6zvetlen\u00fcl \u00d6nnek.<br \/><b><br \/><\/b><\/span><\/li>\n<\/ul>\n<p data-fontsize=\"18\"><span data-preserver-spaces=\"true\"><b>Gyermekinform\u00e1ci\u00f3k<\/b><\/span><\/p>\n<p data-fontsize=\"18\"><span data-preserver-spaces=\"true\">K\u00fcl\u00f6n\u00f6sen fontos sz\u00e1munkra a gyermekek v\u00e9delme az internethaszn\u00e1lat sor\u00e1n. Arra b\u00e1tor\u00edtjuk a sz\u00fcl\u0151ket \u00e9s a gy\u00e1mokat, hogy k\u00f6vess\u00e9k figyelemmel gyermekeik online tev\u00e9kenys\u00e9g\u00e9t. <\/span><\/p>\n<p data-fontsize=\"18\"><span data-preserver-spaces=\"true\">A Cmycard tudatosan nem gy\u0171jt szem\u00e9lyes azonos\u00edthat\u00f3 adatokat 13 \u00e9v alatti gyermekekt\u0151l.Ha \u00fagy gondolja, hogy gyermeke ilyen jelleg\u0171 inform\u00e1ci\u00f3kat adott meg a weboldalunkon, javasoljuk, hogy azonnal l\u00e9pjen kapcsolatba vel\u00fcnk, \u00e9s mi mindent megtesz\u00fcnk annak \u00e9rdek\u00e9ben, hogy az ilyen adatokat azonnal elt\u00e1vol\u00edtsuk a nyilv\u00e1ntart\u00e1sunkb\u00f3l. <\/span><\/p>\n\t\t\t\t\t\t\t\t<\/div>\n\t\t\t\t<\/div>\n\t\t\t\t\t<\/div>\n\t\t<\/div>\n\t\t\t\t\t<\/div>\n\t\t<\/section>\n\t\t\t\t<\/div>\n\t\t","protected":false},"excerpt":{"rendered":"<p>Adatv\u00e9delmi szab\u00e1lyzat A CmyLead, el\u00e9rhet\u0151 a www.cmylead.com, a legf\u0151bb priorit\u00e1sunk a felhaszn\u00e1l\u00f3ink mag\u00e1n\u00e9lete \u00e9s bizalma. Ez az adatv\u00e9delmi szab\u00e1lyzat ismerteti, hogy milyen t\u00edpus\u00fa inform\u00e1ci\u00f3kat gy\u0171jt\u00fcnk \u00e9s r\u00f6gz\u00edt\u00fcnk, \u00e9s hogyan haszn\u00e1ljuk fel azokat. Ha b\u00e1rmilyen k\u00e9rd\u00e9se van, vagy tov\u00e1bbi inform\u00e1ci\u00f3t szeretne kapni adatv\u00e9delmi szab\u00e1lyzatunkkal kapcsolatban, forduljon hozz\u00e1nk bizalommal. Ez az adatv\u00e9delmi szab\u00e1lyzat online tev\u00e9kenys\u00e9geinkre vonatkozik, \u00e9s [&hellip;]<\/p>\n","protected":false},"author":1,"featured_media":0,"parent":0,"menu_order":0,"comment_status":"closed","ping_status":"closed","template":"","meta":{"footnotes":""},"class_list":["post-3464","page","type-page","status-publish","hentry"],"_links":{"self":[{"href":"https:\/\/cmylead.com\/hu\/wp-json\/wp\/v2\/pages\/3464","targetHints":{"allow":["GET"]}}],"collection":[{"href":"https:\/\/cmylead.com\/hu\/wp-json\/wp\/v2\/pages"}],"about":[{"href":"https:\/\/cmylead.com\/hu\/wp-json\/wp\/v2\/types\/page"}],"author":[{"embeddable":true,"href":"https:\/\/cmylead.com\/hu\/wp-json\/wp\/v2\/users\/1"}],"replies":[{"embeddable":true,"href":"https:\/\/cmylead.com\/hu\/wp-json\/wp\/v2\/comments?post=3464"}],"version-history":[{"count":1,"href":"https:\/\/cmylead.com\/hu\/wp-json\/wp\/v2\/pages\/3464\/revisions"}],"predecessor-version":[{"id":3465,"href":"https:\/\/cmylead.com\/hu\/wp-json\/wp\/v2\/pages\/3464\/revisions\/3465"}],"wp:attachment":[{"href":"https:\/\/cmylead.com\/hu\/wp-json\/wp\/v2\/media?parent=3464"}],"curies":[{"name":"wp","href":"https:\/\/api.w.org\/{rel}","templated":true}]}}