{"id":3514,"date":"2024-10-31T17:37:39","date_gmt":"2024-10-31T17:37:39","guid":{"rendered":"https:\/\/cmylead.com\/webalkalmazas-biztonsagi-szabalyzat\/"},"modified":"2024-11-11T17:01:26","modified_gmt":"2024-11-11T17:01:26","slug":"webalkalmazas-biztonsagi-szabalyzat","status":"publish","type":"page","link":"https:\/\/cmylead.com\/hu\/webalkalmazas-biztonsagi-szabalyzat\/","title":{"rendered":"Webalkalmaz\u00e1s-biztons\u00e1gi szab\u00e1lyzat"},"content":{"rendered":"<style>.elementor-3514 .elementor-element.elementor-element-3438da73 > .elementor-background-overlay{background-color:var( --e-global-color-secondary );opacity:0.9;transition:background 0.3s, border-radius 0.3s, opacity 0.3s;}.elementor-3514 .elementor-element.elementor-element-3438da73 > .elementor-container{max-width:1200px;}.elementor-3514 .elementor-element.elementor-element-3438da73:not(.elementor-motion-effects-element-type-background), .elementor-3514 .elementor-element.elementor-element-3438da73 > .elementor-motion-effects-container > .elementor-motion-effects-layer{background-position:0% 10%;background-repeat:no-repeat;background-size:cover;}.elementor-3514 .elementor-element.elementor-element-3438da73{transition:background 0.3s, border 0.3s, border-radius 0.3s, box-shadow 0.3s;margin-top:-100px;margin-bottom:100px;padding:200px 0px 100px 0px;}.elementor-3514 .elementor-element.elementor-element-6d3af210{text-align:center;}.elementor-3514 .elementor-element.elementor-element-6d3af210 .elementor-heading-title{font-family:var( --e-global-typography-secondary-font-family ), Sans-serif;font-size:var( --e-global-typography-secondary-font-size );font-weight:var( --e-global-typography-secondary-font-weight );text-transform:var( --e-global-typography-secondary-text-transform );text-decoration:var( --e-global-typography-secondary-text-decoration );line-height:var( --e-global-typography-secondary-line-height );color:var( --e-global-color-827cd3a );}:root{--page-title-display:none;}@media(max-width:1024px){.elementor-3514 .elementor-element.elementor-element-3438da73:not(.elementor-motion-effects-element-type-background), .elementor-3514 .elementor-element.elementor-element-3438da73 > .elementor-motion-effects-container > .elementor-motion-effects-layer{background-position:0px 0px;}.elementor-3514 .elementor-element.elementor-element-3438da73{margin-top:-150px;margin-bottom:100px;padding:220px 0px 100px 0px;}.elementor-3514 .elementor-element.elementor-element-32bdeddb > .elementor-element-populated{margin:0px 0px 0px 0px;--e-column-margin-right:0px;--e-column-margin-left:0px;padding:0px 30px 0px 30px;}.elementor-3514 .elementor-element.elementor-element-6d3af210 .elementor-heading-title{font-size:var( --e-global-typography-secondary-font-size );line-height:var( --e-global-typography-secondary-line-height );}}@media(max-width:767px){.elementor-3514 .elementor-element.elementor-element-3438da73:not(.elementor-motion-effects-element-type-background), .elementor-3514 .elementor-element.elementor-element-3438da73 > .elementor-motion-effects-container > .elementor-motion-effects-layer{background-position:0px 0px;}.elementor-3514 .elementor-element.elementor-element-3438da73{margin-top:-150px;margin-bottom:100px;padding:220px 0px 100px 0px;}.elementor-3514 .elementor-element.elementor-element-32bdeddb > .elementor-element-populated{margin:0px 0px 0px 0px;--e-column-margin-right:0px;--e-column-margin-left:0px;padding:0px 20px 0px 20px;}.elementor-3514 .elementor-element.elementor-element-6d3af210 .elementor-heading-title{font-size:var( --e-global-typography-secondary-font-size );line-height:var( --e-global-typography-secondary-line-height );}}<\/style>\t\t<div data-elementor-type=\"wp-page\" data-elementor-id=\"3514\" class=\"elementor elementor-3514 elementor-1350\" data-elementor-post-type=\"page\">\n\t\t\t\t\t\t<section class=\"elementor-section elementor-top-section elementor-element elementor-element-3438da73 elementor-section-boxed elementor-section-height-default elementor-section-height-default\" data-id=\"3438da73\" data-element_type=\"section\" data-settings=\"{&quot;background_background&quot;:&quot;classic&quot;}\">\n\t\t\t\t\t\t\t<div class=\"elementor-background-overlay\"><\/div>\n\t\t\t\t\t\t\t<div class=\"elementor-container elementor-column-gap-default\">\n\t\t\t\t\t<div class=\"elementor-column elementor-col-100 elementor-top-column elementor-element elementor-element-32bdeddb\" data-id=\"32bdeddb\" data-element_type=\"column\">\n\t\t\t<div class=\"elementor-widget-wrap elementor-element-populated\">\n\t\t\t\t\t\t<div class=\"elementor-element elementor-element-6d3af210 elementor-widget elementor-widget-heading\" data-id=\"6d3af210\" data-element_type=\"widget\" data-widget_type=\"heading.default\">\n\t\t\t\t<div class=\"elementor-widget-container\">\n\t\t\t\t\t<h2 class=\"elementor-heading-title elementor-size-default\">Webalkalmaz\u00e1s-biztons\u00e1gi szab\u00e1lyzat<\/h2>\t\t\t\t<\/div>\n\t\t\t\t<\/div>\n\t\t\t\t\t<\/div>\n\t\t<\/div>\n\t\t\t\t\t<\/div>\n\t\t<\/section>\n\t\t\t\t<section class=\"elementor-section elementor-top-section elementor-element elementor-element-fb8c355 elementor-section-boxed elementor-section-height-default elementor-section-height-default\" data-id=\"fb8c355\" data-element_type=\"section\">\n\t\t\t\t\t\t<div class=\"elementor-container elementor-column-gap-default\">\n\t\t\t\t\t<div class=\"elementor-column elementor-col-100 elementor-top-column elementor-element elementor-element-63313d6\" data-id=\"63313d6\" data-element_type=\"column\">\n\t\t\t<div class=\"elementor-widget-wrap elementor-element-populated\">\n\t\t\t\t\t\t<div class=\"elementor-element elementor-element-98a631c elementor-widget elementor-widget-text-editor\" data-id=\"98a631c\" data-element_type=\"widget\" data-widget_type=\"text-editor.default\">\n\t\t\t\t<div class=\"elementor-widget-container\">\n\t\t\t\t\t\t\t\t\t<p data-fontsize=\"16\">\u00dcdv\u00f6z\u00f6lj\u00fck webes alkalmaz\u00e1sunkban! Elk\u00f6telezettek vagyunk a felhaszn\u00e1l\u00f3ink biztons\u00e1g\u00e1nak \u00e9s adatv\u00e9delm\u00e9nek garant\u00e1l\u00e1sa ir\u00e1nt. Az al\u00e1bbiakban bemutatjuk az \u00d6n adatainak v\u00e9delme \u00e9rdek\u00e9ben bevezetett legfontosabb biztons\u00e1gi int\u00e9zked\u00e9seket.  <\/p>\n<p data-fontsize=\"16\"><strong>Bemeneti \u00e9rv\u00e9nyes\u00edt\u00e9s<\/strong><\/p>\n<ul class=\"wp-block-list\">\n<li><strong>A bemenet tiszt\u00edt\u00e1sa \u00e9s hiteles\u00edt\u00e9se:<\/strong> A biztons\u00e1gi fenyeget\u00e9sek, p\u00e9ld\u00e1ul az SQL-injekci\u00f3 \u00e9s a cross-site scripting (XSS) megel\u0151z\u00e9se \u00e9rdek\u00e9ben biztos\u00edtjuk, hogy minden felhaszn\u00e1l\u00f3i bemenet megfelel\u0151en szan\u00e1l\u00e1sra \u00e9s valid\u00e1l\u00e1sra ker\u00fclj\u00f6n.<\/li>\n<li><strong>Elk\u00e9sz\u00edtett nyilatkozatok:<\/strong> A biztons\u00e1g n\u00f6vel\u00e9se \u00e9rdek\u00e9ben el\u0151k\u00e9sz\u00edtett utas\u00edt\u00e1sokat haszn\u00e1lunk az adatb\u00e1zisokkal val\u00f3 interakci\u00f3khoz.<\/li>\n<\/ul>\n<p data-fontsize=\"16\"><strong>Hiteles\u00edt\u00e9s \u00e9s enged\u00e9lyez\u00e9s<\/strong><\/p>\n<ul class=\"wp-block-list\">\n<li><strong>Er\u0151s jelszavak:<\/strong> A fi\u00f3kja v\u00e9delme \u00e9rdek\u00e9ben er\u0151s jelsz\u00f3szab\u00e1lyzatot alkalmazunk.<\/li>\n<li><strong>K\u00e9tfaktoros hiteles\u00edt\u00e9s (2FA):<\/strong> 2FA-t k\u00edn\u00e1lunk a tov\u00e1bbi biztons\u00e1g \u00e9rdek\u00e9ben.<\/li>\n<li><strong>Szerepk\u00f6r-alap\u00fa hozz\u00e1f\u00e9r\u00e9s-szab\u00e1lyoz\u00e1s (RBAC):<\/strong> Az er\u0151forr\u00e1sokhoz val\u00f3 hozz\u00e1f\u00e9r\u00e9s a felhaszn\u00e1l\u00f3i szerepk\u00f6r\u00f6k alapj\u00e1n korl\u00e1tozott.<\/li>\n<\/ul>\n<p data-fontsize=\"16\"><strong>Munkamenet-kezel\u00e9s<\/strong><\/p>\n<ul class=\"wp-block-list\">\n<li><strong>Biztons\u00e1gos munkamenet-azonos\u00edt\u00f3k:<\/strong> Biztons\u00e1gos s\u00fctikben t\u00e1rolt, biztons\u00e1gos, v\u00e9letlenszer\u0171en gener\u00e1lt munkamenet-azonos\u00edt\u00f3kat haszn\u00e1lunk.<\/li>\n<li><strong>Munkamenet id\u0151korl\u00e1t:<\/strong> A felhaszn\u00e1l\u00f3k automatikusan kijelentkeznek egy bizonyos inaktivit\u00e1si id\u0151szak ut\u00e1n.<\/li>\n<li><strong>Munkamenet elt\u00e9r\u00edt\u00e9s megel\u0151z\u00e9se:<\/strong> A munkamenet-azonos\u00edt\u00f3kat rendszeresen regener\u00e1ljuk, k\u00fcl\u00f6n\u00f6sen bejelentkez\u00e9s ut\u00e1n.<\/li>\n<\/ul>\n<p data-fontsize=\"16\"><strong>Adatv\u00e9delem<\/strong><\/p>\n<ul class=\"wp-block-list\">\n<li><strong>Titkos\u00edt\u00e1s:<\/strong> Titkos\u00edtjuk az \u00e9rz\u00e9keny adatokat sz\u00e1ll\u00edt\u00e1s k\u00f6zben \u00e9s nyugalmi \u00e1llapotban is.<\/li>\n<li><strong>Jelsz\u00f3hashing:<\/strong> A jelszavak t\u00e1rol\u00e1sa er\u0151s, egyir\u00e1ny\u00fa hashing algoritmusok seg\u00edts\u00e9g\u00e9vel t\u00f6rt\u00e9nik.<\/li>\n<\/ul>\n<p data-fontsize=\"16\"><strong>Hibakezel\u00e9s \u00e9s napl\u00f3z\u00e1s<\/strong><\/p>\n<ul class=\"wp-block-list\">\n<li><strong>\u00c1ltal\u00e1nos hiba\u00fczenetek:<\/strong> \u00c1ltal\u00e1nos hiba\u00fczeneteket jelen\u00edt\u00fcnk meg az inform\u00e1ci\u00f3 kisziv\u00e1rg\u00e1sa elleni v\u00e9delem \u00e9rdek\u00e9ben.<\/li>\n<li><strong>R\u00e9szletes napl\u00f3z\u00e1s:<\/strong> A hib\u00e1k napl\u00f3z\u00e1sa r\u00e9szletes inform\u00e1ci\u00f3kkal egy biztons\u00e1gos helyen t\u00f6rt\u00e9nik.<\/li>\n<li><strong>Napl\u00f3figyel\u00e9s:<\/strong> Rendszeresen figyelj\u00fck a napl\u00f3f\u00e1jlokat a gyan\u00fas tev\u00e9kenys\u00e9gek szempontj\u00e1b\u00f3l.<\/li>\n<\/ul>\n<p data-fontsize=\"16\"><strong>Biztons\u00e1gos k\u00f3dol\u00e1si gyakorlatok<\/strong><\/p>\n<ul class=\"wp-block-list\">\n<li><strong>K\u00f3dellen\u0151rz\u00e9s:<\/strong> Rendszeres k\u00f3dvizsg\u00e1latokat v\u00e9geznek a sebezhet\u0151s\u00e9gek azonos\u00edt\u00e1sa \u00e9s jav\u00edt\u00e1sa \u00e9rdek\u00e9ben.<\/li>\n<li><strong>Biztons\u00e1gi k\u00e9pz\u00e9s:<\/strong> Fejleszt\u0151ink folyamatos biztons\u00e1gi k\u00e9pz\u00e9sben r\u00e9szes\u00fclnek.<\/li>\n<li><strong>Biztons\u00e1gi k\u00f6nyvt\u00e1rak:<\/strong> J\u00f3l karbantartott biztons\u00e1gi k\u00f6nyvt\u00e1rakat \u00e9s keretrendszereket haszn\u00e1lunk.<\/li>\n<\/ul>\n<p data-fontsize=\"16\"><strong>Konfigur\u00e1ci\u00f3kezel\u00e9s<\/strong><\/p>\n<ul class=\"wp-block-list\">\n<li><strong>Minim\u00e1lis jogosults\u00e1gok:<\/strong> Az alkalmaz\u00e1sok a legkevesebb sz\u00fcks\u00e9ges jogosults\u00e1ggal futnak.<\/li>\n<li><strong>Biztons\u00e1gos konfigur\u00e1ci\u00f3:<\/strong> Szervereinket biztons\u00e1gosan konfigur\u00e1ljuk \u00e9s rendszeresen friss\u00edtj\u00fck.<\/li>\n<li><strong>Sz\u00fcks\u00e9gtelen funkci\u00f3k letilt\u00e1sa:<\/strong> A kock\u00e1zat cs\u00f6kkent\u00e9se \u00e9rdek\u00e9ben a nem haszn\u00e1lt szolg\u00e1ltat\u00e1sok \u00e9s \u00f6sszetev\u0151k letilt\u00e1sra ker\u00fclnek.<\/li>\n<\/ul>\n<p data-fontsize=\"16\"><strong>Rendszeres biztons\u00e1gi tesztel\u00e9s<\/strong><\/p>\n<ul class=\"wp-block-list\">\n<li><strong>Sebezhet\u0151s\u00e9gi vizsg\u00e1lat:<\/strong> A biztons\u00e1gi hi\u00e1nyoss\u00e1gok azonos\u00edt\u00e1sa \u00e9rdek\u00e9ben rendszeres vizsg\u00e1latokat v\u00e9geznek.<\/li>\n<li><strong>Behatol\u00e1svizsg\u00e1lat:<\/strong> Rendszeres behatol\u00e1svizsg\u00e1latokat v\u00e9gz\u00fcnk a biztons\u00e1gunk \u00e9rt\u00e9kel\u00e9se \u00e9rdek\u00e9ben.<\/li>\n<li><strong>Foltkezel\u00e9s:<\/strong> Biztons\u00e1gi jav\u00edt\u00e1sok \u00e9s friss\u00edt\u00e9sek azonnali alkalmaz\u00e1sa.<\/li>\n<\/ul>\n<p data-fontsize=\"16\"><strong>Incidensre adott v\u00e1lasz<\/strong><\/p>\n<ul class=\"wp-block-list\">\n<li><strong>Incidensreag\u00e1l\u00e1si terv:<\/strong> R\u00e9szletes tervvel rendelkez\u00fcnk a biztons\u00e1gi r\u00e9sekre val\u00f3 reag\u00e1l\u00e1sra.<\/li>\n<li><strong>Rendszeres gyakorlatok:<\/strong> A felk\u00e9sz\u00fclts\u00e9g biztos\u00edt\u00e1sa \u00e9rdek\u00e9ben incidensekre reag\u00e1l\u00f3 gyakorlatokat tartanak.<\/li>\n<\/ul>\n<p data-fontsize=\"16\"><strong>Megfelel\u00e9s \u00e9s jogi k\u00f6vetelm\u00e9nyek<\/strong><\/p>\n<ul class=\"wp-block-list\">\n<li><strong>Adatv\u00e9delmi t\u00f6rv\u00e9nyek:<\/strong> Megfelel\u00fcnk a vonatkoz\u00f3 adatv\u00e9delmi t\u00f6rv\u00e9nyeknek \u00e9s rendeleteknek.<\/li>\n<li><strong>Ipari szabv\u00e1nyok:<\/strong> OWASP Top Ten: Betartjuk az ipar\u00e1gi szabv\u00e1nyokat \u00e9s a legjobb gyakorlatokat, p\u00e9ld\u00e1ul az OWASP Top Ten-t.<\/li>\n<\/ul>\n<p data-fontsize=\"16\"><strong>A politika fel\u00fclvizsg\u00e1lata<\/strong><\/p>\n<p data-fontsize=\"16\">Biztons\u00e1gi politik\u00e1nkat \u00e9vente vagy minden jelent\u0151s biztons\u00e1gi incidenst k\u00f6vet\u0151en fel\u00fclvizsg\u00e1ljuk, hogy biztos\u00edtsuk annak hat\u00e9konys\u00e1g\u00e1t.<\/p>\n<p data-fontsize=\"16\">K\u00f6sz\u00f6nj\u00fck, hogy r\u00e1nk b\u00edzza adatait. Elk\u00f6telezettek vagyunk a legmagasabb biztons\u00e1gi el\u0151\u00edr\u00e1sok betart\u00e1sa mellett, hogy megv\u00e9dj\u00fck az \u00d6n adatait. <\/p>\n\t\t\t\t\t\t\t\t<\/div>\n\t\t\t\t<\/div>\n\t\t\t\t\t<\/div>\n\t\t<\/div>\n\t\t\t\t\t<\/div>\n\t\t<\/section>\n\t\t\t\t<\/div>\n\t\t","protected":false},"excerpt":{"rendered":"<p>Webalkalmaz\u00e1s-biztons\u00e1gi szab\u00e1lyzat \u00dcdv\u00f6z\u00f6lj\u00fck webes alkalmaz\u00e1sunkban! Elk\u00f6telezettek vagyunk a felhaszn\u00e1l\u00f3ink biztons\u00e1g\u00e1nak \u00e9s adatv\u00e9delm\u00e9nek garant\u00e1l\u00e1sa ir\u00e1nt. Az al\u00e1bbiakban bemutatjuk az \u00d6n adatainak v\u00e9delme \u00e9rdek\u00e9ben bevezetett legfontosabb biztons\u00e1gi int\u00e9zked\u00e9seket. Bemeneti \u00e9rv\u00e9nyes\u00edt\u00e9s A bemenet tiszt\u00edt\u00e1sa \u00e9s hiteles\u00edt\u00e9se: A biztons\u00e1gi fenyeget\u00e9sek, p\u00e9ld\u00e1ul az SQL-injekci\u00f3 \u00e9s a cross-site scripting (XSS) megel\u0151z\u00e9se \u00e9rdek\u00e9ben biztos\u00edtjuk, hogy minden felhaszn\u00e1l\u00f3i bemenet megfelel\u0151en szan\u00e1l\u00e1sra \u00e9s valid\u00e1l\u00e1sra [&hellip;]<\/p>\n","protected":false},"author":1,"featured_media":0,"parent":0,"menu_order":0,"comment_status":"closed","ping_status":"closed","template":"","meta":{"footnotes":""},"class_list":["post-3514","page","type-page","status-publish","hentry"],"_links":{"self":[{"href":"https:\/\/cmylead.com\/hu\/wp-json\/wp\/v2\/pages\/3514","targetHints":{"allow":["GET"]}}],"collection":[{"href":"https:\/\/cmylead.com\/hu\/wp-json\/wp\/v2\/pages"}],"about":[{"href":"https:\/\/cmylead.com\/hu\/wp-json\/wp\/v2\/types\/page"}],"author":[{"embeddable":true,"href":"https:\/\/cmylead.com\/hu\/wp-json\/wp\/v2\/users\/1"}],"replies":[{"embeddable":true,"href":"https:\/\/cmylead.com\/hu\/wp-json\/wp\/v2\/comments?post=3514"}],"version-history":[{"count":1,"href":"https:\/\/cmylead.com\/hu\/wp-json\/wp\/v2\/pages\/3514\/revisions"}],"predecessor-version":[{"id":3515,"href":"https:\/\/cmylead.com\/hu\/wp-json\/wp\/v2\/pages\/3514\/revisions\/3515"}],"wp:attachment":[{"href":"https:\/\/cmylead.com\/hu\/wp-json\/wp\/v2\/media?parent=3514"}],"curies":[{"name":"wp","href":"https:\/\/api.w.org\/{rel}","templated":true}]}}