{"id":3560,"date":"2024-10-31T17:30:15","date_gmt":"2024-10-31T17:30:15","guid":{"rendered":"https:\/\/cmylead.com\/condizioni-duso\/"},"modified":"2024-11-11T18:28:34","modified_gmt":"2024-11-11T18:28:34","slug":"condizioni-duso","status":"publish","type":"page","link":"https:\/\/cmylead.com\/it\/condizioni-duso\/","title":{"rendered":"Condizioni d&#8217;uso"},"content":{"rendered":"<style>.elementor-3560 .elementor-element.elementor-element-3438da73 > .elementor-background-overlay{background-color:var( --e-global-color-secondary );opacity:0.9;transition:background 0.3s, border-radius 0.3s, opacity 0.3s;}.elementor-3560 .elementor-element.elementor-element-3438da73 > .elementor-container{max-width:1200px;}.elementor-3560 .elementor-element.elementor-element-3438da73:not(.elementor-motion-effects-element-type-background), .elementor-3560 .elementor-element.elementor-element-3438da73 > .elementor-motion-effects-container > .elementor-motion-effects-layer{background-position:0% 10%;background-repeat:no-repeat;background-size:cover;}.elementor-3560 .elementor-element.elementor-element-3438da73{transition:background 0.3s, border 0.3s, border-radius 0.3s, box-shadow 0.3s;margin-top:-100px;margin-bottom:100px;padding:200px 0px 100px 0px;}.elementor-3560 .elementor-element.elementor-element-6d3af210{text-align:center;}.elementor-3560 .elementor-element.elementor-element-6d3af210 .elementor-heading-title{font-family:var( --e-global-typography-secondary-font-family ), Sans-serif;font-size:var( --e-global-typography-secondary-font-size );font-weight:var( --e-global-typography-secondary-font-weight );text-transform:var( --e-global-typography-secondary-text-transform );text-decoration:var( --e-global-typography-secondary-text-decoration );line-height:var( --e-global-typography-secondary-line-height );color:var( --e-global-color-827cd3a );}.elementor-3560 .elementor-element.elementor-element-26be6c1{--spacer-size:50px;}:root{--page-title-display:none;}@media(max-width:1024px){.elementor-3560 .elementor-element.elementor-element-3438da73:not(.elementor-motion-effects-element-type-background), .elementor-3560 .elementor-element.elementor-element-3438da73 > .elementor-motion-effects-container > .elementor-motion-effects-layer{background-position:0px 0px;}.elementor-3560 .elementor-element.elementor-element-3438da73{margin-top:-150px;margin-bottom:100px;padding:220px 0px 100px 0px;}.elementor-3560 .elementor-element.elementor-element-32bdeddb > .elementor-element-populated{margin:0px 0px 0px 0px;--e-column-margin-right:0px;--e-column-margin-left:0px;padding:0px 30px 0px 30px;}.elementor-3560 .elementor-element.elementor-element-6d3af210 .elementor-heading-title{font-size:var( --e-global-typography-secondary-font-size );line-height:var( --e-global-typography-secondary-line-height );}}@media(max-width:767px){.elementor-3560 .elementor-element.elementor-element-3438da73:not(.elementor-motion-effects-element-type-background), .elementor-3560 .elementor-element.elementor-element-3438da73 > .elementor-motion-effects-container > .elementor-motion-effects-layer{background-position:0px 0px;}.elementor-3560 .elementor-element.elementor-element-3438da73{margin-top:-150px;margin-bottom:100px;padding:220px 0px 100px 0px;}.elementor-3560 .elementor-element.elementor-element-32bdeddb > .elementor-element-populated{margin:0px 0px 0px 0px;--e-column-margin-right:0px;--e-column-margin-left:0px;padding:0px 20px 0px 20px;}.elementor-3560 .elementor-element.elementor-element-6d3af210 .elementor-heading-title{font-size:var( --e-global-typography-secondary-font-size );line-height:var( --e-global-typography-secondary-line-height );}}<\/style>\t\t<div data-elementor-type=\"wp-page\" data-elementor-id=\"3560\" class=\"elementor elementor-3560 elementor-1336\" data-elementor-post-type=\"page\">\n\t\t\t\t\t\t<section class=\"elementor-section elementor-top-section elementor-element elementor-element-3438da73 elementor-section-boxed elementor-section-height-default elementor-section-height-default\" data-id=\"3438da73\" data-element_type=\"section\" data-settings=\"{&quot;background_background&quot;:&quot;classic&quot;}\">\n\t\t\t\t\t\t\t<div class=\"elementor-background-overlay\"><\/div>\n\t\t\t\t\t\t\t<div class=\"elementor-container elementor-column-gap-default\">\n\t\t\t\t\t<div class=\"elementor-column elementor-col-100 elementor-top-column elementor-element elementor-element-32bdeddb\" data-id=\"32bdeddb\" data-element_type=\"column\">\n\t\t\t<div class=\"elementor-widget-wrap elementor-element-populated\">\n\t\t\t\t\t\t<div class=\"elementor-element elementor-element-6d3af210 elementor-widget elementor-widget-heading\" data-id=\"6d3af210\" data-element_type=\"widget\" data-widget_type=\"heading.default\">\n\t\t\t\t<div class=\"elementor-widget-container\">\n\t\t\t\t\t<h2 class=\"elementor-heading-title elementor-size-default\">Condizioni d'uso<\/h2>\t\t\t\t<\/div>\n\t\t\t\t<\/div>\n\t\t\t\t\t<\/div>\n\t\t<\/div>\n\t\t\t\t\t<\/div>\n\t\t<\/section>\n\t\t\t\t<section class=\"elementor-section elementor-top-section elementor-element elementor-element-fb8c355 elementor-section-boxed elementor-section-height-default elementor-section-height-default\" data-id=\"fb8c355\" data-element_type=\"section\">\n\t\t\t\t\t\t<div class=\"elementor-container elementor-column-gap-default\">\n\t\t\t\t\t<div class=\"elementor-column elementor-col-100 elementor-top-column elementor-element elementor-element-63313d6\" data-id=\"63313d6\" data-element_type=\"column\">\n\t\t\t<div class=\"elementor-widget-wrap elementor-element-populated\">\n\t\t\t\t\t\t<div class=\"elementor-element elementor-element-98a631c elementor-widget elementor-widget-text-editor\" data-id=\"98a631c\" data-element_type=\"widget\" data-widget_type=\"text-editor.default\">\n\t\t\t\t<div class=\"elementor-widget-container\">\n\t\t\t\t\t\t\t\t\t<p data-fontsize=\"18\"><span data-preserver-spaces=\"true\"><b>SEZIONE 1 &#8211; PANORAMICA<\/b><\/span><\/p>\n<p data-fontsize=\"18\"><span data-preserver-spaces=\"true\">Questo sito web \u00e8 gestito da CMYLEAD. In tutto il sito, i termini &#8220;noi&#8221;, &#8220;ci&#8221; e &#8220;nostro&#8221; si riferiscono a CMYLEAD. CMYLEAD offre questo sito web, incluse tutte le informazioni, gli strumenti e i servizi disponibili in questo sito a te, l&#8217;utente, a condizione che tu accetti tutti i termini, le condizioni, le politiche e le comunicazioni qui riportate.  <\/span><\/p>\n<p data-fontsize=\"18\"><span data-preserver-spaces=\"true\">Visitando il nostro sito e\/o acquistando qualcosa da noi, ti impegni a partecipare al nostro &#8220;Servizio&#8221; e accetti di essere vincolato dai seguenti termini e condizioni (&#8220;Termini del Servizio&#8221;, &#8220;Termini&#8221;), compresi i termini e le condizioni e le politiche aggiuntive a cui si fa riferimento nel presente documento e\/o disponibili tramite collegamento ipertestuale. I presenti Termini di servizio si applicano a tutti gli utenti del sito, compresi, a titolo esemplificativo, gli utenti che sono navigatori, venditori, clienti, commercianti e\/o contributori di contenuti. <\/span><\/p>\n<p data-fontsize=\"18\"><span data-preserver-spaces=\"true\">Ti invitiamo a leggere attentamente i presenti Termini di servizio prima di accedere o utilizzare il nostro sito web. Accedendo o utilizzando qualsiasi parte del sito, accetti di essere vincolato dai presenti Termini di servizio. Se non accetti tutti i termini e le condizioni del presente contratto, non puoi accedere al sito web n\u00e9 utilizzare alcun servizio. Se i presenti Termini di servizio sono considerati un&#8217;offerta, l&#8217;accettazione \u00e8 espressamente limitata ai presenti Termini di servizio.   <\/span><\/p>\n<p data-fontsize=\"18\"><span data-preserver-spaces=\"true\">Qualsiasi nuova funzionalit\u00e0 o strumento aggiunto all&#8217;attuale negozio sar\u00e0 soggetto ai Termini di servizio. Puoi consultare la versione pi\u00f9 aggiornata dei Termini di servizio in qualsiasi momento su questa pagina. Ci riserviamo il diritto di aggiornare, modificare o sostituire qualsiasi parte dei presenti Termini di servizio pubblicando aggiornamenti e\/o modifiche sul nostro sito web. \u00c8 responsabilit\u00e0 dell&#8217;utente controllare periodicamente questa pagina per verificare eventuali modifiche. L&#8217;uso continuato o l&#8217;accesso al sito web da parte dell&#8217;utente in seguito alla pubblicazione di eventuali modifiche costituisce l&#8217;accettazione di tali modifiche.    <\/span><\/p>\n<p data-fontsize=\"18\"><span data-preserver-spaces=\"true\"> <\/span><\/p>\n<p data-fontsize=\"18\"><span data-preserver-spaces=\"true\"><b>SEZIONE 2 &#8211; CONDIZIONI DEL NEGOZIO ONLINE  <\/b><\/span><\/p>\n<p data-fontsize=\"18\"><span data-preserver-spaces=\"true\">Accettando i presenti Termini di servizio, dichiari di essere almeno maggiorenne nel tuo stato o nella tua provincia di residenza, oppure di essere maggiorenne nel tuo stato o nella tua provincia di residenza e di averci dato il consenso a consentire l&#8217;utilizzo di questo sito a qualsiasi persona minorenne a tuo carico. L&#8217;utente non pu\u00f2 utilizzare i nostri prodotti per scopi illegali o non autorizzati n\u00e9 pu\u00f2, nell&#8217;utilizzo del Servizio, violare le leggi vigenti nella sua giurisdizione (incluse, a titolo esemplificativo, le leggi sul copyright). <\/span><\/p>\n<p data-fontsize=\"18\"><span data-preserver-spaces=\"true\">L&#8217;utente non deve trasmettere worm o virus o qualsiasi codice di natura distruttiva. L&#8217;infrazione o la violazione di uno qualsiasi dei Termini comporter\u00e0 l&#8217;immediata cessazione dei Servizi dell&#8217;utente. <\/span><\/p>\n<p data-fontsize=\"18\"><span data-preserver-spaces=\"true\"> <\/span><\/p>\n<p data-fontsize=\"18\"><span data-preserver-spaces=\"true\"><b>SEZIONE 3 &#8211; CONDIZIONI GENERALI<\/b><\/span><\/p>\n<p data-fontsize=\"18\"><span data-preserver-spaces=\"true\">Ci riserviamo il diritto di rifiutare il servizio a chiunque per qualsiasi motivo e in qualsiasi momento. L&#8217;utente \u00e8 consapevole che i suoi contenuti (escluse le informazioni relative alla carta di credito) possono essere trasferiti in modo non criptato e comportano (a) trasmissioni su varie reti e (b) modifiche per conformarsi e adattarsi ai requisiti tecnici delle reti o dei dispositivi di connessione. I dati della carta di credito sono sempre criptati durante il trasferimento in rete.    <\/span><\/p>\n<p data-fontsize=\"18\"><span data-preserver-spaces=\"true\">SEZIONE 4 &#8211; ACCURATEZZA, COMPLETEZZA E TEMPESTIVIT\u00c0 DELLE INFORMAZIONI<\/span><\/p>\n<p data-fontsize=\"18\"><span data-preserver-spaces=\"true\">Non siamo responsabili se le informazioni rese disponibili su questo sito non sono accurate, complete o aggiornate. Il materiale contenuto in questo sito \u00e8 fornito solo a titolo informativo e non deve essere utilizzato come unica base per prendere decisioni senza consultare fonti di informazione primarie, pi\u00f9 accurate, pi\u00f9 complete o pi\u00f9 tempestive. Qualsiasi affidamento sul materiale contenuto in questo sito \u00e8 a tuo rischio e pericolo. Questo sito pu\u00f2 contenere alcune informazioni storiche. Le informazioni storiche non sono necessariamente aggiornate e sono fornite solo come riferimento. Ci riserviamo il diritto di modificare i contenuti di questo sito in qualsiasi momento, ma non abbiamo alcun obbligo di aggiornare le informazioni presenti sul nostro sito. L&#8217;utente accetta che \u00e8 sua responsabilit\u00e0 monitorare le modifiche apportate al nostro sito.      <\/span><\/p>\n<p data-fontsize=\"18\"><span data-preserver-spaces=\"true\">Certo, continuer\u00f2 da dove ho lasciato, ma tieni presente che i termini di servizio completi dovrebbero essere creati con l&#8217;aiuto di un professionista legale per garantire che tutti i dettagli necessari siano coperti e specifici per l&#8217;attivit\u00e0 o il servizio. Ecco una continuazione generale: <\/span><\/p>\n<p data-fontsize=\"18\"><span data-preserver-spaces=\"true\"> <\/span><\/p>\n<p data-fontsize=\"18\"><span data-preserver-spaces=\"true\"><b>SEZIONE 5 &#8211; PRODOTTI O SERVIZI<\/b><\/span><\/p>\n<p data-fontsize=\"18\"><span data-preserver-spaces=\"true\">Alcuni prodotti o servizi possono essere disponibili esclusivamente online attraverso il sito. Questi prodotti o servizi possono avere quantit\u00e0 limitate e sono soggetti a restituzione o sostituzione solo in base alla nostra Politica di restituzione. Abbiamo fatto il possibile per visualizzare nel modo pi\u00f9 accurato possibile i colori e le immagini dei nostri prodotti che appaiono in negozio. Non possiamo garantire che la visualizzazione dei colori sul monitor del tuo computer sia accurata.   <\/span><\/p>\n<p data-fontsize=\"18\"><span data-preserver-spaces=\"true\"> <\/span><\/p>\n<p data-fontsize=\"18\"><span data-preserver-spaces=\"true\"><b>SEZIONE 6 &#8211; ACCURATEZZA DELLE INFORMAZIONI RELATIVE ALLA FATTURAZIONE E ALL&#8217;ACCOUNT<\/b><\/span><\/p>\n<p data-fontsize=\"18\"><span data-preserver-spaces=\"true\">Accetti di fornire informazioni aggiornate, complete e accurate sull&#8217;acquisto e sull&#8217;account per tutti gli acquisti effettuati presso il nostro negozio. Accetti di aggiornare tempestivamente il tuo account e altre informazioni, tra cui il tuo indirizzo e-mail e i numeri e le date di scadenza delle carte di credito, in modo che possiamo completare le tue transazioni e contattarti se necessario. <\/span><\/p>\n<p data-fontsize=\"18\"><span data-preserver-spaces=\"true\"> <\/span><\/p>\n<p data-fontsize=\"18\"><span data-preserver-spaces=\"true\"><b>SEZIONE 7 &#8211; STRUMENTI OPZIONALI<\/b><\/span><\/p>\n<p data-fontsize=\"18\"><span data-preserver-spaces=\"true\">Potremmo fornirti l&#8217;accesso a strumenti di terzi sui quali non abbiamo alcun controllo o input. L&#8217;utente riconosce e accetta che forniamo l&#8217;accesso a tali strumenti &#8220;cos\u00ec come sono&#8221; e &#8220;cos\u00ec come sono disponibili&#8221; senza garanzie, dichiarazioni o condizioni di alcun tipo e senza alcuna approvazione. <\/span><\/p>\n<p data-fontsize=\"18\"><span data-preserver-spaces=\"true\"> <\/span><\/p>\n<p data-fontsize=\"18\"><span data-preserver-spaces=\"true\"><b>SEZIONE 8 &#8211; LINK DI TERZE PARTI<\/b><\/span><\/p>\n<p data-fontsize=\"18\"><span data-preserver-spaces=\"true\">Alcuni contenuti, prodotti e servizi disponibili tramite il nostro Servizio possono includere materiali di terze parti. I link di terze parti presenti su questo sito possono indirizzare l&#8217;utente a siti web di terze parti che non sono affiliati a noi. Non siamo responsabili dell&#8217;esame o della valutazione del contenuto o dell&#8217;accuratezza e non garantiamo e non avremo alcuna responsabilit\u00e0 per i materiali o i siti web di terzi o per qualsiasi altro materiale, prodotto o servizio di terzi.  <\/span><\/p>\n<p data-fontsize=\"18\"><span data-preserver-spaces=\"true\"> <\/span><\/p>\n<p data-fontsize=\"18\"><span data-preserver-spaces=\"true\"><b>SEZIONE 9 &#8211; COMMENTI DEGLI UTENTI, FEEDBACK E ALTRI CONTRIBUTI<\/b><\/span><\/p>\n<p data-fontsize=\"18\"><span data-preserver-spaces=\"true\">Se l&#8217;utente invia alcuni contributi specifici o idee creative, suggerimenti, proposte, piani o altri materiali, sia online, che via e-mail, per posta o in altro modo, accetta che noi possiamo, in qualsiasi momento, senza restrizioni, modificare, copiare, pubblicare, distribuire, tradurre e utilizzare in qualsiasi altro modo i commenti che l&#8217;utente ci invia. Non abbiamo alcun obbligo di mantenere la riservatezza dei commenti, di pagare un compenso per i commenti o di rispondere ai commenti. <\/span><\/p>\n<p data-fontsize=\"18\"><span data-preserver-spaces=\"true\"> <\/span><\/p>\n<p data-fontsize=\"18\"><span data-preserver-spaces=\"true\"><b>SEZIONE 10 &#8211; INFORMAZIONI PERSONALI<\/b><\/span><\/p>\n<p data-fontsize=\"18\"><span data-preserver-spaces=\"true\">L&#8217;invio di informazioni personali da parte dell&#8217;utente attraverso il negozio \u00e8 regolato dalla nostra Informativa sulla privacy.<\/span><\/p>\n<p data-fontsize=\"18\"><span data-preserver-spaces=\"true\"> <\/span><\/p>\n<p data-fontsize=\"18\"><span data-preserver-spaces=\"true\"><b>SEZIONE 11 &#8211; ERRORI, IMPRECISIONI E OMISSIONI<\/b><\/span><\/p>\n<p data-fontsize=\"18\"><span data-preserver-spaces=\"true\">Occasionalmente, le informazioni presenti sul nostro sito o nel Servizio possono contenere errori tipografici, imprecisioni o omissioni che possono riguardare descrizioni dei prodotti, prezzi, promozioni, offerte, spese di spedizione dei prodotti, tempi di transito e disponibilit\u00e0. Ci riserviamo il diritto di correggere eventuali errori, imprecisioni o omissioni e di modificare o aggiornare le informazioni o annullare gli ordini nel caso in cui le informazioni contenute nel Servizio o in qualsiasi sito web correlato siano imprecise, in qualsiasi momento e senza preavviso. <\/span><\/p>\n<p data-fontsize=\"18\"><span data-preserver-spaces=\"true\"> <\/span><\/p>\n<p data-fontsize=\"18\"><span data-preserver-spaces=\"true\"><b>SEZIONE 12 &#8211; USI VIETATI<\/b><\/span><\/p>\n<p data-fontsize=\"18\"><span data-preserver-spaces=\"true\">Oltre ad altri divieti indicati nei Termini di servizio, all&#8217;utente \u00e8 vietato utilizzare il sito o il suo contenuto per qualsiasi scopo illegale; sollecitare altri a compiere o partecipare a qualsiasi atto illegale; violare qualsiasi regolamento, norma, legge o ordinanza locale internazionale, federale, provinciale o statale.<\/span><\/p>\n<p data-fontsize=\"18\"><span data-preserver-spaces=\"true\"> <\/span><\/p>\n<p data-fontsize=\"18\"><span data-preserver-spaces=\"true\"><b>SEZIONE 13 &#8211; ESCLUSIONE DI GARANZIE; LIMITAZIONE DI RESPONSABILIT\u00c0<\/b><\/span><\/p>\n<p data-fontsize=\"18\"><span data-preserver-spaces=\"true\">Non garantiamo, dichiariamo o assicuriamo che l&#8217;utilizzo del servizio da parte dell&#8217;utente sia ininterrotto, tempestivo, sicuro o privo di errori. Non garantiamo che i risultati che possono essere ottenuti dall&#8217;uso del servizio siano accurati o affidabili. <\/span><\/p>\n<p data-fontsize=\"18\"><span data-preserver-spaces=\"true\"> <\/span><\/p>\n<p data-fontsize=\"18\"><span data-preserver-spaces=\"true\"><b>SEZIONE 14 &#8211; INDENNIZZO<\/b><\/span><\/p>\n<p data-fontsize=\"18\"><span data-preserver-spaces=\"true\">L&#8217;utente accetta di indennizzare, difendere e tenere indenne CMYLEAD e le nostre societ\u00e0 madri, controllate, affiliate, partner, funzionari, direttori, agenti, appaltatori, licenziatari, fornitori di servizi, subappaltatori, fornitori, stagisti e dipendenti, da qualsiasi reclamo o richiesta, comprese le ragionevoli spese legali, avanzate da qualsiasi terza parte a causa o derivanti dalla violazione da parte dell&#8217;utente dei presenti Termini di Servizio o dei documenti in essi incorporati per riferimento, o dalla violazione da parte dell&#8217;utente di qualsiasi legge o dei diritti di una terza parte.<\/span><\/p>\n<p data-fontsize=\"18\"><span data-preserver-spaces=\"true\"> <\/span><\/p>\n<p data-fontsize=\"18\"><span data-preserver-spaces=\"true\"><b>SEZIONE 15 &#8211; SEPARABILIT\u00c0<\/b><\/span><\/p>\n<p data-fontsize=\"18\"><span data-preserver-spaces=\"true\">Nel caso in cui una qualsiasi disposizione dei presenti Termini di servizio sia ritenuta illegale, nulla o inapplicabile, tale disposizione sar\u00e0 comunque applicabile nella misura massima consentita dalla legge applicabile e la parte inapplicabile sar\u00e0 considerata separata dai presenti Termini di servizio.<\/span><\/p>\n<p data-fontsize=\"18\"><span data-preserver-spaces=\"true\"> <\/span><\/p>\n<p data-fontsize=\"18\"><span data-preserver-spaces=\"true\"><b>SEZIONE 16 &#8211; RISOLUZIONE<\/b><\/span><\/p>\n<p data-fontsize=\"18\"><span data-preserver-spaces=\"true\">I presenti Termini di servizio sono validi a meno che e fino a quando non vengano risolti dall&#8217;utente o da noi. L&#8217;utente pu\u00f2 risolvere i presenti Termini di servizio in qualsiasi momento comunicandoci che non desidera pi\u00f9 utilizzare i nostri Servizi o quando cessa di utilizzare il nostro sito. <\/span><\/p>\n<p data-fontsize=\"18\"><span data-preserver-spaces=\"true\"> <\/span><\/p>\n<p data-fontsize=\"18\"><span data-preserver-spaces=\"true\"><b>SEZIONE 17 &#8211; INTERO CONTRATTO<\/b><\/span><\/p>\n<p data-fontsize=\"18\"><span data-preserver-spaces=\"true\">I presenti Termini di servizio e le eventuali politiche o regole operative pubblicate da noi su questo sito o in relazione al Servizio costituiscono l&#8217;intero accordo e l&#8217;intesa tra l&#8217;utente e noi e regolano l&#8217;uso del Servizio da parte dell&#8217;utente, sostituendo qualsiasi accordo, comunicazione e proposta precedente o contemporanea, orale o scritta, tra l&#8217;utente e noi.<\/span><\/p>\n<p data-fontsize=\"18\"><span data-preserver-spaces=\"true\"> <\/span><\/p>\n<p data-fontsize=\"18\"><span data-preserver-spaces=\"true\"><b>SEZIONE 18 &#8211; LEGGE APPLICABILE<\/b><\/span><\/p>\n<p data-fontsize=\"18\"><span data-preserver-spaces=\"true\">I presenti Termini di servizio e qualsiasi accordo separato con cui ti forniamo i Servizi saranno regolati e interpretati in conformit\u00e0 alle leggi della giurisdizione in cui la nostra societ\u00e0 \u00e8 registrata.<\/span><\/p>\n<p data-fontsize=\"18\"><span data-preserver-spaces=\"true\"> <\/span><\/p>\n<p data-fontsize=\"18\"><span data-preserver-spaces=\"true\"><b>SEZIONE 19 &#8211; MODIFICHE AI TERMINI DI SERVIZIO<\/b><\/span><\/p>\n<p data-fontsize=\"18\"><span data-preserver-spaces=\"true\">Puoi consultare la versione pi\u00f9 aggiornata dei Termini di servizio in qualsiasi momento a questa pagina. Ci riserviamo il diritto, a nostra esclusiva discrezione, di aggiornare, modificare o sostituire qualsiasi parte dei presenti Termini di servizio pubblicando aggiornamenti e modifiche sul nostro sito web. <\/span><\/p>\n<p data-fontsize=\"18\"><span data-preserver-spaces=\"true\"> <\/span><\/p>\n<p data-fontsize=\"18\"><span data-preserver-spaces=\"true\"><b>SEZIONE 20 &#8211; INFORMAZIONI DI CONTATTO<\/b><\/span><\/p>\n<p data-fontsize=\"18\"><span data-preserver-spaces=\"true\">Le domande relative ai Termini del Servizio devono essere inviate all&#8217;indirizzo info@cmylead.com.<\/span><\/p>\n\t\t\t\t\t\t\t\t<\/div>\n\t\t\t\t<\/div>\n\t\t\t\t<div class=\"elementor-element elementor-element-26be6c1 elementor-widget elementor-widget-spacer\" data-id=\"26be6c1\" data-element_type=\"widget\" data-widget_type=\"spacer.default\">\n\t\t\t\t<div class=\"elementor-widget-container\">\n\t\t\t\t\t\t\t<div class=\"elementor-spacer\">\n\t\t\t<div class=\"elementor-spacer-inner\"><\/div>\n\t\t<\/div>\n\t\t\t\t\t\t<\/div>\n\t\t\t\t<\/div>\n\t\t\t\t\t<\/div>\n\t\t<\/div>\n\t\t\t\t\t<\/div>\n\t\t<\/section>\n\t\t\t\t<\/div>\n\t\t","protected":false},"excerpt":{"rendered":"<p>Condizioni d&#8217;uso SEZIONE 1 &#8211; PANORAMICA Questo sito web \u00e8 gestito da CMYLEAD. In tutto il sito, i termini &#8220;noi&#8221;, &#8220;ci&#8221; e &#8220;nostro&#8221; si riferiscono a CMYLEAD. CMYLEAD offre questo sito web, incluse tutte le informazioni, gli strumenti e i servizi disponibili in questo sito a te, l&#8217;utente, a condizione che tu accetti tutti i [&hellip;]<\/p>\n","protected":false},"author":1,"featured_media":0,"parent":0,"menu_order":0,"comment_status":"closed","ping_status":"closed","template":"","meta":{"footnotes":""},"class_list":["post-3560","page","type-page","status-publish","hentry"],"_links":{"self":[{"href":"https:\/\/cmylead.com\/it\/wp-json\/wp\/v2\/pages\/3560","targetHints":{"allow":["GET"]}}],"collection":[{"href":"https:\/\/cmylead.com\/it\/wp-json\/wp\/v2\/pages"}],"about":[{"href":"https:\/\/cmylead.com\/it\/wp-json\/wp\/v2\/types\/page"}],"author":[{"embeddable":true,"href":"https:\/\/cmylead.com\/it\/wp-json\/wp\/v2\/users\/1"}],"replies":[{"embeddable":true,"href":"https:\/\/cmylead.com\/it\/wp-json\/wp\/v2\/comments?post=3560"}],"version-history":[{"count":1,"href":"https:\/\/cmylead.com\/it\/wp-json\/wp\/v2\/pages\/3560\/revisions"}],"predecessor-version":[{"id":3561,"href":"https:\/\/cmylead.com\/it\/wp-json\/wp\/v2\/pages\/3560\/revisions\/3561"}],"wp:attachment":[{"href":"https:\/\/cmylead.com\/it\/wp-json\/wp\/v2\/media?parent=3560"}],"curies":[{"name":"wp","href":"https:\/\/api.w.org\/{rel}","templated":true}]}}