{"id":3472,"date":"2024-10-31T17:35:35","date_gmt":"2024-10-31T17:35:35","guid":{"rendered":"https:\/\/cmylead.com\/retningslinjer-for-personvern\/"},"modified":"2024-11-11T16:54:06","modified_gmt":"2024-11-11T16:54:06","slug":"retningslinjer-for-personvern","status":"publish","type":"page","link":"https:\/\/cmylead.com\/no\/retningslinjer-for-personvern\/","title":{"rendered":"Retningslinjer for personvern"},"content":{"rendered":"<style>.elementor-3472 .elementor-element.elementor-element-3438da73 > .elementor-background-overlay{background-color:var( --e-global-color-secondary );opacity:0.9;transition:background 0.3s, border-radius 0.3s, opacity 0.3s;}.elementor-3472 .elementor-element.elementor-element-3438da73 > .elementor-container{max-width:1200px;}.elementor-3472 .elementor-element.elementor-element-3438da73:not(.elementor-motion-effects-element-type-background), .elementor-3472 .elementor-element.elementor-element-3438da73 > .elementor-motion-effects-container > .elementor-motion-effects-layer{background-position:0% 10%;background-repeat:no-repeat;background-size:cover;}.elementor-3472 .elementor-element.elementor-element-3438da73{transition:background 0.3s, border 0.3s, border-radius 0.3s, box-shadow 0.3s;margin-top:-100px;margin-bottom:100px;padding:200px 0px 100px 0px;}.elementor-3472 .elementor-element.elementor-element-6d3af210{text-align:center;}.elementor-3472 .elementor-element.elementor-element-6d3af210 .elementor-heading-title{font-family:var( --e-global-typography-secondary-font-family ), Sans-serif;font-size:var( --e-global-typography-secondary-font-size );font-weight:var( --e-global-typography-secondary-font-weight );text-transform:var( --e-global-typography-secondary-text-transform );text-decoration:var( --e-global-typography-secondary-text-decoration );line-height:var( --e-global-typography-secondary-line-height );color:var( --e-global-color-827cd3a );}:root{--page-title-display:none;}@media(max-width:1024px){.elementor-3472 .elementor-element.elementor-element-3438da73:not(.elementor-motion-effects-element-type-background), .elementor-3472 .elementor-element.elementor-element-3438da73 > .elementor-motion-effects-container > .elementor-motion-effects-layer{background-position:0px 0px;}.elementor-3472 .elementor-element.elementor-element-3438da73{margin-top:-150px;margin-bottom:100px;padding:220px 0px 100px 0px;}.elementor-3472 .elementor-element.elementor-element-32bdeddb > .elementor-element-populated{margin:0px 0px 0px 0px;--e-column-margin-right:0px;--e-column-margin-left:0px;padding:0px 30px 0px 30px;}.elementor-3472 .elementor-element.elementor-element-6d3af210 .elementor-heading-title{font-size:var( --e-global-typography-secondary-font-size );line-height:var( --e-global-typography-secondary-line-height );}}@media(max-width:767px){.elementor-3472 .elementor-element.elementor-element-3438da73:not(.elementor-motion-effects-element-type-background), .elementor-3472 .elementor-element.elementor-element-3438da73 > .elementor-motion-effects-container > .elementor-motion-effects-layer{background-position:0px 0px;}.elementor-3472 .elementor-element.elementor-element-3438da73{margin-top:-150px;margin-bottom:100px;padding:220px 0px 100px 0px;}.elementor-3472 .elementor-element.elementor-element-32bdeddb > .elementor-element-populated{margin:0px 0px 0px 0px;--e-column-margin-right:0px;--e-column-margin-left:0px;padding:0px 20px 0px 20px;}.elementor-3472 .elementor-element.elementor-element-6d3af210 .elementor-heading-title{font-size:var( --e-global-typography-secondary-font-size );line-height:var( --e-global-typography-secondary-line-height );}}<\/style>\t\t<div data-elementor-type=\"wp-page\" data-elementor-id=\"3472\" class=\"elementor elementor-3472 elementor-1345\" data-elementor-post-type=\"page\">\n\t\t\t\t\t\t<section class=\"elementor-section elementor-top-section elementor-element elementor-element-3438da73 elementor-section-boxed elementor-section-height-default elementor-section-height-default\" data-id=\"3438da73\" data-element_type=\"section\" data-settings=\"{&quot;background_background&quot;:&quot;classic&quot;}\">\n\t\t\t\t\t\t\t<div class=\"elementor-background-overlay\"><\/div>\n\t\t\t\t\t\t\t<div class=\"elementor-container elementor-column-gap-default\">\n\t\t\t\t\t<div class=\"elementor-column elementor-col-100 elementor-top-column elementor-element elementor-element-32bdeddb\" data-id=\"32bdeddb\" data-element_type=\"column\">\n\t\t\t<div class=\"elementor-widget-wrap elementor-element-populated\">\n\t\t\t\t\t\t<div class=\"elementor-element elementor-element-6d3af210 elementor-widget elementor-widget-heading\" data-id=\"6d3af210\" data-element_type=\"widget\" data-widget_type=\"heading.default\">\n\t\t\t\t<div class=\"elementor-widget-container\">\n\t\t\t\t\t<h2 class=\"elementor-heading-title elementor-size-default\">Retningslinjer for personvern<\/h2>\t\t\t\t<\/div>\n\t\t\t\t<\/div>\n\t\t\t\t\t<\/div>\n\t\t<\/div>\n\t\t\t\t\t<\/div>\n\t\t<\/section>\n\t\t\t\t<section class=\"elementor-section elementor-top-section elementor-element elementor-element-fb8c355 elementor-section-boxed elementor-section-height-default elementor-section-height-default\" data-id=\"fb8c355\" data-element_type=\"section\">\n\t\t\t\t\t\t<div class=\"elementor-container elementor-column-gap-default\">\n\t\t\t\t\t<div class=\"elementor-column elementor-col-100 elementor-top-column elementor-element elementor-element-63313d6\" data-id=\"63313d6\" data-element_type=\"column\">\n\t\t\t<div class=\"elementor-widget-wrap elementor-element-populated\">\n\t\t\t\t\t\t<div class=\"elementor-element elementor-element-98a631c elementor-widget elementor-widget-text-editor\" data-id=\"98a631c\" data-element_type=\"widget\" data-widget_type=\"text-editor.default\">\n\t\t\t\t<div class=\"elementor-widget-container\">\n\t\t\t\t\t\t\t\t\t<h4 data-fontsize=\"24\"><span data-preserver-spaces=\"true\">P\u00e5 CmyLead, tilgjengelig fra <\/span><a href=\"https:\/\/cmylead.com\/\" target=\"_blank\" rel=\"noopener\" data-fontsize=\"24\">www.cmylead.com<\/a><span data-preserver-spaces=\"true\">V\u00e5r h\u00f8yeste prioritet er personvernet og tilliten til brukerne v\u00e5re. Denne personvernerkl\u00e6ringen beskriver hvilke typer informasjon vi samler inn og registrerer, og hvordan den brukes. <\/span><\/h4>\n<div><span data-preserver-spaces=\"true\"> <\/span><\/div>\n<p data-fontsize=\"18\"><span data-preserver-spaces=\"true\">Ta gjerne kontakt med oss hvis du har sp\u00f8rsm\u00e5l eller trenger mer informasjon om personvernreglene v\u00e5re.<\/span><\/p>\n<p data-fontsize=\"18\"><span data-preserver-spaces=\"true\">Denne personvernerkl\u00e6ringen gjelder for v\u00e5re nettbaserte aktiviteter og gjelder for brukere n\u00e5r det gjelder informasjonen de deler og\/eller samler inn i CmyLead. Den omfatter ikke informasjon som samles inn offline eller gjennom andre kanaler enn dette nettstedet. V\u00e5r personvernerkl\u00e6ring ble etablert ved hjelp av Free Privacy Policy Generator.  <\/span><\/p>\n<p data-fontsize=\"18\"><span data-preserver-spaces=\"true\"><b>Samtykke<\/b><\/span><\/p>\n<p data-fontsize=\"18\"><span data-preserver-spaces=\"true\">Ved \u00e5 bruke nettstedet v\u00e5rt samtykker du herved til personvernerkl\u00e6ringen v\u00e5r og godtar vilk\u00e5rene i den.<\/span><\/p>\n<p data-fontsize=\"18\"><span data-preserver-spaces=\"true\"><b>Informasjon vi samler inn<\/b><\/span><\/p>\n<p data-fontsize=\"18\"><span data-preserver-spaces=\"true\">Vi vil tydelig forklare hvorfor vi trenger personopplysningene vi ber deg om \u00e5 oppgi n\u00e5r vi ber om dem.<\/span><\/p>\n<p data-fontsize=\"18\"><span data-preserver-spaces=\"true\">Hvis du kontakter oss direkte, kan vi motta tilleggsinformasjon som navn, e-postadresse, telefonnummer, innholdet i meldingen eller vedleggene du sender oss, og eventuell annen informasjon du velger \u00e5 oppgi.<\/span><\/p>\n<p data-fontsize=\"18\"><span data-preserver-spaces=\"true\">N\u00e5r du registrerer deg for en konto, kan vi be om kontaktinformasjon, inkludert navn, firmanavn, adresse, e-postadresse og telefonnummer.<\/span><\/p>\n<p data-fontsize=\"18\"><span data-preserver-spaces=\"true\"><b>Hvordan bruker vi informasjonen din?<\/b><\/span><\/p>\n<p data-fontsize=\"18\"><span data-preserver-spaces=\"true\">Vi utnytter informasjonen vi samler inn p\u00e5 mange m\u00e5ter, blant annet for \u00e5:<\/span><\/p>\n<ul>\n<li><span data-preserver-spaces=\"true\">Tilby, drive og vedlikeholde nettstedet v\u00e5rt<\/span><\/li>\n<li><span data-preserver-spaces=\"true\">Forbedre, tilpasse og utvide nettstedet v\u00e5rt<\/span><\/li>\n<li><span data-preserver-spaces=\"true\">Forst\u00e5 og analysere din bruk av nettstedet v\u00e5rt<\/span><\/li>\n<li><span data-preserver-spaces=\"true\">Utvikle nye produkter, tjenester, funksjoner og egenskaper<\/span><\/li>\n<li><span data-preserver-spaces=\"true\">Kommunisere med deg, direkte eller gjennom partnere, inkludert kundeservice, oppdateringer og annen informasjon relatert til nettstedet, samt markedsf\u00f8ring og salgsfremmende form\u00e5l<\/span><\/li>\n<li><span data-preserver-spaces=\"true\">Send deg e-post<\/span><\/li>\n<li><span data-preserver-spaces=\"true\">Oppdage og forhindre svindel\n<p><\/span><\/li>\n<\/ul>\n<p data-fontsize=\"18\"><span data-preserver-spaces=\"true\"><b>Loggfiler<\/b><\/span><\/p>\n<p data-fontsize=\"18\"><span data-preserver-spaces=\"true\">CmyLead f\u00f8lger en standard prosedyre for bruk av loggfiler, som alle hostingfirmaer. Disse loggfilene sporer bes\u00f8kende n\u00e5r de bes\u00f8ker nettsteder. Dataene som samles inn kan omfatte IP-adresser, nettlesertype, Internett-leverand\u00f8r (ISP), dato- og tidsstempler, henvisnings-\/utgangssider og potensielt antall klikk. Denne informasjonen er ikke knyttet til personlig identifiserbare data og brukes til \u00e5 analysere trender, administrere nettstedet, spore brukernes bevegelser og samle inn demografiske data.   <\/p>\n<p><\/span><\/p>\n<p data-fontsize=\"18\"><span data-preserver-spaces=\"true\"><b>Tredjeparts retningslinjer for personvern<\/b><\/span><\/p>\n<p data-fontsize=\"18\"><span data-preserver-spaces=\"true\">CmyLeads personvernregler gjelder ikke for andre annons\u00f8rer eller nettsteder. Derfor anbefaler vi deg \u00e5 g\u00e5 gjennom de respektive personvernerkl\u00e6ringene til tredjeparts annonsetjenere for mer detaljert informasjon om deres praksis og instruksjoner om hvordan du kan velge bort visse alternativer. <\/p>\n<p><\/span><\/p>\n<p data-fontsize=\"18\"><span data-preserver-spaces=\"true\"><b>Personvernrettigheter i henhold til GDPR<\/b><\/span><\/p>\n<p data-fontsize=\"18\"><span data-preserver-spaces=\"true\">Vi vil forsikre oss om at du er fullt klar over alle dine personvernrettigheter. Alle brukere har rett til f\u00f8lgende: <\/span><\/p>\n<ul>\n<li><span data-preserver-spaces=\"true\">Rett til innsyn &#8211; Du kan be om kopier av personopplysningene dine. Vi kan kreve en liten avgift for denne tjenesten. <\/span><\/li>\n<li><span data-preserver-spaces=\"true\">Rett til retting &#8211; Du kan be om at vi retter opplysninger som du mener er feilaktige. Du kan ogs\u00e5 be om at vi kompletterer opplysninger som du mener er ufullstendige. <\/span><\/li>\n<li><span data-preserver-spaces=\"true\">Rett til sletting &#8211; Du kan be oss om \u00e5 slette personopplysningene dine p\u00e5 bestemte vilk\u00e5r.<\/span><\/li>\n<li><span data-preserver-spaces=\"true\">Rett til \u00e5 begrense behandlingen &#8211; Du kan be oss om \u00e5 begrense behandlingen av personopplysningene dine p\u00e5 bestemte vilk\u00e5r.<\/span><\/li>\n<li><span data-preserver-spaces=\"true\">Rett til \u00e5 protestere mot behandling &#8211; Du kan protestere mot v\u00e5r behandling av personopplysningene dine, p\u00e5 bestemte vilk\u00e5r.<\/span><\/li>\n<li><span data-preserver-spaces=\"true\">Rett til dataportabilitet &#8211; Du kan be om at vi overf\u00f8rer opplysningene dine til en annen organisasjon eller direkte til deg, under visse betingelser.<br \/><b><br \/><\/b><\/span><\/li>\n<\/ul>\n<p data-fontsize=\"18\"><span data-preserver-spaces=\"true\"><b>Informasjon til barn<\/b><\/span><\/p>\n<p data-fontsize=\"18\"><span data-preserver-spaces=\"true\">Det er spesielt viktig for oss \u00e5 beskytte barn n\u00e5r de bruker Internett. Vi oppfordrer foreldre og foresatte til \u00e5 overv\u00e5ke barnas aktivitet p\u00e5 nettet. <\/span><\/p>\n<p data-fontsize=\"18\"><span data-preserver-spaces=\"true\">Cmycard samler ikke bevisst inn personlig identifiserbar informasjon fra barn under 13 \u00e5r. Hvis du tror at barnet ditt har oppgitt denne typen informasjon p\u00e5 nettstedet v\u00e5rt, oppfordrer vi deg p\u00e5 det sterkeste til \u00e5 kontakte oss umiddelbart, og vi vil gj\u00f8re v\u00e5rt beste for \u00e5 fjerne slik informasjon fra v\u00e5re registre s\u00e5 raskt som mulig. <\/span><\/p>\n\t\t\t\t\t\t\t\t<\/div>\n\t\t\t\t<\/div>\n\t\t\t\t\t<\/div>\n\t\t<\/div>\n\t\t\t\t\t<\/div>\n\t\t<\/section>\n\t\t\t\t<\/div>\n\t\t","protected":false},"excerpt":{"rendered":"<p>Retningslinjer for personvern P\u00e5 CmyLead, tilgjengelig fra www.cmylead.comV\u00e5r h\u00f8yeste prioritet er personvernet og tilliten til brukerne v\u00e5re. Denne personvernerkl\u00e6ringen beskriver hvilke typer informasjon vi samler inn og registrerer, og hvordan den brukes. Ta gjerne kontakt med oss hvis du har sp\u00f8rsm\u00e5l eller trenger mer informasjon om personvernreglene v\u00e5re. Denne personvernerkl\u00e6ringen gjelder for v\u00e5re nettbaserte aktiviteter [&hellip;]<\/p>\n","protected":false},"author":1,"featured_media":0,"parent":0,"menu_order":0,"comment_status":"closed","ping_status":"closed","template":"","meta":{"footnotes":""},"class_list":["post-3472","page","type-page","status-publish","hentry"],"_links":{"self":[{"href":"https:\/\/cmylead.com\/no\/wp-json\/wp\/v2\/pages\/3472","targetHints":{"allow":["GET"]}}],"collection":[{"href":"https:\/\/cmylead.com\/no\/wp-json\/wp\/v2\/pages"}],"about":[{"href":"https:\/\/cmylead.com\/no\/wp-json\/wp\/v2\/types\/page"}],"author":[{"embeddable":true,"href":"https:\/\/cmylead.com\/no\/wp-json\/wp\/v2\/users\/1"}],"replies":[{"embeddable":true,"href":"https:\/\/cmylead.com\/no\/wp-json\/wp\/v2\/comments?post=3472"}],"version-history":[{"count":1,"href":"https:\/\/cmylead.com\/no\/wp-json\/wp\/v2\/pages\/3472\/revisions"}],"predecessor-version":[{"id":3473,"href":"https:\/\/cmylead.com\/no\/wp-json\/wp\/v2\/pages\/3472\/revisions\/3473"}],"wp:attachment":[{"href":"https:\/\/cmylead.com\/no\/wp-json\/wp\/v2\/media?parent=3472"}],"curies":[{"name":"wp","href":"https:\/\/api.w.org\/{rel}","templated":true}]}}