{"id":3524,"date":"2024-10-31T17:37:39","date_gmt":"2024-10-31T17:37:39","guid":{"rendered":"https:\/\/cmylead.com\/retningslinjer-for-sikkerhet-i-webapplikasjoner\/"},"modified":"2024-11-11T17:03:11","modified_gmt":"2024-11-11T17:03:11","slug":"retningslinjer-for-sikkerhet-i-webapplikasjoner","status":"publish","type":"page","link":"https:\/\/cmylead.com\/no\/retningslinjer-for-sikkerhet-i-webapplikasjoner\/","title":{"rendered":"Retningslinjer for sikkerhet i webapplikasjoner"},"content":{"rendered":"<style>.elementor-3524 .elementor-element.elementor-element-3438da73 > .elementor-background-overlay{background-color:var( --e-global-color-secondary );opacity:0.9;transition:background 0.3s, border-radius 0.3s, opacity 0.3s;}.elementor-3524 .elementor-element.elementor-element-3438da73 > .elementor-container{max-width:1200px;}.elementor-3524 .elementor-element.elementor-element-3438da73:not(.elementor-motion-effects-element-type-background), .elementor-3524 .elementor-element.elementor-element-3438da73 > .elementor-motion-effects-container > .elementor-motion-effects-layer{background-position:0% 10%;background-repeat:no-repeat;background-size:cover;}.elementor-3524 .elementor-element.elementor-element-3438da73{transition:background 0.3s, border 0.3s, border-radius 0.3s, box-shadow 0.3s;margin-top:-100px;margin-bottom:100px;padding:200px 0px 100px 0px;}.elementor-3524 .elementor-element.elementor-element-6d3af210{text-align:center;}.elementor-3524 .elementor-element.elementor-element-6d3af210 .elementor-heading-title{font-family:var( --e-global-typography-secondary-font-family ), Sans-serif;font-size:var( --e-global-typography-secondary-font-size );font-weight:var( --e-global-typography-secondary-font-weight );text-transform:var( --e-global-typography-secondary-text-transform );text-decoration:var( --e-global-typography-secondary-text-decoration );line-height:var( --e-global-typography-secondary-line-height );color:var( --e-global-color-827cd3a );}:root{--page-title-display:none;}@media(max-width:1024px){.elementor-3524 .elementor-element.elementor-element-3438da73:not(.elementor-motion-effects-element-type-background), .elementor-3524 .elementor-element.elementor-element-3438da73 > .elementor-motion-effects-container > .elementor-motion-effects-layer{background-position:0px 0px;}.elementor-3524 .elementor-element.elementor-element-3438da73{margin-top:-150px;margin-bottom:100px;padding:220px 0px 100px 0px;}.elementor-3524 .elementor-element.elementor-element-32bdeddb > .elementor-element-populated{margin:0px 0px 0px 0px;--e-column-margin-right:0px;--e-column-margin-left:0px;padding:0px 30px 0px 30px;}.elementor-3524 .elementor-element.elementor-element-6d3af210 .elementor-heading-title{font-size:var( --e-global-typography-secondary-font-size );line-height:var( --e-global-typography-secondary-line-height );}}@media(max-width:767px){.elementor-3524 .elementor-element.elementor-element-3438da73:not(.elementor-motion-effects-element-type-background), .elementor-3524 .elementor-element.elementor-element-3438da73 > .elementor-motion-effects-container > .elementor-motion-effects-layer{background-position:0px 0px;}.elementor-3524 .elementor-element.elementor-element-3438da73{margin-top:-150px;margin-bottom:100px;padding:220px 0px 100px 0px;}.elementor-3524 .elementor-element.elementor-element-32bdeddb > .elementor-element-populated{margin:0px 0px 0px 0px;--e-column-margin-right:0px;--e-column-margin-left:0px;padding:0px 20px 0px 20px;}.elementor-3524 .elementor-element.elementor-element-6d3af210 .elementor-heading-title{font-size:var( --e-global-typography-secondary-font-size );line-height:var( --e-global-typography-secondary-line-height );}}<\/style>\t\t<div data-elementor-type=\"wp-page\" data-elementor-id=\"3524\" class=\"elementor elementor-3524 elementor-1350\" data-elementor-post-type=\"page\">\n\t\t\t\t\t\t<section class=\"elementor-section elementor-top-section elementor-element elementor-element-3438da73 elementor-section-boxed elementor-section-height-default elementor-section-height-default\" data-id=\"3438da73\" data-element_type=\"section\" data-settings=\"{&quot;background_background&quot;:&quot;classic&quot;}\">\n\t\t\t\t\t\t\t<div class=\"elementor-background-overlay\"><\/div>\n\t\t\t\t\t\t\t<div class=\"elementor-container elementor-column-gap-default\">\n\t\t\t\t\t<div class=\"elementor-column elementor-col-100 elementor-top-column elementor-element elementor-element-32bdeddb\" data-id=\"32bdeddb\" data-element_type=\"column\">\n\t\t\t<div class=\"elementor-widget-wrap elementor-element-populated\">\n\t\t\t\t\t\t<div class=\"elementor-element elementor-element-6d3af210 elementor-widget elementor-widget-heading\" data-id=\"6d3af210\" data-element_type=\"widget\" data-widget_type=\"heading.default\">\n\t\t\t\t<div class=\"elementor-widget-container\">\n\t\t\t\t\t<h2 class=\"elementor-heading-title elementor-size-default\">Retningslinjer for sikkerhet i webapplikasjoner<\/h2>\t\t\t\t<\/div>\n\t\t\t\t<\/div>\n\t\t\t\t\t<\/div>\n\t\t<\/div>\n\t\t\t\t\t<\/div>\n\t\t<\/section>\n\t\t\t\t<section class=\"elementor-section elementor-top-section elementor-element elementor-element-fb8c355 elementor-section-boxed elementor-section-height-default elementor-section-height-default\" data-id=\"fb8c355\" data-element_type=\"section\">\n\t\t\t\t\t\t<div class=\"elementor-container elementor-column-gap-default\">\n\t\t\t\t\t<div class=\"elementor-column elementor-col-100 elementor-top-column elementor-element elementor-element-63313d6\" data-id=\"63313d6\" data-element_type=\"column\">\n\t\t\t<div class=\"elementor-widget-wrap elementor-element-populated\">\n\t\t\t\t\t\t<div class=\"elementor-element elementor-element-98a631c elementor-widget elementor-widget-text-editor\" data-id=\"98a631c\" data-element_type=\"widget\" data-widget_type=\"text-editor.default\">\n\t\t\t\t<div class=\"elementor-widget-container\">\n\t\t\t\t\t\t\t\t\t<p data-fontsize=\"16\">Velkommen til v\u00e5r webapplikasjon! Vi er opptatt av \u00e5 ivareta sikkerheten og personvernet til brukerne v\u00e5re. Nedenfor finner du de viktigste sikkerhetstiltakene vi har iverksatt for \u00e5 beskytte dataene dine.  <\/p>\n<p data-fontsize=\"16\"><strong>Validering av inndata<\/strong><\/p>\n<ul class=\"wp-block-list\">\n<li><strong>Rens og valider inndata:<\/strong> Vi s\u00f8rger for at alle brukerinndata blir renset og validert p\u00e5 riktig m\u00e5te for \u00e5 forhindre sikkerhetstrusler som SQL-injeksjon og skripting p\u00e5 tvers av nettsteder (XSS).<\/li>\n<li><strong>Forberedte uttalelser:<\/strong> Vi bruker forberedte setninger for databaseinteraksjoner for \u00e5 \u00f8ke sikkerheten.<\/li>\n<\/ul>\n<p data-fontsize=\"16\"><strong>Autentisering og autorisasjon<\/strong><\/p>\n<ul class=\"wp-block-list\">\n<li><strong>Sterke passord:<\/strong> Vi h\u00e5ndhever strenge passordregler for \u00e5 beskytte kontoen din.<\/li>\n<li><strong>To-faktor autentisering (2FA):<\/strong> Vi tilbyr 2FA for ekstra sikkerhet.<\/li>\n<li><strong>Rollebasert tilgangskontroll (RBAC):<\/strong> Tilgang til ressurser begrenses basert p\u00e5 brukerroller.<\/li>\n<\/ul>\n<p data-fontsize=\"16\"><strong>Sesjonsadministrasjon<\/strong><\/p>\n<ul class=\"wp-block-list\">\n<li><strong>Sikre \u00f8kt-ID-er:<\/strong> Vi bruker sikre, tilfeldig genererte \u00f8kt-ID-er som lagres i sikre informasjonskapsler.<\/li>\n<li><strong>Tidsavbrudd for \u00f8kter:<\/strong> Brukerne logges automatisk ut etter en periode uten aktivitet.<\/li>\n<li><strong>Forebygging av \u00f8ktkapring:<\/strong> Vi regenererer regelmessig \u00f8kt-ID-er, spesielt etter p\u00e5logging.<\/li>\n<\/ul>\n<p data-fontsize=\"16\"><strong>Beskyttelse av personopplysninger<\/strong><\/p>\n<ul class=\"wp-block-list\">\n<li><strong>Kryptering:<\/strong> Vi krypterer sensitive data b\u00e5de under transport og i hvile.<\/li>\n<li><strong>Hashing av passord: Passord<\/strong> lagres ved hjelp av sterke, enveis hashingalgoritmer.<\/li>\n<\/ul>\n<p data-fontsize=\"16\"><strong>Feilh\u00e5ndtering og logging<\/strong><\/p>\n<ul class=\"wp-block-list\">\n<li><strong>Generiske feilmeldinger:<\/strong> Vi viser generiske feilmeldinger for \u00e5 beskytte mot informasjonslekkasje.<\/li>\n<li><strong>Detaljert logging:<\/strong> Feil logges med detaljert informasjon p\u00e5 et sikkert sted.<\/li>\n<li><strong>Loggoverv\u00e5king:<\/strong> Vi overv\u00e5ker regelmessig logger for mistenkelige aktiviteter.<\/li>\n<\/ul>\n<p data-fontsize=\"16\"><strong>Sikker kodingspraksis<\/strong><\/p>\n<ul class=\"wp-block-list\">\n<li><strong>Kodegjennomgang:<\/strong> Regelmessige kodegjennomganger gjennomf\u00f8res for \u00e5 identifisere og fikse s\u00e5rbarheter.<\/li>\n<li><strong>Oppl\u00e6ring i sikkerhet:<\/strong> Utviklerne v\u00e5re f\u00e5r kontinuerlig sikkerhetsoppl\u00e6ring.<\/li>\n<li><strong>Sikkerhetsbiblioteker:<\/strong> Vi bruker godt vedlikeholdte sikkerhetsbiblioteker og rammeverk.<\/li>\n<\/ul>\n<p data-fontsize=\"16\"><strong>Konfigurasjonsstyring<\/strong><\/p>\n<ul class=\"wp-block-list\">\n<li><strong>Minimale privilegier:<\/strong> Applikasjoner kj\u00f8res med de minst n\u00f8dvendige rettighetene.<\/li>\n<li><strong>Sikker konfigurasjon:<\/strong> Serverne v\u00e5re er sikkert konfigurert og oppdateres regelmessig.<\/li>\n<li><strong>Deaktiver un\u00f8dvendige funksjoner:<\/strong> Ubrukte tjenester og komponenter deaktiveres for \u00e5 redusere risikoen.<\/li>\n<\/ul>\n<p data-fontsize=\"16\"><strong>Regelmessig sikkerhetstesting<\/strong><\/p>\n<ul class=\"wp-block-list\">\n<li><strong>S\u00e5rbarhetsskanning:<\/strong> Regelmessige skanninger utf\u00f8res for \u00e5 identifisere sikkerhetssvakheter.<\/li>\n<li><strong>Penetrasjonstesting:<\/strong> Vi gjennomf\u00f8rer regelmessige inntrengningstester for \u00e5 evaluere sikkerheten v\u00e5r.<\/li>\n<li><strong>Oppdateringsh\u00e5ndtering:<\/strong> Sikkerhetsoppdateringer og oppdateringer brukes raskt.<\/li>\n<\/ul>\n<p data-fontsize=\"16\"><strong>Respons p\u00e5 hendelser<\/strong><\/p>\n<ul class=\"wp-block-list\">\n<li><strong>Plan for respons p\u00e5 hendelser:<\/strong> Vi har en detaljert plan for hvordan vi skal reagere p\u00e5 sikkerhetsbrudd.<\/li>\n<li><strong>Regelmessige \u00f8velser:<\/strong> Det gjennomf\u00f8res beredskaps\u00f8velser for \u00e5 sikre beredskap.<\/li>\n<\/ul>\n<p data-fontsize=\"16\"><strong>Etterlevelse og juridiske krav<\/strong><\/p>\n<ul class=\"wp-block-list\">\n<li><strong>Lover om databeskyttelse:<\/strong> Vi overholder relevante lover og forskrifter om databeskyttelse.<\/li>\n<li><strong>Bransjestandarder:<\/strong> Vi f\u00f8lger bransjestandarder og beste praksis, for eksempel OWASP Top Ten.<\/li>\n<\/ul>\n<p data-fontsize=\"16\"><strong>Politisk gjennomgang<\/strong><\/p>\n<p data-fontsize=\"16\">Sikkerhetspolicyen v\u00e5r gjennomg\u00e5s \u00e5rlig eller etter enhver betydelig sikkerhetshendelse for \u00e5 sikre at den er effektiv.<\/p>\n<p data-fontsize=\"16\">Takk for at du betror oss dataene dine. Vi er forpliktet til \u00e5 opprettholde de h\u00f8yeste sikkerhetsstandardene for \u00e5 beskytte informasjonen din. <\/p>\n\t\t\t\t\t\t\t\t<\/div>\n\t\t\t\t<\/div>\n\t\t\t\t\t<\/div>\n\t\t<\/div>\n\t\t\t\t\t<\/div>\n\t\t<\/section>\n\t\t\t\t<\/div>\n\t\t","protected":false},"excerpt":{"rendered":"<p>Retningslinjer for sikkerhet i webapplikasjoner Velkommen til v\u00e5r webapplikasjon! Vi er opptatt av \u00e5 ivareta sikkerheten og personvernet til brukerne v\u00e5re. Nedenfor finner du de viktigste sikkerhetstiltakene vi har iverksatt for \u00e5 beskytte dataene dine. Validering av inndata Rens og valider inndata: Vi s\u00f8rger for at alle brukerinndata blir renset og validert p\u00e5 riktig m\u00e5te [&hellip;]<\/p>\n","protected":false},"author":1,"featured_media":0,"parent":0,"menu_order":0,"comment_status":"closed","ping_status":"closed","template":"","meta":{"footnotes":""},"class_list":["post-3524","page","type-page","status-publish","hentry"],"_links":{"self":[{"href":"https:\/\/cmylead.com\/no\/wp-json\/wp\/v2\/pages\/3524","targetHints":{"allow":["GET"]}}],"collection":[{"href":"https:\/\/cmylead.com\/no\/wp-json\/wp\/v2\/pages"}],"about":[{"href":"https:\/\/cmylead.com\/no\/wp-json\/wp\/v2\/types\/page"}],"author":[{"embeddable":true,"href":"https:\/\/cmylead.com\/no\/wp-json\/wp\/v2\/users\/1"}],"replies":[{"embeddable":true,"href":"https:\/\/cmylead.com\/no\/wp-json\/wp\/v2\/comments?post=3524"}],"version-history":[{"count":1,"href":"https:\/\/cmylead.com\/no\/wp-json\/wp\/v2\/pages\/3524\/revisions"}],"predecessor-version":[{"id":3525,"href":"https:\/\/cmylead.com\/no\/wp-json\/wp\/v2\/pages\/3524\/revisions\/3525"}],"wp:attachment":[{"href":"https:\/\/cmylead.com\/no\/wp-json\/wp\/v2\/media?parent=3524"}],"curies":[{"name":"wp","href":"https:\/\/api.w.org\/{rel}","templated":true}]}}