{"id":3576,"date":"2024-10-31T17:30:15","date_gmt":"2024-10-31T17:30:15","guid":{"rendered":"https:\/\/cmylead.com\/vilkar-for-bruk\/"},"modified":"2024-11-11T18:29:10","modified_gmt":"2024-11-11T18:29:10","slug":"vilkar-for-bruk","status":"publish","type":"page","link":"https:\/\/cmylead.com\/no\/vilkar-for-bruk\/","title":{"rendered":"Vilk\u00e5r for bruk"},"content":{"rendered":"<style>.elementor-3576 .elementor-element.elementor-element-3438da73 > .elementor-background-overlay{background-color:var( --e-global-color-secondary );opacity:0.9;transition:background 0.3s, border-radius 0.3s, opacity 0.3s;}.elementor-3576 .elementor-element.elementor-element-3438da73 > .elementor-container{max-width:1200px;}.elementor-3576 .elementor-element.elementor-element-3438da73:not(.elementor-motion-effects-element-type-background), .elementor-3576 .elementor-element.elementor-element-3438da73 > .elementor-motion-effects-container > .elementor-motion-effects-layer{background-position:0% 10%;background-repeat:no-repeat;background-size:cover;}.elementor-3576 .elementor-element.elementor-element-3438da73{transition:background 0.3s, border 0.3s, border-radius 0.3s, box-shadow 0.3s;margin-top:-100px;margin-bottom:100px;padding:200px 0px 100px 0px;}.elementor-3576 .elementor-element.elementor-element-6d3af210{text-align:center;}.elementor-3576 .elementor-element.elementor-element-6d3af210 .elementor-heading-title{font-family:var( --e-global-typography-secondary-font-family ), Sans-serif;font-size:var( --e-global-typography-secondary-font-size );font-weight:var( --e-global-typography-secondary-font-weight );text-transform:var( --e-global-typography-secondary-text-transform );text-decoration:var( --e-global-typography-secondary-text-decoration );line-height:var( --e-global-typography-secondary-line-height );color:var( --e-global-color-827cd3a );}.elementor-3576 .elementor-element.elementor-element-26be6c1{--spacer-size:50px;}:root{--page-title-display:none;}@media(max-width:1024px){.elementor-3576 .elementor-element.elementor-element-3438da73:not(.elementor-motion-effects-element-type-background), .elementor-3576 .elementor-element.elementor-element-3438da73 > .elementor-motion-effects-container > .elementor-motion-effects-layer{background-position:0px 0px;}.elementor-3576 .elementor-element.elementor-element-3438da73{margin-top:-150px;margin-bottom:100px;padding:220px 0px 100px 0px;}.elementor-3576 .elementor-element.elementor-element-32bdeddb > .elementor-element-populated{margin:0px 0px 0px 0px;--e-column-margin-right:0px;--e-column-margin-left:0px;padding:0px 30px 0px 30px;}.elementor-3576 .elementor-element.elementor-element-6d3af210 .elementor-heading-title{font-size:var( --e-global-typography-secondary-font-size );line-height:var( --e-global-typography-secondary-line-height );}}@media(max-width:767px){.elementor-3576 .elementor-element.elementor-element-3438da73:not(.elementor-motion-effects-element-type-background), .elementor-3576 .elementor-element.elementor-element-3438da73 > .elementor-motion-effects-container > .elementor-motion-effects-layer{background-position:0px 0px;}.elementor-3576 .elementor-element.elementor-element-3438da73{margin-top:-150px;margin-bottom:100px;padding:220px 0px 100px 0px;}.elementor-3576 .elementor-element.elementor-element-32bdeddb > .elementor-element-populated{margin:0px 0px 0px 0px;--e-column-margin-right:0px;--e-column-margin-left:0px;padding:0px 20px 0px 20px;}.elementor-3576 .elementor-element.elementor-element-6d3af210 .elementor-heading-title{font-size:var( --e-global-typography-secondary-font-size );line-height:var( --e-global-typography-secondary-line-height );}}<\/style>\t\t<div data-elementor-type=\"wp-page\" data-elementor-id=\"3576\" class=\"elementor elementor-3576 elementor-1336\" data-elementor-post-type=\"page\">\n\t\t\t\t\t\t<section class=\"elementor-section elementor-top-section elementor-element elementor-element-3438da73 elementor-section-boxed elementor-section-height-default elementor-section-height-default\" data-id=\"3438da73\" data-element_type=\"section\" data-settings=\"{&quot;background_background&quot;:&quot;classic&quot;}\">\n\t\t\t\t\t\t\t<div class=\"elementor-background-overlay\"><\/div>\n\t\t\t\t\t\t\t<div class=\"elementor-container elementor-column-gap-default\">\n\t\t\t\t\t<div class=\"elementor-column elementor-col-100 elementor-top-column elementor-element elementor-element-32bdeddb\" data-id=\"32bdeddb\" data-element_type=\"column\">\n\t\t\t<div class=\"elementor-widget-wrap elementor-element-populated\">\n\t\t\t\t\t\t<div class=\"elementor-element elementor-element-6d3af210 elementor-widget elementor-widget-heading\" data-id=\"6d3af210\" data-element_type=\"widget\" data-widget_type=\"heading.default\">\n\t\t\t\t<div class=\"elementor-widget-container\">\n\t\t\t\t\t<h2 class=\"elementor-heading-title elementor-size-default\">Vilk\u00e5r for bruk<\/h2>\t\t\t\t<\/div>\n\t\t\t\t<\/div>\n\t\t\t\t\t<\/div>\n\t\t<\/div>\n\t\t\t\t\t<\/div>\n\t\t<\/section>\n\t\t\t\t<section class=\"elementor-section elementor-top-section elementor-element elementor-element-fb8c355 elementor-section-boxed elementor-section-height-default elementor-section-height-default\" data-id=\"fb8c355\" data-element_type=\"section\">\n\t\t\t\t\t\t<div class=\"elementor-container elementor-column-gap-default\">\n\t\t\t\t\t<div class=\"elementor-column elementor-col-100 elementor-top-column elementor-element elementor-element-63313d6\" data-id=\"63313d6\" data-element_type=\"column\">\n\t\t\t<div class=\"elementor-widget-wrap elementor-element-populated\">\n\t\t\t\t\t\t<div class=\"elementor-element elementor-element-98a631c elementor-widget elementor-widget-text-editor\" data-id=\"98a631c\" data-element_type=\"widget\" data-widget_type=\"text-editor.default\">\n\t\t\t\t<div class=\"elementor-widget-container\">\n\t\t\t\t\t\t\t\t\t<p data-fontsize=\"18\"><span data-preserver-spaces=\"true\"><b>DEL 1 &#8211; OVERSIKT<\/b><\/span><\/p>\n<p data-fontsize=\"18\"><span data-preserver-spaces=\"true\">Dette nettstedet drives av CMYLEAD. Gjennom hele nettstedet refererer begrepene &laquo;vi&raquo;, &laquo;oss&raquo; og &laquo;v\u00e5r&raquo; til CMYLEAD. CMYLEAD tilbyr dette nettstedet, inkludert all informasjon, verkt\u00f8y og tjenester som er tilgjengelige fra dette nettstedet til deg som bruker, under forutsetning av at du godtar alle vilk\u00e5r, betingelser, retningslinjer og merknader som er angitt her.  <\/span><\/p>\n<p data-fontsize=\"18\"><span data-preserver-spaces=\"true\">Ved \u00e5 bes\u00f8ke nettstedet v\u00e5rt og\/eller kj\u00f8pe noe fra oss, deltar du i v\u00e5r &laquo;tjeneste&raquo; og godtar \u00e5 v\u00e6re bundet av f\u00f8lgende vilk\u00e5r og betingelser (&laquo;tjenestevilk\u00e5r&raquo;, &laquo;vilk\u00e5r&raquo;), inkludert de tilleggsvilk\u00e5rene og retningslinjene som det henvises til her og\/eller som er tilgjengelige via hyperkobling. Disse tjenestevilk\u00e5rene gjelder for alle brukere av nettstedet, inkludert, men ikke begrenset til, brukere som er nettlesere, leverand\u00f8rer, kunder, selgere og\/eller bidragsytere av innhold. <\/span><\/p>\n<p data-fontsize=\"18\"><span data-preserver-spaces=\"true\">Vennligst les disse tjenestevilk\u00e5rene n\u00f8ye f\u00f8r du g\u00e5r inn p\u00e5 eller bruker nettstedet v\u00e5rt. Ved \u00e5 g\u00e5 inn p\u00e5 eller bruke noen del av nettstedet, samtykker du i \u00e5 v\u00e6re bundet av disse tjenestevilk\u00e5rene. Hvis du ikke godtar alle vilk\u00e5rene og betingelsene i denne avtalen, kan du ikke g\u00e5 inn p\u00e5 nettstedet eller bruke noen av tjenestene. Hvis disse tjenestevilk\u00e5rene anses som et tilbud, er aksepten uttrykkelig begrenset til disse tjenestevilk\u00e5rene.   <\/span><\/p>\n<p data-fontsize=\"18\"><span data-preserver-spaces=\"true\">Eventuelle nye funksjoner eller verkt\u00f8y som legges til i den n\u00e5v\u00e6rende butikken, skal ogs\u00e5 v\u00e6re underlagt tjenestevilk\u00e5rene. Du kan n\u00e5r som helst se den nyeste versjonen av tjenestevilk\u00e5rene p\u00e5 denne siden. Vi forbeholder oss retten til \u00e5 oppdatere, endre eller erstatte deler av disse tjenestevilk\u00e5rene ved \u00e5 legge ut oppdateringer og\/eller endringer p\u00e5 nettstedet v\u00e5rt. Det er ditt ansvar \u00e5 sjekke denne siden med jevne mellomrom for endringer. Din fortsatte bruk av eller tilgang til nettstedet etter at eventuelle endringer er lagt ut, inneb\u00e6rer at du godtar disse endringene.    <\/span><\/p>\n<p data-fontsize=\"18\"><span data-preserver-spaces=\"true\"> <\/span><\/p>\n<p data-fontsize=\"18\"><span data-preserver-spaces=\"true\"><b>DEL 2 &#8211; VILK\u00c5R FOR NETTBUTIKKEN  <\/b><\/span><\/p>\n<p data-fontsize=\"18\"><span data-preserver-spaces=\"true\">Ved \u00e5 godta disse tjenestevilk\u00e5rene bekrefter du at du er myndig i den staten eller provinsen der du bor, eller at du er myndig i den staten eller provinsen der du bor, og at du har gitt oss ditt samtykke til \u00e5 la noen av dine mindre\u00e5rige slektninger bruke dette nettstedet. Du kan ikke bruke v\u00e5re produkter til ulovlige eller uautoriserte form\u00e5l, og du kan heller ikke, ved bruk av tjenesten, bryte noen lover i din jurisdiksjon (inkludert, men ikke begrenset til, opphavsrettslover). <\/span><\/p>\n<p data-fontsize=\"18\"><span data-preserver-spaces=\"true\">Du m\u00e5 ikke overf\u00f8re ormer eller virus eller annen kode av destruktiv karakter. Brudd p\u00e5 eller brudd p\u00e5 noen av vilk\u00e5rene vil f\u00f8re til umiddelbar oppsigelse av tjenestene dine. <\/span><\/p>\n<p data-fontsize=\"18\"><span data-preserver-spaces=\"true\"> <\/span><\/p>\n<p data-fontsize=\"18\"><span data-preserver-spaces=\"true\"><b>AVSNITT 3 &#8211; GENERELLE VILK\u00c5R<\/b><\/span><\/p>\n<p data-fontsize=\"18\"><span data-preserver-spaces=\"true\">Vi forbeholder oss retten til n\u00e5r som helst \u00e5 nekte \u00e5 tilby tjenester til hvem som helst, uansett grunn. Du er innforst\u00e5tt med at innholdet ditt (ikke inkludert kredittkortinformasjon) kan overf\u00f8res ukryptert og involvere (a) overf\u00f8ringer over ulike nettverk, og (b) endringer for \u00e5 overholde og tilpasse seg de tekniske kravene til tilkoblede nettverk eller enheter. Kredittkortinformasjon er alltid kryptert under overf\u00f8ring over nettverk.    <\/span><\/p>\n<p data-fontsize=\"18\"><span data-preserver-spaces=\"true\">AVSNITT 4 &#8211; N\u00d8YAKTIG, FULLSTENDIG OG AKTUELL INFORMASJON<\/span><\/p>\n<p data-fontsize=\"18\"><span data-preserver-spaces=\"true\">Vi er ikke ansvarlige dersom informasjonen som gj\u00f8res tilgjengelig p\u00e5 dette nettstedet ikke er n\u00f8yaktig, fullstendig eller aktuell. Materialet p\u00e5 dette nettstedet er kun ment som generell informasjon og b\u00f8r ikke legges til grunn eller brukes som eneste grunnlag for \u00e5 ta beslutninger uten \u00e5 konsultere prim\u00e6re, mer n\u00f8yaktige, mer fullstendige eller mer aktuelle informasjonskilder. Enhver tillit til materialet p\u00e5 dette nettstedet skjer p\u00e5 egen risiko. Dette nettstedet kan inneholde historisk informasjon. Historisk informasjon er n\u00f8dvendigvis ikke aktuell og er kun ment som referanse. Vi forbeholder oss retten til \u00e5 endre innholdet p\u00e5 dette nettstedet n\u00e5r som helst, men vi har ingen forpliktelse til \u00e5 oppdatere informasjonen p\u00e5 nettstedet v\u00e5rt. Du samtykker i at det er ditt ansvar \u00e5 f\u00f8lge med p\u00e5 endringer p\u00e5 nettstedet v\u00e5rt.      <\/span><\/p>\n<p data-fontsize=\"18\"><span data-preserver-spaces=\"true\">Jeg fortsetter der jeg slapp, men v\u00e6r oppmerksom p\u00e5 at du b\u00f8r f\u00e5 hjelp av en jurist til \u00e5 utarbeide fullstendige tjenestevilk\u00e5r for \u00e5 sikre at alle n\u00f8dvendige detaljer er dekket, og at de er spesifikke for virksomheten eller tjenesten. Her er en generell fortsettelse: <\/span><\/p>\n<p data-fontsize=\"18\"><span data-preserver-spaces=\"true\"> <\/span><\/p>\n<p data-fontsize=\"18\"><span data-preserver-spaces=\"true\"><b>AVSNITT 5 &#8211; PRODUKTER ELLER TJENESTER<\/b><\/span><\/p>\n<p data-fontsize=\"18\"><span data-preserver-spaces=\"true\">Enkelte produkter eller tjenester kan v\u00e6re eksklusivt tilgjengelige p\u00e5 nettet via nettstedet. Disse produktene eller tjenestene kan ha begrenset antall og kan kun returneres eller byttes i henhold til v\u00e5re retningslinjer for retur. Vi har gjort v\u00e5rt ytterste for \u00e5 vise fargene og bildene av produktene v\u00e5re som vises i butikken, s\u00e5 n\u00f8yaktig som mulig. Vi kan ikke garantere at din dataskjerms visning av farger vil v\u00e6re n\u00f8yaktig.   <\/span><\/p>\n<p data-fontsize=\"18\"><span data-preserver-spaces=\"true\"> <\/span><\/p>\n<p data-fontsize=\"18\"><span data-preserver-spaces=\"true\"><b>AVSNITT 6 &#8211; N\u00d8YAKTIGHET AV FAKTURERINGS- OG KONTOINFORMASJON<\/b><\/span><\/p>\n<p data-fontsize=\"18\"><span data-preserver-spaces=\"true\">Du samtykker i \u00e5 oppgi aktuell, fullstendig og n\u00f8yaktig kj\u00f8ps- og kontoinformasjon for alle kj\u00f8p som gj\u00f8res i butikken v\u00e5r. Du samtykker i \u00e5 oppdatere kontoinformasjonen din og annen informasjon, inkludert e-postadresse og kredittkortnummer og utl\u00f8psdato, slik at vi kan fullf\u00f8re transaksjonene dine og kontakte deg ved behov. <\/span><\/p>\n<p data-fontsize=\"18\"><span data-preserver-spaces=\"true\"> <\/span><\/p>\n<p data-fontsize=\"18\"><span data-preserver-spaces=\"true\"><b>SEKSJON 7 &#8211; VALGFRIE VERKT\u00d8Y<\/b><\/span><\/p>\n<p data-fontsize=\"18\"><span data-preserver-spaces=\"true\">Vi kan gi deg tilgang til tredjepartsverkt\u00f8y som vi verken overv\u00e5ker eller har noen kontroll eller innflytelse over. Du erkjenner og godtar at vi gir tilgang til slike verkt\u00f8y &laquo;som de er&raquo; og &laquo;som tilgjengelige&raquo; uten noen form for garantier, representasjoner eller betingelser av noe slag og uten noen form for godkjenning. <\/span><\/p>\n<p data-fontsize=\"18\"><span data-preserver-spaces=\"true\"> <\/span><\/p>\n<p data-fontsize=\"18\"><span data-preserver-spaces=\"true\"><b>AVSNITT 8 &#8211; LENKER TIL TREDJEPARTER<\/b><\/span><\/p>\n<p data-fontsize=\"18\"><span data-preserver-spaces=\"true\">Visse typer innhold, produkter og tjenester som er tilgjengelige via v\u00e5r tjeneste, kan inneholde materiale fra tredjeparter. Tredjepartslenker p\u00e5 dette nettstedet kan lede deg til tredjeparts nettsteder som ikke er tilknyttet oss. Vi er ikke ansvarlige for \u00e5 unders\u00f8ke eller evaluere innholdet eller n\u00f8yaktigheten, og vi garanterer ikke og vil ikke ha noe ansvar for tredjeparts materiale eller nettsteder, eller for noe annet materiale, produkter eller tjenester fra tredjeparter.  <\/span><\/p>\n<p data-fontsize=\"18\"><span data-preserver-spaces=\"true\"> <\/span><\/p>\n<p data-fontsize=\"18\"><span data-preserver-spaces=\"true\"><b>AVSNITT 9 &#8211; BRUKERKOMMENTARER, TILBAKEMELDINGER OG ANDRE INNSPILL<\/b><\/span><\/p>\n<p data-fontsize=\"18\"><span data-preserver-spaces=\"true\">Hvis du sender inn bestemte bidrag eller kreative ideer, forslag, forslag, planer eller annet materiale, enten det er p\u00e5 nettet, via e-post, post eller p\u00e5 annen m\u00e5te, samtykker du i at vi n\u00e5r som helst og uten begrensninger kan redigere, kopiere, publisere, distribuere, oversette og p\u00e5 annen m\u00e5te bruke kommentarer som du sender til oss, i ethvert medium. Vi er ikke forpliktet til \u00e5 holde kommentarer konfidensielle, betale kompensasjon for kommentarer eller svare p\u00e5 kommentarer. <\/span><\/p>\n<p data-fontsize=\"18\"><span data-preserver-spaces=\"true\"> <\/span><\/p>\n<p data-fontsize=\"18\"><span data-preserver-spaces=\"true\"><b>AVSNITT 10 &#8211; PERSONLIG INFORMASJON<\/b><\/span><\/p>\n<p data-fontsize=\"18\"><span data-preserver-spaces=\"true\">Personopplysninger du oppgir gjennom butikken, er underlagt v\u00e5re retningslinjer for personvern.<\/span><\/p>\n<p data-fontsize=\"18\"><span data-preserver-spaces=\"true\"> <\/span><\/p>\n<p data-fontsize=\"18\"><span data-preserver-spaces=\"true\"><b>PUNKT 11 &#8211; FEIL, UN\u00d8YAKTIGHETER OG UTELATELSER<\/b><\/span><\/p>\n<p data-fontsize=\"18\"><span data-preserver-spaces=\"true\">Av og til kan det forekomme informasjon p\u00e5 nettstedet v\u00e5rt eller i Tjenesten som inneholder skrivefeil, un\u00f8yaktigheter eller utelatelser som kan v\u00e6re relatert til produktbeskrivelser, priser, kampanjer, tilbud, fraktkostnader for produkter, transittider og tilgjengelighet. Vi forbeholder oss retten til \u00e5 korrigere eventuelle feil, un\u00f8yaktigheter eller utelatelser, og til \u00e5 endre eller oppdatere informasjon eller kansellere bestillinger hvis informasjonen i Tjenesten eller p\u00e5 et relatert nettsted er un\u00f8yaktig, n\u00e5r som helst og uten forvarsel. <\/span><\/p>\n<p data-fontsize=\"18\"><span data-preserver-spaces=\"true\"> <\/span><\/p>\n<p data-fontsize=\"18\"><span data-preserver-spaces=\"true\"><b>SEKSJON 12 &#8211; FORBUDT BRUK<\/b><\/span><\/p>\n<p data-fontsize=\"18\"><span data-preserver-spaces=\"true\">I tillegg til andre forbud som er angitt i tjenestevilk\u00e5rene, er det forbudt \u00e5 bruke nettstedet eller dets innhold til ulovlige form\u00e5l, \u00e5 oppfordre andre til \u00e5 utf\u00f8re eller delta i ulovlige handlinger, \u00e5 bryte internasjonale, f\u00f8derale, provinsielle eller statlige forskrifter, regler, lover eller lokale forordninger.<\/span><\/p>\n<p data-fontsize=\"18\"><span data-preserver-spaces=\"true\"> <\/span><\/p>\n<p data-fontsize=\"18\"><span data-preserver-spaces=\"true\"><b>AVSNITT 13 &#8211; ANSVARSFRASKRIVELSE; ANSVARSBEGRENSNING<\/b><\/span><\/p>\n<p data-fontsize=\"18\"><span data-preserver-spaces=\"true\">Vi garanterer ikke at din bruk av tjenesten v\u00e5r vil v\u00e6re uavbrutt, rettidig, sikker eller feilfri. Vi garanterer ikke at resultatene som kan oppn\u00e5s ved bruk av tjenesten, vil v\u00e6re n\u00f8yaktige eller p\u00e5litelige. <\/span><\/p>\n<p data-fontsize=\"18\"><span data-preserver-spaces=\"true\"> <\/span><\/p>\n<p data-fontsize=\"18\"><span data-preserver-spaces=\"true\"><b>AVSNITT 14 &#8211; SKADESL\u00d8SHOLDELSE<\/b><\/span><\/p>\n<p data-fontsize=\"18\"><span data-preserver-spaces=\"true\">Du samtykker i \u00e5 holde CMYLEAD og v\u00e5re overordnede, datterselskaper, tilknyttede selskaper, partnere, ledere, direkt\u00f8rer, agenter, entrepren\u00f8rer, lisensgivere, tjenesteleverand\u00f8rer, underleverand\u00f8rer, leverand\u00f8rer, praktikanter og ansatte skadesl\u00f8se fra ethvert krav eller krav, inkludert rimelige advokatsal\u00e6rer, fremsatt av en tredjepart p\u00e5 grunn av eller som oppst\u00e5r som f\u00f8lge av ditt brudd p\u00e5 disse tjenestevilk\u00e5rene eller dokumentene de inkorporerer som referanse, eller ditt brudd p\u00e5 noen lov eller en tredjeparts rettigheter.<\/span><\/p>\n<p data-fontsize=\"18\"><span data-preserver-spaces=\"true\"> <\/span><\/p>\n<p data-fontsize=\"18\"><span data-preserver-spaces=\"true\"><b>PARAGRAF 15 &#8211; DELBARHET<\/b><\/span><\/p>\n<p data-fontsize=\"18\"><span data-preserver-spaces=\"true\">Dersom en bestemmelse i disse tjenestevilk\u00e5rene anses \u00e5 v\u00e6re ulovlig, ugyldig eller ikke kan h\u00e5ndheves, skal bestemmelsen likevel kunne h\u00e5ndheves i den grad det er tillatt i henhold til gjeldende lov, og den delen som ikke kan h\u00e5ndheves, skal anses \u00e5 v\u00e6re utskilt fra disse tjenestevilk\u00e5rene.<\/span><\/p>\n<p data-fontsize=\"18\"><span data-preserver-spaces=\"true\"> <\/span><\/p>\n<p data-fontsize=\"18\"><span data-preserver-spaces=\"true\"><b>AVSNITT 16 &#8211; OPPSIGELSE<\/b><\/span><\/p>\n<p data-fontsize=\"18\"><span data-preserver-spaces=\"true\">Disse Tjenestevilk\u00e5rene gjelder med mindre og inntil de sies opp av enten deg eller oss. Du kan n\u00e5r som helst si opp disse tjenestevilk\u00e5rene ved \u00e5 varsle oss om at du ikke lenger \u00f8nsker \u00e5 bruke tjenestene v\u00e5re, eller n\u00e5r du slutter \u00e5 bruke nettstedet v\u00e5rt. <\/span><\/p>\n<p data-fontsize=\"18\"><span data-preserver-spaces=\"true\"> <\/span><\/p>\n<p data-fontsize=\"18\"><span data-preserver-spaces=\"true\"><b>PUNKT 17 &#8211; HELE AVTALEN<\/b><\/span><\/p>\n<p data-fontsize=\"18\"><span data-preserver-spaces=\"true\">Disse tjenestevilk\u00e5rene og eventuelle retningslinjer eller driftsregler som er lagt ut av oss p\u00e5 dette nettstedet eller i forbindelse med Tjenesten, utgj\u00f8r hele avtalen og forst\u00e5elsen mellom deg og oss og regulerer din bruk av Tjenesten, og erstatter alle tidligere eller samtidige avtaler, kommunikasjoner og forslag, enten de er muntlige eller skriftlige, mellom deg og oss.<\/span><\/p>\n<p data-fontsize=\"18\"><span data-preserver-spaces=\"true\"> <\/span><\/p>\n<p data-fontsize=\"18\"><span data-preserver-spaces=\"true\"><b>AVSNITT 18 &#8211; GJELDENDE LOV<\/b><\/span><\/p>\n<p data-fontsize=\"18\"><span data-preserver-spaces=\"true\">Disse tjenestevilk\u00e5rene og eventuelle separate avtaler der vi leverer tjenester til deg, skal styres av og tolkes i samsvar med lovene i den jurisdiksjonen der selskapet v\u00e5rt er registrert.<\/span><\/p>\n<p data-fontsize=\"18\"><span data-preserver-spaces=\"true\"> <\/span><\/p>\n<p data-fontsize=\"18\"><span data-preserver-spaces=\"true\"><b>PUNKT 19 &#8211; ENDRINGER I TJENESTEVILK\u00c5RENE<\/b><\/span><\/p>\n<p data-fontsize=\"18\"><span data-preserver-spaces=\"true\">Du kan n\u00e5r som helst g\u00e5 gjennom den nyeste versjonen av tjenestevilk\u00e5rene p\u00e5 denne siden. Vi forbeholder oss retten til, etter eget skj\u00f8nn, \u00e5 oppdatere, endre eller erstatte deler av disse tjenestevilk\u00e5rene ved \u00e5 legge ut oppdateringer og endringer p\u00e5 nettstedet v\u00e5rt. <\/span><\/p>\n<p data-fontsize=\"18\"><span data-preserver-spaces=\"true\"> <\/span><\/p>\n<p data-fontsize=\"18\"><span data-preserver-spaces=\"true\"><b>AVSNITT 20 &#8211; KONTAKTINFORMASJON<\/b><\/span><\/p>\n<p data-fontsize=\"18\"><span data-preserver-spaces=\"true\">Sp\u00f8rsm\u00e5l om vilk\u00e5rene for bruk kan sendes til oss p\u00e5 info@cmylead.com.<\/span><\/p>\n\t\t\t\t\t\t\t\t<\/div>\n\t\t\t\t<\/div>\n\t\t\t\t<div class=\"elementor-element elementor-element-26be6c1 elementor-widget elementor-widget-spacer\" data-id=\"26be6c1\" data-element_type=\"widget\" data-widget_type=\"spacer.default\">\n\t\t\t\t<div class=\"elementor-widget-container\">\n\t\t\t\t\t\t\t<div class=\"elementor-spacer\">\n\t\t\t<div class=\"elementor-spacer-inner\"><\/div>\n\t\t<\/div>\n\t\t\t\t\t\t<\/div>\n\t\t\t\t<\/div>\n\t\t\t\t\t<\/div>\n\t\t<\/div>\n\t\t\t\t\t<\/div>\n\t\t<\/section>\n\t\t\t\t<\/div>\n\t\t","protected":false},"excerpt":{"rendered":"<p>Vilk\u00e5r for bruk DEL 1 &#8211; OVERSIKT Dette nettstedet drives av CMYLEAD. Gjennom hele nettstedet refererer begrepene &laquo;vi&raquo;, &laquo;oss&raquo; og &laquo;v\u00e5r&raquo; til CMYLEAD. CMYLEAD tilbyr dette nettstedet, inkludert all informasjon, verkt\u00f8y og tjenester som er tilgjengelige fra dette nettstedet til deg som bruker, under forutsetning av at du godtar alle vilk\u00e5r, betingelser, retningslinjer og merknader [&hellip;]<\/p>\n","protected":false},"author":1,"featured_media":0,"parent":0,"menu_order":0,"comment_status":"closed","ping_status":"closed","template":"","meta":{"footnotes":""},"class_list":["post-3576","page","type-page","status-publish","hentry"],"_links":{"self":[{"href":"https:\/\/cmylead.com\/no\/wp-json\/wp\/v2\/pages\/3576","targetHints":{"allow":["GET"]}}],"collection":[{"href":"https:\/\/cmylead.com\/no\/wp-json\/wp\/v2\/pages"}],"about":[{"href":"https:\/\/cmylead.com\/no\/wp-json\/wp\/v2\/types\/page"}],"author":[{"embeddable":true,"href":"https:\/\/cmylead.com\/no\/wp-json\/wp\/v2\/users\/1"}],"replies":[{"embeddable":true,"href":"https:\/\/cmylead.com\/no\/wp-json\/wp\/v2\/comments?post=3576"}],"version-history":[{"count":1,"href":"https:\/\/cmylead.com\/no\/wp-json\/wp\/v2\/pages\/3576\/revisions"}],"predecessor-version":[{"id":3577,"href":"https:\/\/cmylead.com\/no\/wp-json\/wp\/v2\/pages\/3576\/revisions\/3577"}],"wp:attachment":[{"href":"https:\/\/cmylead.com\/no\/wp-json\/wp\/v2\/media?parent=3576"}],"curies":[{"name":"wp","href":"https:\/\/api.w.org\/{rel}","templated":true}]}}