{"id":3478,"date":"2024-10-31T17:30:15","date_gmt":"2024-10-31T17:30:15","guid":{"rendered":"https:\/\/cmylead.com\/warunki-uzytkowania\/"},"modified":"2024-11-11T16:54:29","modified_gmt":"2024-11-11T16:54:29","slug":"warunki-uzytkowania","status":"publish","type":"page","link":"https:\/\/cmylead.com\/pl\/warunki-uzytkowania\/","title":{"rendered":"Warunki u\u017cytkowania"},"content":{"rendered":"<style>.elementor-3478 .elementor-element.elementor-element-3438da73 > .elementor-background-overlay{background-color:var( --e-global-color-secondary );opacity:0.9;transition:background 0.3s, border-radius 0.3s, opacity 0.3s;}.elementor-3478 .elementor-element.elementor-element-3438da73 > .elementor-container{max-width:1200px;}.elementor-3478 .elementor-element.elementor-element-3438da73:not(.elementor-motion-effects-element-type-background), .elementor-3478 .elementor-element.elementor-element-3438da73 > .elementor-motion-effects-container > .elementor-motion-effects-layer{background-position:0% 10%;background-repeat:no-repeat;background-size:cover;}.elementor-3478 .elementor-element.elementor-element-3438da73{transition:background 0.3s, border 0.3s, border-radius 0.3s, box-shadow 0.3s;margin-top:-100px;margin-bottom:100px;padding:200px 0px 100px 0px;}.elementor-3478 .elementor-element.elementor-element-6d3af210{text-align:center;}.elementor-3478 .elementor-element.elementor-element-6d3af210 .elementor-heading-title{font-family:var( --e-global-typography-secondary-font-family ), Sans-serif;font-size:var( --e-global-typography-secondary-font-size );font-weight:var( --e-global-typography-secondary-font-weight );text-transform:var( --e-global-typography-secondary-text-transform );text-decoration:var( --e-global-typography-secondary-text-decoration );line-height:var( --e-global-typography-secondary-line-height );color:var( --e-global-color-827cd3a );}.elementor-3478 .elementor-element.elementor-element-26be6c1{--spacer-size:50px;}:root{--page-title-display:none;}@media(max-width:1024px){.elementor-3478 .elementor-element.elementor-element-3438da73:not(.elementor-motion-effects-element-type-background), .elementor-3478 .elementor-element.elementor-element-3438da73 > .elementor-motion-effects-container > .elementor-motion-effects-layer{background-position:0px 0px;}.elementor-3478 .elementor-element.elementor-element-3438da73{margin-top:-150px;margin-bottom:100px;padding:220px 0px 100px 0px;}.elementor-3478 .elementor-element.elementor-element-32bdeddb > .elementor-element-populated{margin:0px 0px 0px 0px;--e-column-margin-right:0px;--e-column-margin-left:0px;padding:0px 30px 0px 30px;}.elementor-3478 .elementor-element.elementor-element-6d3af210 .elementor-heading-title{font-size:var( --e-global-typography-secondary-font-size );line-height:var( --e-global-typography-secondary-line-height );}}@media(max-width:767px){.elementor-3478 .elementor-element.elementor-element-3438da73:not(.elementor-motion-effects-element-type-background), .elementor-3478 .elementor-element.elementor-element-3438da73 > .elementor-motion-effects-container > .elementor-motion-effects-layer{background-position:0px 0px;}.elementor-3478 .elementor-element.elementor-element-3438da73{margin-top:-150px;margin-bottom:100px;padding:220px 0px 100px 0px;}.elementor-3478 .elementor-element.elementor-element-32bdeddb > .elementor-element-populated{margin:0px 0px 0px 0px;--e-column-margin-right:0px;--e-column-margin-left:0px;padding:0px 20px 0px 20px;}.elementor-3478 .elementor-element.elementor-element-6d3af210 .elementor-heading-title{font-size:var( --e-global-typography-secondary-font-size );line-height:var( --e-global-typography-secondary-line-height );}}<\/style>\t\t<div data-elementor-type=\"wp-page\" data-elementor-id=\"3478\" class=\"elementor elementor-3478 elementor-1336\" data-elementor-post-type=\"page\">\n\t\t\t\t\t\t<section class=\"elementor-section elementor-top-section elementor-element elementor-element-3438da73 elementor-section-boxed elementor-section-height-default elementor-section-height-default\" data-id=\"3438da73\" data-element_type=\"section\" data-settings=\"{&quot;background_background&quot;:&quot;classic&quot;}\">\n\t\t\t\t\t\t\t<div class=\"elementor-background-overlay\"><\/div>\n\t\t\t\t\t\t\t<div class=\"elementor-container elementor-column-gap-default\">\n\t\t\t\t\t<div class=\"elementor-column elementor-col-100 elementor-top-column elementor-element elementor-element-32bdeddb\" data-id=\"32bdeddb\" data-element_type=\"column\">\n\t\t\t<div class=\"elementor-widget-wrap elementor-element-populated\">\n\t\t\t\t\t\t<div class=\"elementor-element elementor-element-6d3af210 elementor-widget elementor-widget-heading\" data-id=\"6d3af210\" data-element_type=\"widget\" data-widget_type=\"heading.default\">\n\t\t\t\t<div class=\"elementor-widget-container\">\n\t\t\t\t\t<h2 class=\"elementor-heading-title elementor-size-default\">Warunki u\u017cytkowania<\/h2>\t\t\t\t<\/div>\n\t\t\t\t<\/div>\n\t\t\t\t\t<\/div>\n\t\t<\/div>\n\t\t\t\t\t<\/div>\n\t\t<\/section>\n\t\t\t\t<section class=\"elementor-section elementor-top-section elementor-element elementor-element-fb8c355 elementor-section-boxed elementor-section-height-default elementor-section-height-default\" data-id=\"fb8c355\" data-element_type=\"section\">\n\t\t\t\t\t\t<div class=\"elementor-container elementor-column-gap-default\">\n\t\t\t\t\t<div class=\"elementor-column elementor-col-100 elementor-top-column elementor-element elementor-element-63313d6\" data-id=\"63313d6\" data-element_type=\"column\">\n\t\t\t<div class=\"elementor-widget-wrap elementor-element-populated\">\n\t\t\t\t\t\t<div class=\"elementor-element elementor-element-98a631c elementor-widget elementor-widget-text-editor\" data-id=\"98a631c\" data-element_type=\"widget\" data-widget_type=\"text-editor.default\">\n\t\t\t\t<div class=\"elementor-widget-container\">\n\t\t\t\t\t\t\t\t\t<p data-fontsize=\"18\"><span data-preserver-spaces=\"true\"><b>SEKCJA 1 &#8211; PRZEGL\u0104D<\/b><\/span><\/p>\n<p data-fontsize=\"18\"><span data-preserver-spaces=\"true\">Ta strona jest obs\u0142ugiwana przez CMYLEAD. W ca\u0142ej witrynie terminy &#8222;my&#8221;, &#8222;nas&#8221; i &#8222;nasz&#8221; odnosz\u0105 si\u0119 do CMYLEAD. CMYLEAD oferuje t\u0119 witryn\u0119, w tym wszystkie informacje, narz\u0119dzia i us\u0142ugi dost\u0119pne w tej witrynie, u\u017cytkownikowi, pod warunkiem zaakceptowania przez niego wszystkich warunk\u00f3w, zasad i powiadomie\u0144 okre\u015blonych tutaj.  <\/span><\/p>\n<p data-fontsize=\"18\"><span data-preserver-spaces=\"true\">Odwiedzaj\u0105c nasz\u0105 witryn\u0119 i\/lub dokonuj\u0105c u nas zakupu, u\u017cytkownik anga\u017cuje si\u0119 w nasz\u0105 &#8222;Us\u0142ug\u0119&#8221; i wyra\u017ca zgod\u0119 na przestrzeganie poni\u017cszych warunk\u00f3w (&#8222;Warunki \u015bwiadczenia us\u0142ugi&#8221;, &#8222;Warunki&#8221;), w tym dodatkowych warunk\u00f3w i zasad, o kt\u00f3rych mowa w niniejszym dokumencie i\/lub dost\u0119pnych za po\u015brednictwem hiper\u0142\u0105cza. Niniejsze Warunki \u015bwiadczenia us\u0142ug maj\u0105 zastosowanie do wszystkich u\u017cytkownik\u00f3w witryny, w tym mi\u0119dzy innymi u\u017cytkownik\u00f3w, kt\u00f3rzy s\u0105 przegl\u0105darkami, sprzedawcami, klientami, handlowcami i\/lub autorami tre\u015bci. <\/span><\/p>\n<p data-fontsize=\"18\"><span data-preserver-spaces=\"true\">Przed uzyskaniem dost\u0119pu do naszej witryny internetowej lub rozpocz\u0119ciem korzystania z niej nale\u017cy uwa\u017cnie przeczyta\u0107 niniejsze Warunki \u015bwiadczenia us\u0142ug. Uzyskuj\u0105c dost\u0119p lub korzystaj\u0105c z dowolnej cz\u0119\u015bci witryny, u\u017cytkownik wyra\u017ca zgod\u0119 na przestrzeganie niniejszych Warunk\u00f3w \u015bwiadczenia us\u0142ug. Je\u015bli u\u017cytkownik nie wyra\u017ca zgody na wszystkie warunki niniejszej umowy, nie mo\u017ce uzyskiwa\u0107 dost\u0119pu do witryny ani korzysta\u0107 z \u017cadnych us\u0142ug. Je\u015bli niniejsze Warunki \u015bwiadczenia us\u0142ug s\u0105 uwa\u017cane za ofert\u0119, akceptacja jest wyra\u017anie ograniczona do niniejszych Warunk\u00f3w \u015bwiadczenia us\u0142ug.   <\/span><\/p>\n<p data-fontsize=\"18\"><span data-preserver-spaces=\"true\">Wszelkie nowe funkcje lub narz\u0119dzia, kt\u00f3re zostan\u0105 dodane do obecnego sklepu, b\u0119d\u0105 r\u00f3wnie\u017c podlega\u0107 Warunkom \u015bwiadczenia us\u0142ug. Z najbardziej aktualn\u0105 wersj\u0105 Regulaminu mo\u017cna zapozna\u0107 si\u0119 w dowolnym momencie na tej stronie. Zastrzegamy sobie prawo do aktualizacji, zmiany lub zast\u0105pienia dowolnej cz\u0119\u015bci niniejszych Warunk\u00f3w \u015bwiadczenia us\u0142ug poprzez publikowanie aktualizacji i\/lub zmian na naszej stronie internetowej. Obowi\u0105zkiem u\u017cytkownika jest okresowe sprawdzanie tej strony pod k\u0105tem zmian. Dalsze korzystanie z witryny lub dost\u0119p do niej po opublikowaniu jakichkolwiek zmian oznacza akceptacj\u0119 tych zmian.    <\/span><\/p>\n<p data-fontsize=\"18\"><span data-preserver-spaces=\"true\"> <\/span><\/p>\n<p data-fontsize=\"18\"><span data-preserver-spaces=\"true\"><b>SEKCJA 2 &#8211; REGULAMIN SKLEPU INTERNETOWEGO  <\/b><\/span><\/p>\n<p data-fontsize=\"18\"><span data-preserver-spaces=\"true\">Wyra\u017caj\u0105c zgod\u0119 na niniejsze Warunki \u015bwiadczenia us\u0142ug, u\u017cytkownik o\u015bwiadcza, \u017ce jest co najmniej pe\u0142noletni w swoim stanie lub prowincji zamieszkania lub \u017ce jest pe\u0142noletni w swoim stanie lub prowincji zamieszkania i wyrazi\u0142 zgod\u0119 na korzystanie z tej witryny przez osoby niepe\u0142noletnie pozostaj\u0105ce na jego utrzymaniu. U\u017cytkownik nie mo\u017ce korzysta\u0107 z naszych produkt\u00f3w w jakimkolwiek nielegalnym lub niedozwolonym celu, ani nie mo\u017ce, korzystaj\u0105c z Us\u0142ugi, narusza\u0107 jakichkolwiek praw obowi\u0105zuj\u0105cych w jego jurysdykcji (w tym mi\u0119dzy innymi praw autorskich). <\/span><\/p>\n<p data-fontsize=\"18\"><span data-preserver-spaces=\"true\">U\u017cytkownik nie mo\u017ce przesy\u0142a\u0107 \u017cadnych robak\u00f3w, wirus\u00f3w ani kodu o charakterze destrukcyjnym. Naruszenie kt\u00f3regokolwiek z Warunk\u00f3w spowoduje natychmiastowe zako\u0144czenie \u015bwiadczenia Us\u0142ug. <\/span><\/p>\n<p data-fontsize=\"18\"><span data-preserver-spaces=\"true\"> <\/span><\/p>\n<p data-fontsize=\"18\"><span data-preserver-spaces=\"true\"><b>SEKCJA 3 &#8211; WARUNKI OG\u00d3LNE<\/b><\/span><\/p>\n<p data-fontsize=\"18\"><span data-preserver-spaces=\"true\">Zastrzegamy sobie prawo do odmowy \u015bwiadczenia us\u0142ug ka\u017cdemu u\u017cytkownikowi z dowolnego powodu w dowolnym czasie. U\u017cytkownik przyjmuje do wiadomo\u015bci, \u017ce jego tre\u015bci (z wy\u0142\u0105czeniem informacji o karcie kredytowej) mog\u0105 by\u0107 przesy\u0142ane w postaci niezaszyfrowanej i obejmowa\u0107 (a) transmisje przez r\u00f3\u017cne sieci; oraz (b) zmiany maj\u0105ce na celu dostosowanie si\u0119 do wymaga\u0144 technicznych \u0142\u0105cz\u0105cych si\u0119 sieci lub urz\u0105dze\u0144. Informacje o karcie kredytowej s\u0105 zawsze szyfrowane podczas przesy\u0142ania przez sieci.    <\/span><\/p>\n<p data-fontsize=\"18\"><span data-preserver-spaces=\"true\">SEKCJA 4 &#8211; DOK\u0141ADNO\u015a\u0106, KOMPLETNO\u015a\u0106 I AKTUALNO\u015a\u0106 INFORMACJI<\/span><\/p>\n<p data-fontsize=\"18\"><span data-preserver-spaces=\"true\">Nie ponosimy odpowiedzialno\u015bci, je\u015bli informacje udost\u0119pnione na tej stronie nie s\u0105 dok\u0142adne, kompletne lub aktualne. Materia\u0142y zamieszczone na tej stronie s\u0142u\u017c\u0105 wy\u0142\u0105cznie celom informacyjnym i nie nale\u017cy na nich polega\u0107 ani wykorzystywa\u0107 ich jako jedynej podstawy do podejmowania decyzji bez konsultacji z pierwotnymi, dok\u0142adniejszymi, pe\u0142niejszymi lub bardziej aktualnymi \u017ar\u00f3d\u0142ami informacji. U\u017cytkownik opiera si\u0119 na materia\u0142ach zawartych na tej stronie na w\u0142asne ryzyko. Niniejsza witryna mo\u017ce zawiera\u0107 pewne informacje historyczne. Informacje historyczne, z konieczno\u015bci, nie s\u0105 aktualne i s\u0105 dostarczane wy\u0142\u0105cznie w celach informacyjnych. Zastrzegamy sobie prawo do modyfikowania zawarto\u015bci tej witryny w dowolnym momencie, ale nie mamy obowi\u0105zku aktualizowania jakichkolwiek informacji na naszej stronie. U\u017cytkownik zgadza si\u0119, \u017ce jego obowi\u0105zkiem jest monitorowanie zmian na naszej stronie.      <\/span><\/p>\n<p data-fontsize=\"18\"><span data-preserver-spaces=\"true\">Oczywi\u015bcie, b\u0119d\u0119 kontynuowa\u0142 tam, gdzie sko\u0144czy\u0142em, ale nale\u017cy pami\u0119ta\u0107, \u017ce pe\u0142ne warunki \u015bwiadczenia us\u0142ug powinny by\u0107 tworzone z pomoc\u0105 prawnika, aby upewni\u0107 si\u0119, \u017ce wszystkie niezb\u0119dne szczeg\u00f3\u0142y s\u0105 uwzgl\u0119dnione i specyficzne dla firmy lub us\u0142ugi. Oto og\u00f3lna kontynuacja: <\/span><\/p>\n<p data-fontsize=\"18\"><span data-preserver-spaces=\"true\"> <\/span><\/p>\n<p data-fontsize=\"18\"><span data-preserver-spaces=\"true\"><b>SEKCJA 5 &#8211; PRODUKTY LUB US\u0141UGI<\/b><\/span><\/p>\n<p data-fontsize=\"18\"><span data-preserver-spaces=\"true\">Niekt\u00f3re produkty lub us\u0142ugi mog\u0105 by\u0107 dost\u0119pne wy\u0142\u0105cznie online za po\u015brednictwem strony internetowej. Te produkty lub us\u0142ugi mog\u0105 mie\u0107 ograniczone ilo\u015bci i podlegaj\u0105 zwrotowi lub wymianie wy\u0142\u0105cznie zgodnie z nasz\u0105 Polityk\u0105 zwrot\u00f3w. Do\u0142o\u017cyli\u015bmy wszelkich stara\u0144, aby jak najdok\u0142adniej wy\u015bwietli\u0107 kolory i obrazy naszych produkt\u00f3w, kt\u00f3re pojawiaj\u0105 si\u0119 w sklepie. Nie mo\u017cemy zagwarantowa\u0107, \u017ce kolory wy\u015bwietlane na monitorze komputera b\u0119d\u0105 dok\u0142adne.   <\/span><\/p>\n<p data-fontsize=\"18\"><span data-preserver-spaces=\"true\"> <\/span><\/p>\n<p data-fontsize=\"18\"><span data-preserver-spaces=\"true\"><b>SEKCJA 6 &#8211; DOK\u0141ADNO\u015a\u0106 ROZLICZE\u0143 I INFORMACJI O KONCIE<\/b><\/span><\/p>\n<p data-fontsize=\"18\"><span data-preserver-spaces=\"true\">U\u017cytkownik zgadza si\u0119 podawa\u0107 aktualne, kompletne i dok\u0142adne informacje o zakupach i koncie dla wszystkich zakup\u00f3w dokonywanych w naszym sklepie. U\u017cytkownik wyra\u017ca zgod\u0119 na niezw\u0142oczn\u0105 aktualizacj\u0119 swojego konta i innych informacji, w tym adresu e-mail oraz numer\u00f3w i dat wa\u017cno\u015bci kart kredytowych, aby\u015bmy mogli sfinalizowa\u0107 transakcje i skontaktowa\u0107 si\u0119 z u\u017cytkownikiem w razie potrzeby. <\/span><\/p>\n<p data-fontsize=\"18\"><span data-preserver-spaces=\"true\"> <\/span><\/p>\n<p data-fontsize=\"18\"><span data-preserver-spaces=\"true\"><b>SEKCJA 7 &#8211; NARZ\u0118DZIA OPCJONALNE<\/b><\/span><\/p>\n<p data-fontsize=\"18\"><span data-preserver-spaces=\"true\">Mo\u017cemy zapewni\u0107 u\u017cytkownikowi dost\u0119p do narz\u0119dzi stron trzecich, kt\u00f3rych nie monitorujemy, nie kontrolujemy ani nie mamy na nie wp\u0142ywu. U\u017cytkownik przyjmuje do wiadomo\u015bci i zgadza si\u0119, \u017ce zapewniamy dost\u0119p do takich narz\u0119dzi &#8222;tak jak s\u0105&#8221; i &#8222;tak jak s\u0105 dost\u0119pne&#8221; bez \u017cadnych gwarancji, o\u015bwiadcze\u0144 lub warunk\u00f3w jakiegokolwiek rodzaju i bez \u017cadnego poparcia. <\/span><\/p>\n<p data-fontsize=\"18\"><span data-preserver-spaces=\"true\"> <\/span><\/p>\n<p data-fontsize=\"18\"><span data-preserver-spaces=\"true\"><b>SEKCJA 8 &#8211; LINKI STRON TRZECICH<\/b><\/span><\/p>\n<p data-fontsize=\"18\"><span data-preserver-spaces=\"true\">Niekt\u00f3re tre\u015bci, produkty i us\u0142ugi dost\u0119pne za po\u015brednictwem naszej Us\u0142ugi mog\u0105 zawiera\u0107 materia\u0142y stron trzecich. \u0141\u0105cza stron trzecich na tej stronie mog\u0105 kierowa\u0107 u\u017cytkownika do stron internetowych stron trzecich, kt\u00f3re nie s\u0105 z nami powi\u0105zane. Nie ponosimy odpowiedzialno\u015bci za badanie lub ocen\u0119 tre\u015bci lub dok\u0142adno\u015bci i nie gwarantujemy i nie b\u0119dziemy ponosi\u0107 \u017cadnej odpowiedzialno\u015bci za jakiekolwiek materia\u0142y lub strony internetowe stron trzecich, ani za jakiekolwiek inne materia\u0142y, produkty lub us\u0142ugi stron trzecich.  <\/span><\/p>\n<p data-fontsize=\"18\"><span data-preserver-spaces=\"true\"> <\/span><\/p>\n<p data-fontsize=\"18\"><span data-preserver-spaces=\"true\"><b>SEKCJA 9 &#8211; KOMENTARZE U\u017bYTKOWNIK\u00d3W, OPINIE I INNE ZG\u0141OSZENIA<\/b><\/span><\/p>\n<p data-fontsize=\"18\"><span data-preserver-spaces=\"true\">W przypadku przes\u0142ania okre\u015blonych zg\u0142osze\u0144 lub kreatywnych pomys\u0142\u00f3w, sugestii, propozycji, plan\u00f3w lub innych materia\u0142\u00f3w, zar\u00f3wno online, poczt\u0105 elektroniczn\u0105, poczt\u0105 tradycyjn\u0105 lub w inny spos\u00f3b, u\u017cytkownik zgadza si\u0119, \u017ce mo\u017cemy w dowolnym momencie, bez ogranicze\u0144, edytowa\u0107, kopiowa\u0107, publikowa\u0107, rozpowszechnia\u0107, t\u0142umaczy\u0107 i w inny spos\u00f3b wykorzystywa\u0107 w dowolnym medium wszelkie komentarze, kt\u00f3re nam przekazuje. Nie jeste\u015bmy zobowi\u0105zani do zachowania jakichkolwiek komentarzy w tajemnicy, wyp\u0142acania rekompensaty za jakiekolwiek komentarze ani odpowiadania na jakiekolwiek komentarze. <\/span><\/p>\n<p data-fontsize=\"18\"><span data-preserver-spaces=\"true\"> <\/span><\/p>\n<p data-fontsize=\"18\"><span data-preserver-spaces=\"true\"><b>SEKCJA 10 &#8211; DANE OSOBOWE<\/b><\/span><\/p>\n<p data-fontsize=\"18\"><span data-preserver-spaces=\"true\">Przekazywanie danych osobowych za po\u015brednictwem sklepu podlega naszej Polityce prywatno\u015bci.<\/span><\/p>\n<p data-fontsize=\"18\"><span data-preserver-spaces=\"true\"> <\/span><\/p>\n<p data-fontsize=\"18\"><span data-preserver-spaces=\"true\"><b>SEKCJA 11 &#8211; B\u0141\u0118DY, NIE\u015aCIS\u0141O\u015aCI I POMINI\u0118CIA<\/b><\/span><\/p>\n<p data-fontsize=\"18\"><span data-preserver-spaces=\"true\">Czasami na naszej stronie lub w Serwisie mog\u0105 znajdowa\u0107 si\u0119 informacje zawieraj\u0105ce b\u0142\u0119dy typograficzne, nie\u015bcis\u0142o\u015bci lub pomini\u0119cia, kt\u00f3re mog\u0105 odnosi\u0107 si\u0119 do opis\u00f3w produkt\u00f3w, cen, promocji, ofert, op\u0142at za wysy\u0142k\u0119 produkt\u00f3w, czasu dostawy i dost\u0119pno\u015bci. Zastrzegamy sobie prawo do poprawiania wszelkich b\u0142\u0119d\u00f3w, nie\u015bcis\u0142o\u015bci lub pomini\u0119\u0107, a tak\u017ce do zmiany lub aktualizacji informacji lub anulowania zam\u00f3wie\u0144, je\u015bli jakiekolwiek informacje w Serwisie lub na jakiejkolwiek powi\u0105zanej stronie internetowej s\u0105 niedok\u0142adne w dowolnym momencie bez uprzedniego powiadomienia. <\/span><\/p>\n<p data-fontsize=\"18\"><span data-preserver-spaces=\"true\"> <\/span><\/p>\n<p data-fontsize=\"18\"><span data-preserver-spaces=\"true\"><b>SEKCJA 12 &#8211; ZASTOSOWANIA ZABRONIONE<\/b><\/span><\/p>\n<p data-fontsize=\"18\"><span data-preserver-spaces=\"true\">Opr\u00f3cz innych zakaz\u00f3w okre\u015blonych w Warunkach \u015bwiadczenia us\u0142ug, u\u017cytkownikowi zabrania si\u0119 korzystania z witryny lub jej zawarto\u015bci w jakimkolwiek niezgodnym z prawem celu; nak\u0142aniania innych do wykonywania lub uczestniczenia w jakichkolwiek niezgodnych z prawem dzia\u0142aniach; naruszania jakichkolwiek mi\u0119dzynarodowych, federalnych, prowincjonalnych lub stanowych przepis\u00f3w, zasad, praw lub lokalnych rozporz\u0105dze\u0144.<\/span><\/p>\n<p data-fontsize=\"18\"><span data-preserver-spaces=\"true\"> <\/span><\/p>\n<p data-fontsize=\"18\"><span data-preserver-spaces=\"true\"><b>SEKCJA 13 &#8211; ZRZECZENIE SI\u0118 GWARANCJI; OGRANICZENIE ODPOWIEDZIALNO\u015aCI<\/b><\/span><\/p>\n<p data-fontsize=\"18\"><span data-preserver-spaces=\"true\">Nie gwarantujemy, nie o\u015bwiadczamy ani nie zapewniamy, \u017ce korzystanie z naszej us\u0142ugi b\u0119dzie nieprzerwane, terminowe, bezpieczne lub wolne od b\u0142\u0119d\u00f3w. Nie gwarantujemy, \u017ce wyniki, kt\u00f3re mo\u017cna uzyska\u0107 w wyniku korzystania z us\u0142ugi, b\u0119d\u0105 dok\u0142adne lub wiarygodne. <\/span><\/p>\n<p data-fontsize=\"18\"><span data-preserver-spaces=\"true\"> <\/span><\/p>\n<p data-fontsize=\"18\"><span data-preserver-spaces=\"true\"><b>SEKCJA 14 &#8211; ODSZKODOWANIE<\/b><\/span><\/p>\n<p data-fontsize=\"18\"><span data-preserver-spaces=\"true\">U\u017cytkownik zgadza si\u0119 zabezpieczy\u0107, broni\u0107 i chroni\u0107 CMYLEAD oraz naszych rodzic\u00f3w, podmioty zale\u017cne, podmioty stowarzyszone, partner\u00f3w, cz\u0142onk\u00f3w zarz\u0105du, dyrektor\u00f3w, agent\u00f3w, wykonawc\u00f3w, licencjodawc\u00f3w, us\u0142ugodawc\u00f3w, podwykonawc\u00f3w, dostawc\u00f3w, sta\u017cyst\u00f3w i pracownik\u00f3w przed wszelkimi roszczeniami lub \u017c\u0105daniami, w tym uzasadnionymi honorariami prawnik\u00f3w, wniesionymi przez jak\u0105kolwiek stron\u0119 trzeci\u0105 z powodu lub wynikaj\u0105cymi z naruszenia przez u\u017cytkownika niniejszych Warunk\u00f3w \u015bwiadczenia us\u0142ug lub dokument\u00f3w, do kt\u00f3rych s\u0105 one w\u0142\u0105czone przez odniesienie, lub naruszenia przez u\u017cytkownika jakiegokolwiek prawa lub praw strony trzeciej.<\/span><\/p>\n<p data-fontsize=\"18\"><span data-preserver-spaces=\"true\"> <\/span><\/p>\n<p data-fontsize=\"18\"><span data-preserver-spaces=\"true\"><b>SEKCJA 15 &#8211; ROZDZIELNO\u015a\u0106<\/b><\/span><\/p>\n<p data-fontsize=\"18\"><span data-preserver-spaces=\"true\">W przypadku, gdy jakiekolwiek postanowienie niniejszych Warunk\u00f3w \u015bwiadczenia us\u0142ug zostanie uznane za niezgodne z prawem, niewa\u017cne lub niewykonalne, takie postanowienie b\u0119dzie jednak wykonalne w najszerszym zakresie dozwolonym przez obowi\u0105zuj\u0105ce prawo, a niewykonalna cz\u0119\u015b\u0107 zostanie uznana za oddzielon\u0105 od niniejszych Warunk\u00f3w \u015bwiadczenia us\u0142ug.<\/span><\/p>\n<p data-fontsize=\"18\"><span data-preserver-spaces=\"true\"> <\/span><\/p>\n<p data-fontsize=\"18\"><span data-preserver-spaces=\"true\"><b>SEKCJA 16 &#8211; ROZWI\u0104ZANIE UMOWY<\/b><\/span><\/p>\n<p data-fontsize=\"18\"><span data-preserver-spaces=\"true\">Niniejsze Warunki \u015bwiadczenia us\u0142ug obowi\u0105zuj\u0105 do momentu ich wypowiedzenia przez u\u017cytkownika lub przez nas. U\u017cytkownik mo\u017ce wypowiedzie\u0107 niniejsze Warunki \u015bwiadczenia us\u0142ug w dowolnym momencie, powiadamiaj\u0105c nas, \u017ce nie chce ju\u017c korzysta\u0107 z naszych Us\u0142ug lub zaprzestaj\u0105c korzystania z naszej witryny. <\/span><\/p>\n<p data-fontsize=\"18\"><span data-preserver-spaces=\"true\"> <\/span><\/p>\n<p data-fontsize=\"18\"><span data-preserver-spaces=\"true\"><b>SEKCJA 17 &#8211; CA\u0141O\u015a\u0106 UMOWY<\/b><\/span><\/p>\n<p data-fontsize=\"18\"><span data-preserver-spaces=\"true\">Niniejsze Warunki \u015bwiadczenia us\u0142ug oraz wszelkie zasady lub regu\u0142y operacyjne opublikowane przez nas na tej stronie lub w odniesieniu do Us\u0142ugi stanowi\u0105 ca\u0142o\u015b\u0107 umowy i porozumienia mi\u0119dzy u\u017cytkownikiem a nami i reguluj\u0105 korzystanie z Us\u0142ugi przez u\u017cytkownika, zast\u0119puj\u0105c wszelkie wcze\u015bniejsze lub r\u00f3wnoczesne umowy, komunikaty i propozycje, ustne lub pisemne, mi\u0119dzy u\u017cytkownikiem a nami.<\/span><\/p>\n<p data-fontsize=\"18\"><span data-preserver-spaces=\"true\"> <\/span><\/p>\n<p data-fontsize=\"18\"><span data-preserver-spaces=\"true\"><b>SEKCJA 18 &#8211; PRAWO W\u0141A\u015aCIWE<\/b><\/span><\/p>\n<p data-fontsize=\"18\"><span data-preserver-spaces=\"true\">Niniejsze Warunki \u015bwiadczenia us\u0142ug oraz wszelkie odr\u0119bne umowy, na mocy kt\u00f3rych \u015bwiadczymy u\u017cytkownikowi Us\u0142ugi, podlegaj\u0105 prawu jurysdykcji, w kt\u00f3rej zarejestrowana jest nasza sp\u00f3\u0142ka, i zgodnie z nim b\u0119d\u0105 interpretowane.<\/span><\/p>\n<p data-fontsize=\"18\"><span data-preserver-spaces=\"true\"> <\/span><\/p>\n<p data-fontsize=\"18\"><span data-preserver-spaces=\"true\"><b>SEKCJA 19 &#8211; ZMIANY WARUNK\u00d3W \u015aWIADCZENIA US\u0141UG<\/b><\/span><\/p>\n<p data-fontsize=\"18\"><span data-preserver-spaces=\"true\">Z najbardziej aktualn\u0105 wersj\u0105 Warunk\u00f3w \u015bwiadczenia us\u0142ug mo\u017cna zapozna\u0107 si\u0119 w dowolnym momencie na tej stronie. Zastrzegamy sobie prawo, wed\u0142ug w\u0142asnego uznania, do aktualizacji, zmiany lub zast\u0105pienia dowolnej cz\u0119\u015bci niniejszych Warunk\u00f3w \u015bwiadczenia us\u0142ug poprzez publikowanie aktualizacji i zmian na naszej stronie internetowej. <\/span><\/p>\n<p data-fontsize=\"18\"><span data-preserver-spaces=\"true\"> <\/span><\/p>\n<p data-fontsize=\"18\"><span data-preserver-spaces=\"true\"><b>SEKCJA 20 &#8211; INFORMACJE KONTAKTOWE<\/b><\/span><\/p>\n<p data-fontsize=\"18\"><span data-preserver-spaces=\"true\">Pytania dotycz\u0105ce Warunk\u00f3w \u015bwiadczenia us\u0142ug nale\u017cy kierowa\u0107 do nas na adres info@cmylead.com.<\/span><\/p>\n\t\t\t\t\t\t\t\t<\/div>\n\t\t\t\t<\/div>\n\t\t\t\t<div class=\"elementor-element elementor-element-26be6c1 elementor-widget elementor-widget-spacer\" data-id=\"26be6c1\" data-element_type=\"widget\" data-widget_type=\"spacer.default\">\n\t\t\t\t<div class=\"elementor-widget-container\">\n\t\t\t\t\t\t\t<div class=\"elementor-spacer\">\n\t\t\t<div class=\"elementor-spacer-inner\"><\/div>\n\t\t<\/div>\n\t\t\t\t\t\t<\/div>\n\t\t\t\t<\/div>\n\t\t\t\t\t<\/div>\n\t\t<\/div>\n\t\t\t\t\t<\/div>\n\t\t<\/section>\n\t\t\t\t<\/div>\n\t\t","protected":false},"excerpt":{"rendered":"<p>Warunki u\u017cytkowania SEKCJA 1 &#8211; PRZEGL\u0104D Ta strona jest obs\u0142ugiwana przez CMYLEAD. W ca\u0142ej witrynie terminy &#8222;my&#8221;, &#8222;nas&#8221; i &#8222;nasz&#8221; odnosz\u0105 si\u0119 do CMYLEAD. CMYLEAD oferuje t\u0119 witryn\u0119, w tym wszystkie informacje, narz\u0119dzia i us\u0142ugi dost\u0119pne w tej witrynie, u\u017cytkownikowi, pod warunkiem zaakceptowania przez niego wszystkich warunk\u00f3w, zasad i powiadomie\u0144 okre\u015blonych tutaj. Odwiedzaj\u0105c nasz\u0105 witryn\u0119 [&hellip;]<\/p>\n","protected":false},"author":1,"featured_media":0,"parent":0,"menu_order":0,"comment_status":"closed","ping_status":"closed","template":"","meta":{"footnotes":""},"class_list":["post-3478","page","type-page","status-publish","hentry"],"_links":{"self":[{"href":"https:\/\/cmylead.com\/pl\/wp-json\/wp\/v2\/pages\/3478","targetHints":{"allow":["GET"]}}],"collection":[{"href":"https:\/\/cmylead.com\/pl\/wp-json\/wp\/v2\/pages"}],"about":[{"href":"https:\/\/cmylead.com\/pl\/wp-json\/wp\/v2\/types\/page"}],"author":[{"embeddable":true,"href":"https:\/\/cmylead.com\/pl\/wp-json\/wp\/v2\/users\/1"}],"replies":[{"embeddable":true,"href":"https:\/\/cmylead.com\/pl\/wp-json\/wp\/v2\/comments?post=3478"}],"version-history":[{"count":1,"href":"https:\/\/cmylead.com\/pl\/wp-json\/wp\/v2\/pages\/3478\/revisions"}],"predecessor-version":[{"id":3479,"href":"https:\/\/cmylead.com\/pl\/wp-json\/wp\/v2\/pages\/3478\/revisions\/3479"}],"wp:attachment":[{"href":"https:\/\/cmylead.com\/pl\/wp-json\/wp\/v2\/media?parent=3478"}],"curies":[{"name":"wp","href":"https:\/\/api.w.org\/{rel}","templated":true}]}}