{"id":3484,"date":"2024-10-31T17:35:35","date_gmt":"2024-10-31T17:35:35","guid":{"rendered":"https:\/\/cmylead.com\/polityka-prywatnosci\/"},"modified":"2024-11-11T16:55:14","modified_gmt":"2024-11-11T16:55:14","slug":"polityka-prywatnosci","status":"publish","type":"page","link":"https:\/\/cmylead.com\/pl\/polityka-prywatnosci\/","title":{"rendered":"Polityka prywatno\u015bci"},"content":{"rendered":"<style>.elementor-3484 .elementor-element.elementor-element-3438da73 > .elementor-background-overlay{background-color:var( --e-global-color-secondary );opacity:0.9;transition:background 0.3s, border-radius 0.3s, opacity 0.3s;}.elementor-3484 .elementor-element.elementor-element-3438da73 > .elementor-container{max-width:1200px;}.elementor-3484 .elementor-element.elementor-element-3438da73:not(.elementor-motion-effects-element-type-background), .elementor-3484 .elementor-element.elementor-element-3438da73 > .elementor-motion-effects-container > .elementor-motion-effects-layer{background-position:0% 10%;background-repeat:no-repeat;background-size:cover;}.elementor-3484 .elementor-element.elementor-element-3438da73{transition:background 0.3s, border 0.3s, border-radius 0.3s, box-shadow 0.3s;margin-top:-100px;margin-bottom:100px;padding:200px 0px 100px 0px;}.elementor-3484 .elementor-element.elementor-element-6d3af210{text-align:center;}.elementor-3484 .elementor-element.elementor-element-6d3af210 .elementor-heading-title{font-family:var( --e-global-typography-secondary-font-family ), Sans-serif;font-size:var( --e-global-typography-secondary-font-size );font-weight:var( --e-global-typography-secondary-font-weight );text-transform:var( --e-global-typography-secondary-text-transform );text-decoration:var( --e-global-typography-secondary-text-decoration );line-height:var( --e-global-typography-secondary-line-height );color:var( --e-global-color-827cd3a );}:root{--page-title-display:none;}@media(max-width:1024px){.elementor-3484 .elementor-element.elementor-element-3438da73:not(.elementor-motion-effects-element-type-background), .elementor-3484 .elementor-element.elementor-element-3438da73 > .elementor-motion-effects-container > .elementor-motion-effects-layer{background-position:0px 0px;}.elementor-3484 .elementor-element.elementor-element-3438da73{margin-top:-150px;margin-bottom:100px;padding:220px 0px 100px 0px;}.elementor-3484 .elementor-element.elementor-element-32bdeddb > .elementor-element-populated{margin:0px 0px 0px 0px;--e-column-margin-right:0px;--e-column-margin-left:0px;padding:0px 30px 0px 30px;}.elementor-3484 .elementor-element.elementor-element-6d3af210 .elementor-heading-title{font-size:var( --e-global-typography-secondary-font-size );line-height:var( --e-global-typography-secondary-line-height );}}@media(max-width:767px){.elementor-3484 .elementor-element.elementor-element-3438da73:not(.elementor-motion-effects-element-type-background), .elementor-3484 .elementor-element.elementor-element-3438da73 > .elementor-motion-effects-container > .elementor-motion-effects-layer{background-position:0px 0px;}.elementor-3484 .elementor-element.elementor-element-3438da73{margin-top:-150px;margin-bottom:100px;padding:220px 0px 100px 0px;}.elementor-3484 .elementor-element.elementor-element-32bdeddb > .elementor-element-populated{margin:0px 0px 0px 0px;--e-column-margin-right:0px;--e-column-margin-left:0px;padding:0px 20px 0px 20px;}.elementor-3484 .elementor-element.elementor-element-6d3af210 .elementor-heading-title{font-size:var( --e-global-typography-secondary-font-size );line-height:var( --e-global-typography-secondary-line-height );}}<\/style>\t\t<div data-elementor-type=\"wp-page\" data-elementor-id=\"3484\" class=\"elementor elementor-3484 elementor-1345\" data-elementor-post-type=\"page\">\n\t\t\t\t\t\t<section class=\"elementor-section elementor-top-section elementor-element elementor-element-3438da73 elementor-section-boxed elementor-section-height-default elementor-section-height-default\" data-id=\"3438da73\" data-element_type=\"section\" data-settings=\"{&quot;background_background&quot;:&quot;classic&quot;}\">\n\t\t\t\t\t\t\t<div class=\"elementor-background-overlay\"><\/div>\n\t\t\t\t\t\t\t<div class=\"elementor-container elementor-column-gap-default\">\n\t\t\t\t\t<div class=\"elementor-column elementor-col-100 elementor-top-column elementor-element elementor-element-32bdeddb\" data-id=\"32bdeddb\" data-element_type=\"column\">\n\t\t\t<div class=\"elementor-widget-wrap elementor-element-populated\">\n\t\t\t\t\t\t<div class=\"elementor-element elementor-element-6d3af210 elementor-widget elementor-widget-heading\" data-id=\"6d3af210\" data-element_type=\"widget\" data-widget_type=\"heading.default\">\n\t\t\t\t<div class=\"elementor-widget-container\">\n\t\t\t\t\t<h2 class=\"elementor-heading-title elementor-size-default\">Polityka prywatno\u015bci<\/h2>\t\t\t\t<\/div>\n\t\t\t\t<\/div>\n\t\t\t\t\t<\/div>\n\t\t<\/div>\n\t\t\t\t\t<\/div>\n\t\t<\/section>\n\t\t\t\t<section class=\"elementor-section elementor-top-section elementor-element elementor-element-fb8c355 elementor-section-boxed elementor-section-height-default elementor-section-height-default\" data-id=\"fb8c355\" data-element_type=\"section\">\n\t\t\t\t\t\t<div class=\"elementor-container elementor-column-gap-default\">\n\t\t\t\t\t<div class=\"elementor-column elementor-col-100 elementor-top-column elementor-element elementor-element-63313d6\" data-id=\"63313d6\" data-element_type=\"column\">\n\t\t\t<div class=\"elementor-widget-wrap elementor-element-populated\">\n\t\t\t\t\t\t<div class=\"elementor-element elementor-element-98a631c elementor-widget elementor-widget-text-editor\" data-id=\"98a631c\" data-element_type=\"widget\" data-widget_type=\"text-editor.default\">\n\t\t\t\t<div class=\"elementor-widget-container\">\n\t\t\t\t\t\t\t\t\t<h4 data-fontsize=\"24\"><span data-preserver-spaces=\"true\">Na stronie CmyLead, dost\u0119pnej pod adresem <\/span><a href=\"https:\/\/cmylead.com\/\" target=\"_blank\" rel=\"noopener\" data-fontsize=\"24\">www.cmylead.com<\/a><span data-preserver-spaces=\"true\">Naszym najwy\u017cszym priorytetem jest prywatno\u015b\u0107 i zaufanie naszych u\u017cytkownik\u00f3w. Niniejsza Polityka prywatno\u015bci okre\u015bla rodzaje gromadzonych i rejestrowanych przez nas informacji oraz spos\u00f3b ich wykorzystywania. <\/span><\/h4>\n<div><span data-preserver-spaces=\"true\"> <\/span><\/div>\n<p data-fontsize=\"18\"><span data-preserver-spaces=\"true\">W przypadku jakichkolwiek pyta\u0144 lub dalszych informacji na temat naszej Polityki prywatno\u015bci, prosimy o kontakt.<\/span><\/p>\n<p data-fontsize=\"18\"><span data-preserver-spaces=\"true\">Niniejsza Polityka prywatno\u015bci ma zastosowanie do naszych dzia\u0142a\u0144 online i obowi\u0105zuje u\u017cytkownik\u00f3w w odniesieniu do informacji, kt\u00f3re udost\u0119pniaj\u0105 i\/lub gromadz\u0105 w CmyLead. Nie obejmuje ona informacji gromadzonych offline lub za po\u015brednictwem innych kana\u0142\u00f3w poza t\u0105 witryn\u0105. Nasza Polityka Prywatno\u015bci zosta\u0142a opracowana przy pomocy darmowego Generatora Polityki Prywatno\u015bci.  <\/span><\/p>\n<p data-fontsize=\"18\"><span data-preserver-spaces=\"true\"><b>Zgoda<\/b><\/span><\/p>\n<p data-fontsize=\"18\"><span data-preserver-spaces=\"true\">Korzystaj\u0105c z naszej strony internetowej, u\u017cytkownik niniejszym wyra\u017ca zgod\u0119 na nasz\u0105 Polityk\u0119 prywatno\u015bci i akceptuje jej warunki.<\/span><\/p>\n<p data-fontsize=\"18\"><span data-preserver-spaces=\"true\"><b>Gromadzone przez nas informacje<\/b><\/span><\/p>\n<p data-fontsize=\"18\"><span data-preserver-spaces=\"true\">Wyra\u017anie wyja\u015bnimy, dlaczego potrzebujemy danych osobowych, o kt\u00f3rych podanie prosimy.<\/span><\/p>\n<p data-fontsize=\"18\"><span data-preserver-spaces=\"true\">Je\u015bli u\u017cytkownik skontaktuje si\u0119 z nami bezpo\u015brednio, mo\u017cemy otrzyma\u0107 dodatkowe informacje, takie jak imi\u0119 i nazwisko, adres e-mail, numer telefonu, tre\u015b\u0107 wiadomo\u015bci lub za\u0142\u0105cznik\u00f3w, kt\u00f3re u\u017cytkownik mo\u017ce nam przes\u0142a\u0107, oraz wszelkie inne informacje, kt\u00f3re u\u017cytkownik zdecyduje si\u0119 poda\u0107.<\/span><\/p>\n<p data-fontsize=\"18\"><span data-preserver-spaces=\"true\">Podczas rejestracji Konta mo\u017cemy poprosi\u0107 o podanie danych kontaktowych, w tym imienia i nazwiska, nazwy firmy, adresu, adresu e-mail i numeru telefonu.<\/span><\/p>\n<p data-fontsize=\"18\"><span data-preserver-spaces=\"true\"><b>Jak wykorzystujemy informacje o u\u017cytkowniku?<\/b><\/span><\/p>\n<p data-fontsize=\"18\"><span data-preserver-spaces=\"true\">Gromadzone przez nas informacje wykorzystujemy na wiele sposob\u00f3w, w tym do:<\/span><\/p>\n<ul>\n<li><span data-preserver-spaces=\"true\">Zapewnienie, obs\u0142uga i utrzymanie naszej strony internetowej<\/span><\/li>\n<li><span data-preserver-spaces=\"true\">Ulepszanie, personalizowanie i rozszerzanie naszej strony internetowej<\/span><\/li>\n<li><span data-preserver-spaces=\"true\">Zrozumienie i analiza korzystania z naszej strony internetowej przez u\u017cytkownika<\/span><\/li>\n<li><span data-preserver-spaces=\"true\">Opracowywanie nowych produkt\u00f3w, us\u0142ug, funkcji i funkcjonalno\u015bci<\/span><\/li>\n<li><span data-preserver-spaces=\"true\">Komunikowanie si\u0119 z u\u017cytkownikiem, bezpo\u015brednio lub za po\u015brednictwem partner\u00f3w, w tym w celu obs\u0142ugi klienta, aktualizacji i innych informacji zwi\u0105zanych z witryn\u0105 oraz w celach marketingowych i promocyjnych<\/span><\/li>\n<li><span data-preserver-spaces=\"true\">Wysy\u0142anie wiadomo\u015bci e-mail<\/span><\/li>\n<li><span data-preserver-spaces=\"true\">Wykrywanie i zapobieganie oszustwom\n<p><\/span><\/li>\n<\/ul>\n<p data-fontsize=\"18\"><span data-preserver-spaces=\"true\"><b>Pliki dziennika<\/b><\/span><\/p>\n<p data-fontsize=\"18\"><span data-preserver-spaces=\"true\">CmyLead stosuje standardow\u0105 procedur\u0119 korzystania z plik\u00f3w dziennika, podobnie jak wszystkie firmy hostingowe. Te pliki dziennika \u015bledz\u0105 odwiedzaj\u0105cych, gdy odwiedzaj\u0105 strony internetowe. Gromadzone dane mog\u0105 obejmowa\u0107 adresy IP, typ przegl\u0105darki, dostawc\u0119 us\u0142ug internetowych (ISP), znaczniki daty i godziny, strony odsy\u0142aj\u0105ce\/wyj\u015bciowe oraz potencjalnie liczb\u0119 klikni\u0119\u0107. Informacje te nie s\u0105 powi\u0105zane z \u017cadnymi danymi osobowymi i s\u0105 wykorzystywane do analizowania trend\u00f3w, zarz\u0105dzania witryn\u0105, \u015bledzenia ruchu u\u017cytkownik\u00f3w i gromadzenia danych demograficznych.   <\/p>\n<p><\/span><\/p>\n<p data-fontsize=\"18\"><span data-preserver-spaces=\"true\"><b>Polityka prywatno\u015bci stron trzecich<\/b><\/span><\/p>\n<p data-fontsize=\"18\"><span data-preserver-spaces=\"true\">Polityka prywatno\u015bci CmyLead nie ma zastosowania do innych reklamodawc\u00f3w lub stron internetowych. Dlatego zalecamy zapoznanie si\u0119 z odpowiednimi politykami prywatno\u015bci serwer\u00f3w reklamowych stron trzecich w celu uzyskania bardziej szczeg\u00f3\u0142owych informacji na temat ich praktyk oraz instrukcji dotycz\u0105cych rezygnacji z niekt\u00f3rych opcji. <\/p>\n<p><\/span><\/p>\n<p data-fontsize=\"18\"><span data-preserver-spaces=\"true\"><b>Prawa do ochrony danych wynikaj\u0105ce z RODO<\/b><\/span><\/p>\n<p data-fontsize=\"18\"><span data-preserver-spaces=\"true\">Chcemy mie\u0107 pewno\u015b\u0107, \u017ce jeste\u015b w pe\u0142ni \u015bwiadomy wszystkich swoich praw do ochrony danych. Ka\u017cdy u\u017cytkownik ma prawo do nast\u0119puj\u0105cych praw: <\/span><\/p>\n<ul>\n<li><span data-preserver-spaces=\"true\">Prawo dost\u0119pu &#8211; U\u017cytkownik mo\u017ce za\u017c\u0105da\u0107 kopii swoich danych osobowych. Za t\u0119 us\u0142ug\u0119 mo\u017cemy pobra\u0107 niewielk\u0105 op\u0142at\u0119. <\/span><\/li>\n<li><span data-preserver-spaces=\"true\">Prawo do sprostowania &#8211; U\u017cytkownik mo\u017ce poprosi\u0107 o poprawienie wszelkich informacji, kt\u00f3re uwa\u017ca za niedok\u0142adne. U\u017cytkownik mo\u017ce r\u00f3wnie\u017c poprosi\u0107 o uzupe\u0142nienie informacji, kt\u00f3re uwa\u017ca za niekompletne. <\/span><\/li>\n<li><span data-preserver-spaces=\"true\">Prawo do usuni\u0119cia danych &#8211; U\u017cytkownik mo\u017ce zwr\u00f3ci\u0107 si\u0119 do nas o usuni\u0119cie jego danych osobowych na okre\u015blonych warunkach.<\/span><\/li>\n<li><span data-preserver-spaces=\"true\">Prawo do ograniczenia przetwarzania &#8211; U\u017cytkownik mo\u017ce zwr\u00f3ci\u0107 si\u0119 do nas o ograniczenie przetwarzania jego danych osobowych pod okre\u015blonymi warunkami.<\/span><\/li>\n<li><span data-preserver-spaces=\"true\">Prawo do sprzeciwu wobec przetwarzania &#8211; U\u017cytkownik mo\u017ce sprzeciwi\u0107 si\u0119 przetwarzaniu przez nas jego danych osobowych na okre\u015blonych warunkach.<\/span><\/li>\n<li><span data-preserver-spaces=\"true\">Prawo do przenoszenia danych &#8211; U\u017cytkownik mo\u017ce za\u017c\u0105da\u0107, aby\u015bmy przekazali jego dane do innej organizacji lub bezpo\u015brednio do niego, pod pewnymi warunkami.<br \/><b><br \/><\/b><\/span><\/li>\n<\/ul>\n<p data-fontsize=\"18\"><span data-preserver-spaces=\"true\"><b>Informacje dla dzieci<\/b><\/span><\/p>\n<p data-fontsize=\"18\"><span data-preserver-spaces=\"true\">Ochrona dzieci podczas korzystania z Internetu jest dla nas szczeg\u00f3lnie wa\u017cna. Zach\u0119camy rodzic\u00f3w i opiekun\u00f3w do monitorowania aktywno\u015bci online swoich dzieci. <\/span><\/p>\n<p data-fontsize=\"18\"><span data-preserver-spaces=\"true\">Cmycard nie gromadzi \u015bwiadomie \u017cadnych danych osobowych od dzieci poni\u017cej 13 roku \u017cycia. Je\u015bli uwa\u017casz, \u017ce Twoje dziecko poda\u0142o tego rodzaju informacje na naszej stronie internetowej, zdecydowanie zach\u0119camy do natychmiastowego skontaktowania si\u0119 z nami, a my do\u0142o\u017cymy wszelkich stara\u0144, aby niezw\u0142ocznie usun\u0105\u0107 takie informacje z naszych rejestr\u00f3w. <\/span><\/p>\n\t\t\t\t\t\t\t\t<\/div>\n\t\t\t\t<\/div>\n\t\t\t\t\t<\/div>\n\t\t<\/div>\n\t\t\t\t\t<\/div>\n\t\t<\/section>\n\t\t\t\t<\/div>\n\t\t","protected":false},"excerpt":{"rendered":"<p>Polityka prywatno\u015bci Na stronie CmyLead, dost\u0119pnej pod adresem www.cmylead.comNaszym najwy\u017cszym priorytetem jest prywatno\u015b\u0107 i zaufanie naszych u\u017cytkownik\u00f3w. Niniejsza Polityka prywatno\u015bci okre\u015bla rodzaje gromadzonych i rejestrowanych przez nas informacji oraz spos\u00f3b ich wykorzystywania. W przypadku jakichkolwiek pyta\u0144 lub dalszych informacji na temat naszej Polityki prywatno\u015bci, prosimy o kontakt. Niniejsza Polityka prywatno\u015bci ma zastosowanie do naszych dzia\u0142a\u0144 [&hellip;]<\/p>\n","protected":false},"author":1,"featured_media":0,"parent":0,"menu_order":0,"comment_status":"closed","ping_status":"closed","template":"","meta":{"footnotes":""},"class_list":["post-3484","page","type-page","status-publish","hentry"],"_links":{"self":[{"href":"https:\/\/cmylead.com\/pl\/wp-json\/wp\/v2\/pages\/3484","targetHints":{"allow":["GET"]}}],"collection":[{"href":"https:\/\/cmylead.com\/pl\/wp-json\/wp\/v2\/pages"}],"about":[{"href":"https:\/\/cmylead.com\/pl\/wp-json\/wp\/v2\/types\/page"}],"author":[{"embeddable":true,"href":"https:\/\/cmylead.com\/pl\/wp-json\/wp\/v2\/users\/1"}],"replies":[{"embeddable":true,"href":"https:\/\/cmylead.com\/pl\/wp-json\/wp\/v2\/comments?post=3484"}],"version-history":[{"count":1,"href":"https:\/\/cmylead.com\/pl\/wp-json\/wp\/v2\/pages\/3484\/revisions"}],"predecessor-version":[{"id":3485,"href":"https:\/\/cmylead.com\/pl\/wp-json\/wp\/v2\/pages\/3484\/revisions\/3485"}],"wp:attachment":[{"href":"https:\/\/cmylead.com\/pl\/wp-json\/wp\/v2\/media?parent=3484"}],"curies":[{"name":"wp","href":"https:\/\/api.w.org\/{rel}","templated":true}]}}