{"id":3526,"date":"2024-10-31T17:37:39","date_gmt":"2024-10-31T17:37:39","guid":{"rendered":"https:\/\/cmylead.com\/zasady-bezpieczenstwa-aplikacji-internetowych\/"},"modified":"2024-11-11T17:03:11","modified_gmt":"2024-11-11T17:03:11","slug":"zasady-bezpieczenstwa-aplikacji-internetowych","status":"publish","type":"page","link":"https:\/\/cmylead.com\/pl\/zasady-bezpieczenstwa-aplikacji-internetowych\/","title":{"rendered":"Zasady bezpiecze\u0144stwa aplikacji internetowych"},"content":{"rendered":"<style>.elementor-3526 .elementor-element.elementor-element-3438da73 > .elementor-background-overlay{background-color:var( --e-global-color-secondary );opacity:0.9;transition:background 0.3s, border-radius 0.3s, opacity 0.3s;}.elementor-3526 .elementor-element.elementor-element-3438da73 > .elementor-container{max-width:1200px;}.elementor-3526 .elementor-element.elementor-element-3438da73:not(.elementor-motion-effects-element-type-background), .elementor-3526 .elementor-element.elementor-element-3438da73 > .elementor-motion-effects-container > .elementor-motion-effects-layer{background-position:0% 10%;background-repeat:no-repeat;background-size:cover;}.elementor-3526 .elementor-element.elementor-element-3438da73{transition:background 0.3s, border 0.3s, border-radius 0.3s, box-shadow 0.3s;margin-top:-100px;margin-bottom:100px;padding:200px 0px 100px 0px;}.elementor-3526 .elementor-element.elementor-element-6d3af210{text-align:center;}.elementor-3526 .elementor-element.elementor-element-6d3af210 .elementor-heading-title{font-family:var( --e-global-typography-secondary-font-family ), Sans-serif;font-size:var( --e-global-typography-secondary-font-size );font-weight:var( --e-global-typography-secondary-font-weight );text-transform:var( --e-global-typography-secondary-text-transform );text-decoration:var( --e-global-typography-secondary-text-decoration );line-height:var( --e-global-typography-secondary-line-height );color:var( --e-global-color-827cd3a );}:root{--page-title-display:none;}@media(max-width:1024px){.elementor-3526 .elementor-element.elementor-element-3438da73:not(.elementor-motion-effects-element-type-background), .elementor-3526 .elementor-element.elementor-element-3438da73 > .elementor-motion-effects-container > .elementor-motion-effects-layer{background-position:0px 0px;}.elementor-3526 .elementor-element.elementor-element-3438da73{margin-top:-150px;margin-bottom:100px;padding:220px 0px 100px 0px;}.elementor-3526 .elementor-element.elementor-element-32bdeddb > .elementor-element-populated{margin:0px 0px 0px 0px;--e-column-margin-right:0px;--e-column-margin-left:0px;padding:0px 30px 0px 30px;}.elementor-3526 .elementor-element.elementor-element-6d3af210 .elementor-heading-title{font-size:var( --e-global-typography-secondary-font-size );line-height:var( --e-global-typography-secondary-line-height );}}@media(max-width:767px){.elementor-3526 .elementor-element.elementor-element-3438da73:not(.elementor-motion-effects-element-type-background), .elementor-3526 .elementor-element.elementor-element-3438da73 > .elementor-motion-effects-container > .elementor-motion-effects-layer{background-position:0px 0px;}.elementor-3526 .elementor-element.elementor-element-3438da73{margin-top:-150px;margin-bottom:100px;padding:220px 0px 100px 0px;}.elementor-3526 .elementor-element.elementor-element-32bdeddb > .elementor-element-populated{margin:0px 0px 0px 0px;--e-column-margin-right:0px;--e-column-margin-left:0px;padding:0px 20px 0px 20px;}.elementor-3526 .elementor-element.elementor-element-6d3af210 .elementor-heading-title{font-size:var( --e-global-typography-secondary-font-size );line-height:var( --e-global-typography-secondary-line-height );}}<\/style>\t\t<div data-elementor-type=\"wp-page\" data-elementor-id=\"3526\" class=\"elementor elementor-3526 elementor-1350\" data-elementor-post-type=\"page\">\n\t\t\t\t\t\t<section class=\"elementor-section elementor-top-section elementor-element elementor-element-3438da73 elementor-section-boxed elementor-section-height-default elementor-section-height-default\" data-id=\"3438da73\" data-element_type=\"section\" data-settings=\"{&quot;background_background&quot;:&quot;classic&quot;}\">\n\t\t\t\t\t\t\t<div class=\"elementor-background-overlay\"><\/div>\n\t\t\t\t\t\t\t<div class=\"elementor-container elementor-column-gap-default\">\n\t\t\t\t\t<div class=\"elementor-column elementor-col-100 elementor-top-column elementor-element elementor-element-32bdeddb\" data-id=\"32bdeddb\" data-element_type=\"column\">\n\t\t\t<div class=\"elementor-widget-wrap elementor-element-populated\">\n\t\t\t\t\t\t<div class=\"elementor-element elementor-element-6d3af210 elementor-widget elementor-widget-heading\" data-id=\"6d3af210\" data-element_type=\"widget\" data-widget_type=\"heading.default\">\n\t\t\t\t<div class=\"elementor-widget-container\">\n\t\t\t\t\t<h2 class=\"elementor-heading-title elementor-size-default\">Zasady bezpiecze\u0144stwa aplikacji internetowych<\/h2>\t\t\t\t<\/div>\n\t\t\t\t<\/div>\n\t\t\t\t\t<\/div>\n\t\t<\/div>\n\t\t\t\t\t<\/div>\n\t\t<\/section>\n\t\t\t\t<section class=\"elementor-section elementor-top-section elementor-element elementor-element-fb8c355 elementor-section-boxed elementor-section-height-default elementor-section-height-default\" data-id=\"fb8c355\" data-element_type=\"section\">\n\t\t\t\t\t\t<div class=\"elementor-container elementor-column-gap-default\">\n\t\t\t\t\t<div class=\"elementor-column elementor-col-100 elementor-top-column elementor-element elementor-element-63313d6\" data-id=\"63313d6\" data-element_type=\"column\">\n\t\t\t<div class=\"elementor-widget-wrap elementor-element-populated\">\n\t\t\t\t\t\t<div class=\"elementor-element elementor-element-98a631c elementor-widget elementor-widget-text-editor\" data-id=\"98a631c\" data-element_type=\"widget\" data-widget_type=\"text-editor.default\">\n\t\t\t\t<div class=\"elementor-widget-container\">\n\t\t\t\t\t\t\t\t\t<p data-fontsize=\"16\">Witamy w naszej aplikacji internetowej! Dok\u0142adamy wszelkich stara\u0144, aby zapewni\u0107 bezpiecze\u0144stwo i prywatno\u015b\u0107 naszych u\u017cytkownik\u00f3w. Poni\u017cej znajduj\u0105 si\u0119 kluczowe \u015brodki bezpiecze\u0144stwa, kt\u00f3re wdro\u017cyli\u015bmy w celu ochrony Twoich danych.  <\/p>\n<p data-fontsize=\"16\"><strong>Walidacja danych wej\u015bciowych<\/strong><\/p>\n<ul class=\"wp-block-list\">\n<li><strong>Sanityzacja i walidacja danych wej\u015bciowych:<\/strong> Zapewniamy, \u017ce wszystkie dane wej\u015bciowe u\u017cytkownika s\u0105 odpowiednio oczyszczane i walidowane, aby zapobiec zagro\u017ceniom bezpiecze\u0144stwa, takim jak wstrzykiwanie kodu SQL i skrypty cross-site (XSS).<\/li>\n<li><strong>Przygotowane instrukcje:<\/strong> U\u017cywamy przygotowanych instrukcji do interakcji z baz\u0105 danych w celu zwi\u0119kszenia bezpiecze\u0144stwa.<\/li>\n<\/ul>\n<p data-fontsize=\"16\"><strong>Uwierzytelnianie i autoryzacja<\/strong><\/p>\n<ul class=\"wp-block-list\">\n<li><strong>Silne has\u0142a:<\/strong> Egzekwujemy zasady dotycz\u0105ce silnych hase\u0142, aby chroni\u0107 Twoje konto.<\/li>\n<li><strong>Uwierzytelnianie dwusk\u0142adnikowe (2FA):<\/strong> Oferujemy 2FA dla dodatkowego bezpiecze\u0144stwa.<\/li>\n<li><strong>Kontrola dost\u0119pu oparta na rolach (RBAC):<\/strong> Dost\u0119p do zasob\u00f3w jest ograniczony na podstawie r\u00f3l u\u017cytkownik\u00f3w.<\/li>\n<\/ul>\n<p data-fontsize=\"16\"><strong>Zarz\u0105dzanie sesjami<\/strong><\/p>\n<ul class=\"wp-block-list\">\n<li><strong>Bezpieczne identyfikatory sesji:<\/strong> U\u017cywamy bezpiecznych, losowo generowanych identyfikator\u00f3w sesji przechowywanych w bezpiecznych plikach cookie.<\/li>\n<li><strong>Limit czasu sesji:<\/strong> U\u017cytkownicy s\u0105 automatycznie wylogowywani po okresie bezczynno\u015bci.<\/li>\n<li><strong>Zapobieganie przej\u0119ciu sesji:<\/strong> Regularnie regenerujemy identyfikatory sesji, zw\u0142aszcza po zalogowaniu.<\/li>\n<\/ul>\n<p data-fontsize=\"16\"><strong>Ochrona danych<\/strong><\/p>\n<ul class=\"wp-block-list\">\n<li><strong>Szyfrowanie:<\/strong> Szyfrujemy wra\u017cliwe dane zar\u00f3wno podczas przesy\u0142ania, jak i przechowywania.<\/li>\n<li><strong>Hashowanie hase\u0142:<\/strong> Has\u0142a s\u0105 przechowywane przy u\u017cyciu silnych, jednokierunkowych algorytm\u00f3w hashuj\u0105cych.<\/li>\n<\/ul>\n<p data-fontsize=\"16\"><strong>Obs\u0142uga b\u0142\u0119d\u00f3w i rejestrowanie<\/strong><\/p>\n<ul class=\"wp-block-list\">\n<li><strong>Og\u00f3lne komunikaty o b\u0142\u0119dach:<\/strong> Wy\u015bwietlamy og\u00f3lne komunikaty o b\u0142\u0119dach w celu ochrony przed wyciekiem informacji.<\/li>\n<li><strong>Szczeg\u00f3\u0142owe rejestrowanie:<\/strong> B\u0142\u0119dy s\u0105 rejestrowane ze szczeg\u00f3\u0142owymi informacjami w bezpiecznej lokalizacji.<\/li>\n<li><strong>Monitorowanie dziennik\u00f3w:<\/strong> Regularnie monitorujemy dzienniki pod k\u0105tem podejrzanych dzia\u0142a\u0144.<\/li>\n<\/ul>\n<p data-fontsize=\"16\"><strong>Praktyki bezpiecznego kodowania<\/strong><\/p>\n<ul class=\"wp-block-list\">\n<li><strong>Przegl\u0105d kodu:<\/strong> Regularne przegl\u0105dy kodu s\u0105 przeprowadzane w celu identyfikacji i naprawy luk w zabezpieczeniach.<\/li>\n<li><strong>Szkolenie w zakresie bezpiecze\u0144stwa:<\/strong> Nasi programi\u015bci przechodz\u0105 ci\u0105g\u0142e szkolenia w zakresie bezpiecze\u0144stwa.<\/li>\n<li><strong>Biblioteki bezpiecze\u0144stwa:<\/strong> U\u017cywamy dobrze utrzymanych bibliotek bezpiecze\u0144stwa i framework\u00f3w.<\/li>\n<\/ul>\n<p data-fontsize=\"16\"><strong>Zarz\u0105dzanie konfiguracj\u0105<\/strong><\/p>\n<ul class=\"wp-block-list\">\n<li><strong>Minimalne uprawnienia:<\/strong> Aplikacje dzia\u0142aj\u0105 z najmniejszymi niezb\u0119dnymi uprawnieniami.<\/li>\n<li><strong>Bezpieczna konfiguracja:<\/strong> Nasze serwery s\u0105 bezpiecznie skonfigurowane i regularnie aktualizowane.<\/li>\n<li><strong>Wy\u0142\u0105cz niepotrzebne funkcje:<\/strong> Nieu\u017cywane us\u0142ugi i komponenty s\u0105 wy\u0142\u0105czane w celu zmniejszenia ryzyka.<\/li>\n<\/ul>\n<p data-fontsize=\"16\"><strong>Regularne testy bezpiecze\u0144stwa<\/strong><\/p>\n<ul class=\"wp-block-list\">\n<li><strong>Skanowanie luk w zabezpieczeniach:<\/strong> Regularne skanowanie w celu identyfikacji s\u0142abych punkt\u00f3w zabezpiecze\u0144.<\/li>\n<li><strong>Testy penetracyjne:<\/strong> W celu oceny naszych zabezpiecze\u0144 przeprowadzane s\u0105 okresowe testy penetracyjne.<\/li>\n<li><strong>Zarz\u0105dzanie poprawkami:<\/strong> Poprawki i aktualizacje zabezpiecze\u0144 s\u0105 stosowane niezw\u0142ocznie.<\/li>\n<\/ul>\n<p data-fontsize=\"16\"><strong>Reakcja na incydent<\/strong><\/p>\n<ul class=\"wp-block-list\">\n<li><strong>Plan reagowania na incydenty:<\/strong> Posiadamy szczeg\u00f3\u0142owy plan reagowania na naruszenia bezpiecze\u0144stwa.<\/li>\n<li><strong>Regularne \u0107wiczenia:<\/strong> W celu zapewnienia gotowo\u015bci przeprowadzane s\u0105 \u0107wiczenia reagowania na incydenty.<\/li>\n<\/ul>\n<p data-fontsize=\"16\"><strong>Zgodno\u015b\u0107 i wymogi prawne<\/strong><\/p>\n<ul class=\"wp-block-list\">\n<li><strong>Przepisy dotycz\u0105ce ochrony danych:<\/strong> Przestrzegamy odpowiednich przepis\u00f3w i regulacji dotycz\u0105cych ochrony danych.<\/li>\n<li><strong>Standardy bran\u017cowe:<\/strong> Przestrzegamy standard\u00f3w bran\u017cowych i najlepszych praktyk, takich jak OWASP Top Ten.<\/li>\n<\/ul>\n<p data-fontsize=\"16\"><strong>Przegl\u0105d polityki<\/strong><\/p>\n<p data-fontsize=\"16\">Nasza polityka bezpiecze\u0144stwa jest poddawana przegl\u0105dowi co roku lub po ka\u017cdym istotnym incydencie zwi\u0105zanym z bezpiecze\u0144stwem w celu zapewnienia jej skuteczno\u015bci.<\/p>\n<p data-fontsize=\"16\">Dzi\u0119kujemy za powierzenie nam swoich danych. Dok\u0142adamy wszelkich stara\u0144, aby zachowa\u0107 najwy\u017csze standardy bezpiecze\u0144stwa w celu ochrony informacji u\u017cytkownik\u00f3w. <\/p>\n\t\t\t\t\t\t\t\t<\/div>\n\t\t\t\t<\/div>\n\t\t\t\t\t<\/div>\n\t\t<\/div>\n\t\t\t\t\t<\/div>\n\t\t<\/section>\n\t\t\t\t<\/div>\n\t\t","protected":false},"excerpt":{"rendered":"<p>Zasady bezpiecze\u0144stwa aplikacji internetowych Witamy w naszej aplikacji internetowej! Dok\u0142adamy wszelkich stara\u0144, aby zapewni\u0107 bezpiecze\u0144stwo i prywatno\u015b\u0107 naszych u\u017cytkownik\u00f3w. Poni\u017cej znajduj\u0105 si\u0119 kluczowe \u015brodki bezpiecze\u0144stwa, kt\u00f3re wdro\u017cyli\u015bmy w celu ochrony Twoich danych. Walidacja danych wej\u015bciowych Sanityzacja i walidacja danych wej\u015bciowych: Zapewniamy, \u017ce wszystkie dane wej\u015bciowe u\u017cytkownika s\u0105 odpowiednio oczyszczane i walidowane, aby zapobiec zagro\u017ceniom bezpiecze\u0144stwa, [&hellip;]<\/p>\n","protected":false},"author":1,"featured_media":0,"parent":0,"menu_order":0,"comment_status":"closed","ping_status":"closed","template":"","meta":{"footnotes":""},"class_list":["post-3526","page","type-page","status-publish","hentry"],"_links":{"self":[{"href":"https:\/\/cmylead.com\/pl\/wp-json\/wp\/v2\/pages\/3526","targetHints":{"allow":["GET"]}}],"collection":[{"href":"https:\/\/cmylead.com\/pl\/wp-json\/wp\/v2\/pages"}],"about":[{"href":"https:\/\/cmylead.com\/pl\/wp-json\/wp\/v2\/types\/page"}],"author":[{"embeddable":true,"href":"https:\/\/cmylead.com\/pl\/wp-json\/wp\/v2\/users\/1"}],"replies":[{"embeddable":true,"href":"https:\/\/cmylead.com\/pl\/wp-json\/wp\/v2\/comments?post=3526"}],"version-history":[{"count":1,"href":"https:\/\/cmylead.com\/pl\/wp-json\/wp\/v2\/pages\/3526\/revisions"}],"predecessor-version":[{"id":3527,"href":"https:\/\/cmylead.com\/pl\/wp-json\/wp\/v2\/pages\/3526\/revisions\/3527"}],"wp:attachment":[{"href":"https:\/\/cmylead.com\/pl\/wp-json\/wp\/v2\/media?parent=3526"}],"curies":[{"name":"wp","href":"https:\/\/api.w.org\/{rel}","templated":true}]}}