{"id":3480,"date":"2024-10-31T17:35:35","date_gmt":"2024-10-31T17:35:35","guid":{"rendered":"https:\/\/cmylead.com\/politica-de-privacidade\/"},"modified":"2024-11-11T16:54:43","modified_gmt":"2024-11-11T16:54:43","slug":"politica-de-privacidade","status":"publish","type":"page","link":"https:\/\/cmylead.com\/pt-pt\/politica-de-privacidade\/","title":{"rendered":"Pol\u00edtica de privacidade"},"content":{"rendered":"<style>.elementor-3480 .elementor-element.elementor-element-3438da73 > .elementor-background-overlay{background-color:var( --e-global-color-secondary );opacity:0.9;transition:background 0.3s, border-radius 0.3s, opacity 0.3s;}.elementor-3480 .elementor-element.elementor-element-3438da73 > .elementor-container{max-width:1200px;}.elementor-3480 .elementor-element.elementor-element-3438da73:not(.elementor-motion-effects-element-type-background), .elementor-3480 .elementor-element.elementor-element-3438da73 > .elementor-motion-effects-container > .elementor-motion-effects-layer{background-position:0% 10%;background-repeat:no-repeat;background-size:cover;}.elementor-3480 .elementor-element.elementor-element-3438da73{transition:background 0.3s, border 0.3s, border-radius 0.3s, box-shadow 0.3s;margin-top:-100px;margin-bottom:100px;padding:200px 0px 100px 0px;}.elementor-3480 .elementor-element.elementor-element-6d3af210{text-align:center;}.elementor-3480 .elementor-element.elementor-element-6d3af210 .elementor-heading-title{font-family:var( --e-global-typography-secondary-font-family ), Sans-serif;font-size:var( --e-global-typography-secondary-font-size );font-weight:var( --e-global-typography-secondary-font-weight );text-transform:var( --e-global-typography-secondary-text-transform );text-decoration:var( --e-global-typography-secondary-text-decoration );line-height:var( --e-global-typography-secondary-line-height );color:var( --e-global-color-827cd3a );}:root{--page-title-display:none;}@media(max-width:1024px){.elementor-3480 .elementor-element.elementor-element-3438da73:not(.elementor-motion-effects-element-type-background), .elementor-3480 .elementor-element.elementor-element-3438da73 > .elementor-motion-effects-container > .elementor-motion-effects-layer{background-position:0px 0px;}.elementor-3480 .elementor-element.elementor-element-3438da73{margin-top:-150px;margin-bottom:100px;padding:220px 0px 100px 0px;}.elementor-3480 .elementor-element.elementor-element-32bdeddb > .elementor-element-populated{margin:0px 0px 0px 0px;--e-column-margin-right:0px;--e-column-margin-left:0px;padding:0px 30px 0px 30px;}.elementor-3480 .elementor-element.elementor-element-6d3af210 .elementor-heading-title{font-size:var( --e-global-typography-secondary-font-size );line-height:var( --e-global-typography-secondary-line-height );}}@media(max-width:767px){.elementor-3480 .elementor-element.elementor-element-3438da73:not(.elementor-motion-effects-element-type-background), .elementor-3480 .elementor-element.elementor-element-3438da73 > .elementor-motion-effects-container > .elementor-motion-effects-layer{background-position:0px 0px;}.elementor-3480 .elementor-element.elementor-element-3438da73{margin-top:-150px;margin-bottom:100px;padding:220px 0px 100px 0px;}.elementor-3480 .elementor-element.elementor-element-32bdeddb > .elementor-element-populated{margin:0px 0px 0px 0px;--e-column-margin-right:0px;--e-column-margin-left:0px;padding:0px 20px 0px 20px;}.elementor-3480 .elementor-element.elementor-element-6d3af210 .elementor-heading-title{font-size:var( --e-global-typography-secondary-font-size );line-height:var( --e-global-typography-secondary-line-height );}}<\/style>\t\t<div data-elementor-type=\"wp-page\" data-elementor-id=\"3480\" class=\"elementor elementor-3480 elementor-1345\" data-elementor-post-type=\"page\">\n\t\t\t\t\t\t<section class=\"elementor-section elementor-top-section elementor-element elementor-element-3438da73 elementor-section-boxed elementor-section-height-default elementor-section-height-default\" data-id=\"3438da73\" data-element_type=\"section\" data-settings=\"{&quot;background_background&quot;:&quot;classic&quot;}\">\n\t\t\t\t\t\t\t<div class=\"elementor-background-overlay\"><\/div>\n\t\t\t\t\t\t\t<div class=\"elementor-container elementor-column-gap-default\">\n\t\t\t\t\t<div class=\"elementor-column elementor-col-100 elementor-top-column elementor-element elementor-element-32bdeddb\" data-id=\"32bdeddb\" data-element_type=\"column\">\n\t\t\t<div class=\"elementor-widget-wrap elementor-element-populated\">\n\t\t\t\t\t\t<div class=\"elementor-element elementor-element-6d3af210 elementor-widget elementor-widget-heading\" data-id=\"6d3af210\" data-element_type=\"widget\" data-widget_type=\"heading.default\">\n\t\t\t\t<div class=\"elementor-widget-container\">\n\t\t\t\t\t<h2 class=\"elementor-heading-title elementor-size-default\">Pol\u00edtica de privacidade<\/h2>\t\t\t\t<\/div>\n\t\t\t\t<\/div>\n\t\t\t\t\t<\/div>\n\t\t<\/div>\n\t\t\t\t\t<\/div>\n\t\t<\/section>\n\t\t\t\t<section class=\"elementor-section elementor-top-section elementor-element elementor-element-fb8c355 elementor-section-boxed elementor-section-height-default elementor-section-height-default\" data-id=\"fb8c355\" data-element_type=\"section\">\n\t\t\t\t\t\t<div class=\"elementor-container elementor-column-gap-default\">\n\t\t\t\t\t<div class=\"elementor-column elementor-col-100 elementor-top-column elementor-element elementor-element-63313d6\" data-id=\"63313d6\" data-element_type=\"column\">\n\t\t\t<div class=\"elementor-widget-wrap elementor-element-populated\">\n\t\t\t\t\t\t<div class=\"elementor-element elementor-element-98a631c elementor-widget elementor-widget-text-editor\" data-id=\"98a631c\" data-element_type=\"widget\" data-widget_type=\"text-editor.default\">\n\t\t\t\t<div class=\"elementor-widget-container\">\n\t\t\t\t\t\t\t\t\t<h4 data-fontsize=\"24\"><span data-preserver-spaces=\"true\">No CmyLead, acess\u00edvel a partir de <\/span><a href=\"https:\/\/cmylead.com\/\" target=\"_blank\" rel=\"noopener\" data-fontsize=\"24\">www.cmylead.com<\/a><span data-preserver-spaces=\"true\">A nossa maior prioridade \u00e9 a privacidade e a confian\u00e7a dos nossos utilizadores. Esta Pol\u00edtica de Privacidade descreve os tipos de informa\u00e7\u00f5es que recolhemos e registamos e a forma como s\u00e3o utilizadas. <\/span><\/h4>\n<div><span data-preserver-spaces=\"true\"> <\/span><\/div>\n<p data-fontsize=\"18\"><span data-preserver-spaces=\"true\">Para quaisquer quest\u00f5es ou informa\u00e7\u00f5es adicionais sobre a nossa Pol\u00edtica de Privacidade, n\u00e3o hesites em contactar-nos.<\/span><\/p>\n<p data-fontsize=\"18\"><span data-preserver-spaces=\"true\">Esta Pol\u00edtica de Privacidade aplica-se \u00e0s nossas actividades online e \u00e9 v\u00e1lida para os utilizadores relativamente \u00e0 informa\u00e7\u00e3o que partilham e\/ou recolhem na CmyLead. N\u00e3o se estende \u00e0 informa\u00e7\u00e3o recolhida offline ou atrav\u00e9s de outros canais para al\u00e9m deste website. A nossa Pol\u00edtica de Privacidade foi estabelecida com a ajuda do Free Privacy Policy Generator.  <\/span><\/p>\n<p data-fontsize=\"18\"><span data-preserver-spaces=\"true\"><b>Consentimento<\/b><\/span><\/p>\n<p data-fontsize=\"18\"><span data-preserver-spaces=\"true\">Ao utilizares o nosso s\u00edtio Web, d\u00e1s o teu consentimento \u00e0 nossa Pol\u00edtica de Privacidade e aceitas os seus termos.<\/span><\/p>\n<p data-fontsize=\"18\"><span data-preserver-spaces=\"true\"><b>Informa\u00e7\u00f5es que recolhemos<\/b><\/span><\/p>\n<p data-fontsize=\"18\"><span data-preserver-spaces=\"true\">Explicaremos claramente porque precisamos das informa\u00e7\u00f5es pessoais que te pedimos para fornecer quando as solicitarmos.<\/span><\/p>\n<p data-fontsize=\"18\"><span data-preserver-spaces=\"true\">Se nos contactares diretamente, poderemos receber informa\u00e7\u00f5es adicionais, como o teu nome, endere\u00e7o de e-mail, n\u00famero de telefone, o conte\u00fado da mensagem ou anexos que nos possas enviar e quaisquer outras informa\u00e7\u00f5es que optes por fornecer.<\/span><\/p>\n<p data-fontsize=\"18\"><span data-preserver-spaces=\"true\">Quando te registas numa Conta, podemos pedir as tuas informa\u00e7\u00f5es de contacto, incluindo itens como o nome, o nome da empresa, a morada, o endere\u00e7o de e-mail e o n\u00famero de telefone.<\/span><\/p>\n<p data-fontsize=\"18\"><span data-preserver-spaces=\"true\"><b>Como utilizamos as tuas informa\u00e7\u00f5es?<\/b><\/span><\/p>\n<p data-fontsize=\"18\"><span data-preserver-spaces=\"true\">Utilizamos as informa\u00e7\u00f5es que recolhemos de v\u00e1rias formas, incluindo para:<\/span><\/p>\n<ul>\n<li><span data-preserver-spaces=\"true\">Fornecer, operar e manter o nosso s\u00edtio Web<\/span><\/li>\n<li><span data-preserver-spaces=\"true\">Melhorar, personalizar e expandir o nosso s\u00edtio Web<\/span><\/li>\n<li><span data-preserver-spaces=\"true\">Compreender e analisar a tua utiliza\u00e7\u00e3o do nosso s\u00edtio Web<\/span><\/li>\n<li><span data-preserver-spaces=\"true\">Desenvolve novos produtos, servi\u00e7os, carater\u00edsticas e funcionalidades<\/span><\/li>\n<li><span data-preserver-spaces=\"true\">Comunicar contigo, diretamente ou atrav\u00e9s de parceiros, incluindo para o servi\u00e7o ao cliente, actualiza\u00e7\u00f5es e outras informa\u00e7\u00f5es relacionadas com o s\u00edtio Web, e para fins de marketing e promocionais<\/span><\/li>\n<li><span data-preserver-spaces=\"true\">Enviar-te e-mails<\/span><\/li>\n<li><span data-preserver-spaces=\"true\">Detecta e previne a fraude\n<p><\/span><\/li>\n<\/ul>\n<p data-fontsize=\"18\"><span data-preserver-spaces=\"true\"><b>Ficheiros de registo<\/b><\/span><\/p>\n<p data-fontsize=\"18\"><span data-preserver-spaces=\"true\">A CmyLead segue um procedimento padr\u00e3o de utiliza\u00e7\u00e3o de ficheiros de registo, tal como todas as empresas de alojamento. Estes ficheiros de registo registam os visitantes quando estes visitam sites. Os dados recolhidos podem incluir endere\u00e7os IP, tipo de browser, fornecedor de servi\u00e7os de Internet (ISP), carimbos de data e hora, p\u00e1ginas de refer\u00eancia\/sa\u00edda e, potencialmente, o n\u00famero de cliques. Estas informa\u00e7\u00f5es n\u00e3o est\u00e3o ligadas a quaisquer dados pessoais identific\u00e1veis e s\u00e3o utilizadas para analisar tend\u00eancias, gerir o site, seguir o movimento dos utilizadores e recolher dados demogr\u00e1ficos.   <\/p>\n<p><\/span><\/p>\n<p data-fontsize=\"18\"><span data-preserver-spaces=\"true\"><b>Pol\u00edticas de privacidade de terceiros<\/b><\/span><\/p>\n<p data-fontsize=\"18\"><span data-preserver-spaces=\"true\">A Pol\u00edtica de Privacidade da CmyLead n\u00e3o se aplica a outros anunciantes ou websites. Por isso, aconselhamos-te a rever as respectivas Pol\u00edticas de Privacidade dos servidores de an\u00fancios de terceiros para obteres informa\u00e7\u00f5es mais detalhadas sobre as suas pr\u00e1ticas e instru\u00e7\u00f5es sobre como optar por sair de determinadas op\u00e7\u00f5es. <\/p>\n<p><\/span><\/p>\n<p data-fontsize=\"18\"><span data-preserver-spaces=\"true\"><b>Direitos de prote\u00e7\u00e3o de dados do RGPD<\/b><\/span><\/p>\n<p data-fontsize=\"18\"><span data-preserver-spaces=\"true\">Queremos certificar-nos de que tens conhecimento de todos os teus direitos em mat\u00e9ria de prote\u00e7\u00e3o de dados. Todos os utilizadores t\u00eam direito ao seguinte: <\/span><\/p>\n<ul>\n<li><span data-preserver-spaces=\"true\">Direito de acesso &#8211; Podes pedir c\u00f3pias dos teus dados pessoais. Poderemos cobrar uma pequena taxa por este servi\u00e7o. <\/span><\/li>\n<li><span data-preserver-spaces=\"true\">Direito de retifica\u00e7\u00e3o &#8211; Podes pedir que corrijamos qualquer informa\u00e7\u00e3o que consideres incorrecta. Tamb\u00e9m podes pedir que completemos as informa\u00e7\u00f5es que consideres incompletas. <\/span><\/li>\n<li><span data-preserver-spaces=\"true\">Direito ao apagamento &#8211; Podes pedir-nos para apagar os teus dados pessoais, sob condi\u00e7\u00f5es espec\u00edficas.<\/span><\/li>\n<li><span data-preserver-spaces=\"true\">Direito de restringir o processamento &#8211; Podes pedir-nos para restringir o processamento dos teus dados pessoais, sob condi\u00e7\u00f5es espec\u00edficas.<\/span><\/li>\n<li><span data-preserver-spaces=\"true\">Direito de oposi\u00e7\u00e3o ao tratamento &#8211; Podes opor-te ao tratamento dos teus dados pessoais, em condi\u00e7\u00f5es espec\u00edficas.<\/span><\/li>\n<li><span data-preserver-spaces=\"true\">Direito \u00e0 portabilidade dos dados &#8211; Podes pedir que transfiramos os teus dados para outra organiza\u00e7\u00e3o ou diretamente para ti, sob certas condi\u00e7\u00f5es.<br \/><b><br \/><\/b><\/span><\/li>\n<\/ul>\n<p data-fontsize=\"18\"><span data-preserver-spaces=\"true\"><b>Informa\u00e7\u00e3o para crian\u00e7as<\/b><\/span><\/p>\n<p data-fontsize=\"18\"><span data-preserver-spaces=\"true\">A prote\u00e7\u00e3o das crian\u00e7as durante a utiliza\u00e7\u00e3o da Internet \u00e9 particularmente importante para n\u00f3s. Incentivamos os pais e os encarregados de educa\u00e7\u00e3o a monitorizarem a atividade online dos seus filhos. <\/span><\/p>\n<p data-fontsize=\"18\"><span data-preserver-spaces=\"true\">A Cmycard n\u00e3o recolhe intencionalmente qualquer Informa\u00e7\u00e3o Pessoal Identific\u00e1vel de crian\u00e7as com idade inferior a 13 anos. Se pensas que o teu filho forneceu este tipo de informa\u00e7\u00e3o no nosso site, encorajamos-te vivamente a contactares-nos imediatamente e faremos os nossos melhores esfor\u00e7os para remover prontamente essa informa\u00e7\u00e3o dos nossos registos. <\/span><\/p>\n\t\t\t\t\t\t\t\t<\/div>\n\t\t\t\t<\/div>\n\t\t\t\t\t<\/div>\n\t\t<\/div>\n\t\t\t\t\t<\/div>\n\t\t<\/section>\n\t\t\t\t<\/div>\n\t\t","protected":false},"excerpt":{"rendered":"<p>Pol\u00edtica de privacidade No CmyLead, acess\u00edvel a partir de www.cmylead.comA nossa maior prioridade \u00e9 a privacidade e a confian\u00e7a dos nossos utilizadores. Esta Pol\u00edtica de Privacidade descreve os tipos de informa\u00e7\u00f5es que recolhemos e registamos e a forma como s\u00e3o utilizadas. Para quaisquer quest\u00f5es ou informa\u00e7\u00f5es adicionais sobre a nossa Pol\u00edtica de Privacidade, n\u00e3o hesites [&hellip;]<\/p>\n","protected":false},"author":1,"featured_media":0,"parent":0,"menu_order":0,"comment_status":"closed","ping_status":"closed","template":"","meta":{"footnotes":""},"class_list":["post-3480","page","type-page","status-publish","hentry"],"_links":{"self":[{"href":"https:\/\/cmylead.com\/pt-pt\/wp-json\/wp\/v2\/pages\/3480","targetHints":{"allow":["GET"]}}],"collection":[{"href":"https:\/\/cmylead.com\/pt-pt\/wp-json\/wp\/v2\/pages"}],"about":[{"href":"https:\/\/cmylead.com\/pt-pt\/wp-json\/wp\/v2\/types\/page"}],"author":[{"embeddable":true,"href":"https:\/\/cmylead.com\/pt-pt\/wp-json\/wp\/v2\/users\/1"}],"replies":[{"embeddable":true,"href":"https:\/\/cmylead.com\/pt-pt\/wp-json\/wp\/v2\/comments?post=3480"}],"version-history":[{"count":1,"href":"https:\/\/cmylead.com\/pt-pt\/wp-json\/wp\/v2\/pages\/3480\/revisions"}],"predecessor-version":[{"id":3481,"href":"https:\/\/cmylead.com\/pt-pt\/wp-json\/wp\/v2\/pages\/3480\/revisions\/3481"}],"wp:attachment":[{"href":"https:\/\/cmylead.com\/pt-pt\/wp-json\/wp\/v2\/media?parent=3480"}],"curies":[{"name":"wp","href":"https:\/\/api.w.org\/{rel}","templated":true}]}}