{"id":3528,"date":"2024-10-31T17:37:39","date_gmt":"2024-10-31T17:37:39","guid":{"rendered":"https:\/\/cmylead.com\/politica-de-seguranca-de-aplicacoes-web\/"},"modified":"2024-11-11T17:03:11","modified_gmt":"2024-11-11T17:03:11","slug":"politica-de-seguranca-de-aplicacoes-web","status":"publish","type":"page","link":"https:\/\/cmylead.com\/pt-pt\/politica-de-seguranca-de-aplicacoes-web\/","title":{"rendered":"Pol\u00edtica de seguran\u00e7a de aplica\u00e7\u00f5es Web"},"content":{"rendered":"<style>.elementor-3528 .elementor-element.elementor-element-3438da73 > .elementor-background-overlay{background-color:var( --e-global-color-secondary );opacity:0.9;transition:background 0.3s, border-radius 0.3s, opacity 0.3s;}.elementor-3528 .elementor-element.elementor-element-3438da73 > .elementor-container{max-width:1200px;}.elementor-3528 .elementor-element.elementor-element-3438da73:not(.elementor-motion-effects-element-type-background), .elementor-3528 .elementor-element.elementor-element-3438da73 > .elementor-motion-effects-container > .elementor-motion-effects-layer{background-position:0% 10%;background-repeat:no-repeat;background-size:cover;}.elementor-3528 .elementor-element.elementor-element-3438da73{transition:background 0.3s, border 0.3s, border-radius 0.3s, box-shadow 0.3s;margin-top:-100px;margin-bottom:100px;padding:200px 0px 100px 0px;}.elementor-3528 .elementor-element.elementor-element-6d3af210{text-align:center;}.elementor-3528 .elementor-element.elementor-element-6d3af210 .elementor-heading-title{font-family:var( --e-global-typography-secondary-font-family ), Sans-serif;font-size:var( --e-global-typography-secondary-font-size );font-weight:var( --e-global-typography-secondary-font-weight );text-transform:var( --e-global-typography-secondary-text-transform );text-decoration:var( --e-global-typography-secondary-text-decoration );line-height:var( --e-global-typography-secondary-line-height );color:var( --e-global-color-827cd3a );}:root{--page-title-display:none;}@media(max-width:1024px){.elementor-3528 .elementor-element.elementor-element-3438da73:not(.elementor-motion-effects-element-type-background), .elementor-3528 .elementor-element.elementor-element-3438da73 > .elementor-motion-effects-container > .elementor-motion-effects-layer{background-position:0px 0px;}.elementor-3528 .elementor-element.elementor-element-3438da73{margin-top:-150px;margin-bottom:100px;padding:220px 0px 100px 0px;}.elementor-3528 .elementor-element.elementor-element-32bdeddb > .elementor-element-populated{margin:0px 0px 0px 0px;--e-column-margin-right:0px;--e-column-margin-left:0px;padding:0px 30px 0px 30px;}.elementor-3528 .elementor-element.elementor-element-6d3af210 .elementor-heading-title{font-size:var( --e-global-typography-secondary-font-size );line-height:var( --e-global-typography-secondary-line-height );}}@media(max-width:767px){.elementor-3528 .elementor-element.elementor-element-3438da73:not(.elementor-motion-effects-element-type-background), .elementor-3528 .elementor-element.elementor-element-3438da73 > .elementor-motion-effects-container > .elementor-motion-effects-layer{background-position:0px 0px;}.elementor-3528 .elementor-element.elementor-element-3438da73{margin-top:-150px;margin-bottom:100px;padding:220px 0px 100px 0px;}.elementor-3528 .elementor-element.elementor-element-32bdeddb > .elementor-element-populated{margin:0px 0px 0px 0px;--e-column-margin-right:0px;--e-column-margin-left:0px;padding:0px 20px 0px 20px;}.elementor-3528 .elementor-element.elementor-element-6d3af210 .elementor-heading-title{font-size:var( --e-global-typography-secondary-font-size );line-height:var( --e-global-typography-secondary-line-height );}}<\/style>\t\t<div data-elementor-type=\"wp-page\" data-elementor-id=\"3528\" class=\"elementor elementor-3528 elementor-1350\" data-elementor-post-type=\"page\">\n\t\t\t\t\t\t<section class=\"elementor-section elementor-top-section elementor-element elementor-element-3438da73 elementor-section-boxed elementor-section-height-default elementor-section-height-default\" data-id=\"3438da73\" data-element_type=\"section\" data-settings=\"{&quot;background_background&quot;:&quot;classic&quot;}\">\n\t\t\t\t\t\t\t<div class=\"elementor-background-overlay\"><\/div>\n\t\t\t\t\t\t\t<div class=\"elementor-container elementor-column-gap-default\">\n\t\t\t\t\t<div class=\"elementor-column elementor-col-100 elementor-top-column elementor-element elementor-element-32bdeddb\" data-id=\"32bdeddb\" data-element_type=\"column\">\n\t\t\t<div class=\"elementor-widget-wrap elementor-element-populated\">\n\t\t\t\t\t\t<div class=\"elementor-element elementor-element-6d3af210 elementor-widget elementor-widget-heading\" data-id=\"6d3af210\" data-element_type=\"widget\" data-widget_type=\"heading.default\">\n\t\t\t\t<div class=\"elementor-widget-container\">\n\t\t\t\t\t<h2 class=\"elementor-heading-title elementor-size-default\">Pol\u00edtica de seguran\u00e7a de aplica\u00e7\u00f5es Web<\/h2>\t\t\t\t<\/div>\n\t\t\t\t<\/div>\n\t\t\t\t\t<\/div>\n\t\t<\/div>\n\t\t\t\t\t<\/div>\n\t\t<\/section>\n\t\t\t\t<section class=\"elementor-section elementor-top-section elementor-element elementor-element-fb8c355 elementor-section-boxed elementor-section-height-default elementor-section-height-default\" data-id=\"fb8c355\" data-element_type=\"section\">\n\t\t\t\t\t\t<div class=\"elementor-container elementor-column-gap-default\">\n\t\t\t\t\t<div class=\"elementor-column elementor-col-100 elementor-top-column elementor-element elementor-element-63313d6\" data-id=\"63313d6\" data-element_type=\"column\">\n\t\t\t<div class=\"elementor-widget-wrap elementor-element-populated\">\n\t\t\t\t\t\t<div class=\"elementor-element elementor-element-98a631c elementor-widget elementor-widget-text-editor\" data-id=\"98a631c\" data-element_type=\"widget\" data-widget_type=\"text-editor.default\">\n\t\t\t\t<div class=\"elementor-widget-container\">\n\t\t\t\t\t\t\t\t\t<p data-fontsize=\"16\">Bem-vindo \u00e0 nossa aplica\u00e7\u00e3o Web! Estamos empenhados em garantir a seguran\u00e7a e a privacidade dos nossos utilizadores. Abaixo est\u00e3o as principais medidas de seguran\u00e7a que implement\u00e1mos para proteger os teus dados.  <\/p>\n<p data-fontsize=\"16\"><strong>Valida\u00e7\u00e3o de entrada<\/strong><\/p>\n<ul class=\"wp-block-list\">\n<li><strong>Sanitiza e valida a entrada:<\/strong> Asseguramos que todas as entradas do utilizador s\u00e3o devidamente higienizadas e validadas para evitar amea\u00e7as \u00e0 seguran\u00e7a, como inje\u00e7\u00e3o de SQL e XSS (cross-site scripting).<\/li>\n<li><strong>Declara\u00e7\u00f5es preparadas:<\/strong> Utilizamos instru\u00e7\u00f5es preparadas para intera\u00e7\u00f5es com a base de dados para aumentar a seguran\u00e7a.<\/li>\n<\/ul>\n<p data-fontsize=\"16\"><strong>Autentica\u00e7\u00e3o e autoriza\u00e7\u00e3o<\/strong><\/p>\n<ul class=\"wp-block-list\">\n<li><strong>Senhas fortes:<\/strong> Aplicamos pol\u00edticas de palavras-passe fortes para proteger a tua conta.<\/li>\n<li><strong>Autentica\u00e7\u00e3o de dois factores (2FA):<\/strong> Oferecemos 2FA para seguran\u00e7a adicional.<\/li>\n<li><strong>Controlo de acesso baseado em fun\u00e7\u00f5es (RBAC):<\/strong> O acesso aos recursos \u00e9 limitado com base nas fun\u00e7\u00f5es do utilizador.<\/li>\n<\/ul>\n<p data-fontsize=\"16\"><strong>Gest\u00e3o de sess\u00f5es<\/strong><\/p>\n<ul class=\"wp-block-list\">\n<li><strong>IDs de sess\u00e3o seguros:<\/strong> Utilizamos IDs de sess\u00e3o seguros e gerados aleatoriamente, armazenados em cookies seguros.<\/li>\n<li><strong>Tempo limite da sess\u00e3o:<\/strong> Os utilizadores s\u00e3o automaticamente desconectados ap\u00f3s um per\u00edodo de inatividade.<\/li>\n<li><strong>Preven\u00e7\u00e3o de sequestro de sess\u00e3o:<\/strong> Regeneramos regularmente os IDs de sess\u00e3o, especialmente ap\u00f3s o in\u00edcio de sess\u00e3o.<\/li>\n<\/ul>\n<p data-fontsize=\"16\"><strong>Prote\u00e7\u00e3o de dados<\/strong><\/p>\n<ul class=\"wp-block-list\">\n<li><strong>Encripta\u00e7\u00e3o:<\/strong> Encriptamos dados sens\u00edveis em tr\u00e2nsito e em repouso.<\/li>\n<li><strong>Hashing de palavras-passe:<\/strong> As palavras-passe s\u00e3o armazenadas utilizando algoritmos de hashing fortes e unidireccionais.<\/li>\n<\/ul>\n<p data-fontsize=\"16\"><strong>Tratamento de erros e registo<\/strong><\/p>\n<ul class=\"wp-block-list\">\n<li><strong>Mensagens de erro gen\u00e9ricas:<\/strong> Apresentamos mensagens de erro gen\u00e9ricas para proteger contra a fuga de informa\u00e7\u00f5es.<\/li>\n<li><strong>Registo detalhado:<\/strong> Os erros s\u00e3o registados com informa\u00e7\u00f5es detalhadas numa localiza\u00e7\u00e3o segura.<\/li>\n<li><strong>Monitoriza\u00e7\u00e3o de registos:<\/strong> Monitorizamos regularmente os registos para detetar actividades suspeitas.<\/li>\n<\/ul>\n<p data-fontsize=\"16\"><strong>Pr\u00e1ticas de codifica\u00e7\u00e3o segura<\/strong><\/p>\n<ul class=\"wp-block-list\">\n<li><strong>Revis\u00e3o do c\u00f3digo:<\/strong> Realiza revis\u00f5es regulares do c\u00f3digo para identificar e corrigir vulnerabilidades.<\/li>\n<li><strong>Forma\u00e7\u00e3o em seguran\u00e7a:<\/strong> Os nossos programadores recebem forma\u00e7\u00e3o cont\u00ednua em mat\u00e9ria de seguran\u00e7a.<\/li>\n<li><strong>Bibliotecas de seguran\u00e7a:<\/strong> Usamos bibliotecas e estruturas de seguran\u00e7a bem mantidas.<\/li>\n<\/ul>\n<p data-fontsize=\"16\"><strong>Gest\u00e3o da configura\u00e7\u00e3o<\/strong><\/p>\n<ul class=\"wp-block-list\">\n<li><strong>Privil\u00e9gios m\u00ednimos:<\/strong> As aplica\u00e7\u00f5es s\u00e3o executadas com os privil\u00e9gios m\u00ednimos necess\u00e1rios.<\/li>\n<li><strong>Configura\u00e7\u00e3o segura:<\/strong> Os nossos servidores est\u00e3o configurados de forma segura e s\u00e3o actualizados regularmente.<\/li>\n<li><strong>Desabilita recursos desnecess\u00e1rios:<\/strong> Os servi\u00e7os e componentes n\u00e3o utilizados s\u00e3o desactivados para reduzir o risco.<\/li>\n<\/ul>\n<p data-fontsize=\"16\"><strong>Testes de seguran\u00e7a regulares<\/strong><\/p>\n<ul class=\"wp-block-list\">\n<li><strong>Verifica\u00e7\u00e3o de vulnerabilidades:<\/strong> Realiza an\u00e1lises regulares para identificar as falhas de seguran\u00e7a.<\/li>\n<li><strong>Testes de penetra\u00e7\u00e3o:<\/strong> S\u00e3o efectuados testes de penetra\u00e7\u00e3o peri\u00f3dicos para avaliar a nossa seguran\u00e7a.<\/li>\n<li><strong>Gest\u00e3o de patches:<\/strong> Os patches e as actualiza\u00e7\u00f5es de seguran\u00e7a s\u00e3o aplicados prontamente.<\/li>\n<\/ul>\n<p data-fontsize=\"16\"><strong>Resposta a incidentes<\/strong><\/p>\n<ul class=\"wp-block-list\">\n<li><strong>Plano de resposta a incidentes:<\/strong> Temos um plano detalhado para responder a viola\u00e7\u00f5es de seguran\u00e7a.<\/li>\n<li><strong>Exerc\u00edcios regulares:<\/strong> S\u00e3o efectuados exerc\u00edcios de resposta a incidentes para garantir a prepara\u00e7\u00e3o.<\/li>\n<\/ul>\n<p data-fontsize=\"16\"><strong>Conformidade e requisitos legais<\/strong><\/p>\n<ul class=\"wp-block-list\">\n<li><strong>Leis de prote\u00e7\u00e3o de dados:<\/strong> Cumprimos as leis e regulamentos de prote\u00e7\u00e3o de dados relevantes.<\/li>\n<li><strong>Normas do sector:<\/strong> Cumprimos as normas do sector e as melhores pr\u00e1ticas, como as OWASP Top Ten.<\/li>\n<\/ul>\n<p data-fontsize=\"16\"><strong>Revis\u00e3o da pol\u00edtica<\/strong><\/p>\n<p data-fontsize=\"16\">A nossa pol\u00edtica de seguran\u00e7a \u00e9 revista anualmente ou ap\u00f3s qualquer incidente de seguran\u00e7a significativo para garantir a sua efic\u00e1cia.<\/p>\n<p data-fontsize=\"16\">Obrigado por nos confiares os teus dados. Comprometemo-nos a manter os mais elevados padr\u00f5es de seguran\u00e7a para proteger as tuas informa\u00e7\u00f5es. <\/p>\n\t\t\t\t\t\t\t\t<\/div>\n\t\t\t\t<\/div>\n\t\t\t\t\t<\/div>\n\t\t<\/div>\n\t\t\t\t\t<\/div>\n\t\t<\/section>\n\t\t\t\t<\/div>\n\t\t","protected":false},"excerpt":{"rendered":"<p>Pol\u00edtica de seguran\u00e7a de aplica\u00e7\u00f5es Web Bem-vindo \u00e0 nossa aplica\u00e7\u00e3o Web! Estamos empenhados em garantir a seguran\u00e7a e a privacidade dos nossos utilizadores. Abaixo est\u00e3o as principais medidas de seguran\u00e7a que implement\u00e1mos para proteger os teus dados. Valida\u00e7\u00e3o de entrada Sanitiza e valida a entrada: Asseguramos que todas as entradas do utilizador s\u00e3o devidamente higienizadas [&hellip;]<\/p>\n","protected":false},"author":1,"featured_media":0,"parent":0,"menu_order":0,"comment_status":"closed","ping_status":"closed","template":"","meta":{"footnotes":""},"class_list":["post-3528","page","type-page","status-publish","hentry"],"_links":{"self":[{"href":"https:\/\/cmylead.com\/pt-pt\/wp-json\/wp\/v2\/pages\/3528","targetHints":{"allow":["GET"]}}],"collection":[{"href":"https:\/\/cmylead.com\/pt-pt\/wp-json\/wp\/v2\/pages"}],"about":[{"href":"https:\/\/cmylead.com\/pt-pt\/wp-json\/wp\/v2\/types\/page"}],"author":[{"embeddable":true,"href":"https:\/\/cmylead.com\/pt-pt\/wp-json\/wp\/v2\/users\/1"}],"replies":[{"embeddable":true,"href":"https:\/\/cmylead.com\/pt-pt\/wp-json\/wp\/v2\/comments?post=3528"}],"version-history":[{"count":1,"href":"https:\/\/cmylead.com\/pt-pt\/wp-json\/wp\/v2\/pages\/3528\/revisions"}],"predecessor-version":[{"id":3529,"href":"https:\/\/cmylead.com\/pt-pt\/wp-json\/wp\/v2\/pages\/3528\/revisions\/3529"}],"wp:attachment":[{"href":"https:\/\/cmylead.com\/pt-pt\/wp-json\/wp\/v2\/media?parent=3528"}],"curies":[{"name":"wp","href":"https:\/\/api.w.org\/{rel}","templated":true}]}}