{"id":3571,"date":"2024-10-31T17:30:15","date_gmt":"2024-10-31T17:30:15","guid":{"rendered":"https:\/\/cmylead.com\/termos-de-utilizacao\/"},"modified":"2024-11-11T18:29:10","modified_gmt":"2024-11-11T18:29:10","slug":"termos-de-utilizacao","status":"publish","type":"page","link":"https:\/\/cmylead.com\/pt-pt\/termos-de-utilizacao\/","title":{"rendered":"Termos de utiliza\u00e7\u00e3o"},"content":{"rendered":"<style>.elementor-3571 .elementor-element.elementor-element-3438da73 > .elementor-background-overlay{background-color:var( --e-global-color-secondary );opacity:0.9;transition:background 0.3s, border-radius 0.3s, opacity 0.3s;}.elementor-3571 .elementor-element.elementor-element-3438da73 > .elementor-container{max-width:1200px;}.elementor-3571 .elementor-element.elementor-element-3438da73:not(.elementor-motion-effects-element-type-background), .elementor-3571 .elementor-element.elementor-element-3438da73 > .elementor-motion-effects-container > .elementor-motion-effects-layer{background-position:0% 10%;background-repeat:no-repeat;background-size:cover;}.elementor-3571 .elementor-element.elementor-element-3438da73{transition:background 0.3s, border 0.3s, border-radius 0.3s, box-shadow 0.3s;margin-top:-100px;margin-bottom:100px;padding:200px 0px 100px 0px;}.elementor-3571 .elementor-element.elementor-element-6d3af210{text-align:center;}.elementor-3571 .elementor-element.elementor-element-6d3af210 .elementor-heading-title{font-family:var( --e-global-typography-secondary-font-family ), Sans-serif;font-size:var( --e-global-typography-secondary-font-size );font-weight:var( --e-global-typography-secondary-font-weight );text-transform:var( --e-global-typography-secondary-text-transform );text-decoration:var( --e-global-typography-secondary-text-decoration );line-height:var( --e-global-typography-secondary-line-height );color:var( --e-global-color-827cd3a );}.elementor-3571 .elementor-element.elementor-element-26be6c1{--spacer-size:50px;}:root{--page-title-display:none;}@media(max-width:1024px){.elementor-3571 .elementor-element.elementor-element-3438da73:not(.elementor-motion-effects-element-type-background), .elementor-3571 .elementor-element.elementor-element-3438da73 > .elementor-motion-effects-container > .elementor-motion-effects-layer{background-position:0px 0px;}.elementor-3571 .elementor-element.elementor-element-3438da73{margin-top:-150px;margin-bottom:100px;padding:220px 0px 100px 0px;}.elementor-3571 .elementor-element.elementor-element-32bdeddb > .elementor-element-populated{margin:0px 0px 0px 0px;--e-column-margin-right:0px;--e-column-margin-left:0px;padding:0px 30px 0px 30px;}.elementor-3571 .elementor-element.elementor-element-6d3af210 .elementor-heading-title{font-size:var( --e-global-typography-secondary-font-size );line-height:var( --e-global-typography-secondary-line-height );}}@media(max-width:767px){.elementor-3571 .elementor-element.elementor-element-3438da73:not(.elementor-motion-effects-element-type-background), .elementor-3571 .elementor-element.elementor-element-3438da73 > .elementor-motion-effects-container > .elementor-motion-effects-layer{background-position:0px 0px;}.elementor-3571 .elementor-element.elementor-element-3438da73{margin-top:-150px;margin-bottom:100px;padding:220px 0px 100px 0px;}.elementor-3571 .elementor-element.elementor-element-32bdeddb > .elementor-element-populated{margin:0px 0px 0px 0px;--e-column-margin-right:0px;--e-column-margin-left:0px;padding:0px 20px 0px 20px;}.elementor-3571 .elementor-element.elementor-element-6d3af210 .elementor-heading-title{font-size:var( --e-global-typography-secondary-font-size );line-height:var( --e-global-typography-secondary-line-height );}}<\/style>\t\t<div data-elementor-type=\"wp-page\" data-elementor-id=\"3571\" class=\"elementor elementor-3571 elementor-1336\" data-elementor-post-type=\"page\">\n\t\t\t\t\t\t<section class=\"elementor-section elementor-top-section elementor-element elementor-element-3438da73 elementor-section-boxed elementor-section-height-default elementor-section-height-default\" data-id=\"3438da73\" data-element_type=\"section\" data-settings=\"{&quot;background_background&quot;:&quot;classic&quot;}\">\n\t\t\t\t\t\t\t<div class=\"elementor-background-overlay\"><\/div>\n\t\t\t\t\t\t\t<div class=\"elementor-container elementor-column-gap-default\">\n\t\t\t\t\t<div class=\"elementor-column elementor-col-100 elementor-top-column elementor-element elementor-element-32bdeddb\" data-id=\"32bdeddb\" data-element_type=\"column\">\n\t\t\t<div class=\"elementor-widget-wrap elementor-element-populated\">\n\t\t\t\t\t\t<div class=\"elementor-element elementor-element-6d3af210 elementor-widget elementor-widget-heading\" data-id=\"6d3af210\" data-element_type=\"widget\" data-widget_type=\"heading.default\">\n\t\t\t\t<div class=\"elementor-widget-container\">\n\t\t\t\t\t<h2 class=\"elementor-heading-title elementor-size-default\">Termos de utiliza\u00e7\u00e3o<\/h2>\t\t\t\t<\/div>\n\t\t\t\t<\/div>\n\t\t\t\t\t<\/div>\n\t\t<\/div>\n\t\t\t\t\t<\/div>\n\t\t<\/section>\n\t\t\t\t<section class=\"elementor-section elementor-top-section elementor-element elementor-element-fb8c355 elementor-section-boxed elementor-section-height-default elementor-section-height-default\" data-id=\"fb8c355\" data-element_type=\"section\">\n\t\t\t\t\t\t<div class=\"elementor-container elementor-column-gap-default\">\n\t\t\t\t\t<div class=\"elementor-column elementor-col-100 elementor-top-column elementor-element elementor-element-63313d6\" data-id=\"63313d6\" data-element_type=\"column\">\n\t\t\t<div class=\"elementor-widget-wrap elementor-element-populated\">\n\t\t\t\t\t\t<div class=\"elementor-element elementor-element-98a631c elementor-widget elementor-widget-text-editor\" data-id=\"98a631c\" data-element_type=\"widget\" data-widget_type=\"text-editor.default\">\n\t\t\t\t<div class=\"elementor-widget-container\">\n\t\t\t\t\t\t\t\t\t<p data-fontsize=\"18\"><span data-preserver-spaces=\"true\"><b>SEC\u00c7\u00c3O 1 &#8211; VIS\u00c3O GERAL<\/b><\/span><\/p>\n<p data-fontsize=\"18\"><span data-preserver-spaces=\"true\">Este s\u00edtio Web \u00e9 gerido pela CMYLEAD. Em todo o s\u00edtio, os termos &#8220;n\u00f3s&#8221;, &#8220;nos&#8221; e &#8220;nosso&#8221; referem-se \u00e0 CMYLEAD. A CMYLEAD oferece este s\u00edtio Web, incluindo todas as informa\u00e7\u00f5es, ferramentas e servi\u00e7os dispon\u00edveis a partir deste s\u00edtio para ti, o utilizador, condicionado \u00e0 tua aceita\u00e7\u00e3o de todos os termos, condi\u00e7\u00f5es, pol\u00edticas e avisos aqui indicados.  <\/span><\/p>\n<p data-fontsize=\"18\"><span data-preserver-spaces=\"true\">Ao visitar o nosso site e\/ou ao comprar algo de n\u00f3s, participa no nosso &#8220;Servi\u00e7o&#8221; e concorda em ficar vinculado aos seguintes termos e condi\u00e7\u00f5es (&#8220;Termos de Servi\u00e7o&#8221;, &#8220;Termos&#8221;), incluindo os termos e condi\u00e7\u00f5es e pol\u00edticas adicionais aqui referidos e\/ou dispon\u00edveis por hiperliga\u00e7\u00e3o. Estes Termos de Servi\u00e7o aplicam-se a todos os utilizadores do site, incluindo, sem limita\u00e7\u00e3o, utilizadores que sejam navegadores, vendedores, clientes, comerciantes e\/ou contribuidores de conte\u00fados. <\/span><\/p>\n<p data-fontsize=\"18\"><span data-preserver-spaces=\"true\">L\u00ea atentamente as presentes Condi\u00e7\u00f5es de Servi\u00e7o antes de acederes ou utilizares o nosso s\u00edtio Web. Ao acederes ou utilizares qualquer parte do s\u00edtio, concordas em ficar vinculado a estes Termos de Servi\u00e7o. Se n\u00e3o concordares com todos os termos e condi\u00e7\u00f5es deste acordo, n\u00e3o poder\u00e1s aceder ao s\u00edtio Web ou utilizar quaisquer servi\u00e7os. Se estes Termos de Servi\u00e7o forem considerados uma oferta, a aceita\u00e7\u00e3o est\u00e1 expressamente limitada a estes Termos de Servi\u00e7o.   <\/span><\/p>\n<p data-fontsize=\"18\"><span data-preserver-spaces=\"true\">Quaisquer novas funcionalidades ou ferramentas que sejam adicionadas \u00e0 loja atual tamb\u00e9m estar\u00e3o sujeitas aos Termos de Servi\u00e7o. Podes consultar a vers\u00e3o mais recente dos Termos de Servi\u00e7o em qualquer altura nesta p\u00e1gina. Reservamo-nos o direito de atualizar, alterar ou substituir qualquer parte destes Termos de Servi\u00e7o, publicando actualiza\u00e7\u00f5es e\/ou altera\u00e7\u00f5es no nosso s\u00edtio Web. \u00c9 da tua responsabilidade verificar periodicamente se existem altera\u00e7\u00f5es nesta p\u00e1gina. O facto de continuares a utilizar ou a aceder ao s\u00edtio Web ap\u00f3s a publica\u00e7\u00e3o de quaisquer altera\u00e7\u00f5es constitui aceita\u00e7\u00e3o dessas altera\u00e7\u00f5es.    <\/span><\/p>\n<p data-fontsize=\"18\"><span data-preserver-spaces=\"true\"> <\/span><\/p>\n<p data-fontsize=\"18\"><span data-preserver-spaces=\"true\"><b>SEC\u00c7\u00c3O 2 &#8211; TERMOS DA LOJA ONLINE  <\/b><\/span><\/p>\n<p data-fontsize=\"18\"><span data-preserver-spaces=\"true\">Ao concordar com estes Termos de Servi\u00e7o, o utilizador declara que tem pelo menos a idade da maioridade no seu estado ou prov\u00edncia de resid\u00eancia, ou que tem a idade da maioridade no seu estado ou prov\u00edncia de resid\u00eancia e que nos deu o seu consentimento para permitir que qualquer um dos seus dependentes menores utilize este site. N\u00e3o podes utilizar os nossos produtos para fins ilegais ou n\u00e3o autorizados, nem podes, na utiliza\u00e7\u00e3o do Servi\u00e7o, violar quaisquer leis na tua jurisdi\u00e7\u00e3o (incluindo, mas n\u00e3o limitado a, leis de direitos de autor). <\/span><\/p>\n<p data-fontsize=\"18\"><span data-preserver-spaces=\"true\">N\u00e3o deves transmitir quaisquer worms ou v\u00edrus ou qualquer c\u00f3digo de natureza destrutiva. Uma infra\u00e7\u00e3o ou viola\u00e7\u00e3o de qualquer um dos Termos resultar\u00e1 na cessa\u00e7\u00e3o imediata dos teus Servi\u00e7os. <\/span><\/p>\n<p data-fontsize=\"18\"><span data-preserver-spaces=\"true\"> <\/span><\/p>\n<p data-fontsize=\"18\"><span data-preserver-spaces=\"true\"><b>SEC\u00c7\u00c3O 3 &#8211; CONDI\u00c7\u00d5ES GERAIS<\/b><\/span><\/p>\n<p data-fontsize=\"18\"><span data-preserver-spaces=\"true\">Reservamo-nos o direito de recusar o servi\u00e7o a qualquer pessoa, por qualquer motivo e em qualquer altura. Compreendes que o teu conte\u00fado (n\u00e3o incluindo as informa\u00e7\u00f5es do cart\u00e3o de cr\u00e9dito) pode ser transferido sem encripta\u00e7\u00e3o e envolver (a) transmiss\u00f5es atrav\u00e9s de v\u00e1rias redes; e (b) altera\u00e7\u00f5es para cumprir e adaptar-se aos requisitos t\u00e9cnicos das redes ou dispositivos de liga\u00e7\u00e3o. As informa\u00e7\u00f5es do cart\u00e3o de cr\u00e9dito s\u00e3o sempre encriptadas durante a transfer\u00eancia atrav\u00e9s de redes.    <\/span><\/p>\n<p data-fontsize=\"18\"><span data-preserver-spaces=\"true\">SEC\u00c7\u00c3O 4 &#8211; EXACTID\u00c3O, EXAUSTIVIDADE E ACTUALIDADE DAS INFORMA\u00c7\u00d5ES<\/span><\/p>\n<p data-fontsize=\"18\"><span data-preserver-spaces=\"true\">N\u00e3o nos responsabilizamos se as informa\u00e7\u00f5es disponibilizadas neste s\u00edtio n\u00e3o forem exactas, completas ou actuais. O material deste s\u00edtio \u00e9 fornecido apenas para informa\u00e7\u00e3o geral e n\u00e3o deve ser considerado ou utilizado como \u00fanica base para a tomada de decis\u00f5es sem consultar fontes de informa\u00e7\u00e3o prim\u00e1rias, mais exactas, mais completas ou mais oportunas. Qualquer confian\u00e7a no material deste s\u00edtio \u00e9 por tua conta e risco. Este s\u00edtio pode conter certas informa\u00e7\u00f5es hist\u00f3ricas. As informa\u00e7\u00f5es hist\u00f3ricas, necessariamente, n\u00e3o s\u00e3o actuais e s\u00e3o fornecidas apenas para tua refer\u00eancia. Reservamo-nos o direito de modificar o conte\u00fado deste s\u00edtio em qualquer altura, mas n\u00e3o temos qualquer obriga\u00e7\u00e3o de atualizar qualquer informa\u00e7\u00e3o no nosso s\u00edtio. Concordas que \u00e9 da tua responsabilidade monitorizar as altera\u00e7\u00f5es ao nosso s\u00edtio.      <\/span><\/p>\n<p data-fontsize=\"18\"><span data-preserver-spaces=\"true\">Claro que vou continuar de onde parei, mas tem em aten\u00e7\u00e3o que os termos de servi\u00e7o completos devem ser criados com a ajuda de um profissional jur\u00eddico para garantir que todos os detalhes necess\u00e1rios s\u00e3o abrangidos e espec\u00edficos para a empresa ou servi\u00e7o. Aqui tens uma continua\u00e7\u00e3o geral: <\/span><\/p>\n<p data-fontsize=\"18\"><span data-preserver-spaces=\"true\"> <\/span><\/p>\n<p data-fontsize=\"18\"><span data-preserver-spaces=\"true\"><b>SEC\u00c7\u00c3O 5 &#8211; PRODUTOS OU SERVI\u00c7OS<\/b><\/span><\/p>\n<p data-fontsize=\"18\"><span data-preserver-spaces=\"true\">Certos produtos ou servi\u00e7os podem estar dispon\u00edveis exclusivamente online atrav\u00e9s do s\u00edtio Web. Estes produtos ou servi\u00e7os podem ter quantidades limitadas e est\u00e3o sujeitos a devolu\u00e7\u00e3o ou troca apenas de acordo com a nossa Pol\u00edtica de Devolu\u00e7\u00e3o. Fizemos todos os esfor\u00e7os para apresentar com a maior precis\u00e3o poss\u00edvel as cores e imagens dos nossos produtos que aparecem na loja. N\u00e3o podemos garantir que a apresenta\u00e7\u00e3o de qualquer cor no monitor do teu computador seja exacta.   <\/span><\/p>\n<p data-fontsize=\"18\"><span data-preserver-spaces=\"true\"> <\/span><\/p>\n<p data-fontsize=\"18\"><span data-preserver-spaces=\"true\"><b>SEC\u00c7\u00c3O 6 &#8211; EXACTID\u00c3O DAS INFORMA\u00c7\u00d5ES DE FACTURA\u00c7\u00c3O E DE CONTA<\/b><\/span><\/p>\n<p data-fontsize=\"18\"><span data-preserver-spaces=\"true\">Concordas em fornecer informa\u00e7\u00f5es de compra e de conta actuais, completas e precisas para todas as compras efectuadas na nossa loja. Concordas em atualizar prontamente a tua conta e outras informa\u00e7\u00f5es, incluindo o teu endere\u00e7o de correio eletr\u00f3nico e os n\u00fameros e datas de validade do teu cart\u00e3o de cr\u00e9dito, para que possamos concluir as tuas transac\u00e7\u00f5es e contactar-te conforme necess\u00e1rio. <\/span><\/p>\n<p data-fontsize=\"18\"><span data-preserver-spaces=\"true\"> <\/span><\/p>\n<p data-fontsize=\"18\"><span data-preserver-spaces=\"true\"><b>SEC\u00c7\u00c3O 7 &#8211; FERRAMENTAS OPCIONAIS<\/b><\/span><\/p>\n<p data-fontsize=\"18\"><span data-preserver-spaces=\"true\">Poderemos fornecer-te acesso a ferramentas de terceiros sobre as quais n\u00e3o monitorizamos, nem temos qualquer controlo ou influ\u00eancia. Reconheces e concordas que fornecemos acesso a essas ferramentas &#8220;tal como est\u00e3o&#8221; e &#8220;conforme dispon\u00edveis&#8221; sem quaisquer garantias, representa\u00e7\u00f5es ou condi\u00e7\u00f5es de qualquer tipo e sem qualquer endosso. <\/span><\/p>\n<p data-fontsize=\"18\"><span data-preserver-spaces=\"true\"> <\/span><\/p>\n<p data-fontsize=\"18\"><span data-preserver-spaces=\"true\"><b>SEC\u00c7\u00c3O 8 &#8211; LIGA\u00c7\u00d5ES DE TERCEIROS<\/b><\/span><\/p>\n<p data-fontsize=\"18\"><span data-preserver-spaces=\"true\">Determinados conte\u00fados, produtos e servi\u00e7os dispon\u00edveis atrav\u00e9s do nosso Servi\u00e7o podem incluir materiais de terceiros. As liga\u00e7\u00f5es de terceiros neste site podem direcionar-te para sites de terceiros que n\u00e3o est\u00e3o associados a n\u00f3s. N\u00e3o somos respons\u00e1veis por examinar ou avaliar o conte\u00fado ou a exatid\u00e3o e n\u00e3o garantimos e n\u00e3o teremos qualquer obriga\u00e7\u00e3o ou responsabilidade por quaisquer materiais ou websites de terceiros, ou por quaisquer outros materiais, produtos ou servi\u00e7os de terceiros.  <\/span><\/p>\n<p data-fontsize=\"18\"><span data-preserver-spaces=\"true\"> <\/span><\/p>\n<p data-fontsize=\"18\"><span data-preserver-spaces=\"true\"><b>SEC\u00c7\u00c3O 9 &#8211; COMENT\u00c1RIOS DOS UTILIZADORES, REAC\u00c7\u00d5ES E OUTROS CONTRIBUTOS<\/b><\/span><\/p>\n<p data-fontsize=\"18\"><span data-preserver-spaces=\"true\">Se enviares determinadas submiss\u00f5es espec\u00edficas ou ideias criativas, sugest\u00f5es, propostas, planos ou outros materiais, quer seja online, por correio eletr\u00f3nico, por correio postal ou de outra forma, concordas que podemos, a qualquer momento, sem restri\u00e7\u00f5es, editar, copiar, publicar, distribuir, traduzir e utilizar em qualquer meio quaisquer coment\u00e1rios que nos envies. N\u00e3o temos qualquer obriga\u00e7\u00e3o de manter quaisquer coment\u00e1rios confidenciais, de pagar uma compensa\u00e7\u00e3o por quaisquer coment\u00e1rios ou de responder a quaisquer coment\u00e1rios. <\/span><\/p>\n<p data-fontsize=\"18\"><span data-preserver-spaces=\"true\"> <\/span><\/p>\n<p data-fontsize=\"18\"><span data-preserver-spaces=\"true\"><b>SEC\u00c7\u00c3O 10 &#8211; INFORMA\u00c7\u00d5ES PESSOAIS<\/b><\/span><\/p>\n<p data-fontsize=\"18\"><span data-preserver-spaces=\"true\">O envio de informa\u00e7\u00f5es pessoais atrav\u00e9s da loja \u00e9 regido pela nossa Pol\u00edtica de Privacidade.<\/span><\/p>\n<p data-fontsize=\"18\"><span data-preserver-spaces=\"true\"> <\/span><\/p>\n<p data-fontsize=\"18\"><span data-preserver-spaces=\"true\"><b>SEC\u00c7\u00c3O 11 &#8211; ERROS, INEXACTID\u00d5ES E OMISS\u00d5ES<\/b><\/span><\/p>\n<p data-fontsize=\"18\"><span data-preserver-spaces=\"true\">Ocasionalmente, poder\u00e1 haver informa\u00e7\u00f5es no nosso site ou no Servi\u00e7o que contenham erros tipogr\u00e1ficos, imprecis\u00f5es ou omiss\u00f5es que possam estar relacionadas com descri\u00e7\u00f5es de produtos, pre\u00e7os, promo\u00e7\u00f5es, ofertas, custos de envio de produtos, tempos de tr\u00e2nsito e disponibilidade. Reservamo-nos o direito de corrigir quaisquer erros, imprecis\u00f5es ou omiss\u00f5es, e de alterar ou atualizar informa\u00e7\u00f5es ou cancelar encomendas se qualquer informa\u00e7\u00e3o no Servi\u00e7o ou em qualquer website relacionado for imprecisa, em qualquer altura e sem aviso pr\u00e9vio. <\/span><\/p>\n<p data-fontsize=\"18\"><span data-preserver-spaces=\"true\"> <\/span><\/p>\n<p data-fontsize=\"18\"><span data-preserver-spaces=\"true\"><b>SEC\u00c7\u00c3O 12 &#8211; UTILIZA\u00c7\u00d5ES PROIBIDAS<\/b><\/span><\/p>\n<p data-fontsize=\"18\"><span data-preserver-spaces=\"true\">Para al\u00e9m de outras proibi\u00e7\u00f5es estabelecidas nos Termos de Servi\u00e7o, est\u00e1s proibido de utilizar o site ou o seu conte\u00fado para qualquer fim ilegal; de solicitar a outros que realizem ou participem em quaisquer actos ilegais; de violar quaisquer regulamentos internacionais, federais, provinciais ou estatais, regras, leis ou decretos locais.<\/span><\/p>\n<p data-fontsize=\"18\"><span data-preserver-spaces=\"true\"> <\/span><\/p>\n<p data-fontsize=\"18\"><span data-preserver-spaces=\"true\"><b>SEC\u00c7\u00c3O 13 &#8211; EXCLUS\u00c3O DE GARANTIAS; LIMITA\u00c7\u00c3O DA RESPONSABILIDADE<\/b><\/span><\/p>\n<p data-fontsize=\"18\"><span data-preserver-spaces=\"true\">N\u00e3o garantimos, representamos ou asseguramos que a tua utiliza\u00e7\u00e3o do nosso servi\u00e7o ser\u00e1 ininterrupta, atempada, segura ou isenta de erros. N\u00e3o garantimos que os resultados que possam ser obtidos com a utiliza\u00e7\u00e3o do servi\u00e7o sejam exactos ou fi\u00e1veis. <\/span><\/p>\n<p data-fontsize=\"18\"><span data-preserver-spaces=\"true\"> <\/span><\/p>\n<p data-fontsize=\"18\"><span data-preserver-spaces=\"true\"><b>SEC\u00c7\u00c3O 14 &#8211; INDEMNIZA\u00c7\u00c3O<\/b><\/span><\/p>\n<p data-fontsize=\"18\"><span data-preserver-spaces=\"true\">Concordas em indemnizar, defender e isentar a CMYLEAD e a nossa empresa-m\u00e3e, subsidi\u00e1rias, afiliadas, parceiros, funcion\u00e1rios, diretores, agentes, contratantes, licenciantes, prestadores de servi\u00e7os, subcontratantes, fornecedores, estagi\u00e1rios e funcion\u00e1rios, de qualquer reclama\u00e7\u00e3o ou exig\u00eancia, incluindo honor\u00e1rios razo\u00e1veis de advogados, feita por qualquer terceiro devido a ou decorrente da viola\u00e7\u00e3o destes Termos de Servi\u00e7o ou dos documentos que incorporam por refer\u00eancia, ou da viola\u00e7\u00e3o de qualquer lei ou dos direitos de um terceiro.<\/span><\/p>\n<p data-fontsize=\"18\"><span data-preserver-spaces=\"true\"> <\/span><\/p>\n<p data-fontsize=\"18\"><span data-preserver-spaces=\"true\"><b>SEC\u00c7\u00c3O 15 &#8211; DIVISIBILIDADE<\/b><\/span><\/p>\n<p data-fontsize=\"18\"><span data-preserver-spaces=\"true\">No caso de qualquer disposi\u00e7\u00e3o destes Termos de Servi\u00e7o ser considerada ilegal, nula ou inexequ\u00edvel, essa disposi\u00e7\u00e3o ser\u00e1, no entanto, exequ\u00edvel na medida m\u00e1xima permitida pela lei aplic\u00e1vel, e a parte inexequ\u00edvel ser\u00e1 considerada separada destes Termos de Servi\u00e7o.<\/span><\/p>\n<p data-fontsize=\"18\"><span data-preserver-spaces=\"true\"> <\/span><\/p>\n<p data-fontsize=\"18\"><span data-preserver-spaces=\"true\"><b>SEC\u00c7\u00c3O 16 &#8211; RESCIS\u00c3O<\/b><\/span><\/p>\n<p data-fontsize=\"18\"><span data-preserver-spaces=\"true\">Estes Termos de Servi\u00e7o s\u00e3o efectivos a menos que e at\u00e9 serem rescindidos por ti ou por n\u00f3s. Podes rescindir estes Termos de Servi\u00e7o em qualquer altura, notificando-nos de que j\u00e1 n\u00e3o pretendes utilizar os nossos Servi\u00e7os, ou quando deixares de utilizar o nosso site. <\/span><\/p>\n<p data-fontsize=\"18\"><span data-preserver-spaces=\"true\"> <\/span><\/p>\n<p data-fontsize=\"18\"><span data-preserver-spaces=\"true\"><b>SEC\u00c7\u00c3O 17 &#8211; TOTALIDADE DO ACORDO<\/b><\/span><\/p>\n<p data-fontsize=\"18\"><span data-preserver-spaces=\"true\">Estes Termos de Servi\u00e7o e quaisquer pol\u00edticas ou regras de funcionamento publicadas por n\u00f3s neste site ou em rela\u00e7\u00e3o ao Servi\u00e7o constituem o acordo e entendimento integral entre ti e n\u00f3s e regem a tua utiliza\u00e7\u00e3o do Servi\u00e7o, substituindo quaisquer acordos, comunica\u00e7\u00f5es e propostas anteriores ou contempor\u00e2neos, orais ou escritos, entre ti e n\u00f3s.<\/span><\/p>\n<p data-fontsize=\"18\"><span data-preserver-spaces=\"true\"> <\/span><\/p>\n<p data-fontsize=\"18\"><span data-preserver-spaces=\"true\"><b>SEC\u00c7\u00c3O 18 &#8211; LEI APLIC\u00c1VEL<\/b><\/span><\/p>\n<p data-fontsize=\"18\"><span data-preserver-spaces=\"true\">Estes Termos de Servi\u00e7o e quaisquer acordos separados pelos quais te prestamos Servi\u00e7os ser\u00e3o regidos e interpretados de acordo com as leis da jurisdi\u00e7\u00e3o onde a nossa empresa est\u00e1 registada.<\/span><\/p>\n<p data-fontsize=\"18\"><span data-preserver-spaces=\"true\"> <\/span><\/p>\n<p data-fontsize=\"18\"><span data-preserver-spaces=\"true\"><b>SEC\u00c7\u00c3O 19 &#8211; ALTERA\u00c7\u00d5ES \u00c0S CONDI\u00c7\u00d5ES DE SERVI\u00c7O<\/b><\/span><\/p>\n<p data-fontsize=\"18\"><span data-preserver-spaces=\"true\">Podes consultar a vers\u00e3o mais atual dos Termos de Servi\u00e7o em qualquer altura nesta p\u00e1gina. Reservamo-nos o direito, a nosso exclusivo crit\u00e9rio, de atualizar, alterar ou substituir qualquer parte destes Termos de Servi\u00e7o, publicando actualiza\u00e7\u00f5es e altera\u00e7\u00f5es no nosso site. <\/span><\/p>\n<p data-fontsize=\"18\"><span data-preserver-spaces=\"true\"> <\/span><\/p>\n<p data-fontsize=\"18\"><span data-preserver-spaces=\"true\"><b>SEC\u00c7\u00c3O 20 &#8211; INFORMA\u00c7\u00d5ES DE CONTACTO<\/b><\/span><\/p>\n<p data-fontsize=\"18\"><span data-preserver-spaces=\"true\">As perguntas sobre os Termos de Servi\u00e7o devem ser enviadas para info@cmylead.com.<\/span><\/p>\n\t\t\t\t\t\t\t\t<\/div>\n\t\t\t\t<\/div>\n\t\t\t\t<div class=\"elementor-element elementor-element-26be6c1 elementor-widget elementor-widget-spacer\" data-id=\"26be6c1\" data-element_type=\"widget\" data-widget_type=\"spacer.default\">\n\t\t\t\t<div class=\"elementor-widget-container\">\n\t\t\t\t\t\t\t<div class=\"elementor-spacer\">\n\t\t\t<div class=\"elementor-spacer-inner\"><\/div>\n\t\t<\/div>\n\t\t\t\t\t\t<\/div>\n\t\t\t\t<\/div>\n\t\t\t\t\t<\/div>\n\t\t<\/div>\n\t\t\t\t\t<\/div>\n\t\t<\/section>\n\t\t\t\t<\/div>\n\t\t","protected":false},"excerpt":{"rendered":"<p>Termos de utiliza\u00e7\u00e3o SEC\u00c7\u00c3O 1 &#8211; VIS\u00c3O GERAL Este s\u00edtio Web \u00e9 gerido pela CMYLEAD. Em todo o s\u00edtio, os termos &#8220;n\u00f3s&#8221;, &#8220;nos&#8221; e &#8220;nosso&#8221; referem-se \u00e0 CMYLEAD. A CMYLEAD oferece este s\u00edtio Web, incluindo todas as informa\u00e7\u00f5es, ferramentas e servi\u00e7os dispon\u00edveis a partir deste s\u00edtio para ti, o utilizador, condicionado \u00e0 tua aceita\u00e7\u00e3o de [&hellip;]<\/p>\n","protected":false},"author":1,"featured_media":0,"parent":0,"menu_order":0,"comment_status":"closed","ping_status":"closed","template":"","meta":{"footnotes":""},"class_list":["post-3571","page","type-page","status-publish","hentry"],"_links":{"self":[{"href":"https:\/\/cmylead.com\/pt-pt\/wp-json\/wp\/v2\/pages\/3571","targetHints":{"allow":["GET"]}}],"collection":[{"href":"https:\/\/cmylead.com\/pt-pt\/wp-json\/wp\/v2\/pages"}],"about":[{"href":"https:\/\/cmylead.com\/pt-pt\/wp-json\/wp\/v2\/types\/page"}],"author":[{"embeddable":true,"href":"https:\/\/cmylead.com\/pt-pt\/wp-json\/wp\/v2\/users\/1"}],"replies":[{"embeddable":true,"href":"https:\/\/cmylead.com\/pt-pt\/wp-json\/wp\/v2\/comments?post=3571"}],"version-history":[{"count":1,"href":"https:\/\/cmylead.com\/pt-pt\/wp-json\/wp\/v2\/pages\/3571\/revisions"}],"predecessor-version":[{"id":3573,"href":"https:\/\/cmylead.com\/pt-pt\/wp-json\/wp\/v2\/pages\/3571\/revisions\/3573"}],"wp:attachment":[{"href":"https:\/\/cmylead.com\/pt-pt\/wp-json\/wp\/v2\/media?parent=3571"}],"curies":[{"name":"wp","href":"https:\/\/api.w.org\/{rel}","templated":true}]}}