{"id":3482,"date":"2024-10-31T17:35:35","date_gmt":"2024-10-31T17:35:35","guid":{"rendered":"https:\/\/cmylead.com\/politica-de-confidentialitate\/"},"modified":"2024-11-11T16:54:59","modified_gmt":"2024-11-11T16:54:59","slug":"politica-de-confidentialitate","status":"publish","type":"page","link":"https:\/\/cmylead.com\/ro\/politica-de-confidentialitate\/","title":{"rendered":"Politica de confiden\u021bialitate"},"content":{"rendered":"<style>.elementor-3482 .elementor-element.elementor-element-3438da73 > .elementor-background-overlay{background-color:var( --e-global-color-secondary );opacity:0.9;transition:background 0.3s, border-radius 0.3s, opacity 0.3s;}.elementor-3482 .elementor-element.elementor-element-3438da73 > .elementor-container{max-width:1200px;}.elementor-3482 .elementor-element.elementor-element-3438da73:not(.elementor-motion-effects-element-type-background), .elementor-3482 .elementor-element.elementor-element-3438da73 > .elementor-motion-effects-container > .elementor-motion-effects-layer{background-position:0% 10%;background-repeat:no-repeat;background-size:cover;}.elementor-3482 .elementor-element.elementor-element-3438da73{transition:background 0.3s, border 0.3s, border-radius 0.3s, box-shadow 0.3s;margin-top:-100px;margin-bottom:100px;padding:200px 0px 100px 0px;}.elementor-3482 .elementor-element.elementor-element-6d3af210{text-align:center;}.elementor-3482 .elementor-element.elementor-element-6d3af210 .elementor-heading-title{font-family:var( --e-global-typography-secondary-font-family ), Sans-serif;font-size:var( --e-global-typography-secondary-font-size );font-weight:var( --e-global-typography-secondary-font-weight );text-transform:var( --e-global-typography-secondary-text-transform );text-decoration:var( --e-global-typography-secondary-text-decoration );line-height:var( --e-global-typography-secondary-line-height );color:var( --e-global-color-827cd3a );}:root{--page-title-display:none;}@media(max-width:1024px){.elementor-3482 .elementor-element.elementor-element-3438da73:not(.elementor-motion-effects-element-type-background), .elementor-3482 .elementor-element.elementor-element-3438da73 > .elementor-motion-effects-container > .elementor-motion-effects-layer{background-position:0px 0px;}.elementor-3482 .elementor-element.elementor-element-3438da73{margin-top:-150px;margin-bottom:100px;padding:220px 0px 100px 0px;}.elementor-3482 .elementor-element.elementor-element-32bdeddb > .elementor-element-populated{margin:0px 0px 0px 0px;--e-column-margin-right:0px;--e-column-margin-left:0px;padding:0px 30px 0px 30px;}.elementor-3482 .elementor-element.elementor-element-6d3af210 .elementor-heading-title{font-size:var( --e-global-typography-secondary-font-size );line-height:var( --e-global-typography-secondary-line-height );}}@media(max-width:767px){.elementor-3482 .elementor-element.elementor-element-3438da73:not(.elementor-motion-effects-element-type-background), .elementor-3482 .elementor-element.elementor-element-3438da73 > .elementor-motion-effects-container > .elementor-motion-effects-layer{background-position:0px 0px;}.elementor-3482 .elementor-element.elementor-element-3438da73{margin-top:-150px;margin-bottom:100px;padding:220px 0px 100px 0px;}.elementor-3482 .elementor-element.elementor-element-32bdeddb > .elementor-element-populated{margin:0px 0px 0px 0px;--e-column-margin-right:0px;--e-column-margin-left:0px;padding:0px 20px 0px 20px;}.elementor-3482 .elementor-element.elementor-element-6d3af210 .elementor-heading-title{font-size:var( --e-global-typography-secondary-font-size );line-height:var( --e-global-typography-secondary-line-height );}}<\/style>\t\t<div data-elementor-type=\"wp-page\" data-elementor-id=\"3482\" class=\"elementor elementor-3482 elementor-1345\" data-elementor-post-type=\"page\">\n\t\t\t\t\t\t<section class=\"elementor-section elementor-top-section elementor-element elementor-element-3438da73 elementor-section-boxed elementor-section-height-default elementor-section-height-default\" data-id=\"3438da73\" data-element_type=\"section\" data-settings=\"{&quot;background_background&quot;:&quot;classic&quot;}\">\n\t\t\t\t\t\t\t<div class=\"elementor-background-overlay\"><\/div>\n\t\t\t\t\t\t\t<div class=\"elementor-container elementor-column-gap-default\">\n\t\t\t\t\t<div class=\"elementor-column elementor-col-100 elementor-top-column elementor-element elementor-element-32bdeddb\" data-id=\"32bdeddb\" data-element_type=\"column\">\n\t\t\t<div class=\"elementor-widget-wrap elementor-element-populated\">\n\t\t\t\t\t\t<div class=\"elementor-element elementor-element-6d3af210 elementor-widget elementor-widget-heading\" data-id=\"6d3af210\" data-element_type=\"widget\" data-widget_type=\"heading.default\">\n\t\t\t\t<div class=\"elementor-widget-container\">\n\t\t\t\t\t<h2 class=\"elementor-heading-title elementor-size-default\">Politica de confiden\u021bialitate<\/h2>\t\t\t\t<\/div>\n\t\t\t\t<\/div>\n\t\t\t\t\t<\/div>\n\t\t<\/div>\n\t\t\t\t\t<\/div>\n\t\t<\/section>\n\t\t\t\t<section class=\"elementor-section elementor-top-section elementor-element elementor-element-fb8c355 elementor-section-boxed elementor-section-height-default elementor-section-height-default\" data-id=\"fb8c355\" data-element_type=\"section\">\n\t\t\t\t\t\t<div class=\"elementor-container elementor-column-gap-default\">\n\t\t\t\t\t<div class=\"elementor-column elementor-col-100 elementor-top-column elementor-element elementor-element-63313d6\" data-id=\"63313d6\" data-element_type=\"column\">\n\t\t\t<div class=\"elementor-widget-wrap elementor-element-populated\">\n\t\t\t\t\t\t<div class=\"elementor-element elementor-element-98a631c elementor-widget elementor-widget-text-editor\" data-id=\"98a631c\" data-element_type=\"widget\" data-widget_type=\"text-editor.default\">\n\t\t\t\t<div class=\"elementor-widget-container\">\n\t\t\t\t\t\t\t\t\t<h4 data-fontsize=\"24\"><span data-preserver-spaces=\"true\">La CmyLead, accesibil de la <\/span><a href=\"https:\/\/cmylead.com\/\" target=\"_blank\" rel=\"noopener\" data-fontsize=\"24\">www.cmylead.com<\/a><span data-preserver-spaces=\"true\">, cea mai mare prioritate a noastr\u0103 este confiden\u021bialitatea \u0219i \u00eencrederea utilizatorilor no\u0219tri. Aceast\u0103 politic\u0103 de confiden\u021bialitate prezint\u0103 tipurile de informa\u021bii pe care le colect\u0103m \u0219i \u00eenregistr\u0103m \u0219i modul \u00een care acestea sunt utilizate. <\/span><\/h4>\n<div><span data-preserver-spaces=\"true\"> <\/span><\/div>\n<p data-fontsize=\"18\"><span data-preserver-spaces=\"true\">Pentru orice \u00eentreb\u0103ri sau informa\u021bii suplimentare cu privire la Politica noastr\u0103 de confiden\u021bialitate, nu ezita\u021bi s\u0103 ne contacta\u021bi.<\/span><\/p>\n<p data-fontsize=\"18\"><span data-preserver-spaces=\"true\">Aceast\u0103 politic\u0103 de confiden\u021bialitate se aplic\u0103 activit\u0103\u021bilor noastre online \u0219i este valabil\u0103 pentru utilizatori \u00een ceea ce prive\u0219te informa\u021biile pe care le partajeaz\u0103 \u0219i\/sau le colecteaz\u0103 \u00een CmyLead. Aceasta nu se extinde la informa\u021biile colectate offline sau prin alte canale \u00een afar\u0103 de acest site web. Politica noastr\u0103 de confiden\u021bialitate a fost stabilit\u0103 cu ajutorul Free Privacy Policy Generator.  <\/span><\/p>\n<p data-fontsize=\"18\"><span data-preserver-spaces=\"true\"><b>Consim\u021b\u0103m\u00e2nt<\/b><\/span><\/p>\n<p data-fontsize=\"18\"><span data-preserver-spaces=\"true\">Prin utilizarea site-ului nostru, sunte\u021bi de acord cu Politica noastr\u0103 de confiden\u021bialitate \u0219i accepta\u021bi termenii acesteia.<\/span><\/p>\n<p data-fontsize=\"18\"><span data-preserver-spaces=\"true\"><b>Informa\u021bii pe care le colect\u0103m<\/b><\/span><\/p>\n<p data-fontsize=\"18\"><span data-preserver-spaces=\"true\">Vom explica \u00een mod clar de ce avem nevoie de informa\u021biile personale pe care vi le solicit\u0103m atunci c\u00e2nd vi le solicit\u0103m.<\/span><\/p>\n<p data-fontsize=\"18\"><span data-preserver-spaces=\"true\">Dac\u0103 ne contacta\u021bi direct, putem primi informa\u021bii suplimentare, cum ar fi numele, adresa de e-mail, num\u0103rul de telefon, con\u021binutul mesajului sau al ata\u0219amentelor pe care ni le pute\u021bi trimite \u0219i orice alte informa\u021bii pe care alege\u021bi s\u0103 le furniza\u021bi.<\/span><\/p>\n<p data-fontsize=\"18\"><span data-preserver-spaces=\"true\">Atunci c\u00e2nd v\u0103 \u00eenregistra\u021bi pentru un Cont, este posibil s\u0103 v\u0103 solicit\u0103m informa\u021bii de contact, inclusiv elemente precum numele, numele companiei, adresa, adresa de e-mail \u0219i num\u0103rul de telefon.<\/span><\/p>\n<p data-fontsize=\"18\"><span data-preserver-spaces=\"true\"><b>Cum folosim informa\u021biile dumneavoastr\u0103?<\/b><\/span><\/p>\n<p data-fontsize=\"18\"><span data-preserver-spaces=\"true\">Utiliz\u0103m informa\u021biile pe care le colect\u0103m \u00een numeroase moduri, inclusiv pentru:<\/span><\/p>\n<ul>\n<li><span data-preserver-spaces=\"true\">Furnizarea, operarea \u0219i \u00eentre\u021binerea site-ului nostru web<\/span><\/li>\n<li><span data-preserver-spaces=\"true\">\u00cembun\u0103t\u0103\u021birea, personalizarea \u0219i extinderea site-ului nostru web<\/span><\/li>\n<li><span data-preserver-spaces=\"true\">S\u0103 \u00een\u021belegem \u0219i s\u0103 analiz\u0103m utilizarea de c\u0103tre dvs. a site-ului nostru web<\/span><\/li>\n<li><span data-preserver-spaces=\"true\">Dezvoltarea de noi produse, servicii, caracteristici \u0219i func\u021bionalit\u0103\u021bi<\/span><\/li>\n<li><span data-preserver-spaces=\"true\">Comunic\u0103m cu dumneavoastr\u0103, direct sau prin intermediul partenerilor, inclusiv pentru serviciul clien\u021bi, actualiz\u0103ri \u0219i alte informa\u021bii legate de site-ul web, precum \u0219i \u00een scopuri de marketing \u0219i promo\u021bionale<\/span><\/li>\n<li><span data-preserver-spaces=\"true\">Trimite\u021bi e-mailuri<\/span><\/li>\n<li><span data-preserver-spaces=\"true\">Detectarea \u0219i prevenirea fraudei\n<p><\/span><\/li>\n<\/ul>\n<p data-fontsize=\"18\"><span data-preserver-spaces=\"true\"><b>Fi\u0219iere de jurnal<\/b><\/span><\/p>\n<p data-fontsize=\"18\"><span data-preserver-spaces=\"true\">CmyLead urmeaz\u0103 o procedur\u0103 standard de utilizare a fi\u0219ierelor jurnal, ca toate companiile de g\u0103zduire. Aceste fi\u0219iere jurnal urm\u0103resc vizitatorii atunci c\u00e2nd viziteaz\u0103 site-uri web. Datele colectate pot include adresele IP, tipul de browser, furnizorul de servicii Internet (ISP), marcajele de dat\u0103 \u0219i or\u0103, paginile de trimitere\/ie\u0219ire \u0219i, eventual, num\u0103rul de clicuri. Aceste informa\u021bii nu sunt legate de date personale identificabile \u0219i sunt utilizate pentru analiza tendin\u021belor, gestionarea site-ului, urm\u0103rirea mi\u0219c\u0103rii utilizatorilor \u0219i colectarea de date demografice.   <\/p>\n<p><\/span><\/p>\n<p data-fontsize=\"18\"><span data-preserver-spaces=\"true\"><b>Politici de confiden\u021bialitate ale ter\u021bilor<\/b><\/span><\/p>\n<p data-fontsize=\"18\"><span data-preserver-spaces=\"true\">Politica de confiden\u021bialitate a CmyLead nu se aplic\u0103 altor agen\u021bii de publicitate sau site-uri web. Prin urmare, v\u0103 sf\u0103tuim s\u0103 consulta\u021bi Politicile de confiden\u021bialitate respective ale serverelor de anun\u021buri ter\u021b\u0103 parte pentru informa\u021bii mai detaliate despre practicile lor \u0219i instruc\u021biuni despre cum s\u0103 renun\u021ba\u021bi la anumite op\u021biuni. <\/p>\n<p><\/span><\/p>\n<p data-fontsize=\"18\"><span data-preserver-spaces=\"true\"><b>GDPR Drepturile privind protec\u021bia datelor<\/b><\/span><\/p>\n<p data-fontsize=\"18\"><span data-preserver-spaces=\"true\">Dorim s\u0103 ne asigur\u0103m c\u0103 sunte\u021bi pe deplin con\u0219tient de toate drepturile dumneavoastr\u0103 privind protec\u021bia datelor. Fiecare utilizator are dreptul la urm\u0103toarele: <\/span><\/p>\n<ul>\n<li><span data-preserver-spaces=\"true\">Dreptul de acces &#8211; Pute\u021bi solicita copii ale datelor dumneavoastr\u0103 cu caracter personal. Este posibil s\u0103 percepem o mic\u0103 tax\u0103 pentru acest serviciu. <\/span><\/li>\n<li><span data-preserver-spaces=\"true\">Dreptul la rectificare &#8211; Ne pute\u021bi solicita s\u0103 corect\u0103m orice informa\u021bii pe care le considera\u021bi inexacte. De asemenea, ne pute\u021bi solicita s\u0103 complet\u0103m informa\u021biile pe care le considera\u021bi incomplete. <\/span><\/li>\n<li><span data-preserver-spaces=\"true\">Dreptul la \u0219tergere &#8211; Ne pute\u021bi cere s\u0103 \u0219tergem datele dvs. cu caracter personal, \u00een anumite condi\u021bii.<\/span><\/li>\n<li><span data-preserver-spaces=\"true\">Dreptul de a restric\u021biona prelucrarea &#8211; Ne pute\u021bi solicita s\u0103 restric\u021bion\u0103m prelucrarea datelor dumneavoastr\u0103 cu caracter personal, \u00een anumite condi\u021bii.<\/span><\/li>\n<li><span data-preserver-spaces=\"true\">Dreptul de a v\u0103 opune prelucr\u0103rii &#8211; V\u0103 pute\u021bi opune prelucr\u0103rii de c\u0103tre noi a datelor dvs. cu caracter personal, \u00een anumite condi\u021bii.<\/span><\/li>\n<li><span data-preserver-spaces=\"true\">Dreptul la portabilitatea datelor &#8211; Pute\u021bi solicita s\u0103 v\u0103 transfer\u0103m datele c\u0103tre o alt\u0103 organiza\u021bie sau direct c\u0103tre dumneavoastr\u0103, \u00een anumite condi\u021bii.<br \/><b><br \/><\/b><\/span><\/li>\n<\/ul>\n<p data-fontsize=\"18\"><span data-preserver-spaces=\"true\"><b>Informa\u021bii pentru copii<\/b><\/span><\/p>\n<p data-fontsize=\"18\"><span data-preserver-spaces=\"true\">Protejarea copiilor \u00een timpul utiliz\u0103rii internetului este deosebit de important\u0103 pentru noi. \u00cencuraj\u0103m p\u0103rin\u021bii \u0219i tutorii s\u0103 monitorizeze activitatea online a copiilor lor. <\/span><\/p>\n<p data-fontsize=\"18\"><span data-preserver-spaces=\"true\">Cmycard nu colecteaz\u0103 \u00een mod con\u0219tient informa\u021bii de identificare personal\u0103 de la copii sub v\u00e2rsta de 13 ani. Dac\u0103 crede\u021bi c\u0103 copilul dvs. a furnizat acest tip de informa\u021bii pe site-ul nostru, v\u0103 \u00eencuraj\u0103m s\u0103 ne contacta\u021bi imediat \u0219i vom face tot posibilul pentru a elimina cu promptitudine aceste informa\u021bii din \u00eenregistr\u0103rile noastre. <\/span><\/p>\n\t\t\t\t\t\t\t\t<\/div>\n\t\t\t\t<\/div>\n\t\t\t\t\t<\/div>\n\t\t<\/div>\n\t\t\t\t\t<\/div>\n\t\t<\/section>\n\t\t\t\t<\/div>\n\t\t","protected":false},"excerpt":{"rendered":"<p>Politica de confiden\u021bialitate La CmyLead, accesibil de la www.cmylead.com, cea mai mare prioritate a noastr\u0103 este confiden\u021bialitatea \u0219i \u00eencrederea utilizatorilor no\u0219tri. Aceast\u0103 politic\u0103 de confiden\u021bialitate prezint\u0103 tipurile de informa\u021bii pe care le colect\u0103m \u0219i \u00eenregistr\u0103m \u0219i modul \u00een care acestea sunt utilizate. Pentru orice \u00eentreb\u0103ri sau informa\u021bii suplimentare cu privire la Politica noastr\u0103 de confiden\u021bialitate, [&hellip;]<\/p>\n","protected":false},"author":1,"featured_media":0,"parent":0,"menu_order":0,"comment_status":"closed","ping_status":"closed","template":"","meta":{"footnotes":""},"class_list":["post-3482","page","type-page","status-publish","hentry"],"_links":{"self":[{"href":"https:\/\/cmylead.com\/ro\/wp-json\/wp\/v2\/pages\/3482","targetHints":{"allow":["GET"]}}],"collection":[{"href":"https:\/\/cmylead.com\/ro\/wp-json\/wp\/v2\/pages"}],"about":[{"href":"https:\/\/cmylead.com\/ro\/wp-json\/wp\/v2\/types\/page"}],"author":[{"embeddable":true,"href":"https:\/\/cmylead.com\/ro\/wp-json\/wp\/v2\/users\/1"}],"replies":[{"embeddable":true,"href":"https:\/\/cmylead.com\/ro\/wp-json\/wp\/v2\/comments?post=3482"}],"version-history":[{"count":1,"href":"https:\/\/cmylead.com\/ro\/wp-json\/wp\/v2\/pages\/3482\/revisions"}],"predecessor-version":[{"id":3483,"href":"https:\/\/cmylead.com\/ro\/wp-json\/wp\/v2\/pages\/3482\/revisions\/3483"}],"wp:attachment":[{"href":"https:\/\/cmylead.com\/ro\/wp-json\/wp\/v2\/media?parent=3482"}],"curies":[{"name":"wp","href":"https:\/\/api.w.org\/{rel}","templated":true}]}}