{"id":3530,"date":"2024-10-31T17:37:39","date_gmt":"2024-10-31T17:37:39","guid":{"rendered":"https:\/\/cmylead.com\/politica-de-securitate-a-aplicatiilor-web\/"},"modified":"2024-11-11T17:03:22","modified_gmt":"2024-11-11T17:03:22","slug":"politica-de-securitate-a-aplicatiilor-web","status":"publish","type":"page","link":"https:\/\/cmylead.com\/ro\/politica-de-securitate-a-aplicatiilor-web\/","title":{"rendered":"Politica de securitate a aplica\u021biilor web"},"content":{"rendered":"<style>.elementor-3530 .elementor-element.elementor-element-3438da73 > .elementor-background-overlay{background-color:var( --e-global-color-secondary );opacity:0.9;transition:background 0.3s, border-radius 0.3s, opacity 0.3s;}.elementor-3530 .elementor-element.elementor-element-3438da73 > .elementor-container{max-width:1200px;}.elementor-3530 .elementor-element.elementor-element-3438da73:not(.elementor-motion-effects-element-type-background), .elementor-3530 .elementor-element.elementor-element-3438da73 > .elementor-motion-effects-container > .elementor-motion-effects-layer{background-position:0% 10%;background-repeat:no-repeat;background-size:cover;}.elementor-3530 .elementor-element.elementor-element-3438da73{transition:background 0.3s, border 0.3s, border-radius 0.3s, box-shadow 0.3s;margin-top:-100px;margin-bottom:100px;padding:200px 0px 100px 0px;}.elementor-3530 .elementor-element.elementor-element-6d3af210{text-align:center;}.elementor-3530 .elementor-element.elementor-element-6d3af210 .elementor-heading-title{font-family:var( --e-global-typography-secondary-font-family ), Sans-serif;font-size:var( --e-global-typography-secondary-font-size );font-weight:var( --e-global-typography-secondary-font-weight );text-transform:var( --e-global-typography-secondary-text-transform );text-decoration:var( --e-global-typography-secondary-text-decoration );line-height:var( --e-global-typography-secondary-line-height );color:var( --e-global-color-827cd3a );}:root{--page-title-display:none;}@media(max-width:1024px){.elementor-3530 .elementor-element.elementor-element-3438da73:not(.elementor-motion-effects-element-type-background), .elementor-3530 .elementor-element.elementor-element-3438da73 > .elementor-motion-effects-container > .elementor-motion-effects-layer{background-position:0px 0px;}.elementor-3530 .elementor-element.elementor-element-3438da73{margin-top:-150px;margin-bottom:100px;padding:220px 0px 100px 0px;}.elementor-3530 .elementor-element.elementor-element-32bdeddb > .elementor-element-populated{margin:0px 0px 0px 0px;--e-column-margin-right:0px;--e-column-margin-left:0px;padding:0px 30px 0px 30px;}.elementor-3530 .elementor-element.elementor-element-6d3af210 .elementor-heading-title{font-size:var( --e-global-typography-secondary-font-size );line-height:var( --e-global-typography-secondary-line-height );}}@media(max-width:767px){.elementor-3530 .elementor-element.elementor-element-3438da73:not(.elementor-motion-effects-element-type-background), .elementor-3530 .elementor-element.elementor-element-3438da73 > .elementor-motion-effects-container > .elementor-motion-effects-layer{background-position:0px 0px;}.elementor-3530 .elementor-element.elementor-element-3438da73{margin-top:-150px;margin-bottom:100px;padding:220px 0px 100px 0px;}.elementor-3530 .elementor-element.elementor-element-32bdeddb > .elementor-element-populated{margin:0px 0px 0px 0px;--e-column-margin-right:0px;--e-column-margin-left:0px;padding:0px 20px 0px 20px;}.elementor-3530 .elementor-element.elementor-element-6d3af210 .elementor-heading-title{font-size:var( --e-global-typography-secondary-font-size );line-height:var( --e-global-typography-secondary-line-height );}}<\/style>\t\t<div data-elementor-type=\"wp-page\" data-elementor-id=\"3530\" class=\"elementor elementor-3530 elementor-1350\" data-elementor-post-type=\"page\">\n\t\t\t\t\t\t<section class=\"elementor-section elementor-top-section elementor-element elementor-element-3438da73 elementor-section-boxed elementor-section-height-default elementor-section-height-default\" data-id=\"3438da73\" data-element_type=\"section\" data-settings=\"{&quot;background_background&quot;:&quot;classic&quot;}\">\n\t\t\t\t\t\t\t<div class=\"elementor-background-overlay\"><\/div>\n\t\t\t\t\t\t\t<div class=\"elementor-container elementor-column-gap-default\">\n\t\t\t\t\t<div class=\"elementor-column elementor-col-100 elementor-top-column elementor-element elementor-element-32bdeddb\" data-id=\"32bdeddb\" data-element_type=\"column\">\n\t\t\t<div class=\"elementor-widget-wrap elementor-element-populated\">\n\t\t\t\t\t\t<div class=\"elementor-element elementor-element-6d3af210 elementor-widget elementor-widget-heading\" data-id=\"6d3af210\" data-element_type=\"widget\" data-widget_type=\"heading.default\">\n\t\t\t\t<div class=\"elementor-widget-container\">\n\t\t\t\t\t<h2 class=\"elementor-heading-title elementor-size-default\">Politica de securitate a aplica\u021biilor web<\/h2>\t\t\t\t<\/div>\n\t\t\t\t<\/div>\n\t\t\t\t\t<\/div>\n\t\t<\/div>\n\t\t\t\t\t<\/div>\n\t\t<\/section>\n\t\t\t\t<section class=\"elementor-section elementor-top-section elementor-element elementor-element-fb8c355 elementor-section-boxed elementor-section-height-default elementor-section-height-default\" data-id=\"fb8c355\" data-element_type=\"section\">\n\t\t\t\t\t\t<div class=\"elementor-container elementor-column-gap-default\">\n\t\t\t\t\t<div class=\"elementor-column elementor-col-100 elementor-top-column elementor-element elementor-element-63313d6\" data-id=\"63313d6\" data-element_type=\"column\">\n\t\t\t<div class=\"elementor-widget-wrap elementor-element-populated\">\n\t\t\t\t\t\t<div class=\"elementor-element elementor-element-98a631c elementor-widget elementor-widget-text-editor\" data-id=\"98a631c\" data-element_type=\"widget\" data-widget_type=\"text-editor.default\">\n\t\t\t\t<div class=\"elementor-widget-container\">\n\t\t\t\t\t\t\t\t\t<p data-fontsize=\"16\">Bine a\u021bi venit la aplica\u021bia noastr\u0103 web! Ne angaj\u0103m s\u0103 asigur\u0103m securitatea \u0219i confiden\u021bialitatea utilizatorilor no\u0219tri. Mai jos sunt prezentate principalele m\u0103suri de securitate pe care le-am implementat pentru a v\u0103 proteja datele.  <\/p>\n<p data-fontsize=\"16\"><strong>Validarea intr\u0103rilor<\/strong><\/p>\n<ul class=\"wp-block-list\">\n<li><strong>Sanitizarea \u0219i validarea intr\u0103rilor:<\/strong> Ne asigur\u0103m c\u0103 toate intr\u0103rile utilizatorului sunt corect salubrizate \u0219i validate pentru a preveni amenin\u021b\u0103rile la adresa securit\u0103\u021bii, cum ar fi injec\u021bia SQL \u0219i scriptingul cross-site (XSS).<\/li>\n<li><strong>Declara\u021bii preg\u0103tite:<\/strong> Utiliz\u0103m declara\u021bii preg\u0103tite pentru interac\u021biunile cu bazele de date pentru a spori securitatea.<\/li>\n<\/ul>\n<p data-fontsize=\"16\"><strong>Autentificare \u0219i autorizare<\/strong><\/p>\n<ul class=\"wp-block-list\">\n<li><strong>Parole puternice:<\/strong> Aplic\u0103m politici de parole puternice pentru a v\u0103 proteja contul.<\/li>\n<li><strong>Autentificare cu doi factori (2FA):<\/strong> Oferim 2FA pentru securitate suplimentar\u0103.<\/li>\n<li><strong>Controlul accesului pe baz\u0103 de rol (RBAC):<\/strong> Accesul la resurse este limitat pe baza rolurilor utilizatorilor.<\/li>\n<\/ul>\n<p data-fontsize=\"16\"><strong>Gestionarea sesiunii<\/strong><\/p>\n<ul class=\"wp-block-list\">\n<li><strong>ID-uri de sesiune securizate:<\/strong> Utiliz\u0103m ID-uri de sesiune securizate, generate aleatoriu, stocate \u00een module cookie securizate.<\/li>\n<li><strong>Timeout sesiune:<\/strong> Utilizatorii sunt deconecta\u021bi automat dup\u0103 o perioad\u0103 de inactivitate.<\/li>\n<li><strong>Prevenirea deturn\u0103rii sesiunii:<\/strong> Regener\u0103m periodic ID-urile de sesiune, \u00een special dup\u0103 autentificare.<\/li>\n<\/ul>\n<p data-fontsize=\"16\"><strong>Protec\u021bia datelor<\/strong><\/p>\n<ul class=\"wp-block-list\">\n<li><strong>Criptare:<\/strong> Cript\u0103m datele sensibile at\u00e2t \u00een tranzit, c\u00e2t \u0219i \u00een repaus.<\/li>\n<li><strong>Ha\u0219urarea parolelor:<\/strong> Parolele sunt stocate utiliz\u00e2nd algoritmi de ha\u0219urare puternici, unidirec\u021bionali.<\/li>\n<\/ul>\n<p data-fontsize=\"16\"><strong>Gestionarea \u0219i \u00eenregistrarea erorilor<\/strong><\/p>\n<ul class=\"wp-block-list\">\n<li><strong>Mesaje de eroare generice:<\/strong> Afi\u0219\u0103m mesaje de eroare generice pentru a proteja \u00eempotriva scurgerii de informa\u021bii.<\/li>\n<li><strong>\u00cenregistrare detaliat\u0103:<\/strong> Erorile sunt \u00eenregistrate cu informa\u021bii detaliate \u00eentr-o loca\u021bie sigur\u0103.<\/li>\n<li><strong>Monitorizarea jurnalelor:<\/strong> Monitoriz\u0103m \u00een mod regulat jurnalele pentru activit\u0103\u021bi suspecte.<\/li>\n<\/ul>\n<p data-fontsize=\"16\"><strong>Practici de codare sigur\u0103<\/strong><\/p>\n<ul class=\"wp-block-list\">\n<li><strong>Revizuirea codului:<\/strong> Sunt efectuate revizuiri periodice ale codului pentru a identifica \u0219i corecta vulnerabilit\u0103\u021bile.<\/li>\n<li><strong>Formare \u00een domeniul securit\u0103\u021bii:<\/strong> Dezvoltatorii no\u0219tri beneficiaz\u0103 de formare continu\u0103 \u00een domeniul securit\u0103\u021bii.<\/li>\n<li><strong>Biblioteci de securitate:<\/strong> Utiliz\u0103m biblioteci \u0219i cadre de securitate bine \u00eentre\u021binute.<\/li>\n<\/ul>\n<p data-fontsize=\"16\"><strong>Gestionarea configura\u021biei<\/strong><\/p>\n<ul class=\"wp-block-list\">\n<li><strong>Privilegii minime:<\/strong> Aplica\u021biile ruleaz\u0103 cu cele mai pu\u021bine privilegii necesare.<\/li>\n<li><strong>Configura\u021bie sigur\u0103:<\/strong> Serverele noastre sunt configurate \u00een siguran\u021b\u0103 \u0219i actualizate periodic.<\/li>\n<li><strong>Dezactiva\u021bi func\u021biile inutile:<\/strong> Serviciile \u0219i componentele neutilizate sunt dezactivate pentru a reduce riscurile.<\/li>\n<\/ul>\n<p data-fontsize=\"16\"><strong>Testarea periodic\u0103 a securit\u0103\u021bii<\/strong><\/p>\n<ul class=\"wp-block-list\">\n<li><strong>Scanarea vulnerabilit\u0103\u021bilor:<\/strong> Sunt efectuate scan\u0103ri regulate pentru a identifica punctele slabe de securitate.<\/li>\n<li><strong>Teste de penetrare:<\/strong> Se efectueaz\u0103 teste de penetrare periodice pentru a evalua securitatea noastr\u0103.<\/li>\n<li><strong>Gestionarea patch-urilor:<\/strong> Patch-urile \u0219i actualiz\u0103rile de securitate sunt aplicate prompt.<\/li>\n<\/ul>\n<p data-fontsize=\"16\"><strong>R\u0103spuns la incidente<\/strong><\/p>\n<ul class=\"wp-block-list\">\n<li><strong>Planul de r\u0103spuns la incidente:<\/strong> Avem un plan detaliat de r\u0103spuns la bre\u0219ele de securitate.<\/li>\n<li><strong>Exerci\u021bii periodice:<\/strong> Sunt efectuate exerci\u021bii de r\u0103spuns la incidente pentru a asigura preg\u0103tirea.<\/li>\n<\/ul>\n<p data-fontsize=\"16\"><strong>Conformitate \u0219i cerin\u021be legale<\/strong><\/p>\n<ul class=\"wp-block-list\">\n<li><strong>Legile privind protec\u021bia datelor:<\/strong> Respect\u0103m legile \u0219i reglement\u0103rile relevante privind protec\u021bia datelor.<\/li>\n<li><strong>Standarde industriale:<\/strong> Ader\u0103m la standardele \u0219i cele mai bune practici din industrie, cum ar fi OWASP Top Ten.<\/li>\n<\/ul>\n<p data-fontsize=\"16\"><strong>Revizuirea politicilor<\/strong><\/p>\n<p data-fontsize=\"16\">Politica noastr\u0103 de securitate este revizuit\u0103 anual sau dup\u0103 orice incident de securitate semnificativ, pentru a se asigura eficacitatea acesteia.<\/p>\n<p data-fontsize=\"16\">V\u0103 mul\u021bumim c\u0103 ne \u00eencredin\u021ba\u021bi datele dumneavoastr\u0103. Ne angaj\u0103m s\u0103 men\u021binem cele mai \u00eenalte standarde de securitate pentru a v\u0103 proteja informa\u021biile. <\/p>\n\t\t\t\t\t\t\t\t<\/div>\n\t\t\t\t<\/div>\n\t\t\t\t\t<\/div>\n\t\t<\/div>\n\t\t\t\t\t<\/div>\n\t\t<\/section>\n\t\t\t\t<\/div>\n\t\t","protected":false},"excerpt":{"rendered":"<p>Politica de securitate a aplica\u021biilor web Bine a\u021bi venit la aplica\u021bia noastr\u0103 web! Ne angaj\u0103m s\u0103 asigur\u0103m securitatea \u0219i confiden\u021bialitatea utilizatorilor no\u0219tri. Mai jos sunt prezentate principalele m\u0103suri de securitate pe care le-am implementat pentru a v\u0103 proteja datele. Validarea intr\u0103rilor Sanitizarea \u0219i validarea intr\u0103rilor: Ne asigur\u0103m c\u0103 toate intr\u0103rile utilizatorului sunt corect salubrizate \u0219i [&hellip;]<\/p>\n","protected":false},"author":1,"featured_media":0,"parent":0,"menu_order":0,"comment_status":"closed","ping_status":"closed","template":"","meta":{"footnotes":""},"class_list":["post-3530","page","type-page","status-publish","hentry"],"_links":{"self":[{"href":"https:\/\/cmylead.com\/ro\/wp-json\/wp\/v2\/pages\/3530","targetHints":{"allow":["GET"]}}],"collection":[{"href":"https:\/\/cmylead.com\/ro\/wp-json\/wp\/v2\/pages"}],"about":[{"href":"https:\/\/cmylead.com\/ro\/wp-json\/wp\/v2\/types\/page"}],"author":[{"embeddable":true,"href":"https:\/\/cmylead.com\/ro\/wp-json\/wp\/v2\/users\/1"}],"replies":[{"embeddable":true,"href":"https:\/\/cmylead.com\/ro\/wp-json\/wp\/v2\/comments?post=3530"}],"version-history":[{"count":1,"href":"https:\/\/cmylead.com\/ro\/wp-json\/wp\/v2\/pages\/3530\/revisions"}],"predecessor-version":[{"id":3531,"href":"https:\/\/cmylead.com\/ro\/wp-json\/wp\/v2\/pages\/3530\/revisions\/3531"}],"wp:attachment":[{"href":"https:\/\/cmylead.com\/ro\/wp-json\/wp\/v2\/media?parent=3530"}],"curies":[{"name":"wp","href":"https:\/\/api.w.org\/{rel}","templated":true}]}}