{"id":3586,"date":"2024-10-31T17:30:15","date_gmt":"2024-10-31T17:30:15","guid":{"rendered":"https:\/\/cmylead.com\/termeni-de-utilizare\/"},"modified":"2024-11-11T18:29:10","modified_gmt":"2024-11-11T18:29:10","slug":"termeni-de-utilizare","status":"publish","type":"page","link":"https:\/\/cmylead.com\/ro\/termeni-de-utilizare\/","title":{"rendered":"Termeni de utilizare"},"content":{"rendered":"<style>.elementor-3586 .elementor-element.elementor-element-3438da73 > .elementor-background-overlay{background-color:var( --e-global-color-secondary );opacity:0.9;transition:background 0.3s, border-radius 0.3s, opacity 0.3s;}.elementor-3586 .elementor-element.elementor-element-3438da73 > .elementor-container{max-width:1200px;}.elementor-3586 .elementor-element.elementor-element-3438da73:not(.elementor-motion-effects-element-type-background), .elementor-3586 .elementor-element.elementor-element-3438da73 > .elementor-motion-effects-container > .elementor-motion-effects-layer{background-position:0% 10%;background-repeat:no-repeat;background-size:cover;}.elementor-3586 .elementor-element.elementor-element-3438da73{transition:background 0.3s, border 0.3s, border-radius 0.3s, box-shadow 0.3s;margin-top:-100px;margin-bottom:100px;padding:200px 0px 100px 0px;}.elementor-3586 .elementor-element.elementor-element-6d3af210{text-align:center;}.elementor-3586 .elementor-element.elementor-element-6d3af210 .elementor-heading-title{font-family:var( --e-global-typography-secondary-font-family ), Sans-serif;font-size:var( --e-global-typography-secondary-font-size );font-weight:var( --e-global-typography-secondary-font-weight );text-transform:var( --e-global-typography-secondary-text-transform );text-decoration:var( --e-global-typography-secondary-text-decoration );line-height:var( --e-global-typography-secondary-line-height );color:var( --e-global-color-827cd3a );}.elementor-3586 .elementor-element.elementor-element-26be6c1{--spacer-size:50px;}:root{--page-title-display:none;}@media(max-width:1024px){.elementor-3586 .elementor-element.elementor-element-3438da73:not(.elementor-motion-effects-element-type-background), .elementor-3586 .elementor-element.elementor-element-3438da73 > .elementor-motion-effects-container > .elementor-motion-effects-layer{background-position:0px 0px;}.elementor-3586 .elementor-element.elementor-element-3438da73{margin-top:-150px;margin-bottom:100px;padding:220px 0px 100px 0px;}.elementor-3586 .elementor-element.elementor-element-32bdeddb > .elementor-element-populated{margin:0px 0px 0px 0px;--e-column-margin-right:0px;--e-column-margin-left:0px;padding:0px 30px 0px 30px;}.elementor-3586 .elementor-element.elementor-element-6d3af210 .elementor-heading-title{font-size:var( --e-global-typography-secondary-font-size );line-height:var( --e-global-typography-secondary-line-height );}}@media(max-width:767px){.elementor-3586 .elementor-element.elementor-element-3438da73:not(.elementor-motion-effects-element-type-background), .elementor-3586 .elementor-element.elementor-element-3438da73 > .elementor-motion-effects-container > .elementor-motion-effects-layer{background-position:0px 0px;}.elementor-3586 .elementor-element.elementor-element-3438da73{margin-top:-150px;margin-bottom:100px;padding:220px 0px 100px 0px;}.elementor-3586 .elementor-element.elementor-element-32bdeddb > .elementor-element-populated{margin:0px 0px 0px 0px;--e-column-margin-right:0px;--e-column-margin-left:0px;padding:0px 20px 0px 20px;}.elementor-3586 .elementor-element.elementor-element-6d3af210 .elementor-heading-title{font-size:var( --e-global-typography-secondary-font-size );line-height:var( --e-global-typography-secondary-line-height );}}<\/style>\t\t<div data-elementor-type=\"wp-page\" data-elementor-id=\"3586\" class=\"elementor elementor-3586 elementor-1336\" data-elementor-post-type=\"page\">\n\t\t\t\t\t\t<section class=\"elementor-section elementor-top-section elementor-element elementor-element-3438da73 elementor-section-boxed elementor-section-height-default elementor-section-height-default\" data-id=\"3438da73\" data-element_type=\"section\" data-settings=\"{&quot;background_background&quot;:&quot;classic&quot;}\">\n\t\t\t\t\t\t\t<div class=\"elementor-background-overlay\"><\/div>\n\t\t\t\t\t\t\t<div class=\"elementor-container elementor-column-gap-default\">\n\t\t\t\t\t<div class=\"elementor-column elementor-col-100 elementor-top-column elementor-element elementor-element-32bdeddb\" data-id=\"32bdeddb\" data-element_type=\"column\">\n\t\t\t<div class=\"elementor-widget-wrap elementor-element-populated\">\n\t\t\t\t\t\t<div class=\"elementor-element elementor-element-6d3af210 elementor-widget elementor-widget-heading\" data-id=\"6d3af210\" data-element_type=\"widget\" data-widget_type=\"heading.default\">\n\t\t\t\t<div class=\"elementor-widget-container\">\n\t\t\t\t\t<h2 class=\"elementor-heading-title elementor-size-default\">Termeni de utilizare<\/h2>\t\t\t\t<\/div>\n\t\t\t\t<\/div>\n\t\t\t\t\t<\/div>\n\t\t<\/div>\n\t\t\t\t\t<\/div>\n\t\t<\/section>\n\t\t\t\t<section class=\"elementor-section elementor-top-section elementor-element elementor-element-fb8c355 elementor-section-boxed elementor-section-height-default elementor-section-height-default\" data-id=\"fb8c355\" data-element_type=\"section\">\n\t\t\t\t\t\t<div class=\"elementor-container elementor-column-gap-default\">\n\t\t\t\t\t<div class=\"elementor-column elementor-col-100 elementor-top-column elementor-element elementor-element-63313d6\" data-id=\"63313d6\" data-element_type=\"column\">\n\t\t\t<div class=\"elementor-widget-wrap elementor-element-populated\">\n\t\t\t\t\t\t<div class=\"elementor-element elementor-element-98a631c elementor-widget elementor-widget-text-editor\" data-id=\"98a631c\" data-element_type=\"widget\" data-widget_type=\"text-editor.default\">\n\t\t\t\t<div class=\"elementor-widget-container\">\n\t\t\t\t\t\t\t\t\t<p data-fontsize=\"18\"><span data-preserver-spaces=\"true\"><b>SEC\u021aIUNEA 1 &#8211; PREZENTARE GENERAL\u0102<\/b><\/span><\/p>\n<p data-fontsize=\"18\"><span data-preserver-spaces=\"true\">Acest site este operat de CMYLEAD. Pe tot parcursul site-ului, termenii &#8222;noi&#8221;, &#8222;ne&#8221; \u0219i &#8222;nostru&#8221; se refer\u0103 la CMYLEAD. CMYLEAD ofer\u0103 acest site, inclusiv toate informa\u021biile, instrumentele \u0219i serviciile disponibile de pe acest site pentru dvs., utilizatorul, cu condi\u021bia accept\u0103rii de c\u0103tre dvs. a tuturor termenilor, condi\u021biilor, politicilor \u0219i notific\u0103rilor men\u021bionate aici.  <\/span><\/p>\n<p data-fontsize=\"18\"><span data-preserver-spaces=\"true\">Vizit\u00e2nd site-ul nostru \u0219i\/sau cump\u0103r\u00e2nd ceva de la noi, v\u0103 angaja\u021bi \u00een &#8222;serviciul&#8221; nostru \u0219i sunte\u021bi de acord s\u0103 respecta\u021bi urm\u0103torii termeni \u0219i condi\u021bii (&#8222;Termeni de serviciu&#8221;, &#8222;Termeni&#8221;), inclusiv termenii \u0219i condi\u021biile \u0219i politicile suplimentare men\u021bionate \u00een prezentul document \u0219i\/sau disponibile prin hyperlink. Ace\u0219ti Termeni de serviciu se aplic\u0103 tuturor utilizatorilor site-ului, inclusiv, f\u0103r\u0103 limitare, utilizatorilor care sunt navigatori, v\u00e2nz\u0103tori, clien\u021bi, comercian\u021bi \u0219i\/sau contribuitori de con\u021binut. <\/span><\/p>\n<p data-fontsize=\"18\"><span data-preserver-spaces=\"true\">V\u0103 rug\u0103m s\u0103 citi\u021bi cu aten\u021bie ace\u0219ti Termeni de serviciu \u00eenainte de a accesa sau utiliza site-ul nostru. Prin accesarea sau utilizarea oric\u0103rei p\u0103r\u021bi a site-ului, sunte\u021bi de acord s\u0103 respecta\u021bi ace\u0219ti Termeni de serviciu. Dac\u0103 nu sunte\u021bi de acord cu to\u021bi termenii \u0219i condi\u021biile acestui acord, atunci nu pute\u021bi accesa site-ul web sau utiliza orice servicii. Dac\u0103 ace\u0219ti Termeni de serviciu sunt considera\u021bi o ofert\u0103, acceptarea este limitat\u0103 \u00een mod expres la ace\u0219ti Termeni de serviciu.   <\/span><\/p>\n<p data-fontsize=\"18\"><span data-preserver-spaces=\"true\">Orice func\u021bii sau instrumente noi care sunt ad\u0103ugate la magazinul actual vor face, de asemenea, obiectul Termenilor de serviciu. Pute\u021bi consulta oric\u00e2nd cea mai recent\u0103 versiune a Termenilor de serviciu pe aceast\u0103 pagin\u0103. Ne rezerv\u0103m dreptul de a actualiza, modifica sau \u00eenlocui orice parte a acestor Termeni de serviciu prin postarea de actualiz\u0103ri \u0219i\/sau modific\u0103ri pe site-ul nostru. Este responsabilitatea dumneavoastr\u0103 s\u0103 verifica\u021bi periodic aceast\u0103 pagin\u0103 pentru modific\u0103ri. Continuarea utiliz\u0103rii sau a accesului dvs. la site dup\u0103 postarea oric\u0103ror modific\u0103ri constituie acceptarea acestor modific\u0103ri.    <\/span><\/p>\n<p data-fontsize=\"18\"><span data-preserver-spaces=\"true\"> <\/span><\/p>\n<p data-fontsize=\"18\"><span data-preserver-spaces=\"true\"><b>SEC\u021aIUNEA 2 &#8211; TERMENII MAGAZINULUI ONLINE  <\/b><\/span><\/p>\n<p data-fontsize=\"18\"><span data-preserver-spaces=\"true\">Prin acceptarea acestor Termeni de serviciu, declara\u021bi c\u0103 ave\u021bi cel pu\u021bin v\u00e2rsta majoratului \u00een statul sau provincia dumneavoastr\u0103 de re\u0219edin\u021b\u0103 sau c\u0103 ave\u021bi v\u00e2rsta majoratului \u00een statul sau provincia dumneavoastr\u0103 de re\u0219edin\u021b\u0103 \u0219i ne-a\u021bi dat consim\u021b\u0103m\u00e2ntul de a permite oric\u0103rui minor aflat \u00een \u00eentre\u021binerea dumneavoastr\u0103 s\u0103 utilizeze acest site. Nu ave\u021bi dreptul s\u0103 utiliza\u021bi produsele noastre \u00een scopuri ilegale sau neautorizate \u0219i nici nu ave\u021bi dreptul, prin utilizarea Serviciului, s\u0103 \u00eenc\u0103lca\u021bi nicio lege din jurisdic\u021bia dumneavoastr\u0103 (inclusiv, dar f\u0103r\u0103 a se limita la legile privind drepturile de autor). <\/span><\/p>\n<p data-fontsize=\"18\"><span data-preserver-spaces=\"true\">Nu trebuie s\u0103 transmite\u021bi viermi sau viru\u0219i sau orice cod de natur\u0103 distructiv\u0103. \u00cenc\u0103lcarea sau \u00eenc\u0103lcarea oric\u0103ruia dintre Termeni va duce la \u00eencetarea imediat\u0103 a serviciilor dumneavoastr\u0103. <\/span><\/p>\n<p data-fontsize=\"18\"><span data-preserver-spaces=\"true\"> <\/span><\/p>\n<p data-fontsize=\"18\"><span data-preserver-spaces=\"true\"><b>SEC\u021aIUNEA 3 &#8211; CONDI\u021aII GENERALE<\/b><\/span><\/p>\n<p data-fontsize=\"18\"><span data-preserver-spaces=\"true\">Ne rezerv\u0103m dreptul de a refuza furnizarea de servicii oricui, din orice motiv \u0219i \u00een orice moment. \u00cen\u021belege\u021bi c\u0103 con\u021binutul dvs. (care nu include informa\u021bii privind cardul de credit) poate fi transferat necriptat \u0219i poate implica (a) transmisii prin diverse re\u021bele; \u0219i (b) modific\u0103ri pentru a se conforma \u0219i a se adapta cerin\u021belor tehnice ale re\u021belelor sau dispozitivelor de conectare. Informa\u021biile privind cardurile de credit sunt \u00eentotdeauna criptate \u00een timpul transferului pe re\u021bele.    <\/span><\/p>\n<p data-fontsize=\"18\"><span data-preserver-spaces=\"true\">SEC\u021aIUNEA 4 &#8211; ACURATE\u021aEA, COMPLETITUDINEA \u0218I ACTUALITATEA INFORMA\u021aIILOR<\/span><\/p>\n<p data-fontsize=\"18\"><span data-preserver-spaces=\"true\">Nu suntem responsabili dac\u0103 informa\u021biile puse la dispozi\u021bie pe acest site nu sunt exacte, complete sau actuale. Materialele de pe acest site sunt furnizate doar cu titlu de informa\u021bii generale \u0219i nu ar trebui s\u0103 fie utilizate ca baz\u0103 unic\u0103 pentru luarea deciziilor f\u0103r\u0103 consultarea unor surse de informa\u021bii primare, mai exacte, mai complete sau mai actuale. Orice \u00eencredere \u00een materialele de pe acest site este pe propriul risc. Acest site poate con\u021bine anumite informa\u021bii istorice. Informa\u021biile istorice, \u00een mod necesar, nu sunt actuale \u0219i sunt furnizate doar pentru referin\u021b\u0103. Ne rezerv\u0103m dreptul de a modifica con\u021binutul acestui site \u00een orice moment, dar nu avem obliga\u021bia de a actualiza nicio informa\u021bie de pe site-ul nostru. Sunte\u021bi de acord c\u0103 este responsabilitatea dumneavoastr\u0103 s\u0103 monitoriza\u021bi modific\u0103rile aduse site-ului nostru.      <\/span><\/p>\n<p data-fontsize=\"18\"><span data-preserver-spaces=\"true\">Desigur, voi continua de unde am r\u0103mas, dar v\u0103 rug\u0103m s\u0103 re\u021bine\u021bi c\u0103 un termen complet de serviciu ar trebui s\u0103 fie creat cu ajutorul unui profesionist juridic pentru a v\u0103 asigura c\u0103 toate detaliile necesare sunt acoperite \u0219i specifice afacerii sau serviciului. Iat\u0103 o continuare general\u0103: <\/span><\/p>\n<p data-fontsize=\"18\"><span data-preserver-spaces=\"true\"> <\/span><\/p>\n<p data-fontsize=\"18\"><span data-preserver-spaces=\"true\"><b>SEC\u021aIUNEA 5 &#8211; PRODUSE SAU SERVICII<\/b><\/span><\/p>\n<p data-fontsize=\"18\"><span data-preserver-spaces=\"true\">Anumite produse sau servicii pot fi disponibile exclusiv online prin intermediul site-ului. Aceste produse sau servicii pot avea cantit\u0103\u021bi limitate \u0219i sunt supuse return\u0103rii sau schimbului numai \u00een conformitate cu Politica noastr\u0103 de returnare. Am depus toate eforturile pentru a afi\u0219a c\u00e2t mai exact posibil culorile \u0219i imaginile produselor noastre care apar la magazin. Nu putem garanta c\u0103 afi\u0219area de c\u0103tre monitorul computerului dvs. a oric\u0103rei culori va fi exact\u0103.   <\/span><\/p>\n<p data-fontsize=\"18\"><span data-preserver-spaces=\"true\"> <\/span><\/p>\n<p data-fontsize=\"18\"><span data-preserver-spaces=\"true\"><b>SEC\u021aIUNEA 6 &#8211; ACURATE\u021aEA INFORMA\u021aIILOR PRIVIND FACTURAREA \u0218I CONTUL<\/b><\/span><\/p>\n<p data-fontsize=\"18\"><span data-preserver-spaces=\"true\">Sunte\u021bi de acord s\u0103 furniza\u021bi informa\u021bii actuale, complete \u0219i exacte privind achizi\u021bia \u0219i contul pentru toate achizi\u021biile efectuate la magazinul nostru. Sunte\u021bi de acord s\u0103 v\u0103 actualiza\u021bi cu promptitudine contul \u0219i alte informa\u021bii, inclusiv adresa de e-mail \u0219i numerele \u0219i datele de expirare ale cardului de credit, astfel \u00eenc\u00e2t s\u0103 putem finaliza tranzac\u021biile \u0219i s\u0103 v\u0103 contact\u0103m dac\u0103 este necesar. <\/span><\/p>\n<p data-fontsize=\"18\"><span data-preserver-spaces=\"true\"> <\/span><\/p>\n<p data-fontsize=\"18\"><span data-preserver-spaces=\"true\"><b>SEC\u021aIUNEA 7 &#8211; INSTRUMENTE OP\u021aIONALE<\/b><\/span><\/p>\n<p data-fontsize=\"18\"><span data-preserver-spaces=\"true\">Este posibil s\u0103 v\u0103 oferim acces la instrumente ale ter\u021bilor, pe care nu le monitoriz\u0103m \u0219i asupra c\u0103rora nu avem niciun control sau contribu\u021bie. Recunoa\u0219te\u021bi \u0219i sunte\u021bi de acord c\u0103 v\u0103 oferim acces la astfel de instrumente &#8222;a\u0219a cum sunt&#8221; \u0219i &#8222;a\u0219a cum sunt disponibile&#8221;, f\u0103r\u0103 garan\u021bii, declara\u021bii sau condi\u021bii de niciun fel \u0219i f\u0103r\u0103 nicio aprobare. <\/span><\/p>\n<p data-fontsize=\"18\"><span data-preserver-spaces=\"true\"> <\/span><\/p>\n<p data-fontsize=\"18\"><span data-preserver-spaces=\"true\"><b>SEC\u021aIUNEA 8 &#8211; LINKURI C\u0102TRE TER\u021aI<\/b><\/span><\/p>\n<p data-fontsize=\"18\"><span data-preserver-spaces=\"true\">Anumite con\u021binuturi, produse \u0219i servicii disponibile prin intermediul Serviciului nostru pot include materiale de la ter\u021be p\u0103r\u021bi. Link-urile c\u0103tre ter\u021bi de pe acest site v\u0103 pot direc\u021biona c\u0103tre site-uri web ale ter\u021bilor care nu sunt afiliate cu noi. Nu suntem responsabili pentru examinarea sau evaluarea con\u021binutului sau acurate\u021bei \u0219i nu garant\u0103m \u0219i nu vom avea nicio r\u0103spundere pentru materialele sau site-urile web ale ter\u021bilor, sau pentru orice alte materiale, produse sau servicii ale ter\u021bilor.  <\/span><\/p>\n<p data-fontsize=\"18\"><span data-preserver-spaces=\"true\"> <\/span><\/p>\n<p data-fontsize=\"18\"><span data-preserver-spaces=\"true\"><b>SEC\u021aIUNEA 9 &#8211; COMENTARIILE UTILIZATORILOR, FEEDBACK-UL \u0218I ALTE CONTRIBU\u021aII<\/b><\/span><\/p>\n<p data-fontsize=\"18\"><span data-preserver-spaces=\"true\">Dac\u0103 trimite\u021bi anumite propuneri specifice sau idei creative, sugestii, propuneri, planuri sau alte materiale, fie online, prin e-mail, prin po\u0219t\u0103 sau \u00een alt mod, sunte\u021bi de acord c\u0103 putem, \u00een orice moment, f\u0103r\u0103 restric\u021bii, s\u0103 edit\u0103m, s\u0103 copiem, s\u0103 public\u0103m, s\u0103 distribuim, s\u0103 traducem \u0219i s\u0103 folosim \u00een orice alt mod orice comentarii pe care ni le trimite\u021bi. Nu avem nicio obliga\u021bie de a p\u0103stra confiden\u021bialitatea oric\u0103ror comentarii, de a pl\u0103ti compensa\u021bii pentru orice comentarii sau de a r\u0103spunde la orice comentarii. <\/span><\/p>\n<p data-fontsize=\"18\"><span data-preserver-spaces=\"true\"> <\/span><\/p>\n<p data-fontsize=\"18\"><span data-preserver-spaces=\"true\"><b>SEC\u021aIUNEA 10 &#8211; INFORMA\u021aII CU CARACTER PERSONAL<\/b><\/span><\/p>\n<p data-fontsize=\"18\"><span data-preserver-spaces=\"true\">Transmiterea de c\u0103tre dvs. a informa\u021biilor personale prin intermediul magazinului este reglementat\u0103 de Politica noastr\u0103 de confiden\u021bialitate.<\/span><\/p>\n<p data-fontsize=\"18\"><span data-preserver-spaces=\"true\"> <\/span><\/p>\n<p data-fontsize=\"18\"><span data-preserver-spaces=\"true\"><b>SEC\u021aIUNEA 11 &#8211; ERORI, INEXACTIT\u0102\u021aI \u0218I OMISIUNI<\/b><\/span><\/p>\n<p data-fontsize=\"18\"><span data-preserver-spaces=\"true\">Ocazional, pe site-ul nostru sau \u00een Serviciu pot exista informa\u021bii care con\u021bin erori tipografice, inexactit\u0103\u021bi sau omisiuni care se pot referi la descrieri de produse, pre\u021buri, promo\u021bii, oferte, taxe de expediere a produselor, timpi de tranzit \u0219i disponibilitate. Ne rezerv\u0103m dreptul de a corecta orice erori, inexactit\u0103\u021bi sau omisiuni \u0219i de a modifica sau actualiza informa\u021biile sau de a anula comenzile \u00een cazul \u00een care orice informa\u021bie din Serviciu sau de pe orice site web conex este inexact\u0103, \u00een orice moment, f\u0103r\u0103 notificare prealabil\u0103. <\/span><\/p>\n<p data-fontsize=\"18\"><span data-preserver-spaces=\"true\"> <\/span><\/p>\n<p data-fontsize=\"18\"><span data-preserver-spaces=\"true\"><b>SEC\u021aIUNEA 12 &#8211; UTILIZ\u0102RI INTERZISE<\/b><\/span><\/p>\n<p data-fontsize=\"18\"><span data-preserver-spaces=\"true\">\u00cen plus fa\u021b\u0103 de alte interdic\u021bii prev\u0103zute \u00een Termenii de serviciu, v\u0103 este interzis s\u0103 utiliza\u021bi site-ul sau con\u021binutul acestuia \u00een orice scop ilegal; s\u0103 solicita\u021bi altor persoane s\u0103 efectueze sau s\u0103 participe la orice acte ilegale; s\u0103 \u00eenc\u0103lca\u021bi orice reglement\u0103ri, norme, legi sau ordonan\u021be locale interna\u021bionale, federale, provinciale sau de stat.<\/span><\/p>\n<p data-fontsize=\"18\"><span data-preserver-spaces=\"true\"> <\/span><\/p>\n<p data-fontsize=\"18\"><span data-preserver-spaces=\"true\"><b>SEC\u021aIUNEA 13 &#8211; EXCLUDEREA GARAN\u021aIILOR; LIMITAREA R\u0102SPUNDERII<\/b><\/span><\/p>\n<p data-fontsize=\"18\"><span data-preserver-spaces=\"true\">Nu garant\u0103m, reprezent\u0103m sau garant\u0103m c\u0103 utilizarea de c\u0103tre dvs. a serviciului nostru va fi ne\u00eentrerupt\u0103, oportun\u0103, sigur\u0103 sau f\u0103r\u0103 erori. Nu garant\u0103m c\u0103 rezultatele care pot fi ob\u021binute din utilizarea serviciului vor fi exacte sau fiabile. <\/span><\/p>\n<p data-fontsize=\"18\"><span data-preserver-spaces=\"true\"> <\/span><\/p>\n<p data-fontsize=\"18\"><span data-preserver-spaces=\"true\"><b>SEC\u021aIUNEA 14 &#8211; DESP\u0102GUBIRE<\/b><\/span><\/p>\n<p data-fontsize=\"18\"><span data-preserver-spaces=\"true\">Sunte\u021bi de acord s\u0103 desp\u0103gubi\u021bi, s\u0103 ap\u0103ra\u021bi \u0219i s\u0103 proteja\u021bi CMYLEAD \u0219i societatea noastr\u0103 mam\u0103, filialele, afilia\u021bii, partenerii, ofi\u021berii, directorii, agen\u021bii, contractan\u021bii, licen\u021biatorii, furnizorii de servicii, subcontractan\u021bii, furnizorii, stagiarii \u0219i angaja\u021bii, de orice reclama\u021bie sau cerere, inclusiv onorariile rezonabile ale avoca\u021bilor, f\u0103cute de orice ter\u021b\u0103 parte din cauza sau ca urmare a \u00eenc\u0103lc\u0103rii de c\u0103tre dvs. a acestor Termeni de serviciu sau a documentelor pe care le includ prin referin\u021b\u0103, sau a \u00eenc\u0103lc\u0103rii de c\u0103tre dvs. a oric\u0103rei legi sau a drepturilor unei ter\u021be p\u0103r\u021bi.<\/span><\/p>\n<p data-fontsize=\"18\"><span data-preserver-spaces=\"true\"> <\/span><\/p>\n<p data-fontsize=\"18\"><span data-preserver-spaces=\"true\"><b>SEC\u021aIUNEA 15 &#8211; DIVIZIBILITATE<\/b><\/span><\/p>\n<p data-fontsize=\"18\"><span data-preserver-spaces=\"true\">\u00cen cazul \u00een care orice prevedere a acestor Termeni de serviciu este considerat\u0103 ilegal\u0103, nul\u0103 sau inaplicabil\u0103, respectiva prevedere va fi totu\u0219i aplicabil\u0103 \u00een cea mai mare m\u0103sur\u0103 permis\u0103 de legea aplicabil\u0103, iar partea inaplicabil\u0103 va fi considerat\u0103 a fi separat\u0103 de ace\u0219ti Termeni de serviciu.<\/span><\/p>\n<p data-fontsize=\"18\"><span data-preserver-spaces=\"true\"> <\/span><\/p>\n<p data-fontsize=\"18\"><span data-preserver-spaces=\"true\"><b>SEC\u021aIUNEA 16 &#8211; REZILIERE<\/b><\/span><\/p>\n<p data-fontsize=\"18\"><span data-preserver-spaces=\"true\">Ace\u0219ti Termeni de serviciu sunt \u00een vigoare p\u00e2n\u0103 la rezilierea lor de c\u0103tre dumneavoastr\u0103 sau de c\u0103tre noi. Pute\u021bi rezilia ace\u0219ti Termeni de serviciu \u00een orice moment, notific\u00e2ndu-ne c\u0103 nu mai dori\u021bi s\u0103 utiliza\u021bi Serviciile noastre sau atunci c\u00e2nd \u00eenceta\u021bi s\u0103 mai utiliza\u021bi site-ul nostru. <\/span><\/p>\n<p data-fontsize=\"18\"><span data-preserver-spaces=\"true\"> <\/span><\/p>\n<p data-fontsize=\"18\"><span data-preserver-spaces=\"true\"><b>SEC\u021aIUNEA 17 &#8211; \u00ceNTREGUL ACORD<\/b><\/span><\/p>\n<p data-fontsize=\"18\"><span data-preserver-spaces=\"true\">Ace\u0219ti Termeni de serviciu \u0219i orice politici sau reguli de operare postate de noi pe acest site sau cu privire la Serviciu constituie \u00eentregul acord \u0219i \u00een\u021belegere dintre dvs. \u0219i noi \u0219i reglementeaz\u0103 utilizarea de c\u0103tre dvs. a Serviciului, \u00eenlocuind orice acorduri, comunic\u0103ri \u0219i propuneri anterioare sau contemporane, fie orale sau scrise, dintre dvs. \u0219i noi.<\/span><\/p>\n<p data-fontsize=\"18\"><span data-preserver-spaces=\"true\"> <\/span><\/p>\n<p data-fontsize=\"18\"><span data-preserver-spaces=\"true\"><b>SEC\u021aIUNEA 18 &#8211; LEGEA APLICABIL\u0102<\/b><\/span><\/p>\n<p data-fontsize=\"18\"><span data-preserver-spaces=\"true\">Ace\u0219ti Termeni de serviciu \u0219i orice acorduri separate prin care v\u0103 furniz\u0103m Servicii vor fi reglementate \u0219i interpretate \u00een conformitate cu legile din jurisdic\u021bia \u00een care este \u00eenregistrat\u0103 compania noastr\u0103.<\/span><\/p>\n<p data-fontsize=\"18\"><span data-preserver-spaces=\"true\"> <\/span><\/p>\n<p data-fontsize=\"18\"><span data-preserver-spaces=\"true\"><b>SEC\u021aIUNEA 19 &#8211; MODIFIC\u0102RI ALE CONDI\u021aIILOR DE SERVICIU<\/b><\/span><\/p>\n<p data-fontsize=\"18\"><span data-preserver-spaces=\"true\">Pute\u021bi consulta oric\u00e2nd cea mai recent\u0103 versiune a Termenilor de serviciu pe aceast\u0103 pagin\u0103. Ne rezerv\u0103m dreptul, la propria noastr\u0103 discre\u021bie, de a actualiza, modifica sau \u00eenlocui orice parte a acestor Termeni de serviciu prin postarea actualiz\u0103rilor \u0219i modific\u0103rilor pe site-ul nostru. <\/span><\/p>\n<p data-fontsize=\"18\"><span data-preserver-spaces=\"true\"> <\/span><\/p>\n<p data-fontsize=\"18\"><span data-preserver-spaces=\"true\"><b>SEC\u021aIUNEA 20 &#8211; INFORMA\u021aII DE CONTACT<\/b><\/span><\/p>\n<p data-fontsize=\"18\"><span data-preserver-spaces=\"true\">\u00centreb\u0103rile cu privire la Termenii \u0219i condi\u021biile serviciului trebuie s\u0103 ne fie trimise la info@cmylead.com.<\/span><\/p>\n\t\t\t\t\t\t\t\t<\/div>\n\t\t\t\t<\/div>\n\t\t\t\t<div class=\"elementor-element elementor-element-26be6c1 elementor-widget elementor-widget-spacer\" data-id=\"26be6c1\" data-element_type=\"widget\" data-widget_type=\"spacer.default\">\n\t\t\t\t<div class=\"elementor-widget-container\">\n\t\t\t\t\t\t\t<div class=\"elementor-spacer\">\n\t\t\t<div class=\"elementor-spacer-inner\"><\/div>\n\t\t<\/div>\n\t\t\t\t\t\t<\/div>\n\t\t\t\t<\/div>\n\t\t\t\t\t<\/div>\n\t\t<\/div>\n\t\t\t\t\t<\/div>\n\t\t<\/section>\n\t\t\t\t<\/div>\n\t\t","protected":false},"excerpt":{"rendered":"<p>Termeni de utilizare SEC\u021aIUNEA 1 &#8211; PREZENTARE GENERAL\u0102 Acest site este operat de CMYLEAD. Pe tot parcursul site-ului, termenii &#8222;noi&#8221;, &#8222;ne&#8221; \u0219i &#8222;nostru&#8221; se refer\u0103 la CMYLEAD. CMYLEAD ofer\u0103 acest site, inclusiv toate informa\u021biile, instrumentele \u0219i serviciile disponibile de pe acest site pentru dvs., utilizatorul, cu condi\u021bia accept\u0103rii de c\u0103tre dvs. a tuturor termenilor, condi\u021biilor, [&hellip;]<\/p>\n","protected":false},"author":1,"featured_media":0,"parent":0,"menu_order":0,"comment_status":"closed","ping_status":"closed","template":"","meta":{"footnotes":""},"class_list":["post-3586","page","type-page","status-publish","hentry"],"_links":{"self":[{"href":"https:\/\/cmylead.com\/ro\/wp-json\/wp\/v2\/pages\/3586","targetHints":{"allow":["GET"]}}],"collection":[{"href":"https:\/\/cmylead.com\/ro\/wp-json\/wp\/v2\/pages"}],"about":[{"href":"https:\/\/cmylead.com\/ro\/wp-json\/wp\/v2\/types\/page"}],"author":[{"embeddable":true,"href":"https:\/\/cmylead.com\/ro\/wp-json\/wp\/v2\/users\/1"}],"replies":[{"embeddable":true,"href":"https:\/\/cmylead.com\/ro\/wp-json\/wp\/v2\/comments?post=3586"}],"version-history":[{"count":1,"href":"https:\/\/cmylead.com\/ro\/wp-json\/wp\/v2\/pages\/3586\/revisions"}],"predecessor-version":[{"id":3588,"href":"https:\/\/cmylead.com\/ro\/wp-json\/wp\/v2\/pages\/3586\/revisions\/3588"}],"wp:attachment":[{"href":"https:\/\/cmylead.com\/ro\/wp-json\/wp\/v2\/media?parent=3586"}],"curies":[{"name":"wp","href":"https:\/\/api.w.org\/{rel}","templated":true}]}}