{"id":3490,"date":"2024-10-31T17:35:35","date_gmt":"2024-10-31T17:35:35","guid":{"rendered":"https:\/\/cmylead.com\/politika-zasebnosti\/"},"modified":"2024-11-11T16:56:04","modified_gmt":"2024-11-11T16:56:04","slug":"politika-zasebnosti","status":"publish","type":"page","link":"https:\/\/cmylead.com\/sl\/politika-zasebnosti\/","title":{"rendered":"Politika zasebnosti"},"content":{"rendered":"<style>.elementor-3490 .elementor-element.elementor-element-3438da73 > .elementor-background-overlay{background-color:var( --e-global-color-secondary );opacity:0.9;transition:background 0.3s, border-radius 0.3s, opacity 0.3s;}.elementor-3490 .elementor-element.elementor-element-3438da73 > .elementor-container{max-width:1200px;}.elementor-3490 .elementor-element.elementor-element-3438da73:not(.elementor-motion-effects-element-type-background), .elementor-3490 .elementor-element.elementor-element-3438da73 > .elementor-motion-effects-container > .elementor-motion-effects-layer{background-position:0% 10%;background-repeat:no-repeat;background-size:cover;}.elementor-3490 .elementor-element.elementor-element-3438da73{transition:background 0.3s, border 0.3s, border-radius 0.3s, box-shadow 0.3s;margin-top:-100px;margin-bottom:100px;padding:200px 0px 100px 0px;}.elementor-3490 .elementor-element.elementor-element-6d3af210{text-align:center;}.elementor-3490 .elementor-element.elementor-element-6d3af210 .elementor-heading-title{font-family:var( --e-global-typography-secondary-font-family ), Sans-serif;font-size:var( --e-global-typography-secondary-font-size );font-weight:var( --e-global-typography-secondary-font-weight );text-transform:var( --e-global-typography-secondary-text-transform );text-decoration:var( --e-global-typography-secondary-text-decoration );line-height:var( --e-global-typography-secondary-line-height );color:var( --e-global-color-827cd3a );}:root{--page-title-display:none;}@media(max-width:1024px){.elementor-3490 .elementor-element.elementor-element-3438da73:not(.elementor-motion-effects-element-type-background), .elementor-3490 .elementor-element.elementor-element-3438da73 > .elementor-motion-effects-container > .elementor-motion-effects-layer{background-position:0px 0px;}.elementor-3490 .elementor-element.elementor-element-3438da73{margin-top:-150px;margin-bottom:100px;padding:220px 0px 100px 0px;}.elementor-3490 .elementor-element.elementor-element-32bdeddb > .elementor-element-populated{margin:0px 0px 0px 0px;--e-column-margin-right:0px;--e-column-margin-left:0px;padding:0px 30px 0px 30px;}.elementor-3490 .elementor-element.elementor-element-6d3af210 .elementor-heading-title{font-size:var( --e-global-typography-secondary-font-size );line-height:var( --e-global-typography-secondary-line-height );}}@media(max-width:767px){.elementor-3490 .elementor-element.elementor-element-3438da73:not(.elementor-motion-effects-element-type-background), .elementor-3490 .elementor-element.elementor-element-3438da73 > .elementor-motion-effects-container > .elementor-motion-effects-layer{background-position:0px 0px;}.elementor-3490 .elementor-element.elementor-element-3438da73{margin-top:-150px;margin-bottom:100px;padding:220px 0px 100px 0px;}.elementor-3490 .elementor-element.elementor-element-32bdeddb > .elementor-element-populated{margin:0px 0px 0px 0px;--e-column-margin-right:0px;--e-column-margin-left:0px;padding:0px 20px 0px 20px;}.elementor-3490 .elementor-element.elementor-element-6d3af210 .elementor-heading-title{font-size:var( --e-global-typography-secondary-font-size );line-height:var( --e-global-typography-secondary-line-height );}}<\/style>\t\t<div data-elementor-type=\"wp-page\" data-elementor-id=\"3490\" class=\"elementor elementor-3490 elementor-1345\" data-elementor-post-type=\"page\">\n\t\t\t\t\t\t<section class=\"elementor-section elementor-top-section elementor-element elementor-element-3438da73 elementor-section-boxed elementor-section-height-default elementor-section-height-default\" data-id=\"3438da73\" data-element_type=\"section\" data-settings=\"{&quot;background_background&quot;:&quot;classic&quot;}\">\n\t\t\t\t\t\t\t<div class=\"elementor-background-overlay\"><\/div>\n\t\t\t\t\t\t\t<div class=\"elementor-container elementor-column-gap-default\">\n\t\t\t\t\t<div class=\"elementor-column elementor-col-100 elementor-top-column elementor-element elementor-element-32bdeddb\" data-id=\"32bdeddb\" data-element_type=\"column\">\n\t\t\t<div class=\"elementor-widget-wrap elementor-element-populated\">\n\t\t\t\t\t\t<div class=\"elementor-element elementor-element-6d3af210 elementor-widget elementor-widget-heading\" data-id=\"6d3af210\" data-element_type=\"widget\" data-widget_type=\"heading.default\">\n\t\t\t\t<div class=\"elementor-widget-container\">\n\t\t\t\t\t<h2 class=\"elementor-heading-title elementor-size-default\">Politika zasebnosti<\/h2>\t\t\t\t<\/div>\n\t\t\t\t<\/div>\n\t\t\t\t\t<\/div>\n\t\t<\/div>\n\t\t\t\t\t<\/div>\n\t\t<\/section>\n\t\t\t\t<section class=\"elementor-section elementor-top-section elementor-element elementor-element-fb8c355 elementor-section-boxed elementor-section-height-default elementor-section-height-default\" data-id=\"fb8c355\" data-element_type=\"section\">\n\t\t\t\t\t\t<div class=\"elementor-container elementor-column-gap-default\">\n\t\t\t\t\t<div class=\"elementor-column elementor-col-100 elementor-top-column elementor-element elementor-element-63313d6\" data-id=\"63313d6\" data-element_type=\"column\">\n\t\t\t<div class=\"elementor-widget-wrap elementor-element-populated\">\n\t\t\t\t\t\t<div class=\"elementor-element elementor-element-98a631c elementor-widget elementor-widget-text-editor\" data-id=\"98a631c\" data-element_type=\"widget\" data-widget_type=\"text-editor.default\">\n\t\t\t\t<div class=\"elementor-widget-container\">\n\t\t\t\t\t\t\t\t\t<h4 data-fontsize=\"24\"><span data-preserver-spaces=\"true\">V CmyLead, ki je dostopen iz <\/span><a href=\"https:\/\/cmylead.com\/\" target=\"_blank\" rel=\"noopener\" data-fontsize=\"24\">www.cmylead.com<\/a><span data-preserver-spaces=\"true\">je na\u0161a najvi\u0161ja prednostna naloga zasebnost in zaupanje na\u0161ih uporabnikov. Ta pravilnik o zasebnosti opisuje vrste podatkov, ki jih zbiramo in bele\u017eimo, ter na\u010din njihove uporabe. <\/span><\/h4>\n<div><span data-preserver-spaces=\"true\"> <\/span><\/div>\n<p data-fontsize=\"18\"><span data-preserver-spaces=\"true\">Za vsa vpra\u0161anja ali dodatne informacije o na\u0161em pravilniku o zasebnosti nas lahko kontaktirate.<\/span><\/p>\n<p data-fontsize=\"18\"><span data-preserver-spaces=\"true\">Ta pravilnik o zasebnosti velja za na\u0161e spletne dejavnosti in velja za uporabnike glede podatkov, ki jih delijo in\/ali zbirajo v CmyLead. Ne velja za informacije, zbrane brez povezave ali prek drugih kanalov, razen tega spletnega mesta. Na\u0161 pravilnik o zasebnosti je bil pripravljen s pomo\u010djo brezpla\u010dnega generatorja pravilnikov o zasebnosti.  <\/span><\/p>\n<p data-fontsize=\"18\"><span data-preserver-spaces=\"true\"><b>Soglasje<\/b><\/span><\/p>\n<p data-fontsize=\"18\"><span data-preserver-spaces=\"true\">Z uporabo na\u0161ega spletnega mesta se strinjate z na\u0161im pravilnikom o zasebnosti in sprejemate njegove pogoje.<\/span><\/p>\n<p data-fontsize=\"18\"><span data-preserver-spaces=\"true\"><b>Podatki, ki jih zbiramo<\/b><\/span><\/p>\n<p data-fontsize=\"18\"><span data-preserver-spaces=\"true\">Ko vas prosimo za osebne podatke, vam bomo jasno pojasnili, zakaj jih potrebujemo.<\/span><\/p>\n<p data-fontsize=\"18\"><span data-preserver-spaces=\"true\">\u010ce nas kontaktirate neposredno, lahko prejmemo dodatne informacije, kot so va\u0161e ime, e-po\u0161tni naslov, telefonska \u0161tevilka, vsebina sporo\u010dila ali priponk, ki nam jih lahko po\u0161ljete, in vse druge informacije, ki jih \u017eelite posredovati.<\/span><\/p>\n<p data-fontsize=\"18\"><span data-preserver-spaces=\"true\">Ko se registrirate za ra\u010dun, vas lahko prosimo za va\u0161e kontaktne podatke, kot so ime, ime podjetja, naslov, e-po\u0161tni naslov in telefonska \u0161tevilka.<\/span><\/p>\n<p data-fontsize=\"18\"><span data-preserver-spaces=\"true\"><b>Kako uporabljamo va\u0161e podatke?<\/b><\/span><\/p>\n<p data-fontsize=\"18\"><span data-preserver-spaces=\"true\">Informacije, ki jih zbiramo, uporabljamo na \u0161tevilne na\u010dine, med drugim za:<\/span><\/p>\n<ul>\n<li><span data-preserver-spaces=\"true\">zagotavljanje, upravljanje in vzdr\u017eevanje na\u0161ega spletnega mesta.<\/span><\/li>\n<li><span data-preserver-spaces=\"true\">Izbolj\u0161anje, prilagoditev in raz\u0161iritev na\u0161ega spletnega mesta.<\/span><\/li>\n<li><span data-preserver-spaces=\"true\">razumevanje in analiziranje va\u0161e uporabe na\u0161ega spletnega mesta.<\/span><\/li>\n<li><span data-preserver-spaces=\"true\">razvoj novih izdelkov, storitev, funkcij in funkcionalnosti.<\/span><\/li>\n<li><span data-preserver-spaces=\"true\">komuniciranje z vami, neposredno ali prek partnerjev, vklju\u010dno s storitvami za stranke, posodobitvami in drugimi informacijami, povezanimi s spletnim mestom, ter tr\u017eenjskimi in promocijskimi nameni.<\/span><\/li>\n<li><span data-preserver-spaces=\"true\">po\u0161iljanje e-po\u0161tnih sporo\u010dil<\/span><\/li>\n<li><span data-preserver-spaces=\"true\">Odkrivanje in prepre\u010devanje goljufij\n<p><\/span><\/li>\n<\/ul>\n<p data-fontsize=\"18\"><span data-preserver-spaces=\"true\"><b>Dnevni\u0161ke datoteke<\/b><\/span><\/p>\n<p data-fontsize=\"18\"><span data-preserver-spaces=\"true\">CmyLead uporablja standardni postopek uporabe dnevni\u0161kih datotek kot vsa podjetja za gostovanje. Te dnevni\u0161ke datoteke sledijo obiskovalcem, ko obiskujejo spletna mesta. Zbrani podatki lahko vklju\u010dujejo naslove IP, vrsto brskalnika, ponudnika internetnih storitev (ISP), datumske in \u010dasovne \u017eige, strani, na katere se sklicujejo\/izhajajo, in morebitno \u0161tevilo klikov. Te informacije niso povezane z osebnimi podatki in se uporabljajo za analizo trendov, upravljanje spletnega mesta, sledenje gibanju uporabnikov in zbiranje demografskih podatkov.   <\/p>\n<p><\/span><\/p>\n<p data-fontsize=\"18\"><span data-preserver-spaces=\"true\"><b>Politike zasebnosti tretjih oseb<\/b><\/span><\/p>\n<p data-fontsize=\"18\"><span data-preserver-spaces=\"true\">Politika zasebnosti dru\u017ebe CmyLead ne velja za druge ogla\u0161evalce ali spletna mesta. Zato vam svetujemo, da si ogledate ustrezne politike zasebnosti ogla\u0161evalskih stre\u017enikov tretjih oseb za podrobnej\u0161e informacije o njihovih praksah in navodila o tem, kako se lahko odjavite od dolo\u010denih mo\u017enosti. <\/p>\n<p><\/span><\/p>\n<p data-fontsize=\"18\"><span data-preserver-spaces=\"true\"><b>Pravice do varstva podatkov GDPR<\/b><\/span><\/p>\n<p data-fontsize=\"18\"><span data-preserver-spaces=\"true\">\u017delimo se prepri\u010dati, da ste v celoti seznanjeni z vsemi svojimi pravicami glede varstva podatkov. Vsak uporabnik je upravi\u010den do naslednjih pravic: <\/span><\/p>\n<ul>\n<li><span data-preserver-spaces=\"true\">Pravica do dostopa &#8211; zahtevate lahko kopije svojih osebnih podatkov. Za to storitev lahko zara\u010dunamo majhno pristojbino. <\/span><\/li>\n<li><span data-preserver-spaces=\"true\">Pravica do popravka &#8211; zahtevate lahko, da popravimo vse podatke, za katere menite, da so neto\u010dni. Prav tako lahko zahtevate, da dopolnimo informacije, za katere menite, da so nepopolne. <\/span><\/li>\n<li><span data-preserver-spaces=\"true\">Pravica do izbrisa &#8211; pod dolo\u010denimi pogoji lahko od nas zahtevate, da izbri\u0161emo va\u0161e osebne podatke.<\/span><\/li>\n<li><span data-preserver-spaces=\"true\">Pravica do omejitve obdelave &#8211; pod dolo\u010denimi pogoji nas lahko prosite, da omejimo obdelavo va\u0161ih osebnih podatkov.<\/span><\/li>\n<li><span data-preserver-spaces=\"true\">Pravica do ugovora obdelavi &#8211; pod dolo\u010denimi pogoji lahko ugovarjate na\u0161i obdelavi va\u0161ih osebnih podatkov.<\/span><\/li>\n<li><span data-preserver-spaces=\"true\">Pravica do prenosljivosti podatkov &#8211; pod dolo\u010denimi pogoji lahko zahtevate, da va\u0161e podatke posredujemo drugi organizaciji ali neposredno vam.<br \/><b><br \/><\/b><\/span><\/li>\n<\/ul>\n<p data-fontsize=\"18\"><span data-preserver-spaces=\"true\"><b>Informacije za otroke<\/b><\/span><\/p>\n<p data-fontsize=\"18\"><span data-preserver-spaces=\"true\">Za\u0161\u010dita otrok pri uporabi interneta je za nas \u0161e posebej pomembna. Star\u0161e in skrbnike spodbujamo, da spremljajo spletne dejavnosti svojih otrok. <\/span><\/p>\n<p data-fontsize=\"18\"><span data-preserver-spaces=\"true\">Dru\u017eba Cmycard zavestno ne zbira osebnih podatkov otrok, mlaj\u0161ih od 13 let. \u010ce menite, da je va\u0161 otrok na na\u0161em spletnem mestu posredoval tovrstne podatke, vas pozivamo, da nas nemudoma kontaktirate, mi pa se bomo po najbolj\u0161ih mo\u010deh potrudili, da tak\u0161ne podatke nemudoma odstranimo iz na\u0161ih evidenc. <\/span><\/p>\n\t\t\t\t\t\t\t\t<\/div>\n\t\t\t\t<\/div>\n\t\t\t\t\t<\/div>\n\t\t<\/div>\n\t\t\t\t\t<\/div>\n\t\t<\/section>\n\t\t\t\t<\/div>\n\t\t","protected":false},"excerpt":{"rendered":"<p>Politika zasebnosti V CmyLead, ki je dostopen iz www.cmylead.comje na\u0161a najvi\u0161ja prednostna naloga zasebnost in zaupanje na\u0161ih uporabnikov. Ta pravilnik o zasebnosti opisuje vrste podatkov, ki jih zbiramo in bele\u017eimo, ter na\u010din njihove uporabe. Za vsa vpra\u0161anja ali dodatne informacije o na\u0161em pravilniku o zasebnosti nas lahko kontaktirate. Ta pravilnik o zasebnosti velja za na\u0161e [&hellip;]<\/p>\n","protected":false},"author":1,"featured_media":0,"parent":0,"menu_order":0,"comment_status":"closed","ping_status":"closed","template":"","meta":{"footnotes":""},"class_list":["post-3490","page","type-page","status-publish","hentry"],"_links":{"self":[{"href":"https:\/\/cmylead.com\/sl\/wp-json\/wp\/v2\/pages\/3490","targetHints":{"allow":["GET"]}}],"collection":[{"href":"https:\/\/cmylead.com\/sl\/wp-json\/wp\/v2\/pages"}],"about":[{"href":"https:\/\/cmylead.com\/sl\/wp-json\/wp\/v2\/types\/page"}],"author":[{"embeddable":true,"href":"https:\/\/cmylead.com\/sl\/wp-json\/wp\/v2\/users\/1"}],"replies":[{"embeddable":true,"href":"https:\/\/cmylead.com\/sl\/wp-json\/wp\/v2\/comments?post=3490"}],"version-history":[{"count":1,"href":"https:\/\/cmylead.com\/sl\/wp-json\/wp\/v2\/pages\/3490\/revisions"}],"predecessor-version":[{"id":3491,"href":"https:\/\/cmylead.com\/sl\/wp-json\/wp\/v2\/pages\/3490\/revisions\/3491"}],"wp:attachment":[{"href":"https:\/\/cmylead.com\/sl\/wp-json\/wp\/v2\/media?parent=3490"}],"curies":[{"name":"wp","href":"https:\/\/api.w.org\/{rel}","templated":true}]}}