{"id":3536,"date":"2024-10-31T17:37:39","date_gmt":"2024-10-31T17:37:39","guid":{"rendered":"https:\/\/cmylead.com\/varnostna-politika-spletne-aplikacije\/"},"modified":"2024-11-11T17:03:54","modified_gmt":"2024-11-11T17:03:54","slug":"varnostna-politika-spletne-aplikacije","status":"publish","type":"page","link":"https:\/\/cmylead.com\/sl\/varnostna-politika-spletne-aplikacije\/","title":{"rendered":"Varnostna politika spletne aplikacije"},"content":{"rendered":"<style>.elementor-3536 .elementor-element.elementor-element-3438da73 > .elementor-background-overlay{background-color:var( --e-global-color-secondary );opacity:0.9;transition:background 0.3s, border-radius 0.3s, opacity 0.3s;}.elementor-3536 .elementor-element.elementor-element-3438da73 > .elementor-container{max-width:1200px;}.elementor-3536 .elementor-element.elementor-element-3438da73:not(.elementor-motion-effects-element-type-background), .elementor-3536 .elementor-element.elementor-element-3438da73 > .elementor-motion-effects-container > .elementor-motion-effects-layer{background-position:0% 10%;background-repeat:no-repeat;background-size:cover;}.elementor-3536 .elementor-element.elementor-element-3438da73{transition:background 0.3s, border 0.3s, border-radius 0.3s, box-shadow 0.3s;margin-top:-100px;margin-bottom:100px;padding:200px 0px 100px 0px;}.elementor-3536 .elementor-element.elementor-element-6d3af210{text-align:center;}.elementor-3536 .elementor-element.elementor-element-6d3af210 .elementor-heading-title{font-family:var( --e-global-typography-secondary-font-family ), Sans-serif;font-size:var( --e-global-typography-secondary-font-size );font-weight:var( --e-global-typography-secondary-font-weight );text-transform:var( --e-global-typography-secondary-text-transform );text-decoration:var( --e-global-typography-secondary-text-decoration );line-height:var( --e-global-typography-secondary-line-height );color:var( --e-global-color-827cd3a );}:root{--page-title-display:none;}@media(max-width:1024px){.elementor-3536 .elementor-element.elementor-element-3438da73:not(.elementor-motion-effects-element-type-background), .elementor-3536 .elementor-element.elementor-element-3438da73 > .elementor-motion-effects-container > .elementor-motion-effects-layer{background-position:0px 0px;}.elementor-3536 .elementor-element.elementor-element-3438da73{margin-top:-150px;margin-bottom:100px;padding:220px 0px 100px 0px;}.elementor-3536 .elementor-element.elementor-element-32bdeddb > .elementor-element-populated{margin:0px 0px 0px 0px;--e-column-margin-right:0px;--e-column-margin-left:0px;padding:0px 30px 0px 30px;}.elementor-3536 .elementor-element.elementor-element-6d3af210 .elementor-heading-title{font-size:var( --e-global-typography-secondary-font-size );line-height:var( --e-global-typography-secondary-line-height );}}@media(max-width:767px){.elementor-3536 .elementor-element.elementor-element-3438da73:not(.elementor-motion-effects-element-type-background), .elementor-3536 .elementor-element.elementor-element-3438da73 > .elementor-motion-effects-container > .elementor-motion-effects-layer{background-position:0px 0px;}.elementor-3536 .elementor-element.elementor-element-3438da73{margin-top:-150px;margin-bottom:100px;padding:220px 0px 100px 0px;}.elementor-3536 .elementor-element.elementor-element-32bdeddb > .elementor-element-populated{margin:0px 0px 0px 0px;--e-column-margin-right:0px;--e-column-margin-left:0px;padding:0px 20px 0px 20px;}.elementor-3536 .elementor-element.elementor-element-6d3af210 .elementor-heading-title{font-size:var( --e-global-typography-secondary-font-size );line-height:var( --e-global-typography-secondary-line-height );}}<\/style>\t\t<div data-elementor-type=\"wp-page\" data-elementor-id=\"3536\" class=\"elementor elementor-3536 elementor-1350\" data-elementor-post-type=\"page\">\n\t\t\t\t\t\t<section class=\"elementor-section elementor-top-section elementor-element elementor-element-3438da73 elementor-section-boxed elementor-section-height-default elementor-section-height-default\" data-id=\"3438da73\" data-element_type=\"section\" data-settings=\"{&quot;background_background&quot;:&quot;classic&quot;}\">\n\t\t\t\t\t\t\t<div class=\"elementor-background-overlay\"><\/div>\n\t\t\t\t\t\t\t<div class=\"elementor-container elementor-column-gap-default\">\n\t\t\t\t\t<div class=\"elementor-column elementor-col-100 elementor-top-column elementor-element elementor-element-32bdeddb\" data-id=\"32bdeddb\" data-element_type=\"column\">\n\t\t\t<div class=\"elementor-widget-wrap elementor-element-populated\">\n\t\t\t\t\t\t<div class=\"elementor-element elementor-element-6d3af210 elementor-widget elementor-widget-heading\" data-id=\"6d3af210\" data-element_type=\"widget\" data-widget_type=\"heading.default\">\n\t\t\t\t<div class=\"elementor-widget-container\">\n\t\t\t\t\t<h2 class=\"elementor-heading-title elementor-size-default\">Varnostna politika spletne aplikacije<\/h2>\t\t\t\t<\/div>\n\t\t\t\t<\/div>\n\t\t\t\t\t<\/div>\n\t\t<\/div>\n\t\t\t\t\t<\/div>\n\t\t<\/section>\n\t\t\t\t<section class=\"elementor-section elementor-top-section elementor-element elementor-element-fb8c355 elementor-section-boxed elementor-section-height-default elementor-section-height-default\" data-id=\"fb8c355\" data-element_type=\"section\">\n\t\t\t\t\t\t<div class=\"elementor-container elementor-column-gap-default\">\n\t\t\t\t\t<div class=\"elementor-column elementor-col-100 elementor-top-column elementor-element elementor-element-63313d6\" data-id=\"63313d6\" data-element_type=\"column\">\n\t\t\t<div class=\"elementor-widget-wrap elementor-element-populated\">\n\t\t\t\t\t\t<div class=\"elementor-element elementor-element-98a631c elementor-widget elementor-widget-text-editor\" data-id=\"98a631c\" data-element_type=\"widget\" data-widget_type=\"text-editor.default\">\n\t\t\t\t<div class=\"elementor-widget-container\">\n\t\t\t\t\t\t\t\t\t<p data-fontsize=\"16\">Dobrodo\u0161li v na\u0161i spletni aplikaciji! Zavezani smo k zagotavljanju varnosti in zasebnosti na\u0161ih uporabnikov. Spodaj so navedeni klju\u010dni varnostni ukrepi, ki smo jih izvedli za za\u0161\u010dito va\u0161ih podatkov.  <\/p>\n<p data-fontsize=\"16\"><strong>Potrjevanje vnosa<\/strong><\/p>\n<ul class=\"wp-block-list\">\n<li><strong>Sanitizacija in preverjanje vhodnih podatkov:<\/strong> Zagotovimo, da so vsi uporabni\u0161ki vhodi ustrezno pre\u010di\u0161\u010deni in potrjeni, da prepre\u010dimo varnostne gro\u017enje, kot sta SQL injection in cross-site scripting (XSS).<\/li>\n<li><strong>Pripravljene izjave:<\/strong> Za ve\u010djo varnost uporabljamo pripravljene izjave za interakcije s podatkovno bazo.<\/li>\n<\/ul>\n<p data-fontsize=\"16\"><strong>Preverjanje pristnosti in avtorizacija<\/strong><\/p>\n<ul class=\"wp-block-list\">\n<li><strong>Mo\u010dna gesla:<\/strong> Za za\u0161\u010dito va\u0161ega ra\u010duna uporabljamo pravila o mo\u010dnih geslih.<\/li>\n<li><strong>Preverjanje pristnosti z dvema dejavnikoma (2FA):<\/strong> Za dodatno varnost ponujamo 2FA.<\/li>\n<li><strong>Nadzor dostopa na podlagi vlog (RBAC):<\/strong> Dostop do virov je omejen na podlagi uporabni\u0161kih vlog.<\/li>\n<\/ul>\n<p data-fontsize=\"16\"><strong>Upravljanje seje<\/strong><\/p>\n<ul class=\"wp-block-list\">\n<li><strong>Varni ID-ji sej:<\/strong> Uporabljamo varne, naklju\u010dno generirane ID seje, ki so shranjeni v varnih pi\u0161kotkih.<\/li>\n<li><strong>\u010casovna omejitev seje:<\/strong> Uporabniki se po dolo\u010denem \u010dasu neaktivnosti samodejno odjavijo.<\/li>\n<li><strong>Prepre\u010devanje ugrabitve seje:<\/strong> Redno obnavljamo ID seje, zlasti po prijavi.<\/li>\n<\/ul>\n<p data-fontsize=\"16\"><strong>Varstvo podatkov<\/strong><\/p>\n<ul class=\"wp-block-list\">\n<li><strong>\u0160ifriranje:<\/strong> \u0160ifriramo ob\u010dutljive podatke tako med prenosom kot v mirovanju.<\/li>\n<li><strong>Hashing gesel:<\/strong> Gesla so shranjena z mo\u010dnimi enosmernimi algoritmi hashinga.<\/li>\n<\/ul>\n<p data-fontsize=\"16\"><strong>Obravnava napak in bele\u017eenje<\/strong><\/p>\n<ul class=\"wp-block-list\">\n<li><strong>Splo\u0161na sporo\u010dila o napakah:<\/strong> Za za\u0161\u010dito pred uhajanjem informacij prikazujemo splo\u0161na sporo\u010dila o napakah.<\/li>\n<li><strong>Podrobno bele\u017eenje:<\/strong> Napake se bele\u017eijo s podrobnimi informacijami na varnem mestu.<\/li>\n<li><strong>Spremljanje dnevnika:<\/strong> Redno spremljamo dnevnike za sumljive dejavnosti.<\/li>\n<\/ul>\n<p data-fontsize=\"16\"><strong>Varne prakse kodiranja<\/strong><\/p>\n<ul class=\"wp-block-list\">\n<li><strong>Pregled kode:<\/strong> Redni pregledi kode so namenjeni odkrivanju in odpravljanju ranljivosti.<\/li>\n<li><strong>Varnostno usposabljanje:<\/strong> Na\u0161i razvijalci so dele\u017eni stalnega varnostnega usposabljanja.<\/li>\n<li><strong>Varnostne knji\u017enice:<\/strong> Uporabljamo dobro vzdr\u017eevane varnostne knji\u017enice in ogrodja.<\/li>\n<\/ul>\n<p data-fontsize=\"16\"><strong>Upravljanje konfiguracije<\/strong><\/p>\n<ul class=\"wp-block-list\">\n<li><strong>Minimalni privilegiji:<\/strong> Aplikacije se izvajajo z najmanj\u0161imi potrebnimi privilegiji.<\/li>\n<li><strong>Varna konfiguracija:<\/strong> Na\u0161i stre\u017eniki so varno konfigurirani in redno posodobljeni.<\/li>\n<li><strong>Onemogo\u010dite nepotrebne funkcije:<\/strong> Neuporabne storitve in komponente so onemogo\u010dene, da se zmanj\u0161a tveganje.<\/li>\n<\/ul>\n<p data-fontsize=\"16\"><strong>Redno testiranje varnosti<\/strong><\/p>\n<ul class=\"wp-block-list\">\n<li><strong>Pregledovanje ranljivosti:<\/strong> Redno se izvajajo pregledi za odkrivanje varnostnih pomanjkljivosti.<\/li>\n<li><strong>Testiranje vdora:<\/strong> Za oceno na\u0161e varnosti se redno izvaja testiranje prodora.<\/li>\n<li><strong>Upravljanje popravkov:<\/strong> Varnostni popravki in posodobitve se uporabljajo takoj.<\/li>\n<\/ul>\n<p data-fontsize=\"16\"><strong>Odziv na incidente<\/strong><\/p>\n<ul class=\"wp-block-list\">\n<li><strong>Na\u010drt odzivanja na incidente:<\/strong> Imamo podroben na\u010drt za odzivanje na kr\u0161itve varnosti.<\/li>\n<li><strong>Redne vaje:<\/strong> Izvajajo se vaje za odzivanje na incidente, da se zagotovi pripravljenost.<\/li>\n<\/ul>\n<p data-fontsize=\"16\"><strong>Skladnost in pravne zahteve<\/strong><\/p>\n<ul class=\"wp-block-list\">\n<li><strong>Zakoni o varstvu podatkov:<\/strong> Upo\u0161tevamo ustrezne zakone in predpise o varstvu podatkov.<\/li>\n<li><strong>Industrijski standardi:<\/strong> Upo\u0161tevamo pano\u017ene standarde in najbolj\u0161e prakse, kot je OWASP Top Ten.<\/li>\n<\/ul>\n<p data-fontsize=\"16\"><strong>Pregled politike<\/strong><\/p>\n<p data-fontsize=\"16\">Na\u0161a varnostna politika se pregleda vsako leto ali po vsakem ve\u010djem varnostnem incidentu, da se zagotovi njena u\u010dinkovitost.<\/p>\n<p data-fontsize=\"16\">Zahvaljujemo se vam, da ste nam zaupali svoje podatke. Zavezani smo k ohranjanju najvi\u0161jih varnostnih standardov za za\u0161\u010dito va\u0161ih podatkov. <\/p>\n\t\t\t\t\t\t\t\t<\/div>\n\t\t\t\t<\/div>\n\t\t\t\t\t<\/div>\n\t\t<\/div>\n\t\t\t\t\t<\/div>\n\t\t<\/section>\n\t\t\t\t<\/div>\n\t\t","protected":false},"excerpt":{"rendered":"<p>Varnostna politika spletne aplikacije Dobrodo\u0161li v na\u0161i spletni aplikaciji! Zavezani smo k zagotavljanju varnosti in zasebnosti na\u0161ih uporabnikov. Spodaj so navedeni klju\u010dni varnostni ukrepi, ki smo jih izvedli za za\u0161\u010dito va\u0161ih podatkov. Potrjevanje vnosa Sanitizacija in preverjanje vhodnih podatkov: Zagotovimo, da so vsi uporabni\u0161ki vhodi ustrezno pre\u010di\u0161\u010deni in potrjeni, da prepre\u010dimo varnostne gro\u017enje, kot sta [&hellip;]<\/p>\n","protected":false},"author":1,"featured_media":0,"parent":0,"menu_order":0,"comment_status":"closed","ping_status":"closed","template":"","meta":{"footnotes":""},"class_list":["post-3536","page","type-page","status-publish","hentry"],"_links":{"self":[{"href":"https:\/\/cmylead.com\/sl\/wp-json\/wp\/v2\/pages\/3536","targetHints":{"allow":["GET"]}}],"collection":[{"href":"https:\/\/cmylead.com\/sl\/wp-json\/wp\/v2\/pages"}],"about":[{"href":"https:\/\/cmylead.com\/sl\/wp-json\/wp\/v2\/types\/page"}],"author":[{"embeddable":true,"href":"https:\/\/cmylead.com\/sl\/wp-json\/wp\/v2\/users\/1"}],"replies":[{"embeddable":true,"href":"https:\/\/cmylead.com\/sl\/wp-json\/wp\/v2\/comments?post=3536"}],"version-history":[{"count":1,"href":"https:\/\/cmylead.com\/sl\/wp-json\/wp\/v2\/pages\/3536\/revisions"}],"predecessor-version":[{"id":3537,"href":"https:\/\/cmylead.com\/sl\/wp-json\/wp\/v2\/pages\/3536\/revisions\/3537"}],"wp:attachment":[{"href":"https:\/\/cmylead.com\/sl\/wp-json\/wp\/v2\/media?parent=3536"}],"curies":[{"name":"wp","href":"https:\/\/api.w.org\/{rel}","templated":true}]}}