{"id":3574,"date":"2024-10-31T17:30:15","date_gmt":"2024-10-31T17:30:15","guid":{"rendered":"https:\/\/cmylead.com\/pogoji-uporabe\/"},"modified":"2024-11-11T18:29:10","modified_gmt":"2024-11-11T18:29:10","slug":"pogoji-uporabe","status":"publish","type":"page","link":"https:\/\/cmylead.com\/sl\/pogoji-uporabe\/","title":{"rendered":"Pogoji uporabe"},"content":{"rendered":"<style>.elementor-3574 .elementor-element.elementor-element-3438da73 > .elementor-background-overlay{background-color:var( --e-global-color-secondary );opacity:0.9;transition:background 0.3s, border-radius 0.3s, opacity 0.3s;}.elementor-3574 .elementor-element.elementor-element-3438da73 > .elementor-container{max-width:1200px;}.elementor-3574 .elementor-element.elementor-element-3438da73:not(.elementor-motion-effects-element-type-background), .elementor-3574 .elementor-element.elementor-element-3438da73 > .elementor-motion-effects-container > .elementor-motion-effects-layer{background-position:0% 10%;background-repeat:no-repeat;background-size:cover;}.elementor-3574 .elementor-element.elementor-element-3438da73{transition:background 0.3s, border 0.3s, border-radius 0.3s, box-shadow 0.3s;margin-top:-100px;margin-bottom:100px;padding:200px 0px 100px 0px;}.elementor-3574 .elementor-element.elementor-element-6d3af210{text-align:center;}.elementor-3574 .elementor-element.elementor-element-6d3af210 .elementor-heading-title{font-family:var( --e-global-typography-secondary-font-family ), Sans-serif;font-size:var( --e-global-typography-secondary-font-size );font-weight:var( --e-global-typography-secondary-font-weight );text-transform:var( --e-global-typography-secondary-text-transform );text-decoration:var( --e-global-typography-secondary-text-decoration );line-height:var( --e-global-typography-secondary-line-height );color:var( --e-global-color-827cd3a );}.elementor-3574 .elementor-element.elementor-element-26be6c1{--spacer-size:50px;}:root{--page-title-display:none;}@media(max-width:1024px){.elementor-3574 .elementor-element.elementor-element-3438da73:not(.elementor-motion-effects-element-type-background), .elementor-3574 .elementor-element.elementor-element-3438da73 > .elementor-motion-effects-container > .elementor-motion-effects-layer{background-position:0px 0px;}.elementor-3574 .elementor-element.elementor-element-3438da73{margin-top:-150px;margin-bottom:100px;padding:220px 0px 100px 0px;}.elementor-3574 .elementor-element.elementor-element-32bdeddb > .elementor-element-populated{margin:0px 0px 0px 0px;--e-column-margin-right:0px;--e-column-margin-left:0px;padding:0px 30px 0px 30px;}.elementor-3574 .elementor-element.elementor-element-6d3af210 .elementor-heading-title{font-size:var( --e-global-typography-secondary-font-size );line-height:var( --e-global-typography-secondary-line-height );}}@media(max-width:767px){.elementor-3574 .elementor-element.elementor-element-3438da73:not(.elementor-motion-effects-element-type-background), .elementor-3574 .elementor-element.elementor-element-3438da73 > .elementor-motion-effects-container > .elementor-motion-effects-layer{background-position:0px 0px;}.elementor-3574 .elementor-element.elementor-element-3438da73{margin-top:-150px;margin-bottom:100px;padding:220px 0px 100px 0px;}.elementor-3574 .elementor-element.elementor-element-32bdeddb > .elementor-element-populated{margin:0px 0px 0px 0px;--e-column-margin-right:0px;--e-column-margin-left:0px;padding:0px 20px 0px 20px;}.elementor-3574 .elementor-element.elementor-element-6d3af210 .elementor-heading-title{font-size:var( --e-global-typography-secondary-font-size );line-height:var( --e-global-typography-secondary-line-height );}}<\/style>\t\t<div data-elementor-type=\"wp-page\" data-elementor-id=\"3574\" class=\"elementor elementor-3574 elementor-1336\" data-elementor-post-type=\"page\">\n\t\t\t\t\t\t<section class=\"elementor-section elementor-top-section elementor-element elementor-element-3438da73 elementor-section-boxed elementor-section-height-default elementor-section-height-default\" data-id=\"3438da73\" data-element_type=\"section\" data-settings=\"{&quot;background_background&quot;:&quot;classic&quot;}\">\n\t\t\t\t\t\t\t<div class=\"elementor-background-overlay\"><\/div>\n\t\t\t\t\t\t\t<div class=\"elementor-container elementor-column-gap-default\">\n\t\t\t\t\t<div class=\"elementor-column elementor-col-100 elementor-top-column elementor-element elementor-element-32bdeddb\" data-id=\"32bdeddb\" data-element_type=\"column\">\n\t\t\t<div class=\"elementor-widget-wrap elementor-element-populated\">\n\t\t\t\t\t\t<div class=\"elementor-element elementor-element-6d3af210 elementor-widget elementor-widget-heading\" data-id=\"6d3af210\" data-element_type=\"widget\" data-widget_type=\"heading.default\">\n\t\t\t\t<div class=\"elementor-widget-container\">\n\t\t\t\t\t<h2 class=\"elementor-heading-title elementor-size-default\">Pogoji uporabe<\/h2>\t\t\t\t<\/div>\n\t\t\t\t<\/div>\n\t\t\t\t\t<\/div>\n\t\t<\/div>\n\t\t\t\t\t<\/div>\n\t\t<\/section>\n\t\t\t\t<section class=\"elementor-section elementor-top-section elementor-element elementor-element-fb8c355 elementor-section-boxed elementor-section-height-default elementor-section-height-default\" data-id=\"fb8c355\" data-element_type=\"section\">\n\t\t\t\t\t\t<div class=\"elementor-container elementor-column-gap-default\">\n\t\t\t\t\t<div class=\"elementor-column elementor-col-100 elementor-top-column elementor-element elementor-element-63313d6\" data-id=\"63313d6\" data-element_type=\"column\">\n\t\t\t<div class=\"elementor-widget-wrap elementor-element-populated\">\n\t\t\t\t\t\t<div class=\"elementor-element elementor-element-98a631c elementor-widget elementor-widget-text-editor\" data-id=\"98a631c\" data-element_type=\"widget\" data-widget_type=\"text-editor.default\">\n\t\t\t\t<div class=\"elementor-widget-container\">\n\t\t\t\t\t\t\t\t\t<p data-fontsize=\"18\"><span data-preserver-spaces=\"true\"><b>ODDELEK 1 &#8211; PREGLED<\/b><\/span><\/p>\n<p data-fontsize=\"18\"><span data-preserver-spaces=\"true\">To spletno mesto upravlja podjetje CMYLEAD. Na celotnem spletnem mestu se izrazi &#8220;mi&#8221;, &#8220;nas&#8221; in &#8220;na\u0161&#8221; nana\u0161ajo na CMYLEAD. CMYLEAD vam, uporabniku, ponuja to spletno mesto, vklju\u010dno z vsemi informacijami, orodji in storitvami, ki so na voljo na tem spletnem mestu, pod pogojem, da sprejmete vse tukaj navedene pogoje, pravila in obvestila.  <\/span><\/p>\n<p data-fontsize=\"18\"><span data-preserver-spaces=\"true\">Z obiskom na\u0161ega spletnega mesta in\/ali nakupom pri nas sodelujete v na\u0161i &#8220;storitvi&#8221; in se strinjate, da vas zavezujejo naslednji pogoji (&#8220;pogoji storitve&#8221;, &#8220;pogoji&#8221;), vklju\u010dno z dodatnimi pogoji in pravili, na katere se sklicuje tukaj in\/ali so na voljo prek hiperpovezave. Ti pogoji storitve veljajo za vse uporabnike spletnega mesta, med drugim za uporabnike, ki so brskalniki, prodajalci, stranke, trgovci in\/ali avtorji vsebine. <\/span><\/p>\n<p data-fontsize=\"18\"><span data-preserver-spaces=\"true\">Pred dostopom do na\u0161ega spletnega mesta ali njegovo uporabo natan\u010dno preberite te pogoje uporabe. Z dostopom ali uporabo katerega koli dela spletnega mesta se strinjate, da vas ti pogoji storitve zavezujejo. \u010ce se ne strinjate z vsemi pogoji te pogodbe, ne smete dostopati do spletnega mesta ali uporabljati katere koli storitve. \u010ce se ti Pogoji uporabe storitev \u0161tejejo za ponudbo, je njen sprejem izrecno omejen na te Pogoje uporabe storitev.   <\/span><\/p>\n<p data-fontsize=\"18\"><span data-preserver-spaces=\"true\">Za vse nove funkcije ali orodja, ki se dodajo trenutni trgovini, prav tako veljajo Pogoji uporabe storitev. Najnovej\u0161o razli\u010dico Pogojev uporabe storitev lahko kadar koli pregledate na tej strani. Pridr\u017eujemo si pravico, da posodobimo, spremenimo ali nadomestimo kateri koli del teh Pogojev uporabe storitev z objavo posodobitev in\/ali sprememb na na\u0161em spletnem mestu. Va\u0161a odgovornost je, da redno preverjate to stran za spremembe. Va\u0161a nadaljnja uporaba spletnega mesta ali dostop do njega po objavi kakr\u0161nih koli sprememb pomeni sprejetje teh sprememb.    <\/span><\/p>\n<p data-fontsize=\"18\"><span data-preserver-spaces=\"true\"> <\/span><\/p>\n<p data-fontsize=\"18\"><span data-preserver-spaces=\"true\"><b>ODDELEK 2 &#8211; POGOJI SPLETNE TRGOVINE  <\/b><\/span><\/p>\n<p data-fontsize=\"18\"><span data-preserver-spaces=\"true\">S strinjanjem s temi Pogoji uporabe storitev izjavljate, da ste v svoji dr\u017eavi ali pokrajini prebivali\u0161\u010da vsaj polnoletni ali da ste v svoji dr\u017eavi ali pokrajini prebivali\u0161\u010da polnoletni in ste nam dali soglasje, da lahko to spletno mesto uporabljajo va\u0161i mladoletni vzdr\u017eevani \u010dlani. Na\u0161ih izdelkov ne smete uporabljati v nezakonite ali nedovoljene namene, prav tako pri uporabi storitve ne smete kr\u0161iti nobenih zakonov v va\u0161i jurisdikciji (med drugim tudi zakonov o avtorskih pravicah). <\/span><\/p>\n<p data-fontsize=\"18\"><span data-preserver-spaces=\"true\">Ne smete prena\u0161ati nobenih \u010drvov ali virusov ali kakr\u0161ne koli kode uni\u010dujo\u010de narave. Kr\u0161itev ali kr\u0161itev katerega koli od pogojev bo imela za posledico takoj\u0161njo prekinitev va\u0161ih storitev. <\/span><\/p>\n<p data-fontsize=\"18\"><span data-preserver-spaces=\"true\"> <\/span><\/p>\n<p data-fontsize=\"18\"><span data-preserver-spaces=\"true\"><b>ODDELEK 3 &#8211; SPLO\u0160NI POGOJI<\/b><\/span><\/p>\n<p data-fontsize=\"18\"><span data-preserver-spaces=\"true\">Pridr\u017eujemo si pravico, da kadar koli in iz katerega koli razloga zavrnemo storitev. Zavedate se, da se va\u0161a vsebina (brez podatkov o kreditnih karticah) lahko prena\u0161a ne\u0161ifrirano in vklju\u010duje (a) prenose po razli\u010dnih omre\u017ejih ter (b) spremembe zaradi skladnosti in prilagajanja tehni\u010dnim zahtevam povezovalnih omre\u017eij ali naprav. Podatki o kreditnih karticah so med prenosom po omre\u017ejih vedno \u0161ifrirani.    <\/span><\/p>\n<p data-fontsize=\"18\"><span data-preserver-spaces=\"true\">ODDELEK 4 &#8211; TO\u010cNOST, POPOLNOST IN PRAVO\u010cASNOST INFORMACIJ<\/span><\/p>\n<p data-fontsize=\"18\"><span data-preserver-spaces=\"true\">Nismo odgovorni, \u010de informacije, ki so na voljo na tem spletnem mestu, niso to\u010dne, popolne ali aktualne. Gradivo na tem spletnem mestu je namenjeno le splo\u0161nim informacijam in se nanj ne smete zana\u0161ati ali ga uporabljati kot edino podlago za sprejemanje odlo\u010ditev, ne da bi se posvetovali s primarnimi, natan\u010dnej\u0161imi, popolnej\u0161imi ali aktualnej\u0161imi viri informacij. Vsako zana\u0161anje na gradivo na tem spletnem mestu je na lastno odgovornost. To spletno mesto lahko vsebuje dolo\u010dene zgodovinske informacije. Zgodovinske informacije nujno niso aktualne in so vam na voljo le za referenco. Pridr\u017eujemo si pravico, da kadar koli spremenimo vsebino tega spletnega mesta, vendar nismo dol\u017eni posodabljati informacij na na\u0161em spletnem mestu. Strinjate se, da je va\u0161a odgovornost, da spremljate spremembe na na\u0161em spletnem mestu.      <\/span><\/p>\n<p data-fontsize=\"18\"><span data-preserver-spaces=\"true\">Seveda bom nadaljeval tam, kjer sem kon\u010dal, vendar upo\u0161tevajte, da je treba s pomo\u010djo pravnega strokovnjaka pripraviti celotne pogoje storitve, da se zagotovi, da so zajete vse potrebne podrobnosti, ki so specifi\u010dne za podjetje ali storitev. Tukaj je splo\u0161no nadaljevanje: <\/span><\/p>\n<p data-fontsize=\"18\"><span data-preserver-spaces=\"true\"> <\/span><\/p>\n<p data-fontsize=\"18\"><span data-preserver-spaces=\"true\"><b>ODDELEK 5 &#8211; IZDELKI ALI STORITVE<\/b><\/span><\/p>\n<p data-fontsize=\"18\"><span data-preserver-spaces=\"true\">Dolo\u010deni izdelki ali storitve so lahko na voljo izklju\u010dno prek spletnega mesta. Teh izdelkov ali storitev je lahko omejena koli\u010dina in jih je mogo\u010de vrniti ali zamenjati le v skladu z na\u0161imi pravili o vra\u010danju. Potrudili smo se, da bi \u010dim natan\u010dneje prikazali barve in slike na\u0161ih izdelkov, ki so prikazani v trgovini. Ne moremo zagotoviti, da bo prikaz katere koli barve na va\u0161em ra\u010dunalni\u0161kem monitorju natan\u010den.   <\/span><\/p>\n<p data-fontsize=\"18\"><span data-preserver-spaces=\"true\"> <\/span><\/p>\n<p data-fontsize=\"18\"><span data-preserver-spaces=\"true\"><b>ODDELEK 6 &#8211; TO\u010cNOST PODATKOV O OBRA\u010cUNU IN RA\u010cUNU<\/b><\/span><\/p>\n<p data-fontsize=\"18\"><span data-preserver-spaces=\"true\">Strinjate se, da boste za vse nakupe v na\u0161i trgovini zagotovili aktualne, popolne in to\u010dne podatke o nakupu in ra\u010dunu. Strinjate se, da boste nemudoma posodobili podatke o svojem ra\u010dunu in druge podatke, vklju\u010dno z va\u0161im e-po\u0161tnim naslovom ter \u0161tevilkami in datumi veljavnosti kreditnih kartic, da bomo lahko dokon\u010dali va\u0161e transakcije in vas po potrebi kontaktirali. <\/span><\/p>\n<p data-fontsize=\"18\"><span data-preserver-spaces=\"true\"> <\/span><\/p>\n<p data-fontsize=\"18\"><span data-preserver-spaces=\"true\"><b>RAZDELEK 7 &#8211; NEOBVEZNA ORODJA<\/b><\/span><\/p>\n<p data-fontsize=\"18\"><span data-preserver-spaces=\"true\">Zagotovimo vam lahko dostop do orodij tretjih oseb, ki jih ne spremljamo, ne nadzorujemo in nimamo vpliva nanje. Potrjujete in se strinjate, da dostop do takih orodij zagotavljamo &#8220;kot je&#8221; in &#8220;kot je na voljo&#8221; brez kakr\u0161nih koli jamstev, izjav ali pogojev in brez kakr\u0161ne koli potrditve. <\/span><\/p>\n<p data-fontsize=\"18\"><span data-preserver-spaces=\"true\"> <\/span><\/p>\n<p data-fontsize=\"18\"><span data-preserver-spaces=\"true\"><b>ODDELEK 8 &#8211; POVEZAVE TRETJIH OSEB<\/b><\/span><\/p>\n<p data-fontsize=\"18\"><span data-preserver-spaces=\"true\">Nekatere vsebine, izdelki in storitve, ki so na voljo prek na\u0161e storitve, lahko vklju\u010dujejo gradiva tretjih oseb. Povezave tretjih oseb na tem spletnem mestu vas lahko usmerijo na spletna mesta tretjih oseb, ki niso povezana z nami. Nismo odgovorni za preverjanje ali ocenjevanje vsebine ali to\u010dnosti ter ne jam\u010dimo in ne bomo imeli nobene odgovornosti za gradiva ali spletna mesta tretjih oseb ali za katero koli drugo gradivo, izdelke ali storitve tretjih oseb.  <\/span><\/p>\n<p data-fontsize=\"18\"><span data-preserver-spaces=\"true\"> <\/span><\/p>\n<p data-fontsize=\"18\"><span data-preserver-spaces=\"true\"><b>ODDELEK 9 &#8211; KOMENTARJI UPORABNIKOV, POVRATNE INFORMACIJE IN DRUGI PRISPEVKI<\/b><\/span><\/p>\n<p data-fontsize=\"18\"><span data-preserver-spaces=\"true\">\u010ce nam po\u0161ljete dolo\u010dene posebne prijave ali ustvarjalne zamisli, predloge, predloge, na\u010drte ali drugo gradivo prek spleta, e-po\u0161te, po po\u0161ti ali kako druga\u010de, se strinjate, da lahko kadar koli in brez omejitev urejamo, kopiramo, objavljamo, distribuiramo, prevajamo in druga\u010de uporabljamo v katerem koli mediju vse va\u0161e pripombe, ki nam jih posredujete. Nismo zavezani k varovanju zaupnosti pripomb, pla\u010dilu nadomestila za pripombe ali odgovoru na pripombe. <\/span><\/p>\n<p data-fontsize=\"18\"><span data-preserver-spaces=\"true\"> <\/span><\/p>\n<p data-fontsize=\"18\"><span data-preserver-spaces=\"true\"><b>ODDELEK 10 &#8211; OSEBNI PODATKI<\/b><\/span><\/p>\n<p data-fontsize=\"18\"><span data-preserver-spaces=\"true\">Va\u0161e posredovanje osebnih podatkov prek trgovine ureja na\u0161 pravilnik o zasebnosti.<\/span><\/p>\n<p data-fontsize=\"18\"><span data-preserver-spaces=\"true\"> <\/span><\/p>\n<p data-fontsize=\"18\"><span data-preserver-spaces=\"true\"><b>ODDELEK 11 &#8211; NAPAKE, NETO\u010cNOSTI IN OPUSTITVE<\/b><\/span><\/p>\n<p data-fontsize=\"18\"><span data-preserver-spaces=\"true\">Ob\u010dasno se lahko na na\u0161em spletnem mestu ali v storitvi pojavijo informacije, ki vsebujejo tipkarske napake, neto\u010dnosti ali opustitve, ki se lahko nana\u0161ajo na opise izdelkov, cene, promocije, ponudbe, stro\u0161ke dostave izdelkov, \u010das prevoza in razpolo\u017eljivost. Pridr\u017eujemo si pravico, da kadar koli in brez predhodnega obvestila popravimo napake, neto\u010dnosti ali izpuste ter spremenimo ali posodobimo informacije ali prekli\u010demo naro\u010dila, \u010de so informacije v storitvi ali na katerem koli povezanem spletnem mestu neto\u010dne. <\/span><\/p>\n<p data-fontsize=\"18\"><span data-preserver-spaces=\"true\"> <\/span><\/p>\n<p data-fontsize=\"18\"><span data-preserver-spaces=\"true\"><b>ODDELEK 12 &#8211; PREPOVEDANE UPORABE<\/b><\/span><\/p>\n<p data-fontsize=\"18\"><span data-preserver-spaces=\"true\">Poleg drugih prepovedi, dolo\u010denih v Pogojih uporabe storitev, vam je prepovedana uporaba spletnega mesta ali njegove vsebine v nezakonite namene; nagovarjanje drugih k izvajanju ali sodelovanju pri nezakonitih dejanjih; kr\u0161enje mednarodnih, zveznih, pokrajinskih ali dr\u017eavnih predpisov, pravil, zakonov ali lokalnih odlokov.<\/span><\/p>\n<p data-fontsize=\"18\"><span data-preserver-spaces=\"true\"> <\/span><\/p>\n<p data-fontsize=\"18\"><span data-preserver-spaces=\"true\"><b>13. POGLAVJE &#8211; ODKLONITEV JAMSTEV; OMEJITEV ODGOVORNOSTI<\/b><\/span><\/p>\n<p data-fontsize=\"18\"><span data-preserver-spaces=\"true\">Ne jam\u010dimo, ne predstavljamo in ne zagotavljamo, da bo va\u0161a uporaba na\u0161e storitve neprekinjena, pravo\u010dasna, varna ali brez napak. Ne jam\u010dimo, da bodo rezultati, ki jih lahko dobite z uporabo storitve, to\u010dni ali zanesljivi. <\/span><\/p>\n<p data-fontsize=\"18\"><span data-preserver-spaces=\"true\"> <\/span><\/p>\n<p data-fontsize=\"18\"><span data-preserver-spaces=\"true\"><b>ODDELEK 14 &#8211; OD\u0160KODNINSKA ODGOVORNOST<\/b><\/span><\/p>\n<p data-fontsize=\"18\"><span data-preserver-spaces=\"true\">Strinjate se, da boste dru\u017ebi CMYLEAD in njenim mati\u010dnim, h\u010derinskim in povezanim dru\u017ebam, partnerjem, uradnikom, direktorjem, zastopnikom, izvajalcem, izdajateljem licenc, ponudnikom storitev, podizvajalcem, dobaviteljem, pripravnikom in zaposlenim zagotovili od\u0161kodnino, obrambo in za\u0161\u010dito pred kakr\u0161nim koli zahtevkom, vklju\u010dno z razumnimi odvetni\u0161kimi stro\u0161ki, ki ga bo vlo\u017eila tretja oseba zaradi ali zaradi va\u0161e kr\u0161itve teh pogojev uporabe storitev ali dokumentov, na katere se ti nana\u0161ajo, ali zaradi va\u0161e kr\u0161itve zakona ali pravic tretje osebe.<\/span><\/p>\n<p data-fontsize=\"18\"><span data-preserver-spaces=\"true\"> <\/span><\/p>\n<p data-fontsize=\"18\"><span data-preserver-spaces=\"true\"><b>ODDELEK 15 &#8211; LO\u010cLJIVOST<\/b><\/span><\/p>\n<p data-fontsize=\"18\"><span data-preserver-spaces=\"true\">\u010ce se ugotovi, da je katera koli dolo\u010dba teh Pogojev uporabe storitev nezakonita, ni\u010dna ali neizvr\u0161ljiva, je tak\u0161na dolo\u010dba kljub temu izvr\u0161ljiva v najve\u010djem obsegu, ki ga dovoljuje veljavna zakonodaja, neizvr\u0161ljivi del pa se \u0161teje za lo\u010denega od teh Pogojev uporabe storitev.<\/span><\/p>\n<p data-fontsize=\"18\"><span data-preserver-spaces=\"true\"> <\/span><\/p>\n<p data-fontsize=\"18\"><span data-preserver-spaces=\"true\"><b>ODDELEK 16 &#8211; PRENEHANJE<\/b><\/span><\/p>\n<p data-fontsize=\"18\"><span data-preserver-spaces=\"true\">Ti Pogoji storitve veljajo, dokler jih ne prekli\u010dete vi ali mi. Te Pogoje uporabe storitev lahko kadar koli prekinete tako, da nas obvestite, da ne \u017eelite ve\u010d uporabljati na\u0161ih storitev, ali ko prenehate uporabljati na\u0161e spletno mesto. <\/span><\/p>\n<p data-fontsize=\"18\"><span data-preserver-spaces=\"true\"> <\/span><\/p>\n<p data-fontsize=\"18\"><span data-preserver-spaces=\"true\"><b>ODDELEK 17 &#8211; CELOTNA POGODBA<\/b><\/span><\/p>\n<p data-fontsize=\"18\"><span data-preserver-spaces=\"true\">Ti Pogoji uporabe storitve in vsi pravilniki ali pravila delovanja, ki smo jih objavili na tem spletnem mestu ali v zvezi s storitvijo, predstavljajo celotno pogodbo in dogovor med vami in nami ter urejajo va\u0161o uporabo storitve in nadome\u0161\u010dajo vse predhodne ali so\u010dasne dogovore, sporo\u010dila in predloge, ustne ali pisne, med vami in nami.<\/span><\/p>\n<p data-fontsize=\"18\"><span data-preserver-spaces=\"true\"> <\/span><\/p>\n<p data-fontsize=\"18\"><span data-preserver-spaces=\"true\"><b>ODDELEK 18 &#8211; VELJAVNO PRAVO<\/b><\/span><\/p>\n<p data-fontsize=\"18\"><span data-preserver-spaces=\"true\">Te Pogoje uporabe storitev in vse lo\u010dene pogodbe, s katerimi vam zagotavljamo storitve, ureja in razlaga zakonodaja jurisdikcije, v kateri je registrirano na\u0161e podjetje.<\/span><\/p>\n<p data-fontsize=\"18\"><span data-preserver-spaces=\"true\"> <\/span><\/p>\n<p data-fontsize=\"18\"><span data-preserver-spaces=\"true\"><b>ODDELEK 19 &#8211; SPREMEMBE POGOJEV STORITVE<\/b><\/span><\/p>\n<p data-fontsize=\"18\"><span data-preserver-spaces=\"true\">Najnovej\u0161o razli\u010dico Pogojev uporabe storitev lahko kadar koli pregledate na tej strani. Pridr\u017eujemo si pravico, da po lastni presoji posodobimo, spremenimo ali nadomestimo katerikoli del teh Pogojev uporabe z objavo posodobitev in sprememb na na\u0161em spletnem mestu. <\/span><\/p>\n<p data-fontsize=\"18\"><span data-preserver-spaces=\"true\"> <\/span><\/p>\n<p data-fontsize=\"18\"><span data-preserver-spaces=\"true\"><b>ODDELEK 20 &#8211; KONTAKTNI PODATKI<\/b><\/span><\/p>\n<p data-fontsize=\"18\"><span data-preserver-spaces=\"true\">Vpra\u0161anja v zvezi s pogoji uporabe storitev nam po\u0161ljite na naslov info@cmylead.com.<\/span><\/p>\n\t\t\t\t\t\t\t\t<\/div>\n\t\t\t\t<\/div>\n\t\t\t\t<div class=\"elementor-element elementor-element-26be6c1 elementor-widget elementor-widget-spacer\" data-id=\"26be6c1\" data-element_type=\"widget\" data-widget_type=\"spacer.default\">\n\t\t\t\t<div class=\"elementor-widget-container\">\n\t\t\t\t\t\t\t<div class=\"elementor-spacer\">\n\t\t\t<div class=\"elementor-spacer-inner\"><\/div>\n\t\t<\/div>\n\t\t\t\t\t\t<\/div>\n\t\t\t\t<\/div>\n\t\t\t\t\t<\/div>\n\t\t<\/div>\n\t\t\t\t\t<\/div>\n\t\t<\/section>\n\t\t\t\t<\/div>\n\t\t","protected":false},"excerpt":{"rendered":"<p>Pogoji uporabe ODDELEK 1 &#8211; PREGLED To spletno mesto upravlja podjetje CMYLEAD. Na celotnem spletnem mestu se izrazi &#8220;mi&#8221;, &#8220;nas&#8221; in &#8220;na\u0161&#8221; nana\u0161ajo na CMYLEAD. CMYLEAD vam, uporabniku, ponuja to spletno mesto, vklju\u010dno z vsemi informacijami, orodji in storitvami, ki so na voljo na tem spletnem mestu, pod pogojem, da sprejmete vse tukaj navedene pogoje, [&hellip;]<\/p>\n","protected":false},"author":1,"featured_media":0,"parent":0,"menu_order":0,"comment_status":"closed","ping_status":"closed","template":"","meta":{"footnotes":""},"class_list":["post-3574","page","type-page","status-publish","hentry"],"_links":{"self":[{"href":"https:\/\/cmylead.com\/sl\/wp-json\/wp\/v2\/pages\/3574","targetHints":{"allow":["GET"]}}],"collection":[{"href":"https:\/\/cmylead.com\/sl\/wp-json\/wp\/v2\/pages"}],"about":[{"href":"https:\/\/cmylead.com\/sl\/wp-json\/wp\/v2\/types\/page"}],"author":[{"embeddable":true,"href":"https:\/\/cmylead.com\/sl\/wp-json\/wp\/v2\/users\/1"}],"replies":[{"embeddable":true,"href":"https:\/\/cmylead.com\/sl\/wp-json\/wp\/v2\/comments?post=3574"}],"version-history":[{"count":1,"href":"https:\/\/cmylead.com\/sl\/wp-json\/wp\/v2\/pages\/3574\/revisions"}],"predecessor-version":[{"id":3575,"href":"https:\/\/cmylead.com\/sl\/wp-json\/wp\/v2\/pages\/3574\/revisions\/3575"}],"wp:attachment":[{"href":"https:\/\/cmylead.com\/sl\/wp-json\/wp\/v2\/media?parent=3574"}],"curies":[{"name":"wp","href":"https:\/\/api.w.org\/{rel}","templated":true}]}}