{"id":3494,"date":"2024-10-31T17:35:35","date_gmt":"2024-10-31T17:35:35","guid":{"rendered":"https:\/\/cmylead.com\/integritetspolicy\/"},"modified":"2024-11-11T16:56:36","modified_gmt":"2024-11-11T16:56:36","slug":"integritetspolicy","status":"publish","type":"page","link":"https:\/\/cmylead.com\/sv\/integritetspolicy\/","title":{"rendered":"Integritetspolicy"},"content":{"rendered":"<style>.elementor-3494 .elementor-element.elementor-element-3438da73 > .elementor-background-overlay{background-color:var( --e-global-color-secondary );opacity:0.9;transition:background 0.3s, border-radius 0.3s, opacity 0.3s;}.elementor-3494 .elementor-element.elementor-element-3438da73 > .elementor-container{max-width:1200px;}.elementor-3494 .elementor-element.elementor-element-3438da73:not(.elementor-motion-effects-element-type-background), .elementor-3494 .elementor-element.elementor-element-3438da73 > .elementor-motion-effects-container > .elementor-motion-effects-layer{background-position:0% 10%;background-repeat:no-repeat;background-size:cover;}.elementor-3494 .elementor-element.elementor-element-3438da73{transition:background 0.3s, border 0.3s, border-radius 0.3s, box-shadow 0.3s;margin-top:-100px;margin-bottom:100px;padding:200px 0px 100px 0px;}.elementor-3494 .elementor-element.elementor-element-6d3af210{text-align:center;}.elementor-3494 .elementor-element.elementor-element-6d3af210 .elementor-heading-title{font-family:var( --e-global-typography-secondary-font-family ), Sans-serif;font-size:var( --e-global-typography-secondary-font-size );font-weight:var( --e-global-typography-secondary-font-weight );text-transform:var( --e-global-typography-secondary-text-transform );text-decoration:var( --e-global-typography-secondary-text-decoration );line-height:var( --e-global-typography-secondary-line-height );color:var( --e-global-color-827cd3a );}:root{--page-title-display:none;}@media(max-width:1024px){.elementor-3494 .elementor-element.elementor-element-3438da73:not(.elementor-motion-effects-element-type-background), .elementor-3494 .elementor-element.elementor-element-3438da73 > .elementor-motion-effects-container > .elementor-motion-effects-layer{background-position:0px 0px;}.elementor-3494 .elementor-element.elementor-element-3438da73{margin-top:-150px;margin-bottom:100px;padding:220px 0px 100px 0px;}.elementor-3494 .elementor-element.elementor-element-32bdeddb > .elementor-element-populated{margin:0px 0px 0px 0px;--e-column-margin-right:0px;--e-column-margin-left:0px;padding:0px 30px 0px 30px;}.elementor-3494 .elementor-element.elementor-element-6d3af210 .elementor-heading-title{font-size:var( --e-global-typography-secondary-font-size );line-height:var( --e-global-typography-secondary-line-height );}}@media(max-width:767px){.elementor-3494 .elementor-element.elementor-element-3438da73:not(.elementor-motion-effects-element-type-background), .elementor-3494 .elementor-element.elementor-element-3438da73 > .elementor-motion-effects-container > .elementor-motion-effects-layer{background-position:0px 0px;}.elementor-3494 .elementor-element.elementor-element-3438da73{margin-top:-150px;margin-bottom:100px;padding:220px 0px 100px 0px;}.elementor-3494 .elementor-element.elementor-element-32bdeddb > .elementor-element-populated{margin:0px 0px 0px 0px;--e-column-margin-right:0px;--e-column-margin-left:0px;padding:0px 20px 0px 20px;}.elementor-3494 .elementor-element.elementor-element-6d3af210 .elementor-heading-title{font-size:var( --e-global-typography-secondary-font-size );line-height:var( --e-global-typography-secondary-line-height );}}<\/style>\t\t<div data-elementor-type=\"wp-page\" data-elementor-id=\"3494\" class=\"elementor elementor-3494 elementor-1345\" data-elementor-post-type=\"page\">\n\t\t\t\t\t\t<section class=\"elementor-section elementor-top-section elementor-element elementor-element-3438da73 elementor-section-boxed elementor-section-height-default elementor-section-height-default\" data-id=\"3438da73\" data-element_type=\"section\" data-settings=\"{&quot;background_background&quot;:&quot;classic&quot;}\">\n\t\t\t\t\t\t\t<div class=\"elementor-background-overlay\"><\/div>\n\t\t\t\t\t\t\t<div class=\"elementor-container elementor-column-gap-default\">\n\t\t\t\t\t<div class=\"elementor-column elementor-col-100 elementor-top-column elementor-element elementor-element-32bdeddb\" data-id=\"32bdeddb\" data-element_type=\"column\">\n\t\t\t<div class=\"elementor-widget-wrap elementor-element-populated\">\n\t\t\t\t\t\t<div class=\"elementor-element elementor-element-6d3af210 elementor-widget elementor-widget-heading\" data-id=\"6d3af210\" data-element_type=\"widget\" data-widget_type=\"heading.default\">\n\t\t\t\t<div class=\"elementor-widget-container\">\n\t\t\t\t\t<h2 class=\"elementor-heading-title elementor-size-default\">Integritetspolicy<\/h2>\t\t\t\t<\/div>\n\t\t\t\t<\/div>\n\t\t\t\t\t<\/div>\n\t\t<\/div>\n\t\t\t\t\t<\/div>\n\t\t<\/section>\n\t\t\t\t<section class=\"elementor-section elementor-top-section elementor-element elementor-element-fb8c355 elementor-section-boxed elementor-section-height-default elementor-section-height-default\" data-id=\"fb8c355\" data-element_type=\"section\">\n\t\t\t\t\t\t<div class=\"elementor-container elementor-column-gap-default\">\n\t\t\t\t\t<div class=\"elementor-column elementor-col-100 elementor-top-column elementor-element elementor-element-63313d6\" data-id=\"63313d6\" data-element_type=\"column\">\n\t\t\t<div class=\"elementor-widget-wrap elementor-element-populated\">\n\t\t\t\t\t\t<div class=\"elementor-element elementor-element-98a631c elementor-widget elementor-widget-text-editor\" data-id=\"98a631c\" data-element_type=\"widget\" data-widget_type=\"text-editor.default\">\n\t\t\t\t<div class=\"elementor-widget-container\">\n\t\t\t\t\t\t\t\t\t<h4 data-fontsize=\"24\"><span data-preserver-spaces=\"true\">P\u00e5 CmyLead, tillg\u00e4nglig fr\u00e5n <\/span><a href=\"https:\/\/cmylead.com\/\" target=\"_blank\" rel=\"noopener\" data-fontsize=\"24\">www.cmylead.com<\/a><span data-preserver-spaces=\"true\">V\u00e5r h\u00f6gsta prioritet \u00e4r v\u00e5ra anv\u00e4ndares integritet och f\u00f6rtroende. Denna sekretesspolicy beskriver de typer av information som vi samlar in och registrerar och hur den anv\u00e4nds. <\/span><\/h4>\n<div><span data-preserver-spaces=\"true\"> <\/span><\/div>\n<p data-fontsize=\"18\"><span data-preserver-spaces=\"true\">Om du har fr\u00e5gor eller vill ha ytterligare information om v\u00e5r integritetspolicy \u00e4r du v\u00e4lkommen att kontakta oss.<\/span><\/p>\n<p data-fontsize=\"18\"><span data-preserver-spaces=\"true\">Denna integritetspolicy g\u00e4ller f\u00f6r v\u00e5ra onlineaktiviteter och g\u00e4ller f\u00f6r anv\u00e4ndare n\u00e4r det g\u00e4ller den information de delar och\/eller samlar in i CmyLead. Den omfattar inte information som samlas in offline eller via andra kanaler f\u00f6rutom denna webbplats. V\u00e5r sekretesspolicy uppr\u00e4ttades med hj\u00e4lp av den kostnadsfria generatorn f\u00f6r sekretesspolicy.  <\/span><\/p>\n<p data-fontsize=\"18\"><span data-preserver-spaces=\"true\"><b>Samtycke<\/b><\/span><\/p>\n<p data-fontsize=\"18\"><span data-preserver-spaces=\"true\">Genom att anv\u00e4nda v\u00e5r webbplats samtycker du h\u00e4rmed till v\u00e5r integritetspolicy och accepterar villkoren i den.<\/span><\/p>\n<p data-fontsize=\"18\"><span data-preserver-spaces=\"true\"><b>Information som vi samlar in<\/b><\/span><\/p>\n<p data-fontsize=\"18\"><span data-preserver-spaces=\"true\">Vi kommer tydligt att f\u00f6rklara varf\u00f6r vi beh\u00f6ver de personuppgifter som vi ber dig att l\u00e4mna n\u00e4r vi ber om dem.<\/span><\/p>\n<p data-fontsize=\"18\"><span data-preserver-spaces=\"true\">Om du kontaktar oss direkt kan vi f\u00e5 ytterligare information, t.ex. ditt namn, din e-postadress, ditt telefonnummer, inneh\u00e5llet i det meddelande eller de bilagor som du skickar till oss och all annan information som du v\u00e4ljer att l\u00e4mna.<\/span><\/p>\n<p data-fontsize=\"18\"><span data-preserver-spaces=\"true\">N\u00e4r du registrerar dig f\u00f6r ett konto kan vi komma att be om dina kontaktuppgifter, inklusive uppgifter som namn, f\u00f6retagsnamn, adress, e-postadress och telefonnummer.<\/span><\/p>\n<p data-fontsize=\"18\"><span data-preserver-spaces=\"true\"><b>Hur anv\u00e4nder vi din information?<\/b><\/span><\/p>\n<p data-fontsize=\"18\"><span data-preserver-spaces=\"true\">Vi utnyttjar den information vi samlar in p\u00e5 m\u00e5nga s\u00e4tt, bland annat f\u00f6r att<\/span><\/p>\n<ul>\n<li><span data-preserver-spaces=\"true\">Tillhandah\u00e5lla, driva och underh\u00e5lla v\u00e5r webbplats<\/span><\/li>\n<li><span data-preserver-spaces=\"true\">F\u00f6rb\u00e4ttra, anpassa och ut\u00f6ka v\u00e5r webbplats<\/span><\/li>\n<li><span data-preserver-spaces=\"true\">F\u00f6rst\u00e5 och analysera din anv\u00e4ndning av v\u00e5r webbplats<\/span><\/li>\n<li><span data-preserver-spaces=\"true\">Utveckla nya produkter, tj\u00e4nster, egenskaper och funktioner<\/span><\/li>\n<li><span data-preserver-spaces=\"true\">Kommunicera med dig, direkt eller via samarbetspartners, bland annat f\u00f6r kundservice, uppdateringar och annan information relaterad till webbplatsen samt f\u00f6r marknadsf\u00f6rings- och reklam\u00e4ndam\u00e5l<\/span><\/li>\n<li><span data-preserver-spaces=\"true\">Skicka e-post till dig<\/span><\/li>\n<li><span data-preserver-spaces=\"true\">Uppt\u00e4cka och f\u00f6rhindra bedr\u00e4gerier\n<p><\/span><\/li>\n<\/ul>\n<p data-fontsize=\"18\"><span data-preserver-spaces=\"true\"><b>Loggfiler<\/b><\/span><\/p>\n<p data-fontsize=\"18\"><span data-preserver-spaces=\"true\">CmyLead f\u00f6ljer ett standardf\u00f6rfarande f\u00f6r anv\u00e4ndning av loggfiler, som alla v\u00e4rdf\u00f6retag. Dessa loggfiler sp\u00e5rar bes\u00f6kare n\u00e4r de bes\u00f6ker webbplatser. De uppgifter som samlas in kan inkludera IP-adresser, webbl\u00e4sartyp, Internetleverant\u00f6r (ISP), datum- och tidsst\u00e4mplar, h\u00e4nvisnings- \/ utg\u00e5ngssidor och eventuellt antalet klick. Denna information \u00e4r inte kopplad till n\u00e5gra personligt identifierbara uppgifter och anv\u00e4nds f\u00f6r att analysera trender, hantera webbplatsen, sp\u00e5ra anv\u00e4ndarnas r\u00f6relser och samla in demografiska data.   <\/p>\n<p><\/span><\/p>\n<p data-fontsize=\"18\"><span data-preserver-spaces=\"true\"><b>Integritetspolicyer f\u00f6r tredje part<\/b><\/span><\/p>\n<p data-fontsize=\"18\"><span data-preserver-spaces=\"true\">CmyLeads integritetspolicy g\u00e4ller inte f\u00f6r andra annons\u00f6rer eller webbplatser. D\u00e4rf\u00f6r rekommenderar vi dig att granska respektive sekretesspolicy f\u00f6r tredje parts annonsservrar f\u00f6r mer detaljerad information om deras praxis och instruktioner om hur du v\u00e4ljer bort vissa alternativ. <\/p>\n<p><\/span><\/p>\n<p data-fontsize=\"18\"><span data-preserver-spaces=\"true\"><b>GDPR Dataskydd R\u00e4ttigheter<\/b><\/span><\/p>\n<p data-fontsize=\"18\"><span data-preserver-spaces=\"true\">Vi vill se till att du \u00e4r fullt medveten om alla dina dataskyddsr\u00e4ttigheter. Varje anv\u00e4ndare har r\u00e4tt till f\u00f6ljande: <\/span><\/p>\n<ul>\n<li><span data-preserver-spaces=\"true\">R\u00e4tt till tillg\u00e5ng &#8211; Du kan beg\u00e4ra kopior av dina personuppgifter. Vi kan komma att ta ut en mindre avgift f\u00f6r denna tj\u00e4nst. <\/span><\/li>\n<li><span data-preserver-spaces=\"true\">R\u00e4tt till r\u00e4ttelse &#8211; Du kan beg\u00e4ra att vi r\u00e4ttar information som du anser \u00e4r felaktig. Du kan ocks\u00e5 beg\u00e4ra att vi kompletterar den information som du anser \u00e4r ofullst\u00e4ndig. <\/span><\/li>\n<li><span data-preserver-spaces=\"true\">R\u00e4tt till radering &#8211; Du kan be oss att radera dina personuppgifter under vissa f\u00f6ruts\u00e4ttningar.<\/span><\/li>\n<li><span data-preserver-spaces=\"true\">R\u00e4tt att begr\u00e4nsa behandlingen &#8211; Du kan be oss att begr\u00e4nsa behandlingen av dina personuppgifter under vissa f\u00f6ruts\u00e4ttningar.<\/span><\/li>\n<li><span data-preserver-spaces=\"true\">R\u00e4tt att inv\u00e4nda mot behandling &#8211; Du kan inv\u00e4nda mot v\u00e5r behandling av dina personuppgifter, under s\u00e4rskilda villkor.<\/span><\/li>\n<li><span data-preserver-spaces=\"true\">R\u00e4tt till dataportabilitet &#8211; Du kan beg\u00e4ra att vi \u00f6verf\u00f6r dina uppgifter till en annan organisation eller direkt till dig, under vissa f\u00f6ruts\u00e4ttningar.<br \/><b><br \/><\/b><\/span><\/li>\n<\/ul>\n<p data-fontsize=\"18\"><span data-preserver-spaces=\"true\"><b>Information till barn<\/b><\/span><\/p>\n<p data-fontsize=\"18\"><span data-preserver-spaces=\"true\">Att skydda barn n\u00e4r de anv\u00e4nder internet \u00e4r s\u00e4rskilt viktigt f\u00f6r oss. Vi uppmuntrar f\u00f6r\u00e4ldrar och v\u00e5rdnadshavare att \u00f6vervaka sina barns aktiviteter p\u00e5 n\u00e4tet. <\/span><\/p>\n<p data-fontsize=\"18\"><span data-preserver-spaces=\"true\">Cmycard samlar inte medvetet in n\u00e5gon personlig identifierbar information fr\u00e5n barn under 13 \u00e5r. Om du tror att ditt barn har l\u00e4mnat den h\u00e4r typen av information p\u00e5 v\u00e5r webbplats uppmuntrar vi dig starkt att kontakta oss omedelbart s\u00e5 kommer vi att g\u00f6ra v\u00e5rt b\u00e4sta f\u00f6r att omedelbart ta bort s\u00e5dan information fr\u00e5n v\u00e5ra register. <\/span><\/p>\n\t\t\t\t\t\t\t\t<\/div>\n\t\t\t\t<\/div>\n\t\t\t\t\t<\/div>\n\t\t<\/div>\n\t\t\t\t\t<\/div>\n\t\t<\/section>\n\t\t\t\t<\/div>\n\t\t","protected":false},"excerpt":{"rendered":"<p>Integritetspolicy P\u00e5 CmyLead, tillg\u00e4nglig fr\u00e5n www.cmylead.comV\u00e5r h\u00f6gsta prioritet \u00e4r v\u00e5ra anv\u00e4ndares integritet och f\u00f6rtroende. Denna sekretesspolicy beskriver de typer av information som vi samlar in och registrerar och hur den anv\u00e4nds. Om du har fr\u00e5gor eller vill ha ytterligare information om v\u00e5r integritetspolicy \u00e4r du v\u00e4lkommen att kontakta oss. Denna integritetspolicy g\u00e4ller f\u00f6r v\u00e5ra onlineaktiviteter [&hellip;]<\/p>\n","protected":false},"author":1,"featured_media":0,"parent":0,"menu_order":0,"comment_status":"closed","ping_status":"closed","template":"","meta":{"footnotes":""},"class_list":["post-3494","page","type-page","status-publish","hentry"],"_links":{"self":[{"href":"https:\/\/cmylead.com\/sv\/wp-json\/wp\/v2\/pages\/3494","targetHints":{"allow":["GET"]}}],"collection":[{"href":"https:\/\/cmylead.com\/sv\/wp-json\/wp\/v2\/pages"}],"about":[{"href":"https:\/\/cmylead.com\/sv\/wp-json\/wp\/v2\/types\/page"}],"author":[{"embeddable":true,"href":"https:\/\/cmylead.com\/sv\/wp-json\/wp\/v2\/users\/1"}],"replies":[{"embeddable":true,"href":"https:\/\/cmylead.com\/sv\/wp-json\/wp\/v2\/comments?post=3494"}],"version-history":[{"count":1,"href":"https:\/\/cmylead.com\/sv\/wp-json\/wp\/v2\/pages\/3494\/revisions"}],"predecessor-version":[{"id":3495,"href":"https:\/\/cmylead.com\/sv\/wp-json\/wp\/v2\/pages\/3494\/revisions\/3495"}],"wp:attachment":[{"href":"https:\/\/cmylead.com\/sv\/wp-json\/wp\/v2\/media?parent=3494"}],"curies":[{"name":"wp","href":"https:\/\/api.w.org\/{rel}","templated":true}]}}