{"id":3540,"date":"2024-10-31T17:37:39","date_gmt":"2024-10-31T17:37:39","guid":{"rendered":"https:\/\/cmylead.com\/policy-for-sakerhet-i-webbapplikationer\/"},"modified":"2024-11-11T17:10:55","modified_gmt":"2024-11-11T17:10:55","slug":"policy-for-sakerhet-i-webbapplikationer","status":"publish","type":"page","link":"https:\/\/cmylead.com\/sv\/policy-for-sakerhet-i-webbapplikationer\/","title":{"rendered":"Policy f\u00f6r s\u00e4kerhet i webbapplikationer"},"content":{"rendered":"<style>.elementor-3540 .elementor-element.elementor-element-3438da73 > .elementor-background-overlay{background-color:var( --e-global-color-secondary );opacity:0.9;transition:background 0.3s, border-radius 0.3s, opacity 0.3s;}.elementor-3540 .elementor-element.elementor-element-3438da73 > .elementor-container{max-width:1200px;}.elementor-3540 .elementor-element.elementor-element-3438da73:not(.elementor-motion-effects-element-type-background), .elementor-3540 .elementor-element.elementor-element-3438da73 > .elementor-motion-effects-container > .elementor-motion-effects-layer{background-position:0% 10%;background-repeat:no-repeat;background-size:cover;}.elementor-3540 .elementor-element.elementor-element-3438da73{transition:background 0.3s, border 0.3s, border-radius 0.3s, box-shadow 0.3s;margin-top:-100px;margin-bottom:100px;padding:200px 0px 100px 0px;}.elementor-3540 .elementor-element.elementor-element-6d3af210{text-align:center;}.elementor-3540 .elementor-element.elementor-element-6d3af210 .elementor-heading-title{font-family:var( --e-global-typography-secondary-font-family ), Sans-serif;font-size:var( --e-global-typography-secondary-font-size );font-weight:var( --e-global-typography-secondary-font-weight );text-transform:var( --e-global-typography-secondary-text-transform );text-decoration:var( --e-global-typography-secondary-text-decoration );line-height:var( --e-global-typography-secondary-line-height );color:var( --e-global-color-827cd3a );}:root{--page-title-display:none;}@media(max-width:1024px){.elementor-3540 .elementor-element.elementor-element-3438da73:not(.elementor-motion-effects-element-type-background), .elementor-3540 .elementor-element.elementor-element-3438da73 > .elementor-motion-effects-container > .elementor-motion-effects-layer{background-position:0px 0px;}.elementor-3540 .elementor-element.elementor-element-3438da73{margin-top:-150px;margin-bottom:100px;padding:220px 0px 100px 0px;}.elementor-3540 .elementor-element.elementor-element-32bdeddb > .elementor-element-populated{margin:0px 0px 0px 0px;--e-column-margin-right:0px;--e-column-margin-left:0px;padding:0px 30px 0px 30px;}.elementor-3540 .elementor-element.elementor-element-6d3af210 .elementor-heading-title{font-size:var( --e-global-typography-secondary-font-size );line-height:var( --e-global-typography-secondary-line-height );}}@media(max-width:767px){.elementor-3540 .elementor-element.elementor-element-3438da73:not(.elementor-motion-effects-element-type-background), .elementor-3540 .elementor-element.elementor-element-3438da73 > .elementor-motion-effects-container > .elementor-motion-effects-layer{background-position:0px 0px;}.elementor-3540 .elementor-element.elementor-element-3438da73{margin-top:-150px;margin-bottom:100px;padding:220px 0px 100px 0px;}.elementor-3540 .elementor-element.elementor-element-32bdeddb > .elementor-element-populated{margin:0px 0px 0px 0px;--e-column-margin-right:0px;--e-column-margin-left:0px;padding:0px 20px 0px 20px;}.elementor-3540 .elementor-element.elementor-element-6d3af210 .elementor-heading-title{font-size:var( --e-global-typography-secondary-font-size );line-height:var( --e-global-typography-secondary-line-height );}}<\/style>\t\t<div data-elementor-type=\"wp-page\" data-elementor-id=\"3540\" class=\"elementor elementor-3540 elementor-1350\" data-elementor-post-type=\"page\">\n\t\t\t\t\t\t<section class=\"elementor-section elementor-top-section elementor-element elementor-element-3438da73 elementor-section-boxed elementor-section-height-default elementor-section-height-default\" data-id=\"3438da73\" data-element_type=\"section\" data-settings=\"{&quot;background_background&quot;:&quot;classic&quot;}\">\n\t\t\t\t\t\t\t<div class=\"elementor-background-overlay\"><\/div>\n\t\t\t\t\t\t\t<div class=\"elementor-container elementor-column-gap-default\">\n\t\t\t\t\t<div class=\"elementor-column elementor-col-100 elementor-top-column elementor-element elementor-element-32bdeddb\" data-id=\"32bdeddb\" data-element_type=\"column\">\n\t\t\t<div class=\"elementor-widget-wrap elementor-element-populated\">\n\t\t\t\t\t\t<div class=\"elementor-element elementor-element-6d3af210 elementor-widget elementor-widget-heading\" data-id=\"6d3af210\" data-element_type=\"widget\" data-widget_type=\"heading.default\">\n\t\t\t\t<div class=\"elementor-widget-container\">\n\t\t\t\t\t<h2 class=\"elementor-heading-title elementor-size-default\">Policy f\u00f6r s\u00e4kerhet i webbapplikationer<\/h2>\t\t\t\t<\/div>\n\t\t\t\t<\/div>\n\t\t\t\t\t<\/div>\n\t\t<\/div>\n\t\t\t\t\t<\/div>\n\t\t<\/section>\n\t\t\t\t<section class=\"elementor-section elementor-top-section elementor-element elementor-element-fb8c355 elementor-section-boxed elementor-section-height-default elementor-section-height-default\" data-id=\"fb8c355\" data-element_type=\"section\">\n\t\t\t\t\t\t<div class=\"elementor-container elementor-column-gap-default\">\n\t\t\t\t\t<div class=\"elementor-column elementor-col-100 elementor-top-column elementor-element elementor-element-63313d6\" data-id=\"63313d6\" data-element_type=\"column\">\n\t\t\t<div class=\"elementor-widget-wrap elementor-element-populated\">\n\t\t\t\t\t\t<div class=\"elementor-element elementor-element-98a631c elementor-widget elementor-widget-text-editor\" data-id=\"98a631c\" data-element_type=\"widget\" data-widget_type=\"text-editor.default\">\n\t\t\t\t<div class=\"elementor-widget-container\">\n\t\t\t\t\t\t\t\t\t<p data-fontsize=\"16\">V\u00e4lkommen till v\u00e5r webbapplikation! Vi \u00e4r fast beslutna att s\u00e4kerst\u00e4lla v\u00e5ra anv\u00e4ndares s\u00e4kerhet och integritet. Nedan beskrivs de viktigaste s\u00e4kerhets\u00e5tg\u00e4rderna som vi har vidtagit f\u00f6r att skydda dina uppgifter.  <\/p>\n<p data-fontsize=\"16\"><strong>Validering av indata<\/strong><\/p>\n<ul class=\"wp-block-list\">\n<li><strong>Sanera och validera indata: <\/strong>Vi ser till att alla anv\u00e4ndarinmatningar \u00e4r ordentligt rensade och validerade f\u00f6r att f\u00f6rhindra s\u00e4kerhetshot som SQL-injektion och XSS (cross-site scripting).<\/li>\n<li><strong>F\u00f6rberedda uttalanden: <\/strong>Vi anv\u00e4nder f\u00f6rberedda uttalanden f\u00f6r databasinteraktioner f\u00f6r att f\u00f6rb\u00e4ttra s\u00e4kerheten.<\/li>\n<\/ul>\n<p data-fontsize=\"16\"><strong>Autentisering och auktorisering<\/strong><\/p>\n<ul class=\"wp-block-list\">\n<li><strong>Starka l\u00f6senord:<\/strong> Vi till\u00e4mpar en policy med starka l\u00f6senord f\u00f6r att skydda ditt konto.<\/li>\n<li><strong>Tv\u00e5faktorsautentisering (2FA):<\/strong> Vi erbjuder 2FA f\u00f6r ytterligare s\u00e4kerhet.<\/li>\n<li><strong>Rollbaserad \u00e5tkomstkontroll (RBAC): <\/strong>\u00c5tkomst till resurser begr\u00e4nsas baserat p\u00e5 anv\u00e4ndarroller.<\/li>\n<\/ul>\n<p data-fontsize=\"16\"><strong>Hantering av sessioner<\/strong><\/p>\n<ul class=\"wp-block-list\">\n<li><strong>S\u00e4kra sessions-ID:n: <\/strong>Vi anv\u00e4nder s\u00e4kra, slumpm\u00e4ssigt genererade sessions-ID som lagras i s\u00e4kra cookies.<\/li>\n<li><strong>Timeout f\u00f6r session<\/strong>: Anv\u00e4ndare loggas automatiskt ut efter en tids inaktivitet.<\/li>\n<li><strong>F\u00f6rebyggande av sessionskapning: <\/strong>Vi regenererar regelbundet sessions-ID, s\u00e4rskilt efter inloggning.<\/li>\n<\/ul>\n<p data-fontsize=\"16\"><strong>Skydd av personuppgifter<\/strong><\/p>\n<ul class=\"wp-block-list\">\n<li><strong>Kryptering: <\/strong>Vi krypterar k\u00e4nsliga uppgifter b\u00e5de under transport och vid lagring.<\/li>\n<li><strong>Hashning av l\u00f6senord: <\/strong>L\u00f6senord lagras med hj\u00e4lp av starka, enkelriktade hashningsalgoritmer.<\/li>\n<\/ul>\n<p data-fontsize=\"16\"><strong>Felhantering och loggning<\/strong><\/p>\n<ul class=\"wp-block-list\">\n<li><strong>Generiska felmeddelanden: <\/strong>Vi visar generiska felmeddelanden f\u00f6r att skydda mot informationsl\u00e4ckage.<\/li>\n<li><strong>Detaljerad loggning:<\/strong> Fel loggas med detaljerad information p\u00e5 en s\u00e4ker plats.<\/li>\n<li><strong>\u00d6vervakning av loggar:<\/strong> Vi \u00f6vervakar regelbundet loggar f\u00f6r att uppt\u00e4cka misst\u00e4nkta aktiviteter.<\/li>\n<\/ul>\n<p data-fontsize=\"16\"><strong>S\u00e4ker kodningspraxis<\/strong><\/p>\n<ul class=\"wp-block-list\">\n<li><strong>Kodgranskning: <\/strong>Regelbundna kodgranskningar genomf\u00f6rs f\u00f6r att identifiera och \u00e5tg\u00e4rda s\u00e5rbarheter.<\/li>\n<li><strong>Utbildning i s\u00e4kerhet:<\/strong> V\u00e5ra utvecklare f\u00e5r fortl\u00f6pande s\u00e4kerhetsutbildning.<\/li>\n<li><strong>S\u00e4kerhetsbibliotek:<\/strong> Vi anv\u00e4nder v\u00e4l underh\u00e5llna s\u00e4kerhetsbibliotek och ramverk.<\/li>\n<\/ul>\n<p data-fontsize=\"16\"><strong>Konfigurationshantering<\/strong><\/p>\n<ul class=\"wp-block-list\">\n<li><strong>Minimala beh\u00f6righeter:<\/strong> Program k\u00f6rs med de l\u00e4gsta beh\u00f6righeter som kr\u00e4vs.<\/li>\n<li><strong>S\u00e4ker konfiguration: <\/strong>V\u00e5ra servrar \u00e4r s\u00e4kert konfigurerade och uppdateras regelbundet.<\/li>\n<li><strong>Inaktivera on\u00f6diga funktioner<\/strong>: Oanv\u00e4nda tj\u00e4nster och komponenter inaktiveras f\u00f6r att minska risken.<\/li>\n<\/ul>\n<p data-fontsize=\"16\"><strong>Regelbundna s\u00e4kerhetstester<\/strong><\/p>\n<ul class=\"wp-block-list\">\n<li><strong>S\u00e5rbarhetsskanning:<\/strong> Regelbundna skanningar utf\u00f6rs f\u00f6r att identifiera s\u00e4kerhetsbrister.<\/li>\n<li><strong>Penetrationstestning<\/strong>: Periodiska penetrationstester genomf\u00f6rs f\u00f6r att utv\u00e4rdera v\u00e5r s\u00e4kerhet.<\/li>\n<li><strong>Patchhantering: <\/strong>S\u00e4kerhetsfixar och uppdateringar till\u00e4mpas omedelbart.<\/li>\n<\/ul>\n<p data-fontsize=\"16\"><strong>Svar p\u00e5 incidenter<\/strong><\/p>\n<ul class=\"wp-block-list\">\n<li><strong>Plan f\u00f6r hantering av incidenter<\/strong>: Vi har en detaljerad plan f\u00f6r hur vi ska agera vid s\u00e4kerhets\u00f6vertr\u00e4delser.<\/li>\n<li><strong>Regelbundna \u00f6vningar:<\/strong> Incidentberedskaps\u00f6vningar genomf\u00f6rs f\u00f6r att s\u00e4kerst\u00e4lla beredskap.<\/li>\n<\/ul>\n<p data-fontsize=\"16\"><strong>Efterlevnad och r\u00e4ttsliga krav<\/strong><\/p>\n<ul class=\"wp-block-list\">\n<li><strong>Lagar om dataskydd:<\/strong> Vi f\u00f6ljer relevanta lagar och f\u00f6rordningar om dataskydd.<\/li>\n<li><strong>Branschstandarder: <\/strong>Vi f\u00f6ljer branschstandarder och b\u00e4sta praxis, till exempel OWASP Top Ten.<\/li>\n<\/ul>\n<p data-fontsize=\"16\"><strong>Policy\u00f6versyn<\/strong><\/p>\n<p data-fontsize=\"16\">V\u00e5r s\u00e4kerhetspolicy granskas \u00e5rligen eller efter varje betydande s\u00e4kerhetsincident f\u00f6r att s\u00e4kerst\u00e4lla att den \u00e4r effektiv.<\/p>\n<p data-fontsize=\"16\">Tack f\u00f6r att du anf\u00f6rtror oss dina uppgifter. Vi \u00e4r fast beslutna att uppr\u00e4tth\u00e5lla de h\u00f6gsta s\u00e4kerhetsstandarderna f\u00f6r att skydda din information. <\/p>\n\t\t\t\t\t\t\t\t<\/div>\n\t\t\t\t<\/div>\n\t\t\t\t\t<\/div>\n\t\t<\/div>\n\t\t\t\t\t<\/div>\n\t\t<\/section>\n\t\t\t\t<\/div>\n\t\t","protected":false},"excerpt":{"rendered":"<p>Policy f\u00f6r s\u00e4kerhet i webbapplikationer V\u00e4lkommen till v\u00e5r webbapplikation! Vi \u00e4r fast beslutna att s\u00e4kerst\u00e4lla v\u00e5ra anv\u00e4ndares s\u00e4kerhet och integritet. Nedan beskrivs de viktigaste s\u00e4kerhets\u00e5tg\u00e4rderna som vi har vidtagit f\u00f6r att skydda dina uppgifter. Validering av indata Sanera och validera indata: Vi ser till att alla anv\u00e4ndarinmatningar \u00e4r ordentligt rensade och validerade f\u00f6r att f\u00f6rhindra [&hellip;]<\/p>\n","protected":false},"author":1,"featured_media":0,"parent":0,"menu_order":0,"comment_status":"closed","ping_status":"closed","template":"","meta":{"footnotes":""},"class_list":["post-3540","page","type-page","status-publish","hentry"],"_links":{"self":[{"href":"https:\/\/cmylead.com\/sv\/wp-json\/wp\/v2\/pages\/3540","targetHints":{"allow":["GET"]}}],"collection":[{"href":"https:\/\/cmylead.com\/sv\/wp-json\/wp\/v2\/pages"}],"about":[{"href":"https:\/\/cmylead.com\/sv\/wp-json\/wp\/v2\/types\/page"}],"author":[{"embeddable":true,"href":"https:\/\/cmylead.com\/sv\/wp-json\/wp\/v2\/users\/1"}],"replies":[{"embeddable":true,"href":"https:\/\/cmylead.com\/sv\/wp-json\/wp\/v2\/comments?post=3540"}],"version-history":[{"count":1,"href":"https:\/\/cmylead.com\/sv\/wp-json\/wp\/v2\/pages\/3540\/revisions"}],"predecessor-version":[{"id":3541,"href":"https:\/\/cmylead.com\/sv\/wp-json\/wp\/v2\/pages\/3540\/revisions\/3541"}],"wp:attachment":[{"href":"https:\/\/cmylead.com\/sv\/wp-json\/wp\/v2\/media?parent=3540"}],"curies":[{"name":"wp","href":"https:\/\/api.w.org\/{rel}","templated":true}]}}