{"id":3598,"date":"2024-10-31T17:30:15","date_gmt":"2024-10-31T17:30:15","guid":{"rendered":"https:\/\/cmylead.com\/villkor-for-anvandning\/"},"modified":"2024-11-11T18:29:48","modified_gmt":"2024-11-11T18:29:48","slug":"villkor-for-anvandning","status":"publish","type":"page","link":"https:\/\/cmylead.com\/sv\/villkor-for-anvandning\/","title":{"rendered":"Villkor f\u00f6r anv\u00e4ndning"},"content":{"rendered":"<style>.elementor-3598 .elementor-element.elementor-element-3438da73 > .elementor-background-overlay{background-color:var( --e-global-color-secondary );opacity:0.9;transition:background 0.3s, border-radius 0.3s, opacity 0.3s;}.elementor-3598 .elementor-element.elementor-element-3438da73 > .elementor-container{max-width:1200px;}.elementor-3598 .elementor-element.elementor-element-3438da73:not(.elementor-motion-effects-element-type-background), .elementor-3598 .elementor-element.elementor-element-3438da73 > .elementor-motion-effects-container > .elementor-motion-effects-layer{background-position:0% 10%;background-repeat:no-repeat;background-size:cover;}.elementor-3598 .elementor-element.elementor-element-3438da73{transition:background 0.3s, border 0.3s, border-radius 0.3s, box-shadow 0.3s;margin-top:-100px;margin-bottom:100px;padding:200px 0px 100px 0px;}.elementor-3598 .elementor-element.elementor-element-6d3af210{text-align:center;}.elementor-3598 .elementor-element.elementor-element-6d3af210 .elementor-heading-title{font-family:var( --e-global-typography-secondary-font-family ), Sans-serif;font-size:var( --e-global-typography-secondary-font-size );font-weight:var( --e-global-typography-secondary-font-weight );text-transform:var( --e-global-typography-secondary-text-transform );text-decoration:var( --e-global-typography-secondary-text-decoration );line-height:var( --e-global-typography-secondary-line-height );color:var( --e-global-color-827cd3a );}.elementor-3598 .elementor-element.elementor-element-26be6c1{--spacer-size:50px;}:root{--page-title-display:none;}@media(max-width:1024px){.elementor-3598 .elementor-element.elementor-element-3438da73:not(.elementor-motion-effects-element-type-background), .elementor-3598 .elementor-element.elementor-element-3438da73 > .elementor-motion-effects-container > .elementor-motion-effects-layer{background-position:0px 0px;}.elementor-3598 .elementor-element.elementor-element-3438da73{margin-top:-150px;margin-bottom:100px;padding:220px 0px 100px 0px;}.elementor-3598 .elementor-element.elementor-element-32bdeddb > .elementor-element-populated{margin:0px 0px 0px 0px;--e-column-margin-right:0px;--e-column-margin-left:0px;padding:0px 30px 0px 30px;}.elementor-3598 .elementor-element.elementor-element-6d3af210 .elementor-heading-title{font-size:var( --e-global-typography-secondary-font-size );line-height:var( --e-global-typography-secondary-line-height );}}@media(max-width:767px){.elementor-3598 .elementor-element.elementor-element-3438da73:not(.elementor-motion-effects-element-type-background), .elementor-3598 .elementor-element.elementor-element-3438da73 > .elementor-motion-effects-container > .elementor-motion-effects-layer{background-position:0px 0px;}.elementor-3598 .elementor-element.elementor-element-3438da73{margin-top:-150px;margin-bottom:100px;padding:220px 0px 100px 0px;}.elementor-3598 .elementor-element.elementor-element-32bdeddb > .elementor-element-populated{margin:0px 0px 0px 0px;--e-column-margin-right:0px;--e-column-margin-left:0px;padding:0px 20px 0px 20px;}.elementor-3598 .elementor-element.elementor-element-6d3af210 .elementor-heading-title{font-size:var( --e-global-typography-secondary-font-size );line-height:var( --e-global-typography-secondary-line-height );}}<\/style>\t\t<div data-elementor-type=\"wp-page\" data-elementor-id=\"3598\" class=\"elementor elementor-3598 elementor-1336\" data-elementor-post-type=\"page\">\n\t\t\t\t\t\t<section class=\"elementor-section elementor-top-section elementor-element elementor-element-3438da73 elementor-section-boxed elementor-section-height-default elementor-section-height-default\" data-id=\"3438da73\" data-element_type=\"section\" data-settings=\"{&quot;background_background&quot;:&quot;classic&quot;}\">\n\t\t\t\t\t\t\t<div class=\"elementor-background-overlay\"><\/div>\n\t\t\t\t\t\t\t<div class=\"elementor-container elementor-column-gap-default\">\n\t\t\t\t\t<div class=\"elementor-column elementor-col-100 elementor-top-column elementor-element elementor-element-32bdeddb\" data-id=\"32bdeddb\" data-element_type=\"column\">\n\t\t\t<div class=\"elementor-widget-wrap elementor-element-populated\">\n\t\t\t\t\t\t<div class=\"elementor-element elementor-element-6d3af210 elementor-widget elementor-widget-heading\" data-id=\"6d3af210\" data-element_type=\"widget\" data-widget_type=\"heading.default\">\n\t\t\t\t<div class=\"elementor-widget-container\">\n\t\t\t\t\t<h2 class=\"elementor-heading-title elementor-size-default\">Villkor f\u00f6r anv\u00e4ndning<\/h2>\t\t\t\t<\/div>\n\t\t\t\t<\/div>\n\t\t\t\t\t<\/div>\n\t\t<\/div>\n\t\t\t\t\t<\/div>\n\t\t<\/section>\n\t\t\t\t<section class=\"elementor-section elementor-top-section elementor-element elementor-element-fb8c355 elementor-section-boxed elementor-section-height-default elementor-section-height-default\" data-id=\"fb8c355\" data-element_type=\"section\">\n\t\t\t\t\t\t<div class=\"elementor-container elementor-column-gap-default\">\n\t\t\t\t\t<div class=\"elementor-column elementor-col-100 elementor-top-column elementor-element elementor-element-63313d6\" data-id=\"63313d6\" data-element_type=\"column\">\n\t\t\t<div class=\"elementor-widget-wrap elementor-element-populated\">\n\t\t\t\t\t\t<div class=\"elementor-element elementor-element-98a631c elementor-widget elementor-widget-text-editor\" data-id=\"98a631c\" data-element_type=\"widget\" data-widget_type=\"text-editor.default\">\n\t\t\t\t<div class=\"elementor-widget-container\">\n\t\t\t\t\t\t\t\t\t<p data-fontsize=\"18\"><span data-preserver-spaces=\"true\"><b>AVSNITT 1 &#8211; \u00d6VERSIKT<\/b><\/span><\/p>\n<p data-fontsize=\"18\"><span data-preserver-spaces=\"true\">Denna webbplats drivs av CMYLEAD. P\u00e5 hela webbplatsen h\u00e4nvisar termerna &#8221;vi&#8221;, &#8221;oss&#8221; och &#8221;v\u00e5r&#8221; till CMYLEAD. CMYLEAD erbjuder denna webbplats, inklusive all information, verktyg och tj\u00e4nster som \u00e4r tillg\u00e4ngliga fr\u00e5n denna webbplats till dig, anv\u00e4ndaren, under f\u00f6ruts\u00e4ttning att du accepterar alla villkor, policyer och meddelanden som anges h\u00e4r.  <\/span><\/p>\n<p data-fontsize=\"18\"><span data-preserver-spaces=\"true\">Genom att bes\u00f6ka v\u00e5r webbplats och\/eller k\u00f6pa n\u00e5got fr\u00e5n oss deltar du i v\u00e5r &#8221;Tj\u00e4nst&#8221; och samtycker till att vara bunden av f\u00f6ljande villkor (&#8221;Tj\u00e4nstevillkor&#8221;, &#8221;Villkor&#8221;), inklusive de ytterligare villkor och policyer som h\u00e4nvisas till h\u00e4ri och\/eller som finns tillg\u00e4ngliga via hyperl\u00e4nk. Dessa anv\u00e4ndarvillkor g\u00e4ller f\u00f6r alla anv\u00e4ndare av webbplatsen, inklusive men inte begr\u00e4nsat till anv\u00e4ndare som \u00e4r webbl\u00e4sare, leverant\u00f6rer, kunder, handlare och\/eller bidragsgivare av inneh\u00e5ll. <\/span><\/p>\n<p data-fontsize=\"18\"><span data-preserver-spaces=\"true\">L\u00e4s dessa anv\u00e4ndarvillkor noggrant innan du g\u00e5r in p\u00e5 eller anv\u00e4nder v\u00e5r webbplats. Genom att g\u00e5 in p\u00e5 eller anv\u00e4nda n\u00e5gon del av webbplatsen samtycker du till att vara bunden av dessa anv\u00e4ndarvillkor. Om du inte samtycker till alla villkor i detta avtal f\u00e5r du inte g\u00e5 in p\u00e5 webbplatsen eller anv\u00e4nda n\u00e5gra tj\u00e4nster. Om dessa anv\u00e4ndarvillkor betraktas som ett erbjudande, \u00e4r acceptansen uttryckligen begr\u00e4nsad till dessa anv\u00e4ndarvillkor.   <\/span><\/p>\n<p data-fontsize=\"18\"><span data-preserver-spaces=\"true\">Alla nya funktioner eller verktyg som l\u00e4ggs till i den nuvarande butiken ska ocks\u00e5 omfattas av anv\u00e4ndarvillkoren. Du kan n\u00e4r som helst l\u00e4sa den senaste versionen av anv\u00e4ndarvillkoren p\u00e5 den h\u00e4r sidan. Vi f\u00f6rbeh\u00e5ller oss r\u00e4tten att uppdatera, \u00e4ndra eller ers\u00e4tta n\u00e5gon del av dessa anv\u00e4ndarvillkor genom att publicera uppdateringar och\/eller \u00e4ndringar p\u00e5 v\u00e5r webbplats. Det \u00e4r ditt ansvar att regelbundet kontrollera denna sida f\u00f6r \u00e4ndringar. Din fortsatta anv\u00e4ndning av eller tillg\u00e5ng till webbplatsen efter att \u00e4ndringar har publicerats inneb\u00e4r att du accepterar dessa \u00e4ndringar.    <\/span><\/p>\n<p data-fontsize=\"18\"><span data-preserver-spaces=\"true\"> <\/span><\/p>\n<p data-fontsize=\"18\"><span data-preserver-spaces=\"true\"><b>AVSNITT 2 &#8211; VILLKOR F\u00d6R WEBBUTIKEN  <\/b><\/span><\/p>\n<p data-fontsize=\"18\"><span data-preserver-spaces=\"true\">Genom att godk\u00e4nna dessa anv\u00e4ndarvillkor intygar du att du \u00e4r minst myndig i den stat eller provins d\u00e4r du \u00e4r bosatt, eller att du \u00e4r myndig i den stat eller provins d\u00e4r du \u00e4r bosatt och att du har gett oss ditt samtycke till att l\u00e5ta n\u00e5gon av dina minder\u00e5riga anh\u00f6riga anv\u00e4nda denna webbplats. Du f\u00e5r inte anv\u00e4nda v\u00e5ra produkter f\u00f6r n\u00e5got olagligt eller obeh\u00f6rigt \u00e4ndam\u00e5l och du f\u00e5r inte heller, vid anv\u00e4ndning av tj\u00e4nsten, bryta mot n\u00e5gra lagar i din jurisdiktion (inklusive men inte begr\u00e4nsat till upphovsr\u00e4ttslagar). <\/span><\/p>\n<p data-fontsize=\"18\"><span data-preserver-spaces=\"true\">Du f\u00e5r inte \u00f6verf\u00f6ra n\u00e5gra maskar eller virus eller n\u00e5gon kod av destruktiv natur. Ett brott mot eller en \u00f6vertr\u00e4delse av n\u00e5got av villkoren kommer att leda till en omedelbar upps\u00e4gning av dina tj\u00e4nster. <\/span><\/p>\n<p data-fontsize=\"18\"><span data-preserver-spaces=\"true\"> <\/span><\/p>\n<p data-fontsize=\"18\"><span data-preserver-spaces=\"true\"><b>AVSNITT 3 &#8211; ALLM\u00c4NNA VILLKOR<\/b><\/span><\/p>\n<p data-fontsize=\"18\"><span data-preserver-spaces=\"true\">Vi f\u00f6rbeh\u00e5ller oss r\u00e4tten att n\u00e4r som helst neka service till vem som helst av vilken anledning som helst. Du f\u00f6rst\u00e5r att ditt inneh\u00e5ll (inte inklusive kreditkortsinformation) kan \u00f6verf\u00f6ras okrypterat och involvera (a) \u00f6verf\u00f6ringar \u00f6ver olika n\u00e4tverk; och (b) \u00e4ndringar f\u00f6r att \u00f6verensst\u00e4mma med och anpassa sig till de tekniska kraven f\u00f6r anslutande n\u00e4tverk eller enheter. Kreditkortsinformation \u00e4r alltid krypterad under \u00f6verf\u00f6ring \u00f6ver n\u00e4tverk.    <\/span><\/p>\n<p data-fontsize=\"18\"><span data-preserver-spaces=\"true\">AVSNITT 4 &#8211; INFORMATIONENS RIKTIGHET, FULLST\u00c4NDIGHET OCH AKTUALITET<\/span><\/p>\n<p data-fontsize=\"18\"><span data-preserver-spaces=\"true\">Vi ansvarar inte f\u00f6r om information som g\u00f6rs tillg\u00e4nglig p\u00e5 denna webbplats inte \u00e4r korrekt, fullst\u00e4ndig eller aktuell. Materialet p\u00e5 denna webbplats tillhandah\u00e5lls endast f\u00f6r allm\u00e4n information och b\u00f6r inte \u00e5beropas eller anv\u00e4ndas som enda grund f\u00f6r att fatta beslut utan att konsultera prim\u00e4ra, mer exakta, mer fullst\u00e4ndiga eller mer aktuella informationsk\u00e4llor. F\u00f6rtroende f\u00f6r materialet p\u00e5 denna webbplats sker p\u00e5 egen risk. Denna webbplats kan inneh\u00e5lla viss historisk information. Historisk information \u00e4r n\u00f6dv\u00e4ndigtvis inte aktuell och tillhandah\u00e5lls endast f\u00f6r referens. Vi f\u00f6rbeh\u00e5ller oss r\u00e4tten att n\u00e4r som helst \u00e4ndra inneh\u00e5llet p\u00e5 denna webbplats, men vi har ingen skyldighet att uppdatera n\u00e5gon information p\u00e5 v\u00e5r webbplats. Du samtycker till att det \u00e4r ditt ansvar att \u00f6vervaka \u00e4ndringar p\u00e5 v\u00e5r webbplats.      <\/span><\/p>\n<p data-fontsize=\"18\"><span data-preserver-spaces=\"true\">Visst, jag forts\u00e4tter d\u00e4r jag slutade, men observera att ett fullst\u00e4ndigt anv\u00e4ndarvillkor b\u00f6r skapas med hj\u00e4lp av en jurist f\u00f6r att s\u00e4kerst\u00e4lla att alla n\u00f6dv\u00e4ndiga detaljer t\u00e4cks och \u00e4r specifika f\u00f6r f\u00f6retaget eller tj\u00e4nsten. H\u00e4r \u00e4r en allm\u00e4n forts\u00e4ttning: <\/span><\/p>\n<p data-fontsize=\"18\"><span data-preserver-spaces=\"true\"> <\/span><\/p>\n<p data-fontsize=\"18\"><span data-preserver-spaces=\"true\"><b>AVSNITT 5 &#8211; PRODUKTER ELLER TJ\u00c4NSTER<\/b><\/span><\/p>\n<p data-fontsize=\"18\"><span data-preserver-spaces=\"true\">Vissa produkter eller tj\u00e4nster kan vara tillg\u00e4ngliga exklusivt online via webbplatsen. Dessa produkter eller tj\u00e4nster kan ha begr\u00e4nsade kvantiteter och \u00e4r f\u00f6rem\u00e5l f\u00f6r retur eller utbyte endast enligt v\u00e5r returpolicy. Vi har gjort v\u00e5rt yttersta f\u00f6r att s\u00e5 exakt som m\u00f6jligt visa f\u00e4rgerna och bilderna p\u00e5 v\u00e5ra produkter som visas i butiken. Vi kan inte garantera att din datorsk\u00e4rms visning av n\u00e5gon f\u00e4rg kommer att vara korrekt.   <\/span><\/p>\n<p data-fontsize=\"18\"><span data-preserver-spaces=\"true\"> <\/span><\/p>\n<p data-fontsize=\"18\"><span data-preserver-spaces=\"true\"><b>AVSNITT 6 &#8211; KORREKT FAKTURERING OCH KONTOINFORMATION<\/b><\/span><\/p>\n<p data-fontsize=\"18\"><span data-preserver-spaces=\"true\">Du samtycker till att tillhandah\u00e5lla aktuell, fullst\u00e4ndig och korrekt ink\u00f6ps- och kontoinformation f\u00f6r alla ink\u00f6p som g\u00f6rs i v\u00e5r butik. Du samtycker till att omedelbart uppdatera ditt konto och annan information, inklusive din e-postadress och kreditkortsnummer och utg\u00e5ngsdatum, s\u00e5 att vi kan slutf\u00f6ra dina transaktioner och kontakta dig vid behov. <\/span><\/p>\n<p data-fontsize=\"18\"><span data-preserver-spaces=\"true\"> <\/span><\/p>\n<p data-fontsize=\"18\"><span data-preserver-spaces=\"true\"><b>AVSNITT 7 &#8211; VALFRIA VERKTYG<\/b><\/span><\/p>\n<p data-fontsize=\"18\"><span data-preserver-spaces=\"true\">Vi kan ge dig tillg\u00e5ng till verktyg fr\u00e5n tredje part som vi varken \u00f6vervakar eller har n\u00e5gon kontroll \u00f6ver. Du bekr\u00e4ftar och samtycker till att vi ger tillg\u00e5ng till s\u00e5dana verktyg &#8221;i befintligt skick&#8221; och &#8221;i m\u00e5n av tillg\u00e5ng&#8221; utan n\u00e5gra garantier, utf\u00e4stelser eller villkor av n\u00e5got slag och utan n\u00e5got godk\u00e4nnande. <\/span><\/p>\n<p data-fontsize=\"18\"><span data-preserver-spaces=\"true\"> <\/span><\/p>\n<p data-fontsize=\"18\"><span data-preserver-spaces=\"true\"><b>AVSNITT 8 &#8211; L\u00c4NKAR TILL TREDJE PART<\/b><\/span><\/p>\n<p data-fontsize=\"18\"><span data-preserver-spaces=\"true\">Visst inneh\u00e5ll, produkter och tj\u00e4nster som \u00e4r tillg\u00e4ngliga via v\u00e5r tj\u00e4nst kan inneh\u00e5lla material fr\u00e5n tredje part. Tredjepartsl\u00e4nkar p\u00e5 denna webbplats kan leda dig till webbplatser fr\u00e5n tredje part som inte \u00e4r anslutna till oss. Vi \u00e4r inte ansvariga f\u00f6r att unders\u00f6ka eller utv\u00e4rdera inneh\u00e5llet eller riktigheten och vi garanterar inte och kommer inte att ha n\u00e5got ansvar eller ansvar f\u00f6r material eller webbplatser fr\u00e5n tredje part eller f\u00f6r n\u00e5got annat material, produkter eller tj\u00e4nster fr\u00e5n tredje part.  <\/span><\/p>\n<p data-fontsize=\"18\"><span data-preserver-spaces=\"true\"> <\/span><\/p>\n<p data-fontsize=\"18\"><span data-preserver-spaces=\"true\"><b>AVSNITT 9 &#8211; ANV\u00c4NDARKOMMENTARER, FEEDBACK OCH ANDRA INLAGOR<\/b><\/span><\/p>\n<p data-fontsize=\"18\"><span data-preserver-spaces=\"true\">Om du skickar vissa specifika inlagor eller kreativa id\u00e9er, f\u00f6rslag, f\u00f6rslag, planer eller annat material, oavsett om det \u00e4r online, via e-post, post eller p\u00e5 annat s\u00e4tt, samtycker du till att vi n\u00e4r som helst, utan begr\u00e4nsning, kan redigera, kopiera, publicera, distribuera, \u00f6vers\u00e4tta och p\u00e5 annat s\u00e4tt anv\u00e4nda i alla medier alla kommentarer som du vidarebefordrar till oss. Vi har ingen skyldighet att h\u00e5lla n\u00e5gra kommentarer konfidentiella, att betala ers\u00e4ttning f\u00f6r n\u00e5gra kommentarer eller att svara p\u00e5 n\u00e5gra kommentarer. <\/span><\/p>\n<p data-fontsize=\"18\"><span data-preserver-spaces=\"true\"> <\/span><\/p>\n<p data-fontsize=\"18\"><span data-preserver-spaces=\"true\"><b>AVSNITT 10 &#8211; PERSONLIG INFORMATION<\/b><\/span><\/p>\n<p data-fontsize=\"18\"><span data-preserver-spaces=\"true\">Om du l\u00e4mnar personuppgifter via butiken omfattas du av v\u00e5r integritetspolicy.<\/span><\/p>\n<p data-fontsize=\"18\"><span data-preserver-spaces=\"true\"> <\/span><\/p>\n<p data-fontsize=\"18\"><span data-preserver-spaces=\"true\"><b>AVSNITT 11 &#8211; FEL, INEXAKTHETER OCH UTEL\u00c4MNANDEN<\/b><\/span><\/p>\n<p data-fontsize=\"18\"><span data-preserver-spaces=\"true\">Ibland kan det finnas information p\u00e5 v\u00e5r webbplats eller i Tj\u00e4nsten som inneh\u00e5ller typografiska fel, felaktigheter eller utel\u00e4mnanden som kan relatera till produktbeskrivningar, priss\u00e4ttning, kampanjer, erbjudanden, fraktkostnader f\u00f6r produkter, transittider och tillg\u00e4nglighet. Vi f\u00f6rbeh\u00e5ller oss r\u00e4tten att korrigera eventuella fel, felaktigheter eller utel\u00e4mnanden, och att \u00e4ndra eller uppdatera information eller annullera best\u00e4llningar om n\u00e5gon information i Tj\u00e4nsten eller p\u00e5 n\u00e5gon relaterad webbplats \u00e4r felaktig n\u00e4r som helst utan f\u00f6reg\u00e5ende meddelande. <\/span><\/p>\n<p data-fontsize=\"18\"><span data-preserver-spaces=\"true\"> <\/span><\/p>\n<p data-fontsize=\"18\"><span data-preserver-spaces=\"true\"><b>AVSNITT 12 &#8211; F\u00d6RBJUDNA ANV\u00c4NDNINGSOMR\u00c5DEN<\/b><\/span><\/p>\n<p data-fontsize=\"18\"><span data-preserver-spaces=\"true\">Ut\u00f6ver andra f\u00f6rbud som anges i anv\u00e4ndarvillkoren \u00e4r du f\u00f6rbjuden att anv\u00e4nda webbplatsen eller dess inneh\u00e5ll f\u00f6r n\u00e5got olagligt syfte; att uppmana andra att utf\u00f6ra eller delta i olagliga handlingar; att bryta mot internationella, federala, provinsiella eller statliga f\u00f6rordningar, regler, lagar eller lokala f\u00f6rordningar.<\/span><\/p>\n<p data-fontsize=\"18\"><span data-preserver-spaces=\"true\"> <\/span><\/p>\n<p data-fontsize=\"18\"><span data-preserver-spaces=\"true\"><b>AVSNITT 13 &#8211; FRISKRIVNING FR\u00c5N GARANTIER; BEGR\u00c4NSNING AV ANSVAR<\/b><\/span><\/p>\n<p data-fontsize=\"18\"><span data-preserver-spaces=\"true\">Vi garanterar inte att din anv\u00e4ndning av v\u00e5r tj\u00e4nst kommer att vara oavbruten, snabb, s\u00e4ker eller felfri. Vi garanterar inte att de resultat som kan erh\u00e5llas fr\u00e5n anv\u00e4ndningen av tj\u00e4nsten kommer att vara korrekta eller tillf\u00f6rlitliga. <\/span><\/p>\n<p data-fontsize=\"18\"><span data-preserver-spaces=\"true\"> <\/span><\/p>\n<p data-fontsize=\"18\"><span data-preserver-spaces=\"true\"><b>AVSNITT 14 &#8211; SKADEST\u00c5ND<\/b><\/span><\/p>\n<p data-fontsize=\"18\"><span data-preserver-spaces=\"true\">Du samtycker till att ers\u00e4tta, f\u00f6rsvara och h\u00e5lla CMYLEAD och v\u00e5ra moderbolag, dotterbolag, n\u00e4rst\u00e5ende bolag, partners, tj\u00e4nstem\u00e4n, direkt\u00f6rer, agenter, entrepren\u00f6rer, licensgivare, tj\u00e4nsteleverant\u00f6rer, underleverant\u00f6rer, leverant\u00f6rer, praktikanter och anst\u00e4llda skadesl\u00f6sa fr\u00e5n alla anspr\u00e5k eller krav, inklusive rimliga advokatkostnader, som g\u00f6rs av n\u00e5gon tredje part p\u00e5 grund av eller som uppst\u00e5r till f\u00f6ljd av ditt brott mot dessa anv\u00e4ndarvillkor eller de dokument som de inneh\u00e5ller genom h\u00e4nvisning, eller din \u00f6vertr\u00e4delse av n\u00e5gon lag eller en tredje parts r\u00e4ttigheter.<\/span><\/p>\n<p data-fontsize=\"18\"><span data-preserver-spaces=\"true\"> <\/span><\/p>\n<p data-fontsize=\"18\"><span data-preserver-spaces=\"true\"><b>AVSNITT 15 &#8211; AVSKILJBARHET<\/b><\/span><\/p>\n<p data-fontsize=\"18\"><span data-preserver-spaces=\"true\">Om n\u00e5gon best\u00e4mmelse i dessa anv\u00e4ndarvillkor anses vara olaglig, ogiltig eller inte verkst\u00e4llbar, ska s\u00e5dan best\u00e4mmelse \u00e4nd\u00e5 vara verkst\u00e4llbar i den utstr\u00e4ckning som till\u00e5ts enligt till\u00e4mplig lag, och den del som inte \u00e4r verkst\u00e4llbar ska anses vara avskild fr\u00e5n dessa anv\u00e4ndarvillkor.<\/span><\/p>\n<p data-fontsize=\"18\"><span data-preserver-spaces=\"true\"> <\/span><\/p>\n<p data-fontsize=\"18\"><span data-preserver-spaces=\"true\"><b>AVSNITT 16 &#8211; UPPS\u00c4GNING<\/b><\/span><\/p>\n<p data-fontsize=\"18\"><span data-preserver-spaces=\"true\">Dessa anv\u00e4ndarvillkor g\u00e4ller om inte och tills de s\u00e4gs upp av antingen dig eller oss. Du kan s\u00e4ga upp dessa anv\u00e4ndarvillkor n\u00e4r som helst genom att meddela oss att du inte l\u00e4ngre vill anv\u00e4nda v\u00e5ra tj\u00e4nster, eller n\u00e4r du slutar anv\u00e4nda v\u00e5r webbplats. <\/span><\/p>\n<p data-fontsize=\"18\"><span data-preserver-spaces=\"true\"> <\/span><\/p>\n<p data-fontsize=\"18\"><span data-preserver-spaces=\"true\"><b>AVSNITT 17 &#8211; HELA AVTALET<\/b><\/span><\/p>\n<p data-fontsize=\"18\"><span data-preserver-spaces=\"true\">Dessa anv\u00e4ndarvillkor och eventuella policyer eller driftsregler som publiceras av oss p\u00e5 denna webbplats eller med avseende p\u00e5 Tj\u00e4nsten utg\u00f6r hela avtalet och f\u00f6rst\u00e5elsen mellan dig och oss och reglerar din anv\u00e4ndning av Tj\u00e4nsten, och ers\u00e4tter alla tidigare eller samtidiga avtal, kommunikationer och f\u00f6rslag, vare sig muntliga eller skriftliga, mellan dig och oss.<\/span><\/p>\n<p data-fontsize=\"18\"><span data-preserver-spaces=\"true\"> <\/span><\/p>\n<p data-fontsize=\"18\"><span data-preserver-spaces=\"true\"><b>AVSNITT 18 &#8211; G\u00c4LLANDE LAG<\/b><\/span><\/p>\n<p data-fontsize=\"18\"><span data-preserver-spaces=\"true\">Dessa anv\u00e4ndarvillkor och eventuella separata avtal genom vilka vi tillhandah\u00e5ller dig tj\u00e4nster ska styras av och tolkas i enlighet med lagarna i den jurisdiktion d\u00e4r v\u00e5rt f\u00f6retag \u00e4r registrerat.<\/span><\/p>\n<p data-fontsize=\"18\"><span data-preserver-spaces=\"true\"> <\/span><\/p>\n<p data-fontsize=\"18\"><span data-preserver-spaces=\"true\"><b>AVSNITT 19 &#8211; \u00c4NDRINGAR AV ANV\u00c4NDARVILLKOREN<\/b><\/span><\/p>\n<p data-fontsize=\"18\"><span data-preserver-spaces=\"true\">Du kan n\u00e4r som helst l\u00e4sa den senaste versionen av anv\u00e4ndarvillkoren p\u00e5 denna sida. Vi f\u00f6rbeh\u00e5ller oss r\u00e4tten att efter eget gottfinnande uppdatera, \u00e4ndra eller ers\u00e4tta n\u00e5gon del av dessa anv\u00e4ndarvillkor genom att publicera uppdateringar och \u00e4ndringar p\u00e5 v\u00e5r webbplats. <\/span><\/p>\n<p data-fontsize=\"18\"><span data-preserver-spaces=\"true\"> <\/span><\/p>\n<p data-fontsize=\"18\"><span data-preserver-spaces=\"true\"><b>AVSNITT 20 &#8211; KONTAKTINFORMATION<\/b><\/span><\/p>\n<p data-fontsize=\"18\"><span data-preserver-spaces=\"true\">Fr\u00e5gor om anv\u00e4ndarvillkoren ska skickas till oss p\u00e5 info@cmylead.com.<\/span><\/p>\n\t\t\t\t\t\t\t\t<\/div>\n\t\t\t\t<\/div>\n\t\t\t\t<div class=\"elementor-element elementor-element-26be6c1 elementor-widget elementor-widget-spacer\" data-id=\"26be6c1\" data-element_type=\"widget\" data-widget_type=\"spacer.default\">\n\t\t\t\t<div class=\"elementor-widget-container\">\n\t\t\t\t\t\t\t<div class=\"elementor-spacer\">\n\t\t\t<div class=\"elementor-spacer-inner\"><\/div>\n\t\t<\/div>\n\t\t\t\t\t\t<\/div>\n\t\t\t\t<\/div>\n\t\t\t\t\t<\/div>\n\t\t<\/div>\n\t\t\t\t\t<\/div>\n\t\t<\/section>\n\t\t\t\t<\/div>\n\t\t","protected":false},"excerpt":{"rendered":"<p>Villkor f\u00f6r anv\u00e4ndning AVSNITT 1 &#8211; \u00d6VERSIKT Denna webbplats drivs av CMYLEAD. P\u00e5 hela webbplatsen h\u00e4nvisar termerna &#8221;vi&#8221;, &#8221;oss&#8221; och &#8221;v\u00e5r&#8221; till CMYLEAD. CMYLEAD erbjuder denna webbplats, inklusive all information, verktyg och tj\u00e4nster som \u00e4r tillg\u00e4ngliga fr\u00e5n denna webbplats till dig, anv\u00e4ndaren, under f\u00f6ruts\u00e4ttning att du accepterar alla villkor, policyer och meddelanden som anges h\u00e4r. [&hellip;]<\/p>\n","protected":false},"author":1,"featured_media":0,"parent":0,"menu_order":0,"comment_status":"closed","ping_status":"closed","template":"","meta":{"footnotes":""},"class_list":["post-3598","page","type-page","status-publish","hentry"],"_links":{"self":[{"href":"https:\/\/cmylead.com\/sv\/wp-json\/wp\/v2\/pages\/3598","targetHints":{"allow":["GET"]}}],"collection":[{"href":"https:\/\/cmylead.com\/sv\/wp-json\/wp\/v2\/pages"}],"about":[{"href":"https:\/\/cmylead.com\/sv\/wp-json\/wp\/v2\/types\/page"}],"author":[{"embeddable":true,"href":"https:\/\/cmylead.com\/sv\/wp-json\/wp\/v2\/users\/1"}],"replies":[{"embeddable":true,"href":"https:\/\/cmylead.com\/sv\/wp-json\/wp\/v2\/comments?post=3598"}],"version-history":[{"count":1,"href":"https:\/\/cmylead.com\/sv\/wp-json\/wp\/v2\/pages\/3598\/revisions"}],"predecessor-version":[{"id":3599,"href":"https:\/\/cmylead.com\/sv\/wp-json\/wp\/v2\/pages\/3598\/revisions\/3599"}],"wp:attachment":[{"href":"https:\/\/cmylead.com\/sv\/wp-json\/wp\/v2\/media?parent=3598"}],"curies":[{"name":"wp","href":"https:\/\/api.w.org\/{rel}","templated":true}]}}