{"id":3386,"date":"2024-10-22T17:06:58","date_gmt":"2024-10-22T17:06:58","guid":{"rendered":"https:\/\/cmylead.com\/iletisim\/"},"modified":"2024-11-10T18:22:46","modified_gmt":"2024-11-10T18:22:46","slug":"iletisim","status":"publish","type":"page","link":"https:\/\/cmylead.com\/tr\/iletisim\/","title":{"rendered":"\u0130leti\u015fim"},"content":{"rendered":"<style>.elementor-3386 .elementor-element.elementor-element-66dbfe42 > .elementor-container{max-width:1200px;}.elementor-3386 .elementor-element.elementor-element-66dbfe42{margin-top:50px;margin-bottom:120px;}.elementor-bc-flex-widget .elementor-3386 .elementor-element.elementor-element-6c6f6012.elementor-column .elementor-widget-wrap{align-items:center;}.elementor-3386 .elementor-element.elementor-element-6c6f6012.elementor-column.elementor-element[data-element_type=\"column\"] > .elementor-widget-wrap.elementor-element-populated{align-content:center;align-items:center;}.elementor-3386 .elementor-element.elementor-element-6c6f6012 > .elementor-widget-wrap > .elementor-widget:not(.elementor-widget__width-auto):not(.elementor-widget__width-initial):not(:last-child):not(.elementor-absolute){margin-bottom:25px;}.elementor-3386 .elementor-element.elementor-element-6c6f6012 > .elementor-element-populated{margin:0px 20px 0px 0px;--e-column-margin-right:20px;--e-column-margin-left:0px;}.elementor-3386 .elementor-element.elementor-element-75cc99de{width:initial;max-width:initial;text-align:center;}.elementor-3386 .elementor-element.elementor-element-75cc99de > .elementor-widget-container{background-color:#19C2C121;margin:0px 0px 25px 0px;padding:5px 15px 5px 15px;border-radius:20px 20px 20px 20px;}.elementor-3386 .elementor-element.elementor-element-75cc99de .elementor-heading-title{font-family:var( --e-global-typography-21389f3-font-family ), Sans-serif;font-size:var( --e-global-typography-21389f3-font-size );font-weight:var( --e-global-typography-21389f3-font-weight );text-transform:var( --e-global-typography-21389f3-text-transform );text-decoration:var( --e-global-typography-21389f3-text-decoration );line-height:var( --e-global-typography-21389f3-line-height );letter-spacing:var( --e-global-typography-21389f3-letter-spacing );color:var( --e-global-color-primary );}.elementor-3386 .elementor-element.elementor-element-7fc10d23 .elementor-heading-title{font-family:var( --e-global-typography-secondary-font-family ), Sans-serif;font-size:var( --e-global-typography-secondary-font-size );font-weight:var( --e-global-typography-secondary-font-weight );text-transform:var( --e-global-typography-secondary-text-transform );text-decoration:var( --e-global-typography-secondary-text-decoration );line-height:var( --e-global-typography-secondary-line-height );color:var( --e-global-color-25f412f );}.elementor-3386 .elementor-element.elementor-element-48fdffdc > .elementor-widget-container{margin:0px 0px -10px 0px;padding:0px 60px 0px 0px;}.elementor-3386 .elementor-element.elementor-element-48fdffdc{text-align:left;font-family:\"Heebo\", Sans-serif;font-size:16px;font-weight:400;text-transform:none;line-height:24px;color:var( --e-global-color-8c1816b );}.elementor-3386 .elementor-element.elementor-element-58ea2e2e > .elementor-container{max-width:1200px;}.elementor-3386 .elementor-element.elementor-element-42f5e098 .elementor-heading-title{font-family:var( --e-global-typography-6a9fc6c-font-family ), Sans-serif;font-size:var( --e-global-typography-6a9fc6c-font-size );font-weight:var( --e-global-typography-6a9fc6c-font-weight );text-decoration:var( --e-global-typography-6a9fc6c-text-decoration );line-height:var( --e-global-typography-6a9fc6c-line-height );color:var( --e-global-color-25f412f );}.elementor-3386 .elementor-element.elementor-element-226eee3{--grid-template-columns:repeat(0, auto);--icon-size:20px;--grid-column-gap:10px;--grid-row-gap:0px;}.elementor-3386 .elementor-element.elementor-element-226eee3 .elementor-widget-container{text-align:left;}.elementor-3386 .elementor-element.elementor-element-226eee3 .elementor-social-icon{background-color:var( --e-global-color-primary );border-style:solid;border-width:1px 1px 1px 1px;border-color:var( --e-global-color-text );}.elementor-3386 .elementor-element.elementor-element-226eee3 .elementor-social-icon i{color:var( --e-global-color-827cd3a );}.elementor-3386 .elementor-element.elementor-element-226eee3 .elementor-social-icon svg{fill:var( --e-global-color-827cd3a );}.elementor-3386 .elementor-element.elementor-element-226eee3 .elementor-social-icon:hover{background-color:var( --e-global-color-25f412f );}.elementor-3386 .elementor-element.elementor-element-226eee3 .elementor-social-icon:hover i{color:var( --e-global-color-827cd3a );}.elementor-3386 .elementor-element.elementor-element-226eee3 .elementor-social-icon:hover svg{fill:var( --e-global-color-827cd3a );}.elementor-3386 .elementor-element.elementor-element-a375282 > .elementor-element-populated, .elementor-3386 .elementor-element.elementor-element-a375282 > .elementor-element-populated > .elementor-background-overlay, .elementor-3386 .elementor-element.elementor-element-a375282 > .elementor-background-slideshow{border-radius:15px 15px 15px 15px;}.elementor-3386 .elementor-element.elementor-element-a375282 > .elementor-element-populated{box-shadow:0px 3px 15px 0px rgba(0, 0, 0, 0.1);}.elementor-3386 .elementor-element.elementor-element-0d52dfe > .elementor-widget-container{margin:1em 1em 1em 1em;}.elementor-3386 .elementor-element.elementor-element-0d52dfe .elementor-field-group{padding-right:calc( 10px\/2 );padding-left:calc( 10px\/2 );margin-bottom:21px;}.elementor-3386 .elementor-element.elementor-element-0d52dfe .elementor-form-fields-wrapper{margin-left:calc( -10px\/2 );margin-right:calc( -10px\/2 );margin-bottom:-21px;}.elementor-3386 .elementor-element.elementor-element-0d52dfe .elementor-field-group.recaptcha_v3-bottomleft, .elementor-3386 .elementor-element.elementor-element-0d52dfe .elementor-field-group.recaptcha_v3-bottomright{margin-bottom:0;}body.rtl .elementor-3386 .elementor-element.elementor-element-0d52dfe .elementor-labels-inline .elementor-field-group > label{padding-left:0px;}body:not(.rtl) .elementor-3386 .elementor-element.elementor-element-0d52dfe .elementor-labels-inline .elementor-field-group > label{padding-right:0px;}body .elementor-3386 .elementor-element.elementor-element-0d52dfe .elementor-labels-above .elementor-field-group > label{padding-bottom:0px;}.elementor-3386 .elementor-element.elementor-element-0d52dfe .elementor-field-type-html{padding-bottom:0px;}.elementor-3386 .elementor-element.elementor-element-0d52dfe .elementor-field-group:not(.elementor-field-type-upload) .elementor-field:not(.elementor-select-wrapper){background-color:#ffffff;}.elementor-3386 .elementor-element.elementor-element-0d52dfe .elementor-field-group .elementor-select-wrapper select{background-color:#ffffff;}.elementor-3386 .elementor-element.elementor-element-0d52dfe .e-form__buttons__wrapper__button-next{color:#ffffff;}.elementor-3386 .elementor-element.elementor-element-0d52dfe .elementor-button[type=\"submit\"]{color:#ffffff;}.elementor-3386 .elementor-element.elementor-element-0d52dfe .elementor-button[type=\"submit\"] svg *{fill:#ffffff;}.elementor-3386 .elementor-element.elementor-element-0d52dfe .e-form__buttons__wrapper__button-previous{color:#ffffff;}.elementor-3386 .elementor-element.elementor-element-0d52dfe .e-form__buttons__wrapper__button-next:hover{color:#ffffff;}.elementor-3386 .elementor-element.elementor-element-0d52dfe .elementor-button[type=\"submit\"]:hover{color:#ffffff;}.elementor-3386 .elementor-element.elementor-element-0d52dfe .elementor-button[type=\"submit\"]:hover svg *{fill:#ffffff;}.elementor-3386 .elementor-element.elementor-element-0d52dfe .e-form__buttons__wrapper__button-previous:hover{color:#ffffff;}.elementor-3386 .elementor-element.elementor-element-0d52dfe{--e-form-steps-indicators-spacing:20px;--e-form-steps-indicator-padding:30px;--e-form-steps-indicator-inactive-secondary-color:#ffffff;--e-form-steps-indicator-active-secondary-color:#ffffff;--e-form-steps-indicator-completed-secondary-color:#ffffff;--e-form-steps-divider-width:1px;--e-form-steps-divider-gap:10px;}:root{--page-title-display:none;}@media(max-width:1024px){.elementor-3386 .elementor-element.elementor-element-66dbfe42{margin-top:100px;margin-bottom:100px;}.elementor-3386 .elementor-element.elementor-element-6c6f6012 > .elementor-element-populated{margin:0px 0px 0px 0px;--e-column-margin-right:0px;--e-column-margin-left:0px;padding:0px 30px 0px 30px;}.elementor-3386 .elementor-element.elementor-element-75cc99de .elementor-heading-title{font-size:var( --e-global-typography-21389f3-font-size );line-height:var( --e-global-typography-21389f3-line-height );letter-spacing:var( --e-global-typography-21389f3-letter-spacing );}.elementor-3386 .elementor-element.elementor-element-7fc10d23 .elementor-heading-title{font-size:var( --e-global-typography-secondary-font-size );line-height:var( --e-global-typography-secondary-line-height );}.elementor-3386 .elementor-element.elementor-element-42f5e098 .elementor-heading-title{font-size:var( --e-global-typography-6a9fc6c-font-size );line-height:var( --e-global-typography-6a9fc6c-line-height );}.elementor-3386 .elementor-element.elementor-element-a375282 > .elementor-element-populated{margin:70px 30px 0px 30px;--e-column-margin-right:30px;--e-column-margin-left:30px;}}@media(max-width:767px){.elementor-3386 .elementor-element.elementor-element-6c6f6012 > .elementor-element-populated{margin:0px 0px 0px 0px;--e-column-margin-right:0px;--e-column-margin-left:0px;padding:0px 20px 0px 20px;}.elementor-3386 .elementor-element.elementor-element-75cc99de .elementor-heading-title{font-size:var( --e-global-typography-21389f3-font-size );line-height:var( --e-global-typography-21389f3-line-height );letter-spacing:var( --e-global-typography-21389f3-letter-spacing );}.elementor-3386 .elementor-element.elementor-element-7fc10d23 .elementor-heading-title{font-size:var( --e-global-typography-secondary-font-size );line-height:var( --e-global-typography-secondary-line-height );}.elementor-3386 .elementor-element.elementor-element-48fdffdc > .elementor-widget-container{margin:0px 0px -10px 0px;padding:0px 0px 0px 0px;}.elementor-3386 .elementor-element.elementor-element-42f5e098 .elementor-heading-title{font-size:var( --e-global-typography-6a9fc6c-font-size );line-height:var( --e-global-typography-6a9fc6c-line-height );}.elementor-3386 .elementor-element.elementor-element-a375282 > .elementor-element-populated{margin:40px 20px 0px 20px;--e-column-margin-right:20px;--e-column-margin-left:20px;padding:0px 0px 0px 0px;}}@media(max-width:1024px) and (min-width:768px){.elementor-3386 .elementor-element.elementor-element-6c6f6012{width:100%;}.elementor-3386 .elementor-element.elementor-element-a375282{width:100%;}}<\/style>\t\t<div data-elementor-type=\"wp-page\" data-elementor-id=\"3386\" class=\"elementor elementor-3386 elementor-295\" data-elementor-post-type=\"page\">\n\t\t\t\t\t\t<section class=\"elementor-section elementor-top-section elementor-element elementor-element-66dbfe42 elementor-section-boxed elementor-section-height-default elementor-section-height-default\" data-id=\"66dbfe42\" data-element_type=\"section\">\n\t\t\t\t\t\t<div class=\"elementor-container elementor-column-gap-default\">\n\t\t\t\t\t<div class=\"elementor-column elementor-col-50 elementor-top-column elementor-element elementor-element-6c6f6012\" data-id=\"6c6f6012\" data-element_type=\"column\">\n\t\t\t<div class=\"elementor-widget-wrap elementor-element-populated\">\n\t\t\t\t\t\t<div class=\"elementor-element elementor-element-75cc99de elementor-widget__width-initial elementor-invisible elementor-widget elementor-widget-heading\" data-id=\"75cc99de\" data-element_type=\"widget\" data-settings=\"{&quot;_animation&quot;:&quot;fadeInUp&quot;}\" data-widget_type=\"heading.default\">\n\t\t\t\t<div class=\"elementor-widget-container\">\n\t\t\t\t\t<h2 class=\"elementor-heading-title elementor-size-default\">Bize Ula\u015f\u0131n<\/h2>\t\t\t\t<\/div>\n\t\t\t\t<\/div>\n\t\t\t\t<div class=\"elementor-element elementor-element-7fc10d23 elementor-widget elementor-widget-heading\" data-id=\"7fc10d23\" data-element_type=\"widget\" data-widget_type=\"heading.default\">\n\t\t\t\t<div class=\"elementor-widget-container\">\n\t\t\t\t\t<h2 class=\"elementor-heading-title elementor-size-default\">CmyLead ile \u0130leti\u015fime Ge\u00e7elim<\/h2>\t\t\t\t<\/div>\n\t\t\t\t<\/div>\n\t\t\t\t<div class=\"elementor-element elementor-element-48fdffdc elementor-widget elementor-widget-text-editor\" data-id=\"48fdffdc\" data-element_type=\"widget\" data-widget_type=\"text-editor.default\">\n\t\t\t\t<div class=\"elementor-widget-container\">\n\t\t\t\t\t\t\t\t\t<p>Sizden haber almak isteriz! Hizmetlerimiz hakk\u0131nda sorular\u0131n\u0131z varsa, yard\u0131ma ihtiyac\u0131n\u0131z varsa veya ortakl\u0131k f\u0131rsatlar\u0131n\u0131 ke\u015ffetmek istiyorsan\u0131z, ekibimiz size yard\u0131mc\u0131 olmak i\u00e7in burada. A\u015fa\u011f\u0131daki ileti\u015fim formunu doldurun, m\u00fcmk\u00fcn olan en k\u0131sa s\u00fcrede size geri d\u00f6nece\u011fiz. Geri bildirimleriniz ve sorular\u0131n\u0131z bizim i\u00e7in \u00f6nemlidir!   <\/p>\n\t\t\t\t\t\t\t\t<\/div>\n\t\t\t\t<\/div>\n\t\t\t\t<section class=\"elementor-section elementor-inner-section elementor-element elementor-element-58ea2e2e elementor-section-boxed elementor-section-height-default elementor-section-height-default\" data-id=\"58ea2e2e\" data-element_type=\"section\">\n\t\t\t\t\t\t<div class=\"elementor-container elementor-column-gap-no\">\n\t\t\t\t\t<div class=\"elementor-column elementor-col-100 elementor-inner-column elementor-element elementor-element-144cbce4\" data-id=\"144cbce4\" data-element_type=\"column\">\n\t\t\t<div class=\"elementor-widget-wrap elementor-element-populated\">\n\t\t\t\t\t\t<div class=\"elementor-element elementor-element-42f5e098 elementor-widget elementor-widget-heading\" data-id=\"42f5e098\" data-element_type=\"widget\" data-widget_type=\"heading.default\">\n\t\t\t\t<div class=\"elementor-widget-container\">\n\t\t\t\t\t<h2 class=\"elementor-heading-title elementor-size-default\">Sosyal Medyam\u0131z\u0131 Takip Edin  <\/h2>\t\t\t\t<\/div>\n\t\t\t\t<\/div>\n\t\t\t\t<div class=\"elementor-element elementor-element-226eee3 elementor-shape-circle e-grid-align-left elementor-grid-0 elementor-widget elementor-widget-social-icons\" data-id=\"226eee3\" data-element_type=\"widget\" data-widget_type=\"social-icons.default\">\n\t\t\t\t<div class=\"elementor-widget-container\">\n\t\t\t\t\t\t\t<div class=\"elementor-social-icons-wrapper elementor-grid\" role=\"list\">\n\t\t\t\t\t\t\t<span class=\"elementor-grid-item\" role=\"listitem\">\n\t\t\t\t\t<a class=\"elementor-icon elementor-social-icon elementor-social-icon-facebook elementor-repeater-item-8066a54\" href=\"https:\/\/www.facebook.com\/profile.php?id=100092412173911\" target=\"_blank\">\n\t\t\t\t\t\t<span class=\"elementor-screen-only\">Facebook<\/span>\n\t\t\t\t\t\t<svg aria-hidden=\"true\" class=\"e-font-icon-svg e-fab-facebook\" viewBox=\"0 0 512 512\" xmlns=\"http:\/\/www.w3.org\/2000\/svg\"><path d=\"M504 256C504 119 393 8 256 8S8 119 8 256c0 123.78 90.69 226.38 209.25 245V327.69h-63V256h63v-54.64c0-62.15 37-96.48 93.67-96.48 27.14 0 55.52 4.84 55.52 4.84v61h-31.28c-30.8 0-40.41 19.12-40.41 38.73V256h68.78l-11 71.69h-57.78V501C413.31 482.38 504 379.78 504 256z\"><\/path><\/svg>\t\t\t\t\t<\/a>\n\t\t\t\t<\/span>\n\t\t\t\t\t\t\t<span class=\"elementor-grid-item\" role=\"listitem\">\n\t\t\t\t\t<a class=\"elementor-icon elementor-social-icon elementor-social-icon-instagram elementor-repeater-item-93f3e1b\" href=\"https:\/\/www.instagram.com\/cmyleadofficial\/\" target=\"_blank\">\n\t\t\t\t\t\t<span class=\"elementor-screen-only\">Instagram<\/span>\n\t\t\t\t\t\t<svg aria-hidden=\"true\" class=\"e-font-icon-svg e-fab-instagram\" viewBox=\"0 0 448 512\" xmlns=\"http:\/\/www.w3.org\/2000\/svg\"><path d=\"M224.1 141c-63.6 0-114.9 51.3-114.9 114.9s51.3 114.9 114.9 114.9S339 319.5 339 255.9 287.7 141 224.1 141zm0 189.6c-41.1 0-74.7-33.5-74.7-74.7s33.5-74.7 74.7-74.7 74.7 33.5 74.7 74.7-33.6 74.7-74.7 74.7zm146.4-194.3c0 14.9-12 26.8-26.8 26.8-14.9 0-26.8-12-26.8-26.8s12-26.8 26.8-26.8 26.8 12 26.8 26.8zm76.1 27.2c-1.7-35.9-9.9-67.7-36.2-93.9-26.2-26.2-58-34.4-93.9-36.2-37-2.1-147.9-2.1-184.9 0-35.8 1.7-67.6 9.9-93.9 36.1s-34.4 58-36.2 93.9c-2.1 37-2.1 147.9 0 184.9 1.7 35.9 9.9 67.7 36.2 93.9s58 34.4 93.9 36.2c37 2.1 147.9 2.1 184.9 0 35.9-1.7 67.7-9.9 93.9-36.2 26.2-26.2 34.4-58 36.2-93.9 2.1-37 2.1-147.8 0-184.8zM398.8 388c-7.8 19.6-22.9 34.7-42.6 42.6-29.5 11.7-99.5 9-132.1 9s-102.7 2.6-132.1-9c-19.6-7.8-34.7-22.9-42.6-42.6-11.7-29.5-9-99.5-9-132.1s-2.6-102.7 9-132.1c7.8-19.6 22.9-34.7 42.6-42.6 29.5-11.7 99.5-9 132.1-9s102.7-2.6 132.1 9c19.6 7.8 34.7 22.9 42.6 42.6 11.7 29.5 9 99.5 9 132.1s2.7 102.7-9 132.1z\"><\/path><\/svg>\t\t\t\t\t<\/a>\n\t\t\t\t<\/span>\n\t\t\t\t\t\t\t<span class=\"elementor-grid-item\" role=\"listitem\">\n\t\t\t\t\t<a class=\"elementor-icon elementor-social-icon elementor-social-icon-linkedin elementor-repeater-item-769296d\" href=\"https:\/\/www.linkedin.com\/company\/cmylead\/\" target=\"_blank\">\n\t\t\t\t\t\t<span class=\"elementor-screen-only\">Linkedin<\/span>\n\t\t\t\t\t\t<svg aria-hidden=\"true\" class=\"e-font-icon-svg e-fab-linkedin\" viewBox=\"0 0 448 512\" xmlns=\"http:\/\/www.w3.org\/2000\/svg\"><path d=\"M416 32H31.9C14.3 32 0 46.5 0 64.3v383.4C0 465.5 14.3 480 31.9 480H416c17.6 0 32-14.5 32-32.3V64.3c0-17.8-14.4-32.3-32-32.3zM135.4 416H69V202.2h66.5V416zm-33.2-243c-21.3 0-38.5-17.3-38.5-38.5S80.9 96 102.2 96c21.2 0 38.5 17.3 38.5 38.5 0 21.3-17.2 38.5-38.5 38.5zm282.1 243h-66.4V312c0-24.8-.5-56.7-34.5-56.7-34.6 0-39.9 27-39.9 54.9V416h-66.4V202.2h63.7v29.2h.9c8.9-16.8 30.6-34.5 62.9-34.5 67.2 0 79.7 44.3 79.7 101.9V416z\"><\/path><\/svg>\t\t\t\t\t<\/a>\n\t\t\t\t<\/span>\n\t\t\t\t\t<\/div>\n\t\t\t\t\t\t<\/div>\n\t\t\t\t<\/div>\n\t\t\t\t\t<\/div>\n\t\t<\/div>\n\t\t\t\t\t<\/div>\n\t\t<\/section>\n\t\t\t\t\t<\/div>\n\t\t<\/div>\n\t\t\t\t<div class=\"elementor-column elementor-col-50 elementor-top-column elementor-element elementor-element-a375282 elementor-invisible\" data-id=\"a375282\" data-element_type=\"column\" data-settings=\"{&quot;animation&quot;:&quot;fadeInRight&quot;}\">\n\t\t\t<div class=\"elementor-widget-wrap elementor-element-populated\">\n\t\t\t\t\t\t<div class=\"elementor-element elementor-element-0d52dfe elementor-button-align-stretch elementor-widget elementor-widget-form\" data-id=\"0d52dfe\" data-element_type=\"widget\" data-settings=\"{&quot;step_next_label&quot;:&quot;Sonraki&quot;,&quot;step_previous_label&quot;:&quot;\\u00d6nceki&quot;,&quot;button_width&quot;:&quot;100&quot;,&quot;step_type&quot;:&quot;number_text&quot;,&quot;step_icon_shape&quot;:&quot;circle&quot;}\" data-widget_type=\"form.default\">\n\t\t\t\t<div class=\"elementor-widget-container\">\n\t\t\t\t\t\t\t<form class=\"elementor-form\" method=\"post\" name=\"Yeni Form\">\n\t\t\t<input type=\"hidden\" name=\"post_id\" value=\"3386\"\/>\n\t\t\t<input type=\"hidden\" name=\"form_id\" value=\"0d52dfe\"\/>\n\t\t\t<input type=\"hidden\" name=\"referer_title\" value=\"\u0130leti\u015fim\" \/>\n\n\t\t\t\t\t\t\t<input type=\"hidden\" name=\"queried_id\" value=\"3386\"\/>\n\t\t\t\n\t\t\t<div class=\"elementor-form-fields-wrapper elementor-labels-above\">\n\t\t\t\t\t\t\t\t<div class=\"elementor-field-type-text elementor-field-group elementor-column elementor-field-group-name elementor-col-50\">\n\t\t\t\t\t\t\t\t\t\t\t\t\t<input size=\"1\" type=\"text\" name=\"form_fields[name]\" id=\"form-field-name\" class=\"elementor-field elementor-size-sm  elementor-field-textual\" placeholder=\"Tam ad\u0131n\u0131z\">\n\t\t\t\t\t\t\t\t\t\t\t<\/div>\n\t\t\t\t\t\t\t\t<div class=\"elementor-field-type-text elementor-field-group elementor-column elementor-field-group-field_ce32f45 elementor-col-50\">\n\t\t\t\t\t\t\t\t\t\t\t\t\t<input size=\"1\" type=\"text\" name=\"form_fields[field_ce32f45]\" id=\"form-field-field_ce32f45\" class=\"elementor-field elementor-size-sm  elementor-field-textual\" placeholder=\"\u015eirket ad\u0131\">\n\t\t\t\t\t\t\t\t\t\t\t<\/div>\n\t\t\t\t\t\t\t\t<div class=\"elementor-field-type-text elementor-field-group elementor-column elementor-field-group-field_933553d elementor-col-100\">\n\t\t\t\t\t\t\t\t\t\t\t\t\t<input size=\"1\" type=\"text\" name=\"form_fields[field_933553d]\" id=\"form-field-field_933553d\" class=\"elementor-field elementor-size-sm  elementor-field-textual\" placeholder=\"Sizin Sekt\u00f6r\u00fcn\u00fcz\">\n\t\t\t\t\t\t\t\t\t\t\t<\/div>\n\t\t\t\t\t\t\t\t<div class=\"elementor-field-type-tel elementor-field-group elementor-column elementor-field-group-field_553da61 elementor-col-100\">\n\t\t\t\t\t\t\t<input size=\"1\" type=\"tel\" name=\"form_fields[field_553da61]\" id=\"form-field-field_553da61\" class=\"elementor-field elementor-size-sm  elementor-field-textual\" placeholder=\"Telefon numaras\u0131\" pattern=\"[0-9()#&amp;+*-=.]+\" title=\"Only numbers and phone characters (#, -, *, etc) are accepted.\">\n\n\t\t\t\t\t\t<\/div>\n\t\t\t\t\t\t\t\t<div class=\"elementor-field-type-email elementor-field-group elementor-column elementor-field-group-email elementor-col-100 elementor-field-required\">\n\t\t\t\t\t\t\t\t\t\t\t\t\t<input size=\"1\" type=\"email\" name=\"form_fields[email]\" id=\"form-field-email\" class=\"elementor-field elementor-size-sm  elementor-field-textual\" placeholder=\"\u0130\u015f e-postas\u0131\" required=\"required\" aria-required=\"true\">\n\t\t\t\t\t\t\t\t\t\t\t<\/div>\n\t\t\t\t\t\t\t\t<div class=\"elementor-field-type-text elementor-field-group elementor-column elementor-field-group-field_347763e elementor-col-100\">\n\t\t\t\t\t\t\t\t\t\t\t\t\t<input size=\"1\" type=\"text\" name=\"form_fields[field_347763e]\" id=\"form-field-field_347763e\" class=\"elementor-field elementor-size-sm  elementor-field-textual\" placeholder=\"Web sitesi URL&#039;si\">\n\t\t\t\t\t\t\t\t\t\t\t<\/div>\n\t\t\t\t\t\t\t\t<div class=\"elementor-field-type-text elementor-field-group elementor-column elementor-field-group-field_6e29541 elementor-col-100\">\n\t\t\t\t\t\t\t\t\t\t\t\t\t<input size=\"1\" type=\"text\" name=\"form_fields[field_6e29541]\" id=\"form-field-field_6e29541\" class=\"elementor-field elementor-size-sm  elementor-field-textual\" placeholder=\"\u015eirketteki \u00e7al\u0131\u015fan say\u0131s\u0131\">\n\t\t\t\t\t\t\t\t\t\t\t<\/div>\n\t\t\t\t\t\t\t\t<div class=\"elementor-field-type-textarea elementor-field-group elementor-column elementor-field-group-message elementor-col-100\">\n\t\t\t\t\t<textarea class=\"elementor-field-textual elementor-field  elementor-size-sm\" name=\"form_fields[message]\" id=\"form-field-message\" rows=\"4\" placeholder=\"Mesaj\"><\/textarea>\t\t\t\t<\/div>\n\t\t\t\t\t\t\t\t<div class=\"elementor-field-group elementor-column elementor-field-type-submit elementor-col-100 e-form__buttons\">\n\t\t\t\t\t<button class=\"elementor-button elementor-size-sm\" type=\"submit\">\n\t\t\t\t\t\t<span class=\"elementor-button-content-wrapper\">\n\t\t\t\t\t\t\t\t\t\t\t\t\t\t\t\t\t\t\t\t\t\t<span class=\"elementor-button-text\">G\u00f6nder<\/span>\n\t\t\t\t\t\t\t\t\t\t\t\t\t<\/span>\n\t\t\t\t\t<\/button>\n\t\t\t\t<\/div>\n\t\t\t<\/div>\n\t\t<\/form>\n\t\t\t\t\t\t<\/div>\n\t\t\t\t<\/div>\n\t\t\t\t\t<\/div>\n\t\t<\/div>\n\t\t\t\t\t<\/div>\n\t\t<\/section>\n\t\t\t\t<\/div>\n\t\t","protected":false},"excerpt":{"rendered":"<p>Bize Ula\u015f\u0131n CmyLead ile \u0130leti\u015fime Ge\u00e7elim Sizden haber almak isteriz! Hizmetlerimiz hakk\u0131nda sorular\u0131n\u0131z varsa, yard\u0131ma ihtiyac\u0131n\u0131z varsa veya ortakl\u0131k f\u0131rsatlar\u0131n\u0131 ke\u015ffetmek istiyorsan\u0131z, ekibimiz size yard\u0131mc\u0131 olmak i\u00e7in burada. A\u015fa\u011f\u0131daki ileti\u015fim formunu doldurun, m\u00fcmk\u00fcn olan en k\u0131sa s\u00fcrede size geri d\u00f6nece\u011fiz. Geri bildirimleriniz ve sorular\u0131n\u0131z bizim i\u00e7in \u00f6nemlidir! Sosyal Medyam\u0131z\u0131 Takip Edin Facebook Instagram Linkedin<\/p>\n","protected":false},"author":1,"featured_media":0,"parent":0,"menu_order":0,"comment_status":"closed","ping_status":"closed","template":"","meta":{"footnotes":""},"class_list":["post-3386","page","type-page","status-publish","hentry"],"_links":{"self":[{"href":"https:\/\/cmylead.com\/tr\/wp-json\/wp\/v2\/pages\/3386","targetHints":{"allow":["GET"]}}],"collection":[{"href":"https:\/\/cmylead.com\/tr\/wp-json\/wp\/v2\/pages"}],"about":[{"href":"https:\/\/cmylead.com\/tr\/wp-json\/wp\/v2\/types\/page"}],"author":[{"embeddable":true,"href":"https:\/\/cmylead.com\/tr\/wp-json\/wp\/v2\/users\/1"}],"replies":[{"embeddable":true,"href":"https:\/\/cmylead.com\/tr\/wp-json\/wp\/v2\/comments?post=3386"}],"version-history":[{"count":1,"href":"https:\/\/cmylead.com\/tr\/wp-json\/wp\/v2\/pages\/3386\/revisions"}],"predecessor-version":[{"id":3387,"href":"https:\/\/cmylead.com\/tr\/wp-json\/wp\/v2\/pages\/3386\/revisions\/3387"}],"wp:attachment":[{"href":"https:\/\/cmylead.com\/tr\/wp-json\/wp\/v2\/media?parent=3386"}],"curies":[{"name":"wp","href":"https:\/\/api.w.org\/{rel}","templated":true}]}}