{"id":3498,"date":"2024-10-31T17:35:35","date_gmt":"2024-10-31T17:35:35","guid":{"rendered":"https:\/\/cmylead.com\/gizlilik-politikasi\/"},"modified":"2024-11-11T16:57:10","modified_gmt":"2024-11-11T16:57:10","slug":"gizlilik-politikasi","status":"publish","type":"page","link":"https:\/\/cmylead.com\/tr\/gizlilik-politikasi\/","title":{"rendered":"Gizlilik Politikas\u0131"},"content":{"rendered":"<style>.elementor-3498 .elementor-element.elementor-element-3438da73 > .elementor-background-overlay{background-color:var( --e-global-color-secondary );opacity:0.9;transition:background 0.3s, border-radius 0.3s, opacity 0.3s;}.elementor-3498 .elementor-element.elementor-element-3438da73 > .elementor-container{max-width:1200px;}.elementor-3498 .elementor-element.elementor-element-3438da73:not(.elementor-motion-effects-element-type-background), .elementor-3498 .elementor-element.elementor-element-3438da73 > .elementor-motion-effects-container > .elementor-motion-effects-layer{background-position:0% 10%;background-repeat:no-repeat;background-size:cover;}.elementor-3498 .elementor-element.elementor-element-3438da73{transition:background 0.3s, border 0.3s, border-radius 0.3s, box-shadow 0.3s;margin-top:-100px;margin-bottom:100px;padding:200px 0px 100px 0px;}.elementor-3498 .elementor-element.elementor-element-6d3af210{text-align:center;}.elementor-3498 .elementor-element.elementor-element-6d3af210 .elementor-heading-title{font-family:var( --e-global-typography-secondary-font-family ), Sans-serif;font-size:var( --e-global-typography-secondary-font-size );font-weight:var( --e-global-typography-secondary-font-weight );text-transform:var( --e-global-typography-secondary-text-transform );text-decoration:var( --e-global-typography-secondary-text-decoration );line-height:var( --e-global-typography-secondary-line-height );color:var( --e-global-color-827cd3a );}:root{--page-title-display:none;}@media(max-width:1024px){.elementor-3498 .elementor-element.elementor-element-3438da73:not(.elementor-motion-effects-element-type-background), .elementor-3498 .elementor-element.elementor-element-3438da73 > .elementor-motion-effects-container > .elementor-motion-effects-layer{background-position:0px 0px;}.elementor-3498 .elementor-element.elementor-element-3438da73{margin-top:-150px;margin-bottom:100px;padding:220px 0px 100px 0px;}.elementor-3498 .elementor-element.elementor-element-32bdeddb > .elementor-element-populated{margin:0px 0px 0px 0px;--e-column-margin-right:0px;--e-column-margin-left:0px;padding:0px 30px 0px 30px;}.elementor-3498 .elementor-element.elementor-element-6d3af210 .elementor-heading-title{font-size:var( --e-global-typography-secondary-font-size );line-height:var( --e-global-typography-secondary-line-height );}}@media(max-width:767px){.elementor-3498 .elementor-element.elementor-element-3438da73:not(.elementor-motion-effects-element-type-background), .elementor-3498 .elementor-element.elementor-element-3438da73 > .elementor-motion-effects-container > .elementor-motion-effects-layer{background-position:0px 0px;}.elementor-3498 .elementor-element.elementor-element-3438da73{margin-top:-150px;margin-bottom:100px;padding:220px 0px 100px 0px;}.elementor-3498 .elementor-element.elementor-element-32bdeddb > .elementor-element-populated{margin:0px 0px 0px 0px;--e-column-margin-right:0px;--e-column-margin-left:0px;padding:0px 20px 0px 20px;}.elementor-3498 .elementor-element.elementor-element-6d3af210 .elementor-heading-title{font-size:var( --e-global-typography-secondary-font-size );line-height:var( --e-global-typography-secondary-line-height );}}<\/style>\t\t<div data-elementor-type=\"wp-page\" data-elementor-id=\"3498\" class=\"elementor elementor-3498 elementor-1345\" data-elementor-post-type=\"page\">\n\t\t\t\t\t\t<section class=\"elementor-section elementor-top-section elementor-element elementor-element-3438da73 elementor-section-boxed elementor-section-height-default elementor-section-height-default\" data-id=\"3438da73\" data-element_type=\"section\" data-settings=\"{&quot;background_background&quot;:&quot;classic&quot;}\">\n\t\t\t\t\t\t\t<div class=\"elementor-background-overlay\"><\/div>\n\t\t\t\t\t\t\t<div class=\"elementor-container elementor-column-gap-default\">\n\t\t\t\t\t<div class=\"elementor-column elementor-col-100 elementor-top-column elementor-element elementor-element-32bdeddb\" data-id=\"32bdeddb\" data-element_type=\"column\">\n\t\t\t<div class=\"elementor-widget-wrap elementor-element-populated\">\n\t\t\t\t\t\t<div class=\"elementor-element elementor-element-6d3af210 elementor-widget elementor-widget-heading\" data-id=\"6d3af210\" data-element_type=\"widget\" data-widget_type=\"heading.default\">\n\t\t\t\t<div class=\"elementor-widget-container\">\n\t\t\t\t\t<h2 class=\"elementor-heading-title elementor-size-default\">Gizlilik Politikas\u0131<\/h2>\t\t\t\t<\/div>\n\t\t\t\t<\/div>\n\t\t\t\t\t<\/div>\n\t\t<\/div>\n\t\t\t\t\t<\/div>\n\t\t<\/section>\n\t\t\t\t<section class=\"elementor-section elementor-top-section elementor-element elementor-element-fb8c355 elementor-section-boxed elementor-section-height-default elementor-section-height-default\" data-id=\"fb8c355\" data-element_type=\"section\">\n\t\t\t\t\t\t<div class=\"elementor-container elementor-column-gap-default\">\n\t\t\t\t\t<div class=\"elementor-column elementor-col-100 elementor-top-column elementor-element elementor-element-63313d6\" data-id=\"63313d6\" data-element_type=\"column\">\n\t\t\t<div class=\"elementor-widget-wrap elementor-element-populated\">\n\t\t\t\t\t\t<div class=\"elementor-element elementor-element-98a631c elementor-widget elementor-widget-text-editor\" data-id=\"98a631c\" data-element_type=\"widget\" data-widget_type=\"text-editor.default\">\n\t\t\t\t<div class=\"elementor-widget-container\">\n\t\t\t\t\t\t\t\t\t<h4 data-fontsize=\"24\"><span data-preserver-spaces=\"true\">CmyLead&#8217;de, \u015fu adresten eri\u015filebilir <\/span><a href=\"https:\/\/cmylead.com\/\" target=\"_blank\" rel=\"noopener\" data-fontsize=\"24\">www.cmylead.com<\/a><span data-preserver-spaces=\"true\">en y\u00fcksek \u00f6nceli\u011fimiz kullan\u0131c\u0131lar\u0131m\u0131z\u0131n gizlili\u011fi ve g\u00fcvenidir. Bu Gizlilik Politikas\u0131, toplad\u0131\u011f\u0131m\u0131z ve kaydetti\u011fimiz bilgi t\u00fcrlerini ve bunlar\u0131n nas\u0131l kullan\u0131ld\u0131\u011f\u0131n\u0131 \u00f6zetlemektedir. <\/span><\/h4>\n<div><span data-preserver-spaces=\"true\"> <\/span><\/div>\n<p data-fontsize=\"18\"><span data-preserver-spaces=\"true\">Gizlilik Politikam\u0131z hakk\u0131nda herhangi bir sorunuz veya daha fazla bilgi i\u00e7in bizimle ileti\u015fime ge\u00e7mekten \u00e7ekinmeyin.<\/span><\/p>\n<p data-fontsize=\"18\"><span data-preserver-spaces=\"true\">Bu Gizlilik Politikas\u0131 \u00e7evrimi\u00e7i faaliyetlerimiz i\u00e7in ge\u00e7erlidir ve kullan\u0131c\u0131lar\u0131n CmyLead&#8217;de payla\u015ft\u0131klar\u0131 ve\/veya toplad\u0131klar\u0131 bilgiler i\u00e7in ge\u00e7erlidir. \u00c7evrimd\u0131\u015f\u0131 olarak veya bu web sitesi d\u0131\u015f\u0131ndaki di\u011fer kanallar arac\u0131l\u0131\u011f\u0131yla toplanan bilgileri kapsamaz. Gizlilik Politikam\u0131z, \u00dccretsiz Gizlilik Politikas\u0131 Olu\u015fturucu yard\u0131m\u0131yla olu\u015fturulmu\u015ftur.  <\/span><\/p>\n<p data-fontsize=\"18\"><span data-preserver-spaces=\"true\"><b>R\u0131za<\/b><\/span><\/p>\n<p data-fontsize=\"18\"><span data-preserver-spaces=\"true\">Web sitemizi kullanarak Gizlilik Politikam\u0131z\u0131 onaylam\u0131\u015f ve \u015fartlar\u0131n\u0131 kabul etmi\u015f olursunuz.<\/span><\/p>\n<p data-fontsize=\"18\"><span data-preserver-spaces=\"true\"><b>Toplad\u0131\u011f\u0131m\u0131z Bilgiler<\/b><\/span><\/p>\n<p data-fontsize=\"18\"><span data-preserver-spaces=\"true\">Sizden vermenizi istedi\u011fimiz ki\u015fisel bilgilere neden ihtiya\u00e7 duydu\u011fumuzu, bu bilgileri istedi\u011fimizde a\u00e7\u0131k bir \u015fekilde a\u00e7\u0131klayaca\u011f\u0131z.<\/span><\/p>\n<p data-fontsize=\"18\"><span data-preserver-spaces=\"true\">Bizimle do\u011frudan ileti\u015fime ge\u00e7erseniz, ad\u0131n\u0131z, e-posta adresiniz, telefon numaran\u0131z, bize g\u00f6nderebilece\u011finiz mesaj\u0131n veya eklerin i\u00e7eri\u011fi ve vermeyi se\u00e7ti\u011finiz di\u011fer bilgiler gibi ek bilgiler alabiliriz.<\/span><\/p>\n<p data-fontsize=\"18\"><span data-preserver-spaces=\"true\">Bir Hesap i\u00e7in kaydoldu\u011funuzda, ad, \u015firket ad\u0131, adres, e-posta adresi ve telefon numaras\u0131 gibi \u00f6\u011feler dahil olmak \u00fczere ileti\u015fim bilgilerinizi isteyebiliriz.<\/span><\/p>\n<p data-fontsize=\"18\"><span data-preserver-spaces=\"true\"><b>Bilgilerinizi Nas\u0131l Kullan\u0131yoruz?<\/b><\/span><\/p>\n<p data-fontsize=\"18\"><span data-preserver-spaces=\"true\">Toplad\u0131\u011f\u0131m\u0131z bilgileri a\u015fa\u011f\u0131dakiler de dahil olmak \u00fczere \u00e7e\u015fitli \u015fekillerde kullan\u0131r\u0131z:<\/span><\/p>\n<ul>\n<li><span data-preserver-spaces=\"true\">Web sitemizi sa\u011flamak, i\u015fletmek ve bak\u0131m\u0131n\u0131 yapmak<\/span><\/li>\n<li><span data-preserver-spaces=\"true\">Web sitemizi geli\u015ftirmek, ki\u015fiselle\u015ftirmek ve geni\u015fletmek<\/span><\/li>\n<li><span data-preserver-spaces=\"true\">Web sitemizi kullan\u0131m\u0131n\u0131z\u0131 anlamak ve analiz etmek<\/span><\/li>\n<li><span data-preserver-spaces=\"true\">Yeni \u00fcr\u00fcnler, hizmetler, \u00f6zellikler ve i\u015flevler geli\u015ftirmek<\/span><\/li>\n<li><span data-preserver-spaces=\"true\">M\u00fc\u015fteri hizmetleri, g\u00fcncellemeler ve web sitesiyle ilgili di\u011fer bilgiler ile pazarlama ve tan\u0131t\u0131m ama\u00e7lar\u0131 da dahil olmak \u00fczere do\u011frudan veya ortaklar arac\u0131l\u0131\u011f\u0131yla sizinle ileti\u015fim kurmak<\/span><\/li>\n<li><span data-preserver-spaces=\"true\">Size e-posta g\u00f6ndermek<\/span><\/li>\n<li><span data-preserver-spaces=\"true\">Doland\u0131r\u0131c\u0131l\u0131\u011f\u0131 tespit edin ve \u00f6nleyin\n<p><\/span><\/li>\n<\/ul>\n<p data-fontsize=\"18\"><span data-preserver-spaces=\"true\"><b>G\u00fcnl\u00fck Dosyalar\u0131<\/b><\/span><\/p>\n<p data-fontsize=\"18\"><span data-preserver-spaces=\"true\">CmyLead, t\u00fcm bar\u0131nd\u0131rma \u015firketleri gibi g\u00fcnl\u00fck dosyalar\u0131n\u0131 kullanmak i\u00e7in standart bir prosed\u00fcr izler. Bu g\u00fcnl\u00fck dosyalar\u0131, ziyaret\u00e7ileri web sitelerini ziyaret ettiklerinde izler. Toplanan veriler IP adreslerini, taray\u0131c\u0131 t\u00fcr\u00fcn\u00fc, \u0130nternet Servis Sa\u011flay\u0131c\u0131s\u0131n\u0131 (\u0130SS), tarih ve saat damgalar\u0131n\u0131, y\u00f6nlendirme\/\u00e7\u0131k\u0131\u015f sayfalar\u0131n\u0131 ve potansiyel olarak t\u0131klama say\u0131s\u0131n\u0131 i\u00e7erebilir. Bu bilgiler ki\u015fisel olarak tan\u0131mlanabilir herhangi bir veriyle ba\u011flant\u0131l\u0131 de\u011fildir ve e\u011filimleri analiz etmek, siteyi y\u00f6netmek, kullan\u0131c\u0131lar\u0131n hareketlerini izlemek ve demografik verileri toplamak i\u00e7in kullan\u0131l\u0131r.   <\/p>\n<p><\/span><\/p>\n<p data-fontsize=\"18\"><span data-preserver-spaces=\"true\"><b>\u00dc\u00e7\u00fcnc\u00fc Taraf Gizlilik Politikalar\u0131<\/b><\/span><\/p>\n<p data-fontsize=\"18\"><span data-preserver-spaces=\"true\">CmyLead&#8217;in Gizlilik Politikas\u0131 di\u011fer reklamverenler veya web siteleri i\u00e7in ge\u00e7erli de\u011fildir. Bu nedenle, uygulamalar\u0131 hakk\u0131nda daha ayr\u0131nt\u0131l\u0131 bilgi ve belirli se\u00e7eneklerden nas\u0131l vazge\u00e7ilece\u011fine ili\u015fkin talimatlar i\u00e7in \u00fc\u00e7\u00fcnc\u00fc taraf reklam sunucular\u0131n\u0131n ilgili Gizlilik Politikalar\u0131n\u0131 incelemenizi tavsiye ederiz. <\/p>\n<p><\/span><\/p>\n<p data-fontsize=\"18\"><span data-preserver-spaces=\"true\"><b>GDPR Veri Koruma Haklar\u0131<\/b><\/span><\/p>\n<p data-fontsize=\"18\"><span data-preserver-spaces=\"true\">T\u00fcm veri koruma haklar\u0131n\u0131zdan tam olarak haberdar oldu\u011funuzdan emin olmak istiyoruz. Her kullan\u0131c\u0131 a\u015fa\u011f\u0131daki haklara sahiptir: <\/span><\/p>\n<ul>\n<li><span data-preserver-spaces=\"true\">Eri\u015fim hakk\u0131 &#8211; Ki\u015fisel verilerinizin kopyalar\u0131n\u0131 talep edebilirsiniz. Bu hizmet i\u00e7in k\u00fc\u00e7\u00fck bir \u00fccret talep edebiliriz. <\/span><\/li>\n<li><span data-preserver-spaces=\"true\">D\u00fczeltme hakk\u0131 &#8211; Yanl\u0131\u015f oldu\u011funa inand\u0131\u011f\u0131n\u0131z herhangi bir bilgiyi d\u00fczeltmemizi isteyebilirsiniz. Eksik oldu\u011funa inand\u0131\u011f\u0131n\u0131z bilgileri tamamlamam\u0131z\u0131 da talep edebilirsiniz. <\/span><\/li>\n<li><span data-preserver-spaces=\"true\">Silme hakk\u0131 &#8211; Belirli ko\u015fullar alt\u0131nda bizden ki\u015fisel verilerinizi silmemizi isteyebilirsiniz.<\/span><\/li>\n<li><span data-preserver-spaces=\"true\">\u0130\u015flemeyi k\u0131s\u0131tlama hakk\u0131 &#8211; Belirli ko\u015fullar alt\u0131nda bizden ki\u015fisel verilerinizin i\u015flenmesini k\u0131s\u0131tlamam\u0131z\u0131 isteyebilirsiniz.<\/span><\/li>\n<li><span data-preserver-spaces=\"true\">\u0130\u015flemeye itiraz etme hakk\u0131 &#8211; Belirli ko\u015fullar alt\u0131nda ki\u015fisel verilerinizi i\u015flememize itiraz edebilirsiniz.<\/span><\/li>\n<li><span data-preserver-spaces=\"true\">Veri ta\u015f\u0131nabilirli\u011fi hakk\u0131 &#8211; Belirli ko\u015fullar alt\u0131nda verilerinizi ba\u015fka bir kurulu\u015fa veya do\u011frudan size aktarmam\u0131z\u0131 talep edebilirsiniz.<br \/><b><br \/><\/b><\/span><\/li>\n<\/ul>\n<p data-fontsize=\"18\"><span data-preserver-spaces=\"true\"><b>\u00c7ocuk Bilgileri<\/b><\/span><\/p>\n<p data-fontsize=\"18\"><span data-preserver-spaces=\"true\">\u00c7ocuklar\u0131n internet kullan\u0131rken korunmas\u0131 bizim i\u00e7in \u00f6zellikle \u00f6nemlidir. Ebeveynleri ve vasileri \u00e7ocuklar\u0131n\u0131n \u00e7evrimi\u00e7i faaliyetlerini izlemeye te\u015fvik ediyoruz. <\/span><\/p>\n<p data-fontsize=\"18\"><span data-preserver-spaces=\"true\">Cmycard, 13 ya\u015f\u0131n alt\u0131ndaki \u00e7ocuklardan bilerek herhangi bir Ki\u015fisel Tan\u0131mlanabilir Bilgi toplamaz. \u00c7ocu\u011funuzun web sitemizde bu t\u00fcr bir bilgi sa\u011flad\u0131\u011f\u0131n\u0131 d\u00fc\u015f\u00fcn\u00fcyorsan\u0131z, derhal bizimle ileti\u015fime ge\u00e7menizi \u015fiddetle tavsiye ederiz ve bu t\u00fcr bilgileri kay\u0131tlar\u0131m\u0131zdan derhal kald\u0131rmak i\u00e7in elimizden gelen \u00e7abay\u0131 g\u00f6sterece\u011fiz. <\/span><\/p>\n\t\t\t\t\t\t\t\t<\/div>\n\t\t\t\t<\/div>\n\t\t\t\t\t<\/div>\n\t\t<\/div>\n\t\t\t\t\t<\/div>\n\t\t<\/section>\n\t\t\t\t<\/div>\n\t\t","protected":false},"excerpt":{"rendered":"<p>Gizlilik Politikas\u0131 CmyLead&#8217;de, \u015fu adresten eri\u015filebilir www.cmylead.comen y\u00fcksek \u00f6nceli\u011fimiz kullan\u0131c\u0131lar\u0131m\u0131z\u0131n gizlili\u011fi ve g\u00fcvenidir. Bu Gizlilik Politikas\u0131, toplad\u0131\u011f\u0131m\u0131z ve kaydetti\u011fimiz bilgi t\u00fcrlerini ve bunlar\u0131n nas\u0131l kullan\u0131ld\u0131\u011f\u0131n\u0131 \u00f6zetlemektedir. Gizlilik Politikam\u0131z hakk\u0131nda herhangi bir sorunuz veya daha fazla bilgi i\u00e7in bizimle ileti\u015fime ge\u00e7mekten \u00e7ekinmeyin. Bu Gizlilik Politikas\u0131 \u00e7evrimi\u00e7i faaliyetlerimiz i\u00e7in ge\u00e7erlidir ve kullan\u0131c\u0131lar\u0131n CmyLead&#8217;de payla\u015ft\u0131klar\u0131 ve\/veya toplad\u0131klar\u0131 bilgiler [&hellip;]<\/p>\n","protected":false},"author":1,"featured_media":0,"parent":0,"menu_order":0,"comment_status":"closed","ping_status":"closed","template":"","meta":{"footnotes":""},"class_list":["post-3498","page","type-page","status-publish","hentry"],"_links":{"self":[{"href":"https:\/\/cmylead.com\/tr\/wp-json\/wp\/v2\/pages\/3498","targetHints":{"allow":["GET"]}}],"collection":[{"href":"https:\/\/cmylead.com\/tr\/wp-json\/wp\/v2\/pages"}],"about":[{"href":"https:\/\/cmylead.com\/tr\/wp-json\/wp\/v2\/types\/page"}],"author":[{"embeddable":true,"href":"https:\/\/cmylead.com\/tr\/wp-json\/wp\/v2\/users\/1"}],"replies":[{"embeddable":true,"href":"https:\/\/cmylead.com\/tr\/wp-json\/wp\/v2\/comments?post=3498"}],"version-history":[{"count":1,"href":"https:\/\/cmylead.com\/tr\/wp-json\/wp\/v2\/pages\/3498\/revisions"}],"predecessor-version":[{"id":3499,"href":"https:\/\/cmylead.com\/tr\/wp-json\/wp\/v2\/pages\/3498\/revisions\/3499"}],"wp:attachment":[{"href":"https:\/\/cmylead.com\/tr\/wp-json\/wp\/v2\/media?parent=3498"}],"curies":[{"name":"wp","href":"https:\/\/api.w.org\/{rel}","templated":true}]}}