{"id":3544,"date":"2024-10-31T17:37:39","date_gmt":"2024-10-31T17:37:39","guid":{"rendered":"https:\/\/cmylead.com\/web-uygulamasi-guvenlik-politikasi\/"},"modified":"2024-11-11T17:27:39","modified_gmt":"2024-11-11T17:27:39","slug":"web-uygulamasi-guvenlik-politikasi","status":"publish","type":"page","link":"https:\/\/cmylead.com\/tr\/web-uygulamasi-guvenlik-politikasi\/","title":{"rendered":"Web Uygulamas\u0131 G\u00fcvenlik Politikas\u0131"},"content":{"rendered":"<style>.elementor-3544 .elementor-element.elementor-element-3438da73 > .elementor-background-overlay{background-color:var( --e-global-color-secondary );opacity:0.9;transition:background 0.3s, border-radius 0.3s, opacity 0.3s;}.elementor-3544 .elementor-element.elementor-element-3438da73 > .elementor-container{max-width:1200px;}.elementor-3544 .elementor-element.elementor-element-3438da73:not(.elementor-motion-effects-element-type-background), .elementor-3544 .elementor-element.elementor-element-3438da73 > .elementor-motion-effects-container > .elementor-motion-effects-layer{background-position:0% 10%;background-repeat:no-repeat;background-size:cover;}.elementor-3544 .elementor-element.elementor-element-3438da73{transition:background 0.3s, border 0.3s, border-radius 0.3s, box-shadow 0.3s;margin-top:-100px;margin-bottom:100px;padding:200px 0px 100px 0px;}.elementor-3544 .elementor-element.elementor-element-6d3af210{text-align:center;}.elementor-3544 .elementor-element.elementor-element-6d3af210 .elementor-heading-title{font-family:var( --e-global-typography-secondary-font-family ), Sans-serif;font-size:var( --e-global-typography-secondary-font-size );font-weight:var( --e-global-typography-secondary-font-weight );text-transform:var( --e-global-typography-secondary-text-transform );text-decoration:var( --e-global-typography-secondary-text-decoration );line-height:var( --e-global-typography-secondary-line-height );color:var( --e-global-color-827cd3a );}:root{--page-title-display:none;}@media(max-width:1024px){.elementor-3544 .elementor-element.elementor-element-3438da73:not(.elementor-motion-effects-element-type-background), .elementor-3544 .elementor-element.elementor-element-3438da73 > .elementor-motion-effects-container > .elementor-motion-effects-layer{background-position:0px 0px;}.elementor-3544 .elementor-element.elementor-element-3438da73{margin-top:-150px;margin-bottom:100px;padding:220px 0px 100px 0px;}.elementor-3544 .elementor-element.elementor-element-32bdeddb > .elementor-element-populated{margin:0px 0px 0px 0px;--e-column-margin-right:0px;--e-column-margin-left:0px;padding:0px 30px 0px 30px;}.elementor-3544 .elementor-element.elementor-element-6d3af210 .elementor-heading-title{font-size:var( --e-global-typography-secondary-font-size );line-height:var( --e-global-typography-secondary-line-height );}}@media(max-width:767px){.elementor-3544 .elementor-element.elementor-element-3438da73:not(.elementor-motion-effects-element-type-background), .elementor-3544 .elementor-element.elementor-element-3438da73 > .elementor-motion-effects-container > .elementor-motion-effects-layer{background-position:0px 0px;}.elementor-3544 .elementor-element.elementor-element-3438da73{margin-top:-150px;margin-bottom:100px;padding:220px 0px 100px 0px;}.elementor-3544 .elementor-element.elementor-element-32bdeddb > .elementor-element-populated{margin:0px 0px 0px 0px;--e-column-margin-right:0px;--e-column-margin-left:0px;padding:0px 20px 0px 20px;}.elementor-3544 .elementor-element.elementor-element-6d3af210 .elementor-heading-title{font-size:var( --e-global-typography-secondary-font-size );line-height:var( --e-global-typography-secondary-line-height );}}<\/style>\t\t<div data-elementor-type=\"wp-page\" data-elementor-id=\"3544\" class=\"elementor elementor-3544 elementor-1350\" data-elementor-post-type=\"page\">\n\t\t\t\t\t\t<section class=\"elementor-section elementor-top-section elementor-element elementor-element-3438da73 elementor-section-boxed elementor-section-height-default elementor-section-height-default\" data-id=\"3438da73\" data-element_type=\"section\" data-settings=\"{&quot;background_background&quot;:&quot;classic&quot;}\">\n\t\t\t\t\t\t\t<div class=\"elementor-background-overlay\"><\/div>\n\t\t\t\t\t\t\t<div class=\"elementor-container elementor-column-gap-default\">\n\t\t\t\t\t<div class=\"elementor-column elementor-col-100 elementor-top-column elementor-element elementor-element-32bdeddb\" data-id=\"32bdeddb\" data-element_type=\"column\">\n\t\t\t<div class=\"elementor-widget-wrap elementor-element-populated\">\n\t\t\t\t\t\t<div class=\"elementor-element elementor-element-6d3af210 elementor-widget elementor-widget-heading\" data-id=\"6d3af210\" data-element_type=\"widget\" data-widget_type=\"heading.default\">\n\t\t\t\t<div class=\"elementor-widget-container\">\n\t\t\t\t\t<h2 class=\"elementor-heading-title elementor-size-default\">Web Uygulamas\u0131 G\u00fcvenlik Politikas\u0131<\/h2>\t\t\t\t<\/div>\n\t\t\t\t<\/div>\n\t\t\t\t\t<\/div>\n\t\t<\/div>\n\t\t\t\t\t<\/div>\n\t\t<\/section>\n\t\t\t\t<section class=\"elementor-section elementor-top-section elementor-element elementor-element-fb8c355 elementor-section-boxed elementor-section-height-default elementor-section-height-default\" data-id=\"fb8c355\" data-element_type=\"section\">\n\t\t\t\t\t\t<div class=\"elementor-container elementor-column-gap-default\">\n\t\t\t\t\t<div class=\"elementor-column elementor-col-100 elementor-top-column elementor-element elementor-element-63313d6\" data-id=\"63313d6\" data-element_type=\"column\">\n\t\t\t<div class=\"elementor-widget-wrap elementor-element-populated\">\n\t\t\t\t\t\t<div class=\"elementor-element elementor-element-98a631c elementor-widget elementor-widget-text-editor\" data-id=\"98a631c\" data-element_type=\"widget\" data-widget_type=\"text-editor.default\">\n\t\t\t\t<div class=\"elementor-widget-container\">\n\t\t\t\t\t\t\t\t\t<p data-fontsize=\"16\">Web uygulamam\u0131za ho\u015f geldiniz! Kullan\u0131c\u0131lar\u0131m\u0131z\u0131n g\u00fcvenli\u011fini ve gizlili\u011fini sa\u011flamay\u0131 taahh\u00fct ediyoruz. A\u015fa\u011f\u0131da, verilerinizi korumak i\u00e7in uygulad\u0131\u011f\u0131m\u0131z temel g\u00fcvenlik \u00f6nlemleri yer almaktad\u0131r.  <\/p>\n<p data-fontsize=\"16\"><strong>Girdi Do\u011frulama<\/strong><\/p>\n<ul class=\"wp-block-list\">\n<li><strong>Girdileri Sanitize Edin ve Do\u011frulay\u0131n<\/strong>: SQL enjeksiyonu ve siteler aras\u0131 komut dosyas\u0131 olu\u015fturma (XSS) gibi g\u00fcvenlik tehditlerini \u00f6nlemek i\u00e7in t\u00fcm kullan\u0131c\u0131 girdilerinin uygun \u015fekilde sterilize edilmesini ve do\u011frulanmas\u0131n\u0131 sa\u011fl\u0131yoruz.<\/li>\n<li><strong>Haz\u0131rlanm\u0131\u015f \u0130fadeler: <\/strong>G\u00fcvenli\u011fi art\u0131rmak amac\u0131yla veritaban\u0131 etkile\u015fimleri i\u00e7in haz\u0131r deyimler kullan\u0131r\u0131z.<\/li>\n<\/ul>\n<p data-fontsize=\"16\"><strong>Kimlik Do\u011frulama ve Yetkilendirme<\/strong><\/p>\n<ul class=\"wp-block-list\">\n<li><strong>G\u00fc\u00e7l\u00fc Parolalar: <\/strong>Hesab\u0131n\u0131z\u0131 korumak i\u00e7in g\u00fc\u00e7l\u00fc parola politikalar\u0131 uyguluyoruz.<\/li>\n<li><strong>\u0130ki Fakt\u00f6rl\u00fc Kimlik Do\u011frulama (2FA):<\/strong> Ek g\u00fcvenlik i\u00e7in 2FA sunuyoruz.<\/li>\n<li><strong>Rol Tabanl\u0131 Eri\u015fim Kontrol\u00fc (RBAC): <\/strong>Kaynaklara eri\u015fim, kullan\u0131c\u0131 rollerine g\u00f6re s\u0131n\u0131rland\u0131r\u0131l\u0131r.<\/li>\n<\/ul>\n<p data-fontsize=\"16\"><strong>Oturum Y\u00f6netimi<\/strong><\/p>\n<ul class=\"wp-block-list\">\n<li><strong>G\u00fcvenli Oturum Kimlikleri<\/strong>: G\u00fcvenli \u00e7erezlerde saklanan g\u00fcvenli, rastgele olu\u015fturulmu\u015f oturum kimliklerini kullan\u0131r\u0131z.<\/li>\n<li><strong>Oturum Zaman A\u015f\u0131m\u0131:<\/strong> Kullan\u0131c\u0131lar belirli bir s\u00fcre i\u015flem yapmad\u0131ktan sonra otomatik olarak oturumu kapat\u0131r.<\/li>\n<li><strong>Oturum Korsanl\u0131\u011f\u0131 \u00d6nleme: <\/strong>\u00d6zellikle oturum a\u00e7t\u0131ktan sonra oturum kimliklerini d\u00fczenli olarak yeniden olu\u015fturuyoruz.<\/li>\n<\/ul>\n<p data-fontsize=\"16\"><strong>Veri Koruma<\/strong><\/p>\n<ul class=\"wp-block-list\">\n<li><strong>\u015eifreleme:<\/strong> Hassas verileri hem aktar\u0131m s\u0131ras\u0131nda hem de beklemede \u015fifreleriz.<\/li>\n<li><strong>Parola Hashing:<\/strong> Parolalar g\u00fc\u00e7l\u00fc, tek y\u00f6nl\u00fc hashing algoritmalar\u0131 kullan\u0131larak saklan\u0131r.<\/li>\n<\/ul>\n<p data-fontsize=\"16\"><strong>Hata \u0130\u015fleme ve G\u00fcnl\u00fc\u011fe Kaydetme<\/strong><\/p>\n<ul class=\"wp-block-list\">\n<li><strong>Genel Hata Mesajlar\u0131:<\/strong> Bilgi s\u0131z\u0131nt\u0131s\u0131na kar\u015f\u0131 koruma sa\u011flamak i\u00e7in genel hata mesajlar\u0131 g\u00f6steriyoruz.<\/li>\n<li><strong>Detayl\u0131 G\u00fcnl\u00fckleme<\/strong>: Hatalar, g\u00fcvenli bir konumda ayr\u0131nt\u0131l\u0131 bilgilerle birlikte g\u00fcnl\u00fc\u011fe kaydedilir.<\/li>\n<li><strong>G\u00fcnl\u00fck \u0130zleme<\/strong>: \u015e\u00fcpheli faaliyetler i\u00e7in g\u00fcnl\u00fckleri d\u00fczenli olarak izliyoruz.<\/li>\n<\/ul>\n<p data-fontsize=\"16\"><strong>G\u00fcvenli Kodlama Uygulamalar\u0131<\/strong><\/p>\n<ul class=\"wp-block-list\">\n<li><strong>Kod \u0130ncelemesi: <\/strong>G\u00fcvenlik a\u00e7\u0131klar\u0131n\u0131 belirlemek ve d\u00fczeltmek i\u00e7in d\u00fczenli kod incelemeleri yap\u0131l\u0131r.<\/li>\n<li><strong>G\u00fcvenlik E\u011fitimi<\/strong>: Geli\u015ftiricilerimiz s\u00fcrekli g\u00fcvenlik e\u011fitimi almaktad\u0131r.<\/li>\n<li><strong>G\u00fcvenlik K\u00fct\u00fcphaneleri: <\/strong>Bak\u0131ml\u0131 g\u00fcvenlik k\u00fct\u00fcphaneleri ve \u00e7er\u00e7eveleri kullan\u0131yoruz.<\/li>\n<\/ul>\n<p data-fontsize=\"16\"><strong>Konfig\u00fcrasyon Y\u00f6netimi<\/strong><\/p>\n<ul class=\"wp-block-list\">\n<li><strong>Minimum Ayr\u0131cal\u0131klar:<\/strong> Uygulamalar gerekli olan en az ayr\u0131cal\u0131kla \u00e7al\u0131\u015f\u0131r.<\/li>\n<li><strong>G\u00fcvenli Yap\u0131land\u0131rma: <\/strong>Sunucular\u0131m\u0131z g\u00fcvenli bir \u015fekilde yap\u0131land\u0131r\u0131lm\u0131\u015f ve d\u00fczenli olarak g\u00fcncellenmektedir.<\/li>\n<li><strong>Gereksiz \u00d6zellikleri Devre D\u0131\u015f\u0131 B\u0131rak\u0131n: <\/strong>Riski azaltmak i\u00e7in kullan\u0131lmayan hizmetler ve bile\u015fenler devre d\u0131\u015f\u0131 b\u0131rak\u0131l\u0131r.<\/li>\n<\/ul>\n<p data-fontsize=\"16\"><strong>D\u00fczenli G\u00fcvenlik Testleri<\/strong><\/p>\n<ul class=\"wp-block-list\">\n<li><strong>G\u00fcvenlik A\u00e7\u0131\u011f\u0131 Taramas\u0131:<\/strong> G\u00fcvenlik zafiyetlerini belirlemek i\u00e7in d\u00fczenli taramalar yap\u0131l\u0131r.<\/li>\n<li><strong>S\u0131zma Testi:<\/strong> G\u00fcvenli\u011fimizi de\u011ferlendirmek i\u00e7in periyodik s\u0131zma testleri yap\u0131lmaktad\u0131r.<\/li>\n<li><strong>Yama Y\u00f6netimi: <\/strong>G\u00fcvenlik yamalar\u0131 ve g\u00fcncellemeleri derhal uygulan\u0131r.<\/li>\n<\/ul>\n<p data-fontsize=\"16\"><strong>Olay M\u00fcdahalesi<\/strong><\/p>\n<ul class=\"wp-block-list\">\n<li><strong>Olay M\u00fcdahale Plan\u0131:<\/strong> G\u00fcvenlik ihlallerine m\u00fcdahale etmek i\u00e7in ayr\u0131nt\u0131l\u0131 bir plan\u0131m\u0131z var.<\/li>\n<li><strong>D\u00fczenli Tatbikatlar:<\/strong> Haz\u0131rl\u0131kl\u0131 olmay\u0131 sa\u011flamak i\u00e7in olay m\u00fcdahale tatbikatlar\u0131 yap\u0131l\u0131r.<\/li>\n<\/ul>\n<p data-fontsize=\"16\"><strong>Uyum ve Yasal Gereklilikler<\/strong><\/p>\n<ul class=\"wp-block-list\">\n<li><strong>Veri Koruma Yasalar\u0131: <\/strong>\u0130lgili veri koruma yasalar\u0131na ve y\u00f6netmeliklerine uyar\u0131z.<\/li>\n<li><strong>End\u00fcstri Standartlar\u0131:<\/strong> OWASP Top Ten gibi end\u00fcstri standartlar\u0131na ve en iyi uygulamalara ba\u011fl\u0131y\u0131z.<\/li>\n<\/ul>\n<p data-fontsize=\"16\"><strong>Politika \u0130ncelemesi<\/strong><\/p>\n<p data-fontsize=\"16\">G\u00fcvenlik politikam\u0131z, etkinli\u011fini sa\u011flamak i\u00e7in y\u0131ll\u0131k olarak veya herhangi bir \u00f6nemli g\u00fcvenlik olay\u0131ndan sonra g\u00f6zden ge\u00e7irilir.<\/p>\n<p data-fontsize=\"16\">Verileriniz konusunda bize g\u00fcvendi\u011finiz i\u00e7in te\u015fekk\u00fcr ederiz. Bilgilerinizi korumak i\u00e7in en y\u00fcksek g\u00fcvenlik standartlar\u0131n\u0131 s\u00fcrd\u00fcrmeye kararl\u0131y\u0131z. <\/p>\n\t\t\t\t\t\t\t\t<\/div>\n\t\t\t\t<\/div>\n\t\t\t\t\t<\/div>\n\t\t<\/div>\n\t\t\t\t\t<\/div>\n\t\t<\/section>\n\t\t\t\t<\/div>\n\t\t","protected":false},"excerpt":{"rendered":"<p>Web Uygulamas\u0131 G\u00fcvenlik Politikas\u0131 Web uygulamam\u0131za ho\u015f geldiniz! Kullan\u0131c\u0131lar\u0131m\u0131z\u0131n g\u00fcvenli\u011fini ve gizlili\u011fini sa\u011flamay\u0131 taahh\u00fct ediyoruz. A\u015fa\u011f\u0131da, verilerinizi korumak i\u00e7in uygulad\u0131\u011f\u0131m\u0131z temel g\u00fcvenlik \u00f6nlemleri yer almaktad\u0131r. Girdi Do\u011frulama Girdileri Sanitize Edin ve Do\u011frulay\u0131n: SQL enjeksiyonu ve siteler aras\u0131 komut dosyas\u0131 olu\u015fturma (XSS) gibi g\u00fcvenlik tehditlerini \u00f6nlemek i\u00e7in t\u00fcm kullan\u0131c\u0131 girdilerinin uygun \u015fekilde sterilize edilmesini ve do\u011frulanmas\u0131n\u0131 [&hellip;]<\/p>\n","protected":false},"author":1,"featured_media":0,"parent":0,"menu_order":0,"comment_status":"closed","ping_status":"closed","template":"","meta":{"footnotes":""},"class_list":["post-3544","page","type-page","status-publish","hentry"],"_links":{"self":[{"href":"https:\/\/cmylead.com\/tr\/wp-json\/wp\/v2\/pages\/3544","targetHints":{"allow":["GET"]}}],"collection":[{"href":"https:\/\/cmylead.com\/tr\/wp-json\/wp\/v2\/pages"}],"about":[{"href":"https:\/\/cmylead.com\/tr\/wp-json\/wp\/v2\/types\/page"}],"author":[{"embeddable":true,"href":"https:\/\/cmylead.com\/tr\/wp-json\/wp\/v2\/users\/1"}],"replies":[{"embeddable":true,"href":"https:\/\/cmylead.com\/tr\/wp-json\/wp\/v2\/comments?post=3544"}],"version-history":[{"count":1,"href":"https:\/\/cmylead.com\/tr\/wp-json\/wp\/v2\/pages\/3544\/revisions"}],"predecessor-version":[{"id":3545,"href":"https:\/\/cmylead.com\/tr\/wp-json\/wp\/v2\/pages\/3544\/revisions\/3545"}],"wp:attachment":[{"href":"https:\/\/cmylead.com\/tr\/wp-json\/wp\/v2\/media?parent=3544"}],"curies":[{"name":"wp","href":"https:\/\/api.w.org\/{rel}","templated":true}]}}